{"id":46,"date":"2020-07-07T16:16:41","date_gmt":"2020-07-07T14:16:41","guid":{"rendered":"https:\/\/mekruphy.com\/de\/?page_id=46"},"modified":"2022-03-17T12:02:34","modified_gmt":"2022-03-17T11:02:34","slug":"impressum","status":"publish","type":"page","link":"https:\/\/mekruphy.com\/de\/impressum\/","title":{"rendered":"Impressum"},"content":{"rendered":"\n<h2 class=\"wp-block-heading\" id=\"h-angaben-gemass-5-tmg\">Angaben gem\u00e4\u00df \u00a7 5 TMG:<\/h2>\n\n\n\n<p><strong>MEKRUPHY GmbH<\/strong><br>Sch\u00e4fflerstrasse 9<br>85276 Pfaffenhofen a. d. Ilm<br>Deutschland<\/p>\n\n\n\n<p>Telefon: +49 (0) 8441 50420-0&nbsp;<br>Telefax: +49 (0) 8441 50420-29&nbsp;<br>Email: info[[at]]mekruphy.com<\/p>\n\n\n\n<p>Vertreten durch:<br>Dr. Andreas Mettenleiter, Thomas Gigl<br>Handelsregister: HRB 190015, Amtsgericht Ingolstadt<br>UStId-Nummer: DE 128 589 200<\/p>\n\n\n\n<p><strong>Urheberrechte<\/strong><\/p>\n\n\n\n<p>\u00a9 Copyright 2003 MEKRUPHY GmbH, Pfaffenhofen a. d. Ilm (Deutschland). Alle Rechte vorbehalten. S\u00e4mtliche Texte, Bilder, Grafiken, Video-, Animations- und Sounddateien sowie ihre Arrangements unterliegen dem Urheberrecht und anderen Gesetzen zum Schutz geistigen Eigentums. Sie, sowie der Inhalt dieser Webseiten, d\u00fcrfen weder f\u00fcr gewerbliche oder kommerzielle Zwecke noch zur Weitergabe kopiert, ver\u00e4ndert und auf anderen Webseiten verwendet werden. Wir weisen darauf hin, dass einige MEKRUPHY Webseiten Bilder enthalten, die dem Urheberrecht derjenigen unterliegen, die diese der MEKRUPHY GmbH zur Verf\u00fcgung gestellt haben.<\/p>\n\n\n\n<p><strong>Markenrechte<\/strong><\/p>\n\n\n\n<p>Alle auf den Webseiten der MEKRUPHY GmbH erscheinenden Marken und Markenzeichen d\u00fcrfen nur mit der ausdr\u00fccklichen Zustimmung der MEKRUPHY GmbH oder des jeweiligen Markeninhabers verwandt werden.<\/p>\n\n\n\n<p><strong>Haftung und Gew\u00e4hrleistung<\/strong><\/p>\n\n\n\n<p>Alle Informationen auf den Webseiten stellt die MEKRUPHY GmbH ohne jegliche Gew\u00e4hrleistung oder Zusicherung jedweder Art, sei sie ausdr\u00fccklich oder stillschweigend, zur Verf\u00fcgung. Ausgeschlossen sind insbesondere alle, auch stillschweigenden Gew\u00e4hrleistungen betreffend etwaige kommerzielle Nutzung der Inhalte oder die Eignung der Webseiten f\u00fcr bestimmte Zwecke. Diese Webseiten wurden mit gr\u00f6\u00dftm\u00f6glicher Sorgfalt zusammengestellt. Trotzdem kann keine Gew\u00e4hr f\u00fcr die Fehlerfreiheit und Genauigkeit der enthaltenen Informationen \u00fcbernommen werden.<\/p>\n\n\n\n<p>Jegliche Haftung f\u00fcr Sch\u00e4den, die direkt oder indirekt aus der Benutzung dieser Website entstehen, wird ausgeschlossen, soweit diese nicht auf Vorsatz oder grober Fahrl\u00e4ssigkeit beruhen oder eine Verletzung von Leib und Leben verursachen. Die MEKRUPHY GmbH hat nicht alle Informationen, auf die sich die Dokumente st\u00fctzen, selbst gepr\u00fcft und \u00fcbernimmt keine Haftung f\u00fcr Verluste, die durch die Verwendung dieser Informationen verursacht oder mit der Nutzung dieser Informationen im Zusammenhang stehen.<\/p>\n\n\n\n<p><strong>Lizenzen<\/strong><\/p>\n\n\n\n<p>Das auf den Webseiten der MEKRUPHY GmbH enthaltene geistige Eigentum wie Patente, Marken und Urheberrechte ist gesch\u00fctzt. Durch diese Webseiten wird keine Lizenz zur Nutzung des geistigen Eigentums von der MEKRUPHY GmbH oder Dritten erteilt.<\/p>\n\n\n\n<p><strong>Datenschutz<\/strong><\/p>\n\n\n\n<p>Die MEKRUPHY GmbH wird Sie evtl. um die Angabe pers\u00f6nlicher Informationen bitten. Die Beantwortung dieser Fragen ist freiwillig. Ihre pers\u00f6nlichen Daten werden in \u00dcbereinstimmung mit den Datenschutzbestimmungen des Landes, in dem die Website betrieben wird (Bayern), gespeichert.<\/p>\n\n\n\n<p><strong>Hinweis zur Verbraucherschlichtung<\/strong><\/p>\n\n\n\n<p>Alternative Streitbeilegung gem\u00e4\u00df Artikel 14 Absatz 2 ODR-VO und \u00a7 36 VSBG:<br>\u201eDie Europ\u00e4ische Kommission stellt eine Plattform zur Online-Streitbeilegung (OS-Plattform) bereit, die Sie unter https:\/\/ec.europa.eu\/consumers\/odr\/ erreichen. Verbraucher k\u00f6nnen diese Plattform f\u00fcr die Beilegung ihrer Streitigkeiten nutzen.<br>\u201eDie MEKRUPHY GmbH ist zur Teilnahme an einem Streitbeilegungsverfahren vor einer Verbraucherschlichtungsstelle verpflichtet. Zust\u00e4ndig ist die Universalschlichtungsstelle des Bundes,&nbsp;Zentrum&nbsp;f\u00fcr Schlichtung e. V., Stra\u00dfburger Stra\u00dfe 8, 77694 Kehl am Rhein, www.verbraucher-schlichter.de.\u201c<\/p>\n\n\n\n<p><strong>Links und Frames<\/strong><\/p>\n\n\n\n<p>Bei direkten oder indirekten Verweisen auf fremde Internetseiten (&#8222;Links&#8220;), die nicht im Verantwortungsbereich der MEKRUPHY GmbH liegen, macht sich die MEKRUPHY GmbH den Inhalt dieser fremden Webseiten nicht zu eigen. Die MEKRUPHY GmbH erkl\u00e4rt ausdr\u00fccklich, dass zum Zeitpunkt der Aufnahme des entsprechenden Links auf die Webseiten der MEKRUPHY GmbH die entsprechenden verlinkten Seiten frei von illegalen Inhalten waren.<\/p>\n\n\n\n<p>Die MEKRUPHY GmbH hat keinerlei Einfluss auf die aktuelle und zuk\u00fcnftige Gestaltung und auf die Inhalte der verkn\u00fcpften Seiten (&#8222;Links&#8220;). Die MEKRUPHY GmbH distanziert sich hiermit ausdr\u00fccklich von allen Inhalten aller verkn\u00fcpften Seiten (&#8222;Links&#8220;), die nach der Setzung des Links ver\u00e4ndert wurden. Links auf Unterseiten und Unterverzeichnisse von Webseiten der MEKRUPHY GmbH sowie die Einbindung von Webseiten der MEKRUPHY GmbH in eine Rahmenstruktur (&#8222;Frames&#8220;) sind nur nach vorheriger schriftlicher Zustimmung der MEKRUPHY GmbH zul\u00e4ssig.<\/p>\n\n\n\n<p>Alle Informationen und Links auf die nachfolgenden Webseiten stellt die MEKRUPHY GmbH ohne jegliche Gew\u00e4hrleistung oder Zusicherung jedweder Art, sei sie ausdr\u00fccklich oder stillschweigend, zur Verf\u00fcgung. Ausgeschlossen sind insbesondere alle, auch stillschweigenden Gew\u00e4hrleistungen betreffend etwaige kommerzielle Nutzung der Inhalte oder die Eignung der Webseiten f\u00fcr bestimmte Zwecke.<\/p>\n\n\n\n<p>Jegliche Haftung f\u00fcr Sch\u00e4den, die direkt oder indirekt aus der Nutzung der Links entstehen, wird jedoch ausgeschlossen, soweit diese nicht auf Vorsatz oder grober Fahrl\u00e4ssigkeit beruhen oder eine Verletzung von Leib und Leben verursachen.<\/p>\n","protected":false},"excerpt":{"rendered":"<p>Angaben gem\u00e4\u00df \u00a7 5 TMG: MEKRUPHY GmbHSch\u00e4fflerstrasse 985276 Pfaffenhofen a. d. IlmDeutschland Telefon: +49 (0) 8441 50420-0&nbsp;Telefax: +49 (0) 8441 50420-29&nbsp;Email: info[[at]]mekruphy.com Vertreten durch:Dr. Andreas Mettenleiter, Thomas GiglHandelsregister: HRB 190015, Amtsgericht IngolstadtUStId-Nummer: DE 128 589 200 Urheberrechte \u00a9 Copyright 2003 MEKRUPHY GmbH, Pfaffenhofen a. d. Ilm (Deutschland). Alle Rechte vorbehalten. S\u00e4mtliche Texte, Bilder, Grafiken, Video-, [&hellip;]<\/p>\n","protected":false},"author":1,"featured_media":0,"parent":0,"menu_order":0,"comment_status":"closed","ping_status":"closed","template":"","meta":{"_acf_changed":false,"_coblocks_attr":"","_coblocks_dimensions":"","_coblocks_responsive_height":"","_coblocks_accordion_ie_support":"","_eb_attr":"","advgb_blocks_editor_width":"","advgb_blocks_columns_visual_guide":"","footnotes":""},"class_list":["post-46","page","type-page","status-publish","hentry"],"acf":[],"yoast_head":"<!-- This site is optimized with the Yoast SEO plugin v27.4 - https:\/\/yoast.com\/product\/yoast-seo-wordpress\/ -->\n<title>Impressum - MEKRUPHY GmbH<\/title>\n<meta name=\"robots\" content=\"index, follow, max-snippet:-1, max-image-preview:large, max-video-preview:-1\" \/>\n<link rel=\"canonical\" href=\"https:\/\/mekruphy.com\/de\/impressum\/\" \/>\n<meta property=\"og:locale\" content=\"de_DE\" \/>\n<meta property=\"og:type\" content=\"article\" \/>\n<meta property=\"og:title\" content=\"Impressum - MEKRUPHY GmbH\" \/>\n<meta property=\"og:description\" content=\"Angaben gem\u00e4\u00df \u00a7 5 TMG: MEKRUPHY GmbHSch\u00e4fflerstrasse 985276 Pfaffenhofen a. d. IlmDeutschland Telefon: +49 (0) 8441 50420-0&nbsp;Telefax: +49 (0) 8441 50420-29&nbsp;Email: info[[at]]mekruphy.com Vertreten durch:Dr. Andreas Mettenleiter, Thomas GiglHandelsregister: HRB 190015, Amtsgericht IngolstadtUStId-Nummer: DE 128 589 200 Urheberrechte \u00a9 Copyright 2003 MEKRUPHY GmbH, Pfaffenhofen a. d. Ilm (Deutschland). Alle Rechte vorbehalten. S\u00e4mtliche Texte, Bilder, Grafiken, Video-, [&hellip;]\" \/>\n<meta property=\"og:url\" content=\"https:\/\/mekruphy.com\/de\/impressum\/\" \/>\n<meta property=\"og:site_name\" content=\"MEKRUPHY GmbH\" \/>\n<meta property=\"article:modified_time\" content=\"2022-03-17T11:02:34+00:00\" \/>\n<meta name=\"twitter:card\" content=\"summary_large_image\" \/>\n<meta name=\"twitter:label1\" content=\"Gesch\u00e4tzte Lesezeit\" \/>\n\t<meta name=\"twitter:data1\" content=\"4\u00a0Minuten\" \/>\n<script type=\"application\/ld+json\" class=\"yoast-schema-graph\">{\"@context\":\"https:\\\/\\\/schema.org\",\"@graph\":[{\"@type\":\"WebPage\",\"@id\":\"https:\\\/\\\/mekruphy.com\\\/de\\\/impressum\\\/\",\"url\":\"https:\\\/\\\/mekruphy.com\\\/de\\\/impressum\\\/\",\"name\":\"Impressum - MEKRUPHY GmbH\",\"isPartOf\":{\"@id\":\"https:\\\/\\\/mekruphy.com\\\/de\\\/#website\"},\"datePublished\":\"2020-07-07T14:16:41+00:00\",\"dateModified\":\"2022-03-17T11:02:34+00:00\",\"breadcrumb\":{\"@id\":\"https:\\\/\\\/mekruphy.com\\\/de\\\/impressum\\\/#breadcrumb\"},\"inLanguage\":\"de\",\"potentialAction\":[{\"@type\":\"ReadAction\",\"target\":[\"https:\\\/\\\/mekruphy.com\\\/de\\\/impressum\\\/\"]}]},{\"@type\":\"BreadcrumbList\",\"@id\":\"https:\\\/\\\/mekruphy.com\\\/de\\\/impressum\\\/#breadcrumb\",\"itemListElement\":[{\"@type\":\"ListItem\",\"position\":1,\"name\":\"Startseite\",\"item\":\"https:\\\/\\\/mekruphy.com\\\/de\\\/\"},{\"@type\":\"ListItem\",\"position\":2,\"name\":\"Impressum\"}]},{\"@type\":\"WebSite\",\"@id\":\"https:\\\/\\\/mekruphy.com\\\/de\\\/#website\",\"url\":\"https:\\\/\\\/mekruphy.com\\\/de\\\/\",\"name\":\"MEKRUPHY GmbH\",\"description\":\"Sch\u00fcler-Experimentierk\u00e4sten f\u00fcr den MINT-Unterricht\",\"potentialAction\":[{\"@type\":\"SearchAction\",\"target\":{\"@type\":\"EntryPoint\",\"urlTemplate\":\"https:\\\/\\\/mekruphy.com\\\/de\\\/?s={search_term_string}\"},\"query-input\":{\"@type\":\"PropertyValueSpecification\",\"valueRequired\":true,\"valueName\":\"search_term_string\"}}],\"inLanguage\":\"de\"}]}<\/script>\n<!-- \/ Yoast SEO plugin. -->","yoast_head_json":{"title":"Impressum - MEKRUPHY GmbH","robots":{"index":"index","follow":"follow","max-snippet":"max-snippet:-1","max-image-preview":"max-image-preview:large","max-video-preview":"max-video-preview:-1"},"canonical":"https:\/\/mekruphy.com\/de\/impressum\/","og_locale":"de_DE","og_type":"article","og_title":"Impressum - MEKRUPHY GmbH","og_description":"Angaben gem\u00e4\u00df \u00a7 5 TMG: MEKRUPHY GmbHSch\u00e4fflerstrasse 985276 Pfaffenhofen a. d. IlmDeutschland Telefon: +49 (0) 8441 50420-0&nbsp;Telefax: +49 (0) 8441 50420-29&nbsp;Email: info[[at]]mekruphy.com Vertreten durch:Dr. Andreas Mettenleiter, Thomas GiglHandelsregister: HRB 190015, Amtsgericht IngolstadtUStId-Nummer: DE 128 589 200 Urheberrechte \u00a9 Copyright 2003 MEKRUPHY GmbH, Pfaffenhofen a. d. Ilm (Deutschland). Alle Rechte vorbehalten. S\u00e4mtliche Texte, Bilder, Grafiken, Video-, [&hellip;]","og_url":"https:\/\/mekruphy.com\/de\/impressum\/","og_site_name":"MEKRUPHY GmbH","article_modified_time":"2022-03-17T11:02:34+00:00","twitter_card":"summary_large_image","twitter_misc":{"Gesch\u00e4tzte Lesezeit":"4\u00a0Minuten"},"schema":{"@context":"https:\/\/schema.org","@graph":[{"@type":"WebPage","@id":"https:\/\/mekruphy.com\/de\/impressum\/","url":"https:\/\/mekruphy.com\/de\/impressum\/","name":"Impressum - MEKRUPHY GmbH","isPartOf":{"@id":"https:\/\/mekruphy.com\/de\/#website"},"datePublished":"2020-07-07T14:16:41+00:00","dateModified":"2022-03-17T11:02:34+00:00","breadcrumb":{"@id":"https:\/\/mekruphy.com\/de\/impressum\/#breadcrumb"},"inLanguage":"de","potentialAction":[{"@type":"ReadAction","target":["https:\/\/mekruphy.com\/de\/impressum\/"]}]},{"@type":"BreadcrumbList","@id":"https:\/\/mekruphy.com\/de\/impressum\/#breadcrumb","itemListElement":[{"@type":"ListItem","position":1,"name":"Startseite","item":"https:\/\/mekruphy.com\/de\/"},{"@type":"ListItem","position":2,"name":"Impressum"}]},{"@type":"WebSite","@id":"https:\/\/mekruphy.com\/de\/#website","url":"https:\/\/mekruphy.com\/de\/","name":"MEKRUPHY GmbH","description":"Sch\u00fcler-Experimentierk\u00e4sten f\u00fcr den MINT-Unterricht","potentialAction":[{"@type":"SearchAction","target":{"@type":"EntryPoint","urlTemplate":"https:\/\/mekruphy.com\/de\/?s={search_term_string}"},"query-input":{"@type":"PropertyValueSpecification","valueRequired":true,"valueName":"search_term_string"}}],"inLanguage":"de"}]}},"coauthors":[],"author_meta":{"author_link":"https:\/\/mekruphy.com\/de\/author\/mwbsca\/","display_name":"mwbscA"},"relative_dates":{"created":"Ver\u00f6ffentlicht 6\u00a0Jahren vor","modified":"Aktualisiert 4\u00a0Jahren vor"},"absolute_dates":{"created":"Ver\u00f6ffentlicht am 7. Juli 2020","modified":"Aktualisiert am 17. M\u00e4rz 2022"},"absolute_dates_time":{"created":"Ver\u00f6ffentlicht am 7. Juli 2020 16:16","modified":"Aktualisiert am 17. M\u00e4rz 2022 12:02"},"featured_img_caption":"","featured_img":false,"series_order":"","_links":{"self":[{"href":"https:\/\/mekruphy.com\/de\/wp-json\/wp\/v2\/pages\/46","targetHints":{"allow":["GET"]}}],"collection":[{"href":"https:\/\/mekruphy.com\/de\/wp-json\/wp\/v2\/pages"}],"about":[{"href":"https:\/\/mekruphy.com\/de\/wp-json\/wp\/v2\/types\/page"}],"author":[{"embeddable":true,"href":"https:\/\/mekruphy.com\/de\/wp-json\/wp\/v2\/users\/1"}],"replies":[{"embeddable":true,"href":"https:\/\/mekruphy.com\/de\/wp-json\/wp\/v2\/comments?post=46"}],"version-history":[{"count":6,"href":"https:\/\/mekruphy.com\/de\/wp-json\/wp\/v2\/pages\/46\/revisions"}],"predecessor-version":[{"id":6427,"href":"https:\/\/mekruphy.com\/de\/wp-json\/wp\/v2\/pages\/46\/revisions\/6427"}],"wp:attachment":[{"href":"https:\/\/mekruphy.com\/de\/wp-json\/wp\/v2\/media?parent=46"}],"curies":[{"name":"wp","href":"https:\/\/api.w.org\/{rel}","templated":true}]}}