{"id":464,"date":"2020-07-15T12:55:14","date_gmt":"2020-07-15T10:55:14","guid":{"rendered":"https:\/\/mekruphy.com\/de\/experimentiersatz-chemie-7-addestation-mga\/"},"modified":"2026-03-27T13:07:23","modified_gmt":"2026-03-27T12:07:23","slug":"experimentiersatz-chemie-7-addestation-wireless","status":"publish","type":"page","link":"https:\/\/mekruphy.com\/de\/produkte\/chemie\/experimentiersatz-chemie-7-addestation-wireless\/","title":{"rendered":"Experimentiersatz CHEMIE 7 ADDESTATION wireless"},"content":{"rendered":"<div class=\"yoast-breadcrumbs breadcrumbs-indented\"><span><span><a href=\"https:\/\/mekruphy.com\/de\/\">Startseite<\/a><\/span> \u00bb <span><a href=\"https:\/\/mekruphy.com\/de\/produkte\/\">Produkte<\/a><\/span> \u00bb <span><a href=\"https:\/\/mekruphy.com\/de\/produkte\/chemie\/\">Chemie<\/a><\/span> \u00bb <span class=\"breadcrumb_last\" aria-current=\"page\">Experimentiersatz CHEMIE 7 ADDESTATION wireless<\/span><\/span><\/div>\n\n\n<div class=\"wp-block-advgb-adv-tabs advgb-tabs-wrapper advgb-tab-horz-desktop advgb-tab-vert-tablet advgb-tab-stack-mobile advgb-tabs-3837302d-b08a-43a0-912d-dd5a011435b5\" data-tab-active=\"0\"><ul class=\"advgb-tabs-panel\" role=\"tablist\"><li class=\"advgb-tab advgb-tab-active\" role=\"presentation\" style=\"background-color:#e0e0e0;border-style:solid;border-width:1px;border-radius:10px\"><button class=\"advgb-tab-button\" id=\"advgb-tab-_37302d-b0-0\" aria-controls=\"advgb-tab-panel-_37302d-b0-0\" role=\"tab\" aria-selected=\"true\" tabindex=\"0\" style=\"color:#fff;background:none;border:none;width:100%;text-align:inherit;cursor:pointer;padding:8px 16px;font:inherit\"><span>Beschreibung<\/span><\/button><\/li><li class=\"advgb-tab \" role=\"presentation\" style=\"background-color:#e0e0e0;border-style:solid;border-width:1px;border-radius:10px\"><button class=\"advgb-tab-button\" id=\"advgb-tab-_37302d-b0-1\" aria-controls=\"advgb-tab-panel-_37302d-b0-1\" role=\"tab\" aria-selected=\"false\" tabindex=\"0\" style=\"color:#fff;background:none;border:none;width:100%;text-align:inherit;cursor:pointer;padding:8px 16px;font:inherit\"><span>Lieferumfang<\/span><\/button><\/li><li class=\"advgb-tab \" role=\"presentation\" style=\"background-color:#e0e0e0;border-style:solid;border-width:1px;border-radius:10px\"><button class=\"advgb-tab-button\" id=\"advgb-tab-_37302d-b0-2\" aria-controls=\"advgb-tab-panel-_37302d-b0-2\" role=\"tab\" aria-selected=\"false\" tabindex=\"0\" style=\"color:#fff;background:none;border:none;width:100%;text-align:inherit;cursor:pointer;padding:8px 16px;font:inherit\"><span>Experimente<\/span><\/button><\/li><li class=\"advgb-tab \" role=\"presentation\" style=\"background-color:#e0e0e0;border-style:solid;border-width:1px;border-radius:10px\"><button class=\"advgb-tab-button\" id=\"advgb-tab-_37302d-b0-3\" aria-controls=\"advgb-tab-panel-_37302d-b0-3\" role=\"tab\" aria-selected=\"false\" tabindex=\"0\" style=\"color:#fff;background:none;border:none;width:100%;text-align:inherit;cursor:pointer;padding:8px 16px;font:inherit\"><span>Bilder<\/span><\/button><\/li><\/ul><div class=\"advgb-tab-body-wrapper\" style=\"border-style:solid;border-width:1px;border-radius:10px\">\n<div class=\"wp-block-advgb-tab advgb-tab-body-container\"><div class=\"advgb-tab-body-header advgb-tab-class- header-active\" id=\"advgb-tab-panel-_37302d-b0-0\" role=\"tabpanel\" aria-labelledby=\"advgb-tab-_37302d-b0-0\" tabindex=\"0\"><span>Beschreibung<\/span><\/div><div class=\"advgb-tab-_37302d-b0 advgb-tab-body\" aria-labelledby=\"advgb-tab-panel-_37302d-b0-0\" style=\"display:block\">\n<h2 class=\"wp-block-heading\" id=\"das-mga-in-der-chemie\">Digitale Messwerterfassung in der Chemie\u00a0<\/h2>\n\n\n\n<p>Sensoren und Analyseautomaten pr\u00e4gen heute den Alltag in chemischen Laboratorien. Wer sich mit Fl\u00fcssigkeitsthermometer, Lackmusspapier und pH-Indikatorl\u00f6sung mit den Grundprinzipien der Messungen vertraut gemacht hat, wei\u00df die Vorteile moderner digitaler Messger\u00e4te und Messmethoden umso mehr zu sch\u00e4tzen: Der MEKRUPHY-Experimentiersatz CEMIE 7 enth\u00e4lt sieben hochentwickelte\u00a0Sensoren, die Messdaten viel genauer erfassen. Mit Hilfe der kostenfrei zug\u00e4nglichen Software\u00a0k\u00f6nnen die Messwerte dazu wesentlich einfacher und schneller auswertet werden.\u00a0<\/p>\n\n\n\n<p>Besonders bei den Titrationsexperimenten zeigt sich der gro\u00dfe Vorteil der <em>wireless <\/em>Sensoren, da die Messdaten von bis zu vier Sensoren gleichzeitig erfasst werden k\u00f6nnen. Beispielsweise lassen sich der zeitliche Verlauf des momentan zugegebenen Volumens durch den Tropfenz\u00e4hlsensor und die Messwerte der elektrischer Leitf\u00e4higkeit und des pH-Werts der zu neutralisierenden L\u00f6sung sehr anschaulich durch verschiedene Farben der jeweiligen Graphen im Koordinatensystem anzeigen. Aber auch:\u00a0<\/p>\n\n\n\n<ul class=\"wp-block-list\">\n<li>die Neutralisationsw\u00e4rme\u00a0<\/li>\n\n\n\n<li>die Abh\u00e4ngigkeit der Reaktionsgeschwindigkeit von Oberfl\u00e4che, Temperatur und Konzentration\u00a0\u00a0<\/li>\n\n\n\n<li>die Temperaturerh\u00f6hung durch die Ionisation\u00a0<\/li>\n<\/ul>\n\n\n\n<p>k\u00f6nnen dargestellt werden.<\/p>\n\n\n\n<h3 class=\"wp-block-heading\" id=\"weiteres-zubehor-erforderlich\">Weiteres Zubeh\u00f6r erforderlich<\/h3>\n\n\n\n<p>F\u00fcr die Arbeit mit dem Experimentiersatz CHEMIE 7 werden neben den erforderlichen Chemikalien die Basisk\u00e4sten <a href=\"https:\/\/mekruphy.com\/de\/produkte\/chemie\/chemie-basisausruestung\/basisausruestung-chemie-kasten-c1\/\">C1<\/a> und <a href=\"https:\/\/mekruphy.com\/de\/produkte\/chemie\/chemie-basisausruestung\/basisausruestung-chemie-kasten-c2\/\">C2<\/a> ben\u00f6tigt, die nicht im Lieferumfang enthalten sind.<\/p>\n\n\n\n<h3 class=\"wp-block-heading\" id=\"h-begleitmaterialien\">Begleitmaterialien<\/h3>\n\n\n\n<p>Passend zum Experimentiersatz CHEMIE 7 ADDESTATION sind auch ein <a href=\"https:\/\/mekruphy.com\/de\/produkte\/chemie\/chemie-arbeitshefte\/\">Sch\u00fclerheft<\/a> und ein <a href=\"https:\/\/mekruphy.com\/de\/produkte\/chemie\/chemie-arbeitshefte\/\">Lehrerheft<\/a> mit didaktischen Anweisungen und L\u00f6sungen in analoger Form erh\u00e4ltlich. Das Sch\u00fclerheft ist auch in digitaler Form erwerbbar.<\/p>\n<\/div><\/div>\n\n\n\n<div class=\"wp-block-advgb-tab advgb-tab-body-container\"><div class=\"advgb-tab-body-header advgb-tab-class- \" id=\"advgb-tab-panel-_37302d-b0-1\" role=\"tabpanel\" aria-labelledby=\"advgb-tab-_37302d-b0-1\" tabindex=\"0\"><span>Lieferumfang<\/span><\/div><div class=\"advgb-tab-_37302d-b0 advgb-tab-body\" aria-labelledby=\"advgb-tab-panel-_37302d-b0-1\" style=\"display:none\">\n<figure class=\"wp-block-table table-product-contents\"><table><tbody><tr><td>01.01.10<\/td><td>Aufbewahrungskasten<\/td><\/tr><tr><td>23.02.00<\/td><td>Ger\u00e4tegeformter Einsatz C7<\/td><\/tr><tr><td>23.04.00<\/td><td>Temperatur-Sensor<\/td><\/tr><tr><td>06.06.00<\/td><td>Deckel als Elektrodenhalter<\/td><\/tr><tr><td>06.07.00<\/td><td>Plattenelektrode Zink E1<\/td><\/tr><tr><td>06.08.00<\/td><td>Plattenelektrode Kupfer E1 (2 St\u00fcck)<\/td><\/tr><tr><td>23.08.70<\/td><td>Kombinierter Spannungs-Stromst\u00e4rke-Sensor <em>wireless <\/em>mit Display<\/td><\/tr><tr><td>23.09.70<\/td><td>pH-Sensor <em>wireless<\/em> mit Display<\/td><\/tr><tr><td>23.09.10<\/td><td>Schraubdeckel<\/td><\/tr><tr><td>22.10.00<\/td><td>Plattenelektrode Eisen C4<\/td><\/tr><tr><td>23.10.70<\/td><td>Leitf\u00e4higkeits-Sensor <em>wireless<\/em> mit Display<\/td><\/tr><tr><td>23.11.00<\/td><td>Kolorimeter<\/td><\/tr><tr><td>23.12.00<\/td><td>Kolorimeter-K\u00fcvette (8 St\u00fcck)<\/td><\/tr><tr><td>23.13.00<\/td><td>B\u00fcrette<\/td><\/tr><tr><td>23.13.10<\/td><td>Einwegehahnsystem mit Spitze<\/td><\/tr><tr><td>23.14.50<\/td><td>Tropfenz\u00e4hl-Sensor <em>wireless<\/em><\/td><\/tr><tr><td>23.15.00<\/td><td>Kalorimeter<\/td><\/tr><tr><td>23.16.00<\/td><td>Magnetr\u00fchrst\u00e4bchen<\/td><\/tr><tr><td>71.16.50<\/td><td>Kohlenstoffdioxid-Sensor <em>wireless<\/em><\/td><\/tr><tr><td>71.17.50<\/td><td>Luftfeuchtigkeits-Sensor <em>wireless <\/em>(2 St\u00fcck)<\/td><\/tr><tr><td>06.24.20<\/td><td>Experimentierkabel 25 cm blau (3 St\u00fcck)<\/td><\/tr><\/tbody><\/table><\/figure>\n\n\n\n<h3 class=\"wp-block-heading\" id=\"zusatzlich-erforderlich\">Zus\u00e4tzlich erforderlich:<\/h3>\n\n\n\n<figure class=\"wp-block-table table-product-contents\"><table><tbody><tr><td>00.01.20<\/td><td><a href=\"https:\/\/mekruphy.com\/de\/produkte\/addestation\/addestation-zubehoer#digitalwaage\">Digitalwaage&nbsp;PRECISION 500<\/a>&nbsp;<\/td><\/tr><tr><td>00.05.10<\/td><td><a href=\"https:\/\/mekruphy.com\/de\/produkte\/addestation\/addestation-spannungsversorgung\/\">Kleinspannungsnetzger\u00e4t&nbsp;MKS 2.4<\/a> &nbsp;&nbsp;oder &nbsp; 00.05.20&nbsp;<a href=\"https:\/\/mekruphy.com\/de\/produkte\/addestation\/addestation-spannungsversorgung\/\">Kleinspannungsnetzger\u00e4t&nbsp;MKS 3.1<\/a>&nbsp;<\/td><\/tr><tr><td>00.23.00<\/td><td><a href=\"https:\/\/mekruphy.com\/de\/produkte\/addestation\/addestation-zubehoer#universalstativ\">Universalstativ<\/a>&nbsp;<\/td><\/tr><tr><td>00.25.00<\/td><td>Magnetr\u00fchrer<\/td><\/tr><tr><td>20.00.00<\/td><td><a href=\"https:\/\/mekruphy.com\/de\/produkte\/chemie\/chemie-basisausruestung\/basisausruestung-chemie-kasten-c1\/\">Basisausr\u00fcstung&nbsp;Kasten C1<\/a>&nbsp;<\/td><\/tr><tr><td>21.00.00<\/td><td><a href=\"https:\/\/mekruphy.com\/de\/produkte\/chemie\/chemie-basisausruestung\/basisausruestung-chemie-kasten-c2\/\">Basisausr\u00fcstung Kasten C2<\/a><\/td><\/tr><\/tbody><\/table><\/figure>\n\n\n\n<p><\/p>\n<\/div><\/div>\n\n\n\n<div class=\"wp-block-advgb-tab advgb-tab-body-container\"><div class=\"advgb-tab-body-header advgb-tab-class- \" id=\"advgb-tab-panel-_37302d-b0-2\" role=\"tabpanel\" aria-labelledby=\"advgb-tab-_37302d-b0-2\" tabindex=\"0\"><span>Experimente<\/span><\/div><div class=\"advgb-tab-_37302d-b0 advgb-tab-body\" aria-labelledby=\"advgb-tab-panel-_37302d-b0-2\" style=\"display:none\">\n<p><\/p>\n\n\n\n<figure class=\"wp-block-table table-product-experiments\"><table><tbody><tr><td>C7-0<\/td><td>Kalibrierung des Tropfenz\u00e4hl-Sensors\u00a0<\/td><\/tr><tr><td>C7-1<\/td><td>Ionenbindung und kovalente Bindung\u00a0<\/td><\/tr><tr><td>C7-2<\/td><td>Starke, schwache und Nicht-Elektrolyte\u00a0<\/td><\/tr><tr><td>C7-3<\/td><td>Galvanische Elemente\u00a0<\/td><\/tr><tr><td>C7-4<\/td><td>Konzentration und\u00a0Leitf\u00e4higkeit\u00a0<\/td><\/tr><tr><td>C7-5<\/td><td>Gefrieren und Schmelzen\u00a0<\/td><\/tr><tr><td>C7-6<\/td><td>Salze in Wasser\u00a0<\/td><\/tr><tr><td>C7-7<\/td><td>Endotherme und exotherme\u00a0Reaktionen<\/td><\/tr><tr><td>C7-8<\/td><td>Neutralisationsw\u00e4rme\u00a0<\/td><\/tr><tr><td>C7-9<\/td><td>Reaktionsgeschwindigkeit und Oberfl\u00e4che<\/td><\/tr><tr><td>C7-10<\/td><td>Reaktionsgeschwindigkeit und Temperatur\u00a0<\/td><\/tr><tr><td>C7-11<\/td><td>Reaktionsgeschwindigkeit und Konzentration<\/td><\/tr><tr><td>C7-12<\/td><td>S\u00e4ure oder Base<\/td><\/tr><tr><td>C7-13<\/td><td>Temperaturerh\u00f6hung und Ionisation einer S\u00e4ure\u00a0<\/td><\/tr><tr><td>C7-14<\/td><td>Titration 1<\/td><\/tr><tr><td>C7-15<\/td><td>Titration 2<\/td><\/tr><tr><td>C7-16<\/td><td>Titration 3<\/td><\/tr><tr><td>C7-17<\/td><td>Kolorimetrie<\/td><\/tr><tr><td>C7-18<\/td><td>Titration 4<\/td><\/tr><tr><td>C7-19<\/td><td>Titration 5<\/td><\/tr><tr><td>C7-20<\/td><td>Titration 6<\/td><\/tr><tr><td>C7-21<\/td><td>Titration 7<\/td><\/tr><tr><td>C7-22<\/td><td>Titration 8<\/td><\/tr><\/tbody><\/table><\/figure>\n<\/div><\/div>\n\n\n\n<div class=\"wp-block-advgb-tab advgb-tab-body-container\"><div class=\"advgb-tab-body-header advgb-tab-class-undefined \" id=\"advgb-tab-panel-_37302d-b0-3\" role=\"tabpanel\" aria-labelledby=\"advgb-tab-_37302d-b0-3\" tabindex=\"0\"><span>Bilder<\/span><\/div><div class=\"advgb-tab-_37302d-b0 advgb-tab-body\" aria-labelledby=\"advgb-tab-panel-_37302d-b0-3\" style=\"display:none\">\n<p>&nbsp;<\/p>\n\n\n<div class=\"wp-block-image\">\n<figure class=\"aligncenter size-large is-resized\"><img loading=\"lazy\" decoding=\"async\" width=\"402\" height=\"534\" src=\"https:\/\/mekruphy.com\/de\/wp-content\/uploads\/2021\/03\/C7_2.png\" alt=\"MGA Display\" class=\"wp-image-3175\" style=\"width:421px;height:559px\" srcset=\"https:\/\/mekruphy.com\/de\/wp-content\/uploads\/2021\/03\/C7_2.png 402w, https:\/\/mekruphy.com\/de\/wp-content\/uploads\/2021\/03\/C7_2-226x300.png 226w\" sizes=\"auto, (max-width: 402px) 100vw, 402px\" \/><\/figure>\n<\/div>\n\n\n<p>&nbsp;<\/p>\n\n\n<div class=\"wp-block-image\">\n<figure class=\"aligncenter size-large is-resized\"><img loading=\"lazy\" decoding=\"async\" width=\"457\" height=\"605\" src=\"https:\/\/mekruphy.com\/de\/wp-content\/uploads\/2021\/03\/C7_3.png\" alt=\"MGA Display\" class=\"wp-image-3176\" style=\"width:421px;height:557px\" srcset=\"https:\/\/mekruphy.com\/de\/wp-content\/uploads\/2021\/03\/C7_3.png 457w, https:\/\/mekruphy.com\/de\/wp-content\/uploads\/2021\/03\/C7_3-227x300.png 227w\" sizes=\"auto, (max-width: 457px) 100vw, 457px\" \/><\/figure>\n<\/div>\n\n\n<p>&nbsp;<\/p>\n\n\n<div class=\"wp-block-image\">\n<figure class=\"aligncenter size-large is-resized\"><img loading=\"lazy\" decoding=\"async\" width=\"628\" height=\"628\" src=\"https:\/\/mekruphy.com\/de\/wp-content\/uploads\/2021\/03\/C7_4.png\" alt=\"Sch\u00fclerexperiment Chemie 7\" class=\"wp-image-3177\" style=\"width:510px;height:510px\" srcset=\"https:\/\/mekruphy.com\/de\/wp-content\/uploads\/2021\/03\/C7_4.png 628w, https:\/\/mekruphy.com\/de\/wp-content\/uploads\/2021\/03\/C7_4-300x300.png 300w, https:\/\/mekruphy.com\/de\/wp-content\/uploads\/2021\/03\/C7_4-150x150.png 150w\" sizes=\"auto, (max-width: 628px) 100vw, 628px\" \/><\/figure>\n<\/div><\/div><\/div>\n<\/div><\/div>\n\n\n\n<p><\/p>\n<style class=\"advgb-styles-renderer\">.advgb-tabs-3837302d-b08a-43a0-912d-dd5a011435b5 ul.advgb-tabs-panel li.advgb-tab.advgb-tab-active {background-color:#5954d6 !important;color:#fff !important;}#advgb-tabs-3837302d-b08a-43a0-912d-dd5a011435b5 .advgb-tab-body-header.header-active, .advgb-tabs-3837302d-b08a-43a0-912d-dd5a011435b5 .advgb-tab-body-header.header-active{background-color:#5954d6 !important;color:#fff !important;}<\/style>","protected":false},"excerpt":{"rendered":"","protected":false},"author":3,"featured_media":1722,"parent":627,"menu_order":0,"comment_status":"closed","ping_status":"closed","template":"templates\/product.php","meta":{"_acf_changed":false,"_coblocks_attr":"","_coblocks_dimensions":"","_coblocks_responsive_height":"","_coblocks_accordion_ie_support":"","_eb_attr":"","advgb_blocks_editor_width":"","advgb_blocks_columns_visual_guide":"","footnotes":""},"class_list":["post-464","page","type-page","status-publish","has-post-thumbnail","hentry"],"acf":[],"yoast_head":"<!-- This site is optimized with the Yoast SEO plugin v27.4 - https:\/\/yoast.com\/product\/yoast-seo-wordpress\/ -->\n<title>Experimentiersatz CHEMIE 7 ADDESTATION wireless - MEKRUPHY GmbH<\/title>\n<meta name=\"description\" content=\"Besonders bei den Titrationsexperimenten zeigt sich der gro\u00dfe Vorteil der wireless Sensoren, die im CHEMIE 7 Kasten enthalten sind.\" \/>\n<meta name=\"robots\" content=\"index, follow, max-snippet:-1, max-image-preview:large, max-video-preview:-1\" \/>\n<link rel=\"canonical\" href=\"https:\/\/mekruphy.com\/de\/produkte\/chemie\/experimentiersatz-chemie-7-addestation-wireless\/\" \/>\n<meta property=\"og:locale\" content=\"de_DE\" \/>\n<meta property=\"og:type\" content=\"article\" \/>\n<meta property=\"og:title\" content=\"Experimentiersatz CHEMIE 7 ADDESTATION wireless - MEKRUPHY GmbH\" \/>\n<meta property=\"og:description\" content=\"Besonders bei den Titrationsexperimenten zeigt sich der gro\u00dfe Vorteil der wireless Sensoren, die im CHEMIE 7 Kasten enthalten sind.\" \/>\n<meta property=\"og:url\" content=\"https:\/\/mekruphy.com\/de\/produkte\/chemie\/experimentiersatz-chemie-7-addestation-wireless\/\" \/>\n<meta property=\"og:site_name\" content=\"MEKRUPHY GmbH\" \/>\n<meta property=\"article:modified_time\" content=\"2026-03-27T12:07:23+00:00\" \/>\n<meta property=\"og:image\" content=\"https:\/\/mekruphy.com\/de\/wp-content\/uploads\/2020\/07\/Kasten-Chemie-mit-Addestation.jpg\" \/>\n\t<meta property=\"og:image:width\" content=\"1800\" \/>\n\t<meta property=\"og:image:height\" content=\"1390\" \/>\n\t<meta property=\"og:image:type\" content=\"image\/jpeg\" \/>\n<meta name=\"twitter:card\" content=\"summary_large_image\" \/>\n<meta name=\"twitter:label1\" content=\"Gesch\u00e4tzte Lesezeit\" \/>\n\t<meta name=\"twitter:data1\" content=\"4\u00a0Minuten\" \/>\n<script type=\"application\/ld+json\" class=\"yoast-schema-graph\">{\"@context\":\"https:\\\/\\\/schema.org\",\"@graph\":[{\"@type\":\"WebPage\",\"@id\":\"https:\\\/\\\/mekruphy.com\\\/de\\\/produkte\\\/chemie\\\/experimentiersatz-chemie-7-addestation-wireless\\\/\",\"url\":\"https:\\\/\\\/mekruphy.com\\\/de\\\/produkte\\\/chemie\\\/experimentiersatz-chemie-7-addestation-wireless\\\/\",\"name\":\"Experimentiersatz CHEMIE 7 ADDESTATION wireless - MEKRUPHY GmbH\",\"isPartOf\":{\"@id\":\"https:\\\/\\\/mekruphy.com\\\/de\\\/#website\"},\"primaryImageOfPage\":{\"@id\":\"https:\\\/\\\/mekruphy.com\\\/de\\\/produkte\\\/chemie\\\/experimentiersatz-chemie-7-addestation-wireless\\\/#primaryimage\"},\"image\":{\"@id\":\"https:\\\/\\\/mekruphy.com\\\/de\\\/produkte\\\/chemie\\\/experimentiersatz-chemie-7-addestation-wireless\\\/#primaryimage\"},\"thumbnailUrl\":\"https:\\\/\\\/mekruphy.com\\\/de\\\/wp-content\\\/uploads\\\/2020\\\/07\\\/Kasten-Chemie-mit-Addestation.jpg\",\"datePublished\":\"2020-07-15T10:55:14+00:00\",\"dateModified\":\"2026-03-27T12:07:23+00:00\",\"description\":\"Besonders bei den Titrationsexperimenten zeigt sich der gro\u00dfe Vorteil der wireless Sensoren, die im CHEMIE 7 Kasten enthalten sind.\",\"breadcrumb\":{\"@id\":\"https:\\\/\\\/mekruphy.com\\\/de\\\/produkte\\\/chemie\\\/experimentiersatz-chemie-7-addestation-wireless\\\/#breadcrumb\"},\"inLanguage\":\"de\",\"potentialAction\":[{\"@type\":\"ReadAction\",\"target\":[\"https:\\\/\\\/mekruphy.com\\\/de\\\/produkte\\\/chemie\\\/experimentiersatz-chemie-7-addestation-wireless\\\/\"]}]},{\"@type\":\"ImageObject\",\"inLanguage\":\"de\",\"@id\":\"https:\\\/\\\/mekruphy.com\\\/de\\\/produkte\\\/chemie\\\/experimentiersatz-chemie-7-addestation-wireless\\\/#primaryimage\",\"url\":\"https:\\\/\\\/mekruphy.com\\\/de\\\/wp-content\\\/uploads\\\/2020\\\/07\\\/Kasten-Chemie-mit-Addestation.jpg\",\"contentUrl\":\"https:\\\/\\\/mekruphy.com\\\/de\\\/wp-content\\\/uploads\\\/2020\\\/07\\\/Kasten-Chemie-mit-Addestation.jpg\",\"width\":1800,\"height\":1390},{\"@type\":\"BreadcrumbList\",\"@id\":\"https:\\\/\\\/mekruphy.com\\\/de\\\/produkte\\\/chemie\\\/experimentiersatz-chemie-7-addestation-wireless\\\/#breadcrumb\",\"itemListElement\":[{\"@type\":\"ListItem\",\"position\":1,\"name\":\"Startseite\",\"item\":\"https:\\\/\\\/mekruphy.com\\\/de\\\/\"},{\"@type\":\"ListItem\",\"position\":2,\"name\":\"Produkte\",\"item\":\"https:\\\/\\\/mekruphy.com\\\/de\\\/produkte\\\/\"},{\"@type\":\"ListItem\",\"position\":3,\"name\":\"Chemie\",\"item\":\"https:\\\/\\\/mekruphy.com\\\/de\\\/produkte\\\/chemie\\\/\"},{\"@type\":\"ListItem\",\"position\":4,\"name\":\"Experimentiersatz CHEMIE 7 ADDESTATION wireless\"}]},{\"@type\":\"WebSite\",\"@id\":\"https:\\\/\\\/mekruphy.com\\\/de\\\/#website\",\"url\":\"https:\\\/\\\/mekruphy.com\\\/de\\\/\",\"name\":\"MEKRUPHY GmbH\",\"description\":\"Sch\u00fcler-Experimentierk\u00e4sten f\u00fcr den MINT-Unterricht\",\"potentialAction\":[{\"@type\":\"SearchAction\",\"target\":{\"@type\":\"EntryPoint\",\"urlTemplate\":\"https:\\\/\\\/mekruphy.com\\\/de\\\/?s={search_term_string}\"},\"query-input\":{\"@type\":\"PropertyValueSpecification\",\"valueRequired\":true,\"valueName\":\"search_term_string\"}}],\"inLanguage\":\"de\"}]}<\/script>\n<!-- \/ Yoast SEO plugin. -->","yoast_head_json":{"title":"Experimentiersatz CHEMIE 7 ADDESTATION wireless - MEKRUPHY GmbH","description":"Besonders bei den Titrationsexperimenten zeigt sich der gro\u00dfe Vorteil der wireless Sensoren, die im CHEMIE 7 Kasten enthalten sind.","robots":{"index":"index","follow":"follow","max-snippet":"max-snippet:-1","max-image-preview":"max-image-preview:large","max-video-preview":"max-video-preview:-1"},"canonical":"https:\/\/mekruphy.com\/de\/produkte\/chemie\/experimentiersatz-chemie-7-addestation-wireless\/","og_locale":"de_DE","og_type":"article","og_title":"Experimentiersatz CHEMIE 7 ADDESTATION wireless - MEKRUPHY GmbH","og_description":"Besonders bei den Titrationsexperimenten zeigt sich der gro\u00dfe Vorteil der wireless Sensoren, die im CHEMIE 7 Kasten enthalten sind.","og_url":"https:\/\/mekruphy.com\/de\/produkte\/chemie\/experimentiersatz-chemie-7-addestation-wireless\/","og_site_name":"MEKRUPHY GmbH","article_modified_time":"2026-03-27T12:07:23+00:00","og_image":[{"width":1800,"height":1390,"url":"https:\/\/mekruphy.com\/de\/wp-content\/uploads\/2020\/07\/Kasten-Chemie-mit-Addestation.jpg","type":"image\/jpeg"}],"twitter_card":"summary_large_image","twitter_misc":{"Gesch\u00e4tzte Lesezeit":"4\u00a0Minuten"},"schema":{"@context":"https:\/\/schema.org","@graph":[{"@type":"WebPage","@id":"https:\/\/mekruphy.com\/de\/produkte\/chemie\/experimentiersatz-chemie-7-addestation-wireless\/","url":"https:\/\/mekruphy.com\/de\/produkte\/chemie\/experimentiersatz-chemie-7-addestation-wireless\/","name":"Experimentiersatz CHEMIE 7 ADDESTATION wireless - MEKRUPHY GmbH","isPartOf":{"@id":"https:\/\/mekruphy.com\/de\/#website"},"primaryImageOfPage":{"@id":"https:\/\/mekruphy.com\/de\/produkte\/chemie\/experimentiersatz-chemie-7-addestation-wireless\/#primaryimage"},"image":{"@id":"https:\/\/mekruphy.com\/de\/produkte\/chemie\/experimentiersatz-chemie-7-addestation-wireless\/#primaryimage"},"thumbnailUrl":"https:\/\/mekruphy.com\/de\/wp-content\/uploads\/2020\/07\/Kasten-Chemie-mit-Addestation.jpg","datePublished":"2020-07-15T10:55:14+00:00","dateModified":"2026-03-27T12:07:23+00:00","description":"Besonders bei den Titrationsexperimenten zeigt sich der gro\u00dfe Vorteil der wireless Sensoren, die im CHEMIE 7 Kasten enthalten sind.","breadcrumb":{"@id":"https:\/\/mekruphy.com\/de\/produkte\/chemie\/experimentiersatz-chemie-7-addestation-wireless\/#breadcrumb"},"inLanguage":"de","potentialAction":[{"@type":"ReadAction","target":["https:\/\/mekruphy.com\/de\/produkte\/chemie\/experimentiersatz-chemie-7-addestation-wireless\/"]}]},{"@type":"ImageObject","inLanguage":"de","@id":"https:\/\/mekruphy.com\/de\/produkte\/chemie\/experimentiersatz-chemie-7-addestation-wireless\/#primaryimage","url":"https:\/\/mekruphy.com\/de\/wp-content\/uploads\/2020\/07\/Kasten-Chemie-mit-Addestation.jpg","contentUrl":"https:\/\/mekruphy.com\/de\/wp-content\/uploads\/2020\/07\/Kasten-Chemie-mit-Addestation.jpg","width":1800,"height":1390},{"@type":"BreadcrumbList","@id":"https:\/\/mekruphy.com\/de\/produkte\/chemie\/experimentiersatz-chemie-7-addestation-wireless\/#breadcrumb","itemListElement":[{"@type":"ListItem","position":1,"name":"Startseite","item":"https:\/\/mekruphy.com\/de\/"},{"@type":"ListItem","position":2,"name":"Produkte","item":"https:\/\/mekruphy.com\/de\/produkte\/"},{"@type":"ListItem","position":3,"name":"Chemie","item":"https:\/\/mekruphy.com\/de\/produkte\/chemie\/"},{"@type":"ListItem","position":4,"name":"Experimentiersatz CHEMIE 7 ADDESTATION wireless"}]},{"@type":"WebSite","@id":"https:\/\/mekruphy.com\/de\/#website","url":"https:\/\/mekruphy.com\/de\/","name":"MEKRUPHY GmbH","description":"Sch\u00fcler-Experimentierk\u00e4sten f\u00fcr den MINT-Unterricht","potentialAction":[{"@type":"SearchAction","target":{"@type":"EntryPoint","urlTemplate":"https:\/\/mekruphy.com\/de\/?s={search_term_string}"},"query-input":{"@type":"PropertyValueSpecification","valueRequired":true,"valueName":"search_term_string"}}],"inLanguage":"de"}]}},"coauthors":[],"author_meta":{"author_link":"https:\/\/mekruphy.com\/de\/author\/steps-sync\/","display_name":"Steps Sync"},"relative_dates":{"created":"Ver\u00f6ffentlicht 6\u00a0Jahren vor","modified":"Aktualisiert 1\u00a0Monat vor"},"absolute_dates":{"created":"Ver\u00f6ffentlicht am 15. Juli 2020","modified":"Aktualisiert am 27. M\u00e4rz 2026"},"absolute_dates_time":{"created":"Ver\u00f6ffentlicht am 15. Juli 2020 12:55","modified":"Aktualisiert am 27. M\u00e4rz 2026 13:07"},"featured_img_caption":"","featured_img":"https:\/\/mekruphy.com\/de\/wp-content\/uploads\/2020\/07\/Kasten-Chemie-mit-Addestation.jpg","series_order":"","_links":{"self":[{"href":"https:\/\/mekruphy.com\/de\/wp-json\/wp\/v2\/pages\/464","targetHints":{"allow":["GET"]}}],"collection":[{"href":"https:\/\/mekruphy.com\/de\/wp-json\/wp\/v2\/pages"}],"about":[{"href":"https:\/\/mekruphy.com\/de\/wp-json\/wp\/v2\/types\/page"}],"author":[{"embeddable":true,"href":"https:\/\/mekruphy.com\/de\/wp-json\/wp\/v2\/users\/3"}],"replies":[{"embeddable":true,"href":"https:\/\/mekruphy.com\/de\/wp-json\/wp\/v2\/comments?post=464"}],"version-history":[{"count":17,"href":"https:\/\/mekruphy.com\/de\/wp-json\/wp\/v2\/pages\/464\/revisions"}],"predecessor-version":[{"id":9165,"href":"https:\/\/mekruphy.com\/de\/wp-json\/wp\/v2\/pages\/464\/revisions\/9165"}],"up":[{"embeddable":true,"href":"https:\/\/mekruphy.com\/de\/wp-json\/wp\/v2\/pages\/627"}],"wp:featuredmedia":[{"embeddable":true,"href":"https:\/\/mekruphy.com\/de\/wp-json\/wp\/v2\/media\/1722"}],"wp:attachment":[{"href":"https:\/\/mekruphy.com\/de\/wp-json\/wp\/v2\/media?parent=464"}],"curies":[{"name":"wp","href":"https:\/\/api.w.org\/{rel}","templated":true}]}}