{"id":468,"date":"2020-07-15T12:55:20","date_gmt":"2020-07-15T10:55:20","guid":{"rendered":"https:\/\/mekruphy.com\/de\/experimentiersatz-biologie-1-mikroskopie\/"},"modified":"2026-03-30T15:46:59","modified_gmt":"2026-03-30T13:46:59","slug":"experimentiersatz-biologie-1-mikroskopie","status":"publish","type":"page","link":"https:\/\/mekruphy.com\/de\/produkte\/biologie\/experimentiersatz-biologie-1-mikroskopie\/","title":{"rendered":"Experimentiersatz BIOLOGIE 1: MIKROSKOPIE"},"content":{"rendered":"<div class=\"yoast-breadcrumbs breadcrumbs-indented\"><span><span><a href=\"https:\/\/mekruphy.com\/de\/\">Startseite<\/a><\/span> \u00bb <span><a href=\"https:\/\/mekruphy.com\/de\/produkte\/\">Produkte<\/a><\/span> \u00bb <span><a href=\"https:\/\/mekruphy.com\/de\/produkte\/biologie\/\">Biologie<\/a><\/span> \u00bb <span class=\"breadcrumb_last\" aria-current=\"page\">Experimentiersatz BIOLOGIE 1: MIKROSKOPIE<\/span><\/span><\/div>\n\n\n<div class=\"wp-block-advgb-adv-tabs advgb-tabs-wrapper advgb-tab-horz-desktop advgb-tab-vert-tablet advgb-tab-stack-mobile advgb-tabs-03567b7d-0787-44cb-b3cd-bedd2e9bcf43\" data-tab-active=\"0\"><ul class=\"advgb-tabs-panel\" role=\"tablist\"><li class=\"advgb-tab advgb-tab-active\" role=\"presentation\" style=\"background-color:#e0e0e0;border-style:solid;border-width:1px;border-radius:10px\"><button class=\"advgb-tab-button\" id=\"advgb-tab-_567b7d-07-0\" aria-controls=\"advgb-tab-panel-_567b7d-07-0\" role=\"tab\" aria-selected=\"true\" tabindex=\"0\" style=\"color:#fff;background:none;border:none;width:100%;text-align:inherit;cursor:pointer;padding:8px 16px;font:inherit\"><span>Beschreibung<\/span><\/button><\/li><li class=\"advgb-tab \" role=\"presentation\" style=\"background-color:#e0e0e0;border-style:solid;border-width:1px;border-radius:10px\"><button class=\"advgb-tab-button\" id=\"advgb-tab-_567b7d-07-1\" aria-controls=\"advgb-tab-panel-_567b7d-07-1\" role=\"tab\" aria-selected=\"false\" tabindex=\"0\" style=\"color:#fff;background:none;border:none;width:100%;text-align:inherit;cursor:pointer;padding:8px 16px;font:inherit\"><span>Lieferumfang<\/span><\/button><\/li><li class=\"advgb-tab \" role=\"presentation\" style=\"background-color:#e0e0e0;border-style:solid;border-width:1px;border-radius:10px\"><button class=\"advgb-tab-button\" id=\"advgb-tab-_567b7d-07-2\" aria-controls=\"advgb-tab-panel-_567b7d-07-2\" role=\"tab\" aria-selected=\"false\" tabindex=\"0\" style=\"color:#fff;background:none;border:none;width:100%;text-align:inherit;cursor:pointer;padding:8px 16px;font:inherit\"><span>Experimente<\/span><\/button><\/li><li class=\"advgb-tab \" role=\"presentation\" style=\"background-color:#e0e0e0;border-style:solid;border-width:1px;border-radius:10px\"><button class=\"advgb-tab-button\" id=\"advgb-tab-_567b7d-07-3\" aria-controls=\"advgb-tab-panel-_567b7d-07-3\" role=\"tab\" aria-selected=\"false\" tabindex=\"0\" style=\"color:#fff;background:none;border:none;width:100%;text-align:inherit;cursor:pointer;padding:8px 16px;font:inherit\"><span>Bilder<\/span><\/button><\/li><\/ul><div class=\"advgb-tab-body-wrapper\" style=\"border-style:solid;border-width:1px;border-radius:10px\">\n<div class=\"wp-block-advgb-tab advgb-tab-body-container\"><div class=\"advgb-tab-body-header advgb-tab-class- header-active\" id=\"advgb-tab-panel-_bf82dc-18-0\" role=\"tabpanel\" aria-labelledby=\"advgb-tab-_bf82dc-18-0\" tabindex=\"0\"><span>Beschreibung<\/span><\/div><div class=\"advgb-tab-_bf82dc-18 advgb-tab-body\" aria-labelledby=\"advgb-tab-panel-_bf82dc-18-0\" style=\"display:block\">\n<h2 class=\"wp-block-heading\" id=\"die-problematik\"><strong>Die Problematik<\/strong>&nbsp;<\/h2>\n\n\n\n<p>Sch\u00fclerinnen und Sch\u00fcler, die im Biologieunterricht zum ersten Mal durch ein Mikroskop blicken, werden gleichzeitig mit drei Schwierigkeiten kon\u00adfrontiert:<\/p>\n\n\n\n<ul class=\"wp-block-list\">\n<li>dem einge\u00adschr\u00e4nkten Gesichts\u00adkreis,<\/li>\n\n\n\n<li>dem umgekehrten Bild und<\/li>\n\n\n\n<li>der feh\u00adlenden M\u00f6glichkeit, den Grad der Vergr\u00f6\u00ad\u00dferung einzusch\u00e4tzen.<\/li>\n<\/ul>\n\n\n\n<p><\/p>\n\n\n\n<h3 class=\"wp-block-heading\" id=\"langsames-herantasten\">Langsames Herantasten<\/h3>\n\n\n\n<p>Der MEKRUPHY-Experimentiersatz MIKROSKOPIE er\u00adm\u00f6glicht es ihnen, diese Probleme schritt\u00adweise zu bew\u00e4ltigen.<\/p>\n\n\n\n<ul class=\"wp-block-list\">\n<li>Mit Hilfe von einfachen Lupen bis hin zur Becher- und Zweiweglupe, die alle ein aufrechtes Bild der zu beobachtenden Gegenst\u00e4nde liefern, lernen die Kinder, sich an das eingeschr\u00e4nkte Gesichtsfeld zu gew\u00f6hnen.<\/li>\n\n\n\n<li>Dar\u00fcber hinaus entwickeln sie ein Gesp\u00fcr f\u00fcr die jeweilige Vergr\u00f6\u00dferung, insbesondere durch eingelegte 5-Millime\u00adter-Raster.<\/li>\n\n\n\n<li>Das robuste Mikroskopierbesteck, spezi\u00adelle Ob\u00adjekttr\u00e4ger und ein Paar Petrischa\u00adlen erleichtern das Mikroskopieren.<\/li>\n\n\n\n<li>\u00c4lteren Sch\u00fclerinnen und Sch\u00fclern erlaubt das einfach zu handhabende Mikrotom zusammen mit der Spezial-Rasierklinge und dem Mikroskopierpinsel rasches und unkompliziertes Herstellen der Pr\u00e4parate.<\/li>\n<\/ul>\n\n\n\n<p><\/p>\n\n\n\n<h3 class=\"wp-block-heading\" id=\"h-begleitmaterialien\">Begleitmaterialien<\/h3>\n\n\n\n<p>Passend zum Experimentiersatz BIOLOGIE 1 sind auch ein <a href=\"https:\/\/mekruphy.com\/de\/produkte\/biologie\/biologie-arbeitshefte\/\">Sch\u00fclerheft<\/a> und ein <a href=\"https:\/\/mekruphy.com\/de\/produkte\/biologie\/biologie-arbeitshefte\/\">Lehrerheft<\/a> mit didaktischen Anweisungen und L\u00f6sungen in analoger Form erh\u00e4ltlich. Das Sch\u00fclerheft ist auch in digitaler Form erwerbbar.<\/p>\n<\/div><\/div>\n\n\n\n<div class=\"wp-block-advgb-tab advgb-tab-body-container\"><div class=\"advgb-tab-body-header advgb-tab-class- \" id=\"advgb-tab-panel-_bf82dc-18-1\" role=\"tabpanel\" aria-labelledby=\"advgb-tab-_bf82dc-18-1\" tabindex=\"0\"><span>Lieferumfang<\/span><\/div><div class=\"advgb-tab-_bf82dc-18 advgb-tab-body\" aria-labelledby=\"advgb-tab-panel-_bf82dc-18-1\" style=\"display:none\">\n<figure class=\"wp-block-table table-product-contents\"><table><tbody><tr><td>01.01.10<\/td><td>Aufbewahrungskasten<\/td><\/tr><tr><td>30.02.00<\/td><td>Ger\u00e4tegeformter Einsatz B1<\/td><\/tr><tr><td>30.03.10<\/td><td>Stiellupe, Vergr\u00f6\u00dferung 8x<\/td><\/tr><tr><td>30.03.20<\/td><td>Stiellupe, Vergr\u00f6\u00dferung 6x<\/td><\/tr><tr><td>30.04.00<\/td><td>Handlupe mit Beleuchtung<\/td><\/tr><tr><td>30.05.00<\/td><td>Becherlupe mit Messlinien<\/td><\/tr><tr><td>30.06.00<\/td><td>Zweiweglupe<\/td><\/tr><tr><td>30.07.00<\/td><td>Holzspatel (7er Pack)<\/td><\/tr><tr><td>20.08.00<\/td><td>Pinzette gerade stumpf<\/td><\/tr><tr><td>30.09.00<\/td><td>Pinzette gebogen spitz<\/td><\/tr><tr><td>30.10.00<\/td><td>Pr\u00e4pariernadel gerade<\/td><\/tr><tr><td>30.11.00<\/td><td>Pr\u00e4pariernadel gebogen<\/td><\/tr><tr><td>30.12.00<\/td><td>Pr\u00e4pariernadel lanzenf\u00f6rmig<\/td><\/tr><tr><td>30.13.00<\/td><td>Mikroskopierschere<\/td><\/tr><tr><td>30.14.00<\/td><td>Seidentuch<\/td><\/tr><tr><td>30.15.00<\/td><td>Deckglas 18 x 18 mm (100 St\u00fcck geschliffen)<\/td><\/tr><tr><td>30.16.00<\/td><td>Objekttr\u00e4ger mit Beschriftungsfeld (50 St\u00fcck)<\/td><\/tr><tr><td>30.16.10<\/td><td>Objekttr\u00e4ger mit Vertiefung (4 St\u00fcck)<\/td><\/tr><tr><td>30.16.20<\/td><td>Objekttr\u00e4ger matt<\/td><\/tr><tr><td>30.16.30<\/td><td>Objekttr\u00e4ger mit Skala<\/td><\/tr><tr><td>30.16.40<\/td><td>Objekttr\u00e4ger schwarz<\/td><\/tr><tr><td>30.16.50<\/td><td>Aufbewahrungsdose f\u00fcr Objekttr\u00e4ger<\/td><\/tr><tr><td>30.17.00<\/td><td>Petrischale \u00d8 35 mm<\/td><\/tr><tr><td>03.18.00<\/td><td>Rasierklingen mit Griff im 5er Pack<\/td><\/tr><tr><td>30.19.00<\/td><td>Pipettenflasche 50 ml braun<\/td><\/tr><tr><td>30.20.00<\/td><td>Mikroskopierpinsel<\/td><\/tr><tr><td>30.21.00<\/td><td>Mikrotom<\/td><\/tr><tr><td>30.22.00<\/td><td>100 Filterpapierstreifen in Beh\u00e4lter B1<\/td><\/tr><\/tbody><\/table><\/figure>\n\n\n\n<p><\/p>\n<\/div><\/div>\n\n\n\n<div class=\"wp-block-advgb-tab advgb-tab-body-container\"><div class=\"advgb-tab-body-header advgb-tab-class- \" id=\"advgb-tab-panel-_bf82dc-18-2\" role=\"tabpanel\" aria-labelledby=\"advgb-tab-_bf82dc-18-2\" tabindex=\"0\"><span>Experimente<\/span><\/div><div class=\"advgb-tab-_bf82dc-18 advgb-tab-body\" aria-labelledby=\"advgb-tab-panel-_bf82dc-18-2\" style=\"display:none\">\n<figure class=\"wp-block-table table-product-experiments\"><table><tbody><tr><td>B1-1<\/td><td>Erste Experimente mit der Lupe\u00a0<\/td><\/tr><tr><td>B1-2<\/td><td>Experimente mit der Zweiweglupe\u00a0<\/td><\/tr><tr><td>B1-3<\/td><td>Experimente mit der Becherlupe\u00a0\u00a0<\/td><\/tr><tr><td>B1-4<\/td><td>Zeichnen in der Biologie\u00a0<\/td><\/tr><tr><td>B1-5<\/td><td>Die Bauteile eines Mikroskops\u00a0<\/td><\/tr><tr><td>B1-6<\/td><td>Funktionsweise und Bedienung eines Mikroskops\u00a0<\/td><\/tr><tr><td>B1-7<\/td><td>Das erste Pr\u00e4parat &#8211;\u00a0Brownsche\u00a0Bewegung<\/td><\/tr><tr><td>B1-8<\/td><td>St\u00f6rende Erscheinungen &#8211; Fehlerquellen<\/td><\/tr><\/tbody><\/table><\/figure>\n<\/div><\/div>\n\n\n\n<div class=\"wp-block-advgb-tab advgb-tab-body-container\"><div class=\"advgb-tab-body-header advgb-tab-class-undefined \" id=\"advgb-tab-panel-_bf82dc-18-3\" role=\"tabpanel\" aria-labelledby=\"advgb-tab-_bf82dc-18-3\" tabindex=\"0\"><span>Bilder<\/span><\/div><div class=\"advgb-tab-_bf82dc-18 advgb-tab-body\" aria-labelledby=\"advgb-tab-panel-_bf82dc-18-3\" style=\"display:none\"><div class=\"wp-block-image\">\n<figure class=\"aligncenter size-large is-resized\"><img loading=\"lazy\" decoding=\"async\" width=\"756\" height=\"456\" src=\"https:\/\/mekruphy.com\/de\/wp-content\/uploads\/2021\/03\/B1_1.png\" alt=\"Lupenbecher\" class=\"wp-image-3209\" style=\"width:750px;height:452px\" srcset=\"https:\/\/mekruphy.com\/de\/wp-content\/uploads\/2021\/03\/B1_1.png 756w, https:\/\/mekruphy.com\/de\/wp-content\/uploads\/2021\/03\/B1_1-300x181.png 300w\" sizes=\"auto, (max-width: 756px) 100vw, 756px\" \/><\/figure>\n<\/div>\n\n\n<p>&nbsp;<\/p>\n\n\n<div class=\"wp-block-image\">\n<figure class=\"aligncenter size-large is-resized\"><img loading=\"lazy\" decoding=\"async\" width=\"479\" height=\"720\" src=\"https:\/\/mekruphy.com\/de\/wp-content\/uploads\/2021\/03\/B1_3.png\" alt=\"Becherlupe\" class=\"wp-image-3211\" style=\"width:510px;height:768px\" srcset=\"https:\/\/mekruphy.com\/de\/wp-content\/uploads\/2021\/03\/B1_3.png 479w, https:\/\/mekruphy.com\/de\/wp-content\/uploads\/2021\/03\/B1_3-200x300.png 200w\" sizes=\"auto, (max-width: 479px) 100vw, 479px\" \/><\/figure>\n<\/div>\n\n\n<p>&nbsp;<\/p>\n\n\n<div class=\"wp-block-image\">\n<figure class=\"aligncenter size-large is-resized\"><img loading=\"lazy\" decoding=\"async\" width=\"512\" height=\"657\" src=\"https:\/\/mekruphy.com\/de\/wp-content\/uploads\/2021\/03\/B1_2.png\" alt=\"Mikrotom Biologie\" class=\"wp-image-3210\" style=\"width:510px;height:654px\" srcset=\"https:\/\/mekruphy.com\/de\/wp-content\/uploads\/2021\/03\/B1_2.png 512w, https:\/\/mekruphy.com\/de\/wp-content\/uploads\/2021\/03\/B1_2-234x300.png 234w\" sizes=\"auto, (max-width: 512px) 100vw, 512px\" \/><\/figure>\n<\/div><\/div><\/div>\n<\/div><\/div>\n\n\n\n<p><\/p>\n<style class=\"advgb-styles-renderer\">.advgb-tabs-03567b7d-0787-44cb-b3cd-bedd2e9bcf43 ul.advgb-tabs-panel li.advgb-tab.advgb-tab-active {background-color:#5954d6 !important;color:#fff !important;}#advgb-tabs-03567b7d-0787-44cb-b3cd-bedd2e9bcf43 .advgb-tab-body-header.header-active, .advgb-tabs-03567b7d-0787-44cb-b3cd-bedd2e9bcf43 .advgb-tab-body-header.header-active{background-color:#5954d6 !important;color:#fff !important;}<\/style>","protected":false},"excerpt":{"rendered":"","protected":false},"author":3,"featured_media":1677,"parent":625,"menu_order":0,"comment_status":"closed","ping_status":"closed","template":"templates\/product.php","meta":{"_acf_changed":false,"_coblocks_attr":"","_coblocks_dimensions":"","_coblocks_responsive_height":"","_coblocks_accordion_ie_support":"","_eb_attr":"","advgb_blocks_editor_width":"","advgb_blocks_columns_visual_guide":"","footnotes":""},"class_list":["post-468","page","type-page","status-publish","has-post-thumbnail","hentry"],"acf":[],"yoast_head":"<!-- This site is optimized with the Yoast SEO plugin v27.3 - https:\/\/yoast.com\/product\/yoast-seo-wordpress\/ -->\n<title>Experimentiersatz BIOLOGIE 1: MIKROSKOPIE - MEKRUPHY GmbH<\/title>\n<meta name=\"description\" content=\"Der MEKRUPHY-Experimentiersatz MIKROSKOPIE f\u00fchrt Kinder im Biologieunterricht schrittweise an den Umgang mit Mikroskopen her an.\" \/>\n<meta name=\"robots\" content=\"index, follow, max-snippet:-1, max-image-preview:large, max-video-preview:-1\" \/>\n<link rel=\"canonical\" href=\"https:\/\/mekruphy.com\/de\/produkte\/biologie\/experimentiersatz-biologie-1-mikroskopie\/\" \/>\n<meta property=\"og:locale\" content=\"de_DE\" \/>\n<meta property=\"og:type\" content=\"article\" \/>\n<meta property=\"og:title\" content=\"Experimentiersatz BIOLOGIE 1: MIKROSKOPIE - MEKRUPHY GmbH\" \/>\n<meta property=\"og:description\" content=\"Der MEKRUPHY-Experimentiersatz MIKROSKOPIE f\u00fchrt Kinder im Biologieunterricht schrittweise an den Umgang mit Mikroskopen her an.\" \/>\n<meta property=\"og:url\" content=\"https:\/\/mekruphy.com\/de\/produkte\/biologie\/experimentiersatz-biologie-1-mikroskopie\/\" \/>\n<meta property=\"og:site_name\" content=\"MEKRUPHY GmbH\" \/>\n<meta property=\"article:modified_time\" content=\"2026-03-30T13:46:59+00:00\" \/>\n<meta property=\"og:image\" content=\"https:\/\/mekruphy.com\/de\/wp-content\/uploads\/2020\/07\/BIOLOGIE-1_MI.jpg\" \/>\n\t<meta property=\"og:image:width\" content=\"1800\" \/>\n\t<meta property=\"og:image:height\" content=\"1397\" \/>\n\t<meta property=\"og:image:type\" content=\"image\/jpeg\" \/>\n<meta name=\"twitter:card\" content=\"summary_large_image\" \/>\n<meta name=\"twitter:label1\" content=\"Gesch\u00e4tzte Lesezeit\" \/>\n\t<meta name=\"twitter:data1\" content=\"4\u00a0Minuten\" \/>\n<script type=\"application\/ld+json\" class=\"yoast-schema-graph\">{\"@context\":\"https:\\\/\\\/schema.org\",\"@graph\":[{\"@type\":\"WebPage\",\"@id\":\"https:\\\/\\\/mekruphy.com\\\/de\\\/produkte\\\/biologie\\\/experimentiersatz-biologie-1-mikroskopie\\\/\",\"url\":\"https:\\\/\\\/mekruphy.com\\\/de\\\/produkte\\\/biologie\\\/experimentiersatz-biologie-1-mikroskopie\\\/\",\"name\":\"Experimentiersatz BIOLOGIE 1: MIKROSKOPIE - MEKRUPHY GmbH\",\"isPartOf\":{\"@id\":\"https:\\\/\\\/mekruphy.com\\\/de\\\/#website\"},\"primaryImageOfPage\":{\"@id\":\"https:\\\/\\\/mekruphy.com\\\/de\\\/produkte\\\/biologie\\\/experimentiersatz-biologie-1-mikroskopie\\\/#primaryimage\"},\"image\":{\"@id\":\"https:\\\/\\\/mekruphy.com\\\/de\\\/produkte\\\/biologie\\\/experimentiersatz-biologie-1-mikroskopie\\\/#primaryimage\"},\"thumbnailUrl\":\"https:\\\/\\\/mekruphy.com\\\/de\\\/wp-content\\\/uploads\\\/2020\\\/07\\\/BIOLOGIE-1_MI.jpg\",\"datePublished\":\"2020-07-15T10:55:20+00:00\",\"dateModified\":\"2026-03-30T13:46:59+00:00\",\"description\":\"Der MEKRUPHY-Experimentiersatz MIKROSKOPIE f\u00fchrt Kinder im Biologieunterricht schrittweise an den Umgang mit Mikroskopen her an.\",\"breadcrumb\":{\"@id\":\"https:\\\/\\\/mekruphy.com\\\/de\\\/produkte\\\/biologie\\\/experimentiersatz-biologie-1-mikroskopie\\\/#breadcrumb\"},\"inLanguage\":\"de\",\"potentialAction\":[{\"@type\":\"ReadAction\",\"target\":[\"https:\\\/\\\/mekruphy.com\\\/de\\\/produkte\\\/biologie\\\/experimentiersatz-biologie-1-mikroskopie\\\/\"]}]},{\"@type\":\"ImageObject\",\"inLanguage\":\"de\",\"@id\":\"https:\\\/\\\/mekruphy.com\\\/de\\\/produkte\\\/biologie\\\/experimentiersatz-biologie-1-mikroskopie\\\/#primaryimage\",\"url\":\"https:\\\/\\\/mekruphy.com\\\/de\\\/wp-content\\\/uploads\\\/2020\\\/07\\\/BIOLOGIE-1_MI.jpg\",\"contentUrl\":\"https:\\\/\\\/mekruphy.com\\\/de\\\/wp-content\\\/uploads\\\/2020\\\/07\\\/BIOLOGIE-1_MI.jpg\",\"width\":1800,\"height\":1397},{\"@type\":\"BreadcrumbList\",\"@id\":\"https:\\\/\\\/mekruphy.com\\\/de\\\/produkte\\\/biologie\\\/experimentiersatz-biologie-1-mikroskopie\\\/#breadcrumb\",\"itemListElement\":[{\"@type\":\"ListItem\",\"position\":1,\"name\":\"Startseite\",\"item\":\"https:\\\/\\\/mekruphy.com\\\/de\\\/\"},{\"@type\":\"ListItem\",\"position\":2,\"name\":\"Produkte\",\"item\":\"https:\\\/\\\/mekruphy.com\\\/de\\\/produkte\\\/\"},{\"@type\":\"ListItem\",\"position\":3,\"name\":\"Biologie\",\"item\":\"https:\\\/\\\/mekruphy.com\\\/de\\\/produkte\\\/biologie\\\/\"},{\"@type\":\"ListItem\",\"position\":4,\"name\":\"Experimentiersatz BIOLOGIE 1: MIKROSKOPIE\"}]},{\"@type\":\"WebSite\",\"@id\":\"https:\\\/\\\/mekruphy.com\\\/de\\\/#website\",\"url\":\"https:\\\/\\\/mekruphy.com\\\/de\\\/\",\"name\":\"MEKRUPHY GmbH\",\"description\":\"Sch\u00fcler-Experimentierk\u00e4sten f\u00fcr den MINT-Unterricht\",\"potentialAction\":[{\"@type\":\"SearchAction\",\"target\":{\"@type\":\"EntryPoint\",\"urlTemplate\":\"https:\\\/\\\/mekruphy.com\\\/de\\\/?s={search_term_string}\"},\"query-input\":{\"@type\":\"PropertyValueSpecification\",\"valueRequired\":true,\"valueName\":\"search_term_string\"}}],\"inLanguage\":\"de\"}]}<\/script>\n<!-- \/ Yoast SEO plugin. -->","yoast_head_json":{"title":"Experimentiersatz BIOLOGIE 1: MIKROSKOPIE - MEKRUPHY GmbH","description":"Der MEKRUPHY-Experimentiersatz MIKROSKOPIE f\u00fchrt Kinder im Biologieunterricht schrittweise an den Umgang mit Mikroskopen her an.","robots":{"index":"index","follow":"follow","max-snippet":"max-snippet:-1","max-image-preview":"max-image-preview:large","max-video-preview":"max-video-preview:-1"},"canonical":"https:\/\/mekruphy.com\/de\/produkte\/biologie\/experimentiersatz-biologie-1-mikroskopie\/","og_locale":"de_DE","og_type":"article","og_title":"Experimentiersatz BIOLOGIE 1: MIKROSKOPIE - MEKRUPHY GmbH","og_description":"Der MEKRUPHY-Experimentiersatz MIKROSKOPIE f\u00fchrt Kinder im Biologieunterricht schrittweise an den Umgang mit Mikroskopen her an.","og_url":"https:\/\/mekruphy.com\/de\/produkte\/biologie\/experimentiersatz-biologie-1-mikroskopie\/","og_site_name":"MEKRUPHY GmbH","article_modified_time":"2026-03-30T13:46:59+00:00","og_image":[{"width":1800,"height":1397,"url":"https:\/\/mekruphy.com\/de\/wp-content\/uploads\/2020\/07\/BIOLOGIE-1_MI.jpg","type":"image\/jpeg"}],"twitter_card":"summary_large_image","twitter_misc":{"Gesch\u00e4tzte Lesezeit":"4\u00a0Minuten"},"schema":{"@context":"https:\/\/schema.org","@graph":[{"@type":"WebPage","@id":"https:\/\/mekruphy.com\/de\/produkte\/biologie\/experimentiersatz-biologie-1-mikroskopie\/","url":"https:\/\/mekruphy.com\/de\/produkte\/biologie\/experimentiersatz-biologie-1-mikroskopie\/","name":"Experimentiersatz BIOLOGIE 1: MIKROSKOPIE - MEKRUPHY GmbH","isPartOf":{"@id":"https:\/\/mekruphy.com\/de\/#website"},"primaryImageOfPage":{"@id":"https:\/\/mekruphy.com\/de\/produkte\/biologie\/experimentiersatz-biologie-1-mikroskopie\/#primaryimage"},"image":{"@id":"https:\/\/mekruphy.com\/de\/produkte\/biologie\/experimentiersatz-biologie-1-mikroskopie\/#primaryimage"},"thumbnailUrl":"https:\/\/mekruphy.com\/de\/wp-content\/uploads\/2020\/07\/BIOLOGIE-1_MI.jpg","datePublished":"2020-07-15T10:55:20+00:00","dateModified":"2026-03-30T13:46:59+00:00","description":"Der MEKRUPHY-Experimentiersatz MIKROSKOPIE f\u00fchrt Kinder im Biologieunterricht schrittweise an den Umgang mit Mikroskopen her an.","breadcrumb":{"@id":"https:\/\/mekruphy.com\/de\/produkte\/biologie\/experimentiersatz-biologie-1-mikroskopie\/#breadcrumb"},"inLanguage":"de","potentialAction":[{"@type":"ReadAction","target":["https:\/\/mekruphy.com\/de\/produkte\/biologie\/experimentiersatz-biologie-1-mikroskopie\/"]}]},{"@type":"ImageObject","inLanguage":"de","@id":"https:\/\/mekruphy.com\/de\/produkte\/biologie\/experimentiersatz-biologie-1-mikroskopie\/#primaryimage","url":"https:\/\/mekruphy.com\/de\/wp-content\/uploads\/2020\/07\/BIOLOGIE-1_MI.jpg","contentUrl":"https:\/\/mekruphy.com\/de\/wp-content\/uploads\/2020\/07\/BIOLOGIE-1_MI.jpg","width":1800,"height":1397},{"@type":"BreadcrumbList","@id":"https:\/\/mekruphy.com\/de\/produkte\/biologie\/experimentiersatz-biologie-1-mikroskopie\/#breadcrumb","itemListElement":[{"@type":"ListItem","position":1,"name":"Startseite","item":"https:\/\/mekruphy.com\/de\/"},{"@type":"ListItem","position":2,"name":"Produkte","item":"https:\/\/mekruphy.com\/de\/produkte\/"},{"@type":"ListItem","position":3,"name":"Biologie","item":"https:\/\/mekruphy.com\/de\/produkte\/biologie\/"},{"@type":"ListItem","position":4,"name":"Experimentiersatz BIOLOGIE 1: MIKROSKOPIE"}]},{"@type":"WebSite","@id":"https:\/\/mekruphy.com\/de\/#website","url":"https:\/\/mekruphy.com\/de\/","name":"MEKRUPHY GmbH","description":"Sch\u00fcler-Experimentierk\u00e4sten f\u00fcr den MINT-Unterricht","potentialAction":[{"@type":"SearchAction","target":{"@type":"EntryPoint","urlTemplate":"https:\/\/mekruphy.com\/de\/?s={search_term_string}"},"query-input":{"@type":"PropertyValueSpecification","valueRequired":true,"valueName":"search_term_string"}}],"inLanguage":"de"}]}},"coauthors":[],"author_meta":{"author_link":"https:\/\/mekruphy.com\/de\/author\/steps-sync\/","display_name":"Steps Sync"},"relative_dates":{"created":"Ver\u00f6ffentlicht 6\u00a0Jahren vor","modified":"Aktualisiert 2\u00a0Wochen vor"},"absolute_dates":{"created":"Ver\u00f6ffentlicht am 15. Juli 2020","modified":"Aktualisiert am 30. M\u00e4rz 2026"},"absolute_dates_time":{"created":"Ver\u00f6ffentlicht am 15. Juli 2020 12:55","modified":"Aktualisiert am 30. M\u00e4rz 2026 15:46"},"featured_img_caption":"","featured_img":"https:\/\/mekruphy.com\/de\/wp-content\/uploads\/2020\/07\/BIOLOGIE-1_MI.jpg","series_order":"","_links":{"self":[{"href":"https:\/\/mekruphy.com\/de\/wp-json\/wp\/v2\/pages\/468","targetHints":{"allow":["GET"]}}],"collection":[{"href":"https:\/\/mekruphy.com\/de\/wp-json\/wp\/v2\/pages"}],"about":[{"href":"https:\/\/mekruphy.com\/de\/wp-json\/wp\/v2\/types\/page"}],"author":[{"embeddable":true,"href":"https:\/\/mekruphy.com\/de\/wp-json\/wp\/v2\/users\/3"}],"replies":[{"embeddable":true,"href":"https:\/\/mekruphy.com\/de\/wp-json\/wp\/v2\/comments?post=468"}],"version-history":[{"count":16,"href":"https:\/\/mekruphy.com\/de\/wp-json\/wp\/v2\/pages\/468\/revisions"}],"predecessor-version":[{"id":9272,"href":"https:\/\/mekruphy.com\/de\/wp-json\/wp\/v2\/pages\/468\/revisions\/9272"}],"up":[{"embeddable":true,"href":"https:\/\/mekruphy.com\/de\/wp-json\/wp\/v2\/pages\/625"}],"wp:featuredmedia":[{"embeddable":true,"href":"https:\/\/mekruphy.com\/de\/wp-json\/wp\/v2\/media\/1677"}],"wp:attachment":[{"href":"https:\/\/mekruphy.com\/de\/wp-json\/wp\/v2\/media?parent=468"}],"curies":[{"name":"wp","href":"https:\/\/api.w.org\/{rel}","templated":true}]}}