{"id":472,"date":"2020-07-15T12:55:25","date_gmt":"2020-07-15T10:55:25","guid":{"rendered":"https:\/\/mekruphy.com\/de\/experimentiersatz-biologie-2-haut-und-haare\/"},"modified":"2026-03-30T15:53:07","modified_gmt":"2026-03-30T13:53:07","slug":"experimentiersatz-biologie-2-haut-und-haare","status":"publish","type":"page","link":"https:\/\/mekruphy.com\/de\/produkte\/biologie\/experimentiersatz-biologie-2-haut-und-haare\/","title":{"rendered":"Experimentiersatz BIOLOGIE 2: HAUT und HAARE"},"content":{"rendered":"<div class=\"yoast-breadcrumbs breadcrumbs-indented\"><span><span><a href=\"https:\/\/mekruphy.com\/de\/\">Startseite<\/a><\/span> \u00bb <span><a href=\"https:\/\/mekruphy.com\/de\/produkte\/\">Produkte<\/a><\/span> \u00bb <span><a href=\"https:\/\/mekruphy.com\/de\/produkte\/biologie\/\">Biologie<\/a><\/span> \u00bb <span class=\"breadcrumb_last\" aria-current=\"page\">Experimentiersatz BIOLOGIE 2: HAUT und HAARE<\/span><\/span><\/div>\n\n\n<div class=\"wp-block-advgb-adv-tabs advgb-tabs-wrapper advgb-tab-horz-desktop advgb-tab-vert-tablet advgb-tab-stack-mobile advgb-tabs-2a335e2c-4bfb-429d-bcc4-ccc4313d74a3\" data-tab-active=\"0\"><ul class=\"advgb-tabs-panel\" role=\"tablist\"><li class=\"advgb-tab advgb-tab-active\" role=\"presentation\" style=\"background-color:#e0e0e0;border-style:solid;border-width:1px;border-radius:10px\"><button class=\"advgb-tab-button\" id=\"advgb-tab-_335e2c-4b-0\" aria-controls=\"advgb-tab-panel-_335e2c-4b-0\" role=\"tab\" aria-selected=\"true\" tabindex=\"0\" style=\"color:#fff;background:none;border:none;width:100%;text-align:inherit;cursor:pointer;padding:8px 16px;font:inherit\"><span>Beschreibung<\/span><\/button><\/li><li class=\"advgb-tab \" role=\"presentation\" style=\"background-color:#e0e0e0;border-style:solid;border-width:1px;border-radius:10px\"><button class=\"advgb-tab-button\" id=\"advgb-tab-_335e2c-4b-1\" aria-controls=\"advgb-tab-panel-_335e2c-4b-1\" role=\"tab\" aria-selected=\"false\" tabindex=\"0\" style=\"color:#fff;background:none;border:none;width:100%;text-align:inherit;cursor:pointer;padding:8px 16px;font:inherit\"><span>Lieferumfang<\/span><\/button><\/li><li class=\"advgb-tab \" role=\"presentation\" style=\"background-color:#e0e0e0;border-style:solid;border-width:1px;border-radius:10px\"><button class=\"advgb-tab-button\" id=\"advgb-tab-_335e2c-4b-2\" aria-controls=\"advgb-tab-panel-_335e2c-4b-2\" role=\"tab\" aria-selected=\"false\" tabindex=\"0\" style=\"color:#fff;background:none;border:none;width:100%;text-align:inherit;cursor:pointer;padding:8px 16px;font:inherit\"><span>Experimente<\/span><\/button><\/li><li class=\"advgb-tab \" role=\"presentation\" style=\"background-color:#e0e0e0;border-style:solid;border-width:1px;border-radius:10px\"><button class=\"advgb-tab-button\" id=\"advgb-tab-_335e2c-4b-3\" aria-controls=\"advgb-tab-panel-_335e2c-4b-3\" role=\"tab\" aria-selected=\"false\" tabindex=\"0\" style=\"color:#fff;background:none;border:none;width:100%;text-align:inherit;cursor:pointer;padding:8px 16px;font:inherit\"><span>Bilder<\/span><\/button><\/li><\/ul><div class=\"advgb-tab-body-wrapper\" style=\"border-style:solid;border-width:1px;border-radius:10px\">\n<div class=\"wp-block-advgb-tab advgb-tab-body-container\"><div class=\"advgb-tab-body-header advgb-tab-class- header-active\" id=\"advgb-tab-panel-_bf82dc-18-0\" role=\"tabpanel\" aria-labelledby=\"advgb-tab-_bf82dc-18-0\" tabindex=\"0\"><span>Beschreibung<\/span><\/div><div class=\"advgb-tab-_bf82dc-18 advgb-tab-body\" aria-labelledby=\"advgb-tab-panel-_bf82dc-18-0\" style=\"display:block\">\n<h2 class=\"wp-block-heading\" id=\"die-haut-ubernimmt-viele-aufgaben\"><strong>Die Haut \u00fcbernimmt viele Aufgaben<\/strong>&nbsp;<\/h2>\n\n\n\n<p>Der Experimentiersatz BIOLOGIE 2 deckt die Biologiethemen HAUT und HAARE ab. In einfachen und faszinierenden Experimenten erforschen die Sch\u00fclerinnen und Sch\u00fcler&nbsp;beides und erfahren mehr \u00fcber&nbsp;<\/p>\n\n\n\n<ul class=\"wp-block-list\"><li>die Verteilung der K\u00e4lte-, W\u00e4rme- und Tastrezeptoren&nbsp;<\/li><li>die&nbsp;eindeutigen&nbsp;Pers\u00f6nlichkeitsmerkmale&nbsp;von Fingerabdr\u00fccken&nbsp;<\/li><li>Nachweis der Verdunstungsk\u00e4lte und Bedeutung der Schrumpelhaut<\/li><li>die Funktion und Bauweise der Haare&nbsp;&nbsp;&nbsp;<\/li><\/ul>\n\n\n\n<h3 class=\"wp-block-heading\" id=\"kein-zubehor-notig\">Kein Zubeh\u00f6r n\u00f6tig<\/h3>\n\n\n\n<p>Alle f\u00fcr die Experimente n\u00f6tigen Ger\u00e4te sind bereits im Experimentierkasten BIOLOGIE 2 enthalten, so dass kein zus\u00e4tzliches Zubeh\u00f6r erforderlich ist.<\/p>\n\n\n\n<h3 class=\"wp-block-heading\" id=\"h-begleitmaterialien\">Begleitmaterialien<\/h3>\n\n\n\n<p>Passend zum Experimentiersatz BIOLOGIE 2 sind auch ein <a href=\"https:\/\/mekruphy.com\/de\/produkte\/biologie\/biologie-arbeitshefte\/\">Sch\u00fclerheft<\/a> und ein <a href=\"https:\/\/mekruphy.com\/de\/produkte\/biologie\/biologie-arbeitshefte\/\">Lehrerheft<\/a> mit didaktischen Anweisungen und L\u00f6sungen in analoger Form erh\u00e4ltlich. Das Sch\u00fclerheft ist auch in digitaler Form erwerbbar.<\/p>\n<\/div><\/div>\n\n\n\n<div class=\"wp-block-advgb-tab advgb-tab-body-container\"><div class=\"advgb-tab-body-header advgb-tab-class- \" id=\"advgb-tab-panel-_bf82dc-18-1\" role=\"tabpanel\" aria-labelledby=\"advgb-tab-_bf82dc-18-1\" tabindex=\"0\"><span>Lieferumfang<\/span><\/div><div class=\"advgb-tab-_bf82dc-18 advgb-tab-body\" aria-labelledby=\"advgb-tab-panel-_bf82dc-18-1\" style=\"display:none\">\n<figure class=\"wp-block-table table-product-contents\"><table><tbody><tr><td>01.01.10<\/td><td>Aufbewahrungskasten<\/td><\/tr><tr><td>36.02.00<\/td><td>Ger\u00e4tegeformter Einsatz B2<\/td><\/tr><tr><td>30.03.20<\/td><td>Stiellupe, Vergr\u00f6\u00dferung 6x<\/td><\/tr><tr><td>36.04.00<\/td><td>Stempelkissen<\/td><\/tr><tr><td>01.05.00<\/td><td>Messschieber<\/td><\/tr><tr><td>36.05.00<\/td><td>Stempel<\/td><\/tr><tr><td>43.06.00<\/td><td>Kunststoffbecher 100 ml (3 St\u00fcck)<\/td><\/tr><tr><td>43.07.00<\/td><td>Vierkantmuffe P3<\/td><\/tr><tr><td>46.08.00<\/td><td>Dose mit 4 Kugeln<\/td><\/tr><tr><td>36.09.10<\/td><td>W\u00e4rmetaster rot (2 St\u00fcck)<\/td><\/tr><tr><td>36.09.20<\/td><td>W\u00e4rmetaster grau (2 St\u00fcck)<\/td><\/tr><tr><td>36.10.00<\/td><td>Klettband und Gummiringe in Dose<\/td><\/tr><tr><td>36.11.00<\/td><td>Platte mit Blindenschrift<\/td><\/tr><tr><td>03.12.00<\/td><td>Stift mit Haken 7 cm<\/td><\/tr><tr><td>10.13.00<\/td><td>Digitalthermometer W2 (-50\u00b0\/+300\u00b0C)<\/td><\/tr><tr><td>32.13.00<\/td><td>Glasscheibe 100 x 40 mm (2 St\u00fcck)<\/td><\/tr><tr><td>01.18.00<\/td><td>Stativstange 29 cm (2 St\u00fcck)<\/td><\/tr><tr><td>36.18.00<\/td><td>Kleinmuffe mit Haken und Schlitz (2 St\u00fcck)<\/td><\/tr><tr><td>01.19.00<\/td><td>Ma\u00dfband 2 m<\/td><\/tr><tr><td>02.20.00<\/td><td>Massest\u00fcck 50 g mit Schlitz<\/td><\/tr><tr><td>02.21.00<\/td><td>Massest\u00fcck 10 g mit Schlitz (5 St\u00fcck)<\/td><\/tr><tr><td>54.24.00<\/td><td>Massest\u00fcckhalter kurz<\/td><\/tr><tr><td>11.28.00<\/td><td>Massest\u00fcck 40 g mit Schlitz<\/td><\/tr><tr><td>36.29.00<\/td><td>Schwarzer Beh\u00e4lter mit 50 UV-Perlen<\/td><\/tr><\/tbody><\/table><\/figure>\n\n\n\n<p><\/p>\n<\/div><\/div>\n\n\n\n<div class=\"wp-block-advgb-tab advgb-tab-body-container\"><div class=\"advgb-tab-body-header advgb-tab-class- \" id=\"advgb-tab-panel-_bf82dc-18-2\" role=\"tabpanel\" aria-labelledby=\"advgb-tab-_bf82dc-18-2\" tabindex=\"0\"><span>Experimente<\/span><\/div><div class=\"advgb-tab-_bf82dc-18 advgb-tab-body\" aria-labelledby=\"advgb-tab-panel-_bf82dc-18-2\" style=\"display:none\">\n<p><\/p>\n\n\n\n<figure class=\"wp-block-table table-product-experiments\"><table><tbody><tr><td>B2-1<\/td><td>Die Haut unter der Lupe\u00a0<\/td><\/tr><tr><td>B2-2<\/td><td>Die Haut als Personalausweis\u00a0<\/td><\/tr><tr><td>B2-3<\/td><td>Die Haut als Detektiv<\/td><\/tr><tr><td>B2-4<\/td><td>Die Haut als Leseger\u00e4t\u00a0<\/td><\/tr><tr><td>B2-5<\/td><td>Die simultane Raumschwelle\u00a0<\/td><\/tr><tr><td>B2-6<\/td><td>Das Temperaturempfinden der Haut\u00a0<\/td><\/tr><tr><td>B2-7<\/td><td>W\u00e4rme- und K\u00e4lterezeptoren<\/td><\/tr><tr><td>B2-8<\/td><td>Abgabe von Wasser durch die Haut<\/td><\/tr><tr><td>B2-9<\/td><td>Verdunstungsk\u00e4lte<\/td><\/tr><tr><td>B2-10<\/td><td>Schrumpelhaut<\/td><\/tr><tr><td>B2-11<\/td><td>Wirkung von Sonnenschutzmitteln\u00a0<\/td><\/tr><tr><td>B2-12<\/td><td>Schutzfunktionen der Haare\u00a0<\/td><\/tr><tr><td>B2-13<\/td><td>Haare unter dem Mikroskop\u00a0<\/td><\/tr><tr><td>B2-14<\/td><td>Haare unter mechanischer Belastung<\/td><\/tr><\/tbody><\/table><\/figure>\n<\/div><\/div>\n\n\n\n<div class=\"wp-block-advgb-tab advgb-tab-body-container\"><div class=\"advgb-tab-body-header advgb-tab-class-undefined \" id=\"advgb-tab-panel-_bf82dc-18-3\" role=\"tabpanel\" aria-labelledby=\"advgb-tab-_bf82dc-18-3\" tabindex=\"0\"><span>Bilder<\/span><\/div><div class=\"advgb-tab-_bf82dc-18 advgb-tab-body\" aria-labelledby=\"advgb-tab-panel-_bf82dc-18-3\" style=\"display:none\"><div class=\"wp-block-image\">\n<figure class=\"aligncenter size-large is-resized\"><img loading=\"lazy\" decoding=\"async\" width=\"583\" height=\"577\" src=\"https:\/\/mekruphy.com\/de\/wp-content\/uploads\/2021\/03\/B2_1.png\" alt=\"Sch\u00fclerexperiment: Blindenschrift lesen\" class=\"wp-image-3212\" style=\"width:510px;height:504px\" srcset=\"https:\/\/mekruphy.com\/de\/wp-content\/uploads\/2021\/03\/B2_1.png 583w, https:\/\/mekruphy.com\/de\/wp-content\/uploads\/2021\/03\/B2_1-300x297.png 300w\" sizes=\"auto, (max-width: 583px) 100vw, 583px\" \/><\/figure>\n<\/div>\n\n\n<p>&nbsp;<\/p>\n\n\n<div class=\"wp-block-image\">\n<figure class=\"aligncenter size-large is-resized\"><img loading=\"lazy\" decoding=\"async\" width=\"487\" height=\"730\" src=\"https:\/\/mekruphy.com\/de\/wp-content\/uploads\/2021\/03\/B2_2.png\" alt=\"Versuchsaufbau Biologie 2\" class=\"wp-image-3213\" style=\"width:510px;height:764px\" srcset=\"https:\/\/mekruphy.com\/de\/wp-content\/uploads\/2021\/03\/B2_2.png 487w, https:\/\/mekruphy.com\/de\/wp-content\/uploads\/2021\/03\/B2_2-200x300.png 200w\" sizes=\"auto, (max-width: 487px) 100vw, 487px\" \/><\/figure>\n<\/div><\/div><\/div>\n<\/div><\/div>\n<style class=\"advgb-styles-renderer\">.advgb-tabs-2a335e2c-4bfb-429d-bcc4-ccc4313d74a3 ul.advgb-tabs-panel li.advgb-tab.advgb-tab-active {background-color:#5954d6 !important;color:#fff !important;}#advgb-tabs-2a335e2c-4bfb-429d-bcc4-ccc4313d74a3 .advgb-tab-body-header.header-active, .advgb-tabs-2a335e2c-4bfb-429d-bcc4-ccc4313d74a3 .advgb-tab-body-header.header-active{background-color:#5954d6 !important;color:#fff !important;}<\/style>","protected":false},"excerpt":{"rendered":"","protected":false},"author":3,"featured_media":1488,"parent":625,"menu_order":0,"comment_status":"closed","ping_status":"closed","template":"templates\/product.php","meta":{"_acf_changed":false,"_coblocks_attr":"","_coblocks_dimensions":"","_coblocks_responsive_height":"","_coblocks_accordion_ie_support":"","_eb_attr":"","advgb_blocks_editor_width":"","advgb_blocks_columns_visual_guide":"","footnotes":""},"class_list":["post-472","page","type-page","status-publish","has-post-thumbnail","hentry"],"acf":[],"yoast_head":"<!-- This site is optimized with the Yoast SEO plugin v27.4 - https:\/\/yoast.com\/product\/yoast-seo-wordpress\/ -->\n<title>Experimentiersatz BIOLOGIE 2: HAUT und HAARE - MEKRUPHY GmbH<\/title>\n<meta name=\"description\" content=\"In spannenden Experimenten mit dem Kasten BIOLOGIE 2 erfahren die Sch\u00fcler_innen, dass Haut und Haare zahlreiche Aufgaben \u00fcbernehmen.\" \/>\n<meta name=\"robots\" content=\"index, follow, max-snippet:-1, max-image-preview:large, max-video-preview:-1\" \/>\n<link rel=\"canonical\" href=\"https:\/\/mekruphy.com\/de\/produkte\/biologie\/experimentiersatz-biologie-2-haut-und-haare\/\" \/>\n<meta property=\"og:locale\" content=\"de_DE\" \/>\n<meta property=\"og:type\" content=\"article\" \/>\n<meta property=\"og:title\" content=\"Experimentiersatz BIOLOGIE 2: HAUT und HAARE - MEKRUPHY GmbH\" \/>\n<meta property=\"og:description\" content=\"In spannenden Experimenten mit dem Kasten BIOLOGIE 2 erfahren die Sch\u00fcler_innen, dass Haut und Haare zahlreiche Aufgaben \u00fcbernehmen.\" \/>\n<meta property=\"og:url\" content=\"https:\/\/mekruphy.com\/de\/produkte\/biologie\/experimentiersatz-biologie-2-haut-und-haare\/\" \/>\n<meta property=\"og:site_name\" content=\"MEKRUPHY GmbH\" \/>\n<meta property=\"article:modified_time\" content=\"2026-03-30T13:53:07+00:00\" \/>\n<meta property=\"og:image\" content=\"https:\/\/mekruphy.com\/de\/wp-content\/uploads\/2020\/07\/BIOLOGIE-2_HH.jpg\" \/>\n\t<meta property=\"og:image:width\" content=\"1800\" \/>\n\t<meta property=\"og:image:height\" content=\"1391\" \/>\n\t<meta property=\"og:image:type\" content=\"image\/jpeg\" \/>\n<meta name=\"twitter:card\" content=\"summary_large_image\" \/>\n<meta name=\"twitter:label1\" content=\"Gesch\u00e4tzte Lesezeit\" \/>\n\t<meta name=\"twitter:data1\" content=\"3\u00a0Minuten\" \/>\n<script type=\"application\/ld+json\" class=\"yoast-schema-graph\">{\"@context\":\"https:\\\/\\\/schema.org\",\"@graph\":[{\"@type\":\"WebPage\",\"@id\":\"https:\\\/\\\/mekruphy.com\\\/de\\\/produkte\\\/biologie\\\/experimentiersatz-biologie-2-haut-und-haare\\\/\",\"url\":\"https:\\\/\\\/mekruphy.com\\\/de\\\/produkte\\\/biologie\\\/experimentiersatz-biologie-2-haut-und-haare\\\/\",\"name\":\"Experimentiersatz BIOLOGIE 2: HAUT und HAARE - MEKRUPHY GmbH\",\"isPartOf\":{\"@id\":\"https:\\\/\\\/mekruphy.com\\\/de\\\/#website\"},\"primaryImageOfPage\":{\"@id\":\"https:\\\/\\\/mekruphy.com\\\/de\\\/produkte\\\/biologie\\\/experimentiersatz-biologie-2-haut-und-haare\\\/#primaryimage\"},\"image\":{\"@id\":\"https:\\\/\\\/mekruphy.com\\\/de\\\/produkte\\\/biologie\\\/experimentiersatz-biologie-2-haut-und-haare\\\/#primaryimage\"},\"thumbnailUrl\":\"https:\\\/\\\/mekruphy.com\\\/de\\\/wp-content\\\/uploads\\\/2020\\\/07\\\/BIOLOGIE-2_HH.jpg\",\"datePublished\":\"2020-07-15T10:55:25+00:00\",\"dateModified\":\"2026-03-30T13:53:07+00:00\",\"description\":\"In spannenden Experimenten mit dem Kasten BIOLOGIE 2 erfahren die Sch\u00fcler_innen, dass Haut und Haare zahlreiche Aufgaben \u00fcbernehmen.\",\"breadcrumb\":{\"@id\":\"https:\\\/\\\/mekruphy.com\\\/de\\\/produkte\\\/biologie\\\/experimentiersatz-biologie-2-haut-und-haare\\\/#breadcrumb\"},\"inLanguage\":\"de\",\"potentialAction\":[{\"@type\":\"ReadAction\",\"target\":[\"https:\\\/\\\/mekruphy.com\\\/de\\\/produkte\\\/biologie\\\/experimentiersatz-biologie-2-haut-und-haare\\\/\"]}]},{\"@type\":\"ImageObject\",\"inLanguage\":\"de\",\"@id\":\"https:\\\/\\\/mekruphy.com\\\/de\\\/produkte\\\/biologie\\\/experimentiersatz-biologie-2-haut-und-haare\\\/#primaryimage\",\"url\":\"https:\\\/\\\/mekruphy.com\\\/de\\\/wp-content\\\/uploads\\\/2020\\\/07\\\/BIOLOGIE-2_HH.jpg\",\"contentUrl\":\"https:\\\/\\\/mekruphy.com\\\/de\\\/wp-content\\\/uploads\\\/2020\\\/07\\\/BIOLOGIE-2_HH.jpg\",\"width\":1800,\"height\":1391},{\"@type\":\"BreadcrumbList\",\"@id\":\"https:\\\/\\\/mekruphy.com\\\/de\\\/produkte\\\/biologie\\\/experimentiersatz-biologie-2-haut-und-haare\\\/#breadcrumb\",\"itemListElement\":[{\"@type\":\"ListItem\",\"position\":1,\"name\":\"Startseite\",\"item\":\"https:\\\/\\\/mekruphy.com\\\/de\\\/\"},{\"@type\":\"ListItem\",\"position\":2,\"name\":\"Produkte\",\"item\":\"https:\\\/\\\/mekruphy.com\\\/de\\\/produkte\\\/\"},{\"@type\":\"ListItem\",\"position\":3,\"name\":\"Biologie\",\"item\":\"https:\\\/\\\/mekruphy.com\\\/de\\\/produkte\\\/biologie\\\/\"},{\"@type\":\"ListItem\",\"position\":4,\"name\":\"Experimentiersatz BIOLOGIE 2: HAUT und HAARE\"}]},{\"@type\":\"WebSite\",\"@id\":\"https:\\\/\\\/mekruphy.com\\\/de\\\/#website\",\"url\":\"https:\\\/\\\/mekruphy.com\\\/de\\\/\",\"name\":\"MEKRUPHY GmbH\",\"description\":\"Sch\u00fcler-Experimentierk\u00e4sten f\u00fcr den MINT-Unterricht\",\"potentialAction\":[{\"@type\":\"SearchAction\",\"target\":{\"@type\":\"EntryPoint\",\"urlTemplate\":\"https:\\\/\\\/mekruphy.com\\\/de\\\/?s={search_term_string}\"},\"query-input\":{\"@type\":\"PropertyValueSpecification\",\"valueRequired\":true,\"valueName\":\"search_term_string\"}}],\"inLanguage\":\"de\"}]}<\/script>\n<!-- \/ Yoast SEO plugin. -->","yoast_head_json":{"title":"Experimentiersatz BIOLOGIE 2: HAUT und HAARE - MEKRUPHY GmbH","description":"In spannenden Experimenten mit dem Kasten BIOLOGIE 2 erfahren die Sch\u00fcler_innen, dass Haut und Haare zahlreiche Aufgaben \u00fcbernehmen.","robots":{"index":"index","follow":"follow","max-snippet":"max-snippet:-1","max-image-preview":"max-image-preview:large","max-video-preview":"max-video-preview:-1"},"canonical":"https:\/\/mekruphy.com\/de\/produkte\/biologie\/experimentiersatz-biologie-2-haut-und-haare\/","og_locale":"de_DE","og_type":"article","og_title":"Experimentiersatz BIOLOGIE 2: HAUT und HAARE - MEKRUPHY GmbH","og_description":"In spannenden Experimenten mit dem Kasten BIOLOGIE 2 erfahren die Sch\u00fcler_innen, dass Haut und Haare zahlreiche Aufgaben \u00fcbernehmen.","og_url":"https:\/\/mekruphy.com\/de\/produkte\/biologie\/experimentiersatz-biologie-2-haut-und-haare\/","og_site_name":"MEKRUPHY GmbH","article_modified_time":"2026-03-30T13:53:07+00:00","og_image":[{"width":1800,"height":1391,"url":"https:\/\/mekruphy.com\/de\/wp-content\/uploads\/2020\/07\/BIOLOGIE-2_HH.jpg","type":"image\/jpeg"}],"twitter_card":"summary_large_image","twitter_misc":{"Gesch\u00e4tzte Lesezeit":"3\u00a0Minuten"},"schema":{"@context":"https:\/\/schema.org","@graph":[{"@type":"WebPage","@id":"https:\/\/mekruphy.com\/de\/produkte\/biologie\/experimentiersatz-biologie-2-haut-und-haare\/","url":"https:\/\/mekruphy.com\/de\/produkte\/biologie\/experimentiersatz-biologie-2-haut-und-haare\/","name":"Experimentiersatz BIOLOGIE 2: HAUT und HAARE - MEKRUPHY GmbH","isPartOf":{"@id":"https:\/\/mekruphy.com\/de\/#website"},"primaryImageOfPage":{"@id":"https:\/\/mekruphy.com\/de\/produkte\/biologie\/experimentiersatz-biologie-2-haut-und-haare\/#primaryimage"},"image":{"@id":"https:\/\/mekruphy.com\/de\/produkte\/biologie\/experimentiersatz-biologie-2-haut-und-haare\/#primaryimage"},"thumbnailUrl":"https:\/\/mekruphy.com\/de\/wp-content\/uploads\/2020\/07\/BIOLOGIE-2_HH.jpg","datePublished":"2020-07-15T10:55:25+00:00","dateModified":"2026-03-30T13:53:07+00:00","description":"In spannenden Experimenten mit dem Kasten BIOLOGIE 2 erfahren die Sch\u00fcler_innen, dass Haut und Haare zahlreiche Aufgaben \u00fcbernehmen.","breadcrumb":{"@id":"https:\/\/mekruphy.com\/de\/produkte\/biologie\/experimentiersatz-biologie-2-haut-und-haare\/#breadcrumb"},"inLanguage":"de","potentialAction":[{"@type":"ReadAction","target":["https:\/\/mekruphy.com\/de\/produkte\/biologie\/experimentiersatz-biologie-2-haut-und-haare\/"]}]},{"@type":"ImageObject","inLanguage":"de","@id":"https:\/\/mekruphy.com\/de\/produkte\/biologie\/experimentiersatz-biologie-2-haut-und-haare\/#primaryimage","url":"https:\/\/mekruphy.com\/de\/wp-content\/uploads\/2020\/07\/BIOLOGIE-2_HH.jpg","contentUrl":"https:\/\/mekruphy.com\/de\/wp-content\/uploads\/2020\/07\/BIOLOGIE-2_HH.jpg","width":1800,"height":1391},{"@type":"BreadcrumbList","@id":"https:\/\/mekruphy.com\/de\/produkte\/biologie\/experimentiersatz-biologie-2-haut-und-haare\/#breadcrumb","itemListElement":[{"@type":"ListItem","position":1,"name":"Startseite","item":"https:\/\/mekruphy.com\/de\/"},{"@type":"ListItem","position":2,"name":"Produkte","item":"https:\/\/mekruphy.com\/de\/produkte\/"},{"@type":"ListItem","position":3,"name":"Biologie","item":"https:\/\/mekruphy.com\/de\/produkte\/biologie\/"},{"@type":"ListItem","position":4,"name":"Experimentiersatz BIOLOGIE 2: HAUT und HAARE"}]},{"@type":"WebSite","@id":"https:\/\/mekruphy.com\/de\/#website","url":"https:\/\/mekruphy.com\/de\/","name":"MEKRUPHY GmbH","description":"Sch\u00fcler-Experimentierk\u00e4sten f\u00fcr den MINT-Unterricht","potentialAction":[{"@type":"SearchAction","target":{"@type":"EntryPoint","urlTemplate":"https:\/\/mekruphy.com\/de\/?s={search_term_string}"},"query-input":{"@type":"PropertyValueSpecification","valueRequired":true,"valueName":"search_term_string"}}],"inLanguage":"de"}]}},"coauthors":[],"author_meta":{"author_link":"https:\/\/mekruphy.com\/de\/author\/steps-sync\/","display_name":"Steps Sync"},"relative_dates":{"created":"Ver\u00f6ffentlicht 6\u00a0Jahren vor","modified":"Aktualisiert 1\u00a0Monat vor"},"absolute_dates":{"created":"Ver\u00f6ffentlicht am 15. Juli 2020","modified":"Aktualisiert am 30. M\u00e4rz 2026"},"absolute_dates_time":{"created":"Ver\u00f6ffentlicht am 15. Juli 2020 12:55","modified":"Aktualisiert am 30. M\u00e4rz 2026 15:53"},"featured_img_caption":"","featured_img":"https:\/\/mekruphy.com\/de\/wp-content\/uploads\/2020\/07\/BIOLOGIE-2_HH.jpg","series_order":"","_links":{"self":[{"href":"https:\/\/mekruphy.com\/de\/wp-json\/wp\/v2\/pages\/472","targetHints":{"allow":["GET"]}}],"collection":[{"href":"https:\/\/mekruphy.com\/de\/wp-json\/wp\/v2\/pages"}],"about":[{"href":"https:\/\/mekruphy.com\/de\/wp-json\/wp\/v2\/types\/page"}],"author":[{"embeddable":true,"href":"https:\/\/mekruphy.com\/de\/wp-json\/wp\/v2\/users\/3"}],"replies":[{"embeddable":true,"href":"https:\/\/mekruphy.com\/de\/wp-json\/wp\/v2\/comments?post=472"}],"version-history":[{"count":15,"href":"https:\/\/mekruphy.com\/de\/wp-json\/wp\/v2\/pages\/472\/revisions"}],"predecessor-version":[{"id":9278,"href":"https:\/\/mekruphy.com\/de\/wp-json\/wp\/v2\/pages\/472\/revisions\/9278"}],"up":[{"embeddable":true,"href":"https:\/\/mekruphy.com\/de\/wp-json\/wp\/v2\/pages\/625"}],"wp:featuredmedia":[{"embeddable":true,"href":"https:\/\/mekruphy.com\/de\/wp-json\/wp\/v2\/media\/1488"}],"wp:attachment":[{"href":"https:\/\/mekruphy.com\/de\/wp-json\/wp\/v2\/media?parent=472"}],"curies":[{"name":"wp","href":"https:\/\/api.w.org\/{rel}","templated":true}]}}