{"id":476,"date":"2020-07-15T12:55:31","date_gmt":"2020-07-15T10:55:31","guid":{"rendered":"https:\/\/mekruphy.com\/de\/experimentiersatz-biologie-3-auge\/"},"modified":"2026-03-30T16:31:42","modified_gmt":"2026-03-30T14:31:42","slug":"experimentiersatz-biologie-3-auge","status":"publish","type":"page","link":"https:\/\/mekruphy.com\/de\/produkte\/biologie\/experimentiersatz-biologie-3-auge\/","title":{"rendered":"Experimentiersatz BIOLOGIE 3: AUGE"},"content":{"rendered":"<div class=\"yoast-breadcrumbs breadcrumbs-indented\"><span><span><a href=\"https:\/\/mekruphy.com\/de\/\">Startseite<\/a><\/span> \u00bb <span><a href=\"https:\/\/mekruphy.com\/de\/produkte\/\">Produkte<\/a><\/span> \u00bb <span><a href=\"https:\/\/mekruphy.com\/de\/produkte\/biologie\/\">Biologie<\/a><\/span> \u00bb <span class=\"breadcrumb_last\" aria-current=\"page\">Experimentiersatz BIOLOGIE 3: AUGE<\/span><\/span><\/div>\n\n\n<div class=\"wp-block-advgb-adv-tabs advgb-tabs-wrapper advgb-tab-horz-desktop advgb-tab-vert-tablet advgb-tab-stack-mobile advgb-tabs-35c3915d-c558-4d58-83b2-85373e1fe8cf\" data-tab-active=\"0\"><ul class=\"advgb-tabs-panel\" role=\"tablist\"><li class=\"advgb-tab advgb-tab-active\" role=\"presentation\" style=\"background-color:#e0e0e0;border-style:solid;border-width:1px;border-radius:10px\"><button class=\"advgb-tab-button\" id=\"advgb-tab-_c3915d-c5-0\" aria-controls=\"advgb-tab-panel-_c3915d-c5-0\" role=\"tab\" aria-selected=\"true\" tabindex=\"0\" style=\"color:#fff;background:none;border:none;width:100%;text-align:inherit;cursor:pointer;padding:8px 16px;font:inherit\"><span>Beschreibung<\/span><\/button><\/li><li class=\"advgb-tab \" role=\"presentation\" style=\"background-color:#e0e0e0;border-style:solid;border-width:1px;border-radius:10px\"><button class=\"advgb-tab-button\" id=\"advgb-tab-_c3915d-c5-1\" aria-controls=\"advgb-tab-panel-_c3915d-c5-1\" role=\"tab\" aria-selected=\"false\" tabindex=\"0\" style=\"color:#fff;background:none;border:none;width:100%;text-align:inherit;cursor:pointer;padding:8px 16px;font:inherit\"><span>Lieferumfang<\/span><\/button><\/li><li class=\"advgb-tab \" role=\"presentation\" style=\"background-color:#e0e0e0;border-style:solid;border-width:1px;border-radius:10px\"><button class=\"advgb-tab-button\" id=\"advgb-tab-_c3915d-c5-2\" aria-controls=\"advgb-tab-panel-_c3915d-c5-2\" role=\"tab\" aria-selected=\"false\" tabindex=\"0\" style=\"color:#fff;background:none;border:none;width:100%;text-align:inherit;cursor:pointer;padding:8px 16px;font:inherit\"><span>Experimente<\/span><\/button><\/li><li class=\"advgb-tab \" role=\"presentation\" style=\"background-color:#e0e0e0;border-style:solid;border-width:1px;border-radius:10px\"><button class=\"advgb-tab-button\" id=\"advgb-tab-_c3915d-c5-3\" aria-controls=\"advgb-tab-panel-_c3915d-c5-3\" role=\"tab\" aria-selected=\"false\" tabindex=\"0\" style=\"color:#fff;background:none;border:none;width:100%;text-align:inherit;cursor:pointer;padding:8px 16px;font:inherit\"><span>Bilder<\/span><\/button><\/li><\/ul><div class=\"advgb-tab-body-wrapper\" style=\"border-style:solid;border-width:1px;border-radius:10px\">\n<div class=\"wp-block-advgb-tab advgb-tab-body-container\"><div class=\"advgb-tab-body-header advgb-tab-class- header-active\" id=\"advgb-tab-panel-_c3915d-c5-0\" role=\"tabpanel\" aria-labelledby=\"advgb-tab-_c3915d-c5-0\" tabindex=\"0\"><span>Beschreibung<\/span><\/div><div class=\"advgb-tab-_c3915d-c5 advgb-tab-body\" aria-labelledby=\"advgb-tab-panel-_c3915d-c5-0\" style=\"display:block\">\n<h2 class=\"wp-block-heading\" id=\"kompakt-und-vielseitig\">Kompakt und vielseitig<\/h2>\n\n\n\n<p>Der Experimentiersatz BIOLOGIE 3 macht die Grund\u00adlagen des Sehens von der Bildent\u00adstehung im Auge bis zur neuronalen Verarbeitung des Sehein\u00addrucks in spannenden Sch\u00fclerexpe\u00adrimenten prak\u00adtisch erfahrbar. Dabei las\u00adsen sich <\/p>\n\n\n\n<ul class=\"wp-block-list\">\n<li>die Funktionsweise der Iris, <\/li>\n\n\n\n<li>das Farbensehen, der Blinde Fleck <\/li>\n\n\n\n<li>das r\u00e4umliche Sehen <\/li>\n<\/ul>\n\n\n\n<p>mit einfa\u00adchen Aufbau\u00adten experimentell nachvollzie\u00adhen. <\/p>\n\n\n\n<p>Auf der Kurzschiene k\u00f6nnen sich die Sch\u00fclerin\u00adnen und Sch\u00fcler eindrucksvoll von der optischen Wirkung verschiedener Lin\u00adsenarten und -st\u00e4rken bei der Korrektur von Sehfehlern \u00fcberzeugen. Experimen\u00adte <\/p>\n\n\n\n<ul class=\"wp-block-list\">\n<li>zum Nachbild,<\/li>\n\n\n\n<li>zur Tr\u00e4gheit des Auges <\/li>\n\n\n\n<li>zum Komplement\u00e4rfarbensehen <\/li>\n<\/ul>\n\n\n\n<p>er\u00adlauben genaue R\u00fcckschl\u00fcsse auf die Physiologie von St\u00e4b\u00adchen und Zapfen.&nbsp;<\/p>\n\n\n\n<h2 class=\"wp-block-heading\" id=\"linse-mit-variabler-brennweite\">Linse mit variabler Brennweite<\/h2>\n\n\n\n<p>Mit einer stufenlos verformbaren Linse wird der Akkommodationsmechanismus der elasti\u00adschen Augenlinse mit ihrer zir\u00adkularen Aufh\u00e4n\u00adgung erstmals einfach und plausibel demons\u00adtriert. Auf diese Weise l\u00e4sst sich die Wir\u00adkungsweise der Linse im Zusammenspiel mit der Irisblende bei der Entste\u00adhung einer schar\u00adfen, gut ausge\u00adleuchteten Abbildung auf der Netzhaut \u00fcberzeugend darstellen.<\/p>\n\n\n\n<p><\/p>\n\n\n\n<h3 class=\"wp-block-heading\" id=\"h-begleitmaterialien\">Begleitmaterialien<\/h3>\n\n\n\n<p>Passend zum Experimentiersatz BIOLOGIE 3 sind auch ein <a href=\"https:\/\/mekruphy.com\/de\/produkte\/biologie\/biologie-arbeitshefte\/\">Sch\u00fclerheft<\/a> und ein <a href=\"https:\/\/mekruphy.com\/de\/produkte\/biologie\/biologie-arbeitshefte\/\">Lehrerheft<\/a> mit didaktischen Anweisungen und L\u00f6sungen in analoger Form erh\u00e4ltlich. Das Sch\u00fclerheft ist auch in digitaler Form erwerbbar.<\/p>\n<\/div><\/div>\n\n\n\n<div class=\"wp-block-advgb-tab advgb-tab-body-container\"><div class=\"advgb-tab-body-header advgb-tab-class- \" id=\"advgb-tab-panel-_c3915d-c5-1\" role=\"tabpanel\" aria-labelledby=\"advgb-tab-_c3915d-c5-1\" tabindex=\"0\"><span>Lieferumfang<\/span><\/div><div class=\"advgb-tab-_c3915d-c5 advgb-tab-body\" aria-labelledby=\"advgb-tab-panel-_c3915d-c5-1\" style=\"display:none\">\n<figure class=\"wp-block-table table-product-contents\"><table><tbody><tr><td>01.01.10<\/td><td>Aufbewahrungskasten<\/td><\/tr><tr><td>34.02.00<\/td><td>Ger\u00e4tegeformter Einsatz B3<\/td><\/tr><tr><td>41.03.00<\/td><td>Stableuchte<\/td><\/tr><tr><td>34.04.00<\/td><td>Stativstab<\/td><\/tr><tr><td>05.05.00<\/td><td>Schirm transparent<\/td><\/tr><tr><td>05.06.00<\/td><td>Linse +50 in Fassung<\/td><\/tr><tr><td>05.07.00<\/td><td>Linse +100 in Fassung<\/td><\/tr><tr><td>41.07.10<\/td><td>Wei\u00dfe Platte mit Farbfeldern<\/td><\/tr><tr><td>41.08.00<\/td><td>Kreisel<\/td><\/tr><tr><td>05.09.00<\/td><td>Linse -100 in Linsenhalter<\/td><\/tr><tr><td>34.10.00<\/td><td>Leuchtenhalter<\/td><\/tr><tr><td>05.11.00<\/td><td>Linsenhalter einfach (2 St\u00fcck)<\/td><\/tr><tr><td>34.12.10<\/td><td>Farbenblende blau B3<\/td><\/tr><tr><td>34.12.20<\/td><td>Farbenblende gr\u00fcn B3<\/td><\/tr><tr><td>34.12.30<\/td><td>Farbenblende rot B3<\/td><\/tr><tr><td>04.13.00<\/td><td>Subtraktiv-Filter Gelb<\/td><\/tr><tr><td>04.14.00<\/td><td>Subtraktiv-Filter Magenta<\/td><\/tr><tr><td>04.15.00<\/td><td>Subtraktiv-Filter Cyan<\/td><\/tr><tr><td>05.15.00<\/td><td>Reiter einfach (2 St\u00fcck)<\/td><\/tr><tr><td>05.16.00<\/td><td>Reiter mit Schlitz<\/td><\/tr><tr><td>34.17.00<\/td><td>F-Blendenhalter<\/td><\/tr><tr><td>34.18.00<\/td><td>Platte Blinder Fleck<\/td><\/tr><tr><td>34.19.00<\/td><td>Schiene<\/td><\/tr><tr><td>34.20.00<\/td><td>F-Blende mit Loch<\/td><\/tr><tr><td>34.21.00<\/td><td>Irisblende auf Linsenhalter<\/td><\/tr><tr><td>34.22.00<\/td><td>Linse mit variabler Brennweite auf Linsenhalter<\/td><\/tr><tr><td>02.23.00<\/td><td>Reiter mit Schraube (2 St\u00fcck)<\/td><\/tr><\/tbody><\/table><\/figure>\n\n\n\n<p><\/p>\n<\/div><\/div>\n\n\n\n<div class=\"wp-block-advgb-tab advgb-tab-body-container\"><div class=\"advgb-tab-body-header advgb-tab-class- \" id=\"advgb-tab-panel-_c3915d-c5-2\" role=\"tabpanel\" aria-labelledby=\"advgb-tab-_c3915d-c5-2\" tabindex=\"0\"><span>Experimente<\/span><\/div><div class=\"advgb-tab-_c3915d-c5 advgb-tab-body\" aria-labelledby=\"advgb-tab-panel-_c3915d-c5-2\" style=\"display:none\">\n<p><\/p>\n\n\n\n<figure class=\"wp-block-table table-product-experiments\"><table><tbody><tr><td>B3-1<\/td><td>Bildentstehung im Auge\u00a0<\/td><\/tr><tr><td>B3-2<\/td><td>Akkommodation<\/td><\/tr><tr><td>B3-3<\/td><td>Pupillenreflex\u00a0<\/td><\/tr><tr><td>B3-4<\/td><td>Pupillenfunktion<\/td><\/tr><tr><td>B3-5<\/td><td>Nahpunkt\u00a0<\/td><\/tr><tr><td>B3-6<\/td><td>Konvex- und Konkavlinsen\u00a0<\/td><\/tr><tr><td>B3-7<\/td><td>Kurzsichtigkeit und Weitsichtigkeit<\/td><\/tr><tr><td>B3-8<\/td><td>R\u00e4umliches Sehen\u00a0<\/td><\/tr><tr><td>B3-9<\/td><td>St\u00e4bchen und Zapfen 1\u00a0<\/td><\/tr><tr><td>B3-10<\/td><td>St\u00e4bchen und Zapfen 2\u00a0<\/td><\/tr><tr><td>B3-11<\/td><td>Blinder Fleck\u00a0<\/td><\/tr><tr><td>B3-12<\/td><td>Phantombild 1\u00a0<\/td><\/tr><tr><td>B3-13<\/td><td>Phantombild 2\u00a0<\/td><\/tr><tr><td>B3-14<\/td><td>Additive Farbmischung<\/td><\/tr><tr><td>B3-15<\/td><td>Subtraktive Farbmischung<\/td><\/tr><\/tbody><\/table><\/figure>\n<\/div><\/div>\n\n\n\n<div class=\"wp-block-advgb-tab advgb-tab-body-container\"><div class=\"advgb-tab-body-header advgb-tab-class-undefined \" id=\"advgb-tab-panel-_c3915d-c5-3\" role=\"tabpanel\" aria-labelledby=\"advgb-tab-_c3915d-c5-3\" tabindex=\"0\"><span>Bilder<\/span><\/div><div class=\"advgb-tab-_c3915d-c5 advgb-tab-body\" aria-labelledby=\"advgb-tab-panel-_c3915d-c5-3\" style=\"display:none\"><div class=\"wp-block-image\">\n<figure class=\"aligncenter size-large is-resized\"><img loading=\"lazy\" decoding=\"async\" width=\"514\" height=\"681\" src=\"https:\/\/mekruphy.com\/de\/wp-content\/uploads\/2021\/03\/B3_1.png\" alt=\"Bildentstehung im Auge\" class=\"wp-image-3214\" style=\"width:510px;height:676px\" srcset=\"https:\/\/mekruphy.com\/de\/wp-content\/uploads\/2021\/03\/B3_1.png 514w, https:\/\/mekruphy.com\/de\/wp-content\/uploads\/2021\/03\/B3_1-226x300.png 226w\" sizes=\"auto, (max-width: 514px) 100vw, 514px\" \/><\/figure>\n<\/div>\n\n\n<p>&nbsp;<\/p>\n\n\n<div class=\"wp-block-image\">\n<figure class=\"aligncenter size-large is-resized\"><img loading=\"lazy\" decoding=\"async\" width=\"449\" height=\"622\" src=\"https:\/\/mekruphy.com\/de\/wp-content\/uploads\/2021\/03\/B3_2.png\" alt=\"Verstellbare Linse\" class=\"wp-image-3215\" style=\"width:510px;height:706px\" srcset=\"https:\/\/mekruphy.com\/de\/wp-content\/uploads\/2021\/03\/B3_2.png 449w, https:\/\/mekruphy.com\/de\/wp-content\/uploads\/2021\/03\/B3_2-217x300.png 217w\" sizes=\"auto, (max-width: 449px) 100vw, 449px\" \/><\/figure>\n<\/div><\/div><\/div>\n<\/div><\/div>\n\n\n\n<p><\/p>\n<style class=\"advgb-styles-renderer\">.advgb-tabs-35c3915d-c558-4d58-83b2-85373e1fe8cf ul.advgb-tabs-panel li.advgb-tab.advgb-tab-active {background-color:#5954d6 !important;color:#fff !important;}#advgb-tabs-35c3915d-c558-4d58-83b2-85373e1fe8cf .advgb-tab-body-header.header-active, .advgb-tabs-35c3915d-c558-4d58-83b2-85373e1fe8cf .advgb-tab-body-header.header-active{background-color:#5954d6 !important;color:#fff !important;}<\/style>","protected":false},"excerpt":{"rendered":"","protected":false},"author":3,"featured_media":1491,"parent":625,"menu_order":0,"comment_status":"closed","ping_status":"closed","template":"templates\/product.php","meta":{"_acf_changed":false,"_coblocks_attr":"","_coblocks_dimensions":"","_coblocks_responsive_height":"","_coblocks_accordion_ie_support":"","_eb_attr":"","advgb_blocks_editor_width":"","advgb_blocks_columns_visual_guide":"","footnotes":""},"class_list":["post-476","page","type-page","status-publish","has-post-thumbnail","hentry"],"acf":[],"yoast_head":"<!-- This site is optimized with the Yoast SEO plugin v27.3 - https:\/\/yoast.com\/product\/yoast-seo-wordpress\/ -->\n<title>Experimentiersatz BIOLOGIE 3: AUGE - MEKRUPHY GmbH<\/title>\n<meta name=\"description\" content=\"Der Experimentiersatz BIOLOGIE 3 macht die Grundlagen des Sehens in spannenden Sch\u00fclerexperimenten im Biologieunterricht praktisch erfahrbar.\" \/>\n<meta name=\"robots\" content=\"index, follow, max-snippet:-1, max-image-preview:large, max-video-preview:-1\" \/>\n<link rel=\"canonical\" href=\"https:\/\/mekruphy.com\/de\/produkte\/biologie\/experimentiersatz-biologie-3-auge\/\" \/>\n<meta property=\"og:locale\" content=\"de_DE\" \/>\n<meta property=\"og:type\" content=\"article\" \/>\n<meta property=\"og:title\" content=\"Experimentiersatz BIOLOGIE 3: AUGE - MEKRUPHY GmbH\" \/>\n<meta property=\"og:description\" content=\"Der Experimentiersatz BIOLOGIE 3 macht die Grundlagen des Sehens in spannenden Sch\u00fclerexperimenten im Biologieunterricht praktisch erfahrbar.\" \/>\n<meta property=\"og:url\" content=\"https:\/\/mekruphy.com\/de\/produkte\/biologie\/experimentiersatz-biologie-3-auge\/\" \/>\n<meta property=\"og:site_name\" content=\"MEKRUPHY GmbH\" \/>\n<meta property=\"article:modified_time\" content=\"2026-03-30T14:31:42+00:00\" \/>\n<meta property=\"og:image\" content=\"https:\/\/mekruphy.com\/de\/wp-content\/uploads\/2020\/07\/BIOLOGIE-3_AU.jpg\" \/>\n\t<meta property=\"og:image:width\" content=\"1800\" \/>\n\t<meta property=\"og:image:height\" content=\"1392\" \/>\n\t<meta property=\"og:image:type\" content=\"image\/jpeg\" \/>\n<meta name=\"twitter:card\" content=\"summary_large_image\" \/>\n<meta name=\"twitter:label1\" content=\"Gesch\u00e4tzte Lesezeit\" \/>\n\t<meta name=\"twitter:data1\" content=\"3\u00a0Minuten\" \/>\n<script type=\"application\/ld+json\" class=\"yoast-schema-graph\">{\"@context\":\"https:\\\/\\\/schema.org\",\"@graph\":[{\"@type\":\"WebPage\",\"@id\":\"https:\\\/\\\/mekruphy.com\\\/de\\\/produkte\\\/biologie\\\/experimentiersatz-biologie-3-auge\\\/\",\"url\":\"https:\\\/\\\/mekruphy.com\\\/de\\\/produkte\\\/biologie\\\/experimentiersatz-biologie-3-auge\\\/\",\"name\":\"Experimentiersatz BIOLOGIE 3: AUGE - MEKRUPHY GmbH\",\"isPartOf\":{\"@id\":\"https:\\\/\\\/mekruphy.com\\\/de\\\/#website\"},\"primaryImageOfPage\":{\"@id\":\"https:\\\/\\\/mekruphy.com\\\/de\\\/produkte\\\/biologie\\\/experimentiersatz-biologie-3-auge\\\/#primaryimage\"},\"image\":{\"@id\":\"https:\\\/\\\/mekruphy.com\\\/de\\\/produkte\\\/biologie\\\/experimentiersatz-biologie-3-auge\\\/#primaryimage\"},\"thumbnailUrl\":\"https:\\\/\\\/mekruphy.com\\\/de\\\/wp-content\\\/uploads\\\/2020\\\/07\\\/BIOLOGIE-3_AU.jpg\",\"datePublished\":\"2020-07-15T10:55:31+00:00\",\"dateModified\":\"2026-03-30T14:31:42+00:00\",\"description\":\"Der Experimentiersatz BIOLOGIE 3 macht die Grundlagen des Sehens in spannenden Sch\u00fclerexperimenten im Biologieunterricht praktisch erfahrbar.\",\"breadcrumb\":{\"@id\":\"https:\\\/\\\/mekruphy.com\\\/de\\\/produkte\\\/biologie\\\/experimentiersatz-biologie-3-auge\\\/#breadcrumb\"},\"inLanguage\":\"de\",\"potentialAction\":[{\"@type\":\"ReadAction\",\"target\":[\"https:\\\/\\\/mekruphy.com\\\/de\\\/produkte\\\/biologie\\\/experimentiersatz-biologie-3-auge\\\/\"]}]},{\"@type\":\"ImageObject\",\"inLanguage\":\"de\",\"@id\":\"https:\\\/\\\/mekruphy.com\\\/de\\\/produkte\\\/biologie\\\/experimentiersatz-biologie-3-auge\\\/#primaryimage\",\"url\":\"https:\\\/\\\/mekruphy.com\\\/de\\\/wp-content\\\/uploads\\\/2020\\\/07\\\/BIOLOGIE-3_AU.jpg\",\"contentUrl\":\"https:\\\/\\\/mekruphy.com\\\/de\\\/wp-content\\\/uploads\\\/2020\\\/07\\\/BIOLOGIE-3_AU.jpg\",\"width\":1800,\"height\":1392},{\"@type\":\"BreadcrumbList\",\"@id\":\"https:\\\/\\\/mekruphy.com\\\/de\\\/produkte\\\/biologie\\\/experimentiersatz-biologie-3-auge\\\/#breadcrumb\",\"itemListElement\":[{\"@type\":\"ListItem\",\"position\":1,\"name\":\"Startseite\",\"item\":\"https:\\\/\\\/mekruphy.com\\\/de\\\/\"},{\"@type\":\"ListItem\",\"position\":2,\"name\":\"Produkte\",\"item\":\"https:\\\/\\\/mekruphy.com\\\/de\\\/produkte\\\/\"},{\"@type\":\"ListItem\",\"position\":3,\"name\":\"Biologie\",\"item\":\"https:\\\/\\\/mekruphy.com\\\/de\\\/produkte\\\/biologie\\\/\"},{\"@type\":\"ListItem\",\"position\":4,\"name\":\"Experimentiersatz BIOLOGIE 3: AUGE\"}]},{\"@type\":\"WebSite\",\"@id\":\"https:\\\/\\\/mekruphy.com\\\/de\\\/#website\",\"url\":\"https:\\\/\\\/mekruphy.com\\\/de\\\/\",\"name\":\"MEKRUPHY GmbH\",\"description\":\"Sch\u00fcler-Experimentierk\u00e4sten f\u00fcr den MINT-Unterricht\",\"potentialAction\":[{\"@type\":\"SearchAction\",\"target\":{\"@type\":\"EntryPoint\",\"urlTemplate\":\"https:\\\/\\\/mekruphy.com\\\/de\\\/?s={search_term_string}\"},\"query-input\":{\"@type\":\"PropertyValueSpecification\",\"valueRequired\":true,\"valueName\":\"search_term_string\"}}],\"inLanguage\":\"de\"}]}<\/script>\n<!-- \/ Yoast SEO plugin. -->","yoast_head_json":{"title":"Experimentiersatz BIOLOGIE 3: AUGE - MEKRUPHY GmbH","description":"Der Experimentiersatz BIOLOGIE 3 macht die Grundlagen des Sehens in spannenden Sch\u00fclerexperimenten im Biologieunterricht praktisch erfahrbar.","robots":{"index":"index","follow":"follow","max-snippet":"max-snippet:-1","max-image-preview":"max-image-preview:large","max-video-preview":"max-video-preview:-1"},"canonical":"https:\/\/mekruphy.com\/de\/produkte\/biologie\/experimentiersatz-biologie-3-auge\/","og_locale":"de_DE","og_type":"article","og_title":"Experimentiersatz BIOLOGIE 3: AUGE - MEKRUPHY GmbH","og_description":"Der Experimentiersatz BIOLOGIE 3 macht die Grundlagen des Sehens in spannenden Sch\u00fclerexperimenten im Biologieunterricht praktisch erfahrbar.","og_url":"https:\/\/mekruphy.com\/de\/produkte\/biologie\/experimentiersatz-biologie-3-auge\/","og_site_name":"MEKRUPHY GmbH","article_modified_time":"2026-03-30T14:31:42+00:00","og_image":[{"width":1800,"height":1392,"url":"https:\/\/mekruphy.com\/de\/wp-content\/uploads\/2020\/07\/BIOLOGIE-3_AU.jpg","type":"image\/jpeg"}],"twitter_card":"summary_large_image","twitter_misc":{"Gesch\u00e4tzte Lesezeit":"3\u00a0Minuten"},"schema":{"@context":"https:\/\/schema.org","@graph":[{"@type":"WebPage","@id":"https:\/\/mekruphy.com\/de\/produkte\/biologie\/experimentiersatz-biologie-3-auge\/","url":"https:\/\/mekruphy.com\/de\/produkte\/biologie\/experimentiersatz-biologie-3-auge\/","name":"Experimentiersatz BIOLOGIE 3: AUGE - MEKRUPHY GmbH","isPartOf":{"@id":"https:\/\/mekruphy.com\/de\/#website"},"primaryImageOfPage":{"@id":"https:\/\/mekruphy.com\/de\/produkte\/biologie\/experimentiersatz-biologie-3-auge\/#primaryimage"},"image":{"@id":"https:\/\/mekruphy.com\/de\/produkte\/biologie\/experimentiersatz-biologie-3-auge\/#primaryimage"},"thumbnailUrl":"https:\/\/mekruphy.com\/de\/wp-content\/uploads\/2020\/07\/BIOLOGIE-3_AU.jpg","datePublished":"2020-07-15T10:55:31+00:00","dateModified":"2026-03-30T14:31:42+00:00","description":"Der Experimentiersatz BIOLOGIE 3 macht die Grundlagen des Sehens in spannenden Sch\u00fclerexperimenten im Biologieunterricht praktisch erfahrbar.","breadcrumb":{"@id":"https:\/\/mekruphy.com\/de\/produkte\/biologie\/experimentiersatz-biologie-3-auge\/#breadcrumb"},"inLanguage":"de","potentialAction":[{"@type":"ReadAction","target":["https:\/\/mekruphy.com\/de\/produkte\/biologie\/experimentiersatz-biologie-3-auge\/"]}]},{"@type":"ImageObject","inLanguage":"de","@id":"https:\/\/mekruphy.com\/de\/produkte\/biologie\/experimentiersatz-biologie-3-auge\/#primaryimage","url":"https:\/\/mekruphy.com\/de\/wp-content\/uploads\/2020\/07\/BIOLOGIE-3_AU.jpg","contentUrl":"https:\/\/mekruphy.com\/de\/wp-content\/uploads\/2020\/07\/BIOLOGIE-3_AU.jpg","width":1800,"height":1392},{"@type":"BreadcrumbList","@id":"https:\/\/mekruphy.com\/de\/produkte\/biologie\/experimentiersatz-biologie-3-auge\/#breadcrumb","itemListElement":[{"@type":"ListItem","position":1,"name":"Startseite","item":"https:\/\/mekruphy.com\/de\/"},{"@type":"ListItem","position":2,"name":"Produkte","item":"https:\/\/mekruphy.com\/de\/produkte\/"},{"@type":"ListItem","position":3,"name":"Biologie","item":"https:\/\/mekruphy.com\/de\/produkte\/biologie\/"},{"@type":"ListItem","position":4,"name":"Experimentiersatz BIOLOGIE 3: AUGE"}]},{"@type":"WebSite","@id":"https:\/\/mekruphy.com\/de\/#website","url":"https:\/\/mekruphy.com\/de\/","name":"MEKRUPHY GmbH","description":"Sch\u00fcler-Experimentierk\u00e4sten f\u00fcr den MINT-Unterricht","potentialAction":[{"@type":"SearchAction","target":{"@type":"EntryPoint","urlTemplate":"https:\/\/mekruphy.com\/de\/?s={search_term_string}"},"query-input":{"@type":"PropertyValueSpecification","valueRequired":true,"valueName":"search_term_string"}}],"inLanguage":"de"}]}},"coauthors":[],"author_meta":{"author_link":"https:\/\/mekruphy.com\/de\/author\/steps-sync\/","display_name":"Steps Sync"},"relative_dates":{"created":"Ver\u00f6ffentlicht 6\u00a0Jahren vor","modified":"Aktualisiert 2\u00a0Wochen vor"},"absolute_dates":{"created":"Ver\u00f6ffentlicht am 15. Juli 2020","modified":"Aktualisiert am 30. M\u00e4rz 2026"},"absolute_dates_time":{"created":"Ver\u00f6ffentlicht am 15. Juli 2020 12:55","modified":"Aktualisiert am 30. M\u00e4rz 2026 16:31"},"featured_img_caption":"","featured_img":"https:\/\/mekruphy.com\/de\/wp-content\/uploads\/2020\/07\/BIOLOGIE-3_AU.jpg","series_order":"","_links":{"self":[{"href":"https:\/\/mekruphy.com\/de\/wp-json\/wp\/v2\/pages\/476","targetHints":{"allow":["GET"]}}],"collection":[{"href":"https:\/\/mekruphy.com\/de\/wp-json\/wp\/v2\/pages"}],"about":[{"href":"https:\/\/mekruphy.com\/de\/wp-json\/wp\/v2\/types\/page"}],"author":[{"embeddable":true,"href":"https:\/\/mekruphy.com\/de\/wp-json\/wp\/v2\/users\/3"}],"replies":[{"embeddable":true,"href":"https:\/\/mekruphy.com\/de\/wp-json\/wp\/v2\/comments?post=476"}],"version-history":[{"count":15,"href":"https:\/\/mekruphy.com\/de\/wp-json\/wp\/v2\/pages\/476\/revisions"}],"predecessor-version":[{"id":9287,"href":"https:\/\/mekruphy.com\/de\/wp-json\/wp\/v2\/pages\/476\/revisions\/9287"}],"up":[{"embeddable":true,"href":"https:\/\/mekruphy.com\/de\/wp-json\/wp\/v2\/pages\/625"}],"wp:featuredmedia":[{"embeddable":true,"href":"https:\/\/mekruphy.com\/de\/wp-json\/wp\/v2\/media\/1491"}],"wp:attachment":[{"href":"https:\/\/mekruphy.com\/de\/wp-json\/wp\/v2\/media?parent=476"}],"curies":[{"name":"wp","href":"https:\/\/api.w.org\/{rel}","templated":true}]}}