{"id":480,"date":"2020-07-15T12:55:37","date_gmt":"2020-07-15T10:55:37","guid":{"rendered":"https:\/\/mekruphy.com\/de\/experimentiersatz-biologie-4-ohr\/"},"modified":"2026-03-30T16:46:41","modified_gmt":"2026-03-30T14:46:41","slug":"experimentiersatz-biologie-4-ohr","status":"publish","type":"page","link":"https:\/\/mekruphy.com\/de\/produkte\/biologie\/experimentiersatz-biologie-4-ohr\/","title":{"rendered":"Experimentiersatz BIOLOGIE 4: OHR"},"content":{"rendered":"<div class=\"yoast-breadcrumbs breadcrumbs-indented\"><span><span><a href=\"https:\/\/mekruphy.com\/de\/\">Startseite<\/a><\/span> \u00bb <span><a href=\"https:\/\/mekruphy.com\/de\/produkte\/\">Produkte<\/a><\/span> \u00bb <span><a href=\"https:\/\/mekruphy.com\/de\/produkte\/biologie\/\">Biologie<\/a><\/span> \u00bb <span class=\"breadcrumb_last\" aria-current=\"page\">Experimentiersatz BIOLOGIE 4: OHR<\/span><\/span><\/div>\n\n\n<div class=\"wp-block-advgb-adv-tabs advgb-tabs-wrapper advgb-tab-horz-desktop advgb-tab-vert-tablet advgb-tab-stack-mobile advgb-tabs-2f647a48-cd41-4bd1-b35b-05425e10a9e0\" data-tab-active=\"0\"><ul class=\"advgb-tabs-panel\" role=\"tablist\"><li class=\"advgb-tab advgb-tab-active\" role=\"presentation\" style=\"background-color:#e0e0e0;border-style:solid;border-width:1px;border-radius:10px\"><button class=\"advgb-tab-button\" id=\"advgb-tab-_647a48-cd-0\" aria-controls=\"advgb-tab-panel-_647a48-cd-0\" role=\"tab\" aria-selected=\"true\" tabindex=\"0\" style=\"color:#fff;background:none;border:none;width:100%;text-align:inherit;cursor:pointer;padding:8px 16px;font:inherit\"><span>Beschreibung<\/span><\/button><\/li><li class=\"advgb-tab \" role=\"presentation\" style=\"background-color:#e0e0e0;border-style:solid;border-width:1px;border-radius:10px\"><button class=\"advgb-tab-button\" id=\"advgb-tab-_647a48-cd-1\" aria-controls=\"advgb-tab-panel-_647a48-cd-1\" role=\"tab\" aria-selected=\"false\" tabindex=\"0\" style=\"color:#fff;background:none;border:none;width:100%;text-align:inherit;cursor:pointer;padding:8px 16px;font:inherit\"><span>Lieferumfang<\/span><\/button><\/li><li class=\"advgb-tab \" role=\"presentation\" style=\"background-color:#e0e0e0;border-style:solid;border-width:1px;border-radius:10px\"><button class=\"advgb-tab-button\" id=\"advgb-tab-_647a48-cd-2\" aria-controls=\"advgb-tab-panel-_647a48-cd-2\" role=\"tab\" aria-selected=\"false\" tabindex=\"0\" style=\"color:#fff;background:none;border:none;width:100%;text-align:inherit;cursor:pointer;padding:8px 16px;font:inherit\"><span>Experimente<\/span><\/button><\/li><li class=\"advgb-tab \" role=\"presentation\" style=\"background-color:#e0e0e0;border-style:solid;border-width:1px;border-radius:10px\"><button class=\"advgb-tab-button\" id=\"advgb-tab-_647a48-cd-3\" aria-controls=\"advgb-tab-panel-_647a48-cd-3\" role=\"tab\" aria-selected=\"false\" tabindex=\"0\" style=\"color:#fff;background:none;border:none;width:100%;text-align:inherit;cursor:pointer;padding:8px 16px;font:inherit\"><span>Bilder<\/span><\/button><\/li><\/ul><div class=\"advgb-tab-body-wrapper\" style=\"border-style:solid;border-width:1px;border-radius:10px\">\n<div class=\"wp-block-advgb-tab advgb-tab-body-container\"><div class=\"advgb-tab-body-header advgb-tab-class- header-active\" id=\"advgb-tab-panel-_bf82dc-18-0\" role=\"tabpanel\" aria-labelledby=\"advgb-tab-_bf82dc-18-0\" tabindex=\"0\"><span>Beschreibung<\/span><\/div><div class=\"advgb-tab-_bf82dc-18 advgb-tab-body\" aria-labelledby=\"advgb-tab-panel-_bf82dc-18-0\" style=\"display:block\">\n<h2 class=\"wp-block-heading\" id=\"dem-horen-auf-der-spur\">Dem&nbsp;H\u00f6ren&nbsp;auf der Spur&nbsp;&nbsp;<\/h2>\n\n\n\n<p>Mit dem Experimentierkasten\u00a0BIOLOGIE 4 lassen sich die Grundlagen zum Verst\u00e4ndnis des menschlichen Geh\u00f6rs in einfachen, aber sehr transparenten Experimenten erarbeiten. Untersucht werden insbesondere<\/p>\n\n\n\n<ul class=\"wp-block-list\"><li>Bau und Funktion der Ohrmuschel<\/li><li>Mittelohrkn\u00f6chelchen und Innenohr und deren St\u00f6rungen<\/li><li>der Blinde Fleck<\/li><li>Orientierungslosigkeit beim H\u00f6ren mit nur einem Ohr<\/li><li>die Wirkung des Schluckens, wenn der Druck auf das Trommelfell zu gro\u00df oder zu gering wird<\/li><li>die Knochenleitung des Schalls<\/li><li>die Wirkungsweise des Stethoskops<\/li><\/ul>\n\n\n\n<p>Auch die Physiologie des Gleichgewichtsorgans wird eindrucksvoll sichtbar gemacht.<\/p>\n\n\n\n<p><\/p>\n\n\n\n<p><\/p>\n\n\n\n<h3 class=\"wp-block-heading\" id=\"h-begleitmaterialien\">Begleitmaterialien<\/h3>\n\n\n\n<p>Passend zum Experimentiersatz BIOLOGIE 4 sind auch ein <a href=\"https:\/\/mekruphy.com\/de\/produkte\/biologie\/biologie-arbeitshefte\/\">Sch\u00fclerheft<\/a> und ein <a href=\"https:\/\/mekruphy.com\/de\/produkte\/biologie\/biologie-arbeitshefte\/\">Lehrerheft<\/a> mit didaktischen Anweisungen und L\u00f6sungen in analoger Form erh\u00e4ltlich. Das Sch\u00fclerheft ist auch in digitaler Form erwerbbar.<\/p>\n<\/div><\/div>\n\n\n\n<div class=\"wp-block-advgb-tab advgb-tab-body-container\"><div class=\"advgb-tab-body-header advgb-tab-class- \" id=\"advgb-tab-panel-_bf82dc-18-1\" role=\"tabpanel\" aria-labelledby=\"advgb-tab-_bf82dc-18-1\" tabindex=\"0\"><span>Lieferumfang<\/span><\/div><div class=\"advgb-tab-_bf82dc-18 advgb-tab-body\" aria-labelledby=\"advgb-tab-panel-_bf82dc-18-1\" style=\"display:none\">\n<figure class=\"wp-block-table table-product-contents\"><table><tbody><tr><td>01.01.10<\/td><td>Aufbewahrungskasten<\/td><\/tr><tr><td>35.02.00<\/td><td>Ger\u00e4tegeformter Einsatz B4<\/td><\/tr><tr><td>16.03.10<\/td><td>Stimmgabel 440 Hz<\/td><\/tr><tr><td>16.03.40<\/td><td>H\u00e4mmerchen<\/td><\/tr><tr><td>35.04.00<\/td><td>Stimmgabelhalter<\/td><\/tr><tr><td>16.05.20<\/td><td>Glockenspielplatte E<\/td><\/tr><tr><td>02.06.00<\/td><td>Vierkantmuffe M2 (3 St\u00fcck)<\/td><\/tr><tr><td>02.07.10<\/td><td>Schnur 50 cm mit \u00d6sen (3 St\u00fcck)<\/td><\/tr><tr><td>16.07.00<\/td><td>Tischtennisball an Schnur in Dose (2 St\u00fcck)<\/td><\/tr><tr><td>16.08.00<\/td><td>Acrylglasrohr mit Skala A1<\/td><\/tr><tr><td>35.09.00<\/td><td>Hakenring (3 St\u00fcck)<\/td><\/tr><tr><td>35.10.00<\/td><td>Verbindungsrohr<\/td><\/tr><tr><td>33.11.40<\/td><td>Spritze 10 ml mit Lockansatz<\/td><\/tr><tr><td>01.12.00<\/td><td>Stift mit Haken 5 cm<\/td><\/tr><tr><td>03.13.00<\/td><td>Pendelkugel Holz (2 St\u00fcck)<\/td><\/tr><tr><td>16.14.00<\/td><td>Kunststofftrichter A1<\/td><\/tr><tr><td>16.15.10<\/td><td>Schnur mit \u00d6se (2 St\u00fcck)<\/td><\/tr><tr><td>16.15.20<\/td><td>Doppelhakenring<\/td><\/tr><tr><td>16.15.30<\/td><td>Rechteckdose A1<\/td><\/tr><tr><td>16.16.00<\/td><td>Kurzzeitmesser<\/td><\/tr><tr><td>01.18.00<\/td><td>Stativstange 29 cm (3 St\u00fcck)<\/td><\/tr><tr><td>35.19.00<\/td><td>B\u00fcrste zweiteilig<\/td><\/tr><tr><td>35.20.00<\/td><td>Silikonschlauch \u00d8 7 x 290 mm<\/td><\/tr><tr><td>35.21.00<\/td><td>Silikonschlauch \u00d8 7 x 50 mm<\/td><\/tr><tr><td>35.22.00<\/td><td>Dreiwegehahn<\/td><\/tr><tr><td>35.22.10<\/td><td>Silikonschlauch \u00d8 5 x 50 mm<\/td><\/tr><tr><td>35.23.00<\/td><td>Pendelkugel gro\u00df<\/td><\/tr><tr><td>51.24.00<\/td><td>Druckdose (2 St\u00fcck)<\/td><\/tr><tr><td>51.25.00<\/td><td>Manometerrohr<\/td><\/tr><\/tbody><\/table><\/figure>\n\n\n\n<p><\/p>\n<\/div><\/div>\n\n\n\n<div class=\"wp-block-advgb-tab advgb-tab-body-container\"><div class=\"advgb-tab-body-header advgb-tab-class- \" id=\"advgb-tab-panel-_bf82dc-18-2\" role=\"tabpanel\" aria-labelledby=\"advgb-tab-_bf82dc-18-2\" tabindex=\"0\"><span>Experimente<\/span><\/div><div class=\"advgb-tab-_bf82dc-18 advgb-tab-body\" aria-labelledby=\"advgb-tab-panel-_bf82dc-18-2\" style=\"display:none\">\n<p><\/p>\n\n\n\n<figure class=\"wp-block-table table-product-experiments\"><table><tbody><tr><td>B4-1<\/td><td>Schallentstehung\u00a0<\/td><\/tr><tr><td>B4-2<\/td><td>Die\u00a0Ohrmuschel\u00a0<\/td><\/tr><tr><td>B4-3<\/td><td>Das Stethoskop<\/td><\/tr><tr><td>B4-4<\/td><td>Der Geh\u00f6rgang\u00a0<\/td><\/tr><tr><td>B4-5<\/td><td>Die Geh\u00f6rkn\u00f6chelchen<\/td><\/tr><tr><td>B4-6<\/td><td>Die\u00a0Ohrtrompete<\/td><\/tr><tr><td>B4-7<\/td><td>Ovales und rundes Fenster\u00a0<\/td><\/tr><tr><td>B4-8<\/td><td>Wozu brauchen wir zwei\u00a0Ohren?<\/td><\/tr><tr><td>B4-9<\/td><td>H\u00f6ren ohne\u00a0Ohren\u00a0<\/td><\/tr><tr><td>B4-10<\/td><td>Die Gleichgewichtsorgane\u00a0<\/td><\/tr><tr><td>B4-11<\/td><td>Die Bogeng\u00e4nge\u00a0<\/td><\/tr><\/tbody><\/table><\/figure>\n<\/div><\/div>\n\n\n\n<div class=\"wp-block-advgb-tab advgb-tab-body-container\"><div class=\"advgb-tab-body-header advgb-tab-class-undefined \" id=\"advgb-tab-panel-_bf82dc-18-3\" role=\"tabpanel\" aria-labelledby=\"advgb-tab-_bf82dc-18-3\" tabindex=\"0\"><span>Bilder<\/span><\/div><div class=\"advgb-tab-_bf82dc-18 advgb-tab-body\" aria-labelledby=\"advgb-tab-panel-_bf82dc-18-3\" style=\"display:none\"><div class=\"wp-block-image\">\n<figure class=\"aligncenter size-large is-resized\"><img loading=\"lazy\" decoding=\"async\" width=\"730\" height=\"429\" src=\"https:\/\/mekruphy.com\/de\/wp-content\/uploads\/2021\/03\/B4_1.png\" alt=\"Biologie 4\" class=\"wp-image-3216\" style=\"width:750px;height:440px\" srcset=\"https:\/\/mekruphy.com\/de\/wp-content\/uploads\/2021\/03\/B4_1.png 730w, https:\/\/mekruphy.com\/de\/wp-content\/uploads\/2021\/03\/B4_1-300x176.png 300w\" sizes=\"auto, (max-width: 730px) 100vw, 730px\" \/><\/figure>\n<\/div>\n\n\n<p>&nbsp;<\/p>\n\n\n<div class=\"wp-block-image\">\n<figure class=\"aligncenter size-large is-resized\"><img loading=\"lazy\" decoding=\"async\" width=\"585\" height=\"547\" src=\"https:\/\/mekruphy.com\/de\/wp-content\/uploads\/2021\/03\/B4_2.png\" alt=\"Versuchsaufbau Ohr\" class=\"wp-image-3217\" style=\"width:510px;height:477px\" srcset=\"https:\/\/mekruphy.com\/de\/wp-content\/uploads\/2021\/03\/B4_2.png 585w, https:\/\/mekruphy.com\/de\/wp-content\/uploads\/2021\/03\/B4_2-300x281.png 300w\" sizes=\"auto, (max-width: 585px) 100vw, 585px\" \/><\/figure>\n<\/div>\n\n\n<p>&nbsp;<\/p>\n\n\n<div class=\"wp-block-image\">\n<figure class=\"aligncenter size-large is-resized\"><img loading=\"lazy\" decoding=\"async\" width=\"811\" height=\"874\" src=\"https:\/\/mekruphy.com\/de\/wp-content\/uploads\/2021\/03\/B4_3.jpg\" alt=\"Sch\u00fclerexperiment Ohr\" class=\"wp-image-3218\" style=\"width:510px;height:549px\" srcset=\"https:\/\/mekruphy.com\/de\/wp-content\/uploads\/2021\/03\/B4_3.jpg 811w, https:\/\/mekruphy.com\/de\/wp-content\/uploads\/2021\/03\/B4_3-278x300.jpg 278w, https:\/\/mekruphy.com\/de\/wp-content\/uploads\/2021\/03\/B4_3-768x828.jpg 768w\" sizes=\"auto, (max-width: 811px) 100vw, 811px\" \/><\/figure>\n<\/div><\/div><\/div>\n<\/div><\/div>\n\n\n\n<p><\/p>\n<style class=\"advgb-styles-renderer\">.advgb-tabs-2f647a48-cd41-4bd1-b35b-05425e10a9e0 ul.advgb-tabs-panel li.advgb-tab.advgb-tab-active {background-color:#5954d6 !important;color:#fff !important;}#advgb-tabs-2f647a48-cd41-4bd1-b35b-05425e10a9e0 .advgb-tab-body-header.header-active, .advgb-tabs-2f647a48-cd41-4bd1-b35b-05425e10a9e0 .advgb-tab-body-header.header-active{background-color:#5954d6 !important;color:#fff !important;}<\/style>","protected":false},"excerpt":{"rendered":"","protected":false},"author":3,"featured_media":1493,"parent":625,"menu_order":0,"comment_status":"closed","ping_status":"closed","template":"templates\/product.php","meta":{"_acf_changed":false,"_coblocks_attr":"","_coblocks_dimensions":"","_coblocks_responsive_height":"","_coblocks_accordion_ie_support":"","_eb_attr":"","advgb_blocks_editor_width":"","advgb_blocks_columns_visual_guide":"","footnotes":""},"class_list":["post-480","page","type-page","status-publish","has-post-thumbnail","hentry"],"acf":[],"yoast_head":"<!-- This site is optimized with the Yoast SEO plugin v27.3 - https:\/\/yoast.com\/product\/yoast-seo-wordpress\/ -->\n<title>Experimentiersatz BIOLOGIE 4: OHR - MEKRUPHY GmbH<\/title>\n<meta name=\"description\" content=\"Mit dem Kasten BIOLOGIE 4 lassen sich die Grundlagen zum Verst\u00e4ndnis des menschlichen Geh\u00f6rs in sehr transparenten Experimenten erarbeiten.\" \/>\n<meta name=\"robots\" content=\"index, follow, max-snippet:-1, max-image-preview:large, max-video-preview:-1\" \/>\n<link rel=\"canonical\" href=\"https:\/\/mekruphy.com\/de\/produkte\/biologie\/experimentiersatz-biologie-4-ohr\/\" \/>\n<meta property=\"og:locale\" content=\"de_DE\" \/>\n<meta property=\"og:type\" content=\"article\" \/>\n<meta property=\"og:title\" content=\"Experimentiersatz BIOLOGIE 4: OHR - MEKRUPHY GmbH\" \/>\n<meta property=\"og:description\" content=\"Mit dem Kasten BIOLOGIE 4 lassen sich die Grundlagen zum Verst\u00e4ndnis des menschlichen Geh\u00f6rs in sehr transparenten Experimenten erarbeiten.\" \/>\n<meta property=\"og:url\" content=\"https:\/\/mekruphy.com\/de\/produkte\/biologie\/experimentiersatz-biologie-4-ohr\/\" \/>\n<meta property=\"og:site_name\" content=\"MEKRUPHY GmbH\" \/>\n<meta property=\"article:modified_time\" content=\"2026-03-30T14:46:41+00:00\" \/>\n<meta property=\"og:image\" content=\"https:\/\/mekruphy.com\/de\/wp-content\/uploads\/2020\/07\/BIOLOGIE-4_OH.jpg\" \/>\n\t<meta property=\"og:image:width\" content=\"1800\" \/>\n\t<meta property=\"og:image:height\" content=\"1350\" \/>\n\t<meta property=\"og:image:type\" content=\"image\/jpeg\" \/>\n<meta name=\"twitter:card\" content=\"summary_large_image\" \/>\n<meta name=\"twitter:label1\" content=\"Gesch\u00e4tzte Lesezeit\" \/>\n\t<meta name=\"twitter:data1\" content=\"4\u00a0Minuten\" \/>\n<script type=\"application\/ld+json\" class=\"yoast-schema-graph\">{\"@context\":\"https:\\\/\\\/schema.org\",\"@graph\":[{\"@type\":\"WebPage\",\"@id\":\"https:\\\/\\\/mekruphy.com\\\/de\\\/produkte\\\/biologie\\\/experimentiersatz-biologie-4-ohr\\\/\",\"url\":\"https:\\\/\\\/mekruphy.com\\\/de\\\/produkte\\\/biologie\\\/experimentiersatz-biologie-4-ohr\\\/\",\"name\":\"Experimentiersatz BIOLOGIE 4: OHR - MEKRUPHY GmbH\",\"isPartOf\":{\"@id\":\"https:\\\/\\\/mekruphy.com\\\/de\\\/#website\"},\"primaryImageOfPage\":{\"@id\":\"https:\\\/\\\/mekruphy.com\\\/de\\\/produkte\\\/biologie\\\/experimentiersatz-biologie-4-ohr\\\/#primaryimage\"},\"image\":{\"@id\":\"https:\\\/\\\/mekruphy.com\\\/de\\\/produkte\\\/biologie\\\/experimentiersatz-biologie-4-ohr\\\/#primaryimage\"},\"thumbnailUrl\":\"https:\\\/\\\/mekruphy.com\\\/de\\\/wp-content\\\/uploads\\\/2020\\\/07\\\/BIOLOGIE-4_OH.jpg\",\"datePublished\":\"2020-07-15T10:55:37+00:00\",\"dateModified\":\"2026-03-30T14:46:41+00:00\",\"description\":\"Mit dem Kasten BIOLOGIE 4 lassen sich die Grundlagen zum Verst\u00e4ndnis des menschlichen Geh\u00f6rs in sehr transparenten Experimenten erarbeiten.\",\"breadcrumb\":{\"@id\":\"https:\\\/\\\/mekruphy.com\\\/de\\\/produkte\\\/biologie\\\/experimentiersatz-biologie-4-ohr\\\/#breadcrumb\"},\"inLanguage\":\"de\",\"potentialAction\":[{\"@type\":\"ReadAction\",\"target\":[\"https:\\\/\\\/mekruphy.com\\\/de\\\/produkte\\\/biologie\\\/experimentiersatz-biologie-4-ohr\\\/\"]}]},{\"@type\":\"ImageObject\",\"inLanguage\":\"de\",\"@id\":\"https:\\\/\\\/mekruphy.com\\\/de\\\/produkte\\\/biologie\\\/experimentiersatz-biologie-4-ohr\\\/#primaryimage\",\"url\":\"https:\\\/\\\/mekruphy.com\\\/de\\\/wp-content\\\/uploads\\\/2020\\\/07\\\/BIOLOGIE-4_OH.jpg\",\"contentUrl\":\"https:\\\/\\\/mekruphy.com\\\/de\\\/wp-content\\\/uploads\\\/2020\\\/07\\\/BIOLOGIE-4_OH.jpg\",\"width\":1800,\"height\":1350},{\"@type\":\"BreadcrumbList\",\"@id\":\"https:\\\/\\\/mekruphy.com\\\/de\\\/produkte\\\/biologie\\\/experimentiersatz-biologie-4-ohr\\\/#breadcrumb\",\"itemListElement\":[{\"@type\":\"ListItem\",\"position\":1,\"name\":\"Startseite\",\"item\":\"https:\\\/\\\/mekruphy.com\\\/de\\\/\"},{\"@type\":\"ListItem\",\"position\":2,\"name\":\"Produkte\",\"item\":\"https:\\\/\\\/mekruphy.com\\\/de\\\/produkte\\\/\"},{\"@type\":\"ListItem\",\"position\":3,\"name\":\"Biologie\",\"item\":\"https:\\\/\\\/mekruphy.com\\\/de\\\/produkte\\\/biologie\\\/\"},{\"@type\":\"ListItem\",\"position\":4,\"name\":\"Experimentiersatz BIOLOGIE 4: OHR\"}]},{\"@type\":\"WebSite\",\"@id\":\"https:\\\/\\\/mekruphy.com\\\/de\\\/#website\",\"url\":\"https:\\\/\\\/mekruphy.com\\\/de\\\/\",\"name\":\"MEKRUPHY GmbH\",\"description\":\"Sch\u00fcler-Experimentierk\u00e4sten f\u00fcr den MINT-Unterricht\",\"potentialAction\":[{\"@type\":\"SearchAction\",\"target\":{\"@type\":\"EntryPoint\",\"urlTemplate\":\"https:\\\/\\\/mekruphy.com\\\/de\\\/?s={search_term_string}\"},\"query-input\":{\"@type\":\"PropertyValueSpecification\",\"valueRequired\":true,\"valueName\":\"search_term_string\"}}],\"inLanguage\":\"de\"}]}<\/script>\n<!-- \/ Yoast SEO plugin. -->","yoast_head_json":{"title":"Experimentiersatz BIOLOGIE 4: OHR - MEKRUPHY GmbH","description":"Mit dem Kasten BIOLOGIE 4 lassen sich die Grundlagen zum Verst\u00e4ndnis des menschlichen Geh\u00f6rs in sehr transparenten Experimenten erarbeiten.","robots":{"index":"index","follow":"follow","max-snippet":"max-snippet:-1","max-image-preview":"max-image-preview:large","max-video-preview":"max-video-preview:-1"},"canonical":"https:\/\/mekruphy.com\/de\/produkte\/biologie\/experimentiersatz-biologie-4-ohr\/","og_locale":"de_DE","og_type":"article","og_title":"Experimentiersatz BIOLOGIE 4: OHR - MEKRUPHY GmbH","og_description":"Mit dem Kasten BIOLOGIE 4 lassen sich die Grundlagen zum Verst\u00e4ndnis des menschlichen Geh\u00f6rs in sehr transparenten Experimenten erarbeiten.","og_url":"https:\/\/mekruphy.com\/de\/produkte\/biologie\/experimentiersatz-biologie-4-ohr\/","og_site_name":"MEKRUPHY GmbH","article_modified_time":"2026-03-30T14:46:41+00:00","og_image":[{"width":1800,"height":1350,"url":"https:\/\/mekruphy.com\/de\/wp-content\/uploads\/2020\/07\/BIOLOGIE-4_OH.jpg","type":"image\/jpeg"}],"twitter_card":"summary_large_image","twitter_misc":{"Gesch\u00e4tzte Lesezeit":"4\u00a0Minuten"},"schema":{"@context":"https:\/\/schema.org","@graph":[{"@type":"WebPage","@id":"https:\/\/mekruphy.com\/de\/produkte\/biologie\/experimentiersatz-biologie-4-ohr\/","url":"https:\/\/mekruphy.com\/de\/produkte\/biologie\/experimentiersatz-biologie-4-ohr\/","name":"Experimentiersatz BIOLOGIE 4: OHR - MEKRUPHY GmbH","isPartOf":{"@id":"https:\/\/mekruphy.com\/de\/#website"},"primaryImageOfPage":{"@id":"https:\/\/mekruphy.com\/de\/produkte\/biologie\/experimentiersatz-biologie-4-ohr\/#primaryimage"},"image":{"@id":"https:\/\/mekruphy.com\/de\/produkte\/biologie\/experimentiersatz-biologie-4-ohr\/#primaryimage"},"thumbnailUrl":"https:\/\/mekruphy.com\/de\/wp-content\/uploads\/2020\/07\/BIOLOGIE-4_OH.jpg","datePublished":"2020-07-15T10:55:37+00:00","dateModified":"2026-03-30T14:46:41+00:00","description":"Mit dem Kasten BIOLOGIE 4 lassen sich die Grundlagen zum Verst\u00e4ndnis des menschlichen Geh\u00f6rs in sehr transparenten Experimenten erarbeiten.","breadcrumb":{"@id":"https:\/\/mekruphy.com\/de\/produkte\/biologie\/experimentiersatz-biologie-4-ohr\/#breadcrumb"},"inLanguage":"de","potentialAction":[{"@type":"ReadAction","target":["https:\/\/mekruphy.com\/de\/produkte\/biologie\/experimentiersatz-biologie-4-ohr\/"]}]},{"@type":"ImageObject","inLanguage":"de","@id":"https:\/\/mekruphy.com\/de\/produkte\/biologie\/experimentiersatz-biologie-4-ohr\/#primaryimage","url":"https:\/\/mekruphy.com\/de\/wp-content\/uploads\/2020\/07\/BIOLOGIE-4_OH.jpg","contentUrl":"https:\/\/mekruphy.com\/de\/wp-content\/uploads\/2020\/07\/BIOLOGIE-4_OH.jpg","width":1800,"height":1350},{"@type":"BreadcrumbList","@id":"https:\/\/mekruphy.com\/de\/produkte\/biologie\/experimentiersatz-biologie-4-ohr\/#breadcrumb","itemListElement":[{"@type":"ListItem","position":1,"name":"Startseite","item":"https:\/\/mekruphy.com\/de\/"},{"@type":"ListItem","position":2,"name":"Produkte","item":"https:\/\/mekruphy.com\/de\/produkte\/"},{"@type":"ListItem","position":3,"name":"Biologie","item":"https:\/\/mekruphy.com\/de\/produkte\/biologie\/"},{"@type":"ListItem","position":4,"name":"Experimentiersatz BIOLOGIE 4: OHR"}]},{"@type":"WebSite","@id":"https:\/\/mekruphy.com\/de\/#website","url":"https:\/\/mekruphy.com\/de\/","name":"MEKRUPHY GmbH","description":"Sch\u00fcler-Experimentierk\u00e4sten f\u00fcr den MINT-Unterricht","potentialAction":[{"@type":"SearchAction","target":{"@type":"EntryPoint","urlTemplate":"https:\/\/mekruphy.com\/de\/?s={search_term_string}"},"query-input":{"@type":"PropertyValueSpecification","valueRequired":true,"valueName":"search_term_string"}}],"inLanguage":"de"}]}},"coauthors":[],"author_meta":{"author_link":"https:\/\/mekruphy.com\/de\/author\/steps-sync\/","display_name":"Steps Sync"},"relative_dates":{"created":"Ver\u00f6ffentlicht 6\u00a0Jahren vor","modified":"Aktualisiert 2\u00a0Wochen vor"},"absolute_dates":{"created":"Ver\u00f6ffentlicht am 15. Juli 2020","modified":"Aktualisiert am 30. M\u00e4rz 2026"},"absolute_dates_time":{"created":"Ver\u00f6ffentlicht am 15. Juli 2020 12:55","modified":"Aktualisiert am 30. M\u00e4rz 2026 16:46"},"featured_img_caption":"","featured_img":"https:\/\/mekruphy.com\/de\/wp-content\/uploads\/2020\/07\/BIOLOGIE-4_OH.jpg","series_order":"","_links":{"self":[{"href":"https:\/\/mekruphy.com\/de\/wp-json\/wp\/v2\/pages\/480","targetHints":{"allow":["GET"]}}],"collection":[{"href":"https:\/\/mekruphy.com\/de\/wp-json\/wp\/v2\/pages"}],"about":[{"href":"https:\/\/mekruphy.com\/de\/wp-json\/wp\/v2\/types\/page"}],"author":[{"embeddable":true,"href":"https:\/\/mekruphy.com\/de\/wp-json\/wp\/v2\/users\/3"}],"replies":[{"embeddable":true,"href":"https:\/\/mekruphy.com\/de\/wp-json\/wp\/v2\/comments?post=480"}],"version-history":[{"count":14,"href":"https:\/\/mekruphy.com\/de\/wp-json\/wp\/v2\/pages\/480\/revisions"}],"predecessor-version":[{"id":9294,"href":"https:\/\/mekruphy.com\/de\/wp-json\/wp\/v2\/pages\/480\/revisions\/9294"}],"up":[{"embeddable":true,"href":"https:\/\/mekruphy.com\/de\/wp-json\/wp\/v2\/pages\/625"}],"wp:featuredmedia":[{"embeddable":true,"href":"https:\/\/mekruphy.com\/de\/wp-json\/wp\/v2\/media\/1493"}],"wp:attachment":[{"href":"https:\/\/mekruphy.com\/de\/wp-json\/wp\/v2\/media?parent=480"}],"curies":[{"name":"wp","href":"https:\/\/api.w.org\/{rel}","templated":true}]}}