{"id":484,"date":"2020-07-15T12:55:43","date_gmt":"2020-07-15T10:55:43","guid":{"rendered":"https:\/\/mekruphy.com\/de\/experimentiersatz-biologie-5-pflanzen-1\/"},"modified":"2026-03-30T17:01:42","modified_gmt":"2026-03-30T15:01:42","slug":"experimentiersatz-biologie-5-pflanzen-1","status":"publish","type":"page","link":"https:\/\/mekruphy.com\/de\/produkte\/biologie\/experimentiersatz-biologie-5-pflanzen-1\/","title":{"rendered":"Experimentiersatz BIOLOGIE 5: PFLANZEN 1"},"content":{"rendered":"<div class=\"yoast-breadcrumbs breadcrumbs-indented\"><span><span><a href=\"https:\/\/mekruphy.com\/de\/\">Startseite<\/a><\/span> \u00bb <span><a href=\"https:\/\/mekruphy.com\/de\/produkte\/\">Produkte<\/a><\/span> \u00bb <span><a href=\"https:\/\/mekruphy.com\/de\/produkte\/biologie\/\">Biologie<\/a><\/span> \u00bb <span class=\"breadcrumb_last\" aria-current=\"page\">Experimentiersatz BIOLOGIE 5: PFLANZEN 1<\/span><\/span><\/div>\n\n\n<div class=\"wp-block-advgb-adv-tabs advgb-tabs-wrapper advgb-tab-horz-desktop advgb-tab-vert-tablet advgb-tab-stack-mobile advgb-tabs-93391719-0dbf-44f4-b97a-1e2f37cb1b6a\" data-tab-active=\"0\"><ul class=\"advgb-tabs-panel\" role=\"tablist\"><li class=\"advgb-tab advgb-tab-active\" role=\"presentation\" style=\"background-color:#e0e0e0;border-style:solid;border-width:1px;border-radius:10px\"><button class=\"advgb-tab-button\" id=\"advgb-tab-_bf82dc-18-0\" aria-controls=\"advgb-tab-panel-_bf82dc-18-0\" role=\"tab\" aria-selected=\"true\" tabindex=\"0\" style=\"color:#fff;background:none;border:none;width:100%;text-align:inherit;cursor:pointer;padding:8px 16px;font:inherit\"><span>Beschreibung<\/span><\/button><\/li><li class=\"advgb-tab \" role=\"presentation\" style=\"background-color:#e0e0e0;border-style:solid;border-width:1px;border-radius:10px\"><button class=\"advgb-tab-button\" id=\"advgb-tab-_bf82dc-18-1\" aria-controls=\"advgb-tab-panel-_bf82dc-18-1\" role=\"tab\" aria-selected=\"false\" tabindex=\"0\" style=\"color:#fff;background:none;border:none;width:100%;text-align:inherit;cursor:pointer;padding:8px 16px;font:inherit\"><span>Lieferumfang<\/span><\/button><\/li><li class=\"advgb-tab \" role=\"presentation\" style=\"background-color:#e0e0e0;border-style:solid;border-width:1px;border-radius:10px\"><button class=\"advgb-tab-button\" id=\"advgb-tab-_bf82dc-18-2\" aria-controls=\"advgb-tab-panel-_bf82dc-18-2\" role=\"tab\" aria-selected=\"false\" tabindex=\"0\" style=\"color:#fff;background:none;border:none;width:100%;text-align:inherit;cursor:pointer;padding:8px 16px;font:inherit\"><span>Experimente<\/span><\/button><\/li><li class=\"advgb-tab \" role=\"presentation\" style=\"background-color:#e0e0e0;border-style:solid;border-width:1px;border-radius:10px\"><button class=\"advgb-tab-button\" id=\"advgb-tab-_bf82dc-18-3\" aria-controls=\"advgb-tab-panel-_bf82dc-18-3\" role=\"tab\" aria-selected=\"false\" tabindex=\"0\" style=\"color:#fff;background:none;border:none;width:100%;text-align:inherit;cursor:pointer;padding:8px 16px;font:inherit\"><span>Bilder<\/span><\/button><\/li><\/ul><div class=\"advgb-tab-body-wrapper\" style=\"border-style:solid;border-width:1px;border-radius:10px\">\n<div class=\"wp-block-advgb-tab advgb-tab-body-container\"><div class=\"advgb-tab-body-header advgb-tab-class- \" id=\"advgb-tab-panel-_bf82dc-18-0\" role=\"tabpanel\" aria-labelledby=\"advgb-tab-_bf82dc-18-0\" tabindex=\"0\"><span>Beschreibung<\/span><\/div><div class=\"advgb-tab-_bf82dc-18 advgb-tab-body\" aria-labelledby=\"advgb-tab-panel-_bf82dc-18-0\" style=\"display:none\">\n<h2 class=\"wp-block-heading\" id=\"fur-alle-altersstufen\">F\u00fcr alle Altersstufen<\/h2>\n\n\n\n<p><\/p>\n\n\n\n<p>Der Experimentiersatz BIOLOGIE 5 (PFLANZEN 1) er\u00adm\u00f6glicht in Verbindung mit dem Kas\u00adten <a href=\"https:\/\/mekruphy.com\/de\/produkte\/biologie\/basisausruestung-biologie\/\">Basisausr\u00fcstung BIOLOGIE<\/a> \u00fcber 20 Sch\u00fclerexperimente zur Quellung und Keimung, zum Wachstum von Pflan\u00adzensamen, zur Fotosynthese und zum Wasserhaushalt der Pflanzen. Dabei sind die in der Experimentenliste mit * gekennzeichneten Sch\u00fclerexpe\u00adrimente f\u00fcr alle Altersstufen vor\u00adge\u00adsehen, die mit ** gekennzeichneten Ex\u00adperimente ausschlie\u00dflich f\u00fcr die Se\u00adkun\u00addarstufe II.<\/p>\n\n\n\n<h3 class=\"wp-block-heading\" id=\"vielfaltige-arbeitsmethoden\">Vielf\u00e4ltige Arbeitsmethoden<\/h3>\n\n\n\n<p>Je nach Altersstufe kommen hier sehr unterschiedliche und vielf\u00e4ltige Arbeits\u00admethoden zum Einsatz. Das eigenst\u00e4n\u00addige Arbeiten von der Beobachtung \u00fcber die Formulierung einer wissen\u00adschaftli\u00adchen Frage oder Hypothese bis hin zur Planung, Durchf\u00fchrung und Auswertung von Experimenten kann mit diesem Experimentiersatz beson\u00adders gut einge\u00adf\u00fchrt und entsprechend der Altersstufe der Sch\u00fclerinnen und Sch\u00fcler weiterent\u00adwickelt werden.<\/p>\n\n\n\n<p><\/p>\n\n\n\n<h3 class=\"wp-block-heading\" id=\"h-begleitmaterialien\">Begleitmaterialien<\/h3>\n\n\n\n<p>Passend zum Experimentiersatz BIOLOGIE 5 ist auch ein <a href=\"https:\/\/mekruphy.com\/de\/produkte\/biologie\/biologie-arbeitshefte\/\">Sch\u00fclerheft<\/a> in analoger und digitaler Form erh\u00e4ltlich.<\/p>\n<\/div><\/div>\n\n\n\n<div class=\"wp-block-advgb-tab advgb-tab-body-container\"><div class=\"advgb-tab-body-header advgb-tab-class- \" id=\"advgb-tab-panel-_bf82dc-18-1\" role=\"tabpanel\" aria-labelledby=\"advgb-tab-_bf82dc-18-1\" tabindex=\"0\"><span>Lieferumfang<\/span><\/div><div class=\"advgb-tab-_bf82dc-18 advgb-tab-body\" aria-labelledby=\"advgb-tab-panel-_bf82dc-18-1\" style=\"display:none\">\n<figure class=\"wp-block-table table-product-contents\"><table><tbody><tr><td>01.01.10<\/td><td>Aufbewahrungskasten<\/td><\/tr><tr><td>32.02.00<\/td><td>Ger\u00e4tegeformter Einsatz B5<\/td><\/tr><tr><td>30.03.20<\/td><td>Stiellupe, Vergr\u00f6\u00dferung 6x<\/td><\/tr><tr><td>32.04.00<\/td><td>Klemmlampe 40 W<\/td><\/tr><tr><td>32.05.00<\/td><td>Kunststoffplatte rund B5<\/td><\/tr><tr><td>21.06.00<\/td><td>Erlenmeyerkolben C2<\/td><\/tr><tr><td>32.07.00<\/td><td>Massest\u00fcck 500 g<\/td><\/tr><tr><td>32.08.00<\/td><td>Packung Rundfilter \u00d8 55 mm<\/td><\/tr><tr><td>32.09.00<\/td><td>100 Filterpapierstreifen in Beh\u00e4lter B5<\/td><\/tr><tr><td>32.10.00<\/td><td>Glasrohr 110 mm<\/td><\/tr><tr><td>21.11.00<\/td><td>M\u00f6rser \u00d8 80 mm<\/td><\/tr><tr><td>32.11.00<\/td><td>Kapillarrohr 110 mm<\/td><\/tr><tr><td>20.12.00<\/td><td>Glimmstab (10 St\u00fcck)<\/td><\/tr><tr><td>21.12.00<\/td><td>Pistill<\/td><\/tr><tr><td>32.12.00<\/td><td>Stufenschlauchst\u00fcck<\/td><\/tr><tr><td>32.13.00<\/td><td>Glasscheibe 100 x 40 mm<\/td><\/tr><tr><td>32.14.00<\/td><td>Glasscheibe 100 x 90 mm<\/td><\/tr><tr><td>20.15.80<\/td><td>Gummistopfen 31\/38, 1 Bohrung<\/td><\/tr><tr><td>32.16.00<\/td><td>Schraubdeckelglas<\/td><\/tr><tr><td>03.17.00<\/td><td>Rolle Bindfaden<\/td><\/tr><tr><td>21.18.00<\/td><td>Glasrohr gerade 80 mm<\/td><\/tr><tr><td>24.18.10<\/td><td>Paar Petrischalen \u00d8 60 mm (3 St\u00fcck)<\/td><\/tr><\/tbody><\/table><\/figure>\n\n\n\n<h3 class=\"wp-block-heading\" id=\"zusatzlich-erforderlich\">Zus\u00e4tzlich erforderlich:\u00a0<\/h3>\n\n\n\n<figure class=\"wp-block-table table-product-contents\"><table><tbody><tr><td>31.00.00<\/td><td><a href=\"https:\/\/mekruphy.com\/de\/produkte\/biologie\/basisausruestung-biologie\/\">Basisausr\u00fcstung Biologie\u00a0<\/a><\/td><\/tr><tr><td>00.23.00<\/td><td><a href=\"https:\/\/mekruphy.com\/de\/produkte\/biologie\/biologie-zubehoer\/\">Universalstativ<\/a>\u00a0<\/td><\/tr><\/tbody><\/table><\/figure>\n\n\n\n<p><\/p>\n<\/div><\/div>\n\n\n\n<div class=\"wp-block-advgb-tab advgb-tab-body-container\"><div class=\"advgb-tab-body-header advgb-tab-class- header-active\" id=\"advgb-tab-panel-_bf82dc-18-2\" role=\"tabpanel\" aria-labelledby=\"advgb-tab-_bf82dc-18-2\" tabindex=\"0\"><span>Experimente<\/span><\/div><div class=\"advgb-tab-_bf82dc-18 advgb-tab-body\" aria-labelledby=\"advgb-tab-panel-_bf82dc-18-2\" style=\"display:block\">\n<p><\/p>\n\n\n\n<figure class=\"wp-block-table table-product-experiments\"><table><tbody><tr><td>B5-1<\/td><td>Quellung von Bohnensamen\u00a0<\/td><\/tr><tr><td>B5-2<\/td><td>Aufbau eines Bohnensamens*\u00a0<\/td><\/tr><tr><td>B5-3<\/td><td>Der Quellungsdruck\u00a0<\/td><\/tr><tr><td>B5-4<\/td><td>Nachweis von Reservestoffen in Samen*\u00a0<\/td><\/tr><tr><td>B5-5<\/td><td>Umwandlung von Reservestoffen in Zucker*\u00a0<\/td><\/tr><tr><td>B5-6<\/td><td>Untersuchung von Keimungsbedingungen*\u00a0<\/td><\/tr><tr><td>B5-7<\/td><td>Wurzelhaarbildung*\u00a0<\/td><\/tr><tr><td>B5-8<\/td><td>Keimung und Wachstum von Bohnensamen*\u00a0<\/td><\/tr><tr><td>B5-9<\/td><td>Wirkung von Giftstoffen auf die Keimung**\u00a0\u00a0<\/td><\/tr><tr><td>B5-10<\/td><td>Bildung von Sauerstoff bei der Fotosynthese*\u00a0<\/td><\/tr><tr><td>B5-11<\/td><td>Lichtaufnahme durch Chlorophyll**\u00a0<\/td><\/tr><tr><td>B5-12<\/td><td>Trennung der Blattfarbstoffe**\u00a0<\/td><\/tr><tr><td>B5-13<\/td><td>Entf\u00e4rbung roter Bl\u00e4tter\u00a0<\/td><\/tr><tr><td>B5-14<\/td><td>S\u00e4urestoffwechsel bei CAM\u00a0Pflanzen**\u00a0<\/td><\/tr><tr><td>B5-15<\/td><td>Wasserabgabe von\u00a0Pflanzen\u00a0<\/td><\/tr><tr><td>B5-16<\/td><td>Gr\u00f6\u00dfe und Dichte der Spalt\u00f6ffnungen\u00a0<\/td><\/tr><tr><td>B5-17<\/td><td>Wasserleitungsbahnen in\u00a0Pflanzen\u00a0<\/td><\/tr><tr><td>B5-18<\/td><td>Kapillarwirkungen\u00a0<\/td><\/tr><tr><td>B5-19<\/td><td>Caspary-Streifen\u00a0<\/td><\/tr><tr><td>B5-20<\/td><td>Diffusion\u00a0<\/td><\/tr><tr><td>B5-21<\/td><td>Osmose\u00a0<\/td><\/tr><tr><td>B5-22<\/td><td>Plasmolyse und\u00a0Deplasmolyse\u00a0<\/td><\/tr><tr><td>B5-23<\/td><td>Der Wurzeldruck\u00a0<\/td><\/tr><\/tbody><\/table><\/figure>\n\n\n\n<h2 class=\"wp-block-heading\">        <\/h2>\n\n\n\n<p>Experimente, die mit * gekennzeichnet sind, gelten f\u00fcr alle Altersstufen. Die mit ** gekennzeichneten Experimente ausschlie\u00dflich f\u00fcr die Sekundarstufe 2.<\/p>\n\n\n\n<p><\/p>\n<\/div><\/div>\n\n\n\n<div class=\"wp-block-advgb-tab advgb-tab-body-container\"><div class=\"advgb-tab-body-header advgb-tab-class-undefined \" id=\"advgb-tab-panel-_bf82dc-18-3\" role=\"tabpanel\" aria-labelledby=\"advgb-tab-_bf82dc-18-3\" tabindex=\"0\"><span>Bilder<\/span><\/div><div class=\"advgb-tab-_bf82dc-18 advgb-tab-body\" aria-labelledby=\"advgb-tab-panel-_bf82dc-18-3\" style=\"display:none\"><div class=\"wp-block-image\">\n<figure class=\"aligncenter size-large is-resized\"><img loading=\"lazy\" decoding=\"async\" width=\"530\" height=\"562\" src=\"https:\/\/mekruphy.com\/de\/wp-content\/uploads\/2021\/03\/BIOLOGIE.png\" alt=\"Sch\u00fclerexperiment Pflanzen\" class=\"wp-image-3238\" style=\"width:510px;height:541px\" srcset=\"https:\/\/mekruphy.com\/de\/wp-content\/uploads\/2021\/03\/BIOLOGIE.png 530w, https:\/\/mekruphy.com\/de\/wp-content\/uploads\/2021\/03\/BIOLOGIE-283x300.png 283w\" sizes=\"auto, (max-width: 530px) 100vw, 530px\" \/><\/figure>\n<\/div>\n\n\n<p>&nbsp;<\/p>\n\n\n<div class=\"wp-block-image\">\n<figure class=\"aligncenter size-large is-resized\"><img loading=\"lazy\" decoding=\"async\" width=\"404\" height=\"627\" src=\"https:\/\/mekruphy.com\/de\/wp-content\/uploads\/2021\/03\/B5_1.png\" alt=\"Experiment Pflanzen\" class=\"wp-image-3219\" style=\"width:510px;height:792px\" srcset=\"https:\/\/mekruphy.com\/de\/wp-content\/uploads\/2021\/03\/B5_1.png 404w, https:\/\/mekruphy.com\/de\/wp-content\/uploads\/2021\/03\/B5_1-193x300.png 193w\" sizes=\"auto, (max-width: 404px) 100vw, 404px\" \/><\/figure>\n<\/div>\n\n\n<p>&nbsp;<\/p>\n\n\n<div class=\"wp-block-image\">\n<figure class=\"aligncenter size-large is-resized\"><img loading=\"lazy\" decoding=\"async\" width=\"530\" height=\"662\" src=\"https:\/\/mekruphy.com\/de\/wp-content\/uploads\/2021\/03\/B5_2.png\" alt=\"Versuchsaufbau Pflanzen\" class=\"wp-image-3220\" style=\"width:510px;height:637px\" srcset=\"https:\/\/mekruphy.com\/de\/wp-content\/uploads\/2021\/03\/B5_2.png 530w, https:\/\/mekruphy.com\/de\/wp-content\/uploads\/2021\/03\/B5_2-240x300.png 240w\" sizes=\"auto, (max-width: 530px) 100vw, 530px\" \/><\/figure>\n<\/div><\/div><\/div>\n<\/div><\/div>\n\n\n\n<p><\/p>\n<style class=\"advgb-styles-renderer\">.advgb-tabs-93391719-0dbf-44f4-b97a-1e2f37cb1b6a ul.advgb-tabs-panel li.advgb-tab.advgb-tab-active {background-color:#5954d6 !important;color:#fff !important;}#advgb-tabs-93391719-0dbf-44f4-b97a-1e2f37cb1b6a .advgb-tab-body-header.header-active, .advgb-tabs-93391719-0dbf-44f4-b97a-1e2f37cb1b6a .advgb-tab-body-header.header-active{background-color:#5954d6 !important;color:#fff !important;}<\/style>","protected":false},"excerpt":{"rendered":"","protected":false},"author":3,"featured_media":1497,"parent":625,"menu_order":0,"comment_status":"closed","ping_status":"closed","template":"templates\/product.php","meta":{"_acf_changed":false,"_coblocks_attr":"","_coblocks_dimensions":"","_coblocks_responsive_height":"","_coblocks_accordion_ie_support":"","_eb_attr":"","advgb_blocks_editor_width":"","advgb_blocks_columns_visual_guide":"","footnotes":""},"class_list":["post-484","page","type-page","status-publish","has-post-thumbnail","hentry"],"acf":[],"yoast_head":"<!-- This site is optimized with the Yoast SEO plugin v27.3 - https:\/\/yoast.com\/product\/yoast-seo-wordpress\/ -->\n<title>Experimentiersatz BIOLOGIE 5: PFLANZEN 1 - MEKRUPHY GmbH<\/title>\n<meta name=\"description\" content=\"Der Experimentiersatz BIOLOGIE 5 erm\u00f6glicht in Verbindung mit der Basisausr\u00fcstung \u00fcber 20 Sch\u00fclerexperimente zum Thema Pflanzen.\" \/>\n<meta name=\"robots\" content=\"index, follow, max-snippet:-1, max-image-preview:large, max-video-preview:-1\" \/>\n<link rel=\"canonical\" href=\"https:\/\/mekruphy.com\/de\/produkte\/biologie\/experimentiersatz-biologie-5-pflanzen-1\/\" \/>\n<meta property=\"og:locale\" content=\"de_DE\" \/>\n<meta property=\"og:type\" content=\"article\" \/>\n<meta property=\"og:title\" content=\"Experimentiersatz BIOLOGIE 5: PFLANZEN 1 - MEKRUPHY GmbH\" \/>\n<meta property=\"og:description\" content=\"Der Experimentiersatz BIOLOGIE 5 erm\u00f6glicht in Verbindung mit der Basisausr\u00fcstung \u00fcber 20 Sch\u00fclerexperimente zum Thema Pflanzen.\" \/>\n<meta property=\"og:url\" content=\"https:\/\/mekruphy.com\/de\/produkte\/biologie\/experimentiersatz-biologie-5-pflanzen-1\/\" \/>\n<meta property=\"og:site_name\" content=\"MEKRUPHY GmbH\" \/>\n<meta property=\"article:modified_time\" content=\"2026-03-30T15:01:42+00:00\" \/>\n<meta property=\"og:image\" content=\"https:\/\/mekruphy.com\/de\/wp-content\/uploads\/2020\/07\/BIOLOGIE-5_P1-rotated-e1595854898935.jpg\" \/>\n\t<meta property=\"og:image:width\" content=\"1800\" \/>\n\t<meta property=\"og:image:height\" content=\"1384\" \/>\n\t<meta property=\"og:image:type\" content=\"image\/jpeg\" \/>\n<meta name=\"twitter:card\" content=\"summary_large_image\" \/>\n<meta name=\"twitter:label1\" content=\"Gesch\u00e4tzte Lesezeit\" \/>\n\t<meta name=\"twitter:data1\" content=\"4\u00a0Minuten\" \/>\n<script type=\"application\/ld+json\" class=\"yoast-schema-graph\">{\"@context\":\"https:\\\/\\\/schema.org\",\"@graph\":[{\"@type\":\"WebPage\",\"@id\":\"https:\\\/\\\/mekruphy.com\\\/de\\\/produkte\\\/biologie\\\/experimentiersatz-biologie-5-pflanzen-1\\\/\",\"url\":\"https:\\\/\\\/mekruphy.com\\\/de\\\/produkte\\\/biologie\\\/experimentiersatz-biologie-5-pflanzen-1\\\/\",\"name\":\"Experimentiersatz BIOLOGIE 5: PFLANZEN 1 - MEKRUPHY GmbH\",\"isPartOf\":{\"@id\":\"https:\\\/\\\/mekruphy.com\\\/de\\\/#website\"},\"primaryImageOfPage\":{\"@id\":\"https:\\\/\\\/mekruphy.com\\\/de\\\/produkte\\\/biologie\\\/experimentiersatz-biologie-5-pflanzen-1\\\/#primaryimage\"},\"image\":{\"@id\":\"https:\\\/\\\/mekruphy.com\\\/de\\\/produkte\\\/biologie\\\/experimentiersatz-biologie-5-pflanzen-1\\\/#primaryimage\"},\"thumbnailUrl\":\"https:\\\/\\\/mekruphy.com\\\/de\\\/wp-content\\\/uploads\\\/2020\\\/07\\\/BIOLOGIE-5_P1-rotated-e1595854898935.jpg\",\"datePublished\":\"2020-07-15T10:55:43+00:00\",\"dateModified\":\"2026-03-30T15:01:42+00:00\",\"description\":\"Der Experimentiersatz BIOLOGIE 5 erm\u00f6glicht in Verbindung mit der Basisausr\u00fcstung \u00fcber 20 Sch\u00fclerexperimente zum Thema Pflanzen.\",\"breadcrumb\":{\"@id\":\"https:\\\/\\\/mekruphy.com\\\/de\\\/produkte\\\/biologie\\\/experimentiersatz-biologie-5-pflanzen-1\\\/#breadcrumb\"},\"inLanguage\":\"de\",\"potentialAction\":[{\"@type\":\"ReadAction\",\"target\":[\"https:\\\/\\\/mekruphy.com\\\/de\\\/produkte\\\/biologie\\\/experimentiersatz-biologie-5-pflanzen-1\\\/\"]}]},{\"@type\":\"ImageObject\",\"inLanguage\":\"de\",\"@id\":\"https:\\\/\\\/mekruphy.com\\\/de\\\/produkte\\\/biologie\\\/experimentiersatz-biologie-5-pflanzen-1\\\/#primaryimage\",\"url\":\"https:\\\/\\\/mekruphy.com\\\/de\\\/wp-content\\\/uploads\\\/2020\\\/07\\\/BIOLOGIE-5_P1-rotated-e1595854898935.jpg\",\"contentUrl\":\"https:\\\/\\\/mekruphy.com\\\/de\\\/wp-content\\\/uploads\\\/2020\\\/07\\\/BIOLOGIE-5_P1-rotated-e1595854898935.jpg\",\"width\":1800,\"height\":1384},{\"@type\":\"BreadcrumbList\",\"@id\":\"https:\\\/\\\/mekruphy.com\\\/de\\\/produkte\\\/biologie\\\/experimentiersatz-biologie-5-pflanzen-1\\\/#breadcrumb\",\"itemListElement\":[{\"@type\":\"ListItem\",\"position\":1,\"name\":\"Startseite\",\"item\":\"https:\\\/\\\/mekruphy.com\\\/de\\\/\"},{\"@type\":\"ListItem\",\"position\":2,\"name\":\"Produkte\",\"item\":\"https:\\\/\\\/mekruphy.com\\\/de\\\/produkte\\\/\"},{\"@type\":\"ListItem\",\"position\":3,\"name\":\"Biologie\",\"item\":\"https:\\\/\\\/mekruphy.com\\\/de\\\/produkte\\\/biologie\\\/\"},{\"@type\":\"ListItem\",\"position\":4,\"name\":\"Experimentiersatz BIOLOGIE 5: PFLANZEN 1\"}]},{\"@type\":\"WebSite\",\"@id\":\"https:\\\/\\\/mekruphy.com\\\/de\\\/#website\",\"url\":\"https:\\\/\\\/mekruphy.com\\\/de\\\/\",\"name\":\"MEKRUPHY GmbH\",\"description\":\"Sch\u00fcler-Experimentierk\u00e4sten f\u00fcr den MINT-Unterricht\",\"potentialAction\":[{\"@type\":\"SearchAction\",\"target\":{\"@type\":\"EntryPoint\",\"urlTemplate\":\"https:\\\/\\\/mekruphy.com\\\/de\\\/?s={search_term_string}\"},\"query-input\":{\"@type\":\"PropertyValueSpecification\",\"valueRequired\":true,\"valueName\":\"search_term_string\"}}],\"inLanguage\":\"de\"}]}<\/script>\n<!-- \/ Yoast SEO plugin. -->","yoast_head_json":{"title":"Experimentiersatz BIOLOGIE 5: PFLANZEN 1 - MEKRUPHY GmbH","description":"Der Experimentiersatz BIOLOGIE 5 erm\u00f6glicht in Verbindung mit der Basisausr\u00fcstung \u00fcber 20 Sch\u00fclerexperimente zum Thema Pflanzen.","robots":{"index":"index","follow":"follow","max-snippet":"max-snippet:-1","max-image-preview":"max-image-preview:large","max-video-preview":"max-video-preview:-1"},"canonical":"https:\/\/mekruphy.com\/de\/produkte\/biologie\/experimentiersatz-biologie-5-pflanzen-1\/","og_locale":"de_DE","og_type":"article","og_title":"Experimentiersatz BIOLOGIE 5: PFLANZEN 1 - MEKRUPHY GmbH","og_description":"Der Experimentiersatz BIOLOGIE 5 erm\u00f6glicht in Verbindung mit der Basisausr\u00fcstung \u00fcber 20 Sch\u00fclerexperimente zum Thema Pflanzen.","og_url":"https:\/\/mekruphy.com\/de\/produkte\/biologie\/experimentiersatz-biologie-5-pflanzen-1\/","og_site_name":"MEKRUPHY GmbH","article_modified_time":"2026-03-30T15:01:42+00:00","og_image":[{"width":1800,"height":1384,"url":"https:\/\/mekruphy.com\/de\/wp-content\/uploads\/2020\/07\/BIOLOGIE-5_P1-rotated-e1595854898935.jpg","type":"image\/jpeg"}],"twitter_card":"summary_large_image","twitter_misc":{"Gesch\u00e4tzte Lesezeit":"4\u00a0Minuten"},"schema":{"@context":"https:\/\/schema.org","@graph":[{"@type":"WebPage","@id":"https:\/\/mekruphy.com\/de\/produkte\/biologie\/experimentiersatz-biologie-5-pflanzen-1\/","url":"https:\/\/mekruphy.com\/de\/produkte\/biologie\/experimentiersatz-biologie-5-pflanzen-1\/","name":"Experimentiersatz BIOLOGIE 5: PFLANZEN 1 - MEKRUPHY GmbH","isPartOf":{"@id":"https:\/\/mekruphy.com\/de\/#website"},"primaryImageOfPage":{"@id":"https:\/\/mekruphy.com\/de\/produkte\/biologie\/experimentiersatz-biologie-5-pflanzen-1\/#primaryimage"},"image":{"@id":"https:\/\/mekruphy.com\/de\/produkte\/biologie\/experimentiersatz-biologie-5-pflanzen-1\/#primaryimage"},"thumbnailUrl":"https:\/\/mekruphy.com\/de\/wp-content\/uploads\/2020\/07\/BIOLOGIE-5_P1-rotated-e1595854898935.jpg","datePublished":"2020-07-15T10:55:43+00:00","dateModified":"2026-03-30T15:01:42+00:00","description":"Der Experimentiersatz BIOLOGIE 5 erm\u00f6glicht in Verbindung mit der Basisausr\u00fcstung \u00fcber 20 Sch\u00fclerexperimente zum Thema Pflanzen.","breadcrumb":{"@id":"https:\/\/mekruphy.com\/de\/produkte\/biologie\/experimentiersatz-biologie-5-pflanzen-1\/#breadcrumb"},"inLanguage":"de","potentialAction":[{"@type":"ReadAction","target":["https:\/\/mekruphy.com\/de\/produkte\/biologie\/experimentiersatz-biologie-5-pflanzen-1\/"]}]},{"@type":"ImageObject","inLanguage":"de","@id":"https:\/\/mekruphy.com\/de\/produkte\/biologie\/experimentiersatz-biologie-5-pflanzen-1\/#primaryimage","url":"https:\/\/mekruphy.com\/de\/wp-content\/uploads\/2020\/07\/BIOLOGIE-5_P1-rotated-e1595854898935.jpg","contentUrl":"https:\/\/mekruphy.com\/de\/wp-content\/uploads\/2020\/07\/BIOLOGIE-5_P1-rotated-e1595854898935.jpg","width":1800,"height":1384},{"@type":"BreadcrumbList","@id":"https:\/\/mekruphy.com\/de\/produkte\/biologie\/experimentiersatz-biologie-5-pflanzen-1\/#breadcrumb","itemListElement":[{"@type":"ListItem","position":1,"name":"Startseite","item":"https:\/\/mekruphy.com\/de\/"},{"@type":"ListItem","position":2,"name":"Produkte","item":"https:\/\/mekruphy.com\/de\/produkte\/"},{"@type":"ListItem","position":3,"name":"Biologie","item":"https:\/\/mekruphy.com\/de\/produkte\/biologie\/"},{"@type":"ListItem","position":4,"name":"Experimentiersatz BIOLOGIE 5: PFLANZEN 1"}]},{"@type":"WebSite","@id":"https:\/\/mekruphy.com\/de\/#website","url":"https:\/\/mekruphy.com\/de\/","name":"MEKRUPHY GmbH","description":"Sch\u00fcler-Experimentierk\u00e4sten f\u00fcr den MINT-Unterricht","potentialAction":[{"@type":"SearchAction","target":{"@type":"EntryPoint","urlTemplate":"https:\/\/mekruphy.com\/de\/?s={search_term_string}"},"query-input":{"@type":"PropertyValueSpecification","valueRequired":true,"valueName":"search_term_string"}}],"inLanguage":"de"}]}},"coauthors":[],"author_meta":{"author_link":"https:\/\/mekruphy.com\/de\/author\/steps-sync\/","display_name":"Steps Sync"},"relative_dates":{"created":"Ver\u00f6ffentlicht 6\u00a0Jahren vor","modified":"Aktualisiert 2\u00a0Wochen vor"},"absolute_dates":{"created":"Ver\u00f6ffentlicht am 15. Juli 2020","modified":"Aktualisiert am 30. M\u00e4rz 2026"},"absolute_dates_time":{"created":"Ver\u00f6ffentlicht am 15. Juli 2020 12:55","modified":"Aktualisiert am 30. M\u00e4rz 2026 17:01"},"featured_img_caption":"","featured_img":"https:\/\/mekruphy.com\/de\/wp-content\/uploads\/2020\/07\/BIOLOGIE-5_P1-rotated-e1595854898935.jpg","series_order":"","_links":{"self":[{"href":"https:\/\/mekruphy.com\/de\/wp-json\/wp\/v2\/pages\/484","targetHints":{"allow":["GET"]}}],"collection":[{"href":"https:\/\/mekruphy.com\/de\/wp-json\/wp\/v2\/pages"}],"about":[{"href":"https:\/\/mekruphy.com\/de\/wp-json\/wp\/v2\/types\/page"}],"author":[{"embeddable":true,"href":"https:\/\/mekruphy.com\/de\/wp-json\/wp\/v2\/users\/3"}],"replies":[{"embeddable":true,"href":"https:\/\/mekruphy.com\/de\/wp-json\/wp\/v2\/comments?post=484"}],"version-history":[{"count":16,"href":"https:\/\/mekruphy.com\/de\/wp-json\/wp\/v2\/pages\/484\/revisions"}],"predecessor-version":[{"id":9297,"href":"https:\/\/mekruphy.com\/de\/wp-json\/wp\/v2\/pages\/484\/revisions\/9297"}],"up":[{"embeddable":true,"href":"https:\/\/mekruphy.com\/de\/wp-json\/wp\/v2\/pages\/625"}],"wp:featuredmedia":[{"embeddable":true,"href":"https:\/\/mekruphy.com\/de\/wp-json\/wp\/v2\/media\/1497"}],"wp:attachment":[{"href":"https:\/\/mekruphy.com\/de\/wp-json\/wp\/v2\/media?parent=484"}],"curies":[{"name":"wp","href":"https:\/\/api.w.org\/{rel}","templated":true}]}}