{"id":488,"date":"2020-07-15T12:55:49","date_gmt":"2020-07-15T10:55:49","guid":{"rendered":"https:\/\/mekruphy.com\/de\/experimentiersatz-biologie-6-pflanzen-2-addestation-mga\/"},"modified":"2026-03-30T12:10:27","modified_gmt":"2026-03-30T10:10:27","slug":"experimentiersatz-biologie-6-pflanzen-2-addestation-wireless","status":"publish","type":"page","link":"https:\/\/mekruphy.com\/de\/produkte\/biologie\/experimentiersatz-biologie-6-pflanzen-2-addestation-wireless\/","title":{"rendered":"Experimentiersatz BIOLOGIE 6 PFLANZEN 2 ADDESTATION wireless"},"content":{"rendered":"<div class=\"yoast-breadcrumbs\"><span><span><a href=\"https:\/\/mekruphy.com\/de\/\">Startseite<\/a><\/span> \u00bb <span><a href=\"https:\/\/mekruphy.com\/de\/produkte\/\">Produkte<\/a><\/span> \u00bb <span><a href=\"https:\/\/mekruphy.com\/de\/produkte\/biologie\/\">Biologie<\/a><\/span> \u00bb <span class=\"breadcrumb_last\" aria-current=\"page\">Experimentiersatz BIOLOGIE 6 PFLANZEN 2 ADDESTATION wireless<\/span><\/span><\/div>\n\n\n<div class=\"wp-block-advgb-adv-tabs advgb-tabs-wrapper advgb-tab-horz-desktop advgb-tab-vert-tablet advgb-tab-stack-mobile advgb-tabs-d850820d-7b27-46ff-b183-26649484961a\" data-tab-active=\"0\"><ul class=\"advgb-tabs-panel\" role=\"tablist\"><li class=\"advgb-tab advgb-tab-active\" role=\"presentation\" style=\"background-color:#e0e0e0;border-style:solid;border-width:1px;border-radius:10px\"><button class=\"advgb-tab-button\" id=\"advgb-tab-_50820d-7b-0\" aria-controls=\"advgb-tab-panel-_50820d-7b-0\" role=\"tab\" aria-selected=\"true\" tabindex=\"0\" style=\"color:#fff;background:none;border:none;width:100%;text-align:inherit;cursor:pointer;padding:8px 16px;font:inherit\"><span>Beschreibung<\/span><\/button><\/li><li class=\"advgb-tab \" role=\"presentation\" style=\"background-color:#e0e0e0;border-style:solid;border-width:1px;border-radius:10px\"><button class=\"advgb-tab-button\" id=\"advgb-tab-_50820d-7b-1\" aria-controls=\"advgb-tab-panel-_50820d-7b-1\" role=\"tab\" aria-selected=\"false\" tabindex=\"0\" style=\"color:#fff;background:none;border:none;width:100%;text-align:inherit;cursor:pointer;padding:8px 16px;font:inherit\"><span>Lieferumfang<\/span><\/button><\/li><li class=\"advgb-tab \" role=\"presentation\" style=\"background-color:#e0e0e0;border-style:solid;border-width:1px;border-radius:10px\"><button class=\"advgb-tab-button\" id=\"advgb-tab-_50820d-7b-2\" aria-controls=\"advgb-tab-panel-_50820d-7b-2\" role=\"tab\" aria-selected=\"false\" tabindex=\"0\" style=\"color:#fff;background:none;border:none;width:100%;text-align:inherit;cursor:pointer;padding:8px 16px;font:inherit\"><span>Experimente<\/span><\/button><\/li><li class=\"advgb-tab \" role=\"presentation\" style=\"background-color:#e0e0e0;border-style:solid;border-width:1px;border-radius:10px\"><button class=\"advgb-tab-button\" id=\"advgb-tab-_50820d-7b-3\" aria-controls=\"advgb-tab-panel-_50820d-7b-3\" role=\"tab\" aria-selected=\"false\" tabindex=\"0\" style=\"color:#fff;background:none;border:none;width:100%;text-align:inherit;cursor:pointer;padding:8px 16px;font:inherit\"><span>Bilder<\/span><\/button><\/li><\/ul><div class=\"advgb-tab-body-wrapper\" style=\"border-style:solid;border-width:1px;border-radius:10px\">\n<div class=\"wp-block-advgb-tab advgb-tab-body-container\"><div class=\"advgb-tab-body-header advgb-tab-class- header-active\" id=\"advgb-tab-panel-_bf82dc-18-0\" role=\"tabpanel\" aria-labelledby=\"advgb-tab-_bf82dc-18-0\" tabindex=\"0\"><span>Beschreibung<\/span><\/div><div class=\"advgb-tab-_bf82dc-18 advgb-tab-body\" aria-labelledby=\"advgb-tab-panel-_bf82dc-18-0\" style=\"display:block\">\n<h2 class=\"wp-block-heading\" id=\"sensationelle-biologieexperimente\">Eindrucksvolle Biologieexperimente&nbsp;&nbsp;<\/h2>\n\n\n\n<p>Der Experimentiersatz BIOLOGIE 6 ADDESTATION <em>wireless <\/em>erm\u00f6glicht Sch\u00fclerexperimente aus dem Pflanzenbereich, die mit konventionellen Methoden nicht durchf\u00fchrbar sind. Schnell reagierende, empfindliche Sensoren k\u00f6nnen geringe Sauerstoff- und Kohlendioxid-Ver\u00e4nderungen im kleinen Volumen der Gasprobenflasche rasch und damit auch im zeitlichen Rahmen einer Schulstunde aufzeichnen. So lassen sich grundlegende Lebensvorg\u00e4nge der Pflanzen wie Fotosynthese und Atmung auch im Sch\u00fclerversuch unkompliziert untersuchen.<\/p>\n\n\n\n<p>Au\u00dferdem k\u00f6nnen die Sch\u00fclerinnen und Sch\u00fcler beispielsweise&nbsp;<\/p>\n\n\n\n<ul class=\"wp-block-list\">\n<li>gleichzeitig die Verdunstung an der Ober- und Unterseite eines Blattes beobachten&nbsp;und auf die Lage der Spalt\u00f6ffnung schlie\u00dfen&nbsp;<\/li>\n\n\n\n<li>die Fotosynthese in Abh\u00e4ngigkeit von&nbsp;der <a href=\"https:\/\/de.wikipedia.org\/wiki\/Lichtfarbe\" target=\"_blank\" rel=\"noreferrer noopener\">Lichtfarbe<\/a>&nbsp;und Blattfarbe untersuchen&nbsp;oder&nbsp;<\/li>\n\n\n\n<li>die Atmung von Bl\u00e4ttern, Samen und Fr\u00fcchten erforschen&nbsp;<\/li>\n<\/ul>\n\n\n\n<p>Die Attraktivit\u00e4t der beschriebenen Experimente l\u00e4sst sich nur durch speziell entwickelte Ger\u00e4te erreichen. So steht den Sch\u00fclerinnen und Sch\u00fcler neben den hochempfindlichen Sensoren&nbsp;<\/p>\n\n\n\n<ul class=\"wp-block-list\">\n<li>eine akkubetriebene&nbsp;Pflanzenwuchslampe&nbsp;&nbsp;<\/li>\n\n\n\n<li>ein Multisensorkopf, der bis zu vier Sensoren aufnehmen kann, sowie&nbsp;&nbsp;<\/li>\n\n\n\n<li>eine besondere Halterung zur Aufnahme von zwei Feuchtigkeitssensoren&nbsp;zur Verf\u00fcgung&nbsp;<\/li>\n<\/ul>\n\n\n\n<p><\/p>\n\n\n\n<h3 class=\"wp-block-heading\" id=\"h-begleitmaterialien\">Begleitmaterialien<\/h3>\n\n\n\n<p>Passend zum Experimentiersatz BIOLOGIE 6 sind auch ein <a href=\"https:\/\/mekruphy.com\/de\/produkte\/biologie\/biologie-arbeitshefte\/\">Sch\u00fclerheft<\/a> und ein <a href=\"https:\/\/mekruphy.com\/de\/produkte\/biologie\/biologie-arbeitshefte\/\">Lehrerheft<\/a> mit didaktischen Anweisungen und L\u00f6sungen in analoger Form erh\u00e4ltlich. Das Sch\u00fclerheft ist auch in digitaler Form erwerbbar.<\/p>\n<\/div><\/div>\n\n\n\n<div class=\"wp-block-advgb-tab advgb-tab-body-container\"><div class=\"advgb-tab-body-header advgb-tab-class- \" id=\"advgb-tab-panel-_bf82dc-18-1\" role=\"tabpanel\" aria-labelledby=\"advgb-tab-_bf82dc-18-1\" tabindex=\"0\"><span>Lieferumfang<\/span><\/div><div class=\"advgb-tab-_bf82dc-18 advgb-tab-body\" aria-labelledby=\"advgb-tab-panel-_bf82dc-18-1\" style=\"display:none\">\n<figure class=\"wp-block-table table-product-contents\"><table><tbody><tr><td>01.01.10<\/td><td>Aufbewahrungskasten<\/td><\/tr><tr><td>37.02.00<\/td><td>Ger\u00e4tegeformter Einsatz B6<\/td><\/tr><tr><td>37.03.00<\/td><td>Pflanzenwuchslampe inkl. Ladeger\u00e4te<\/td><\/tr><tr><td>37.03.10<\/td><td>LED-Einheit wei\u00df<\/td><\/tr><tr><td>37.03.20<\/td><td>Farbenblende rot B6<\/td><\/tr><tr><td>37.03.30<\/td><td>Farbenblende gr\u00fcn B6<\/td><\/tr><tr><td>37.03.40<\/td><td>Farbenblende blau B6<\/td><\/tr><tr><td>37.04.00<\/td><td>Multi-Sensor-Kopf<\/td><\/tr><tr><td>37.05.00<\/td><td>Luftfeuchtigkeitssensorhalter<\/td><\/tr><tr><td>37.06.00<\/td><td>Gasprobenflasche (3 St\u00fcck)<\/td><\/tr><tr><td>37.07.00<\/td><td>Gasprobenflaschenh\u00fclle<\/td><\/tr><tr><td>37.08.00<\/td><td>40 Klebepads in Dose<\/td><\/tr><tr><td>31.13.50<\/td><td>Sauerstoff-Sensor <em>wireless<\/em><\/td><\/tr><tr><td>71.16.50<\/td><td>Kohlenstoffdioxid-Sensor <em>wireless<\/em><\/td><\/tr><tr><td>71.17.50<\/td><td>Luftfeuchtigkeits-Sensor <em>wireless <\/em>(2 St\u00fcck)<\/td><\/tr><\/tbody><\/table><\/figure>\n\n\n\n<p><\/p>\n\n\n\n<p><\/p>\n<\/div><\/div>\n\n\n\n<div class=\"wp-block-advgb-tab advgb-tab-body-container\"><div class=\"advgb-tab-body-header advgb-tab-class- \" id=\"advgb-tab-panel-_bf82dc-18-2\" role=\"tabpanel\" aria-labelledby=\"advgb-tab-_bf82dc-18-2\" tabindex=\"0\"><span>Experimente<\/span><\/div><div class=\"advgb-tab-_bf82dc-18 advgb-tab-body\" aria-labelledby=\"advgb-tab-panel-_bf82dc-18-2\" style=\"display:none\">\n<p><\/p>\n\n\n\n<figure class=\"wp-block-table table-product-experiments\"><table><tbody><tr><td>B6-1<\/td><td>Wasserabgabe an Bl\u00e4ttern\u00a0<\/td><\/tr><tr><td>B6-2<\/td><td>Lichtst\u00e4rke und Verdunstungseffekt\u00a0<\/td><\/tr><tr><td>B6-3<\/td><td>Fotosynthese<\/td><\/tr><tr><td>B6-4<\/td><td>Fotosynthese an roten Bl\u00e4ttern<\/td><\/tr><tr><td>B6-5<\/td><td>Fotosynthese an panaschierten Bl\u00e4ttern<\/td><\/tr><tr><td>B6-6<\/td><td>Fotosynthese an Wasserpflanzen<\/td><\/tr><tr><td>B6-7<\/td><td>Fotosynthese und farbiges Licht<\/td><\/tr><tr><td>B6-8<\/td><td>Pflanzen\u00a0bei Nacht<\/td><\/tr><tr><td>B6-9<\/td><td>CAM-Pflanzen\u00a0bei Nacht\u00a0<\/td><\/tr><tr><td>B6-10<\/td><td>K\u00f6nnen Fr\u00fcchte atmen?<\/td><\/tr><tr><td>B6-11<\/td><td>Keimende und nichtkeimende Samen<\/td><\/tr><\/tbody><\/table><\/figure>\n<\/div><\/div>\n\n\n\n<div class=\"wp-block-advgb-tab advgb-tab-body-container\"><div class=\"advgb-tab-body-header advgb-tab-class-undefined \" id=\"advgb-tab-panel-_bf82dc-18-3\" role=\"tabpanel\" aria-labelledby=\"advgb-tab-_bf82dc-18-3\" tabindex=\"0\"><span>Bilder<\/span><\/div><div class=\"advgb-tab-_bf82dc-18 advgb-tab-body\" aria-labelledby=\"advgb-tab-panel-_bf82dc-18-3\" style=\"display:none\">\n<p>&nbsp;<\/p>\n\n\n<div class=\"wp-block-image\">\n<figure class=\"aligncenter size-large is-resized\"><img loading=\"lazy\" decoding=\"async\" width=\"559\" height=\"523\" src=\"https:\/\/mekruphy.com\/de\/wp-content\/uploads\/2021\/03\/B6_1.png\" alt=\"BIOLOGIE 6\" class=\"wp-image-3221\" style=\"width:510px;height:477px\" srcset=\"https:\/\/mekruphy.com\/de\/wp-content\/uploads\/2021\/03\/B6_1.png 559w, https:\/\/mekruphy.com\/de\/wp-content\/uploads\/2021\/03\/B6_1-300x281.png 300w\" sizes=\"auto, (max-width: 559px) 100vw, 559px\" \/><\/figure>\n<\/div>\n\n\n<p>&nbsp;<\/p>\n\n\n<div class=\"wp-block-image\">\n<figure class=\"aligncenter size-large is-resized\"><img loading=\"lazy\" decoding=\"async\" width=\"815\" height=\"538\" src=\"https:\/\/mekruphy.com\/de\/wp-content\/uploads\/2021\/03\/B6_2.png\" alt=\"Versuchsaufbau Fotosynthese\" class=\"wp-image-3222\" style=\"width:750px;height:494px\" srcset=\"https:\/\/mekruphy.com\/de\/wp-content\/uploads\/2021\/03\/B6_2.png 815w, https:\/\/mekruphy.com\/de\/wp-content\/uploads\/2021\/03\/B6_2-300x198.png 300w, https:\/\/mekruphy.com\/de\/wp-content\/uploads\/2021\/03\/B6_2-768x507.png 768w\" sizes=\"auto, (max-width: 815px) 100vw, 815px\" \/><\/figure>\n<\/div>\n\n\n<p>&nbsp;<\/p>\n\n\n<div class=\"wp-block-image\">\n<figure class=\"aligncenter size-large is-resized\"><img loading=\"lazy\" decoding=\"async\" width=\"592\" height=\"598\" src=\"https:\/\/mekruphy.com\/de\/wp-content\/uploads\/2021\/03\/B6_3.png\" alt=\"Sch\u00fclerexperiment Fotosynthese\" class=\"wp-image-3223\" style=\"width:510px;height:515px\" srcset=\"https:\/\/mekruphy.com\/de\/wp-content\/uploads\/2021\/03\/B6_3.png 592w, https:\/\/mekruphy.com\/de\/wp-content\/uploads\/2021\/03\/B6_3-297x300.png 297w\" sizes=\"auto, (max-width: 592px) 100vw, 592px\" \/><\/figure>\n<\/div>\n\n\n<p>&nbsp;<\/p>\n\n\n\n<p>&nbsp;<\/p>\n\n\n<div class=\"wp-block-image\">\n<figure class=\"aligncenter size-large is-resized\"><img loading=\"lazy\" decoding=\"async\" width=\"523\" height=\"595\" src=\"https:\/\/mekruphy.com\/de\/wp-content\/uploads\/2021\/03\/B6_5.png\" alt=\"Fotosynthese Versuchsaufbau\" class=\"wp-image-3225\" style=\"width:510px;height:581px\" srcset=\"https:\/\/mekruphy.com\/de\/wp-content\/uploads\/2021\/03\/B6_5.png 523w, https:\/\/mekruphy.com\/de\/wp-content\/uploads\/2021\/03\/B6_5-264x300.png 264w\" sizes=\"auto, (max-width: 523px) 100vw, 523px\" \/><\/figure>\n<\/div>\n\n\n<p>&nbsp;<\/p>\n\n\n\n<p>&nbsp;<\/p>\n\n\n<div class=\"wp-block-image\">\n<figure class=\"aligncenter size-large is-resized\"><img loading=\"lazy\" decoding=\"async\" width=\"845\" height=\"458\" src=\"https:\/\/mekruphy.com\/de\/wp-content\/uploads\/2021\/03\/B6_7.png\" alt=\"Versuchsaufbau Pflanzen 2\" class=\"wp-image-3227\" style=\"width:750px;height:405px\" srcset=\"https:\/\/mekruphy.com\/de\/wp-content\/uploads\/2021\/03\/B6_7.png 845w, https:\/\/mekruphy.com\/de\/wp-content\/uploads\/2021\/03\/B6_7-300x163.png 300w, https:\/\/mekruphy.com\/de\/wp-content\/uploads\/2021\/03\/B6_7-768x416.png 768w\" sizes=\"auto, (max-width: 845px) 100vw, 845px\" \/><\/figure>\n<\/div>\n\n\n<p>&nbsp;<\/p>\n\n\n\n<p>&nbsp;<\/p>\n<\/div><\/div>\n<\/div><\/div>\n\n\n\n<p><\/p>\n<style class=\"advgb-styles-renderer\">.advgb-tabs-d850820d-7b27-46ff-b183-26649484961a ul.advgb-tabs-panel li.advgb-tab.advgb-tab-active {background-color:#5954d6 !important;color:#fff !important;}#advgb-tabs-d850820d-7b27-46ff-b183-26649484961a .advgb-tab-body-header.header-active, .advgb-tabs-d850820d-7b27-46ff-b183-26649484961a .advgb-tab-body-header.header-active{background-color:#5954d6 !important;color:#fff !important;}<\/style>","protected":false},"excerpt":{"rendered":"","protected":false},"author":3,"featured_media":2257,"parent":625,"menu_order":0,"comment_status":"closed","ping_status":"closed","template":"templates\/product.php","meta":{"_acf_changed":false,"_coblocks_attr":"","_coblocks_dimensions":"","_coblocks_responsive_height":"","_coblocks_accordion_ie_support":"","_eb_attr":"","advgb_blocks_editor_width":"","advgb_blocks_columns_visual_guide":"","footnotes":""},"class_list":["post-488","page","type-page","status-publish","has-post-thumbnail","hentry"],"acf":[],"yoast_head":"<!-- This site is optimized with the Yoast SEO plugin v27.3 - https:\/\/yoast.com\/product\/yoast-seo-wordpress\/ -->\n<title>Experimentiersatz BIOLOGIE 6 PFLANZEN 2 ADDESTATION wireless - MEKRUPHY GmbH<\/title>\n<meta name=\"description\" content=\"Dieser Kasten erm\u00f6glicht in Verbindung mit dem MGA Pflanzen-Experimente, die mit konventionellen Methoden nicht durchf\u00fchrbar sind.\" \/>\n<meta name=\"robots\" content=\"index, follow, max-snippet:-1, max-image-preview:large, max-video-preview:-1\" \/>\n<link rel=\"canonical\" href=\"https:\/\/mekruphy.com\/de\/produkte\/biologie\/experimentiersatz-biologie-6-pflanzen-2-addestation-wireless\/\" \/>\n<meta property=\"og:locale\" content=\"de_DE\" \/>\n<meta property=\"og:type\" content=\"article\" \/>\n<meta property=\"og:title\" content=\"Experimentiersatz BIOLOGIE 6 PFLANZEN 2 ADDESTATION wireless - MEKRUPHY GmbH\" \/>\n<meta property=\"og:description\" content=\"Dieser Kasten erm\u00f6glicht in Verbindung mit dem MGA Pflanzen-Experimente, die mit konventionellen Methoden nicht durchf\u00fchrbar sind.\" \/>\n<meta property=\"og:url\" content=\"https:\/\/mekruphy.com\/de\/produkte\/biologie\/experimentiersatz-biologie-6-pflanzen-2-addestation-wireless\/\" \/>\n<meta property=\"og:site_name\" content=\"MEKRUPHY GmbH\" \/>\n<meta property=\"article:modified_time\" content=\"2026-03-30T10:10:27+00:00\" \/>\n<meta property=\"og:image\" content=\"https:\/\/mekruphy.com\/de\/wp-content\/uploads\/2020\/08\/Kasten-Biologie-6-Pflanzen-2-mit-Addestation.jpg\" \/>\n\t<meta property=\"og:image:width\" content=\"1800\" \/>\n\t<meta property=\"og:image:height\" content=\"1464\" \/>\n\t<meta property=\"og:image:type\" content=\"image\/jpeg\" \/>\n<meta name=\"twitter:card\" content=\"summary_large_image\" \/>\n<meta name=\"twitter:label1\" content=\"Gesch\u00e4tzte Lesezeit\" \/>\n\t<meta name=\"twitter:data1\" content=\"6\u00a0Minuten\" \/>\n<script type=\"application\/ld+json\" class=\"yoast-schema-graph\">{\"@context\":\"https:\\\/\\\/schema.org\",\"@graph\":[{\"@type\":\"WebPage\",\"@id\":\"https:\\\/\\\/mekruphy.com\\\/de\\\/produkte\\\/biologie\\\/experimentiersatz-biologie-6-pflanzen-2-addestation-wireless\\\/\",\"url\":\"https:\\\/\\\/mekruphy.com\\\/de\\\/produkte\\\/biologie\\\/experimentiersatz-biologie-6-pflanzen-2-addestation-wireless\\\/\",\"name\":\"Experimentiersatz BIOLOGIE 6 PFLANZEN 2 ADDESTATION wireless - MEKRUPHY GmbH\",\"isPartOf\":{\"@id\":\"https:\\\/\\\/mekruphy.com\\\/de\\\/#website\"},\"primaryImageOfPage\":{\"@id\":\"https:\\\/\\\/mekruphy.com\\\/de\\\/produkte\\\/biologie\\\/experimentiersatz-biologie-6-pflanzen-2-addestation-wireless\\\/#primaryimage\"},\"image\":{\"@id\":\"https:\\\/\\\/mekruphy.com\\\/de\\\/produkte\\\/biologie\\\/experimentiersatz-biologie-6-pflanzen-2-addestation-wireless\\\/#primaryimage\"},\"thumbnailUrl\":\"https:\\\/\\\/mekruphy.com\\\/de\\\/wp-content\\\/uploads\\\/2020\\\/08\\\/Kasten-Biologie-6-Pflanzen-2-mit-Addestation.jpg\",\"datePublished\":\"2020-07-15T10:55:49+00:00\",\"dateModified\":\"2026-03-30T10:10:27+00:00\",\"description\":\"Dieser Kasten erm\u00f6glicht in Verbindung mit dem MGA Pflanzen-Experimente, die mit konventionellen Methoden nicht durchf\u00fchrbar sind.\",\"breadcrumb\":{\"@id\":\"https:\\\/\\\/mekruphy.com\\\/de\\\/produkte\\\/biologie\\\/experimentiersatz-biologie-6-pflanzen-2-addestation-wireless\\\/#breadcrumb\"},\"inLanguage\":\"de\",\"potentialAction\":[{\"@type\":\"ReadAction\",\"target\":[\"https:\\\/\\\/mekruphy.com\\\/de\\\/produkte\\\/biologie\\\/experimentiersatz-biologie-6-pflanzen-2-addestation-wireless\\\/\"]}]},{\"@type\":\"ImageObject\",\"inLanguage\":\"de\",\"@id\":\"https:\\\/\\\/mekruphy.com\\\/de\\\/produkte\\\/biologie\\\/experimentiersatz-biologie-6-pflanzen-2-addestation-wireless\\\/#primaryimage\",\"url\":\"https:\\\/\\\/mekruphy.com\\\/de\\\/wp-content\\\/uploads\\\/2020\\\/08\\\/Kasten-Biologie-6-Pflanzen-2-mit-Addestation.jpg\",\"contentUrl\":\"https:\\\/\\\/mekruphy.com\\\/de\\\/wp-content\\\/uploads\\\/2020\\\/08\\\/Kasten-Biologie-6-Pflanzen-2-mit-Addestation.jpg\",\"width\":1800,\"height\":1464},{\"@type\":\"BreadcrumbList\",\"@id\":\"https:\\\/\\\/mekruphy.com\\\/de\\\/produkte\\\/biologie\\\/experimentiersatz-biologie-6-pflanzen-2-addestation-wireless\\\/#breadcrumb\",\"itemListElement\":[{\"@type\":\"ListItem\",\"position\":1,\"name\":\"Startseite\",\"item\":\"https:\\\/\\\/mekruphy.com\\\/de\\\/\"},{\"@type\":\"ListItem\",\"position\":2,\"name\":\"Produkte\",\"item\":\"https:\\\/\\\/mekruphy.com\\\/de\\\/produkte\\\/\"},{\"@type\":\"ListItem\",\"position\":3,\"name\":\"Biologie\",\"item\":\"https:\\\/\\\/mekruphy.com\\\/de\\\/produkte\\\/biologie\\\/\"},{\"@type\":\"ListItem\",\"position\":4,\"name\":\"Experimentiersatz BIOLOGIE 6 PFLANZEN 2 ADDESTATION wireless\"}]},{\"@type\":\"WebSite\",\"@id\":\"https:\\\/\\\/mekruphy.com\\\/de\\\/#website\",\"url\":\"https:\\\/\\\/mekruphy.com\\\/de\\\/\",\"name\":\"MEKRUPHY GmbH\",\"description\":\"Sch\u00fcler-Experimentierk\u00e4sten f\u00fcr den MINT-Unterricht\",\"potentialAction\":[{\"@type\":\"SearchAction\",\"target\":{\"@type\":\"EntryPoint\",\"urlTemplate\":\"https:\\\/\\\/mekruphy.com\\\/de\\\/?s={search_term_string}\"},\"query-input\":{\"@type\":\"PropertyValueSpecification\",\"valueRequired\":true,\"valueName\":\"search_term_string\"}}],\"inLanguage\":\"de\"}]}<\/script>\n<!-- \/ Yoast SEO plugin. -->","yoast_head_json":{"title":"Experimentiersatz BIOLOGIE 6 PFLANZEN 2 ADDESTATION wireless - MEKRUPHY GmbH","description":"Dieser Kasten erm\u00f6glicht in Verbindung mit dem MGA Pflanzen-Experimente, die mit konventionellen Methoden nicht durchf\u00fchrbar sind.","robots":{"index":"index","follow":"follow","max-snippet":"max-snippet:-1","max-image-preview":"max-image-preview:large","max-video-preview":"max-video-preview:-1"},"canonical":"https:\/\/mekruphy.com\/de\/produkte\/biologie\/experimentiersatz-biologie-6-pflanzen-2-addestation-wireless\/","og_locale":"de_DE","og_type":"article","og_title":"Experimentiersatz BIOLOGIE 6 PFLANZEN 2 ADDESTATION wireless - MEKRUPHY GmbH","og_description":"Dieser Kasten erm\u00f6glicht in Verbindung mit dem MGA Pflanzen-Experimente, die mit konventionellen Methoden nicht durchf\u00fchrbar sind.","og_url":"https:\/\/mekruphy.com\/de\/produkte\/biologie\/experimentiersatz-biologie-6-pflanzen-2-addestation-wireless\/","og_site_name":"MEKRUPHY GmbH","article_modified_time":"2026-03-30T10:10:27+00:00","og_image":[{"width":1800,"height":1464,"url":"https:\/\/mekruphy.com\/de\/wp-content\/uploads\/2020\/08\/Kasten-Biologie-6-Pflanzen-2-mit-Addestation.jpg","type":"image\/jpeg"}],"twitter_card":"summary_large_image","twitter_misc":{"Gesch\u00e4tzte Lesezeit":"6\u00a0Minuten"},"schema":{"@context":"https:\/\/schema.org","@graph":[{"@type":"WebPage","@id":"https:\/\/mekruphy.com\/de\/produkte\/biologie\/experimentiersatz-biologie-6-pflanzen-2-addestation-wireless\/","url":"https:\/\/mekruphy.com\/de\/produkte\/biologie\/experimentiersatz-biologie-6-pflanzen-2-addestation-wireless\/","name":"Experimentiersatz BIOLOGIE 6 PFLANZEN 2 ADDESTATION wireless - MEKRUPHY GmbH","isPartOf":{"@id":"https:\/\/mekruphy.com\/de\/#website"},"primaryImageOfPage":{"@id":"https:\/\/mekruphy.com\/de\/produkte\/biologie\/experimentiersatz-biologie-6-pflanzen-2-addestation-wireless\/#primaryimage"},"image":{"@id":"https:\/\/mekruphy.com\/de\/produkte\/biologie\/experimentiersatz-biologie-6-pflanzen-2-addestation-wireless\/#primaryimage"},"thumbnailUrl":"https:\/\/mekruphy.com\/de\/wp-content\/uploads\/2020\/08\/Kasten-Biologie-6-Pflanzen-2-mit-Addestation.jpg","datePublished":"2020-07-15T10:55:49+00:00","dateModified":"2026-03-30T10:10:27+00:00","description":"Dieser Kasten erm\u00f6glicht in Verbindung mit dem MGA Pflanzen-Experimente, die mit konventionellen Methoden nicht durchf\u00fchrbar sind.","breadcrumb":{"@id":"https:\/\/mekruphy.com\/de\/produkte\/biologie\/experimentiersatz-biologie-6-pflanzen-2-addestation-wireless\/#breadcrumb"},"inLanguage":"de","potentialAction":[{"@type":"ReadAction","target":["https:\/\/mekruphy.com\/de\/produkte\/biologie\/experimentiersatz-biologie-6-pflanzen-2-addestation-wireless\/"]}]},{"@type":"ImageObject","inLanguage":"de","@id":"https:\/\/mekruphy.com\/de\/produkte\/biologie\/experimentiersatz-biologie-6-pflanzen-2-addestation-wireless\/#primaryimage","url":"https:\/\/mekruphy.com\/de\/wp-content\/uploads\/2020\/08\/Kasten-Biologie-6-Pflanzen-2-mit-Addestation.jpg","contentUrl":"https:\/\/mekruphy.com\/de\/wp-content\/uploads\/2020\/08\/Kasten-Biologie-6-Pflanzen-2-mit-Addestation.jpg","width":1800,"height":1464},{"@type":"BreadcrumbList","@id":"https:\/\/mekruphy.com\/de\/produkte\/biologie\/experimentiersatz-biologie-6-pflanzen-2-addestation-wireless\/#breadcrumb","itemListElement":[{"@type":"ListItem","position":1,"name":"Startseite","item":"https:\/\/mekruphy.com\/de\/"},{"@type":"ListItem","position":2,"name":"Produkte","item":"https:\/\/mekruphy.com\/de\/produkte\/"},{"@type":"ListItem","position":3,"name":"Biologie","item":"https:\/\/mekruphy.com\/de\/produkte\/biologie\/"},{"@type":"ListItem","position":4,"name":"Experimentiersatz BIOLOGIE 6 PFLANZEN 2 ADDESTATION wireless"}]},{"@type":"WebSite","@id":"https:\/\/mekruphy.com\/de\/#website","url":"https:\/\/mekruphy.com\/de\/","name":"MEKRUPHY GmbH","description":"Sch\u00fcler-Experimentierk\u00e4sten f\u00fcr den MINT-Unterricht","potentialAction":[{"@type":"SearchAction","target":{"@type":"EntryPoint","urlTemplate":"https:\/\/mekruphy.com\/de\/?s={search_term_string}"},"query-input":{"@type":"PropertyValueSpecification","valueRequired":true,"valueName":"search_term_string"}}],"inLanguage":"de"}]}},"coauthors":[],"author_meta":{"author_link":"https:\/\/mekruphy.com\/de\/author\/steps-sync\/","display_name":"Steps Sync"},"relative_dates":{"created":"Ver\u00f6ffentlicht 6\u00a0Jahren vor","modified":"Aktualisiert 2\u00a0Wochen vor"},"absolute_dates":{"created":"Ver\u00f6ffentlicht am 15. Juli 2020","modified":"Aktualisiert am 30. M\u00e4rz 2026"},"absolute_dates_time":{"created":"Ver\u00f6ffentlicht am 15. Juli 2020 12:55","modified":"Aktualisiert am 30. M\u00e4rz 2026 12:10"},"featured_img_caption":"","featured_img":"https:\/\/mekruphy.com\/de\/wp-content\/uploads\/2020\/08\/Kasten-Biologie-6-Pflanzen-2-mit-Addestation.jpg","series_order":"","_links":{"self":[{"href":"https:\/\/mekruphy.com\/de\/wp-json\/wp\/v2\/pages\/488","targetHints":{"allow":["GET"]}}],"collection":[{"href":"https:\/\/mekruphy.com\/de\/wp-json\/wp\/v2\/pages"}],"about":[{"href":"https:\/\/mekruphy.com\/de\/wp-json\/wp\/v2\/types\/page"}],"author":[{"embeddable":true,"href":"https:\/\/mekruphy.com\/de\/wp-json\/wp\/v2\/users\/3"}],"replies":[{"embeddable":true,"href":"https:\/\/mekruphy.com\/de\/wp-json\/wp\/v2\/comments?post=488"}],"version-history":[{"count":18,"href":"https:\/\/mekruphy.com\/de\/wp-json\/wp\/v2\/pages\/488\/revisions"}],"predecessor-version":[{"id":9235,"href":"https:\/\/mekruphy.com\/de\/wp-json\/wp\/v2\/pages\/488\/revisions\/9235"}],"up":[{"embeddable":true,"href":"https:\/\/mekruphy.com\/de\/wp-json\/wp\/v2\/pages\/625"}],"wp:featuredmedia":[{"embeddable":true,"href":"https:\/\/mekruphy.com\/de\/wp-json\/wp\/v2\/media\/2257"}],"wp:attachment":[{"href":"https:\/\/mekruphy.com\/de\/wp-json\/wp\/v2\/media?parent=488"}],"curies":[{"name":"wp","href":"https:\/\/api.w.org\/{rel}","templated":true}]}}