{"id":492,"date":"2020-07-15T12:55:55","date_gmt":"2020-07-15T10:55:55","guid":{"rendered":"https:\/\/mekruphy.com\/de\/experimentiersatz-biologie-7-physiologie-addestation-mga\/"},"modified":"2026-03-30T12:07:29","modified_gmt":"2026-03-30T10:07:29","slug":"experimentiersatz-biologie-7-physiologie-addestation-wireless","status":"publish","type":"page","link":"https:\/\/mekruphy.com\/de\/produkte\/biologie\/experimentiersatz-biologie-7-physiologie-addestation-wireless\/","title":{"rendered":"Experimentiersatz BIOLOGIE 7 PHYSIOLOGIE ADDESTATION wireless"},"content":{"rendered":"<div class=\"yoast-breadcrumbs\"><span><span><a href=\"https:\/\/mekruphy.com\/de\/\">Startseite<\/a><\/span> \u00bb <span><a href=\"https:\/\/mekruphy.com\/de\/produkte\/\">Produkte<\/a><\/span> \u00bb <span><a href=\"https:\/\/mekruphy.com\/de\/produkte\/biologie\/\">Biologie<\/a><\/span> \u00bb <span class=\"breadcrumb_last\" aria-current=\"page\">Experimentiersatz BIOLOGIE 7 PHYSIOLOGIE ADDESTATION wireless<\/span><\/span><\/div>\n\n\n<div class=\"wp-block-advgb-adv-tabs advgb-tabs-wrapper advgb-tab-horz-desktop advgb-tab-vert-tablet advgb-tab-stack-mobile advgb-tabs-9721546e-8c61-42e6-8c76-0bbab38dde13\" data-tab-active=\"0\"><ul class=\"advgb-tabs-panel\" role=\"tablist\"><li class=\"advgb-tab advgb-tab-active\" role=\"presentation\" style=\"background-color:#e0e0e0;border-style:solid;border-width:1px;border-radius:10px\"><button class=\"advgb-tab-button\" id=\"advgb-tab-_21546e-8c-0\" aria-controls=\"advgb-tab-panel-_21546e-8c-0\" role=\"tab\" aria-selected=\"true\" tabindex=\"0\" style=\"color:#fff;background:none;border:none;width:100%;text-align:inherit;cursor:pointer;padding:8px 16px;font:inherit\"><span>Beschreibung<\/span><\/button><\/li><li class=\"advgb-tab \" role=\"presentation\" style=\"background-color:#e0e0e0;border-style:solid;border-width:1px;border-radius:10px\"><button class=\"advgb-tab-button\" id=\"advgb-tab-_21546e-8c-1\" aria-controls=\"advgb-tab-panel-_21546e-8c-1\" role=\"tab\" aria-selected=\"false\" tabindex=\"0\" style=\"color:#fff;background:none;border:none;width:100%;text-align:inherit;cursor:pointer;padding:8px 16px;font:inherit\"><span>Lieferumfang<\/span><\/button><\/li><li class=\"advgb-tab \" role=\"presentation\" style=\"background-color:#e0e0e0;border-style:solid;border-width:1px;border-radius:10px\"><button class=\"advgb-tab-button\" id=\"advgb-tab-_21546e-8c-2\" aria-controls=\"advgb-tab-panel-_21546e-8c-2\" role=\"tab\" aria-selected=\"false\" tabindex=\"0\" style=\"color:#fff;background:none;border:none;width:100%;text-align:inherit;cursor:pointer;padding:8px 16px;font:inherit\"><span>Experimente<\/span><\/button><\/li><li class=\"advgb-tab \" role=\"presentation\" style=\"background-color:#e0e0e0;border-style:solid;border-width:1px;border-radius:10px\"><button class=\"advgb-tab-button\" id=\"advgb-tab-_21546e-8c-3\" aria-controls=\"advgb-tab-panel-_21546e-8c-3\" role=\"tab\" aria-selected=\"false\" tabindex=\"0\" style=\"color:#fff;background:none;border:none;width:100%;text-align:inherit;cursor:pointer;padding:8px 16px;font:inherit\"><span>Bilder<\/span><\/button><\/li><\/ul><div class=\"advgb-tab-body-wrapper\" style=\"border-style:solid;border-width:1px;border-radius:10px\">\n<div class=\"wp-block-advgb-tab advgb-tab-body-container\"><div class=\"advgb-tab-body-header advgb-tab-class- header-active\" id=\"advgb-tab-panel-_bf82dc-18-0\" role=\"tabpanel\" aria-labelledby=\"advgb-tab-_bf82dc-18-0\" tabindex=\"0\"><span>Beschreibung<\/span><\/div><div class=\"advgb-tab-_bf82dc-18 advgb-tab-body\" aria-labelledby=\"advgb-tab-panel-_bf82dc-18-0\" style=\"display:block\">\n<h2 class=\"wp-block-heading\" id=\"biophysikalische-funktionsweisen-des-organismus-erkunden\">Biophysikalische Funktionsweisen des Organismus erkunden&nbsp;<\/h2>\n\n\n\n<p>Das vielf\u00e4ltige Themengebiet der\u00a0Physiologie, die Funktionsweise des menschlichen K\u00f6rpers, ist in ideal daf\u00fcr geeignet, um mit Hilfe der hochempfindlichen Sensoren des Experimentiersatzes BIOLOGIE 7 <em>wireless <\/em>erforscht zu werden.\u00a0Die Sch\u00fclerinnen und Sch\u00fcler\u00a0\u00a0<\/p>\n\n\n\n<ul class=\"wp-block-list\">\n<li>erleben\u00a0das Ph\u00e4nomen der Osmose\u00a0<\/li>\n\n\n\n<li>\u00fcberzeugen sich von der Bedeutung gro\u00dfer Oberfl\u00e4chen bei relativ kleinen Volumina\u00a0<\/li>\n\n\n\n<li>untersuchen die Enzymwirkung\u00a0in Abh\u00e4ngigkeit von Konzentration, Substrat und Temperatur\u00a0<\/li>\n\n\n\n<li>und\u00a0analysieren Herzschlag und EKG\u00a0<\/li>\n\n\n\n<li>Staunen \u00fcber die starke Abk\u00fchlung bei der Verdunstung nasser Stoffe<\/li>\n<\/ul>\n\n\n\n<p>Mit seinen sechs verschiedenen Sensoren hoher\u00a0Pr\u00e4zision bietet der MEKRUPHY-Experimentiersatz BIOLOGIE 7 abwechslungsreiche M\u00f6glichkeiten zur Untersuchung der genannten Themengebiete.\u00a0<\/p>\n\n\n\n<h3 class=\"wp-block-heading\" id=\"weiteres-zubehor-erforderlich\">Zus\u00e4tzlich erforderlich<\/h3>\n\n\n\n<p>F\u00fcr die Arbeit mit dem Experimentiersatz BIOLOGIE 7 wird zus\u00e4tzlich der Experimentiersatz <a href=\"https:\/\/mekruphy.com\/de\/produkte\/biologie\/basisausruestung-biologie\/\">BASISAUSR\u00dcSTUNG BIOLOGIE<\/a> als Grundausstattung ben\u00f6tigt.<\/p>\n\n\n\n<h3 class=\"wp-block-heading\" id=\"h-begleitmaterialien\">Begleitmaterialien<\/h3>\n\n\n\n<p>Passend zum Experimentiersatz BIOLOGIE 7 sind auch ein <a href=\"https:\/\/mekruphy.com\/de\/produkte\/biologie\/biologie-arbeitshefte\/\">Sch\u00fclerheft<\/a> und ein <a href=\"https:\/\/mekruphy.com\/de\/produkte\/biologie\/biologie-arbeitshefte\/\">Lehrerheft<\/a> mit didaktischen Anweisungen und L\u00f6sungen in analoger Form erh\u00e4ltlich. Das Sch\u00fclerheft ist auch in digitaler Form erwerbbar.<\/p>\n<\/div><\/div>\n\n\n\n<div class=\"wp-block-advgb-tab advgb-tab-body-container\"><div class=\"advgb-tab-body-header advgb-tab-class- \" id=\"advgb-tab-panel-_bf82dc-18-1\" role=\"tabpanel\" aria-labelledby=\"advgb-tab-_bf82dc-18-1\" tabindex=\"0\"><span>Lieferumfang<\/span><\/div><div class=\"advgb-tab-_bf82dc-18 advgb-tab-body\" aria-labelledby=\"advgb-tab-panel-_bf82dc-18-1\" style=\"display:none\">\n<figure class=\"wp-block-table table-product-contents\"><table><tbody><tr><td>01.01.10<\/td><td>Aufbewahrungskasten<\/td><\/tr><tr><td>33.02.00<\/td><td>Ger\u00e4tegeformter Einsatz B7<\/td><\/tr><tr><td>23.04.70<\/td><td>2-Kanal-Temperatur-Sensor <em>wireless <\/em>mit Display (2 St\u00fcck)<\/td><\/tr><tr><td>31.07.50<\/td><td>EKG-Sensor <em>wireless <\/em>inkl. EKG-Kabel<\/td><\/tr><tr><td>31.07.10<\/td><td>100 EKG-Elektroden<\/td><\/tr><tr><td>33.08.50<\/td><td>Stethoskop <em>wireless<\/em><\/td><\/tr><tr><td>23.08.70<\/td><td>Kombinierter Spannungs-Stromst\u00e4rke-Sensor <em>wireless <\/em>mit Display<\/td><\/tr><tr><td>23.09.70<\/td><td>pH-Sensor <em>wireless <\/em>mit Display und Aufbewahrungsflasche<\/td><\/tr><tr><td>23.09.10<\/td><td>Schraubdeckel<\/td><\/tr><tr><td>23.10.70<\/td><td>Leitf\u00e4higkeits-Sensor <em>wireless <\/em>mit Display<\/td><\/tr><tr><td>33.11.40<\/td><td>Spritze 10 ml mit Lockansatz<\/td><\/tr><tr><td>31.12.70<\/td><td>Gasdruck-Sensor <em>wireless <\/em>mit Display<\/td><\/tr><tr><td>31.12.10<\/td><td>Gasdruckschlauch in Dose<\/td><\/tr><tr><td>31.12.20<\/td><td>Glasrohr 11\/14<\/td><\/tr><tr><td>31.12.30<\/td><td>Gummistopfen mit 1 Anschluss<\/td><\/tr><tr><td>33.13.00<\/td><td>Spritze 5 ml mit Lockansatz (2 St\u00fcck)<\/td><\/tr><tr><td>33.14.00<\/td><td>Knetmasse in Dose B7<\/td><\/tr><tr><td>53.17.00<\/td><td>Temperatursensorhalter<\/td><\/tr><tr><td>53.18.00<\/td><td>Temperatursensorh\u00fclle (2 St\u00fcck)<\/td><\/tr><tr><td>20.23.00<\/td><td>Schlauchklemme<\/td><\/tr><\/tbody><\/table><\/figure>\n\n\n\n<h3 class=\"wp-block-heading\" id=\"zusatzlich-erforderlich\">Zus\u00e4tzlich erforderlich:&nbsp;<\/h3>\n\n\n\n<figure class=\"wp-block-table table-product-contents\"><table><tbody><tr><td>00.23.00<\/td><td><a href=\"https:\/\/mekruphy.com\/de\/produkte\/addestation\/addestation-zubehoer#universalstativ\">Universalstativ<\/a>&nbsp;<\/td><\/tr><tr><td>31.00.00<\/td><td><a href=\"https:\/\/mekruphy.com\/de\/produkte\/biologie\/basisausruestung-biologie\/\">Basisausr\u00fcstung Biologie<\/a>&nbsp;<\/td><\/tr><\/tbody><\/table><\/figure>\n\n\n\n<p><\/p>\n<\/div><\/div>\n\n\n\n<div class=\"wp-block-advgb-tab advgb-tab-body-container\"><div class=\"advgb-tab-body-header advgb-tab-class- \" id=\"advgb-tab-panel-_bf82dc-18-2\" role=\"tabpanel\" aria-labelledby=\"advgb-tab-_bf82dc-18-2\" tabindex=\"0\"><span>Experimente<\/span><\/div><div class=\"advgb-tab-_bf82dc-18 advgb-tab-body\" aria-labelledby=\"advgb-tab-panel-_bf82dc-18-2\" style=\"display:none\">\n<figure class=\"wp-block-table table-product-experiments\"><table><tbody><tr><td>B7-1<\/td><td>Osmose\u00a0<\/td><\/tr><tr><td>B7-2<\/td><td>Volumen und Oberfl\u00e4che<\/td><\/tr><tr><td>B7-3<\/td><td>Enzymwirkung und Konzentration<\/td><\/tr><tr><td>B7-4<\/td><td>Enzymwirkung und Substrat<\/td><\/tr><tr><td>B7-5<\/td><td>Enzymwirkung und Temperatur\u00a0<\/td><\/tr><tr><td>B7-6<\/td><td>Lipase<\/td><\/tr><tr><td>B7-7<\/td><td>Verdunstungsk\u00e4lte beim\u00a0Schwitzen<\/td><\/tr><tr><td>B7-8<\/td><td>Der Transpirationssog\u00a0<\/td><\/tr><tr><td>B7-9<\/td><td>Atmung beim Menschen\u00a0<\/td><\/tr><tr><td>B7-10<\/td><td>Gasdruck von keimenden Samen<\/td><\/tr><tr><td>B7-11<\/td><td>Bestimmung der Herzfrequenz<\/td><\/tr><tr><td>B7-12<\/td><td>Das Elektrokardiogramm (EKG)<\/td><\/tr><\/tbody><\/table><\/figure>\n<\/div><\/div>\n\n\n\n<div class=\"wp-block-advgb-tab advgb-tab-body-container\"><div class=\"advgb-tab-body-header advgb-tab-class-undefined \" id=\"advgb-tab-panel-_bf82dc-18-3\" role=\"tabpanel\" aria-labelledby=\"advgb-tab-_bf82dc-18-3\" tabindex=\"0\"><span>Bilder<\/span><\/div><div class=\"advgb-tab-_bf82dc-18 advgb-tab-body\" aria-labelledby=\"advgb-tab-panel-_bf82dc-18-3\" style=\"display:none\">\n<p>&nbsp;<\/p>\n\n\n<div class=\"wp-block-image\">\n<figure class=\"aligncenter size-large is-resized\"><img loading=\"lazy\" decoding=\"async\" width=\"923\" height=\"442\" src=\"https:\/\/mekruphy.com\/de\/wp-content\/uploads\/2021\/03\/B7_1.png\" alt=\"Versuchsaufbau Physiologie\" class=\"wp-image-3230\" style=\"width:750px;height:359px\" srcset=\"https:\/\/mekruphy.com\/de\/wp-content\/uploads\/2021\/03\/B7_1.png 923w, https:\/\/mekruphy.com\/de\/wp-content\/uploads\/2021\/03\/B7_1-300x144.png 300w, https:\/\/mekruphy.com\/de\/wp-content\/uploads\/2021\/03\/B7_1-768x368.png 768w\" sizes=\"auto, (max-width: 923px) 100vw, 923px\" \/><\/figure>\n<\/div>\n\n\n<p>&nbsp;<\/p>\n\n\n\n<p>&nbsp;<\/p>\n\n\n<div class=\"wp-block-image\">\n<figure class=\"aligncenter size-large is-resized\"><img loading=\"lazy\" decoding=\"async\" width=\"754\" height=\"579\" src=\"https:\/\/mekruphy.com\/de\/wp-content\/uploads\/2021\/03\/B7_3.png\" alt=\"Sch\u00fclerexperiement Physiologie\" class=\"wp-image-3232\" style=\"width:750px;height:575px\" srcset=\"https:\/\/mekruphy.com\/de\/wp-content\/uploads\/2021\/03\/B7_3.png 754w, https:\/\/mekruphy.com\/de\/wp-content\/uploads\/2021\/03\/B7_3-300x230.png 300w\" sizes=\"auto, (max-width: 754px) 100vw, 754px\" \/><\/figure>\n<\/div>\n\n\n<p>&nbsp;<\/p>\n\n\n\n<p>&nbsp;<\/p>\n\n\n<div class=\"wp-block-image\">\n<figure class=\"aligncenter size-large is-resized\"><img loading=\"lazy\" decoding=\"async\" width=\"734\" height=\"524\" src=\"https:\/\/mekruphy.com\/de\/wp-content\/uploads\/2021\/03\/B7_6.png\" alt=\"Sch\u00fclerexperiment zur Physiologie\" class=\"wp-image-3235\" style=\"width:750px;height:535px\" srcset=\"https:\/\/mekruphy.com\/de\/wp-content\/uploads\/2021\/03\/B7_6.png 734w, https:\/\/mekruphy.com\/de\/wp-content\/uploads\/2021\/03\/B7_6-300x214.png 300w\" sizes=\"auto, (max-width: 734px) 100vw, 734px\" \/><\/figure>\n<\/div>\n\n\n<p>&nbsp;<\/p>\n<\/div><\/div>\n<\/div><\/div>\n<style class=\"advgb-styles-renderer\">.advgb-tabs-9721546e-8c61-42e6-8c76-0bbab38dde13 ul.advgb-tabs-panel li.advgb-tab.advgb-tab-active {background-color:#5954d6 !important;color:#fff !important;}#advgb-tabs-9721546e-8c61-42e6-8c76-0bbab38dde13 .advgb-tab-body-header.header-active, .advgb-tabs-9721546e-8c61-42e6-8c76-0bbab38dde13 .advgb-tab-body-header.header-active{background-color:#5954d6 !important;color:#fff !important;}<\/style>","protected":false},"excerpt":{"rendered":"","protected":false},"author":3,"featured_media":1710,"parent":625,"menu_order":0,"comment_status":"closed","ping_status":"closed","template":"templates\/product.php","meta":{"_acf_changed":false,"_coblocks_attr":"","_coblocks_dimensions":"","_coblocks_responsive_height":"","_coblocks_accordion_ie_support":"","_eb_attr":"","advgb_blocks_editor_width":"","advgb_blocks_columns_visual_guide":"","footnotes":""},"class_list":["post-492","page","type-page","status-publish","has-post-thumbnail","hentry"],"acf":[],"yoast_head":"<!-- This site is optimized with the Yoast SEO plugin v27.3 - https:\/\/yoast.com\/product\/yoast-seo-wordpress\/ -->\n<title>Experimentiersatz BIOLOGIE 7 PHYSIOLOGIE ADDESTATION wireless - MEKRUPHY GmbH<\/title>\n<meta name=\"description\" content=\"Das vielf\u00e4ltige Themengebiet der Physiologie ist in ideal, um mit Hilfe von hochempfindlichen Sensoren am MGA erforscht zu werden.\" \/>\n<meta name=\"robots\" content=\"index, follow, max-snippet:-1, max-image-preview:large, max-video-preview:-1\" \/>\n<link rel=\"canonical\" href=\"https:\/\/mekruphy.com\/de\/produkte\/biologie\/experimentiersatz-biologie-7-physiologie-addestation-wireless\/\" \/>\n<meta property=\"og:locale\" content=\"de_DE\" \/>\n<meta property=\"og:type\" content=\"article\" \/>\n<meta property=\"og:title\" content=\"Experimentiersatz BIOLOGIE 7 PHYSIOLOGIE ADDESTATION wireless - MEKRUPHY GmbH\" \/>\n<meta property=\"og:description\" content=\"Das vielf\u00e4ltige Themengebiet der Physiologie ist in ideal, um mit Hilfe von hochempfindlichen Sensoren am MGA erforscht zu werden.\" \/>\n<meta property=\"og:url\" content=\"https:\/\/mekruphy.com\/de\/produkte\/biologie\/experimentiersatz-biologie-7-physiologie-addestation-wireless\/\" \/>\n<meta property=\"og:site_name\" content=\"MEKRUPHY GmbH\" \/>\n<meta property=\"article:modified_time\" content=\"2026-03-30T10:07:29+00:00\" \/>\n<meta property=\"og:image\" content=\"https:\/\/mekruphy.com\/de\/wp-content\/uploads\/2020\/07\/Kasten-Biologie-7-Physiologie-mit-Addestation.jpg\" \/>\n\t<meta property=\"og:image:width\" content=\"1800\" \/>\n\t<meta property=\"og:image:height\" content=\"1382\" \/>\n\t<meta property=\"og:image:type\" content=\"image\/jpeg\" \/>\n<meta name=\"twitter:card\" content=\"summary_large_image\" \/>\n<meta name=\"twitter:label1\" content=\"Gesch\u00e4tzte Lesezeit\" \/>\n\t<meta name=\"twitter:data1\" content=\"4\u00a0Minuten\" \/>\n<script type=\"application\/ld+json\" class=\"yoast-schema-graph\">{\"@context\":\"https:\\\/\\\/schema.org\",\"@graph\":[{\"@type\":\"WebPage\",\"@id\":\"https:\\\/\\\/mekruphy.com\\\/de\\\/produkte\\\/biologie\\\/experimentiersatz-biologie-7-physiologie-addestation-wireless\\\/\",\"url\":\"https:\\\/\\\/mekruphy.com\\\/de\\\/produkte\\\/biologie\\\/experimentiersatz-biologie-7-physiologie-addestation-wireless\\\/\",\"name\":\"Experimentiersatz BIOLOGIE 7 PHYSIOLOGIE ADDESTATION wireless - MEKRUPHY GmbH\",\"isPartOf\":{\"@id\":\"https:\\\/\\\/mekruphy.com\\\/de\\\/#website\"},\"primaryImageOfPage\":{\"@id\":\"https:\\\/\\\/mekruphy.com\\\/de\\\/produkte\\\/biologie\\\/experimentiersatz-biologie-7-physiologie-addestation-wireless\\\/#primaryimage\"},\"image\":{\"@id\":\"https:\\\/\\\/mekruphy.com\\\/de\\\/produkte\\\/biologie\\\/experimentiersatz-biologie-7-physiologie-addestation-wireless\\\/#primaryimage\"},\"thumbnailUrl\":\"https:\\\/\\\/mekruphy.com\\\/de\\\/wp-content\\\/uploads\\\/2020\\\/07\\\/Kasten-Biologie-7-Physiologie-mit-Addestation.jpg\",\"datePublished\":\"2020-07-15T10:55:55+00:00\",\"dateModified\":\"2026-03-30T10:07:29+00:00\",\"description\":\"Das vielf\u00e4ltige Themengebiet der Physiologie ist in ideal, um mit Hilfe von hochempfindlichen Sensoren am MGA erforscht zu werden.\",\"breadcrumb\":{\"@id\":\"https:\\\/\\\/mekruphy.com\\\/de\\\/produkte\\\/biologie\\\/experimentiersatz-biologie-7-physiologie-addestation-wireless\\\/#breadcrumb\"},\"inLanguage\":\"de\",\"potentialAction\":[{\"@type\":\"ReadAction\",\"target\":[\"https:\\\/\\\/mekruphy.com\\\/de\\\/produkte\\\/biologie\\\/experimentiersatz-biologie-7-physiologie-addestation-wireless\\\/\"]}]},{\"@type\":\"ImageObject\",\"inLanguage\":\"de\",\"@id\":\"https:\\\/\\\/mekruphy.com\\\/de\\\/produkte\\\/biologie\\\/experimentiersatz-biologie-7-physiologie-addestation-wireless\\\/#primaryimage\",\"url\":\"https:\\\/\\\/mekruphy.com\\\/de\\\/wp-content\\\/uploads\\\/2020\\\/07\\\/Kasten-Biologie-7-Physiologie-mit-Addestation.jpg\",\"contentUrl\":\"https:\\\/\\\/mekruphy.com\\\/de\\\/wp-content\\\/uploads\\\/2020\\\/07\\\/Kasten-Biologie-7-Physiologie-mit-Addestation.jpg\",\"width\":1800,\"height\":1382},{\"@type\":\"BreadcrumbList\",\"@id\":\"https:\\\/\\\/mekruphy.com\\\/de\\\/produkte\\\/biologie\\\/experimentiersatz-biologie-7-physiologie-addestation-wireless\\\/#breadcrumb\",\"itemListElement\":[{\"@type\":\"ListItem\",\"position\":1,\"name\":\"Startseite\",\"item\":\"https:\\\/\\\/mekruphy.com\\\/de\\\/\"},{\"@type\":\"ListItem\",\"position\":2,\"name\":\"Produkte\",\"item\":\"https:\\\/\\\/mekruphy.com\\\/de\\\/produkte\\\/\"},{\"@type\":\"ListItem\",\"position\":3,\"name\":\"Biologie\",\"item\":\"https:\\\/\\\/mekruphy.com\\\/de\\\/produkte\\\/biologie\\\/\"},{\"@type\":\"ListItem\",\"position\":4,\"name\":\"Experimentiersatz BIOLOGIE 7 PHYSIOLOGIE ADDESTATION wireless\"}]},{\"@type\":\"WebSite\",\"@id\":\"https:\\\/\\\/mekruphy.com\\\/de\\\/#website\",\"url\":\"https:\\\/\\\/mekruphy.com\\\/de\\\/\",\"name\":\"MEKRUPHY GmbH\",\"description\":\"Sch\u00fcler-Experimentierk\u00e4sten f\u00fcr den MINT-Unterricht\",\"potentialAction\":[{\"@type\":\"SearchAction\",\"target\":{\"@type\":\"EntryPoint\",\"urlTemplate\":\"https:\\\/\\\/mekruphy.com\\\/de\\\/?s={search_term_string}\"},\"query-input\":{\"@type\":\"PropertyValueSpecification\",\"valueRequired\":true,\"valueName\":\"search_term_string\"}}],\"inLanguage\":\"de\"}]}<\/script>\n<!-- \/ Yoast SEO plugin. -->","yoast_head_json":{"title":"Experimentiersatz BIOLOGIE 7 PHYSIOLOGIE ADDESTATION wireless - MEKRUPHY GmbH","description":"Das vielf\u00e4ltige Themengebiet der Physiologie ist in ideal, um mit Hilfe von hochempfindlichen Sensoren am MGA erforscht zu werden.","robots":{"index":"index","follow":"follow","max-snippet":"max-snippet:-1","max-image-preview":"max-image-preview:large","max-video-preview":"max-video-preview:-1"},"canonical":"https:\/\/mekruphy.com\/de\/produkte\/biologie\/experimentiersatz-biologie-7-physiologie-addestation-wireless\/","og_locale":"de_DE","og_type":"article","og_title":"Experimentiersatz BIOLOGIE 7 PHYSIOLOGIE ADDESTATION wireless - MEKRUPHY GmbH","og_description":"Das vielf\u00e4ltige Themengebiet der Physiologie ist in ideal, um mit Hilfe von hochempfindlichen Sensoren am MGA erforscht zu werden.","og_url":"https:\/\/mekruphy.com\/de\/produkte\/biologie\/experimentiersatz-biologie-7-physiologie-addestation-wireless\/","og_site_name":"MEKRUPHY GmbH","article_modified_time":"2026-03-30T10:07:29+00:00","og_image":[{"width":1800,"height":1382,"url":"https:\/\/mekruphy.com\/de\/wp-content\/uploads\/2020\/07\/Kasten-Biologie-7-Physiologie-mit-Addestation.jpg","type":"image\/jpeg"}],"twitter_card":"summary_large_image","twitter_misc":{"Gesch\u00e4tzte Lesezeit":"4\u00a0Minuten"},"schema":{"@context":"https:\/\/schema.org","@graph":[{"@type":"WebPage","@id":"https:\/\/mekruphy.com\/de\/produkte\/biologie\/experimentiersatz-biologie-7-physiologie-addestation-wireless\/","url":"https:\/\/mekruphy.com\/de\/produkte\/biologie\/experimentiersatz-biologie-7-physiologie-addestation-wireless\/","name":"Experimentiersatz BIOLOGIE 7 PHYSIOLOGIE ADDESTATION wireless - MEKRUPHY GmbH","isPartOf":{"@id":"https:\/\/mekruphy.com\/de\/#website"},"primaryImageOfPage":{"@id":"https:\/\/mekruphy.com\/de\/produkte\/biologie\/experimentiersatz-biologie-7-physiologie-addestation-wireless\/#primaryimage"},"image":{"@id":"https:\/\/mekruphy.com\/de\/produkte\/biologie\/experimentiersatz-biologie-7-physiologie-addestation-wireless\/#primaryimage"},"thumbnailUrl":"https:\/\/mekruphy.com\/de\/wp-content\/uploads\/2020\/07\/Kasten-Biologie-7-Physiologie-mit-Addestation.jpg","datePublished":"2020-07-15T10:55:55+00:00","dateModified":"2026-03-30T10:07:29+00:00","description":"Das vielf\u00e4ltige Themengebiet der Physiologie ist in ideal, um mit Hilfe von hochempfindlichen Sensoren am MGA erforscht zu werden.","breadcrumb":{"@id":"https:\/\/mekruphy.com\/de\/produkte\/biologie\/experimentiersatz-biologie-7-physiologie-addestation-wireless\/#breadcrumb"},"inLanguage":"de","potentialAction":[{"@type":"ReadAction","target":["https:\/\/mekruphy.com\/de\/produkte\/biologie\/experimentiersatz-biologie-7-physiologie-addestation-wireless\/"]}]},{"@type":"ImageObject","inLanguage":"de","@id":"https:\/\/mekruphy.com\/de\/produkte\/biologie\/experimentiersatz-biologie-7-physiologie-addestation-wireless\/#primaryimage","url":"https:\/\/mekruphy.com\/de\/wp-content\/uploads\/2020\/07\/Kasten-Biologie-7-Physiologie-mit-Addestation.jpg","contentUrl":"https:\/\/mekruphy.com\/de\/wp-content\/uploads\/2020\/07\/Kasten-Biologie-7-Physiologie-mit-Addestation.jpg","width":1800,"height":1382},{"@type":"BreadcrumbList","@id":"https:\/\/mekruphy.com\/de\/produkte\/biologie\/experimentiersatz-biologie-7-physiologie-addestation-wireless\/#breadcrumb","itemListElement":[{"@type":"ListItem","position":1,"name":"Startseite","item":"https:\/\/mekruphy.com\/de\/"},{"@type":"ListItem","position":2,"name":"Produkte","item":"https:\/\/mekruphy.com\/de\/produkte\/"},{"@type":"ListItem","position":3,"name":"Biologie","item":"https:\/\/mekruphy.com\/de\/produkte\/biologie\/"},{"@type":"ListItem","position":4,"name":"Experimentiersatz BIOLOGIE 7 PHYSIOLOGIE ADDESTATION wireless"}]},{"@type":"WebSite","@id":"https:\/\/mekruphy.com\/de\/#website","url":"https:\/\/mekruphy.com\/de\/","name":"MEKRUPHY GmbH","description":"Sch\u00fcler-Experimentierk\u00e4sten f\u00fcr den MINT-Unterricht","potentialAction":[{"@type":"SearchAction","target":{"@type":"EntryPoint","urlTemplate":"https:\/\/mekruphy.com\/de\/?s={search_term_string}"},"query-input":{"@type":"PropertyValueSpecification","valueRequired":true,"valueName":"search_term_string"}}],"inLanguage":"de"}]}},"coauthors":[],"author_meta":{"author_link":"https:\/\/mekruphy.com\/de\/author\/steps-sync\/","display_name":"Steps Sync"},"relative_dates":{"created":"Ver\u00f6ffentlicht 6\u00a0Jahren vor","modified":"Aktualisiert 2\u00a0Wochen vor"},"absolute_dates":{"created":"Ver\u00f6ffentlicht am 15. Juli 2020","modified":"Aktualisiert am 30. M\u00e4rz 2026"},"absolute_dates_time":{"created":"Ver\u00f6ffentlicht am 15. Juli 2020 12:55","modified":"Aktualisiert am 30. M\u00e4rz 2026 12:07"},"featured_img_caption":"","featured_img":"https:\/\/mekruphy.com\/de\/wp-content\/uploads\/2020\/07\/Kasten-Biologie-7-Physiologie-mit-Addestation.jpg","series_order":"","_links":{"self":[{"href":"https:\/\/mekruphy.com\/de\/wp-json\/wp\/v2\/pages\/492","targetHints":{"allow":["GET"]}}],"collection":[{"href":"https:\/\/mekruphy.com\/de\/wp-json\/wp\/v2\/pages"}],"about":[{"href":"https:\/\/mekruphy.com\/de\/wp-json\/wp\/v2\/types\/page"}],"author":[{"embeddable":true,"href":"https:\/\/mekruphy.com\/de\/wp-json\/wp\/v2\/users\/3"}],"replies":[{"embeddable":true,"href":"https:\/\/mekruphy.com\/de\/wp-json\/wp\/v2\/comments?post=492"}],"version-history":[{"count":23,"href":"https:\/\/mekruphy.com\/de\/wp-json\/wp\/v2\/pages\/492\/revisions"}],"predecessor-version":[{"id":9229,"href":"https:\/\/mekruphy.com\/de\/wp-json\/wp\/v2\/pages\/492\/revisions\/9229"}],"up":[{"embeddable":true,"href":"https:\/\/mekruphy.com\/de\/wp-json\/wp\/v2\/pages\/625"}],"wp:featuredmedia":[{"embeddable":true,"href":"https:\/\/mekruphy.com\/de\/wp-json\/wp\/v2\/media\/1710"}],"wp:attachment":[{"href":"https:\/\/mekruphy.com\/de\/wp-json\/wp\/v2\/media?parent=492"}],"curies":[{"name":"wp","href":"https:\/\/api.w.org\/{rel}","templated":true}]}}