{"id":500,"date":"2020-07-15T12:59:59","date_gmt":"2020-07-15T10:59:59","guid":{"rendered":"https:\/\/mekruphy.com\/de\/experimentiersatz-grundschule-3-boden-nahrung-energie\/"},"modified":"2026-03-31T15:12:03","modified_gmt":"2026-03-31T13:12:03","slug":"experimentiersatz-grundschule-3-boden-nahrung-energie","status":"publish","type":"page","link":"https:\/\/mekruphy.com\/de\/produkte\/grundschule\/experimentiersatz-grundschule-3-boden-nahrung-energie\/","title":{"rendered":"Experimentiersatz GRUNDSCHULE 3 (Boden, Nahrung, Energie)"},"content":{"rendered":"<div class=\"yoast-breadcrumbs breadcrumbs-indented\"><span><span><a href=\"https:\/\/mekruphy.com\/de\/\">Startseite<\/a><\/span> \u00bb <span><a href=\"https:\/\/mekruphy.com\/de\/produkte\/\">Produkte<\/a><\/span> \u00bb <span><a href=\"https:\/\/mekruphy.com\/de\/produkte\/grundschule\/\">Grundschule<\/a><\/span> \u00bb <span class=\"breadcrumb_last\" aria-current=\"page\">Experimentiersatz GRUNDSCHULE 3 (Boden, Nahrung, Energie)<\/span><\/span><\/div>\n\n\n<div class=\"wp-block-advgb-adv-tabs advgb-tabs-wrapper advgb-tab-horz-desktop advgb-tab-vert-tablet advgb-tab-stack-mobile advgb-tabs-bc319dce-1133-4f0b-bc69-8b739b9d4757\" data-tab-active=\"0\"><ul class=\"advgb-tabs-panel\" role=\"tablist\"><li class=\"advgb-tab advgb-tab-active\" role=\"presentation\" style=\"background-color:#e0e0e0;border-style:solid;border-width:1px;border-radius:10px\"><button class=\"advgb-tab-button\" id=\"advgb-tab-_319dce-11-0\" aria-controls=\"advgb-tab-panel-_319dce-11-0\" role=\"tab\" aria-selected=\"true\" tabindex=\"0\" style=\"color:#fff;background:none;border:none;width:100%;text-align:inherit;cursor:pointer;padding:8px 16px;font:inherit\"><span>Beschreibung<\/span><\/button><\/li><li class=\"advgb-tab \" role=\"presentation\" style=\"background-color:#e0e0e0;border-style:solid;border-width:1px;border-radius:10px\"><button class=\"advgb-tab-button\" id=\"advgb-tab-_319dce-11-1\" aria-controls=\"advgb-tab-panel-_319dce-11-1\" role=\"tab\" aria-selected=\"false\" tabindex=\"0\" style=\"color:#fff;background:none;border:none;width:100%;text-align:inherit;cursor:pointer;padding:8px 16px;font:inherit\"><span>Lieferumfang<\/span><\/button><\/li><li class=\"advgb-tab \" role=\"presentation\" style=\"background-color:#e0e0e0;border-style:solid;border-width:1px;border-radius:10px\"><button class=\"advgb-tab-button\" id=\"advgb-tab-_319dce-11-2\" aria-controls=\"advgb-tab-panel-_319dce-11-2\" role=\"tab\" aria-selected=\"false\" tabindex=\"0\" style=\"color:#fff;background:none;border:none;width:100%;text-align:inherit;cursor:pointer;padding:8px 16px;font:inherit\"><span>Experimente<\/span><\/button><\/li><li class=\"advgb-tab \" role=\"presentation\" style=\"background-color:#e0e0e0;border-style:solid;border-width:1px;border-radius:10px\"><button class=\"advgb-tab-button\" id=\"advgb-tab-_319dce-11-3\" aria-controls=\"advgb-tab-panel-_319dce-11-3\" role=\"tab\" aria-selected=\"false\" tabindex=\"0\" style=\"color:#fff;background:none;border:none;width:100%;text-align:inherit;cursor:pointer;padding:8px 16px;font:inherit\"><span>Bilder<\/span><\/button><\/li><\/ul><div class=\"advgb-tab-body-wrapper\" style=\"border-style:solid;border-width:1px;border-radius:10px\">\n<div class=\"wp-block-advgb-tab advgb-tab-body-container\"><div class=\"advgb-tab-body-header advgb-tab-class- header-active\" id=\"advgb-tab-panel-_32153c-44-0\" role=\"tabpanel\" aria-labelledby=\"advgb-tab-_32153c-44-0\" tabindex=\"0\"><span>Beschreibung<\/span><\/div><div class=\"advgb-tab-_32153c-44 advgb-tab-body\" aria-labelledby=\"advgb-tab-panel-_32153c-44-0\" style=\"display:block\">\n<h2 class=\"wp-block-heading\">Umwelt erforschen<\/h2>\n\n\n\n<p>Mit dem Experimentiersatz BODEN \/ NAHRUNG \/ ENERGIE entdecken die Sch\u00fclerinnen ein breites Spektrum an Themen: Boden, Wasser, N\u00e4hrstoffe und erneuerbare Energieformen. Dabei stehen folgende Fragen im Fokus:<\/p>\n\n\n\n<ul class=\"wp-block-list\"><li>Wie funktioniert die Wasserdurchl\u00e4ssigkeit von B\u00f6den?&nbsp;<\/li><li>Welche Gefahren hat das Abholzen von W\u00e4ldern?&nbsp;<\/li><li>Wie l\u00e4sst sich verschmutztes Wasser stufenweise reinigen?&nbsp;<\/li><li>Wie lassen sich St\u00e4rke, Eiwei\u00df und Fett in Nahrungsmitteln nachweisen?&nbsp;<\/li><\/ul>\n\n\n\n<p>Jedes Experiment des Experimentiersatzes BODEN \/ NAHRUNG \/ ENERGIE l\u00e4dt zum Staunen ein. Beispielsweise ist es f\u00fcr Kinder immer ein Erlebnis zu beobachten, wie ein fallender Aluminiumw\u00fcrfel ein Gl\u00fchl\u00e4mpchen zum Leuchten bringt. Auch die Erzeugung von elektrischem Strom aus einem Luftstrom fasziniert Sch\u00fclerinnen und Sch\u00fcler immer wieder. Die schadstoffarme Nutzung regenerativer Energieformen hingegen weckt die Sensibilit\u00e4t f\u00fcr <a href=\"https:\/\/www.umwelt-im-unterricht.de\/hintergrund\/vom-umweltbewusstsein-zum-nachhaltigen-handeln\/\" target=\"_blank\" rel=\"noreferrer noopener\">umweltbewusstes Verhalten<\/a>.&nbsp;&nbsp;<\/p>\n\n\n\n<h3 class=\"wp-block-heading\">Aufbewahrungskasten als Wanne<\/h3>\n\n\n\n<p>Bei diesem Experimentiersatz l\u00e4sst sich der ger\u00e4tegeformte Einsatz an den Griffen herausnehmen. So kann der leere Kasten f\u00fcr einige Experimente gleichzeitig auch als Wasserwanne verwendet werden und spart so Platz im <a href=\"https:\/\/mekruphy.com\/de\/produkte\/natur-und-technik-5-6\/natur-und-technik-aufbewahrung\/\">Schrank<\/a>.<\/p>\n\n\n\n<h3 class=\"wp-block-heading\" id=\"h-handreichung\">Handreichung<\/h3>\n\n\n\n<p>Passend zum Experimentiersatz GRUNDSCHULE 3 (Boden \/ Nahrung \/ Energie) gibt es ein eigenes <a href=\"https:\/\/mekruphy.com\/de\/produkte\/grundschule\/grundschule-handreichungen\/\">Heft<\/a> mit detaillierten Informationen zu den einzelnen Experi\u00admenten, didaktischen Hinweisen und L\u00f6sungsvorschl\u00e4gen.<\/p>\n\n\n\n<h3 class=\"wp-block-heading\">F\u00f6rderm\u00f6glichkeit<\/h3>\n\n\n\n<p>F\u00fcr diesen Experimentiersatz k\u00f6nnen deutsche Schulen und deutsche Auslandsschulen eine F\u00f6rderung beim\u00a0<a href=\"https:\/\/www.vci.de\/fonds\/schulpartnerschaft\/unterrichtsfoerderung\/seiten.jsp\" target=\"_blank\" rel=\"noreferrer noopener\">Fonds der chemischen Industrie<\/a>\u00a0beantragen.<\/p>\n<\/div><\/div>\n\n\n\n<div class=\"wp-block-advgb-tab advgb-tab-body-container\"><div class=\"advgb-tab-body-header advgb-tab-class- \" id=\"advgb-tab-panel-_32153c-44-1\" role=\"tabpanel\" aria-labelledby=\"advgb-tab-_32153c-44-1\" tabindex=\"0\"><span>Lieferumfang<\/span><\/div><div class=\"advgb-tab-_32153c-44 advgb-tab-body\" aria-labelledby=\"advgb-tab-panel-_32153c-44-1\" style=\"display:none\">\n<figure class=\"wp-block-table table-product-contents\"><table><tbody><tr><td>01.01.10<\/td><td>Aufbewahrungskasten<\/td><\/tr><tr><td>43.02.00<\/td><td>Ger\u00e4tegeformter Einsatz P3<\/td><\/tr><tr><td>43.03.00<\/td><td>B\u00fcrette<\/td><\/tr><tr><td>43.04.00<\/td><td>Solarmodul<\/td><\/tr><tr><td>11.05.00<\/td><td>PELTIER-Modul<\/td><\/tr><tr><td>43.06.00<\/td><td>Kunststoffbecher 100 ml (2 St\u00fcck)<\/td><\/tr><tr><td>43.07.00<\/td><td>Vierkantmuffe P3<\/td><\/tr><tr><td>43.08.00<\/td><td>Kunststoffplatte gebogen<\/td><\/tr><tr><td>43.09.00<\/td><td>Drahtnetz gebogen<\/td><\/tr><tr><td>43.10.00<\/td><td>Bausatz Wasserrad in Beh\u00e4lter<\/td><\/tr><tr><td>31.11.00<\/td><td>Chemikalienl\u00f6ffel<\/td><\/tr><tr><td>43.12.00<\/td><td>Baustein Gl\u00fchlampe P3<\/td><\/tr><tr><td>11.13.00<\/td><td>Stift mit M5-Gewinde lang<\/td><\/tr><tr><td>43.13.00<\/td><td>Stift mit M5-Gewinde kurz<\/td><\/tr><tr><td>43.14.00<\/td><td>Kunststofftrichter P3<\/td><\/tr><tr><td>11.15.00<\/td><td>Generator mit Halterung<\/td><\/tr><tr><td>43.16.00<\/td><td>Baustein LED<\/td><\/tr><tr><td>43.17.00<\/td><td>Stativstange P3<\/td><\/tr><tr><td>43.18.00<\/td><td>Motor mit Propeller<\/td><\/tr><tr><td>24.18.10<\/td><td>Paar Petrischalen \u00d8 60 mm<\/td><\/tr><tr><td>17.19.00<\/td><td>Stativklemme<\/td><\/tr><tr><td>11.21.00<\/td><td>Antriebsrolle in Dose<\/td><\/tr><tr><td>43.21.00<\/td><td>Kupplung P3<\/td><\/tr><tr><td>06.24.10<\/td><td>Experimentierkabel 25 cm rot<\/td><\/tr><tr><td>06.24.20<\/td><td>Experimentierkabel 25 cm blau<\/td><\/tr><tr><td>11.24.00<\/td><td>Eistopf<\/td><\/tr><tr><td>11.25.00<\/td><td>Aluminiumw\u00fcrfel mit Haken<\/td><\/tr><tr><td>11.26.00<\/td><td>Schraubendreher EN<\/td><\/tr><\/tbody><\/table><\/figure>\n\n\n\n<h3 class=\"wp-block-heading\" id=\"zusatzlich-erforderlich\">Zus\u00e4tzlich\u00a0erforderlich:<\/h3>\n\n\n\n<figure class=\"wp-block-table table-product-contents\"><table><tbody><tr><td>00.05.10<\/td><td><a href=\"https:\/\/mekruphy.com\/de\/produkte\/physik\/physik-spannungsversorgung\/\">Kleinspannungsnetzger\u00e4t\u00a0MKS 2.4<\/a><\/td><\/tr><tr><td>00.43.10<\/td><td>Pipettenflasche 50 ml<\/td><\/tr><\/tbody><\/table><\/figure>\n<\/div><\/div>\n\n\n\n<div class=\"wp-block-advgb-tab advgb-tab-body-container\"><div class=\"advgb-tab-body-header advgb-tab-class- \" id=\"advgb-tab-panel-_32153c-44-2\" role=\"tabpanel\" aria-labelledby=\"advgb-tab-_32153c-44-2\" tabindex=\"0\"><span>Experimente<\/span><\/div><div class=\"advgb-tab-_32153c-44 advgb-tab-body\" aria-labelledby=\"advgb-tab-panel-_32153c-44-2\" style=\"display:none\">\n<p><\/p>\n\n\n\n<figure class=\"wp-block-table table-product-experiments\"><table class=\"has-fixed-layout\"><tbody><tr><td>G3-1<\/td><td>Speicherf\u00e4higkeit von B\u00f6den&nbsp;<\/td><\/tr><tr><td>G3-2<\/td><td>Erosion<\/td><\/tr><tr><td>G3-3<\/td><td>L\u00f6slichkeit von Salz&nbsp;<\/td><\/tr><tr><td>G3-4<\/td><td>L\u00f6slichkeit von Zucker&nbsp;<\/td><\/tr><tr><td>G3-5<\/td><td>L\u00f6slichkeit in Wasser&nbsp;<\/td><\/tr><tr><td>G3-6<\/td><td>Abwasserreinigung&nbsp;<\/td><\/tr><tr><td>G3-7<\/td><td>R\u00fcckgewinnung von Salz&nbsp;<\/td><\/tr><tr><td>G3-8<\/td><td>Nachweis von Fett&nbsp;<\/td><\/tr><tr><td>G3-9<\/td><td>Nachweis von St\u00e4rke&nbsp;<\/td><\/tr><tr><td>G3-10<\/td><td>Nachweis von Eiwei\u00df<\/td><\/tr><tr><td>G3-11<\/td><td>Der Generator<\/td><\/tr><tr><td>G3-12<\/td><td>Das Wasserkraftwerk&nbsp;<\/td><\/tr><tr><td>G3-13<\/td><td>Windenergie&nbsp;<\/td><\/tr><tr><td>G3-14<\/td><td>Generator oder Elektromotor&nbsp;<\/td><\/tr><tr><td>G3-15<\/td><td>Energie von der Sonne&nbsp;<\/td><\/tr><tr><td>G3-16<\/td><td>Der&nbsp;Eismotor&nbsp;<\/td><\/tr><\/tbody><\/table><\/figure>\n<\/div><\/div>\n\n\n\n<div class=\"wp-block-advgb-tab advgb-tab-body-container\"><div class=\"advgb-tab-body-header advgb-tab-class-undefined \" id=\"advgb-tab-panel-_32153c-44-3\" role=\"tabpanel\" aria-labelledby=\"advgb-tab-_32153c-44-3\" tabindex=\"0\"><span>Bilder<\/span><\/div><div class=\"advgb-tab-_32153c-44 advgb-tab-body\" aria-labelledby=\"advgb-tab-panel-_32153c-44-3\" style=\"display:none\"><div class=\"wp-block-image\">\n<figure class=\"aligncenter size-large is-resized\"><img loading=\"lazy\" decoding=\"async\" width=\"597\" height=\"598\" src=\"https:\/\/mekruphy.com\/de\/wp-content\/uploads\/2021\/03\/BE_3.png\" alt=\"Sch\u00fclerversuch Wasser\" class=\"wp-image-3265\" style=\"width:510px;height:511px\" srcset=\"https:\/\/mekruphy.com\/de\/wp-content\/uploads\/2021\/03\/BE_3.png 597w, https:\/\/mekruphy.com\/de\/wp-content\/uploads\/2021\/03\/BE_3-300x300.png 300w, https:\/\/mekruphy.com\/de\/wp-content\/uploads\/2021\/03\/BE_3-150x150.png 150w\" sizes=\"auto, (max-width: 597px) 100vw, 597px\" \/><\/figure>\n<\/div>\n\n\n<p>&nbsp;<\/p>\n\n\n<div class=\"wp-block-image\">\n<figure class=\"aligncenter size-large is-resized\"><img loading=\"lazy\" decoding=\"async\" width=\"545\" height=\"545\" src=\"https:\/\/mekruphy.com\/de\/wp-content\/uploads\/2021\/03\/G3_1.png\" alt=\"Sch\u00fclerversuch Boden\" class=\"wp-image-3293\" style=\"width:510px;height:510px\" srcset=\"https:\/\/mekruphy.com\/de\/wp-content\/uploads\/2021\/03\/G3_1.png 545w, https:\/\/mekruphy.com\/de\/wp-content\/uploads\/2021\/03\/G3_1-300x300.png 300w, https:\/\/mekruphy.com\/de\/wp-content\/uploads\/2021\/03\/G3_1-150x150.png 150w\" sizes=\"auto, (max-width: 545px) 100vw, 545px\" \/><\/figure>\n<\/div>\n\n\n<p>&nbsp;<\/p>\n\n\n<div class=\"wp-block-image\">\n<figure class=\"aligncenter size-large is-resized\"><img loading=\"lazy\" decoding=\"async\" width=\"674\" height=\"659\" src=\"https:\/\/mekruphy.com\/de\/wp-content\/uploads\/2021\/03\/BE_1.png\" alt=\"Sch\u00fclerexperiment Energie\" class=\"wp-image-3263\" style=\"width:510px;height:499px\" srcset=\"https:\/\/mekruphy.com\/de\/wp-content\/uploads\/2021\/03\/BE_1.png 674w, https:\/\/mekruphy.com\/de\/wp-content\/uploads\/2021\/03\/BE_1-300x293.png 300w\" sizes=\"auto, (max-width: 674px) 100vw, 674px\" \/><\/figure>\n<\/div>\n\n\n<p>&nbsp;<\/p>\n\n\n<div class=\"wp-block-image\">\n<figure class=\"aligncenter size-large is-resized\"><img loading=\"lazy\" decoding=\"async\" width=\"647\" height=\"642\" src=\"https:\/\/mekruphy.com\/de\/wp-content\/uploads\/2021\/03\/BE_2.png\" alt=\"Versuchsaufbau Energie\" class=\"wp-image-3264\" style=\"width:510px;height:506px\" srcset=\"https:\/\/mekruphy.com\/de\/wp-content\/uploads\/2021\/03\/BE_2.png 647w, https:\/\/mekruphy.com\/de\/wp-content\/uploads\/2021\/03\/BE_2-300x298.png 300w, https:\/\/mekruphy.com\/de\/wp-content\/uploads\/2021\/03\/BE_2-150x150.png 150w\" sizes=\"auto, (max-width: 647px) 100vw, 647px\" \/><\/figure>\n<\/div><\/div><\/div>\n<\/div><\/div>\n\n\n\n<p><\/p>\n<style class=\"advgb-styles-renderer\">.advgb-tabs-bc319dce-1133-4f0b-bc69-8b739b9d4757 ul.advgb-tabs-panel li.advgb-tab.advgb-tab-active {background-color:#5954d6 !important;color:#fff !important;}#advgb-tabs-bc319dce-1133-4f0b-bc69-8b739b9d4757 .advgb-tab-body-header.header-active, .advgb-tabs-bc319dce-1133-4f0b-bc69-8b739b9d4757 .advgb-tab-body-header.header-active{background-color:#5954d6 !important;color:#fff !important;}<\/style>","protected":false},"excerpt":{"rendered":"","protected":false},"author":3,"featured_media":1731,"parent":622,"menu_order":0,"comment_status":"closed","ping_status":"closed","template":"templates\/product.php","meta":{"_acf_changed":false,"_coblocks_attr":"","_coblocks_dimensions":"","_coblocks_responsive_height":"","_coblocks_accordion_ie_support":"","_eb_attr":"","advgb_blocks_editor_width":"","advgb_blocks_columns_visual_guide":"","footnotes":""},"class_list":["post-500","page","type-page","status-publish","has-post-thumbnail","hentry"],"acf":[],"yoast_head":"<!-- This site is optimized with the Yoast SEO plugin v27.3 - https:\/\/yoast.com\/product\/yoast-seo-wordpress\/ -->\n<title>Experimentiersatz GRUNDSCHULE 3 (Boden, Nahrung, Energie) - MEKRUPHY GmbH<\/title>\n<meta name=\"description\" content=\"Mit dem Experimentierkasten Boden, Nahrung, Energie entdecken Sch\u00fclerinnen und Sch\u00fcler ein breites Spektrum an Unterrichtsthemen.\" \/>\n<meta name=\"robots\" content=\"index, follow, max-snippet:-1, max-image-preview:large, max-video-preview:-1\" \/>\n<link rel=\"canonical\" href=\"https:\/\/mekruphy.com\/de\/produkte\/grundschule\/experimentiersatz-grundschule-3-boden-nahrung-energie\/\" \/>\n<meta property=\"og:locale\" content=\"de_DE\" \/>\n<meta property=\"og:type\" content=\"article\" \/>\n<meta property=\"og:title\" content=\"Experimentiersatz GRUNDSCHULE 3 (Boden, Nahrung, Energie) - MEKRUPHY GmbH\" \/>\n<meta property=\"og:description\" content=\"Mit dem Experimentierkasten Boden, Nahrung, Energie entdecken Sch\u00fclerinnen und Sch\u00fcler ein breites Spektrum an Unterrichtsthemen.\" \/>\n<meta property=\"og:url\" content=\"https:\/\/mekruphy.com\/de\/produkte\/grundschule\/experimentiersatz-grundschule-3-boden-nahrung-energie\/\" \/>\n<meta property=\"og:site_name\" content=\"MEKRUPHY GmbH\" \/>\n<meta property=\"article:modified_time\" content=\"2026-03-31T13:12:03+00:00\" \/>\n<meta property=\"og:image\" content=\"https:\/\/mekruphy.com\/de\/wp-content\/uploads\/2020\/07\/Kasten-Grundschule-3-Boden-Nahrung-Energie.jpg\" \/>\n\t<meta property=\"og:image:width\" content=\"1800\" \/>\n\t<meta property=\"og:image:height\" content=\"1388\" \/>\n\t<meta property=\"og:image:type\" content=\"image\/jpeg\" \/>\n<meta name=\"twitter:card\" content=\"summary_large_image\" \/>\n<meta name=\"twitter:label1\" content=\"Gesch\u00e4tzte Lesezeit\" \/>\n\t<meta name=\"twitter:data1\" content=\"6\u00a0Minuten\" \/>\n<script type=\"application\/ld+json\" class=\"yoast-schema-graph\">{\"@context\":\"https:\\\/\\\/schema.org\",\"@graph\":[{\"@type\":\"WebPage\",\"@id\":\"https:\\\/\\\/mekruphy.com\\\/de\\\/produkte\\\/grundschule\\\/experimentiersatz-grundschule-3-boden-nahrung-energie\\\/\",\"url\":\"https:\\\/\\\/mekruphy.com\\\/de\\\/produkte\\\/grundschule\\\/experimentiersatz-grundschule-3-boden-nahrung-energie\\\/\",\"name\":\"Experimentiersatz GRUNDSCHULE 3 (Boden, Nahrung, Energie) - MEKRUPHY GmbH\",\"isPartOf\":{\"@id\":\"https:\\\/\\\/mekruphy.com\\\/de\\\/#website\"},\"primaryImageOfPage\":{\"@id\":\"https:\\\/\\\/mekruphy.com\\\/de\\\/produkte\\\/grundschule\\\/experimentiersatz-grundschule-3-boden-nahrung-energie\\\/#primaryimage\"},\"image\":{\"@id\":\"https:\\\/\\\/mekruphy.com\\\/de\\\/produkte\\\/grundschule\\\/experimentiersatz-grundschule-3-boden-nahrung-energie\\\/#primaryimage\"},\"thumbnailUrl\":\"https:\\\/\\\/mekruphy.com\\\/de\\\/wp-content\\\/uploads\\\/2020\\\/07\\\/Kasten-Grundschule-3-Boden-Nahrung-Energie.jpg\",\"datePublished\":\"2020-07-15T10:59:59+00:00\",\"dateModified\":\"2026-03-31T13:12:03+00:00\",\"description\":\"Mit dem Experimentierkasten Boden, Nahrung, Energie entdecken Sch\u00fclerinnen und Sch\u00fcler ein breites Spektrum an Unterrichtsthemen.\",\"breadcrumb\":{\"@id\":\"https:\\\/\\\/mekruphy.com\\\/de\\\/produkte\\\/grundschule\\\/experimentiersatz-grundschule-3-boden-nahrung-energie\\\/#breadcrumb\"},\"inLanguage\":\"de\",\"potentialAction\":[{\"@type\":\"ReadAction\",\"target\":[\"https:\\\/\\\/mekruphy.com\\\/de\\\/produkte\\\/grundschule\\\/experimentiersatz-grundschule-3-boden-nahrung-energie\\\/\"]}]},{\"@type\":\"ImageObject\",\"inLanguage\":\"de\",\"@id\":\"https:\\\/\\\/mekruphy.com\\\/de\\\/produkte\\\/grundschule\\\/experimentiersatz-grundschule-3-boden-nahrung-energie\\\/#primaryimage\",\"url\":\"https:\\\/\\\/mekruphy.com\\\/de\\\/wp-content\\\/uploads\\\/2020\\\/07\\\/Kasten-Grundschule-3-Boden-Nahrung-Energie.jpg\",\"contentUrl\":\"https:\\\/\\\/mekruphy.com\\\/de\\\/wp-content\\\/uploads\\\/2020\\\/07\\\/Kasten-Grundschule-3-Boden-Nahrung-Energie.jpg\",\"width\":1800,\"height\":1388},{\"@type\":\"BreadcrumbList\",\"@id\":\"https:\\\/\\\/mekruphy.com\\\/de\\\/produkte\\\/grundschule\\\/experimentiersatz-grundschule-3-boden-nahrung-energie\\\/#breadcrumb\",\"itemListElement\":[{\"@type\":\"ListItem\",\"position\":1,\"name\":\"Startseite\",\"item\":\"https:\\\/\\\/mekruphy.com\\\/de\\\/\"},{\"@type\":\"ListItem\",\"position\":2,\"name\":\"Produkte\",\"item\":\"https:\\\/\\\/mekruphy.com\\\/de\\\/produkte\\\/\"},{\"@type\":\"ListItem\",\"position\":3,\"name\":\"Grundschule\",\"item\":\"https:\\\/\\\/mekruphy.com\\\/de\\\/produkte\\\/grundschule\\\/\"},{\"@type\":\"ListItem\",\"position\":4,\"name\":\"Experimentiersatz GRUNDSCHULE 3 (Boden, Nahrung, Energie)\"}]},{\"@type\":\"WebSite\",\"@id\":\"https:\\\/\\\/mekruphy.com\\\/de\\\/#website\",\"url\":\"https:\\\/\\\/mekruphy.com\\\/de\\\/\",\"name\":\"MEKRUPHY GmbH\",\"description\":\"Sch\u00fcler-Experimentierk\u00e4sten f\u00fcr den MINT-Unterricht\",\"potentialAction\":[{\"@type\":\"SearchAction\",\"target\":{\"@type\":\"EntryPoint\",\"urlTemplate\":\"https:\\\/\\\/mekruphy.com\\\/de\\\/?s={search_term_string}\"},\"query-input\":{\"@type\":\"PropertyValueSpecification\",\"valueRequired\":true,\"valueName\":\"search_term_string\"}}],\"inLanguage\":\"de\"}]}<\/script>\n<!-- \/ Yoast SEO plugin. -->","yoast_head_json":{"title":"Experimentiersatz GRUNDSCHULE 3 (Boden, Nahrung, Energie) - MEKRUPHY GmbH","description":"Mit dem Experimentierkasten Boden, Nahrung, Energie entdecken Sch\u00fclerinnen und Sch\u00fcler ein breites Spektrum an Unterrichtsthemen.","robots":{"index":"index","follow":"follow","max-snippet":"max-snippet:-1","max-image-preview":"max-image-preview:large","max-video-preview":"max-video-preview:-1"},"canonical":"https:\/\/mekruphy.com\/de\/produkte\/grundschule\/experimentiersatz-grundschule-3-boden-nahrung-energie\/","og_locale":"de_DE","og_type":"article","og_title":"Experimentiersatz GRUNDSCHULE 3 (Boden, Nahrung, Energie) - MEKRUPHY GmbH","og_description":"Mit dem Experimentierkasten Boden, Nahrung, Energie entdecken Sch\u00fclerinnen und Sch\u00fcler ein breites Spektrum an Unterrichtsthemen.","og_url":"https:\/\/mekruphy.com\/de\/produkte\/grundschule\/experimentiersatz-grundschule-3-boden-nahrung-energie\/","og_site_name":"MEKRUPHY GmbH","article_modified_time":"2026-03-31T13:12:03+00:00","og_image":[{"width":1800,"height":1388,"url":"https:\/\/mekruphy.com\/de\/wp-content\/uploads\/2020\/07\/Kasten-Grundschule-3-Boden-Nahrung-Energie.jpg","type":"image\/jpeg"}],"twitter_card":"summary_large_image","twitter_misc":{"Gesch\u00e4tzte Lesezeit":"6\u00a0Minuten"},"schema":{"@context":"https:\/\/schema.org","@graph":[{"@type":"WebPage","@id":"https:\/\/mekruphy.com\/de\/produkte\/grundschule\/experimentiersatz-grundschule-3-boden-nahrung-energie\/","url":"https:\/\/mekruphy.com\/de\/produkte\/grundschule\/experimentiersatz-grundschule-3-boden-nahrung-energie\/","name":"Experimentiersatz GRUNDSCHULE 3 (Boden, Nahrung, Energie) - MEKRUPHY GmbH","isPartOf":{"@id":"https:\/\/mekruphy.com\/de\/#website"},"primaryImageOfPage":{"@id":"https:\/\/mekruphy.com\/de\/produkte\/grundschule\/experimentiersatz-grundschule-3-boden-nahrung-energie\/#primaryimage"},"image":{"@id":"https:\/\/mekruphy.com\/de\/produkte\/grundschule\/experimentiersatz-grundschule-3-boden-nahrung-energie\/#primaryimage"},"thumbnailUrl":"https:\/\/mekruphy.com\/de\/wp-content\/uploads\/2020\/07\/Kasten-Grundschule-3-Boden-Nahrung-Energie.jpg","datePublished":"2020-07-15T10:59:59+00:00","dateModified":"2026-03-31T13:12:03+00:00","description":"Mit dem Experimentierkasten Boden, Nahrung, Energie entdecken Sch\u00fclerinnen und Sch\u00fcler ein breites Spektrum an Unterrichtsthemen.","breadcrumb":{"@id":"https:\/\/mekruphy.com\/de\/produkte\/grundschule\/experimentiersatz-grundschule-3-boden-nahrung-energie\/#breadcrumb"},"inLanguage":"de","potentialAction":[{"@type":"ReadAction","target":["https:\/\/mekruphy.com\/de\/produkte\/grundschule\/experimentiersatz-grundschule-3-boden-nahrung-energie\/"]}]},{"@type":"ImageObject","inLanguage":"de","@id":"https:\/\/mekruphy.com\/de\/produkte\/grundschule\/experimentiersatz-grundschule-3-boden-nahrung-energie\/#primaryimage","url":"https:\/\/mekruphy.com\/de\/wp-content\/uploads\/2020\/07\/Kasten-Grundschule-3-Boden-Nahrung-Energie.jpg","contentUrl":"https:\/\/mekruphy.com\/de\/wp-content\/uploads\/2020\/07\/Kasten-Grundschule-3-Boden-Nahrung-Energie.jpg","width":1800,"height":1388},{"@type":"BreadcrumbList","@id":"https:\/\/mekruphy.com\/de\/produkte\/grundschule\/experimentiersatz-grundschule-3-boden-nahrung-energie\/#breadcrumb","itemListElement":[{"@type":"ListItem","position":1,"name":"Startseite","item":"https:\/\/mekruphy.com\/de\/"},{"@type":"ListItem","position":2,"name":"Produkte","item":"https:\/\/mekruphy.com\/de\/produkte\/"},{"@type":"ListItem","position":3,"name":"Grundschule","item":"https:\/\/mekruphy.com\/de\/produkte\/grundschule\/"},{"@type":"ListItem","position":4,"name":"Experimentiersatz GRUNDSCHULE 3 (Boden, Nahrung, Energie)"}]},{"@type":"WebSite","@id":"https:\/\/mekruphy.com\/de\/#website","url":"https:\/\/mekruphy.com\/de\/","name":"MEKRUPHY GmbH","description":"Sch\u00fcler-Experimentierk\u00e4sten f\u00fcr den MINT-Unterricht","potentialAction":[{"@type":"SearchAction","target":{"@type":"EntryPoint","urlTemplate":"https:\/\/mekruphy.com\/de\/?s={search_term_string}"},"query-input":{"@type":"PropertyValueSpecification","valueRequired":true,"valueName":"search_term_string"}}],"inLanguage":"de"}]}},"coauthors":[],"author_meta":{"author_link":"https:\/\/mekruphy.com\/de\/author\/steps-sync\/","display_name":"Steps Sync"},"relative_dates":{"created":"Ver\u00f6ffentlicht 6\u00a0Jahren vor","modified":"Aktualisiert 2\u00a0Wochen vor"},"absolute_dates":{"created":"Ver\u00f6ffentlicht am 15. Juli 2020","modified":"Aktualisiert am 31. M\u00e4rz 2026"},"absolute_dates_time":{"created":"Ver\u00f6ffentlicht am 15. Juli 2020 12:59","modified":"Aktualisiert am 31. M\u00e4rz 2026 15:12"},"featured_img_caption":"","featured_img":"https:\/\/mekruphy.com\/de\/wp-content\/uploads\/2020\/07\/Kasten-Grundschule-3-Boden-Nahrung-Energie.jpg","series_order":"","_links":{"self":[{"href":"https:\/\/mekruphy.com\/de\/wp-json\/wp\/v2\/pages\/500","targetHints":{"allow":["GET"]}}],"collection":[{"href":"https:\/\/mekruphy.com\/de\/wp-json\/wp\/v2\/pages"}],"about":[{"href":"https:\/\/mekruphy.com\/de\/wp-json\/wp\/v2\/types\/page"}],"author":[{"embeddable":true,"href":"https:\/\/mekruphy.com\/de\/wp-json\/wp\/v2\/users\/3"}],"replies":[{"embeddable":true,"href":"https:\/\/mekruphy.com\/de\/wp-json\/wp\/v2\/comments?post=500"}],"version-history":[{"count":49,"href":"https:\/\/mekruphy.com\/de\/wp-json\/wp\/v2\/pages\/500\/revisions"}],"predecessor-version":[{"id":9353,"href":"https:\/\/mekruphy.com\/de\/wp-json\/wp\/v2\/pages\/500\/revisions\/9353"}],"up":[{"embeddable":true,"href":"https:\/\/mekruphy.com\/de\/wp-json\/wp\/v2\/pages\/622"}],"wp:featuredmedia":[{"embeddable":true,"href":"https:\/\/mekruphy.com\/de\/wp-json\/wp\/v2\/media\/1731"}],"wp:attachment":[{"href":"https:\/\/mekruphy.com\/de\/wp-json\/wp\/v2\/media?parent=500"}],"curies":[{"name":"wp","href":"https:\/\/api.w.org\/{rel}","templated":true}]}}