{"id":504,"date":"2020-07-15T13:00:07","date_gmt":"2020-07-15T11:00:07","guid":{"rendered":"https:\/\/mekruphy.com\/de\/experimentiersatz-grundschule-4-waerme-und-feuer\/"},"modified":"2026-03-25T17:59:31","modified_gmt":"2026-03-25T16:59:31","slug":"experimentiersatz-grundschule-4-waerme-und-feuer","status":"publish","type":"page","link":"https:\/\/mekruphy.com\/de\/produkte\/grundschule\/experimentiersatz-grundschule-4-waerme-und-feuer\/","title":{"rendered":"Experimentiersatz GRUNDSCHULE 4 (W\u00e4rme und Feuer)"},"content":{"rendered":"<div class=\"yoast-breadcrumbs breadcrumbs-indented\"><span><span><a href=\"https:\/\/mekruphy.com\/de\/\">Startseite<\/a><\/span> \u00bb <span><a href=\"https:\/\/mekruphy.com\/de\/produkte\/\">Produkte<\/a><\/span> \u00bb <span><a href=\"https:\/\/mekruphy.com\/de\/produkte\/grundschule\/\">Grundschule<\/a><\/span> \u00bb <span class=\"breadcrumb_last\" aria-current=\"page\">Experimentiersatz GRUNDSCHULE 4 (W\u00e4rme und Feuer)<\/span><\/span><\/div>\n\n\n<div class=\"wp-block-advgb-adv-tabs advgb-tabs-wrapper advgb-tab-horz-desktop advgb-tab-vert-tablet advgb-tab-stack-mobile advgb-tabs-b7032d27-c1d3-4e08-87cd-c5a4bf710df1\" data-tab-active=\"0\"><ul class=\"advgb-tabs-panel\" role=\"tablist\"><li class=\"advgb-tab advgb-tab-active\" role=\"presentation\" style=\"background-color:#e0e0e0;border-style:solid;border-width:1px;border-radius:10px\"><button class=\"advgb-tab-button\" id=\"advgb-tab-_9b328f-f5-0\" aria-controls=\"advgb-tab-panel-_9b328f-f5-0\" role=\"tab\" aria-selected=\"true\" tabindex=\"0\" style=\"color:#fff;background:none;border:none;width:100%;text-align:inherit;cursor:pointer;padding:8px 16px;font:inherit\"><span>Beschreibung<\/span><\/button><\/li><li class=\"advgb-tab \" role=\"presentation\" style=\"background-color:#e0e0e0;border-style:solid;border-width:1px;border-radius:10px\"><button class=\"advgb-tab-button\" id=\"advgb-tab-_9b328f-f5-1\" aria-controls=\"advgb-tab-panel-_9b328f-f5-1\" role=\"tab\" aria-selected=\"false\" tabindex=\"0\" style=\"color:#fff;background:none;border:none;width:100%;text-align:inherit;cursor:pointer;padding:8px 16px;font:inherit\"><span>Lieferumfang<\/span><\/button><\/li><li class=\"advgb-tab \" role=\"presentation\" style=\"background-color:#e0e0e0;border-style:solid;border-width:1px;border-radius:10px\"><button class=\"advgb-tab-button\" id=\"advgb-tab-_9b328f-f5-2\" aria-controls=\"advgb-tab-panel-_9b328f-f5-2\" role=\"tab\" aria-selected=\"false\" tabindex=\"0\" style=\"color:#fff;background:none;border:none;width:100%;text-align:inherit;cursor:pointer;padding:8px 16px;font:inherit\"><span>Experimente<\/span><\/button><\/li><li class=\"advgb-tab \" role=\"presentation\" style=\"background-color:#e0e0e0;border-style:solid;border-width:1px;border-radius:10px\"><button class=\"advgb-tab-button\" id=\"advgb-tab-_9b328f-f5-3\" aria-controls=\"advgb-tab-panel-_9b328f-f5-3\" role=\"tab\" aria-selected=\"false\" tabindex=\"0\" style=\"color:#fff;background:none;border:none;width:100%;text-align:inherit;cursor:pointer;padding:8px 16px;font:inherit\"><span>Bilder<\/span><\/button><\/li><\/ul><div class=\"advgb-tab-body-wrapper\" style=\"border-style:solid;border-width:1px;border-radius:10px\">\n<div class=\"wp-block-advgb-tab advgb-tab-body-container\"><div class=\"advgb-tab-body-header advgb-tab-class- header-active\" id=\"advgb-tab-panel-_9b328f-f5-0\" role=\"tabpanel\" aria-labelledby=\"advgb-tab-_9b328f-f5-0\" tabindex=\"0\"><span>Beschreibung<\/span><\/div><div class=\"advgb-tab-_9b328f-f5 advgb-tab-body\" aria-labelledby=\"advgb-tab-panel-_9b328f-f5-0\" style=\"display:block\">\n<h2 class=\"wp-block-heading\" id=\"einfuhrung-in-die-warmelehre-und-in-die-welt-des-messens\">Einf\u00fchrung in die W\u00e4rmelehre und in die Welt des Messens<\/h2>\n\n\n\n<p>Der Experimentiersatz GRUNDSCHULE 4 (W\u00e4rme und Feuer) ist besonders f\u00fcr den Anfangsunterricht geeignet, weil er nur Themen behandelt, bei denen mathematische Zusammenh\u00e4nge in den Hintergrund treten.<\/p>\n\n\n\n<p> &nbsp;<\/p>\n\n\n\n<p>In einfachen und spannenden Experimenten lernen die Sch\u00fclerinnen und Sch\u00fcller<\/p>\n\n\n\n<ul class=\"wp-block-list\">\n<li>gute und schlechte W\u00e4rmeleiter kennen<\/li>\n\n\n\n<li>den Vorteil von Kleidung aus Wolle<\/li>\n\n\n\n<li>auf welche Arten W\u00e4rme transportiert wird<\/li>\n\n\n\n<li>warum wei\u00dfe und schwarze K\u00f6rper ein unterschiedliches W\u00e4rmeverhalten haben<\/li>\n\n\n\n<li>warum die W\u00e4rmed\u00e4mmung von Geb\u00e4uden n\u00f6tig ist<\/li>\n<\/ul>\n\n\n\n<p>Beeindruckt von der Unzuverl\u00e4ssigkeit des menschlichen W\u00e4rmeempfindens machen sich die Sch\u00fclerinnen und Sch\u00fcler mit dem Kasten GRUNDSCHULE 4 auf die experimentelle Suche nach einem zweckm\u00e4\u00dfigen Ger\u00e4t und einer geeigneten Einheit f\u00fcr die Temperaturmessung.<\/p>\n\n\n\n<h2 class=\"wp-block-heading\" id=\"sicherheit\">Sicherheit<\/h2>\n\n\n\n<p>Als W\u00e4rmequellen dienen f\u00fcr den Experimentiersatz GRUNDSCHULE 4 hei\u00dfes Leitungswasser und das Teelicht. Beim Experimentieren mit dem Teelicht wird eine feuerfeste Unterlage verwendet, die im Lieferumfang enthalten ist. So sind Sch\u00fclerexperimente zur W\u00e4rme weitgehend gefahrlos m\u00f6glich.<\/p>\n\n\n\n<p><\/p>\n\n\n\n<h3 class=\"wp-block-heading\" id=\"h-handreichung\">Handreichung<\/h3>\n\n\n\n<p>Passend zum Experimentiersatz GRUNDSCHULE 4 (W\u00e4rme und Feuer) gibt es ein eigenes <a href=\"https:\/\/mekruphy.com\/de\/produkte\/grundschule\/grundschule-handreichungen\/\">Heft<\/a> mit detaillierten Informationen zu den einzelnen Experi\u00admenten, didaktischen Hinweisen und L\u00f6sungsvorschl\u00e4gen.<\/p>\n\n\n\n<h3 class=\"wp-block-heading\">F\u00f6rderm\u00f6glichkeit<\/h3>\n\n\n\n<p>F\u00fcr diesen Experimentiersatz k\u00f6nnen deutsche Schulen und deutsche Auslandsschulen eine F\u00f6rderung beim\u00a0<a href=\"https:\/\/www.vci.de\/fonds\/schulpartnerschaft\/unterrichtsfoerderung\/seiten.jsp\" target=\"_blank\" rel=\"noreferrer noopener\">Fonds der chemischen Industrie<\/a>\u00a0beantragen.<\/p>\n<\/div><\/div>\n\n\n\n<div class=\"wp-block-advgb-tab advgb-tab-body-container\"><div class=\"advgb-tab-body-header advgb-tab-class- \" id=\"advgb-tab-panel-_9b328f-f5-1\" role=\"tabpanel\" aria-labelledby=\"advgb-tab-_9b328f-f5-1\" tabindex=\"0\"><span>Lieferumfang<\/span><\/div><div class=\"advgb-tab-_9b328f-f5 advgb-tab-body\" aria-labelledby=\"advgb-tab-panel-_9b328f-f5-1\" style=\"display:none\">\n<figure class=\"wp-block-table table-product-contents\"><table><tbody><tr><td>01.01.10<\/td><td>Aufbewahrungskasten<\/td><\/tr><tr><td>44.02.00<\/td><td>Ger\u00e4tegeformter Einsatz P4<\/td><\/tr><tr><td>11.03.00<\/td><td>Digitalthermometer EN (-40\u00b0\/+70\u00b0C) (2 St\u00fcck)<\/td><\/tr><tr><td>01.04.00<\/td><td>Kunststoffbecher 250 ml<\/td><\/tr><tr><td>43.06.00<\/td><td>Kunststoffbecher 100 ml (2 St\u00fcck)<\/td><\/tr><tr><td>43.07.00<\/td><td>Vierkantmuffe P3<\/td><\/tr><tr><td>44.08.10<\/td><td>Lagerblock<\/td><\/tr><tr><td>44.08.20<\/td><td>Auflagerblock<\/td><\/tr><tr><td>44.08.30<\/td><td>Aluminiumstab lang<\/td><\/tr><tr><td>44.08.40<\/td><td>Zeiger<\/td><\/tr><tr><td>44.09.00<\/td><td>Bimetallstreifen<\/td><\/tr><tr><td>44.10.00<\/td><td>Thermometer ohne Skala<\/td><\/tr><tr><td>44.11.10<\/td><td>Erlenmeyerkolben W1<\/td><\/tr><tr><td>44.11.20<\/td><td>Gummistopfen mit Bohrung<\/td><\/tr><tr><td>44.11.30<\/td><td>Schlauchverbinder<\/td><\/tr><tr><td>44.11.40<\/td><td>Silikonschlauch \u00d8 7 x 500 mm<\/td><\/tr><tr><td>44.12.10<\/td><td>Kupferstab<\/td><\/tr><tr><td>44.12.20<\/td><td>Aluminiumstab<\/td><\/tr><tr><td>44.12.30<\/td><td>Kunststoffstab<\/td><\/tr><tr><td>44.13.00<\/td><td>W\u00e4rmestr\u00f6mungsrohr<\/td><\/tr><tr><td>44.14.00<\/td><td>Isolierbox W1<\/td><\/tr><tr><td>11.14.40<\/td><td>Deckel f\u00fcr Isolierbox<\/td><\/tr><tr><td>44.15.00<\/td><td>Teelicht<\/td><\/tr><tr><td>43.17.00<\/td><td>Stativstange P3<\/td><\/tr><tr><td>44.18.00<\/td><td>Feuerfeste Unterlage<\/td><\/tr><tr><td>17.19.00<\/td><td>Stativklemme<\/td><\/tr><tr><td>07.20.00<\/td><td>Wolltuch<\/td><\/tr><tr><td>44.21.10<\/td><td>Aluminiumw\u00fcrfel wei\u00df<\/td><\/tr><tr><td>44.21.20<\/td><td>Aluminiumw\u00fcrfel schwarz<\/td><\/tr><tr><td>11.25.10<\/td><td>Aluminiumw\u00fcrfel (2 St\u00fcck)<\/td><\/tr><\/tbody><\/table><\/figure>\n\n\n\n<h3 class=\"wp-block-heading\" id=\"zusatzlich-erforderlich\">Zus\u00e4tzlich erforderlich:<\/h3>\n\n\n\n<figure class=\"wp-block-table table-product-contents\"><table><tbody><tr><td>00.44.10<\/td><td>Lebensmittelfarbe blau<\/td><\/tr><\/tbody><\/table><\/figure>\n\n\n\n<p><\/p>\n<\/div><\/div>\n\n\n\n<div class=\"wp-block-advgb-tab advgb-tab-body-container\"><div class=\"advgb-tab-body-header advgb-tab-class- \" id=\"advgb-tab-panel-_9b328f-f5-2\" role=\"tabpanel\" aria-labelledby=\"advgb-tab-_9b328f-f5-2\" tabindex=\"0\"><span>Experimente<\/span><\/div><div class=\"advgb-tab-_9b328f-f5 advgb-tab-body\" aria-labelledby=\"advgb-tab-panel-_9b328f-f5-2\" style=\"display:none\">\n<p><\/p>\n\n\n\n<figure class=\"wp-block-table table-product-experiments\"><table class=\"has-fixed-layout\"><tbody><tr><td>G4-1<\/td><td>Ist das Wasser kalt oder warm?\u00a0<\/td><\/tr><tr><td>G4-2<\/td><td>Wie reagieren Fl\u00fcssigkeiten auf Temperatur\u00e4nderung?\u00a0<\/td><\/tr><tr><td>G4-3<\/td><td>Wie bekommt das Thermometer seine Einteilung?\u00a0<\/td><\/tr><tr><td>G4-4<\/td><td>Wie reagiert Luft auf Temperatur\u00e4nderung?\u00a0<\/td><\/tr><tr><td>G4-5<\/td><td>Wie reagieren feste Stoffe auf Temperatur\u00e4nderung?\u00a0<\/td><\/tr><tr><td>G4-6<\/td><td>Wie funktioniert ein Bimetall?\u00a0<\/td><\/tr><tr><td>G4-7<\/td><td>In welcher Richtung wird W\u00e4rme \u00fcbertragen?<\/td><\/tr><tr><td>G4-8<\/td><td>Leiten alle Stoffe die W\u00e4rme gleich gut?\u00a0<\/td><\/tr><tr><td>G4-9<\/td><td>Wie wird W\u00e4rme in Fl\u00fcssigkeiten weitergegeben?<\/td><\/tr><tr><td>G4-10<\/td><td>Wie reagieren K\u00f6rper auf W\u00e4rmestrahlung?\u00a0<\/td><\/tr><tr><td>G4-11<\/td><td>Kann W\u00e4rmeabgabe verhindert werden?\u00a0<\/td><\/tr><tr><td>G4-12<\/td><td>Warum zahlt sich W\u00e4rme\u00add\u00e4mmung aus?\u00a0<\/td><\/tr><tr><td>G4-13<\/td><td>Wie reagiert Eis auf Salz?\u00a0<\/td><\/tr><tr><td>G4-14<\/td><td>Wie ist die Kerzenflamme aufgebaut?\u00a0<\/td><\/tr><\/tbody><\/table><\/figure>\n<\/div><\/div>\n\n\n\n<div class=\"wp-block-advgb-tab advgb-tab-body-container\"><div class=\"advgb-tab-body-header advgb-tab-class-undefined \" id=\"advgb-tab-panel-_9b328f-f5-3\" role=\"tabpanel\" aria-labelledby=\"advgb-tab-_9b328f-f5-3\" tabindex=\"0\"><span>Bilder<\/span><\/div><div class=\"advgb-tab-_9b328f-f5 advgb-tab-body\" aria-labelledby=\"advgb-tab-panel-_9b328f-f5-3\" style=\"display:none\"><div class=\"wp-block-image\">\n<figure class=\"aligncenter size-large is-resized advgb-dyn-713fa3cf\"><img loading=\"lazy\" decoding=\"async\" width=\"595\" height=\"603\" src=\"https:\/\/mekruphy.com\/de\/wp-content\/uploads\/2021\/03\/G4_2.png\" alt=\"Sch\u00fclerexperiment W\u00e4rme\" class=\"wp-image-3355\" style=\"width:510px;height:517px\" srcset=\"https:\/\/mekruphy.com\/de\/wp-content\/uploads\/2021\/03\/G4_2.png 595w, https:\/\/mekruphy.com\/de\/wp-content\/uploads\/2021\/03\/G4_2-296x300.png 296w\" sizes=\"auto, (max-width: 595px) 100vw, 595px\" \/><\/figure>\n<\/div>\n\n\n<p>&nbsp;<\/p>\n\n\n<div class=\"wp-block-image\">\n<figure class=\"aligncenter size-large is-resized advgb-dyn-6735055a\"><img loading=\"lazy\" decoding=\"async\" width=\"351\" height=\"377\" src=\"https:\/\/mekruphy.com\/de\/wp-content\/uploads\/2021\/03\/W1_2.png\" alt=\"Sch\u00fclerexperiment Feuer\" class=\"wp-image-3002\" style=\"width:510px;height:548px\" srcset=\"https:\/\/mekruphy.com\/de\/wp-content\/uploads\/2021\/03\/W1_2.png 351w, https:\/\/mekruphy.com\/de\/wp-content\/uploads\/2021\/03\/W1_2-279x300.png 279w\" sizes=\"auto, (max-width: 351px) 100vw, 351px\" \/><\/figure>\n<\/div>\n\n\n<p>&nbsp;<\/p>\n\n\n<div class=\"wp-block-image\">\n<figure class=\"aligncenter size-large is-resized advgb-dyn-84f60b83\"><img loading=\"lazy\" decoding=\"async\" width=\"627\" height=\"507\" src=\"https:\/\/mekruphy.com\/de\/wp-content\/uploads\/2021\/03\/G4_1.png\" alt=\"Sch\u00fcler experimentieren\" class=\"wp-image-3294\" style=\"width:510px;height:412px\" srcset=\"https:\/\/mekruphy.com\/de\/wp-content\/uploads\/2021\/03\/G4_1.png 627w, https:\/\/mekruphy.com\/de\/wp-content\/uploads\/2021\/03\/G4_1-300x243.png 300w\" sizes=\"auto, (max-width: 627px) 100vw, 627px\" \/><\/figure>\n<\/div>\n\n\n<p>&nbsp;<\/p>\n\n\n<div class=\"wp-block-image\">\n<figure class=\"aligncenter size-large is-resized advgb-dyn-f163c863\"><img loading=\"lazy\" decoding=\"async\" width=\"506\" height=\"337\" src=\"https:\/\/mekruphy.com\/de\/wp-content\/uploads\/2021\/03\/W1_3.png\" alt=\"Versuchsaufbau zur W\u00e4rmelehre\" class=\"wp-image-3003\" style=\"width:510px;height:340px\" srcset=\"https:\/\/mekruphy.com\/de\/wp-content\/uploads\/2021\/03\/W1_3.png 506w, https:\/\/mekruphy.com\/de\/wp-content\/uploads\/2021\/03\/W1_3-300x200.png 300w\" sizes=\"auto, (max-width: 506px) 100vw, 506px\" \/><\/figure>\n<\/div>\n\n\n<p><\/p>\n<\/div><\/div>\n<\/div><\/div>\n\n\n\n<p><\/p>\n<style class=\"advgb-styles-renderer\">.advgb-tabs-b7032d27-c1d3-4e08-87cd-c5a4bf710df1 ul.advgb-tabs-panel li.advgb-tab.advgb-tab-active {background-color:#5954d6 !important;color:#fff !important;}#advgb-tabs-b7032d27-c1d3-4e08-87cd-c5a4bf710df1 .advgb-tab-body-header.header-active, .advgb-tabs-b7032d27-c1d3-4e08-87cd-c5a4bf710df1 .advgb-tab-body-header.header-active{background-color:#5954d6 !important;color:#fff !important;}<\/style>","protected":false},"excerpt":{"rendered":"","protected":false},"author":3,"featured_media":3566,"parent":622,"menu_order":0,"comment_status":"closed","ping_status":"closed","template":"templates\/product.php","meta":{"_acf_changed":false,"_coblocks_attr":"","_coblocks_dimensions":"","_coblocks_responsive_height":"","_coblocks_accordion_ie_support":"","_eb_attr":"","advgb_blocks_editor_width":"","advgb_blocks_columns_visual_guide":"","footnotes":""},"class_list":["post-504","page","type-page","status-publish","has-post-thumbnail","hentry"],"acf":[],"yoast_head":"<!-- This site is optimized with the Yoast SEO plugin v27.3 - https:\/\/yoast.com\/product\/yoast-seo-wordpress\/ -->\n<title>Experimentiersatz GRUNDSCHULE 4 (W\u00e4rme und Feuer) - MEKRUPHY GmbH<\/title>\n<meta name=\"description\" content=\"In spannenden Experimenten lernen die Kinder mit diesem Experimentierkasten GRUNDSCHULE 4 gute und schlechte W\u00e4rmeleiter u.v.m. kennen.\" \/>\n<meta name=\"robots\" content=\"index, follow, max-snippet:-1, max-image-preview:large, max-video-preview:-1\" \/>\n<link rel=\"canonical\" href=\"https:\/\/mekruphy.com\/de\/produkte\/grundschule\/experimentiersatz-grundschule-4-waerme-und-feuer\/\" \/>\n<meta property=\"og:locale\" content=\"de_DE\" \/>\n<meta property=\"og:type\" content=\"article\" \/>\n<meta property=\"og:title\" content=\"Experimentiersatz GRUNDSCHULE 4 (W\u00e4rme und Feuer) - MEKRUPHY GmbH\" \/>\n<meta property=\"og:description\" content=\"In spannenden Experimenten lernen die Kinder mit diesem Experimentierkasten GRUNDSCHULE 4 gute und schlechte W\u00e4rmeleiter u.v.m. kennen.\" \/>\n<meta property=\"og:url\" content=\"https:\/\/mekruphy.com\/de\/produkte\/grundschule\/experimentiersatz-grundschule-4-waerme-und-feuer\/\" \/>\n<meta property=\"og:site_name\" content=\"MEKRUPHY GmbH\" \/>\n<meta property=\"article:modified_time\" content=\"2026-03-25T16:59:31+00:00\" \/>\n<meta property=\"og:image\" content=\"https:\/\/mekruphy.com\/de\/wp-content\/uploads\/2021\/05\/W1-scaled-e1620122807351.jpg\" \/>\n\t<meta property=\"og:image:width\" content=\"2560\" \/>\n\t<meta property=\"og:image:height\" content=\"1976\" \/>\n\t<meta property=\"og:image:type\" content=\"image\/jpeg\" \/>\n<meta name=\"twitter:card\" content=\"summary_large_image\" \/>\n<meta name=\"twitter:label1\" content=\"Gesch\u00e4tzte Lesezeit\" \/>\n\t<meta name=\"twitter:data1\" content=\"8\u00a0Minuten\" \/>\n<script type=\"application\/ld+json\" class=\"yoast-schema-graph\">{\"@context\":\"https:\\\/\\\/schema.org\",\"@graph\":[{\"@type\":\"WebPage\",\"@id\":\"https:\\\/\\\/mekruphy.com\\\/de\\\/produkte\\\/grundschule\\\/experimentiersatz-grundschule-4-waerme-und-feuer\\\/\",\"url\":\"https:\\\/\\\/mekruphy.com\\\/de\\\/produkte\\\/grundschule\\\/experimentiersatz-grundschule-4-waerme-und-feuer\\\/\",\"name\":\"Experimentiersatz GRUNDSCHULE 4 (W\u00e4rme und Feuer) - MEKRUPHY GmbH\",\"isPartOf\":{\"@id\":\"https:\\\/\\\/mekruphy.com\\\/de\\\/#website\"},\"primaryImageOfPage\":{\"@id\":\"https:\\\/\\\/mekruphy.com\\\/de\\\/produkte\\\/grundschule\\\/experimentiersatz-grundschule-4-waerme-und-feuer\\\/#primaryimage\"},\"image\":{\"@id\":\"https:\\\/\\\/mekruphy.com\\\/de\\\/produkte\\\/grundschule\\\/experimentiersatz-grundschule-4-waerme-und-feuer\\\/#primaryimage\"},\"thumbnailUrl\":\"https:\\\/\\\/mekruphy.com\\\/de\\\/wp-content\\\/uploads\\\/2021\\\/05\\\/W1-scaled-e1620122807351.jpg\",\"datePublished\":\"2020-07-15T11:00:07+00:00\",\"dateModified\":\"2026-03-25T16:59:31+00:00\",\"description\":\"In spannenden Experimenten lernen die Kinder mit diesem Experimentierkasten GRUNDSCHULE 4 gute und schlechte W\u00e4rmeleiter u.v.m. kennen.\",\"breadcrumb\":{\"@id\":\"https:\\\/\\\/mekruphy.com\\\/de\\\/produkte\\\/grundschule\\\/experimentiersatz-grundschule-4-waerme-und-feuer\\\/#breadcrumb\"},\"inLanguage\":\"de\",\"potentialAction\":[{\"@type\":\"ReadAction\",\"target\":[\"https:\\\/\\\/mekruphy.com\\\/de\\\/produkte\\\/grundschule\\\/experimentiersatz-grundschule-4-waerme-und-feuer\\\/\"]}]},{\"@type\":\"ImageObject\",\"inLanguage\":\"de\",\"@id\":\"https:\\\/\\\/mekruphy.com\\\/de\\\/produkte\\\/grundschule\\\/experimentiersatz-grundschule-4-waerme-und-feuer\\\/#primaryimage\",\"url\":\"https:\\\/\\\/mekruphy.com\\\/de\\\/wp-content\\\/uploads\\\/2021\\\/05\\\/W1-scaled-e1620122807351.jpg\",\"contentUrl\":\"https:\\\/\\\/mekruphy.com\\\/de\\\/wp-content\\\/uploads\\\/2021\\\/05\\\/W1-scaled-e1620122807351.jpg\",\"width\":2560,\"height\":1976},{\"@type\":\"BreadcrumbList\",\"@id\":\"https:\\\/\\\/mekruphy.com\\\/de\\\/produkte\\\/grundschule\\\/experimentiersatz-grundschule-4-waerme-und-feuer\\\/#breadcrumb\",\"itemListElement\":[{\"@type\":\"ListItem\",\"position\":1,\"name\":\"Startseite\",\"item\":\"https:\\\/\\\/mekruphy.com\\\/de\\\/\"},{\"@type\":\"ListItem\",\"position\":2,\"name\":\"Produkte\",\"item\":\"https:\\\/\\\/mekruphy.com\\\/de\\\/produkte\\\/\"},{\"@type\":\"ListItem\",\"position\":3,\"name\":\"Grundschule\",\"item\":\"https:\\\/\\\/mekruphy.com\\\/de\\\/produkte\\\/grundschule\\\/\"},{\"@type\":\"ListItem\",\"position\":4,\"name\":\"Experimentiersatz GRUNDSCHULE 4 (W\u00e4rme und Feuer)\"}]},{\"@type\":\"WebSite\",\"@id\":\"https:\\\/\\\/mekruphy.com\\\/de\\\/#website\",\"url\":\"https:\\\/\\\/mekruphy.com\\\/de\\\/\",\"name\":\"MEKRUPHY GmbH\",\"description\":\"Sch\u00fcler-Experimentierk\u00e4sten f\u00fcr den MINT-Unterricht\",\"potentialAction\":[{\"@type\":\"SearchAction\",\"target\":{\"@type\":\"EntryPoint\",\"urlTemplate\":\"https:\\\/\\\/mekruphy.com\\\/de\\\/?s={search_term_string}\"},\"query-input\":{\"@type\":\"PropertyValueSpecification\",\"valueRequired\":true,\"valueName\":\"search_term_string\"}}],\"inLanguage\":\"de\"}]}<\/script>\n<!-- \/ Yoast SEO plugin. -->","yoast_head_json":{"title":"Experimentiersatz GRUNDSCHULE 4 (W\u00e4rme und Feuer) - MEKRUPHY GmbH","description":"In spannenden Experimenten lernen die Kinder mit diesem Experimentierkasten GRUNDSCHULE 4 gute und schlechte W\u00e4rmeleiter u.v.m. kennen.","robots":{"index":"index","follow":"follow","max-snippet":"max-snippet:-1","max-image-preview":"max-image-preview:large","max-video-preview":"max-video-preview:-1"},"canonical":"https:\/\/mekruphy.com\/de\/produkte\/grundschule\/experimentiersatz-grundschule-4-waerme-und-feuer\/","og_locale":"de_DE","og_type":"article","og_title":"Experimentiersatz GRUNDSCHULE 4 (W\u00e4rme und Feuer) - MEKRUPHY GmbH","og_description":"In spannenden Experimenten lernen die Kinder mit diesem Experimentierkasten GRUNDSCHULE 4 gute und schlechte W\u00e4rmeleiter u.v.m. kennen.","og_url":"https:\/\/mekruphy.com\/de\/produkte\/grundschule\/experimentiersatz-grundschule-4-waerme-und-feuer\/","og_site_name":"MEKRUPHY GmbH","article_modified_time":"2026-03-25T16:59:31+00:00","og_image":[{"width":2560,"height":1976,"url":"https:\/\/mekruphy.com\/de\/wp-content\/uploads\/2021\/05\/W1-scaled-e1620122807351.jpg","type":"image\/jpeg"}],"twitter_card":"summary_large_image","twitter_misc":{"Gesch\u00e4tzte Lesezeit":"8\u00a0Minuten"},"schema":{"@context":"https:\/\/schema.org","@graph":[{"@type":"WebPage","@id":"https:\/\/mekruphy.com\/de\/produkte\/grundschule\/experimentiersatz-grundschule-4-waerme-und-feuer\/","url":"https:\/\/mekruphy.com\/de\/produkte\/grundschule\/experimentiersatz-grundschule-4-waerme-und-feuer\/","name":"Experimentiersatz GRUNDSCHULE 4 (W\u00e4rme und Feuer) - MEKRUPHY GmbH","isPartOf":{"@id":"https:\/\/mekruphy.com\/de\/#website"},"primaryImageOfPage":{"@id":"https:\/\/mekruphy.com\/de\/produkte\/grundschule\/experimentiersatz-grundschule-4-waerme-und-feuer\/#primaryimage"},"image":{"@id":"https:\/\/mekruphy.com\/de\/produkte\/grundschule\/experimentiersatz-grundschule-4-waerme-und-feuer\/#primaryimage"},"thumbnailUrl":"https:\/\/mekruphy.com\/de\/wp-content\/uploads\/2021\/05\/W1-scaled-e1620122807351.jpg","datePublished":"2020-07-15T11:00:07+00:00","dateModified":"2026-03-25T16:59:31+00:00","description":"In spannenden Experimenten lernen die Kinder mit diesem Experimentierkasten GRUNDSCHULE 4 gute und schlechte W\u00e4rmeleiter u.v.m. kennen.","breadcrumb":{"@id":"https:\/\/mekruphy.com\/de\/produkte\/grundschule\/experimentiersatz-grundschule-4-waerme-und-feuer\/#breadcrumb"},"inLanguage":"de","potentialAction":[{"@type":"ReadAction","target":["https:\/\/mekruphy.com\/de\/produkte\/grundschule\/experimentiersatz-grundschule-4-waerme-und-feuer\/"]}]},{"@type":"ImageObject","inLanguage":"de","@id":"https:\/\/mekruphy.com\/de\/produkte\/grundschule\/experimentiersatz-grundschule-4-waerme-und-feuer\/#primaryimage","url":"https:\/\/mekruphy.com\/de\/wp-content\/uploads\/2021\/05\/W1-scaled-e1620122807351.jpg","contentUrl":"https:\/\/mekruphy.com\/de\/wp-content\/uploads\/2021\/05\/W1-scaled-e1620122807351.jpg","width":2560,"height":1976},{"@type":"BreadcrumbList","@id":"https:\/\/mekruphy.com\/de\/produkte\/grundschule\/experimentiersatz-grundschule-4-waerme-und-feuer\/#breadcrumb","itemListElement":[{"@type":"ListItem","position":1,"name":"Startseite","item":"https:\/\/mekruphy.com\/de\/"},{"@type":"ListItem","position":2,"name":"Produkte","item":"https:\/\/mekruphy.com\/de\/produkte\/"},{"@type":"ListItem","position":3,"name":"Grundschule","item":"https:\/\/mekruphy.com\/de\/produkte\/grundschule\/"},{"@type":"ListItem","position":4,"name":"Experimentiersatz GRUNDSCHULE 4 (W\u00e4rme und Feuer)"}]},{"@type":"WebSite","@id":"https:\/\/mekruphy.com\/de\/#website","url":"https:\/\/mekruphy.com\/de\/","name":"MEKRUPHY GmbH","description":"Sch\u00fcler-Experimentierk\u00e4sten f\u00fcr den MINT-Unterricht","potentialAction":[{"@type":"SearchAction","target":{"@type":"EntryPoint","urlTemplate":"https:\/\/mekruphy.com\/de\/?s={search_term_string}"},"query-input":{"@type":"PropertyValueSpecification","valueRequired":true,"valueName":"search_term_string"}}],"inLanguage":"de"}]}},"coauthors":[],"author_meta":{"author_link":"https:\/\/mekruphy.com\/de\/author\/steps-sync\/","display_name":"Steps Sync"},"relative_dates":{"created":"Ver\u00f6ffentlicht 6\u00a0Jahren vor","modified":"Aktualisiert 3\u00a0Wochen vor"},"absolute_dates":{"created":"Ver\u00f6ffentlicht am 15. Juli 2020","modified":"Aktualisiert am 25. M\u00e4rz 2026"},"absolute_dates_time":{"created":"Ver\u00f6ffentlicht am 15. Juli 2020 13:00","modified":"Aktualisiert am 25. M\u00e4rz 2026 17:59"},"featured_img_caption":"","featured_img":"https:\/\/mekruphy.com\/de\/wp-content\/uploads\/2021\/05\/W1-scaled-e1620122807351.jpg","series_order":"","_links":{"self":[{"href":"https:\/\/mekruphy.com\/de\/wp-json\/wp\/v2\/pages\/504","targetHints":{"allow":["GET"]}}],"collection":[{"href":"https:\/\/mekruphy.com\/de\/wp-json\/wp\/v2\/pages"}],"about":[{"href":"https:\/\/mekruphy.com\/de\/wp-json\/wp\/v2\/types\/page"}],"author":[{"embeddable":true,"href":"https:\/\/mekruphy.com\/de\/wp-json\/wp\/v2\/users\/3"}],"replies":[{"embeddable":true,"href":"https:\/\/mekruphy.com\/de\/wp-json\/wp\/v2\/comments?post=504"}],"version-history":[{"count":19,"href":"https:\/\/mekruphy.com\/de\/wp-json\/wp\/v2\/pages\/504\/revisions"}],"predecessor-version":[{"id":9085,"href":"https:\/\/mekruphy.com\/de\/wp-json\/wp\/v2\/pages\/504\/revisions\/9085"}],"up":[{"embeddable":true,"href":"https:\/\/mekruphy.com\/de\/wp-json\/wp\/v2\/pages\/622"}],"wp:featuredmedia":[{"embeddable":true,"href":"https:\/\/mekruphy.com\/de\/wp-json\/wp\/v2\/media\/3566"}],"wp:attachment":[{"href":"https:\/\/mekruphy.com\/de\/wp-json\/wp\/v2\/media?parent=504"}],"curies":[{"name":"wp","href":"https:\/\/api.w.org\/{rel}","templated":true}]}}