{"id":508,"date":"2020-07-15T13:00:17","date_gmt":"2020-07-15T11:00:17","guid":{"rendered":"https:\/\/mekruphy.com\/de\/experimentiersatz-grundschule-5-maschinen-und-konstruktionen\/"},"modified":"2026-03-31T15:16:43","modified_gmt":"2026-03-31T13:16:43","slug":"experimentiersatz-grundschule-5-maschinen-und-konstruktionen","status":"publish","type":"page","link":"https:\/\/mekruphy.com\/de\/produkte\/grundschule\/experimentiersatz-grundschule-5-maschinen-und-konstruktionen\/","title":{"rendered":"Experimentiersatz GRUNDSCHULE 5 (Maschinen und Konstruktionen)"},"content":{"rendered":"<div class=\"yoast-breadcrumbs breadcrumbs-indented\"><span><span><a href=\"https:\/\/mekruphy.com\/de\/\">Startseite<\/a><\/span> \u00bb <span><a href=\"https:\/\/mekruphy.com\/de\/produkte\/\">Produkte<\/a><\/span> \u00bb <span><a href=\"https:\/\/mekruphy.com\/de\/produkte\/grundschule\/\">Grundschule<\/a><\/span> \u00bb <span class=\"breadcrumb_last\" aria-current=\"page\">Experimentiersatz GRUNDSCHULE 5 (Maschinen und Konstruktionen)<\/span><\/span><\/div>\n\n\n<div class=\"wp-block-advgb-adv-tabs advgb-tabs-wrapper advgb-tab-horz-desktop advgb-tab-vert-tablet advgb-tab-stack-mobile advgb-tabs-6501c877-41a8-4627-9997-4d405bb1a661\" data-tab-active=\"0\"><ul class=\"advgb-tabs-panel\" role=\"tablist\"><li class=\"advgb-tab advgb-tab-active\" role=\"presentation\" style=\"background-color:#e0e0e0;border-style:solid;border-width:1px;border-radius:10px\"><button class=\"advgb-tab-button\" id=\"advgb-tab-_01c877-41-0\" aria-controls=\"advgb-tab-panel-_01c877-41-0\" role=\"tab\" aria-selected=\"true\" tabindex=\"0\" style=\"color:#fff;background:none;border:none;width:100%;text-align:inherit;cursor:pointer;padding:8px 16px;font:inherit\"><span>Beschreibung<\/span><\/button><\/li><li class=\"advgb-tab \" role=\"presentation\" style=\"background-color:#e0e0e0;border-style:solid;border-width:1px;border-radius:10px\"><button class=\"advgb-tab-button\" id=\"advgb-tab-_01c877-41-1\" aria-controls=\"advgb-tab-panel-_01c877-41-1\" role=\"tab\" aria-selected=\"false\" tabindex=\"0\" style=\"color:#fff;background:none;border:none;width:100%;text-align:inherit;cursor:pointer;padding:8px 16px;font:inherit\"><span>Lieferumfang<\/span><\/button><\/li><li class=\"advgb-tab \" role=\"presentation\" style=\"background-color:#e0e0e0;border-style:solid;border-width:1px;border-radius:10px\"><button class=\"advgb-tab-button\" id=\"advgb-tab-_01c877-41-2\" aria-controls=\"advgb-tab-panel-_01c877-41-2\" role=\"tab\" aria-selected=\"false\" tabindex=\"0\" style=\"color:#fff;background:none;border:none;width:100%;text-align:inherit;cursor:pointer;padding:8px 16px;font:inherit\"><span>Experimente<\/span><\/button><\/li><li class=\"advgb-tab \" role=\"presentation\" style=\"background-color:#e0e0e0;border-style:solid;border-width:1px;border-radius:10px\"><button class=\"advgb-tab-button\" id=\"advgb-tab-_01c877-41-3\" aria-controls=\"advgb-tab-panel-_01c877-41-3\" role=\"tab\" aria-selected=\"false\" tabindex=\"0\" style=\"color:#fff;background:none;border:none;width:100%;text-align:inherit;cursor:pointer;padding:8px 16px;font:inherit\"><span>Bilder<\/span><\/button><\/li><\/ul><div class=\"advgb-tab-body-wrapper\" style=\"border-style:solid;border-width:1px;border-radius:10px\">\n<div class=\"wp-block-advgb-tab advgb-tab-body-container\"><div class=\"advgb-tab-body-header advgb-tab-class- header-active\" id=\"advgb-tab-panel-_bf82dc-18-0\" role=\"tabpanel\" aria-labelledby=\"advgb-tab-_bf82dc-18-0\" tabindex=\"0\"><span>Beschreibung<\/span><\/div><div class=\"advgb-tab-_bf82dc-18 advgb-tab-body\" aria-labelledby=\"advgb-tab-panel-_bf82dc-18-0\" style=\"display:block\">\n<h2 class=\"wp-block-heading\" id=\"konstrukteure-und-techniker-von-morgen\">Konstrukteure und Techniker von morgen&nbsp;<\/h2>\n\n\n\n<p>Der Experimentiersatz\u00a0MASCHINEN und KONSTRUKTIONEN kommt allen Sch\u00fclerinnen und Sch\u00fclern entgegen, die sich f\u00fcr <a href=\"https:\/\/mekruphy.com\/de\/produkte\/natur-und-technik-5-6\/\">Technik<\/a> begeistern lassen. Von der einfachen Rampe bis zum zwei- und einseitigen Hebel finden sie stets die <a href=\"https:\/\/www.leifiphysik.de\/mechanik\/arbeit-energie-und-leistung\/grundwissen\/goldene-regel-der-mechanik\" target=\"_blank\" rel=\"noreferrer noopener\">Goldene Regel der Mechanik<\/a> best\u00e4tigt: Jede Verkleinerung der aufzuwendenden Kraft zieht einen l\u00e4ngeren Weg nach sich.<\/p>\n\n\n\n<h3 class=\"wp-block-heading\" id=\"transmissionen\">Transmissionen<\/h3>\n\n\n\n<p><span style=\"font-size: revert; background-color: initial; color: initial;\">Bei den Experimenten zur Ver\u00e4nderung einer Drehbewegung&nbsp;f\u00fchlt sich die Klasse&nbsp;in eine Mechaniker-Werkstatt versetzt. Folglich untersuchen sie mit Begeisterung die Wirkungen von R\u00e4dern, Riemen, Zahnr\u00e4dern und Ketten. Wenn sie am Schluss jeweils den batteriebetriebenen&nbsp;Elektromotor einsetzen d\u00fcrfen, <span style=\"font-size: revert; background-color: initial; color: initial;\">sind die Sch\u00fclerinnen und Sch\u00fcler immer mit Eifer dabei<\/span><\/span>.<\/p>\n\n\n\n<h3 class=\"wp-block-heading\" id=\"bruckenkonstruktionen\">Br\u00fcckenkonstruktionen<\/h3>\n\n\n\n<p><span style=\"font-size: revert; background-color: initial; color: initial;\">Bei den letzten f\u00fcnf der insgesamt sechzehn Experimente zum Themengebiet MASCHINEN und KONSTRUKTIONEN&nbsp;f\u00fchlen sich die Kinder als Br\u00fcckenbaukonstrukteure. Dabei erkennen sie, dass&nbsp;sich&nbsp;ein Balken besser f\u00fcr eine Br\u00fccke eignet als ein Brett. Au\u00dferdem beobachten sie die Wirkung von B\u00f6gen und Seilen und w\u00e4gen die Vor- und Nachteile von Pfeiler-, Bogen- und H\u00e4ngebr\u00fccken&nbsp;ab.<\/span><\/p>\n\n\n\n<h3 class=\"wp-block-heading\" id=\"h-handreichung\">Handreichung<\/h3>\n\n\n\n<p>Passend zum Experimentiersatz GRUNDSCHULE 5 (Maschinen und Konstruktionen) gibt es ein eigenes <a href=\"https:\/\/mekruphy.com\/de\/produkte\/grundschule\/grundschule-handreichungen\/\">Heft<\/a> mit detaillierten Informationen zu den einzelnen Experi\u00admenten, didaktischen Hinweisen und L\u00f6sungsvorschl\u00e4gen.<\/p>\n<\/div><\/div>\n\n\n\n<div class=\"wp-block-advgb-tab advgb-tab-body-container\"><div class=\"advgb-tab-body-header advgb-tab-class- \" id=\"advgb-tab-panel-_bf82dc-18-1\" role=\"tabpanel\" aria-labelledby=\"advgb-tab-_bf82dc-18-1\" tabindex=\"0\"><span>Lieferumfang<\/span><\/div><div class=\"advgb-tab-_bf82dc-18 advgb-tab-body\" aria-labelledby=\"advgb-tab-panel-_bf82dc-18-1\" style=\"display:none\">\n<figure class=\"wp-block-table table-product-contents\"><table><tbody><tr><td>01.01.10<\/td><td>Aufbewahrungskasten<\/td><\/tr><tr><td>45.02.00<\/td><td>Ger\u00e4tegeformter Einsatz P5<\/td><\/tr><tr><td>45.03.00<\/td><td>Kugeln und Schrauben in Dose P5<\/td><\/tr><tr><td>62.04.20<\/td><td>Rad (4 St\u00fcck)<\/td><\/tr><tr><td>45.05.00<\/td><td>Rundst\u00e4be in Beh\u00e4lter<\/td><\/tr><tr><td>45.06.00<\/td><td>Aluminiumblock mit Schlitz (4 St\u00fcck)<\/td><\/tr><tr><td>43.07.00<\/td><td>Vierkantmuffe P3<\/td><\/tr><tr><td>45.08.00<\/td><td>Kunststoffplatte gebogen kurz<\/td><\/tr><tr><td>45.09.00<\/td><td>Kunststoffplatte gebogen lang<\/td><\/tr><tr><td>45.10.00<\/td><td>Stahlquader mit Haken<\/td><\/tr><tr><td>01.11.00<\/td><td>Schraubenfeder 30 N\/m<\/td><\/tr><tr><td>02.12.10<\/td><td>Stift mit Haken und Gewinde<\/td><\/tr><tr><td>45.13.00<\/td><td>Schnurklemme (6 St\u00fcck)<\/td><\/tr><tr><td>45.14.00<\/td><td>Lochbrett<\/td><\/tr><tr><td>01.15.00<\/td><td>Massest\u00fcck 50 g mit Haken (4 St\u00fcck)<\/td><\/tr><tr><td>01.16.00<\/td><td>Kraftmesser 2 N<\/td><\/tr><tr><td>61.17.00<\/td><td>Stativstange K1 (4 St\u00fcck)<\/td><\/tr><tr><td>45.18.00<\/td><td>Verl\u00e4ngerungsstab P5 (4 St\u00fcck)<\/td><\/tr><tr><td>45.19.00<\/td><td>Getriebemotor auf Montagelatte<\/td><\/tr><tr><td>01.20.00<\/td><td>Gummischnur M1 in Dose<\/td><\/tr><tr><td>45.21.00<\/td><td>Zahnrad gro\u00df<\/td><\/tr><tr><td>45.22.00<\/td><td>Zahnrad mittel<\/td><\/tr><tr><td>45.23.00<\/td><td>Zahnrad klein<\/td><\/tr><tr><td>45.24.00<\/td><td>Kegelrad gro\u00df<\/td><\/tr><tr><td>45.25.00<\/td><td>Kegelrad klein<\/td><\/tr><tr><td>45.26.00<\/td><td>Zahnradkette<\/td><\/tr><tr><td>45.27.00<\/td><td>Antriebsrad gro\u00df<\/td><\/tr><tr><td>45.28.00<\/td><td>Antriebsrad klein (2 St\u00fcck)<\/td><\/tr><tr><td>45.29.00<\/td><td>Montageplatte A<\/td><\/tr><tr><td>45.30.00<\/td><td>Montageplatte B (2 St\u00fcck)<\/td><\/tr><tr><td>45.31.10<\/td><td>Acrylglasstreifen breit 30 cm<\/td><\/tr><tr><td>45.31.20<\/td><td>Acrylglasstreifen breit 27 cm<\/td><\/tr><tr><td>45.32.00<\/td><td>Acrylglasstreifen schmal (2 St\u00fcck)<\/td><\/tr><tr><td>45.33.00<\/td><td>Kunststoffstrebe (4 St\u00fcck)<\/td><\/tr><tr><td>45.34.00<\/td><td>Schn\u00fcreset in Dose<\/td><\/tr><tr><td>45.35.00<\/td><td>Sterngriffschraube<\/td><\/tr><tr><td>45.36.00<\/td><td>Schraubendrehen P5<\/td><\/tr><\/tbody><\/table><\/figure>\n<\/div><\/div>\n\n\n\n<div class=\"wp-block-advgb-tab advgb-tab-body-container\"><div class=\"advgb-tab-body-header advgb-tab-class- \" id=\"advgb-tab-panel-_bf82dc-18-2\" role=\"tabpanel\" aria-labelledby=\"advgb-tab-_bf82dc-18-2\" tabindex=\"0\"><span>Experimente<\/span><\/div><div class=\"advgb-tab-_bf82dc-18 advgb-tab-body\" aria-labelledby=\"advgb-tab-panel-_bf82dc-18-2\" style=\"display:none\">\n<p><\/p>\n\n\n\n<figure class=\"wp-block-table table-product-experiments\"><table><tbody><tr><td>G5-1<\/td><td>Wie kann man Kr\u00e4fte messen?<\/td><\/tr><tr><td>G5-2<\/td><td>Welchen Vorteil hat eine Rampe?\u00a0<\/td><\/tr><tr><td>G5-3<\/td><td>Welchen Vorteil haben Rollen?\u00a0<\/td><\/tr><tr><td>G5-4<\/td><td>Welchen Vorteil haben R\u00e4der?\u00a0<\/td><\/tr><tr><td>G5-5<\/td><td>Wie kann ein Kind seinen Vater hochheben?\u00a0<\/td><\/tr><tr><td>G5-6<\/td><td>Warum wirkt meine Kraft am Schraubenschl\u00fcssel so gut?\u00a0<\/td><\/tr><tr><td>G5-7<\/td><td>Wie wird Antriebskraft an die passende Stelle gebracht?<\/td><\/tr><tr><td>G5-8<\/td><td>Welches Rad dreht sich schneller?\u00a0<\/td><\/tr><tr><td>G5-9<\/td><td>Warum hat das Fahrrad keinen Antriebsriemen?\u00a0<\/td><\/tr><tr><td>G5-10<\/td><td>Welchen Vorteil hat ein Zahnradgetriebe?\u00a0<\/td><\/tr><tr><td>G5-11<\/td><td>Wie kann man die Richtung einer Drehbewegung umlenken?\u00a0<\/td><\/tr><tr><td>G5-12<\/td><td>Warum tr\u00e4gt ein Balken besser als ein Brett?\u00a0<\/td><\/tr><tr><td>G5-13<\/td><td>Welchen Vorteil hat eine Pfeilerbr\u00fccke?\u00a0<\/td><\/tr><tr><td>G5-14<\/td><td>Welchen Vorteil hat eine Bogenbr\u00fccke?\u00a0<\/td><\/tr><tr><td>G5-15<\/td><td>Welchen Vorteil hat eine H\u00e4ngebr\u00fccke?\u00a0<\/td><\/tr><tr><td>G5-16<\/td><td>Kann die H\u00e4ngebr\u00fccke auch anders aussehen?\u00a0<\/td><\/tr><\/tbody><\/table><\/figure>\n<\/div><\/div>\n\n\n\n<div class=\"wp-block-advgb-tab advgb-tab-body-container\"><div class=\"advgb-tab-body-header advgb-tab-class-undefined \" id=\"advgb-tab-panel-_bf82dc-18-3\" role=\"tabpanel\" aria-labelledby=\"advgb-tab-_bf82dc-18-3\" tabindex=\"0\"><span>Bilder<\/span><\/div><div class=\"advgb-tab-_bf82dc-18 advgb-tab-body\" aria-labelledby=\"advgb-tab-panel-_bf82dc-18-3\" style=\"display:none\"><div class=\"wp-block-image\">\n<figure class=\"aligncenter size-large is-resized\"><img loading=\"lazy\" decoding=\"async\" width=\"687\" height=\"618\" src=\"https:\/\/mekruphy.com\/de\/wp-content\/uploads\/2021\/03\/MK_1.png\" alt=\"Maschine mit Zahnr\u00e4dern\" class=\"wp-image-3268\" style=\"width:510px;height:458px\" srcset=\"https:\/\/mekruphy.com\/de\/wp-content\/uploads\/2021\/03\/MK_1.png 687w, https:\/\/mekruphy.com\/de\/wp-content\/uploads\/2021\/03\/MK_1-300x270.png 300w\" sizes=\"auto, (max-width: 687px) 100vw, 687px\" \/><\/figure>\n<\/div>\n\n\n<p>&nbsp;<\/p>\n\n\n<div class=\"wp-block-image\">\n<figure class=\"aligncenter size-large is-resized\"><img loading=\"lazy\" decoding=\"async\" width=\"615\" height=\"636\" src=\"https:\/\/mekruphy.com\/de\/wp-content\/uploads\/2021\/03\/MK_2.png\" alt=\"Konstruktion der Mechanik\" class=\"wp-image-3269\" style=\"width:510px;height:527px\" srcset=\"https:\/\/mekruphy.com\/de\/wp-content\/uploads\/2021\/03\/MK_2.png 615w, https:\/\/mekruphy.com\/de\/wp-content\/uploads\/2021\/03\/MK_2-290x300.png 290w\" sizes=\"auto, (max-width: 615px) 100vw, 615px\" \/><\/figure>\n<\/div>\n\n\n<p>&nbsp;<\/p>\n\n\n<div class=\"wp-block-image\">\n<figure class=\"aligncenter size-large is-resized\"><img loading=\"lazy\" decoding=\"async\" width=\"673\" height=\"599\" src=\"https:\/\/mekruphy.com\/de\/wp-content\/uploads\/2021\/03\/MK_3.png\" alt=\"Br\u00fcckenkonstruktion\" class=\"wp-image-3270\" style=\"width:510px;height:453px\" srcset=\"https:\/\/mekruphy.com\/de\/wp-content\/uploads\/2021\/03\/MK_3.png 673w, https:\/\/mekruphy.com\/de\/wp-content\/uploads\/2021\/03\/MK_3-300x267.png 300w\" sizes=\"auto, (max-width: 673px) 100vw, 673px\" \/><\/figure>\n<\/div><\/div><\/div>\n<\/div><\/div>\n\n\n\n<p><\/p>\n<style class=\"advgb-styles-renderer\">.advgb-tabs-6501c877-41a8-4627-9997-4d405bb1a661 ul.advgb-tabs-panel li.advgb-tab.advgb-tab-active {background-color:#5954d6 !important;color:#fff !important;}#advgb-tabs-6501c877-41a8-4627-9997-4d405bb1a661 .advgb-tab-body-header.header-active, .advgb-tabs-6501c877-41a8-4627-9997-4d405bb1a661 .advgb-tab-body-header.header-active{background-color:#5954d6 !important;color:#fff !important;}<\/style>","protected":false},"excerpt":{"rendered":"","protected":false},"author":3,"featured_media":1736,"parent":622,"menu_order":0,"comment_status":"closed","ping_status":"closed","template":"templates\/product.php","meta":{"_acf_changed":false,"_coblocks_attr":"","_coblocks_dimensions":"","_coblocks_responsive_height":"","_coblocks_accordion_ie_support":"","_eb_attr":"","advgb_blocks_editor_width":"","advgb_blocks_columns_visual_guide":"","footnotes":""},"class_list":["post-508","page","type-page","status-publish","has-post-thumbnail","hentry"],"acf":[],"yoast_head":"<!-- This site is optimized with the Yoast SEO plugin v27.3 - https:\/\/yoast.com\/product\/yoast-seo-wordpress\/ -->\n<title>Experimentiersatz GRUNDSCHULE 5 (Maschinen und Konstruktionen) - MEKRUPHY GmbH<\/title>\n<meta name=\"description\" content=\"Mit diesem Experimentierkasten lernen die Sch\u00fcler_innen spielerisch mehr \u00fcber die Goldene Regel der Mechanik, \u00fcber Drehbewegungen u.v.m.\" \/>\n<meta name=\"robots\" content=\"index, follow, max-snippet:-1, max-image-preview:large, max-video-preview:-1\" \/>\n<link rel=\"canonical\" href=\"https:\/\/mekruphy.com\/de\/produkte\/grundschule\/experimentiersatz-grundschule-5-maschinen-und-konstruktionen\/\" \/>\n<meta property=\"og:locale\" content=\"de_DE\" \/>\n<meta property=\"og:type\" content=\"article\" \/>\n<meta property=\"og:title\" content=\"Experimentiersatz GRUNDSCHULE 5 (Maschinen und Konstruktionen) - MEKRUPHY GmbH\" \/>\n<meta property=\"og:description\" content=\"Mit diesem Experimentierkasten lernen die Sch\u00fcler_innen spielerisch mehr \u00fcber die Goldene Regel der Mechanik, \u00fcber Drehbewegungen u.v.m.\" \/>\n<meta property=\"og:url\" content=\"https:\/\/mekruphy.com\/de\/produkte\/grundschule\/experimentiersatz-grundschule-5-maschinen-und-konstruktionen\/\" \/>\n<meta property=\"og:site_name\" content=\"MEKRUPHY GmbH\" \/>\n<meta property=\"article:modified_time\" content=\"2026-03-31T13:16:43+00:00\" \/>\n<meta property=\"og:image\" content=\"https:\/\/mekruphy.com\/de\/wp-content\/uploads\/2020\/07\/Kasten-Grundschule-5-Maschinen-Kontruktionen.jpg\" \/>\n\t<meta property=\"og:image:width\" content=\"1800\" \/>\n\t<meta property=\"og:image:height\" content=\"1379\" \/>\n\t<meta property=\"og:image:type\" content=\"image\/jpeg\" \/>\n<meta name=\"twitter:card\" content=\"summary_large_image\" \/>\n<meta name=\"twitter:label1\" content=\"Gesch\u00e4tzte Lesezeit\" \/>\n\t<meta name=\"twitter:data1\" content=\"4\u00a0Minuten\" \/>\n<script type=\"application\/ld+json\" class=\"yoast-schema-graph\">{\"@context\":\"https:\\\/\\\/schema.org\",\"@graph\":[{\"@type\":\"WebPage\",\"@id\":\"https:\\\/\\\/mekruphy.com\\\/de\\\/produkte\\\/grundschule\\\/experimentiersatz-grundschule-5-maschinen-und-konstruktionen\\\/\",\"url\":\"https:\\\/\\\/mekruphy.com\\\/de\\\/produkte\\\/grundschule\\\/experimentiersatz-grundschule-5-maschinen-und-konstruktionen\\\/\",\"name\":\"Experimentiersatz GRUNDSCHULE 5 (Maschinen und Konstruktionen) - MEKRUPHY GmbH\",\"isPartOf\":{\"@id\":\"https:\\\/\\\/mekruphy.com\\\/de\\\/#website\"},\"primaryImageOfPage\":{\"@id\":\"https:\\\/\\\/mekruphy.com\\\/de\\\/produkte\\\/grundschule\\\/experimentiersatz-grundschule-5-maschinen-und-konstruktionen\\\/#primaryimage\"},\"image\":{\"@id\":\"https:\\\/\\\/mekruphy.com\\\/de\\\/produkte\\\/grundschule\\\/experimentiersatz-grundschule-5-maschinen-und-konstruktionen\\\/#primaryimage\"},\"thumbnailUrl\":\"https:\\\/\\\/mekruphy.com\\\/de\\\/wp-content\\\/uploads\\\/2020\\\/07\\\/Kasten-Grundschule-5-Maschinen-Kontruktionen.jpg\",\"datePublished\":\"2020-07-15T11:00:17+00:00\",\"dateModified\":\"2026-03-31T13:16:43+00:00\",\"description\":\"Mit diesem Experimentierkasten lernen die Sch\u00fcler_innen spielerisch mehr \u00fcber die Goldene Regel der Mechanik, \u00fcber Drehbewegungen u.v.m.\",\"breadcrumb\":{\"@id\":\"https:\\\/\\\/mekruphy.com\\\/de\\\/produkte\\\/grundschule\\\/experimentiersatz-grundschule-5-maschinen-und-konstruktionen\\\/#breadcrumb\"},\"inLanguage\":\"de\",\"potentialAction\":[{\"@type\":\"ReadAction\",\"target\":[\"https:\\\/\\\/mekruphy.com\\\/de\\\/produkte\\\/grundschule\\\/experimentiersatz-grundschule-5-maschinen-und-konstruktionen\\\/\"]}]},{\"@type\":\"ImageObject\",\"inLanguage\":\"de\",\"@id\":\"https:\\\/\\\/mekruphy.com\\\/de\\\/produkte\\\/grundschule\\\/experimentiersatz-grundschule-5-maschinen-und-konstruktionen\\\/#primaryimage\",\"url\":\"https:\\\/\\\/mekruphy.com\\\/de\\\/wp-content\\\/uploads\\\/2020\\\/07\\\/Kasten-Grundschule-5-Maschinen-Kontruktionen.jpg\",\"contentUrl\":\"https:\\\/\\\/mekruphy.com\\\/de\\\/wp-content\\\/uploads\\\/2020\\\/07\\\/Kasten-Grundschule-5-Maschinen-Kontruktionen.jpg\",\"width\":1800,\"height\":1379},{\"@type\":\"BreadcrumbList\",\"@id\":\"https:\\\/\\\/mekruphy.com\\\/de\\\/produkte\\\/grundschule\\\/experimentiersatz-grundschule-5-maschinen-und-konstruktionen\\\/#breadcrumb\",\"itemListElement\":[{\"@type\":\"ListItem\",\"position\":1,\"name\":\"Startseite\",\"item\":\"https:\\\/\\\/mekruphy.com\\\/de\\\/\"},{\"@type\":\"ListItem\",\"position\":2,\"name\":\"Produkte\",\"item\":\"https:\\\/\\\/mekruphy.com\\\/de\\\/produkte\\\/\"},{\"@type\":\"ListItem\",\"position\":3,\"name\":\"Grundschule\",\"item\":\"https:\\\/\\\/mekruphy.com\\\/de\\\/produkte\\\/grundschule\\\/\"},{\"@type\":\"ListItem\",\"position\":4,\"name\":\"Experimentiersatz GRUNDSCHULE 5 (Maschinen und Konstruktionen)\"}]},{\"@type\":\"WebSite\",\"@id\":\"https:\\\/\\\/mekruphy.com\\\/de\\\/#website\",\"url\":\"https:\\\/\\\/mekruphy.com\\\/de\\\/\",\"name\":\"MEKRUPHY GmbH\",\"description\":\"Sch\u00fcler-Experimentierk\u00e4sten f\u00fcr den MINT-Unterricht\",\"potentialAction\":[{\"@type\":\"SearchAction\",\"target\":{\"@type\":\"EntryPoint\",\"urlTemplate\":\"https:\\\/\\\/mekruphy.com\\\/de\\\/?s={search_term_string}\"},\"query-input\":{\"@type\":\"PropertyValueSpecification\",\"valueRequired\":true,\"valueName\":\"search_term_string\"}}],\"inLanguage\":\"de\"}]}<\/script>\n<!-- \/ Yoast SEO plugin. -->","yoast_head_json":{"title":"Experimentiersatz GRUNDSCHULE 5 (Maschinen und Konstruktionen) - MEKRUPHY GmbH","description":"Mit diesem Experimentierkasten lernen die Sch\u00fcler_innen spielerisch mehr \u00fcber die Goldene Regel der Mechanik, \u00fcber Drehbewegungen u.v.m.","robots":{"index":"index","follow":"follow","max-snippet":"max-snippet:-1","max-image-preview":"max-image-preview:large","max-video-preview":"max-video-preview:-1"},"canonical":"https:\/\/mekruphy.com\/de\/produkte\/grundschule\/experimentiersatz-grundschule-5-maschinen-und-konstruktionen\/","og_locale":"de_DE","og_type":"article","og_title":"Experimentiersatz GRUNDSCHULE 5 (Maschinen und Konstruktionen) - MEKRUPHY GmbH","og_description":"Mit diesem Experimentierkasten lernen die Sch\u00fcler_innen spielerisch mehr \u00fcber die Goldene Regel der Mechanik, \u00fcber Drehbewegungen u.v.m.","og_url":"https:\/\/mekruphy.com\/de\/produkte\/grundschule\/experimentiersatz-grundschule-5-maschinen-und-konstruktionen\/","og_site_name":"MEKRUPHY GmbH","article_modified_time":"2026-03-31T13:16:43+00:00","og_image":[{"width":1800,"height":1379,"url":"https:\/\/mekruphy.com\/de\/wp-content\/uploads\/2020\/07\/Kasten-Grundschule-5-Maschinen-Kontruktionen.jpg","type":"image\/jpeg"}],"twitter_card":"summary_large_image","twitter_misc":{"Gesch\u00e4tzte Lesezeit":"4\u00a0Minuten"},"schema":{"@context":"https:\/\/schema.org","@graph":[{"@type":"WebPage","@id":"https:\/\/mekruphy.com\/de\/produkte\/grundschule\/experimentiersatz-grundschule-5-maschinen-und-konstruktionen\/","url":"https:\/\/mekruphy.com\/de\/produkte\/grundschule\/experimentiersatz-grundschule-5-maschinen-und-konstruktionen\/","name":"Experimentiersatz GRUNDSCHULE 5 (Maschinen und Konstruktionen) - MEKRUPHY GmbH","isPartOf":{"@id":"https:\/\/mekruphy.com\/de\/#website"},"primaryImageOfPage":{"@id":"https:\/\/mekruphy.com\/de\/produkte\/grundschule\/experimentiersatz-grundschule-5-maschinen-und-konstruktionen\/#primaryimage"},"image":{"@id":"https:\/\/mekruphy.com\/de\/produkte\/grundschule\/experimentiersatz-grundschule-5-maschinen-und-konstruktionen\/#primaryimage"},"thumbnailUrl":"https:\/\/mekruphy.com\/de\/wp-content\/uploads\/2020\/07\/Kasten-Grundschule-5-Maschinen-Kontruktionen.jpg","datePublished":"2020-07-15T11:00:17+00:00","dateModified":"2026-03-31T13:16:43+00:00","description":"Mit diesem Experimentierkasten lernen die Sch\u00fcler_innen spielerisch mehr \u00fcber die Goldene Regel der Mechanik, \u00fcber Drehbewegungen u.v.m.","breadcrumb":{"@id":"https:\/\/mekruphy.com\/de\/produkte\/grundschule\/experimentiersatz-grundschule-5-maschinen-und-konstruktionen\/#breadcrumb"},"inLanguage":"de","potentialAction":[{"@type":"ReadAction","target":["https:\/\/mekruphy.com\/de\/produkte\/grundschule\/experimentiersatz-grundschule-5-maschinen-und-konstruktionen\/"]}]},{"@type":"ImageObject","inLanguage":"de","@id":"https:\/\/mekruphy.com\/de\/produkte\/grundschule\/experimentiersatz-grundschule-5-maschinen-und-konstruktionen\/#primaryimage","url":"https:\/\/mekruphy.com\/de\/wp-content\/uploads\/2020\/07\/Kasten-Grundschule-5-Maschinen-Kontruktionen.jpg","contentUrl":"https:\/\/mekruphy.com\/de\/wp-content\/uploads\/2020\/07\/Kasten-Grundschule-5-Maschinen-Kontruktionen.jpg","width":1800,"height":1379},{"@type":"BreadcrumbList","@id":"https:\/\/mekruphy.com\/de\/produkte\/grundschule\/experimentiersatz-grundschule-5-maschinen-und-konstruktionen\/#breadcrumb","itemListElement":[{"@type":"ListItem","position":1,"name":"Startseite","item":"https:\/\/mekruphy.com\/de\/"},{"@type":"ListItem","position":2,"name":"Produkte","item":"https:\/\/mekruphy.com\/de\/produkte\/"},{"@type":"ListItem","position":3,"name":"Grundschule","item":"https:\/\/mekruphy.com\/de\/produkte\/grundschule\/"},{"@type":"ListItem","position":4,"name":"Experimentiersatz GRUNDSCHULE 5 (Maschinen und Konstruktionen)"}]},{"@type":"WebSite","@id":"https:\/\/mekruphy.com\/de\/#website","url":"https:\/\/mekruphy.com\/de\/","name":"MEKRUPHY GmbH","description":"Sch\u00fcler-Experimentierk\u00e4sten f\u00fcr den MINT-Unterricht","potentialAction":[{"@type":"SearchAction","target":{"@type":"EntryPoint","urlTemplate":"https:\/\/mekruphy.com\/de\/?s={search_term_string}"},"query-input":{"@type":"PropertyValueSpecification","valueRequired":true,"valueName":"search_term_string"}}],"inLanguage":"de"}]}},"coauthors":[],"author_meta":{"author_link":"https:\/\/mekruphy.com\/de\/author\/steps-sync\/","display_name":"Steps Sync"},"relative_dates":{"created":"Ver\u00f6ffentlicht 6\u00a0Jahren vor","modified":"Aktualisiert 2\u00a0Wochen vor"},"absolute_dates":{"created":"Ver\u00f6ffentlicht am 15. Juli 2020","modified":"Aktualisiert am 31. M\u00e4rz 2026"},"absolute_dates_time":{"created":"Ver\u00f6ffentlicht am 15. Juli 2020 13:00","modified":"Aktualisiert am 31. M\u00e4rz 2026 15:16"},"featured_img_caption":"","featured_img":"https:\/\/mekruphy.com\/de\/wp-content\/uploads\/2020\/07\/Kasten-Grundschule-5-Maschinen-Kontruktionen.jpg","series_order":"","_links":{"self":[{"href":"https:\/\/mekruphy.com\/de\/wp-json\/wp\/v2\/pages\/508","targetHints":{"allow":["GET"]}}],"collection":[{"href":"https:\/\/mekruphy.com\/de\/wp-json\/wp\/v2\/pages"}],"about":[{"href":"https:\/\/mekruphy.com\/de\/wp-json\/wp\/v2\/types\/page"}],"author":[{"embeddable":true,"href":"https:\/\/mekruphy.com\/de\/wp-json\/wp\/v2\/users\/3"}],"replies":[{"embeddable":true,"href":"https:\/\/mekruphy.com\/de\/wp-json\/wp\/v2\/comments?post=508"}],"version-history":[{"count":17,"href":"https:\/\/mekruphy.com\/de\/wp-json\/wp\/v2\/pages\/508\/revisions"}],"predecessor-version":[{"id":9358,"href":"https:\/\/mekruphy.com\/de\/wp-json\/wp\/v2\/pages\/508\/revisions\/9358"}],"up":[{"embeddable":true,"href":"https:\/\/mekruphy.com\/de\/wp-json\/wp\/v2\/pages\/622"}],"wp:featuredmedia":[{"embeddable":true,"href":"https:\/\/mekruphy.com\/de\/wp-json\/wp\/v2\/media\/1736"}],"wp:attachment":[{"href":"https:\/\/mekruphy.com\/de\/wp-json\/wp\/v2\/media?parent=508"}],"curies":[{"name":"wp","href":"https:\/\/api.w.org\/{rel}","templated":true}]}}