{"id":512,"date":"2020-07-15T13:00:30","date_gmt":"2020-07-15T11:00:30","guid":{"rendered":"https:\/\/mekruphy.com\/de\/experimentiersatz-grundschule-6-wasser-und-luft\/"},"modified":"2026-03-31T15:23:24","modified_gmt":"2026-03-31T13:23:24","slug":"experimentiersatz-grundschule-6-wasser-und-luft","status":"publish","type":"page","link":"https:\/\/mekruphy.com\/de\/produkte\/grundschule\/experimentiersatz-grundschule-6-wasser-und-luft\/","title":{"rendered":"Experimentiersatz GRUNDSCHULE 6 (Wasser und Luft)"},"content":{"rendered":"<div class=\"yoast-breadcrumbs breadcrumbs-indented\"><span><span><a href=\"https:\/\/mekruphy.com\/de\/\">Startseite<\/a><\/span> \u00bb <span><a href=\"https:\/\/mekruphy.com\/de\/produkte\/\">Produkte<\/a><\/span> \u00bb <span><a href=\"https:\/\/mekruphy.com\/de\/produkte\/grundschule\/\">Grundschule<\/a><\/span> \u00bb <span class=\"breadcrumb_last\" aria-current=\"page\">Experimentiersatz GRUNDSCHULE 6 (Wasser und Luft)<\/span><\/span><\/div>\n\n\n<div class=\"wp-block-advgb-adv-tabs advgb-tabs-wrapper advgb-tab-horz-desktop advgb-tab-vert-tablet advgb-tab-stack-mobile advgb-tabs-6c0e59d3-20f4-41c4-b3a8-a4fbd10cbbf1\" data-tab-active=\"0\"><ul class=\"advgb-tabs-panel\" role=\"tablist\"><li class=\"advgb-tab advgb-tab-active\" role=\"presentation\" style=\"background-color:#e0e0e0;border-style:solid;border-width:1px;border-radius:10px\"><button class=\"advgb-tab-button\" id=\"advgb-tab-_0e59d3-20-0\" aria-controls=\"advgb-tab-panel-_0e59d3-20-0\" role=\"tab\" aria-selected=\"true\" tabindex=\"0\" style=\"color:#fff;background:none;border:none;width:100%;text-align:inherit;cursor:pointer;padding:8px 16px;font:inherit\"><span>Beschreibung<\/span><\/button><\/li><li class=\"advgb-tab \" role=\"presentation\" style=\"background-color:#e0e0e0;border-style:solid;border-width:1px;border-radius:10px\"><button class=\"advgb-tab-button\" id=\"advgb-tab-_0e59d3-20-1\" aria-controls=\"advgb-tab-panel-_0e59d3-20-1\" role=\"tab\" aria-selected=\"false\" tabindex=\"0\" style=\"color:#fff;background:none;border:none;width:100%;text-align:inherit;cursor:pointer;padding:8px 16px;font:inherit\"><span>Lieferumfang<\/span><\/button><\/li><li class=\"advgb-tab \" role=\"presentation\" style=\"background-color:#e0e0e0;border-style:solid;border-width:1px;border-radius:10px\"><button class=\"advgb-tab-button\" id=\"advgb-tab-_0e59d3-20-2\" aria-controls=\"advgb-tab-panel-_0e59d3-20-2\" role=\"tab\" aria-selected=\"false\" tabindex=\"0\" style=\"color:#fff;background:none;border:none;width:100%;text-align:inherit;cursor:pointer;padding:8px 16px;font:inherit\"><span>Experimente<\/span><\/button><\/li><li class=\"advgb-tab \" role=\"presentation\" style=\"background-color:#e0e0e0;border-style:solid;border-width:1px;border-radius:10px\"><button class=\"advgb-tab-button\" id=\"advgb-tab-_0e59d3-20-3\" aria-controls=\"advgb-tab-panel-_0e59d3-20-3\" role=\"tab\" aria-selected=\"false\" tabindex=\"0\" style=\"color:#fff;background:none;border:none;width:100%;text-align:inherit;cursor:pointer;padding:8px 16px;font:inherit\"><span>Bilder<\/span><\/button><\/li><\/ul><div class=\"advgb-tab-body-wrapper\" style=\"border-style:solid;border-width:1px;border-radius:10px\">\n<div class=\"wp-block-advgb-tab advgb-tab-body-container\"><div class=\"advgb-tab-body-header advgb-tab-class- header-active\" id=\"advgb-tab-panel-_60bed6-67-0\" role=\"tabpanel\" aria-labelledby=\"advgb-tab-_60bed6-67-0\" tabindex=\"0\"><span>Beschreibung<\/span><\/div><div class=\"advgb-tab-_60bed6-67 advgb-tab-body\" aria-labelledby=\"advgb-tab-panel-_60bed6-67-0\" style=\"display:block\">\n<h2 class=\"wp-block-heading\"><strong>Wasser<\/strong><\/h2>\n\n\n\n<p>Wasser kennt jedes Kind, doch es steckt voller Geheimnisse. Jedoch lassen sich diese mit dem Expe\u00adrimentiersatz WASSER und LUFT auf spannende Weise erkunden. Wie bringt man eine Kugel aus Knetmasse zum Schwimmen? Wie funktioniert der <a href=\"https:\/\/wiki.bildungsserver.de\/klimawandel\/index.php\/Wasserkreislauf\" target=\"_blank\" rel=\"noreferrer noopener\">Was\u00adserkreislauf<\/a>, und wie kommt das Wasser in unsere H\u00e4user? Warum haben Wassertropfen eine so seltsame Form? Das sind nur einige Fragen, denen die jungen Forscher mit gro\u00dfer Begeisterung auf den Grund gehen.<\/p>\n\n\n\n<h2 class=\"wp-block-heading\"><strong>Luft<\/strong><\/h2>\n\n\n\n<p>Luft ist ein faszinierender Stoff: Man sieht sie nicht, und doch ist sie da. Dies kann man mit diesem Ger\u00e4tesatz in vielen spannenden Experimen\u00adten erfahren. Luft l\u00e4sst sich f\u00fchlbar und sogar h\u00f6rbar machen. Wenn sie bewegt wird, kann sie antreiben und bremsen. In weiteren Experimenten erfahren die Kinder, wie Luft tragen und vor K\u00e4lte und St\u00f6\u00dfen sch\u00fctzen kann. Au\u00dferdem lassen sie sich von den Wirkungen des Luftdrucks beeindrucken.<\/p>\n\n\n\n<h3 class=\"wp-block-heading\">Trockener Arbeitsplatz<\/h3>\n\n\n\n<p>Durch das Einschrauben einer Stativstange in den Kastenboden verwandelt sich der 11 cm hohe Aufbewahrungskasten in eine wasser\u00addichte Wanne. So wird selbst bei Wasser-Expe\u00adrimenten wie etwa zum Springbrunnen nur das Innere des Kastens nass. Anschlie\u00dfend l\u00e4sst sich dieser leicht auslee\u00adren und mit Papierhandt\u00fcchern trocken wi\u00adschen.<\/p>\n\n\n\n<h3 class=\"wp-block-heading\" id=\"h-handreichung\">Handreichung<\/h3>\n\n\n\n<p>Passend zum Experimentiersatz GRUNDSCHULE 6 (Wasser und Luft) gibt es ein eigenes <a href=\"https:\/\/mekruphy.com\/de\/produkte\/grundschule\/grundschule-handreichungen\/\">Heft<\/a> mit detaillierten Informationen zu den einzelnen Experi\u00admenten, didaktischen Hinweisen und L\u00f6sungsvorschl\u00e4gen.<\/p>\n\n\n\n<h3 class=\"wp-block-heading\">F\u00f6rderm\u00f6glichkeit<\/h3>\n\n\n\n<p>F\u00fcr diesen Experimentiersatz k\u00f6nnen deutsche Schulen und deutsche Auslandsschulen eine F\u00f6rderung beim\u00a0<a href=\"https:\/\/www.vci.de\/fonds\/schulpartnerschaft\/unterrichtsfoerderung\/seiten.jsp\" target=\"_blank\" rel=\"noreferrer noopener\">Fonds der chemischen Industrie<\/a>\u00a0beantragen.<\/p>\n<\/div><\/div>\n\n\n\n<div class=\"wp-block-advgb-tab advgb-tab-body-container\"><div class=\"advgb-tab-body-header advgb-tab-class- \" id=\"advgb-tab-panel-_60bed6-67-1\" role=\"tabpanel\" aria-labelledby=\"advgb-tab-_60bed6-67-1\" tabindex=\"0\"><span>Lieferumfang<\/span><\/div><div class=\"advgb-tab-_60bed6-67 advgb-tab-body\" aria-labelledby=\"advgb-tab-panel-_60bed6-67-1\" style=\"display:none\">\n<figure class=\"wp-block-table table-product-contents\"><table><tbody><tr><td>01.01.10<\/td><td>Aufbewahrungskasten&nbsp;<\/td><\/tr><tr><td>46.02.00<\/td><td>Ger\u00e4tegeformter Einsatz P6&nbsp;<\/td><\/tr><tr><td>13.03.00<\/td><td>PVC-Platte&nbsp;<\/td><\/tr><tr><td>46.03.00<\/td><td>Zweiwegehahn mit Adapter&nbsp;<\/td><\/tr><tr><td>01.04.00<\/td><td>Kunststoffbecher 250 ml (2 St\u00fcck)&nbsp;<\/td><\/tr><tr><td>41.07.20<\/td><td>Plattenhalter mit Gewinde&nbsp;<\/td><\/tr><tr><td>61.07.00<\/td><td>Str\u00f6mungsanzeiger&nbsp;<\/td><\/tr><tr><td>46.08.00<\/td><td>Dose mit 4 Kugeln&nbsp;<\/td><\/tr><tr><td>63.08.00<\/td><td>Reagenzglas Kunststoff 100 mm (2 St\u00fcck)&nbsp;<\/td><\/tr><tr><td>46.10.00<\/td><td>Knetmasse in Dose P6&nbsp;<\/td><\/tr><tr><td>46.09.00<\/td><td>Reagenzglas Kunststoff 152 mm (2 St\u00fcck)&nbsp;<\/td><\/tr><tr><td>46.11.00<\/td><td>Messwagen P6&nbsp;<\/td><\/tr><tr><td>41.11.10<\/td><td>R\u00e4ndelschraube schwarz P1&nbsp;<\/td><\/tr><tr><td>44.11.30<\/td><td>Schlauchverbinder&nbsp;<\/td><\/tr><tr><td>61.12.00<\/td><td>Kunststoffspritze 20 ml&nbsp;<\/td><\/tr><tr><td>05.13.00<\/td><td>Stift mit Gewinde&nbsp;<\/td><\/tr><tr><td>51.13.00<\/td><td>Silikonschlauch \u00d8 7 x 250 mm (2 St\u00fcck)&nbsp;<\/td><\/tr><tr><td>43.14.00<\/td><td>Kunststofftrichter P3&nbsp;<\/td><\/tr><tr><td>61.16.00<\/td><td>Stahlbandpl\u00e4ttchen&nbsp;<\/td><\/tr><tr><td>01.18.00<\/td><td>Stativstange 29 cm&nbsp;<\/td><\/tr><tr><td>20.18.00<\/td><td>Pipette mit H\u00fctchen&nbsp;<\/td><\/tr><tr><td>24.18.10<\/td><td>Paar Petrischalen \u00d8 60 mm&nbsp;<\/td><\/tr><tr><td>46.19.00<\/td><td>Dose f\u00fcr Adapter und Kleinteile&nbsp;<\/td><\/tr><tr><td>62.19.00<\/td><td>Luftpolsterkissen in Dose&nbsp;<\/td><\/tr><tr><td>35.21.00<\/td><td>Silikonschlauch \u00d8 7 x 50 mm&nbsp;<\/td><\/tr><tr><td>46.22.00<\/td><td>Silikonschlauch \u00d8 5 x 250 mm (2 St\u00fcck)&nbsp;<\/td><\/tr><\/tbody><\/table><\/figure>\n\n\n\n<p><\/p>\n<\/div><\/div>\n\n\n\n<div class=\"wp-block-advgb-tab advgb-tab-body-container\"><div class=\"advgb-tab-body-header advgb-tab-class- \" id=\"advgb-tab-panel-_60bed6-67-2\" role=\"tabpanel\" aria-labelledby=\"advgb-tab-_60bed6-67-2\" tabindex=\"0\"><span>Experimente<\/span><\/div><div class=\"advgb-tab-_60bed6-67 advgb-tab-body\" aria-labelledby=\"advgb-tab-panel-_60bed6-67-2\" style=\"display:none\">\n<p><\/p>\n\n\n\n<figure class=\"wp-block-table table-product-experiments\"><table><tbody><tr><td>G6-1<\/td><td>Welche Kugel schwimmt im Wasser?\u00a0<\/td><\/tr><tr><td>G6-2<\/td><td>Wer hilft der Knetmassekugel beim Schwimmen?\u00a0<\/td><\/tr><tr><td>G6-3<\/td><td>Wie kann ein Stahlschiff schwimmen?\u00a0<\/td><\/tr><tr><td>G6-4<\/td><td>Kann man sehen, ob das Wasser kalt oder hei\u00df ist?\u00a0<\/td><\/tr><tr><td>G6-5<\/td><td>Wer hat das Wasser gestohlen?\u00a0<\/td><\/tr><tr><td>G6-6<\/td><td>Ist der Wassertropfen kugelrund?\u00a0<\/td><\/tr><tr><td>G6-7<\/td><td>Wer tr\u00e4gt das Stahlpl\u00e4ttchen?\u00a0<\/td><\/tr><tr><td>G6-8<\/td><td>Wie kommt das Wasser aus dem Boden?\u00a0<\/td><\/tr><tr><td>G6-9<\/td><td>Wie kommt das Wasser in unser Haus?\u00a0<\/td><\/tr><tr><td>G6-10<\/td><td>Wie funktioniert die Wasseruhr?\u00a0<\/td><\/tr><tr><td>G6-11<\/td><td>Wie funktioniert ein Springbrunnen?\u00a0<\/td><\/tr><tr><td>G6-12<\/td><td>Warum wird das Taschentuch nicht nass?\u00a0<\/td><\/tr><tr><td>G6-13<\/td><td>Kann man die Luft h\u00f6ren?\u00a0<\/td><\/tr><tr><td>G6-14<\/td><td>Kann die Luft ein Fahrzeug antreiben?\u00a0<\/td><\/tr><tr><td>G6-15<\/td><td>Kann ruhende Luft auch bremsen?\u00a0<\/td><\/tr><tr><td>G6-16<\/td><td>Kann die Luft tragen?<\/td><\/tr><tr><td>G6-17<\/td><td>Kann die Luft sch\u00fctzen?\u00a0<\/td><\/tr><tr><td>G6-18<\/td><td>Warum l\u00e4uft das Wasser nicht heraus?\u00a0<\/td><\/tr><\/tbody><\/table><\/figure>\n<\/div><\/div>\n\n\n\n<div class=\"wp-block-advgb-tab advgb-tab-body-container\"><div class=\"advgb-tab-body-header advgb-tab-class-undefined \" id=\"advgb-tab-panel-_60bed6-67-3\" role=\"tabpanel\" aria-labelledby=\"advgb-tab-_60bed6-67-3\" tabindex=\"0\"><span>Bilder<\/span><\/div><div class=\"advgb-tab-_60bed6-67 advgb-tab-body\" aria-labelledby=\"advgb-tab-panel-_60bed6-67-3\" style=\"display:none\"><div class=\"wp-block-image\">\n<figure class=\"aligncenter size-large is-resized\"><img loading=\"lazy\" decoding=\"async\" width=\"764\" height=\"517\" src=\"https:\/\/mekruphy.com\/de\/wp-content\/uploads\/2021\/03\/WL_1.png\" alt=\"Sch\u00fclerexperiment mit Wasser\" class=\"wp-image-3274\" style=\"width:750px;height:508px\" srcset=\"https:\/\/mekruphy.com\/de\/wp-content\/uploads\/2021\/03\/WL_1.png 764w, https:\/\/mekruphy.com\/de\/wp-content\/uploads\/2021\/03\/WL_1-300x203.png 300w\" sizes=\"auto, (max-width: 764px) 100vw, 764px\" \/><\/figure>\n<\/div>\n\n\n<p>&nbsp;<\/p>\n\n\n<div class=\"wp-block-image\">\n<figure class=\"aligncenter size-large is-resized\"><img loading=\"lazy\" decoding=\"async\" width=\"619\" height=\"619\" src=\"https:\/\/mekruphy.com\/de\/wp-content\/uploads\/2021\/03\/WL_2.png\" alt=\"Sch\u00fclerexperiment zur Kraft des Wassers\" class=\"wp-image-3275\" style=\"width:510px;height:510px\" srcset=\"https:\/\/mekruphy.com\/de\/wp-content\/uploads\/2021\/03\/WL_2.png 619w, https:\/\/mekruphy.com\/de\/wp-content\/uploads\/2021\/03\/WL_2-300x300.png 300w, https:\/\/mekruphy.com\/de\/wp-content\/uploads\/2021\/03\/WL_2-150x150.png 150w\" sizes=\"auto, (max-width: 619px) 100vw, 619px\" \/><\/figure>\n<\/div>\n\n\n<p>&nbsp;<\/p>\n\n\n<div class=\"wp-block-image\">\n<figure class=\"aligncenter size-large is-resized\"><img loading=\"lazy\" decoding=\"async\" width=\"581\" height=\"581\" src=\"https:\/\/mekruphy.com\/de\/wp-content\/uploads\/2021\/03\/G6_1.png\" alt=\"Sch\u00fcler experimentieren mit Wasssertropfen\" class=\"wp-image-3295\" style=\"width:510px;height:510px\" srcset=\"https:\/\/mekruphy.com\/de\/wp-content\/uploads\/2021\/03\/G6_1.png 581w, https:\/\/mekruphy.com\/de\/wp-content\/uploads\/2021\/03\/G6_1-300x300.png 300w, https:\/\/mekruphy.com\/de\/wp-content\/uploads\/2021\/03\/G6_1-150x150.png 150w\" sizes=\"auto, (max-width: 581px) 100vw, 581px\" \/><\/figure>\n<\/div>\n\n\n<p>&nbsp;<\/p>\n\n\n<div class=\"wp-block-image\">\n<figure class=\"aligncenter size-large is-resized\"><img loading=\"lazy\" decoding=\"async\" width=\"679\" height=\"651\" src=\"https:\/\/mekruphy.com\/de\/wp-content\/uploads\/2021\/03\/WL_3.png\" alt=\"Sch\u00fclerexperiment zur Isolationswirkung von Luft\" class=\"wp-image-3276\" style=\"width:510px;height:489px\" srcset=\"https:\/\/mekruphy.com\/de\/wp-content\/uploads\/2021\/03\/WL_3.png 679w, https:\/\/mekruphy.com\/de\/wp-content\/uploads\/2021\/03\/WL_3-300x288.png 300w\" sizes=\"auto, (max-width: 679px) 100vw, 679px\" \/><\/figure>\n<\/div><\/div><\/div>\n<\/div><\/div>\n<style class=\"advgb-styles-renderer\">.advgb-tabs-6c0e59d3-20f4-41c4-b3a8-a4fbd10cbbf1 ul.advgb-tabs-panel li.advgb-tab.advgb-tab-active {background-color:#5954d6 !important;color:#fff !important;}#advgb-tabs-6c0e59d3-20f4-41c4-b3a8-a4fbd10cbbf1 .advgb-tab-body-header.header-active, .advgb-tabs-6c0e59d3-20f4-41c4-b3a8-a4fbd10cbbf1 .advgb-tab-body-header.header-active{background-color:#5954d6 !important;color:#fff !important;}<\/style>","protected":false},"excerpt":{"rendered":"","protected":false},"author":3,"featured_media":1739,"parent":622,"menu_order":0,"comment_status":"closed","ping_status":"closed","template":"templates\/product.php","meta":{"_acf_changed":false,"_coblocks_attr":"","_coblocks_dimensions":"","_coblocks_responsive_height":"","_coblocks_accordion_ie_support":"","_eb_attr":"","advgb_blocks_editor_width":"","advgb_blocks_columns_visual_guide":"","footnotes":""},"class_list":["post-512","page","type-page","status-publish","has-post-thumbnail","hentry"],"acf":[],"yoast_head":"<!-- This site is optimized with the Yoast SEO plugin v27.3 - https:\/\/yoast.com\/product\/yoast-seo-wordpress\/ -->\n<title>Experimentiersatz GRUNDSCHULE 6 (Wasser und Luft) - MEKRUPHY GmbH<\/title>\n<meta name=\"description\" content=\"Wie bringt man eine Knetkugel zum Schwimmen? Wie kann Luft tragen, vor K\u00e4lte und St\u00f6\u00dfen sch\u00fctzen? Dieser Kasten gibt Sch\u00fcler_innen Antworten.\" \/>\n<meta name=\"robots\" content=\"index, follow, max-snippet:-1, max-image-preview:large, max-video-preview:-1\" \/>\n<link rel=\"canonical\" href=\"https:\/\/mekruphy.com\/de\/produkte\/grundschule\/experimentiersatz-grundschule-6-wasser-und-luft\/\" \/>\n<meta property=\"og:locale\" content=\"de_DE\" \/>\n<meta property=\"og:type\" content=\"article\" \/>\n<meta property=\"og:title\" content=\"Experimentiersatz GRUNDSCHULE 6 (Wasser und Luft) - MEKRUPHY GmbH\" \/>\n<meta property=\"og:description\" content=\"Wie bringt man eine Knetkugel zum Schwimmen? Wie kann Luft tragen, vor K\u00e4lte und St\u00f6\u00dfen sch\u00fctzen? Dieser Kasten gibt Sch\u00fcler_innen Antworten.\" \/>\n<meta property=\"og:url\" content=\"https:\/\/mekruphy.com\/de\/produkte\/grundschule\/experimentiersatz-grundschule-6-wasser-und-luft\/\" \/>\n<meta property=\"og:site_name\" content=\"MEKRUPHY GmbH\" \/>\n<meta property=\"article:modified_time\" content=\"2026-03-31T13:23:24+00:00\" \/>\n<meta property=\"og:image\" content=\"https:\/\/mekruphy.com\/de\/wp-content\/uploads\/2020\/07\/Kasten-Grundschule-6-Luft-Wasser.jpg\" \/>\n\t<meta property=\"og:image:width\" content=\"1800\" \/>\n\t<meta property=\"og:image:height\" content=\"1393\" \/>\n\t<meta property=\"og:image:type\" content=\"image\/jpeg\" \/>\n<meta name=\"twitter:card\" content=\"summary_large_image\" \/>\n<meta name=\"twitter:label1\" content=\"Gesch\u00e4tzte Lesezeit\" \/>\n\t<meta name=\"twitter:data1\" content=\"6\u00a0Minuten\" \/>\n<script type=\"application\/ld+json\" class=\"yoast-schema-graph\">{\"@context\":\"https:\\\/\\\/schema.org\",\"@graph\":[{\"@type\":\"WebPage\",\"@id\":\"https:\\\/\\\/mekruphy.com\\\/de\\\/produkte\\\/grundschule\\\/experimentiersatz-grundschule-6-wasser-und-luft\\\/\",\"url\":\"https:\\\/\\\/mekruphy.com\\\/de\\\/produkte\\\/grundschule\\\/experimentiersatz-grundschule-6-wasser-und-luft\\\/\",\"name\":\"Experimentiersatz GRUNDSCHULE 6 (Wasser und Luft) - MEKRUPHY GmbH\",\"isPartOf\":{\"@id\":\"https:\\\/\\\/mekruphy.com\\\/de\\\/#website\"},\"primaryImageOfPage\":{\"@id\":\"https:\\\/\\\/mekruphy.com\\\/de\\\/produkte\\\/grundschule\\\/experimentiersatz-grundschule-6-wasser-und-luft\\\/#primaryimage\"},\"image\":{\"@id\":\"https:\\\/\\\/mekruphy.com\\\/de\\\/produkte\\\/grundschule\\\/experimentiersatz-grundschule-6-wasser-und-luft\\\/#primaryimage\"},\"thumbnailUrl\":\"https:\\\/\\\/mekruphy.com\\\/de\\\/wp-content\\\/uploads\\\/2020\\\/07\\\/Kasten-Grundschule-6-Luft-Wasser.jpg\",\"datePublished\":\"2020-07-15T11:00:30+00:00\",\"dateModified\":\"2026-03-31T13:23:24+00:00\",\"description\":\"Wie bringt man eine Knetkugel zum Schwimmen? Wie kann Luft tragen, vor K\u00e4lte und St\u00f6\u00dfen sch\u00fctzen? Dieser Kasten gibt Sch\u00fcler_innen Antworten.\",\"breadcrumb\":{\"@id\":\"https:\\\/\\\/mekruphy.com\\\/de\\\/produkte\\\/grundschule\\\/experimentiersatz-grundschule-6-wasser-und-luft\\\/#breadcrumb\"},\"inLanguage\":\"de\",\"potentialAction\":[{\"@type\":\"ReadAction\",\"target\":[\"https:\\\/\\\/mekruphy.com\\\/de\\\/produkte\\\/grundschule\\\/experimentiersatz-grundschule-6-wasser-und-luft\\\/\"]}]},{\"@type\":\"ImageObject\",\"inLanguage\":\"de\",\"@id\":\"https:\\\/\\\/mekruphy.com\\\/de\\\/produkte\\\/grundschule\\\/experimentiersatz-grundschule-6-wasser-und-luft\\\/#primaryimage\",\"url\":\"https:\\\/\\\/mekruphy.com\\\/de\\\/wp-content\\\/uploads\\\/2020\\\/07\\\/Kasten-Grundschule-6-Luft-Wasser.jpg\",\"contentUrl\":\"https:\\\/\\\/mekruphy.com\\\/de\\\/wp-content\\\/uploads\\\/2020\\\/07\\\/Kasten-Grundschule-6-Luft-Wasser.jpg\",\"width\":1800,\"height\":1393},{\"@type\":\"BreadcrumbList\",\"@id\":\"https:\\\/\\\/mekruphy.com\\\/de\\\/produkte\\\/grundschule\\\/experimentiersatz-grundschule-6-wasser-und-luft\\\/#breadcrumb\",\"itemListElement\":[{\"@type\":\"ListItem\",\"position\":1,\"name\":\"Startseite\",\"item\":\"https:\\\/\\\/mekruphy.com\\\/de\\\/\"},{\"@type\":\"ListItem\",\"position\":2,\"name\":\"Produkte\",\"item\":\"https:\\\/\\\/mekruphy.com\\\/de\\\/produkte\\\/\"},{\"@type\":\"ListItem\",\"position\":3,\"name\":\"Grundschule\",\"item\":\"https:\\\/\\\/mekruphy.com\\\/de\\\/produkte\\\/grundschule\\\/\"},{\"@type\":\"ListItem\",\"position\":4,\"name\":\"Experimentiersatz GRUNDSCHULE 6 (Wasser und Luft)\"}]},{\"@type\":\"WebSite\",\"@id\":\"https:\\\/\\\/mekruphy.com\\\/de\\\/#website\",\"url\":\"https:\\\/\\\/mekruphy.com\\\/de\\\/\",\"name\":\"MEKRUPHY GmbH\",\"description\":\"Sch\u00fcler-Experimentierk\u00e4sten f\u00fcr den MINT-Unterricht\",\"potentialAction\":[{\"@type\":\"SearchAction\",\"target\":{\"@type\":\"EntryPoint\",\"urlTemplate\":\"https:\\\/\\\/mekruphy.com\\\/de\\\/?s={search_term_string}\"},\"query-input\":{\"@type\":\"PropertyValueSpecification\",\"valueRequired\":true,\"valueName\":\"search_term_string\"}}],\"inLanguage\":\"de\"}]}<\/script>\n<!-- \/ Yoast SEO plugin. -->","yoast_head_json":{"title":"Experimentiersatz GRUNDSCHULE 6 (Wasser und Luft) - MEKRUPHY GmbH","description":"Wie bringt man eine Knetkugel zum Schwimmen? Wie kann Luft tragen, vor K\u00e4lte und St\u00f6\u00dfen sch\u00fctzen? Dieser Kasten gibt Sch\u00fcler_innen Antworten.","robots":{"index":"index","follow":"follow","max-snippet":"max-snippet:-1","max-image-preview":"max-image-preview:large","max-video-preview":"max-video-preview:-1"},"canonical":"https:\/\/mekruphy.com\/de\/produkte\/grundschule\/experimentiersatz-grundschule-6-wasser-und-luft\/","og_locale":"de_DE","og_type":"article","og_title":"Experimentiersatz GRUNDSCHULE 6 (Wasser und Luft) - MEKRUPHY GmbH","og_description":"Wie bringt man eine Knetkugel zum Schwimmen? Wie kann Luft tragen, vor K\u00e4lte und St\u00f6\u00dfen sch\u00fctzen? Dieser Kasten gibt Sch\u00fcler_innen Antworten.","og_url":"https:\/\/mekruphy.com\/de\/produkte\/grundschule\/experimentiersatz-grundschule-6-wasser-und-luft\/","og_site_name":"MEKRUPHY GmbH","article_modified_time":"2026-03-31T13:23:24+00:00","og_image":[{"width":1800,"height":1393,"url":"https:\/\/mekruphy.com\/de\/wp-content\/uploads\/2020\/07\/Kasten-Grundschule-6-Luft-Wasser.jpg","type":"image\/jpeg"}],"twitter_card":"summary_large_image","twitter_misc":{"Gesch\u00e4tzte Lesezeit":"6\u00a0Minuten"},"schema":{"@context":"https:\/\/schema.org","@graph":[{"@type":"WebPage","@id":"https:\/\/mekruphy.com\/de\/produkte\/grundschule\/experimentiersatz-grundschule-6-wasser-und-luft\/","url":"https:\/\/mekruphy.com\/de\/produkte\/grundschule\/experimentiersatz-grundschule-6-wasser-und-luft\/","name":"Experimentiersatz GRUNDSCHULE 6 (Wasser und Luft) - MEKRUPHY GmbH","isPartOf":{"@id":"https:\/\/mekruphy.com\/de\/#website"},"primaryImageOfPage":{"@id":"https:\/\/mekruphy.com\/de\/produkte\/grundschule\/experimentiersatz-grundschule-6-wasser-und-luft\/#primaryimage"},"image":{"@id":"https:\/\/mekruphy.com\/de\/produkte\/grundschule\/experimentiersatz-grundschule-6-wasser-und-luft\/#primaryimage"},"thumbnailUrl":"https:\/\/mekruphy.com\/de\/wp-content\/uploads\/2020\/07\/Kasten-Grundschule-6-Luft-Wasser.jpg","datePublished":"2020-07-15T11:00:30+00:00","dateModified":"2026-03-31T13:23:24+00:00","description":"Wie bringt man eine Knetkugel zum Schwimmen? Wie kann Luft tragen, vor K\u00e4lte und St\u00f6\u00dfen sch\u00fctzen? Dieser Kasten gibt Sch\u00fcler_innen Antworten.","breadcrumb":{"@id":"https:\/\/mekruphy.com\/de\/produkte\/grundschule\/experimentiersatz-grundschule-6-wasser-und-luft\/#breadcrumb"},"inLanguage":"de","potentialAction":[{"@type":"ReadAction","target":["https:\/\/mekruphy.com\/de\/produkte\/grundschule\/experimentiersatz-grundschule-6-wasser-und-luft\/"]}]},{"@type":"ImageObject","inLanguage":"de","@id":"https:\/\/mekruphy.com\/de\/produkte\/grundschule\/experimentiersatz-grundschule-6-wasser-und-luft\/#primaryimage","url":"https:\/\/mekruphy.com\/de\/wp-content\/uploads\/2020\/07\/Kasten-Grundschule-6-Luft-Wasser.jpg","contentUrl":"https:\/\/mekruphy.com\/de\/wp-content\/uploads\/2020\/07\/Kasten-Grundschule-6-Luft-Wasser.jpg","width":1800,"height":1393},{"@type":"BreadcrumbList","@id":"https:\/\/mekruphy.com\/de\/produkte\/grundschule\/experimentiersatz-grundschule-6-wasser-und-luft\/#breadcrumb","itemListElement":[{"@type":"ListItem","position":1,"name":"Startseite","item":"https:\/\/mekruphy.com\/de\/"},{"@type":"ListItem","position":2,"name":"Produkte","item":"https:\/\/mekruphy.com\/de\/produkte\/"},{"@type":"ListItem","position":3,"name":"Grundschule","item":"https:\/\/mekruphy.com\/de\/produkte\/grundschule\/"},{"@type":"ListItem","position":4,"name":"Experimentiersatz GRUNDSCHULE 6 (Wasser und Luft)"}]},{"@type":"WebSite","@id":"https:\/\/mekruphy.com\/de\/#website","url":"https:\/\/mekruphy.com\/de\/","name":"MEKRUPHY GmbH","description":"Sch\u00fcler-Experimentierk\u00e4sten f\u00fcr den MINT-Unterricht","potentialAction":[{"@type":"SearchAction","target":{"@type":"EntryPoint","urlTemplate":"https:\/\/mekruphy.com\/de\/?s={search_term_string}"},"query-input":{"@type":"PropertyValueSpecification","valueRequired":true,"valueName":"search_term_string"}}],"inLanguage":"de"}]}},"coauthors":[],"author_meta":{"author_link":"https:\/\/mekruphy.com\/de\/author\/steps-sync\/","display_name":"Steps Sync"},"relative_dates":{"created":"Ver\u00f6ffentlicht 6\u00a0Jahren vor","modified":"Aktualisiert 2\u00a0Wochen vor"},"absolute_dates":{"created":"Ver\u00f6ffentlicht am 15. Juli 2020","modified":"Aktualisiert am 31. M\u00e4rz 2026"},"absolute_dates_time":{"created":"Ver\u00f6ffentlicht am 15. Juli 2020 13:00","modified":"Aktualisiert am 31. M\u00e4rz 2026 15:23"},"featured_img_caption":"","featured_img":"https:\/\/mekruphy.com\/de\/wp-content\/uploads\/2020\/07\/Kasten-Grundschule-6-Luft-Wasser.jpg","series_order":"","_links":{"self":[{"href":"https:\/\/mekruphy.com\/de\/wp-json\/wp\/v2\/pages\/512","targetHints":{"allow":["GET"]}}],"collection":[{"href":"https:\/\/mekruphy.com\/de\/wp-json\/wp\/v2\/pages"}],"about":[{"href":"https:\/\/mekruphy.com\/de\/wp-json\/wp\/v2\/types\/page"}],"author":[{"embeddable":true,"href":"https:\/\/mekruphy.com\/de\/wp-json\/wp\/v2\/users\/3"}],"replies":[{"embeddable":true,"href":"https:\/\/mekruphy.com\/de\/wp-json\/wp\/v2\/comments?post=512"}],"version-history":[{"count":15,"href":"https:\/\/mekruphy.com\/de\/wp-json\/wp\/v2\/pages\/512\/revisions"}],"predecessor-version":[{"id":9363,"href":"https:\/\/mekruphy.com\/de\/wp-json\/wp\/v2\/pages\/512\/revisions\/9363"}],"up":[{"embeddable":true,"href":"https:\/\/mekruphy.com\/de\/wp-json\/wp\/v2\/pages\/622"}],"wp:featuredmedia":[{"embeddable":true,"href":"https:\/\/mekruphy.com\/de\/wp-json\/wp\/v2\/media\/1739"}],"wp:attachment":[{"href":"https:\/\/mekruphy.com\/de\/wp-json\/wp\/v2\/media?parent=512"}],"curies":[{"name":"wp","href":"https:\/\/api.w.org\/{rel}","templated":true}]}}