{"id":516,"date":"2020-07-15T13:00:44","date_gmt":"2020-07-15T11:00:44","guid":{"rendered":"https:\/\/mekruphy.com\/de\/experimentiersatz-kindergarten-1-wasser\/"},"modified":"2026-03-30T17:06:06","modified_gmt":"2026-03-30T15:06:06","slug":"experimentiersatz-kindergarten-1-wasser","status":"publish","type":"page","link":"https:\/\/mekruphy.com\/de\/produkte\/kindergarten\/experimentiersatz-kindergarten-1-wasser\/","title":{"rendered":"Experimentiersatz KINDERGARTEN 1 (Wasser)"},"content":{"rendered":"<div class=\"yoast-breadcrumbs breadcrumbs-indented\"><span><span><a href=\"https:\/\/mekruphy.com\/de\/\">Startseite<\/a><\/span> \u00bb <span><a href=\"https:\/\/mekruphy.com\/de\/produkte\/\">Produkte<\/a><\/span> \u00bb <span><a href=\"https:\/\/mekruphy.com\/de\/produkte\/kindergarten\/\">Kindergarten<\/a><\/span> \u00bb <span class=\"breadcrumb_last\" aria-current=\"page\">Experimentiersatz KINDERGARTEN 1 (Wasser)<\/span><\/span><\/div>\n\n\n<div class=\"wp-block-advgb-adv-tabs advgb-tabs-wrapper advgb-tab-horz-desktop advgb-tab-vert-tablet advgb-tab-stack-mobile advgb-tabs-125e53f9-28e0-4d4b-a86c-9205b5b728c7\" data-tab-active=\"0\"><ul class=\"advgb-tabs-panel\" role=\"tablist\"><li class=\"advgb-tab advgb-tab-active\" role=\"presentation\" style=\"background-color:#e0e0e0;border-style:solid;border-width:1px;border-radius:10px\"><button class=\"advgb-tab-button\" id=\"advgb-tab-_bf82dc-18-0\" aria-controls=\"advgb-tab-panel-_bf82dc-18-0\" role=\"tab\" aria-selected=\"true\" tabindex=\"0\" style=\"color:#fff;background:none;border:none;width:100%;text-align:inherit;cursor:pointer;padding:8px 16px;font:inherit\"><span>Beschreibung<\/span><\/button><\/li><li class=\"advgb-tab \" role=\"presentation\" style=\"background-color:#e0e0e0;border-style:solid;border-width:1px;border-radius:10px\"><button class=\"advgb-tab-button\" id=\"advgb-tab-_bf82dc-18-1\" aria-controls=\"advgb-tab-panel-_bf82dc-18-1\" role=\"tab\" aria-selected=\"false\" tabindex=\"0\" style=\"color:#fff;background:none;border:none;width:100%;text-align:inherit;cursor:pointer;padding:8px 16px;font:inherit\"><span>Lieferumfang<\/span><\/button><\/li><li class=\"advgb-tab \" role=\"presentation\" style=\"background-color:#e0e0e0;border-style:solid;border-width:1px;border-radius:10px\"><button class=\"advgb-tab-button\" id=\"advgb-tab-_bf82dc-18-2\" aria-controls=\"advgb-tab-panel-_bf82dc-18-2\" role=\"tab\" aria-selected=\"false\" tabindex=\"0\" style=\"color:#fff;background:none;border:none;width:100%;text-align:inherit;cursor:pointer;padding:8px 16px;font:inherit\"><span>Experimente<\/span><\/button><\/li><li class=\"advgb-tab \" role=\"presentation\" style=\"background-color:#e0e0e0;border-style:solid;border-width:1px;border-radius:10px\"><button class=\"advgb-tab-button\" id=\"advgb-tab-_bf82dc-18-3\" aria-controls=\"advgb-tab-panel-_bf82dc-18-3\" role=\"tab\" aria-selected=\"false\" tabindex=\"0\" style=\"color:#fff;background:none;border:none;width:100%;text-align:inherit;cursor:pointer;padding:8px 16px;font:inherit\"><span>Bilder<\/span><\/button><\/li><\/ul><div class=\"advgb-tab-body-wrapper\" style=\"border-style:solid;border-width:1px;border-radius:10px\">\n<div class=\"wp-block-advgb-tab advgb-tab-body-container\"><div class=\"advgb-tab-body-header advgb-tab-class- \" id=\"advgb-tab-panel-_bf82dc-18-0\" role=\"tabpanel\" aria-labelledby=\"advgb-tab-_bf82dc-18-0\" tabindex=\"0\"><span>Beschreibung<\/span><\/div><div class=\"advgb-tab-_bf82dc-18 advgb-tab-body\" aria-labelledby=\"advgb-tab-panel-_bf82dc-18-0\" style=\"display:none\">\n<h2 class=\"wp-block-heading\">Freude am Experimentieren<\/h2>\n\n\n\n<p>Wasser kennt jedes Kind, doch es steckt voller Geheimnisse. Diese lassen sich mit dem Experimentiersatz Kindergarten 1&nbsp;auf spannende&nbsp;Weise erkunden:&nbsp;<\/p>\n\n\n\n<ul class=\"wp-block-list\"><li>Wie bringt man eine Kugel aus Knetmasse zum Schwimmen?&nbsp;<\/li><li>Wie kommt ein Auto ohne Br\u00fccke \u00fcber einen Fluss?&nbsp;&nbsp;<\/li><li>Warum bilden sich beim Erw\u00e4rmen des Wassers Blasen?&nbsp;&nbsp;<\/li><li>Warum haben Wassertropfen eine so seltsame Form?&nbsp;&nbsp;<\/li><\/ul>\n\n\n\n<p>Das sind nur einige Fragen, denen die jungen Forscher mit gro\u00dfer Begeisterung auf den Grund gehen k\u00f6nnen.&nbsp;<\/p>\n\n\n\n<h2 class=\"wp-block-heading\">Trockener Arbeitsplatz\u00a0<\/h2>\n\n\n\n<p>Mit wenigen Handgriffen verwandelt sich der hohe Aufbewahrungskasten in eine wasserdichte Wanne. Durch das Einschrauben von Stativstangen in seinen Boden wird selbst beim Experiment zum Springbrunnen nur das Innere des Kastens nass. Dieser l\u00e4sst sich hinterher leicht ausleeren und mit Papierhandt\u00fcchern&nbsp;trocken wischen.&nbsp;<\/p>\n\n\n\n<h3 class=\"wp-block-heading\" id=\"h-handreichung\">Handreichung<\/h3>\n\n\n\n<p>Passend zum Experimentiersatz KINDERGARTEN 1 gibt es ein eigenes <a href=\"https:\/\/mekruphy.com\/de\/produkte\/kindergarten\/kindergarten-handreichungen\/\">Heft<\/a> mit detaillierten Informationen zu den einzelnen Experi\u00admenten, didaktischen Hinweisen und L\u00f6sungsvorschl\u00e4gen.<\/p>\n<\/div><\/div>\n\n\n\n<div class=\"wp-block-advgb-tab advgb-tab-body-container\"><div class=\"advgb-tab-body-header advgb-tab-class- \" id=\"advgb-tab-panel-_bf82dc-18-1\" role=\"tabpanel\" aria-labelledby=\"advgb-tab-_bf82dc-18-1\" tabindex=\"0\"><span>Lieferumfang<\/span><\/div><div class=\"advgb-tab-_bf82dc-18 advgb-tab-body\" aria-labelledby=\"advgb-tab-panel-_bf82dc-18-1\" style=\"display:none\">\n<figure class=\"wp-block-table table-product-contents\"><table><tbody><tr><td>01.01.20<\/td><td>Aufbewahrungskasten<\/td><\/tr><tr><td>61.02.00<\/td><td>Ger\u00e4tegeformter Einsatz K1<\/td><\/tr><tr><td>61.03.00<\/td><td>Zweiwegehahn<\/td><\/tr><tr><td>61.04.00<\/td><td>Rundholz \u00c6 15 mm (12 St\u00fcck)<\/td><\/tr><tr><td>61.05.00<\/td><td>Rundholz \u00c6 4 mm (8 St\u00fcck)<\/td><\/tr><tr><td>43.06.00<\/td><td>Kunststoffbecher 100 ml (4 St\u00fcck)<\/td><\/tr><tr><td>61.07.00<\/td><td>Str\u00f6mungsanzeiger<\/td><\/tr><tr><td>61.08.00<\/td><td>Dose mit 7 Kugeln<\/td><\/tr><tr><td>46.10.00<\/td><td>Knetmasse in Dose<\/td><\/tr><tr><td>31.11.00<\/td><td>Chemikalienl\u00f6ffel (4 St\u00fcck)<\/td><\/tr><tr><td>44.11.30<\/td><td>Schlauchverbinder<\/td><\/tr><tr><td>61.12.00<\/td><td>Kunststoffspritze 20 ml<\/td><\/tr><tr><td>05.13.00<\/td><td>Stift mit Gewinde<\/td><\/tr><tr><td>43.14.00<\/td><td>Kunststofftrichter P3<\/td><\/tr><tr><td>51.14.20<\/td><td>Adapter<\/td><\/tr><tr><td>61.15.00<\/td><td>Modellauto K1 (4 St\u00fcck)<\/td><\/tr><tr><td>61.16.00<\/td><td>Stahlbandpl\u00e4ttchen (4 St\u00fcck)<\/td><\/tr><tr><td>61.17.00<\/td><td>Stativstange K1 (4 St\u00fcck)<\/td><\/tr><tr><td>20.18.00<\/td><td>Pipette mit H\u00fctchen<\/td><\/tr><tr><td>24.18.10<\/td><td>Paar Petrischalen \u00d8 60 mm (2 St\u00fcck)<\/td><\/tr><tr><td>61.19.00<\/td><td>Dose f\u00fcr Kleinteile<\/td><\/tr><tr><td>35.20.00<\/td><td>Silikonschlauch \u00d8 7 x 290 mm (2 St\u00fcck)<\/td><\/tr><tr><td>35.21.00<\/td><td>Silikonschlauch \u00d8 7 x 50 mm (4 St\u00fcck)<\/td><\/tr><tr><td>61.22.00<\/td><td>Silikonschlauch \u00d8 5 x 290 mm (4 St\u00fcck)<\/td><\/tr><\/tbody><\/table><\/figure>\n\n\n\n<h3 class=\"wp-block-heading\" id=\"zusatzlich-erforderlich\">Zus\u00e4tzlich&nbsp;erforderlich:<\/h3>\n\n\n\n<p>F\u00fcr das Experiment K1-3 wird eine Waage ben\u00f6tigt.&nbsp;<\/p>\n<\/div><\/div>\n\n\n\n<div class=\"wp-block-advgb-tab advgb-tab-body-container\"><div class=\"advgb-tab-body-header advgb-tab-class- header-active\" id=\"advgb-tab-panel-_bf82dc-18-2\" role=\"tabpanel\" aria-labelledby=\"advgb-tab-_bf82dc-18-2\" tabindex=\"0\"><span>Experimente<\/span><\/div><div class=\"advgb-tab-_bf82dc-18 advgb-tab-body\" aria-labelledby=\"advgb-tab-panel-_bf82dc-18-2\" style=\"display:block\">\n<p><\/p>\n\n\n\n<figure class=\"wp-block-table table-product-experiments\"><table><tbody><tr><td>K1-1<\/td><td>Kann man das Wasser h\u00f6ren?\u00a0<\/td><\/tr><tr><td>K1-2<\/td><td>Welche Kugel schwimmt im Wasser?\u00a0<\/td><\/tr><tr><td>K1-3<\/td><td>Wer hilft den Knetmassekugeln beim Schwimmen?\u00a0<\/td><\/tr><tr><td>K1-4<\/td><td>Wie kann ein Stahlschiff schwimmen?\u00a0<\/td><\/tr><tr><td>K1-5<\/td><td>Wie kann ein Auto schwimmen?\u00a0<\/td><\/tr><tr><td>K1-6<\/td><td>Kann man sehen, ob das Wasser kalt oder hei\u00df ist?\u00a0<\/td><\/tr><tr><td>K1-7<\/td><td>Was macht das Wasser, wenn es ihm zu kalt wird?\u00a0<\/td><\/tr><tr><td>K1-8<\/td><td>Kann Eis schwimmen?\u00a0<\/td><\/tr><tr><td>K1-9<\/td><td>Was macht das Wasser, wenn es ihm zu hei\u00df wird?\u00a0<\/td><\/tr><tr><td>K1-10<\/td><td>Wer hat das Wasser gestohlen?\u00a0<\/td><\/tr><tr><td>K1-11<\/td><td>Wie kommt das Wasser wieder zur\u00fcck?\u00a0<\/td><\/tr><tr><td>K1-12<\/td><td>Warum hat der Wassertropfen eine so komische Form?\u00a0<\/td><\/tr><tr><td>K1-13<\/td><td>Wer tr\u00e4gt das Stahlpl\u00e4ttchen?\u00a0<\/td><\/tr><tr><td>K1-14<\/td><td>Wie kommt das Wasser aus dem Boden?\u00a0<\/td><\/tr><tr><td>K1-15<\/td><td>Wie kommt das Wasser in unser Haus?\u00a0<\/td><\/tr><tr><td>K1-16<\/td><td>Wie funktioniert die Wasseruhr?\u00a0<\/td><\/tr><tr><td>K1-17<\/td><td>Wir bauen einen Springbrunnen\u00a0<\/td><\/tr><tr><td>K1-18<\/td><td>Wie bekommt man das Salz aus dem Wasser?\u00a0<\/td><\/tr><\/tbody><\/table><\/figure>\n<\/div><\/div>\n\n\n\n<div class=\"wp-block-advgb-tab advgb-tab-body-container\"><div class=\"advgb-tab-body-header advgb-tab-class-undefined \" id=\"advgb-tab-panel-_bf82dc-18-3\" role=\"tabpanel\" aria-labelledby=\"advgb-tab-_bf82dc-18-3\" tabindex=\"0\"><span>Bilder<\/span><\/div><div class=\"advgb-tab-_bf82dc-18 advgb-tab-body\" aria-labelledby=\"advgb-tab-panel-_bf82dc-18-3\" style=\"display:none\"><div class=\"wp-block-image\">\n<figure class=\"aligncenter size-large is-resized advgb-dyn-ab4e9d24\"><img loading=\"lazy\" decoding=\"async\" width=\"515\" height=\"517\" src=\"https:\/\/mekruphy.com\/de\/wp-content\/uploads\/2021\/03\/K1_1.png\" alt=\"Kind experimentiert mit einem Holzflo\u00df\" class=\"wp-image-3319\" style=\"width:510px;height:512px\" srcset=\"https:\/\/mekruphy.com\/de\/wp-content\/uploads\/2021\/03\/K1_1.png 515w, https:\/\/mekruphy.com\/de\/wp-content\/uploads\/2021\/03\/K1_1-300x300.png 300w, https:\/\/mekruphy.com\/de\/wp-content\/uploads\/2021\/03\/K1_1-150x150.png 150w\" sizes=\"auto, (max-width: 515px) 100vw, 515px\" \/><\/figure>\n<\/div>\n\n\n<p>&nbsp;<\/p>\n\n\n<div class=\"wp-block-image\">\n<figure class=\"aligncenter size-large is-resized advgb-dyn-b10e86bb\"><img loading=\"lazy\" decoding=\"async\" width=\"563\" height=\"470\" src=\"https:\/\/mekruphy.com\/de\/wp-content\/uploads\/2021\/03\/K1_2.png\" alt=\"Experiment zur Auftriebskraft von Wasser\" class=\"wp-image-3320\" style=\"width:510px;height:426px\" srcset=\"https:\/\/mekruphy.com\/de\/wp-content\/uploads\/2021\/03\/K1_2.png 563w, https:\/\/mekruphy.com\/de\/wp-content\/uploads\/2021\/03\/K1_2-300x250.png 300w\" sizes=\"auto, (max-width: 563px) 100vw, 563px\" \/><\/figure>\n<\/div>\n\n\n<p>&nbsp;<\/p>\n\n\n<div class=\"wp-block-image\">\n<figure class=\"aligncenter size-large is-resized advgb-dyn-f0e7a3d1\"><img loading=\"lazy\" decoding=\"async\" width=\"586\" height=\"566\" src=\"https:\/\/mekruphy.com\/de\/wp-content\/uploads\/2021\/03\/K1_3.png\" alt=\"Kindergartenkinder lassen Flo\u00dfe im Wasser schwimmen\" class=\"wp-image-3321\" style=\"width:510px;height:493px\" srcset=\"https:\/\/mekruphy.com\/de\/wp-content\/uploads\/2021\/03\/K1_3.png 586w, https:\/\/mekruphy.com\/de\/wp-content\/uploads\/2021\/03\/K1_3-300x290.png 300w\" sizes=\"auto, (max-width: 586px) 100vw, 586px\" \/><\/figure>\n<\/div><\/div><\/div>\n<\/div><\/div>\n<style class=\"advgb-styles-renderer\">.advgb-tabs-125e53f9-28e0-4d4b-a86c-9205b5b728c7 ul.advgb-tabs-panel li.advgb-tab.advgb-tab-active {background-color:#5954d6 !important;color:#fff !important;}#advgb-tabs-125e53f9-28e0-4d4b-a86c-9205b5b728c7 .advgb-tab-body-header.header-active, .advgb-tabs-125e53f9-28e0-4d4b-a86c-9205b5b728c7 .advgb-tab-body-header.header-active{background-color:#5954d6 !important;color:#fff !important;}<\/style>","protected":false},"excerpt":{"rendered":"","protected":false},"author":3,"featured_media":1685,"parent":640,"menu_order":0,"comment_status":"closed","ping_status":"closed","template":"templates\/product.php","meta":{"_acf_changed":false,"_coblocks_attr":"","_coblocks_dimensions":"","_coblocks_responsive_height":"","_coblocks_accordion_ie_support":"","_eb_attr":"","advgb_blocks_editor_width":"","advgb_blocks_columns_visual_guide":"","footnotes":""},"class_list":["post-516","page","type-page","status-publish","has-post-thumbnail","hentry"],"acf":[],"yoast_head":"<!-- This site is optimized with the Yoast SEO plugin v27.3 - https:\/\/yoast.com\/product\/yoast-seo-wordpress\/ -->\n<title>Experimentiersatz KINDERGARTEN 1 (Wasser) - MEKRUPHY GmbH<\/title>\n<meta name=\"description\" content=\"Wasser kennt jedes Kind, doch es steckt voller Geheimnisse, die man mit dem Kasten KINDERGARTEN 1 auf spannende Weise erkunden kann.\" \/>\n<meta name=\"robots\" content=\"index, follow, max-snippet:-1, max-image-preview:large, max-video-preview:-1\" \/>\n<link rel=\"canonical\" href=\"https:\/\/mekruphy.com\/de\/produkte\/kindergarten\/experimentiersatz-kindergarten-1-wasser\/\" \/>\n<meta property=\"og:locale\" content=\"de_DE\" \/>\n<meta property=\"og:type\" content=\"article\" \/>\n<meta property=\"og:title\" content=\"Experimentiersatz KINDERGARTEN 1 (Wasser) - MEKRUPHY GmbH\" \/>\n<meta property=\"og:description\" content=\"Wasser kennt jedes Kind, doch es steckt voller Geheimnisse, die man mit dem Kasten KINDERGARTEN 1 auf spannende Weise erkunden kann.\" \/>\n<meta property=\"og:url\" content=\"https:\/\/mekruphy.com\/de\/produkte\/kindergarten\/experimentiersatz-kindergarten-1-wasser\/\" \/>\n<meta property=\"og:site_name\" content=\"MEKRUPHY GmbH\" \/>\n<meta property=\"article:modified_time\" content=\"2026-03-30T15:06:06+00:00\" \/>\n<meta property=\"og:image\" content=\"https:\/\/mekruphy.com\/de\/wp-content\/uploads\/2020\/07\/KINDERGARTEN-1.jpg\" \/>\n\t<meta property=\"og:image:width\" content=\"1800\" \/>\n\t<meta property=\"og:image:height\" content=\"1392\" \/>\n\t<meta property=\"og:image:type\" content=\"image\/jpeg\" \/>\n<meta name=\"twitter:card\" content=\"summary_large_image\" \/>\n<meta name=\"twitter:label1\" content=\"Gesch\u00e4tzte Lesezeit\" \/>\n\t<meta name=\"twitter:data1\" content=\"4\u00a0Minuten\" \/>\n<script type=\"application\/ld+json\" class=\"yoast-schema-graph\">{\"@context\":\"https:\\\/\\\/schema.org\",\"@graph\":[{\"@type\":\"WebPage\",\"@id\":\"https:\\\/\\\/mekruphy.com\\\/de\\\/produkte\\\/kindergarten\\\/experimentiersatz-kindergarten-1-wasser\\\/\",\"url\":\"https:\\\/\\\/mekruphy.com\\\/de\\\/produkte\\\/kindergarten\\\/experimentiersatz-kindergarten-1-wasser\\\/\",\"name\":\"Experimentiersatz KINDERGARTEN 1 (Wasser) - MEKRUPHY GmbH\",\"isPartOf\":{\"@id\":\"https:\\\/\\\/mekruphy.com\\\/de\\\/#website\"},\"primaryImageOfPage\":{\"@id\":\"https:\\\/\\\/mekruphy.com\\\/de\\\/produkte\\\/kindergarten\\\/experimentiersatz-kindergarten-1-wasser\\\/#primaryimage\"},\"image\":{\"@id\":\"https:\\\/\\\/mekruphy.com\\\/de\\\/produkte\\\/kindergarten\\\/experimentiersatz-kindergarten-1-wasser\\\/#primaryimage\"},\"thumbnailUrl\":\"https:\\\/\\\/mekruphy.com\\\/de\\\/wp-content\\\/uploads\\\/2020\\\/07\\\/KINDERGARTEN-1.jpg\",\"datePublished\":\"2020-07-15T11:00:44+00:00\",\"dateModified\":\"2026-03-30T15:06:06+00:00\",\"description\":\"Wasser kennt jedes Kind, doch es steckt voller Geheimnisse, die man mit dem Kasten KINDERGARTEN 1 auf spannende Weise erkunden kann.\",\"breadcrumb\":{\"@id\":\"https:\\\/\\\/mekruphy.com\\\/de\\\/produkte\\\/kindergarten\\\/experimentiersatz-kindergarten-1-wasser\\\/#breadcrumb\"},\"inLanguage\":\"de\",\"potentialAction\":[{\"@type\":\"ReadAction\",\"target\":[\"https:\\\/\\\/mekruphy.com\\\/de\\\/produkte\\\/kindergarten\\\/experimentiersatz-kindergarten-1-wasser\\\/\"]}]},{\"@type\":\"ImageObject\",\"inLanguage\":\"de\",\"@id\":\"https:\\\/\\\/mekruphy.com\\\/de\\\/produkte\\\/kindergarten\\\/experimentiersatz-kindergarten-1-wasser\\\/#primaryimage\",\"url\":\"https:\\\/\\\/mekruphy.com\\\/de\\\/wp-content\\\/uploads\\\/2020\\\/07\\\/KINDERGARTEN-1.jpg\",\"contentUrl\":\"https:\\\/\\\/mekruphy.com\\\/de\\\/wp-content\\\/uploads\\\/2020\\\/07\\\/KINDERGARTEN-1.jpg\",\"width\":1800,\"height\":1392},{\"@type\":\"BreadcrumbList\",\"@id\":\"https:\\\/\\\/mekruphy.com\\\/de\\\/produkte\\\/kindergarten\\\/experimentiersatz-kindergarten-1-wasser\\\/#breadcrumb\",\"itemListElement\":[{\"@type\":\"ListItem\",\"position\":1,\"name\":\"Startseite\",\"item\":\"https:\\\/\\\/mekruphy.com\\\/de\\\/\"},{\"@type\":\"ListItem\",\"position\":2,\"name\":\"Produkte\",\"item\":\"https:\\\/\\\/mekruphy.com\\\/de\\\/produkte\\\/\"},{\"@type\":\"ListItem\",\"position\":3,\"name\":\"Kindergarten\",\"item\":\"https:\\\/\\\/mekruphy.com\\\/de\\\/produkte\\\/kindergarten\\\/\"},{\"@type\":\"ListItem\",\"position\":4,\"name\":\"Experimentiersatz KINDERGARTEN 1 (Wasser)\"}]},{\"@type\":\"WebSite\",\"@id\":\"https:\\\/\\\/mekruphy.com\\\/de\\\/#website\",\"url\":\"https:\\\/\\\/mekruphy.com\\\/de\\\/\",\"name\":\"MEKRUPHY GmbH\",\"description\":\"Sch\u00fcler-Experimentierk\u00e4sten f\u00fcr den MINT-Unterricht\",\"potentialAction\":[{\"@type\":\"SearchAction\",\"target\":{\"@type\":\"EntryPoint\",\"urlTemplate\":\"https:\\\/\\\/mekruphy.com\\\/de\\\/?s={search_term_string}\"},\"query-input\":{\"@type\":\"PropertyValueSpecification\",\"valueRequired\":true,\"valueName\":\"search_term_string\"}}],\"inLanguage\":\"de\"}]}<\/script>\n<!-- \/ Yoast SEO plugin. -->","yoast_head_json":{"title":"Experimentiersatz KINDERGARTEN 1 (Wasser) - MEKRUPHY GmbH","description":"Wasser kennt jedes Kind, doch es steckt voller Geheimnisse, die man mit dem Kasten KINDERGARTEN 1 auf spannende Weise erkunden kann.","robots":{"index":"index","follow":"follow","max-snippet":"max-snippet:-1","max-image-preview":"max-image-preview:large","max-video-preview":"max-video-preview:-1"},"canonical":"https:\/\/mekruphy.com\/de\/produkte\/kindergarten\/experimentiersatz-kindergarten-1-wasser\/","og_locale":"de_DE","og_type":"article","og_title":"Experimentiersatz KINDERGARTEN 1 (Wasser) - MEKRUPHY GmbH","og_description":"Wasser kennt jedes Kind, doch es steckt voller Geheimnisse, die man mit dem Kasten KINDERGARTEN 1 auf spannende Weise erkunden kann.","og_url":"https:\/\/mekruphy.com\/de\/produkte\/kindergarten\/experimentiersatz-kindergarten-1-wasser\/","og_site_name":"MEKRUPHY GmbH","article_modified_time":"2026-03-30T15:06:06+00:00","og_image":[{"width":1800,"height":1392,"url":"https:\/\/mekruphy.com\/de\/wp-content\/uploads\/2020\/07\/KINDERGARTEN-1.jpg","type":"image\/jpeg"}],"twitter_card":"summary_large_image","twitter_misc":{"Gesch\u00e4tzte Lesezeit":"4\u00a0Minuten"},"schema":{"@context":"https:\/\/schema.org","@graph":[{"@type":"WebPage","@id":"https:\/\/mekruphy.com\/de\/produkte\/kindergarten\/experimentiersatz-kindergarten-1-wasser\/","url":"https:\/\/mekruphy.com\/de\/produkte\/kindergarten\/experimentiersatz-kindergarten-1-wasser\/","name":"Experimentiersatz KINDERGARTEN 1 (Wasser) - MEKRUPHY GmbH","isPartOf":{"@id":"https:\/\/mekruphy.com\/de\/#website"},"primaryImageOfPage":{"@id":"https:\/\/mekruphy.com\/de\/produkte\/kindergarten\/experimentiersatz-kindergarten-1-wasser\/#primaryimage"},"image":{"@id":"https:\/\/mekruphy.com\/de\/produkte\/kindergarten\/experimentiersatz-kindergarten-1-wasser\/#primaryimage"},"thumbnailUrl":"https:\/\/mekruphy.com\/de\/wp-content\/uploads\/2020\/07\/KINDERGARTEN-1.jpg","datePublished":"2020-07-15T11:00:44+00:00","dateModified":"2026-03-30T15:06:06+00:00","description":"Wasser kennt jedes Kind, doch es steckt voller Geheimnisse, die man mit dem Kasten KINDERGARTEN 1 auf spannende Weise erkunden kann.","breadcrumb":{"@id":"https:\/\/mekruphy.com\/de\/produkte\/kindergarten\/experimentiersatz-kindergarten-1-wasser\/#breadcrumb"},"inLanguage":"de","potentialAction":[{"@type":"ReadAction","target":["https:\/\/mekruphy.com\/de\/produkte\/kindergarten\/experimentiersatz-kindergarten-1-wasser\/"]}]},{"@type":"ImageObject","inLanguage":"de","@id":"https:\/\/mekruphy.com\/de\/produkte\/kindergarten\/experimentiersatz-kindergarten-1-wasser\/#primaryimage","url":"https:\/\/mekruphy.com\/de\/wp-content\/uploads\/2020\/07\/KINDERGARTEN-1.jpg","contentUrl":"https:\/\/mekruphy.com\/de\/wp-content\/uploads\/2020\/07\/KINDERGARTEN-1.jpg","width":1800,"height":1392},{"@type":"BreadcrumbList","@id":"https:\/\/mekruphy.com\/de\/produkte\/kindergarten\/experimentiersatz-kindergarten-1-wasser\/#breadcrumb","itemListElement":[{"@type":"ListItem","position":1,"name":"Startseite","item":"https:\/\/mekruphy.com\/de\/"},{"@type":"ListItem","position":2,"name":"Produkte","item":"https:\/\/mekruphy.com\/de\/produkte\/"},{"@type":"ListItem","position":3,"name":"Kindergarten","item":"https:\/\/mekruphy.com\/de\/produkte\/kindergarten\/"},{"@type":"ListItem","position":4,"name":"Experimentiersatz KINDERGARTEN 1 (Wasser)"}]},{"@type":"WebSite","@id":"https:\/\/mekruphy.com\/de\/#website","url":"https:\/\/mekruphy.com\/de\/","name":"MEKRUPHY GmbH","description":"Sch\u00fcler-Experimentierk\u00e4sten f\u00fcr den MINT-Unterricht","potentialAction":[{"@type":"SearchAction","target":{"@type":"EntryPoint","urlTemplate":"https:\/\/mekruphy.com\/de\/?s={search_term_string}"},"query-input":{"@type":"PropertyValueSpecification","valueRequired":true,"valueName":"search_term_string"}}],"inLanguage":"de"}]}},"coauthors":[],"author_meta":{"author_link":"https:\/\/mekruphy.com\/de\/author\/steps-sync\/","display_name":"Steps Sync"},"relative_dates":{"created":"Ver\u00f6ffentlicht 6\u00a0Jahren vor","modified":"Aktualisiert 2\u00a0Wochen vor"},"absolute_dates":{"created":"Ver\u00f6ffentlicht am 15. Juli 2020","modified":"Aktualisiert am 30. M\u00e4rz 2026"},"absolute_dates_time":{"created":"Ver\u00f6ffentlicht am 15. Juli 2020 13:00","modified":"Aktualisiert am 30. M\u00e4rz 2026 17:06"},"featured_img_caption":"","featured_img":"https:\/\/mekruphy.com\/de\/wp-content\/uploads\/2020\/07\/KINDERGARTEN-1.jpg","series_order":"","_links":{"self":[{"href":"https:\/\/mekruphy.com\/de\/wp-json\/wp\/v2\/pages\/516","targetHints":{"allow":["GET"]}}],"collection":[{"href":"https:\/\/mekruphy.com\/de\/wp-json\/wp\/v2\/pages"}],"about":[{"href":"https:\/\/mekruphy.com\/de\/wp-json\/wp\/v2\/types\/page"}],"author":[{"embeddable":true,"href":"https:\/\/mekruphy.com\/de\/wp-json\/wp\/v2\/users\/3"}],"replies":[{"embeddable":true,"href":"https:\/\/mekruphy.com\/de\/wp-json\/wp\/v2\/comments?post=516"}],"version-history":[{"count":18,"href":"https:\/\/mekruphy.com\/de\/wp-json\/wp\/v2\/pages\/516\/revisions"}],"predecessor-version":[{"id":9300,"href":"https:\/\/mekruphy.com\/de\/wp-json\/wp\/v2\/pages\/516\/revisions\/9300"}],"up":[{"embeddable":true,"href":"https:\/\/mekruphy.com\/de\/wp-json\/wp\/v2\/pages\/640"}],"wp:featuredmedia":[{"embeddable":true,"href":"https:\/\/mekruphy.com\/de\/wp-json\/wp\/v2\/media\/1685"}],"wp:attachment":[{"href":"https:\/\/mekruphy.com\/de\/wp-json\/wp\/v2\/media?parent=516"}],"curies":[{"name":"wp","href":"https:\/\/api.w.org\/{rel}","templated":true}]}}