{"id":520,"date":"2020-07-15T13:01:20","date_gmt":"2020-07-15T11:01:20","guid":{"rendered":"https:\/\/mekruphy.com\/de\/experimentiersatz-kindergarten-2-luft\/"},"modified":"2026-03-30T17:12:49","modified_gmt":"2026-03-30T15:12:49","slug":"experimentiersatz-kindergarten-2-luft","status":"publish","type":"page","link":"https:\/\/mekruphy.com\/de\/produkte\/kindergarten\/experimentiersatz-kindergarten-2-luft\/","title":{"rendered":"Experimentiersatz KINDERGARTEN 2 (Luft)"},"content":{"rendered":"<div class=\"yoast-breadcrumbs breadcrumbs-indented\"><span><span><a href=\"https:\/\/mekruphy.com\/de\/\">Startseite<\/a><\/span> \u00bb <span><a href=\"https:\/\/mekruphy.com\/de\/produkte\/\">Produkte<\/a><\/span> \u00bb <span><a href=\"https:\/\/mekruphy.com\/de\/produkte\/kindergarten\/\">Kindergarten<\/a><\/span> \u00bb <span class=\"breadcrumb_last\" aria-current=\"page\">Experimentiersatz KINDERGARTEN 2 (Luft)<\/span><\/span><\/div>\n\n\n<div class=\"wp-block-advgb-adv-tabs advgb-tabs-wrapper advgb-tab-horz-desktop advgb-tab-vert-tablet advgb-tab-stack-mobile advgb-tabs-3de99393-a327-4e86-a652-cd50cc65f63a\" data-tab-active=\"0\"><ul class=\"advgb-tabs-panel\" role=\"tablist\"><li class=\"advgb-tab advgb-tab-active\" role=\"presentation\" style=\"background-color:#e0e0e0;border-style:solid;border-width:1px;border-radius:10px\"><button class=\"advgb-tab-button\" id=\"advgb-tab-_e99393-a3-0\" aria-controls=\"advgb-tab-panel-_e99393-a3-0\" role=\"tab\" aria-selected=\"true\" tabindex=\"0\" style=\"color:#fff;background:none;border:none;width:100%;text-align:inherit;cursor:pointer;padding:8px 16px;font:inherit\"><span>Beschreibung<\/span><\/button><\/li><li class=\"advgb-tab \" role=\"presentation\" style=\"background-color:#e0e0e0;border-style:solid;border-width:1px;border-radius:10px\"><button class=\"advgb-tab-button\" id=\"advgb-tab-_e99393-a3-1\" aria-controls=\"advgb-tab-panel-_e99393-a3-1\" role=\"tab\" aria-selected=\"false\" tabindex=\"0\" style=\"color:#fff;background:none;border:none;width:100%;text-align:inherit;cursor:pointer;padding:8px 16px;font:inherit\"><span>Lieferumfang<\/span><\/button><\/li><li class=\"advgb-tab \" role=\"presentation\" style=\"background-color:#e0e0e0;border-style:solid;border-width:1px;border-radius:10px\"><button class=\"advgb-tab-button\" id=\"advgb-tab-_e99393-a3-2\" aria-controls=\"advgb-tab-panel-_e99393-a3-2\" role=\"tab\" aria-selected=\"false\" tabindex=\"0\" style=\"color:#fff;background:none;border:none;width:100%;text-align:inherit;cursor:pointer;padding:8px 16px;font:inherit\"><span>Experimente<\/span><\/button><\/li><li class=\"advgb-tab \" role=\"presentation\" style=\"background-color:#e0e0e0;border-style:solid;border-width:1px;border-radius:10px\"><button class=\"advgb-tab-button\" id=\"advgb-tab-_e99393-a3-3\" aria-controls=\"advgb-tab-panel-_e99393-a3-3\" role=\"tab\" aria-selected=\"false\" tabindex=\"0\" style=\"color:#fff;background:none;border:none;width:100%;text-align:inherit;cursor:pointer;padding:8px 16px;font:inherit\"><span>Bilder<\/span><\/button><\/li><\/ul><div class=\"advgb-tab-body-wrapper\" style=\"border-style:solid;border-width:1px;border-radius:10px\">\n<div class=\"wp-block-advgb-tab advgb-tab-body-container\"><div class=\"advgb-tab-body-header advgb-tab-class- header-active\" id=\"advgb-tab-panel-_bf82dc-18-0\" role=\"tabpanel\" aria-labelledby=\"advgb-tab-_bf82dc-18-0\" tabindex=\"0\"><span>Beschreibung<\/span><\/div><div class=\"advgb-tab-_bf82dc-18 advgb-tab-body\" aria-labelledby=\"advgb-tab-panel-_bf82dc-18-0\" style=\"display:block\">\n<h2 class=\"wp-block-heading\">Faszination Luft&nbsp;<\/h2>\n\n\n\n<p>Luft ist ein faszinierender Stoff: Man sieht sie nicht, und doch ist sie da, wie man mit diesem Ger\u00e4tesatz in vielen spannenden Experimenten erfahren kann. Luft l\u00e4sst sich f\u00fchlbar\u00a0und h\u00f6rbar machen. Wenn sie bewegt wird, kann sie antreiben\u00a0und bremsen. Mit einem Fallschirm, so finden die Kinder heraus, kann auch ruhende Luft zum Bremsen ben\u00fctzt werden.<\/p>\n\n\n\n<p>&nbsp;<\/p>\n\n\n\n<p>Sie beobachten die Wirkung str\u00f6mender Luft auf ein Windrad und einen Propeller. Verbindet man diesen mit einem kleinen Generator, so l\u00e4sst sich sogar elektrischer Strom erzeugen. In weiteren Experimenten erfahren die Kinder, wie Luft tragen und vor K\u00e4lte und St\u00f6\u00dfen sch\u00fctzen kann. Sie erkennen, warum man Luft in einen Reifen und einen Fu\u00dfball pumpen muss, und lassen sich zum Schluss von den Wirkungen des Luftdrucks beeindrucken.<\/p>\n\n\n\n<h3 class=\"wp-block-heading\" id=\"h-handreichung\">Handreichung<\/h3>\n\n\n\n<p>Passend zum Experimentiersatz KINDERGARTEN 2 gibt es ein eigenes <a href=\"https:\/\/mekruphy.com\/de\/produkte\/kindergarten\/kindergarten-handreichungen\/\">Heft<\/a> mit detaillierten Informationen zu den einzelnen Experi\u00admenten, didaktischen Hinweisen und L\u00f6sungsvorschl\u00e4gen.<\/p>\n<\/div><\/div>\n\n\n\n<div class=\"wp-block-advgb-tab advgb-tab-body-container\"><div class=\"advgb-tab-body-header advgb-tab-class- \" id=\"advgb-tab-panel-_bf82dc-18-1\" role=\"tabpanel\" aria-labelledby=\"advgb-tab-_bf82dc-18-1\" tabindex=\"0\"><span>Lieferumfang<\/span><\/div><div class=\"advgb-tab-_bf82dc-18 advgb-tab-body\" aria-labelledby=\"advgb-tab-panel-_bf82dc-18-1\" style=\"display:none\">\n<figure class=\"wp-block-table table-product-contents\"><table><tbody><tr><td>01.01.20<\/td><td>Aufbewahrungskasten<\/td><\/tr><tr><td>62.02.00<\/td><td>Ger\u00e4tegeformter Einsatz K2<\/td><\/tr><tr><td>61.03.00<\/td><td>Zweiwegehahn<\/td><\/tr><tr><td>62.04.10<\/td><td>Grundk\u00f6rper (4 St\u00fcck)<\/td><\/tr><tr><td>62.04.20<\/td><td>Rad (16 St\u00fcck)<\/td><\/tr><tr><td>62.05.00<\/td><td>Windradfl\u00fcgel (4 St\u00fcck)<\/td><\/tr><tr><td>01.06.20<\/td><td>R\u00e4ndelschraube (16 St\u00fcck)<\/td><\/tr><tr><td>43.06.00<\/td><td>Kunststoffbecher 100 ml (4 St\u00fcck)<\/td><\/tr><tr><td>63.08.00<\/td><td>Reagenzgl\u00e4ser Kunststoff 100 mm (4 St\u00fcck)<\/td><\/tr><tr><td>62.09.00<\/td><td>Seidentuch mit \u00d6sen (4 St\u00fcck)<\/td><\/tr><tr><td>07.10.10<\/td><td>Unterlegscheibe (8 St\u00fcck)<\/td><\/tr><tr><td>62.10.00<\/td><td>St\u00fclpschachtel<\/td><\/tr><tr><td>62.11.00<\/td><td>Schnur mit Haken und \u00d6se (16 St\u00fcck)<\/td><\/tr><tr><td>61.12.00<\/td><td>Kunststoffspritze 20 ml<\/td><\/tr><tr><td>62.13.00<\/td><td>Aluminiumstab K2 (4 St\u00fcck)<\/td><\/tr><tr><td>62.14.00<\/td><td>Achsenstift (4 St\u00fcck)<\/td><\/tr><tr><td>51.14.20<\/td><td>Adapter<\/td><\/tr><tr><td>62.15.00<\/td><td>R\u00e4ndelmutter (8 St\u00fcck)<\/td><\/tr><tr><td>43.16.00<\/td><td>Baustein LED<\/td><\/tr><tr><td>62.17.00<\/td><td>Kunststoffplatte K2 (4 St\u00fcck)<\/td><\/tr><tr><td>43.18.00<\/td><td>Motor mit Propeller<\/td><\/tr><tr><td>62.19.00<\/td><td>Luftpolsterkissen (4 St\u00fcck)<\/td><\/tr><tr><td>06.24.10<\/td><td>Experimentierkabel 25 cm rot<\/td><\/tr><tr><td>06.24.20<\/td><td>Experimentierkabel 25 cm blau<\/td><\/tr><\/tbody><\/table><\/figure>\n\n\n\n<h3 class=\"wp-block-heading\" id=\"zusatzlich-erforderlich\">Zus\u00e4tzlich&nbsp;erforderlich:<\/h3>\n\n\n\n<p>F\u00fcr das Experiment K2-6 wird ein Haartrockner ben\u00f6tigt.&nbsp;<\/p>\n\n\n\n<p><\/p>\n<\/div><\/div>\n\n\n\n<div class=\"wp-block-advgb-tab advgb-tab-body-container\"><div class=\"advgb-tab-body-header advgb-tab-class- \" id=\"advgb-tab-panel-_bf82dc-18-2\" role=\"tabpanel\" aria-labelledby=\"advgb-tab-_bf82dc-18-2\" tabindex=\"0\"><span>Experimente<\/span><\/div><div class=\"advgb-tab-_bf82dc-18 advgb-tab-body\" aria-labelledby=\"advgb-tab-panel-_bf82dc-18-2\" style=\"display:none\">\n<p class=\"table-product-experiments\"><\/p>\n\n\n\n<figure class=\"wp-block-table table-product-experiments\"><table><tbody><tr><td>K2-1<\/td><td>Warum wird das Taschentuch nicht nass?\u00a0<\/td><\/tr><tr><td>K2-2<\/td><td>Kann man die Luft h\u00f6ren?\u00a0<\/td><\/tr><tr><td>K2-3<\/td><td>Kann man die Luft f\u00fchlen?\u00a0<\/td><\/tr><tr><td>K2-4<\/td><td>Kann die Luft ein Fahrzeug antreiben?\u00a0<\/td><\/tr><tr><td>K2-5<\/td><td>Wir bauen ein Windrad\u00a0<\/td><\/tr><tr><td>K2-6<\/td><td>Wie kann man mit Luft Strom erzeugen?\u00a0<\/td><\/tr><tr><td>K2-7<\/td><td>Kann ruhende Luft auch bremsen?\u00a0<\/td><\/tr><tr><td>K2-8<\/td><td>Wir bauen einen Fallschirm\u00a0<\/td><\/tr><tr><td>K2-9<\/td><td>Kann die Luft auch tragen?\u00a0<\/td><\/tr><tr><td>K2-10<\/td><td>Kann die Luft auch sch\u00fctzen?\u00a0<\/td><\/tr><tr><td>K2-11<\/td><td>Wir basteln einen Papierflieger\u00a0<\/td><\/tr><tr><td>K2-12<\/td><td>Warum kann der Fu\u00dfball h\u00fcpfen?\u00a0<\/td><\/tr><tr><td>K2-13<\/td><td>Wie kommt die Luft in den Reifen?\u00a0<\/td><\/tr><tr><td>K2-14<\/td><td>Warum l\u00e4uft das Wasser nicht heraus?\u00a0<\/td><\/tr><\/tbody><\/table><\/figure>\n<\/div><\/div>\n\n\n\n<div class=\"wp-block-advgb-tab advgb-tab-body-container\"><div class=\"advgb-tab-body-header advgb-tab-class-undefined \" id=\"advgb-tab-panel-_bf82dc-18-3\" role=\"tabpanel\" aria-labelledby=\"advgb-tab-_bf82dc-18-3\" tabindex=\"0\"><span>Bilder<\/span><\/div><div class=\"advgb-tab-_bf82dc-18 advgb-tab-body\" aria-labelledby=\"advgb-tab-panel-_bf82dc-18-3\" style=\"display:none\"><div class=\"wp-block-image\">\n<figure class=\"aligncenter size-large is-resized\"><img loading=\"lazy\" decoding=\"async\" width=\"494\" height=\"551\" src=\"https:\/\/mekruphy.com\/de\/wp-content\/uploads\/2021\/03\/K2_1.png\" alt=\"Kind baut einen Fallschirm\" class=\"wp-image-3322\" style=\"width:510px;height:569px\" srcset=\"https:\/\/mekruphy.com\/de\/wp-content\/uploads\/2021\/03\/K2_1.png 494w, https:\/\/mekruphy.com\/de\/wp-content\/uploads\/2021\/03\/K2_1-269x300.png 269w\" sizes=\"auto, (max-width: 494px) 100vw, 494px\" \/><\/figure>\n<\/div>\n\n\n<p>&nbsp;<\/p>\n\n\n<div class=\"wp-block-image\">\n<figure class=\"aligncenter size-large is-resized\"><img loading=\"lazy\" decoding=\"async\" width=\"681\" height=\"453\" src=\"https:\/\/mekruphy.com\/de\/wp-content\/uploads\/2021\/03\/K2_2.png\" alt=\"Experiment zur Isolation mit Luft\" class=\"wp-image-3323\" style=\"width:750px;height:499px\" srcset=\"https:\/\/mekruphy.com\/de\/wp-content\/uploads\/2021\/03\/K2_2.png 681w, https:\/\/mekruphy.com\/de\/wp-content\/uploads\/2021\/03\/K2_2-300x200.png 300w\" sizes=\"auto, (max-width: 681px) 100vw, 681px\" \/><\/figure>\n<\/div><\/div><\/div>\n<\/div><\/div>\n<style class=\"advgb-styles-renderer\">.advgb-tabs-3de99393-a327-4e86-a652-cd50cc65f63a ul.advgb-tabs-panel li.advgb-tab.advgb-tab-active {background-color:#5954d6 !important;color:#fff !important;}#advgb-tabs-3de99393-a327-4e86-a652-cd50cc65f63a .advgb-tab-body-header.header-active, .advgb-tabs-3de99393-a327-4e86-a652-cd50cc65f63a .advgb-tab-body-header.header-active{background-color:#5954d6 !important;color:#fff !important;}<\/style>","protected":false},"excerpt":{"rendered":"","protected":false},"author":3,"featured_media":1569,"parent":640,"menu_order":0,"comment_status":"closed","ping_status":"closed","template":"templates\/product.php","meta":{"_acf_changed":false,"_coblocks_attr":"","_coblocks_dimensions":"","_coblocks_responsive_height":"","_coblocks_accordion_ie_support":"","_eb_attr":"","advgb_blocks_editor_width":"","advgb_blocks_columns_visual_guide":"","footnotes":""},"class_list":["post-520","page","type-page","status-publish","has-post-thumbnail","hentry"],"acf":[],"yoast_head":"<!-- This site is optimized with the Yoast SEO plugin v27.4 - https:\/\/yoast.com\/product\/yoast-seo-wordpress\/ -->\n<title>Experimentiersatz KINDERGARTEN 2 (Luft) - MEKRUPHY GmbH<\/title>\n<meta name=\"description\" content=\"Man sieht sie nicht, und doch ist sie da \u2013 Luft ist ein faszinierender Stoff, den man mit diesem Experimentiersatz erforschen kann.\" \/>\n<meta name=\"robots\" content=\"index, follow, max-snippet:-1, max-image-preview:large, max-video-preview:-1\" \/>\n<link rel=\"canonical\" href=\"https:\/\/mekruphy.com\/de\/produkte\/kindergarten\/experimentiersatz-kindergarten-2-luft\/\" \/>\n<meta property=\"og:locale\" content=\"de_DE\" \/>\n<meta property=\"og:type\" content=\"article\" \/>\n<meta property=\"og:title\" content=\"Experimentiersatz KINDERGARTEN 2 (Luft) - MEKRUPHY GmbH\" \/>\n<meta property=\"og:description\" content=\"Man sieht sie nicht, und doch ist sie da \u2013 Luft ist ein faszinierender Stoff, den man mit diesem Experimentiersatz erforschen kann.\" \/>\n<meta property=\"og:url\" content=\"https:\/\/mekruphy.com\/de\/produkte\/kindergarten\/experimentiersatz-kindergarten-2-luft\/\" \/>\n<meta property=\"og:site_name\" content=\"MEKRUPHY GmbH\" \/>\n<meta property=\"article:modified_time\" content=\"2026-03-30T15:12:49+00:00\" \/>\n<meta property=\"og:image\" content=\"https:\/\/mekruphy.com\/de\/wp-content\/uploads\/2020\/07\/KINDERGARTEN-2.jpg\" \/>\n\t<meta property=\"og:image:width\" content=\"1800\" \/>\n\t<meta property=\"og:image:height\" content=\"1393\" \/>\n\t<meta property=\"og:image:type\" content=\"image\/jpeg\" \/>\n<meta name=\"twitter:card\" content=\"summary_large_image\" \/>\n<meta name=\"twitter:label1\" content=\"Gesch\u00e4tzte Lesezeit\" \/>\n\t<meta name=\"twitter:data1\" content=\"3\u00a0Minuten\" \/>\n<script type=\"application\/ld+json\" class=\"yoast-schema-graph\">{\"@context\":\"https:\\\/\\\/schema.org\",\"@graph\":[{\"@type\":\"WebPage\",\"@id\":\"https:\\\/\\\/mekruphy.com\\\/de\\\/produkte\\\/kindergarten\\\/experimentiersatz-kindergarten-2-luft\\\/\",\"url\":\"https:\\\/\\\/mekruphy.com\\\/de\\\/produkte\\\/kindergarten\\\/experimentiersatz-kindergarten-2-luft\\\/\",\"name\":\"Experimentiersatz KINDERGARTEN 2 (Luft) - MEKRUPHY GmbH\",\"isPartOf\":{\"@id\":\"https:\\\/\\\/mekruphy.com\\\/de\\\/#website\"},\"primaryImageOfPage\":{\"@id\":\"https:\\\/\\\/mekruphy.com\\\/de\\\/produkte\\\/kindergarten\\\/experimentiersatz-kindergarten-2-luft\\\/#primaryimage\"},\"image\":{\"@id\":\"https:\\\/\\\/mekruphy.com\\\/de\\\/produkte\\\/kindergarten\\\/experimentiersatz-kindergarten-2-luft\\\/#primaryimage\"},\"thumbnailUrl\":\"https:\\\/\\\/mekruphy.com\\\/de\\\/wp-content\\\/uploads\\\/2020\\\/07\\\/KINDERGARTEN-2.jpg\",\"datePublished\":\"2020-07-15T11:01:20+00:00\",\"dateModified\":\"2026-03-30T15:12:49+00:00\",\"description\":\"Man sieht sie nicht, und doch ist sie da \u2013 Luft ist ein faszinierender Stoff, den man mit diesem Experimentiersatz erforschen kann.\",\"breadcrumb\":{\"@id\":\"https:\\\/\\\/mekruphy.com\\\/de\\\/produkte\\\/kindergarten\\\/experimentiersatz-kindergarten-2-luft\\\/#breadcrumb\"},\"inLanguage\":\"de\",\"potentialAction\":[{\"@type\":\"ReadAction\",\"target\":[\"https:\\\/\\\/mekruphy.com\\\/de\\\/produkte\\\/kindergarten\\\/experimentiersatz-kindergarten-2-luft\\\/\"]}]},{\"@type\":\"ImageObject\",\"inLanguage\":\"de\",\"@id\":\"https:\\\/\\\/mekruphy.com\\\/de\\\/produkte\\\/kindergarten\\\/experimentiersatz-kindergarten-2-luft\\\/#primaryimage\",\"url\":\"https:\\\/\\\/mekruphy.com\\\/de\\\/wp-content\\\/uploads\\\/2020\\\/07\\\/KINDERGARTEN-2.jpg\",\"contentUrl\":\"https:\\\/\\\/mekruphy.com\\\/de\\\/wp-content\\\/uploads\\\/2020\\\/07\\\/KINDERGARTEN-2.jpg\",\"width\":1800,\"height\":1393},{\"@type\":\"BreadcrumbList\",\"@id\":\"https:\\\/\\\/mekruphy.com\\\/de\\\/produkte\\\/kindergarten\\\/experimentiersatz-kindergarten-2-luft\\\/#breadcrumb\",\"itemListElement\":[{\"@type\":\"ListItem\",\"position\":1,\"name\":\"Startseite\",\"item\":\"https:\\\/\\\/mekruphy.com\\\/de\\\/\"},{\"@type\":\"ListItem\",\"position\":2,\"name\":\"Produkte\",\"item\":\"https:\\\/\\\/mekruphy.com\\\/de\\\/produkte\\\/\"},{\"@type\":\"ListItem\",\"position\":3,\"name\":\"Kindergarten\",\"item\":\"https:\\\/\\\/mekruphy.com\\\/de\\\/produkte\\\/kindergarten\\\/\"},{\"@type\":\"ListItem\",\"position\":4,\"name\":\"Experimentiersatz KINDERGARTEN 2 (Luft)\"}]},{\"@type\":\"WebSite\",\"@id\":\"https:\\\/\\\/mekruphy.com\\\/de\\\/#website\",\"url\":\"https:\\\/\\\/mekruphy.com\\\/de\\\/\",\"name\":\"MEKRUPHY GmbH\",\"description\":\"Sch\u00fcler-Experimentierk\u00e4sten f\u00fcr den MINT-Unterricht\",\"potentialAction\":[{\"@type\":\"SearchAction\",\"target\":{\"@type\":\"EntryPoint\",\"urlTemplate\":\"https:\\\/\\\/mekruphy.com\\\/de\\\/?s={search_term_string}\"},\"query-input\":{\"@type\":\"PropertyValueSpecification\",\"valueRequired\":true,\"valueName\":\"search_term_string\"}}],\"inLanguage\":\"de\"}]}<\/script>\n<!-- \/ Yoast SEO plugin. -->","yoast_head_json":{"title":"Experimentiersatz KINDERGARTEN 2 (Luft) - MEKRUPHY GmbH","description":"Man sieht sie nicht, und doch ist sie da \u2013 Luft ist ein faszinierender Stoff, den man mit diesem Experimentiersatz erforschen kann.","robots":{"index":"index","follow":"follow","max-snippet":"max-snippet:-1","max-image-preview":"max-image-preview:large","max-video-preview":"max-video-preview:-1"},"canonical":"https:\/\/mekruphy.com\/de\/produkte\/kindergarten\/experimentiersatz-kindergarten-2-luft\/","og_locale":"de_DE","og_type":"article","og_title":"Experimentiersatz KINDERGARTEN 2 (Luft) - MEKRUPHY GmbH","og_description":"Man sieht sie nicht, und doch ist sie da \u2013 Luft ist ein faszinierender Stoff, den man mit diesem Experimentiersatz erforschen kann.","og_url":"https:\/\/mekruphy.com\/de\/produkte\/kindergarten\/experimentiersatz-kindergarten-2-luft\/","og_site_name":"MEKRUPHY GmbH","article_modified_time":"2026-03-30T15:12:49+00:00","og_image":[{"width":1800,"height":1393,"url":"https:\/\/mekruphy.com\/de\/wp-content\/uploads\/2020\/07\/KINDERGARTEN-2.jpg","type":"image\/jpeg"}],"twitter_card":"summary_large_image","twitter_misc":{"Gesch\u00e4tzte Lesezeit":"3\u00a0Minuten"},"schema":{"@context":"https:\/\/schema.org","@graph":[{"@type":"WebPage","@id":"https:\/\/mekruphy.com\/de\/produkte\/kindergarten\/experimentiersatz-kindergarten-2-luft\/","url":"https:\/\/mekruphy.com\/de\/produkte\/kindergarten\/experimentiersatz-kindergarten-2-luft\/","name":"Experimentiersatz KINDERGARTEN 2 (Luft) - MEKRUPHY GmbH","isPartOf":{"@id":"https:\/\/mekruphy.com\/de\/#website"},"primaryImageOfPage":{"@id":"https:\/\/mekruphy.com\/de\/produkte\/kindergarten\/experimentiersatz-kindergarten-2-luft\/#primaryimage"},"image":{"@id":"https:\/\/mekruphy.com\/de\/produkte\/kindergarten\/experimentiersatz-kindergarten-2-luft\/#primaryimage"},"thumbnailUrl":"https:\/\/mekruphy.com\/de\/wp-content\/uploads\/2020\/07\/KINDERGARTEN-2.jpg","datePublished":"2020-07-15T11:01:20+00:00","dateModified":"2026-03-30T15:12:49+00:00","description":"Man sieht sie nicht, und doch ist sie da \u2013 Luft ist ein faszinierender Stoff, den man mit diesem Experimentiersatz erforschen kann.","breadcrumb":{"@id":"https:\/\/mekruphy.com\/de\/produkte\/kindergarten\/experimentiersatz-kindergarten-2-luft\/#breadcrumb"},"inLanguage":"de","potentialAction":[{"@type":"ReadAction","target":["https:\/\/mekruphy.com\/de\/produkte\/kindergarten\/experimentiersatz-kindergarten-2-luft\/"]}]},{"@type":"ImageObject","inLanguage":"de","@id":"https:\/\/mekruphy.com\/de\/produkte\/kindergarten\/experimentiersatz-kindergarten-2-luft\/#primaryimage","url":"https:\/\/mekruphy.com\/de\/wp-content\/uploads\/2020\/07\/KINDERGARTEN-2.jpg","contentUrl":"https:\/\/mekruphy.com\/de\/wp-content\/uploads\/2020\/07\/KINDERGARTEN-2.jpg","width":1800,"height":1393},{"@type":"BreadcrumbList","@id":"https:\/\/mekruphy.com\/de\/produkte\/kindergarten\/experimentiersatz-kindergarten-2-luft\/#breadcrumb","itemListElement":[{"@type":"ListItem","position":1,"name":"Startseite","item":"https:\/\/mekruphy.com\/de\/"},{"@type":"ListItem","position":2,"name":"Produkte","item":"https:\/\/mekruphy.com\/de\/produkte\/"},{"@type":"ListItem","position":3,"name":"Kindergarten","item":"https:\/\/mekruphy.com\/de\/produkte\/kindergarten\/"},{"@type":"ListItem","position":4,"name":"Experimentiersatz KINDERGARTEN 2 (Luft)"}]},{"@type":"WebSite","@id":"https:\/\/mekruphy.com\/de\/#website","url":"https:\/\/mekruphy.com\/de\/","name":"MEKRUPHY GmbH","description":"Sch\u00fcler-Experimentierk\u00e4sten f\u00fcr den MINT-Unterricht","potentialAction":[{"@type":"SearchAction","target":{"@type":"EntryPoint","urlTemplate":"https:\/\/mekruphy.com\/de\/?s={search_term_string}"},"query-input":{"@type":"PropertyValueSpecification","valueRequired":true,"valueName":"search_term_string"}}],"inLanguage":"de"}]}},"coauthors":[],"author_meta":{"author_link":"https:\/\/mekruphy.com\/de\/author\/steps-sync\/","display_name":"Steps Sync"},"relative_dates":{"created":"Ver\u00f6ffentlicht 6\u00a0Jahren vor","modified":"Aktualisiert 3\u00a0Wochen vor"},"absolute_dates":{"created":"Ver\u00f6ffentlicht am 15. Juli 2020","modified":"Aktualisiert am 30. M\u00e4rz 2026"},"absolute_dates_time":{"created":"Ver\u00f6ffentlicht am 15. Juli 2020 13:01","modified":"Aktualisiert am 30. M\u00e4rz 2026 17:12"},"featured_img_caption":"","featured_img":"https:\/\/mekruphy.com\/de\/wp-content\/uploads\/2020\/07\/KINDERGARTEN-2.jpg","series_order":"","_links":{"self":[{"href":"https:\/\/mekruphy.com\/de\/wp-json\/wp\/v2\/pages\/520","targetHints":{"allow":["GET"]}}],"collection":[{"href":"https:\/\/mekruphy.com\/de\/wp-json\/wp\/v2\/pages"}],"about":[{"href":"https:\/\/mekruphy.com\/de\/wp-json\/wp\/v2\/types\/page"}],"author":[{"embeddable":true,"href":"https:\/\/mekruphy.com\/de\/wp-json\/wp\/v2\/users\/3"}],"replies":[{"embeddable":true,"href":"https:\/\/mekruphy.com\/de\/wp-json\/wp\/v2\/comments?post=520"}],"version-history":[{"count":17,"href":"https:\/\/mekruphy.com\/de\/wp-json\/wp\/v2\/pages\/520\/revisions"}],"predecessor-version":[{"id":9308,"href":"https:\/\/mekruphy.com\/de\/wp-json\/wp\/v2\/pages\/520\/revisions\/9308"}],"up":[{"embeddable":true,"href":"https:\/\/mekruphy.com\/de\/wp-json\/wp\/v2\/pages\/640"}],"wp:featuredmedia":[{"embeddable":true,"href":"https:\/\/mekruphy.com\/de\/wp-json\/wp\/v2\/media\/1569"}],"wp:attachment":[{"href":"https:\/\/mekruphy.com\/de\/wp-json\/wp\/v2\/media?parent=520"}],"curies":[{"name":"wp","href":"https:\/\/api.w.org\/{rel}","templated":true}]}}