{"id":524,"date":"2020-07-15T13:01:29","date_gmt":"2020-07-15T11:01:29","guid":{"rendered":"https:\/\/mekruphy.com\/de\/experimentiersatz-kindergarten-3-magnetismus\/"},"modified":"2026-03-31T10:13:27","modified_gmt":"2026-03-31T08:13:27","slug":"experimentiersatz-kindergarten-3-magnetismus","status":"publish","type":"page","link":"https:\/\/mekruphy.com\/de\/produkte\/kindergarten\/experimentiersatz-kindergarten-3-magnetismus\/","title":{"rendered":"Experimentiersatz KINDERGARTEN 3 (Magnetismus)"},"content":{"rendered":"<div class=\"yoast-breadcrumbs breadcrumbs-indented\"><span><span><a href=\"https:\/\/mekruphy.com\/de\/\">Startseite<\/a><\/span> \u00bb <span><a href=\"https:\/\/mekruphy.com\/de\/produkte\/\">Produkte<\/a><\/span> \u00bb <span><a href=\"https:\/\/mekruphy.com\/de\/produkte\/kindergarten\/\">Kindergarten<\/a><\/span> \u00bb <span class=\"breadcrumb_last\" aria-current=\"page\">Experimentiersatz KINDERGARTEN 3 (Magnetismus)<\/span><\/span><\/div>\n\n\n<div class=\"wp-block-advgb-adv-tabs advgb-tabs-wrapper advgb-tab-horz-desktop advgb-tab-vert-tablet advgb-tab-stack-mobile advgb-tabs-60d7a753-0467-4344-baa7-df9718641481\" data-tab-active=\"0\"><ul class=\"advgb-tabs-panel\" role=\"tablist\"><li class=\"advgb-tab advgb-tab-active\" role=\"presentation\" style=\"background-color:#e0e0e0;border-style:solid;border-width:1px;border-radius:10px\"><button class=\"advgb-tab-button\" id=\"advgb-tab-_d7a753-04-0\" aria-controls=\"advgb-tab-panel-_d7a753-04-0\" role=\"tab\" aria-selected=\"true\" tabindex=\"0\" style=\"color:#fff;background:none;border:none;width:100%;text-align:inherit;cursor:pointer;padding:8px 16px;font:inherit\"><span>Beschreibung<\/span><\/button><\/li><li class=\"advgb-tab \" role=\"presentation\" style=\"background-color:#e0e0e0;border-style:solid;border-width:1px;border-radius:10px\"><button class=\"advgb-tab-button\" id=\"advgb-tab-_d7a753-04-1\" aria-controls=\"advgb-tab-panel-_d7a753-04-1\" role=\"tab\" aria-selected=\"false\" tabindex=\"0\" style=\"color:#fff;background:none;border:none;width:100%;text-align:inherit;cursor:pointer;padding:8px 16px;font:inherit\"><span>Lieferumfang<\/span><\/button><\/li><li class=\"advgb-tab \" role=\"presentation\" style=\"background-color:#e0e0e0;border-style:solid;border-width:1px;border-radius:10px\"><button class=\"advgb-tab-button\" id=\"advgb-tab-_d7a753-04-2\" aria-controls=\"advgb-tab-panel-_d7a753-04-2\" role=\"tab\" aria-selected=\"false\" tabindex=\"0\" style=\"color:#fff;background:none;border:none;width:100%;text-align:inherit;cursor:pointer;padding:8px 16px;font:inherit\"><span>Experimente<\/span><\/button><\/li><li class=\"advgb-tab \" role=\"presentation\" style=\"background-color:#e0e0e0;border-style:solid;border-width:1px;border-radius:10px\"><button class=\"advgb-tab-button\" id=\"advgb-tab-_d7a753-04-3\" aria-controls=\"advgb-tab-panel-_d7a753-04-3\" role=\"tab\" aria-selected=\"false\" tabindex=\"0\" style=\"color:#fff;background:none;border:none;width:100%;text-align:inherit;cursor:pointer;padding:8px 16px;font:inherit\"><span>Bilder<\/span><\/button><\/li><\/ul><div class=\"advgb-tab-body-wrapper\" style=\"border-style:solid;border-width:1px;border-radius:10px\">\n<div class=\"wp-block-advgb-tab advgb-tab-body-container\"><div class=\"advgb-tab-body-header advgb-tab-class- header-active\" id=\"advgb-tab-panel-_bf82dc-18-0\" role=\"tabpanel\" aria-labelledby=\"advgb-tab-_bf82dc-18-0\" tabindex=\"0\"><span>Beschreibung<\/span><\/div><div class=\"advgb-tab-_bf82dc-18 advgb-tab-body\" aria-labelledby=\"advgb-tab-panel-_bf82dc-18-0\" style=\"display:block\">\n<h2 class=\"wp-block-heading\" id=\"dem-magnetismus-auf-der-spur\">Dem Magnetismus auf der Spur<\/h2>\n\n\n\n<p>Der Experimentiersatz KINDERGARTEN 3 zum Thema Magnetismus fasziniert\u00a0Kinder in jeder Altersstufe.\u00a0Mit starken Rundstabmagneten, Probescheiben aus verschiedenen Materialien, einem Modellsportwagen und\u00a0vielem mehr\u00a0gehen die Kinder auf Entdeckungsreise.\u00a0Dabei erfahren die Kinder,\u00a0\u00a0<\/p>\n\n\n\n<ul class=\"wp-block-list\"><li>dass&nbsp;es nur sehr wenige Stoffe gibt, die von einem Magneten angezogen werden&nbsp;<\/li><li>wie sich&nbsp;die&nbsp;magnetische Kraft&nbsp;l\u00e4ngs eines Stabmagneten&nbsp;verteilt&nbsp;<\/li><li>dass eine kleine B\u00fcroklammer einen Magneten aus einem engen Schacht ziehen kann&nbsp;<\/li><li>dass&nbsp;Magnetismus auch durch Wasser und Kunststoff hindurch wirkt&nbsp;<\/li><li>dass ein Magnet nicht nur anziehen, sondern auch absto\u00dfen kann<\/li><\/ul>\n\n\n\n<p>Doch es gibt noch mehr\u00a0zu erfahren:\u00a0Wenn sie\u00a0zum Beispiel\u00a0mit dem <a href=\"https:\/\/de.wikipedia.org\/wiki\/Kompass\" target=\"_blank\" rel=\"noreferrer noopener\">Kompass<\/a>\u00a0vom Magnetfeld der Erde erfahren, erleben sie, dass sich ihre Erkenntnisse auch im Alltag\u00a0anwenden\u00a0lassen.\u00a0<\/p>\n\n\n\n<h3 class=\"wp-block-heading\" id=\"h-handreichung\">Handreichung<\/h3>\n\n\n\n<p>Passend zum Experimentiersatz KINDERGARTEN 3 gibt es ein eigenes <a href=\"https:\/\/mekruphy.com\/de\/produkte\/kindergarten\/kindergarten-handreichungen\/\">Heft<\/a> mit detaillierten Informationen zu den einzelnen Experi\u00admenten, didaktischen Hinweisen und L\u00f6sungsvorschl\u00e4gen.<\/p>\n<\/div><\/div>\n\n\n\n<div class=\"wp-block-advgb-tab advgb-tab-body-container\"><div class=\"advgb-tab-body-header advgb-tab-class- \" id=\"advgb-tab-panel-_bf82dc-18-1\" role=\"tabpanel\" aria-labelledby=\"advgb-tab-_bf82dc-18-1\" tabindex=\"0\"><span>Lieferumfang<\/span><\/div><div class=\"advgb-tab-_bf82dc-18 advgb-tab-body\" aria-labelledby=\"advgb-tab-panel-_bf82dc-18-1\" style=\"display:none\">\n<figure class=\"wp-block-table table-product-contents\"><table><tbody><tr><td>01.01.20<\/td><td>Aufbewahrungskasten<\/td><\/tr><tr><td>63.02.00<\/td><td>Ger\u00e4tegeformter Einsatz K3<\/td><\/tr><tr><td>63.03.00<\/td><td>Acrylplatte mit Hausmotiv (4 St\u00fcck)<\/td><\/tr><tr><td>63.04.00<\/td><td>Dose mit Probescheiben (4 St\u00fcck)<\/td><\/tr><tr><td>63.05.00<\/td><td>Reagenzglasst\u00e4nder K3 (4 St\u00fcck)<\/td><\/tr><tr><td>43.06.00<\/td><td>Kunststoffbecher 100 ml<\/td><\/tr><tr><td>63.07.00<\/td><td>Modellauto K3 (4 St\u00fcck)<\/td><\/tr><tr><td>63.08.00<\/td><td>Reagenzglas Kunststoff 100 mm (4 St\u00fcck)<\/td><\/tr><tr><td>06.09.00<\/td><td>Rundstabmagnet AlNiCo (8 St\u00fcck)<\/td><\/tr><tr><td>63.10.00<\/td><td>Beh\u00e4lter mit B\u00fcroklammern<\/td><\/tr><tr><td>06.11.00<\/td><td>Kompass (4 St\u00fcck)<\/td><\/tr><tr><td>63.12.00<\/td><td>Schere<\/td><\/tr><tr><td>63.13.00<\/td><td>Plattenhalter K3 (4 St\u00fcck)<\/td><\/tr><tr><td>03.17.00<\/td><td>Rolle Bindfaden<\/td><\/tr><\/tbody><\/table><\/figure>\n<\/div><\/div>\n\n\n\n<div class=\"wp-block-advgb-tab advgb-tab-body-container\"><div class=\"advgb-tab-body-header advgb-tab-class- \" id=\"advgb-tab-panel-_bf82dc-18-2\" role=\"tabpanel\" aria-labelledby=\"advgb-tab-_bf82dc-18-2\" tabindex=\"0\"><span>Experimente<\/span><\/div><div class=\"advgb-tab-_bf82dc-18 advgb-tab-body\" aria-labelledby=\"advgb-tab-panel-_bf82dc-18-2\" style=\"display:none\">\n<p><\/p>\n\n\n\n<figure class=\"wp-block-table table-product-experiments\"><table><tbody><tr><td>K3-1<\/td><td>Wie kommt die B\u00fcroklammer an der Wand hoch?\u00a0<\/td><\/tr><tr><td>K3-2<\/td><td>Welche Scheibe wird vom Magneten angezogen?\u00a0<\/td><\/tr><tr><td>K3-3<\/td><td>Wer hilft der B\u00fcroklammer?\u00a0<\/td><\/tr><tr><td>K3-4<\/td><td>Wirkt der Magnet auch im Wasser?\u00a0<\/td><\/tr><tr><td>K3-5<\/td><td>Kann die B\u00fcroklammer den Magneten anziehen?\u00a0<\/td><\/tr><tr><td>K3-6<\/td><td>Wer rettet den Magneten?<\/td><\/tr><tr><td>K3-7<\/td><td>Wo ist der Magnet am st\u00e4rksten?\u00a0<\/td><\/tr><tr><td>K3-8<\/td><td>Kann ein Magnet auch absto\u00dfen?\u00a0<\/td><\/tr><tr><td>K3-9<\/td><td>Gibt es einen Magneten mit vier Polen?\u00a0<\/td><\/tr><tr><td>K3-10<\/td><td>Ist Magnetismus \u201eansteckend\u201c?\u00a0<\/td><\/tr><tr><td>K3-11<\/td><td>Was zeigt der Kompass an?\u00a0<\/td><\/tr><\/tbody><\/table><\/figure>\n<\/div><\/div>\n\n\n\n<div class=\"wp-block-advgb-tab advgb-tab-body-container\"><div class=\"advgb-tab-body-header advgb-tab-class-undefined \" id=\"advgb-tab-panel-_bf82dc-18-3\" role=\"tabpanel\" aria-labelledby=\"advgb-tab-_bf82dc-18-3\" tabindex=\"0\"><span>Bilder<\/span><\/div><div class=\"advgb-tab-_bf82dc-18 advgb-tab-body\" aria-labelledby=\"advgb-tab-panel-_bf82dc-18-3\" style=\"display:none\"><div class=\"wp-block-image\">\n<figure class=\"aligncenter size-large is-resized\"><img loading=\"lazy\" decoding=\"async\" width=\"442\" height=\"633\" src=\"https:\/\/mekruphy.com\/de\/wp-content\/uploads\/2021\/03\/K3_1.png\" alt=\"Kind bef\u00f6rdert eine B\u00fcroklammer mit einem Magneten die Wand hoch\" class=\"wp-image-3325\" style=\"width:510px;height:731px\" srcset=\"https:\/\/mekruphy.com\/de\/wp-content\/uploads\/2021\/03\/K3_1.png 442w, https:\/\/mekruphy.com\/de\/wp-content\/uploads\/2021\/03\/K3_1-209x300.png 209w\" sizes=\"auto, (max-width: 442px) 100vw, 442px\" \/><\/figure>\n<\/div>\n\n\n<p>&nbsp;<\/p>\n\n\n<div class=\"wp-block-image\">\n<figure class=\"aligncenter size-large is-resized\"><img loading=\"lazy\" decoding=\"async\" width=\"772\" height=\"422\" src=\"https:\/\/mekruphy.com\/de\/wp-content\/uploads\/2021\/03\/K3_2.png\" alt=\"Experiment: Autof\u00e4hrt mit Magnetantrieb\" class=\"wp-image-3326\" style=\"width:750px;height:411px\" srcset=\"https:\/\/mekruphy.com\/de\/wp-content\/uploads\/2021\/03\/K3_2.png 772w, https:\/\/mekruphy.com\/de\/wp-content\/uploads\/2021\/03\/K3_2-300x164.png 300w, https:\/\/mekruphy.com\/de\/wp-content\/uploads\/2021\/03\/K3_2-768x420.png 768w\" sizes=\"auto, (max-width: 772px) 100vw, 772px\" \/><\/figure>\n<\/div>\n\n\n<p>&nbsp;<\/p>\n\n\n<div class=\"wp-block-image\">\n<figure class=\"aligncenter size-large is-resized\"><img loading=\"lazy\" decoding=\"async\" width=\"557\" height=\"519\" src=\"https:\/\/mekruphy.com\/de\/wp-content\/uploads\/2021\/03\/K3_3.png\" alt=\"Kinder experimentieren mit Magneten\" class=\"wp-image-3327\" style=\"width:510px;height:476px\" srcset=\"https:\/\/mekruphy.com\/de\/wp-content\/uploads\/2021\/03\/K3_3.png 557w, https:\/\/mekruphy.com\/de\/wp-content\/uploads\/2021\/03\/K3_3-300x280.png 300w\" sizes=\"auto, (max-width: 557px) 100vw, 557px\" \/><\/figure>\n<\/div>\n\n\n<p>&nbsp;<\/p>\n\n\n<div class=\"wp-block-image\">\n<figure class=\"aligncenter size-large is-resized\"><img loading=\"lazy\" decoding=\"async\" width=\"530\" height=\"564\" src=\"https:\/\/mekruphy.com\/de\/wp-content\/uploads\/2021\/03\/KINDERGARTEN1.png\" alt=\"Kind bef\u00f6rdert eine B\u00fcroklammer mit Magnet\" class=\"wp-image-3331\" style=\"width:510px;height:543px\" srcset=\"https:\/\/mekruphy.com\/de\/wp-content\/uploads\/2021\/03\/KINDERGARTEN1.png 530w, https:\/\/mekruphy.com\/de\/wp-content\/uploads\/2021\/03\/KINDERGARTEN1-282x300.png 282w\" sizes=\"auto, (max-width: 530px) 100vw, 530px\" \/><\/figure>\n<\/div><\/div><\/div>\n<\/div><\/div>\n<style class=\"advgb-styles-renderer\">.advgb-tabs-60d7a753-0467-4344-baa7-df9718641481 ul.advgb-tabs-panel li.advgb-tab.advgb-tab-active {background-color:#5954d6 !important;color:#fff !important;}#advgb-tabs-60d7a753-0467-4344-baa7-df9718641481 .advgb-tab-body-header.header-active, .advgb-tabs-60d7a753-0467-4344-baa7-df9718641481 .advgb-tab-body-header.header-active{background-color:#5954d6 !important;color:#fff !important;}<\/style>","protected":false},"excerpt":{"rendered":"","protected":false},"author":3,"featured_media":1575,"parent":640,"menu_order":0,"comment_status":"closed","ping_status":"closed","template":"templates\/product.php","meta":{"_acf_changed":false,"_coblocks_attr":"","_coblocks_dimensions":"","_coblocks_responsive_height":"","_coblocks_accordion_ie_support":"","_eb_attr":"","advgb_blocks_editor_width":"","advgb_blocks_columns_visual_guide":"","footnotes":""},"class_list":["post-524","page","type-page","status-publish","has-post-thumbnail","hentry"],"acf":[],"yoast_head":"<!-- This site is optimized with the Yoast SEO plugin v27.3 - https:\/\/yoast.com\/product\/yoast-seo-wordpress\/ -->\n<title>Experimentiersatz KINDERGARTEN 3 (Magnetismus) - MEKRUPHY GmbH<\/title>\n<meta name=\"description\" content=\"Mit starken Rundstabmagneten, einem Modellsportwagen und vielem mehr gehen die Kinder auf Entdeckungsreise zum Thema Magnetismus.\" \/>\n<meta name=\"robots\" content=\"index, follow, max-snippet:-1, max-image-preview:large, max-video-preview:-1\" \/>\n<link rel=\"canonical\" href=\"https:\/\/mekruphy.com\/de\/produkte\/kindergarten\/experimentiersatz-kindergarten-3-magnetismus\/\" \/>\n<meta property=\"og:locale\" content=\"de_DE\" \/>\n<meta property=\"og:type\" content=\"article\" \/>\n<meta property=\"og:title\" content=\"Experimentiersatz KINDERGARTEN 3 (Magnetismus) - MEKRUPHY GmbH\" \/>\n<meta property=\"og:description\" content=\"Mit starken Rundstabmagneten, einem Modellsportwagen und vielem mehr gehen die Kinder auf Entdeckungsreise zum Thema Magnetismus.\" \/>\n<meta property=\"og:url\" content=\"https:\/\/mekruphy.com\/de\/produkte\/kindergarten\/experimentiersatz-kindergarten-3-magnetismus\/\" \/>\n<meta property=\"og:site_name\" content=\"MEKRUPHY GmbH\" \/>\n<meta property=\"article:modified_time\" content=\"2026-03-31T08:13:27+00:00\" \/>\n<meta property=\"og:image\" content=\"https:\/\/mekruphy.com\/de\/wp-content\/uploads\/2020\/07\/KINDERGARTEN-3.jpg\" \/>\n\t<meta property=\"og:image:width\" content=\"1800\" \/>\n\t<meta property=\"og:image:height\" content=\"1398\" \/>\n\t<meta property=\"og:image:type\" content=\"image\/jpeg\" \/>\n<meta name=\"twitter:card\" content=\"summary_large_image\" \/>\n<meta name=\"twitter:label1\" content=\"Gesch\u00e4tzte Lesezeit\" \/>\n\t<meta name=\"twitter:data1\" content=\"5\u00a0Minuten\" \/>\n<script type=\"application\/ld+json\" class=\"yoast-schema-graph\">{\"@context\":\"https:\\\/\\\/schema.org\",\"@graph\":[{\"@type\":\"WebPage\",\"@id\":\"https:\\\/\\\/mekruphy.com\\\/de\\\/produkte\\\/kindergarten\\\/experimentiersatz-kindergarten-3-magnetismus\\\/\",\"url\":\"https:\\\/\\\/mekruphy.com\\\/de\\\/produkte\\\/kindergarten\\\/experimentiersatz-kindergarten-3-magnetismus\\\/\",\"name\":\"Experimentiersatz KINDERGARTEN 3 (Magnetismus) - MEKRUPHY GmbH\",\"isPartOf\":{\"@id\":\"https:\\\/\\\/mekruphy.com\\\/de\\\/#website\"},\"primaryImageOfPage\":{\"@id\":\"https:\\\/\\\/mekruphy.com\\\/de\\\/produkte\\\/kindergarten\\\/experimentiersatz-kindergarten-3-magnetismus\\\/#primaryimage\"},\"image\":{\"@id\":\"https:\\\/\\\/mekruphy.com\\\/de\\\/produkte\\\/kindergarten\\\/experimentiersatz-kindergarten-3-magnetismus\\\/#primaryimage\"},\"thumbnailUrl\":\"https:\\\/\\\/mekruphy.com\\\/de\\\/wp-content\\\/uploads\\\/2020\\\/07\\\/KINDERGARTEN-3.jpg\",\"datePublished\":\"2020-07-15T11:01:29+00:00\",\"dateModified\":\"2026-03-31T08:13:27+00:00\",\"description\":\"Mit starken Rundstabmagneten, einem Modellsportwagen und vielem mehr gehen die Kinder auf Entdeckungsreise zum Thema Magnetismus.\",\"breadcrumb\":{\"@id\":\"https:\\\/\\\/mekruphy.com\\\/de\\\/produkte\\\/kindergarten\\\/experimentiersatz-kindergarten-3-magnetismus\\\/#breadcrumb\"},\"inLanguage\":\"de\",\"potentialAction\":[{\"@type\":\"ReadAction\",\"target\":[\"https:\\\/\\\/mekruphy.com\\\/de\\\/produkte\\\/kindergarten\\\/experimentiersatz-kindergarten-3-magnetismus\\\/\"]}]},{\"@type\":\"ImageObject\",\"inLanguage\":\"de\",\"@id\":\"https:\\\/\\\/mekruphy.com\\\/de\\\/produkte\\\/kindergarten\\\/experimentiersatz-kindergarten-3-magnetismus\\\/#primaryimage\",\"url\":\"https:\\\/\\\/mekruphy.com\\\/de\\\/wp-content\\\/uploads\\\/2020\\\/07\\\/KINDERGARTEN-3.jpg\",\"contentUrl\":\"https:\\\/\\\/mekruphy.com\\\/de\\\/wp-content\\\/uploads\\\/2020\\\/07\\\/KINDERGARTEN-3.jpg\",\"width\":1800,\"height\":1398},{\"@type\":\"BreadcrumbList\",\"@id\":\"https:\\\/\\\/mekruphy.com\\\/de\\\/produkte\\\/kindergarten\\\/experimentiersatz-kindergarten-3-magnetismus\\\/#breadcrumb\",\"itemListElement\":[{\"@type\":\"ListItem\",\"position\":1,\"name\":\"Startseite\",\"item\":\"https:\\\/\\\/mekruphy.com\\\/de\\\/\"},{\"@type\":\"ListItem\",\"position\":2,\"name\":\"Produkte\",\"item\":\"https:\\\/\\\/mekruphy.com\\\/de\\\/produkte\\\/\"},{\"@type\":\"ListItem\",\"position\":3,\"name\":\"Kindergarten\",\"item\":\"https:\\\/\\\/mekruphy.com\\\/de\\\/produkte\\\/kindergarten\\\/\"},{\"@type\":\"ListItem\",\"position\":4,\"name\":\"Experimentiersatz KINDERGARTEN 3 (Magnetismus)\"}]},{\"@type\":\"WebSite\",\"@id\":\"https:\\\/\\\/mekruphy.com\\\/de\\\/#website\",\"url\":\"https:\\\/\\\/mekruphy.com\\\/de\\\/\",\"name\":\"MEKRUPHY GmbH\",\"description\":\"Sch\u00fcler-Experimentierk\u00e4sten f\u00fcr den MINT-Unterricht\",\"potentialAction\":[{\"@type\":\"SearchAction\",\"target\":{\"@type\":\"EntryPoint\",\"urlTemplate\":\"https:\\\/\\\/mekruphy.com\\\/de\\\/?s={search_term_string}\"},\"query-input\":{\"@type\":\"PropertyValueSpecification\",\"valueRequired\":true,\"valueName\":\"search_term_string\"}}],\"inLanguage\":\"de\"}]}<\/script>\n<!-- \/ Yoast SEO plugin. -->","yoast_head_json":{"title":"Experimentiersatz KINDERGARTEN 3 (Magnetismus) - MEKRUPHY GmbH","description":"Mit starken Rundstabmagneten, einem Modellsportwagen und vielem mehr gehen die Kinder auf Entdeckungsreise zum Thema Magnetismus.","robots":{"index":"index","follow":"follow","max-snippet":"max-snippet:-1","max-image-preview":"max-image-preview:large","max-video-preview":"max-video-preview:-1"},"canonical":"https:\/\/mekruphy.com\/de\/produkte\/kindergarten\/experimentiersatz-kindergarten-3-magnetismus\/","og_locale":"de_DE","og_type":"article","og_title":"Experimentiersatz KINDERGARTEN 3 (Magnetismus) - MEKRUPHY GmbH","og_description":"Mit starken Rundstabmagneten, einem Modellsportwagen und vielem mehr gehen die Kinder auf Entdeckungsreise zum Thema Magnetismus.","og_url":"https:\/\/mekruphy.com\/de\/produkte\/kindergarten\/experimentiersatz-kindergarten-3-magnetismus\/","og_site_name":"MEKRUPHY GmbH","article_modified_time":"2026-03-31T08:13:27+00:00","og_image":[{"width":1800,"height":1398,"url":"https:\/\/mekruphy.com\/de\/wp-content\/uploads\/2020\/07\/KINDERGARTEN-3.jpg","type":"image\/jpeg"}],"twitter_card":"summary_large_image","twitter_misc":{"Gesch\u00e4tzte Lesezeit":"5\u00a0Minuten"},"schema":{"@context":"https:\/\/schema.org","@graph":[{"@type":"WebPage","@id":"https:\/\/mekruphy.com\/de\/produkte\/kindergarten\/experimentiersatz-kindergarten-3-magnetismus\/","url":"https:\/\/mekruphy.com\/de\/produkte\/kindergarten\/experimentiersatz-kindergarten-3-magnetismus\/","name":"Experimentiersatz KINDERGARTEN 3 (Magnetismus) - MEKRUPHY GmbH","isPartOf":{"@id":"https:\/\/mekruphy.com\/de\/#website"},"primaryImageOfPage":{"@id":"https:\/\/mekruphy.com\/de\/produkte\/kindergarten\/experimentiersatz-kindergarten-3-magnetismus\/#primaryimage"},"image":{"@id":"https:\/\/mekruphy.com\/de\/produkte\/kindergarten\/experimentiersatz-kindergarten-3-magnetismus\/#primaryimage"},"thumbnailUrl":"https:\/\/mekruphy.com\/de\/wp-content\/uploads\/2020\/07\/KINDERGARTEN-3.jpg","datePublished":"2020-07-15T11:01:29+00:00","dateModified":"2026-03-31T08:13:27+00:00","description":"Mit starken Rundstabmagneten, einem Modellsportwagen und vielem mehr gehen die Kinder auf Entdeckungsreise zum Thema Magnetismus.","breadcrumb":{"@id":"https:\/\/mekruphy.com\/de\/produkte\/kindergarten\/experimentiersatz-kindergarten-3-magnetismus\/#breadcrumb"},"inLanguage":"de","potentialAction":[{"@type":"ReadAction","target":["https:\/\/mekruphy.com\/de\/produkte\/kindergarten\/experimentiersatz-kindergarten-3-magnetismus\/"]}]},{"@type":"ImageObject","inLanguage":"de","@id":"https:\/\/mekruphy.com\/de\/produkte\/kindergarten\/experimentiersatz-kindergarten-3-magnetismus\/#primaryimage","url":"https:\/\/mekruphy.com\/de\/wp-content\/uploads\/2020\/07\/KINDERGARTEN-3.jpg","contentUrl":"https:\/\/mekruphy.com\/de\/wp-content\/uploads\/2020\/07\/KINDERGARTEN-3.jpg","width":1800,"height":1398},{"@type":"BreadcrumbList","@id":"https:\/\/mekruphy.com\/de\/produkte\/kindergarten\/experimentiersatz-kindergarten-3-magnetismus\/#breadcrumb","itemListElement":[{"@type":"ListItem","position":1,"name":"Startseite","item":"https:\/\/mekruphy.com\/de\/"},{"@type":"ListItem","position":2,"name":"Produkte","item":"https:\/\/mekruphy.com\/de\/produkte\/"},{"@type":"ListItem","position":3,"name":"Kindergarten","item":"https:\/\/mekruphy.com\/de\/produkte\/kindergarten\/"},{"@type":"ListItem","position":4,"name":"Experimentiersatz KINDERGARTEN 3 (Magnetismus)"}]},{"@type":"WebSite","@id":"https:\/\/mekruphy.com\/de\/#website","url":"https:\/\/mekruphy.com\/de\/","name":"MEKRUPHY GmbH","description":"Sch\u00fcler-Experimentierk\u00e4sten f\u00fcr den MINT-Unterricht","potentialAction":[{"@type":"SearchAction","target":{"@type":"EntryPoint","urlTemplate":"https:\/\/mekruphy.com\/de\/?s={search_term_string}"},"query-input":{"@type":"PropertyValueSpecification","valueRequired":true,"valueName":"search_term_string"}}],"inLanguage":"de"}]}},"coauthors":[],"author_meta":{"author_link":"https:\/\/mekruphy.com\/de\/author\/steps-sync\/","display_name":"Steps Sync"},"relative_dates":{"created":"Ver\u00f6ffentlicht 6\u00a0Jahren vor","modified":"Aktualisiert 2\u00a0Wochen vor"},"absolute_dates":{"created":"Ver\u00f6ffentlicht am 15. Juli 2020","modified":"Aktualisiert am 31. M\u00e4rz 2026"},"absolute_dates_time":{"created":"Ver\u00f6ffentlicht am 15. Juli 2020 13:01","modified":"Aktualisiert am 31. M\u00e4rz 2026 10:13"},"featured_img_caption":"","featured_img":"https:\/\/mekruphy.com\/de\/wp-content\/uploads\/2020\/07\/KINDERGARTEN-3.jpg","series_order":"","_links":{"self":[{"href":"https:\/\/mekruphy.com\/de\/wp-json\/wp\/v2\/pages\/524","targetHints":{"allow":["GET"]}}],"collection":[{"href":"https:\/\/mekruphy.com\/de\/wp-json\/wp\/v2\/pages"}],"about":[{"href":"https:\/\/mekruphy.com\/de\/wp-json\/wp\/v2\/types\/page"}],"author":[{"embeddable":true,"href":"https:\/\/mekruphy.com\/de\/wp-json\/wp\/v2\/users\/3"}],"replies":[{"embeddable":true,"href":"https:\/\/mekruphy.com\/de\/wp-json\/wp\/v2\/comments?post=524"}],"version-history":[{"count":17,"href":"https:\/\/mekruphy.com\/de\/wp-json\/wp\/v2\/pages\/524\/revisions"}],"predecessor-version":[{"id":9327,"href":"https:\/\/mekruphy.com\/de\/wp-json\/wp\/v2\/pages\/524\/revisions\/9327"}],"up":[{"embeddable":true,"href":"https:\/\/mekruphy.com\/de\/wp-json\/wp\/v2\/pages\/640"}],"wp:featuredmedia":[{"embeddable":true,"href":"https:\/\/mekruphy.com\/de\/wp-json\/wp\/v2\/media\/1575"}],"wp:attachment":[{"href":"https:\/\/mekruphy.com\/de\/wp-json\/wp\/v2\/media?parent=524"}],"curies":[{"name":"wp","href":"https:\/\/api.w.org\/{rel}","templated":true}]}}