{"id":528,"date":"2020-07-15T13:01:38","date_gmt":"2020-07-15T11:01:38","guid":{"rendered":"https:\/\/mekruphy.com\/de\/experimentiersatz-kindergarten-4-pflanzen\/"},"modified":"2026-03-31T10:28:48","modified_gmt":"2026-03-31T08:28:48","slug":"experimentiersatz-kindergarten-4-pflanzen","status":"publish","type":"page","link":"https:\/\/mekruphy.com\/de\/produkte\/kindergarten\/experimentiersatz-kindergarten-4-pflanzen\/","title":{"rendered":"Experimentiersatz KINDERGARTEN 4 (Pflanzen)"},"content":{"rendered":"<div class=\"yoast-breadcrumbs breadcrumbs-indented\"><span><span><a href=\"https:\/\/mekruphy.com\/de\/\">Startseite<\/a><\/span> \u00bb <span><a href=\"https:\/\/mekruphy.com\/de\/produkte\/\">Produkte<\/a><\/span> \u00bb <span><a href=\"https:\/\/mekruphy.com\/de\/produkte\/kindergarten\/\">Kindergarten<\/a><\/span> \u00bb <span class=\"breadcrumb_last\" aria-current=\"page\">Experimentiersatz KINDERGARTEN 4 (Pflanzen)<\/span><\/span><\/div>\n\n\n<div class=\"wp-block-advgb-adv-tabs advgb-tabs-wrapper advgb-tab-horz-desktop advgb-tab-vert-tablet advgb-tab-stack-mobile advgb-tabs-2c494a1b-234f-40a9-ab4d-383963d2fba8\" data-tab-active=\"0\"><ul class=\"advgb-tabs-panel\" role=\"tablist\"><li class=\"advgb-tab advgb-tab-active\" role=\"presentation\" style=\"background-color:#e0e0e0;border-style:solid;border-width:1px;border-radius:10px\"><button class=\"advgb-tab-button\" id=\"advgb-tab-_494a1b-23-0\" aria-controls=\"advgb-tab-panel-_494a1b-23-0\" role=\"tab\" aria-selected=\"true\" tabindex=\"0\" style=\"color:#fff;background:none;border:none;width:100%;text-align:inherit;cursor:pointer;padding:8px 16px;font:inherit\"><span>Beschreibung<\/span><\/button><\/li><li class=\"advgb-tab \" role=\"presentation\" style=\"background-color:#e0e0e0;border-style:solid;border-width:1px;border-radius:10px\"><button class=\"advgb-tab-button\" id=\"advgb-tab-_494a1b-23-1\" aria-controls=\"advgb-tab-panel-_494a1b-23-1\" role=\"tab\" aria-selected=\"false\" tabindex=\"0\" style=\"color:#fff;background:none;border:none;width:100%;text-align:inherit;cursor:pointer;padding:8px 16px;font:inherit\"><span>Lieferumfang<\/span><\/button><\/li><li class=\"advgb-tab \" role=\"presentation\" style=\"background-color:#e0e0e0;border-style:solid;border-width:1px;border-radius:10px\"><button class=\"advgb-tab-button\" id=\"advgb-tab-_494a1b-23-2\" aria-controls=\"advgb-tab-panel-_494a1b-23-2\" role=\"tab\" aria-selected=\"false\" tabindex=\"0\" style=\"color:#fff;background:none;border:none;width:100%;text-align:inherit;cursor:pointer;padding:8px 16px;font:inherit\"><span>Experimente<\/span><\/button><\/li><li class=\"advgb-tab \" role=\"presentation\" style=\"background-color:#e0e0e0;border-style:solid;border-width:1px;border-radius:10px\"><button class=\"advgb-tab-button\" id=\"advgb-tab-_494a1b-23-3\" aria-controls=\"advgb-tab-panel-_494a1b-23-3\" role=\"tab\" aria-selected=\"false\" tabindex=\"0\" style=\"color:#fff;background:none;border:none;width:100%;text-align:inherit;cursor:pointer;padding:8px 16px;font:inherit\"><span>Bilder<\/span><\/button><\/li><\/ul><div class=\"advgb-tab-body-wrapper\" style=\"border-style:solid;border-width:1px;border-radius:10px\">\n<div class=\"wp-block-advgb-tab advgb-tab-body-container\"><div class=\"advgb-tab-body-header advgb-tab-class- \" id=\"advgb-tab-panel-_bf82dc-18-0\" role=\"tabpanel\" aria-labelledby=\"advgb-tab-_bf82dc-18-0\" tabindex=\"0\"><span>Beschreibung<\/span><\/div><div class=\"advgb-tab-_bf82dc-18 advgb-tab-body\" aria-labelledby=\"advgb-tab-panel-_bf82dc-18-0\" style=\"display:none\">\n<h2 class=\"wp-block-heading\">Das Leben der Pflanzen<\/h2>\n\n\n\n<p>Drei- bis F\u00fcnfj\u00e4hrige haben ein gro\u00dfes Interesse an\u00a0ihrer Umwelt. Dazu geh\u00f6ren auch Pflanzen. Dabei interessieren sie vor allem folgende Fragen:\u00a0<\/p>\n\n\n\n<ul class=\"wp-block-list\"><li>Warum kann eine Blume leben, obwohl sie keine Nahrung zu sich nimmt?&nbsp;<\/li><li>Wie saugt eine Blume Wasser bis in die Bl\u00fctenbl\u00e4tter?&nbsp;<\/li><li>Wie kann aus einer Bohne eine ganze Pflanze werden?&nbsp;<\/li><li>Welche Aufgaben&nbsp;haben Wurzeln?&nbsp;<\/li><\/ul>\n\n\n\n<p>Mit dem Experimentiersatz KINDERGARTEN 4 k\u00f6nnen sie hierauf selbst die Antworten finden, aber auch viele weitere Ph\u00e4nomene wie die Wasserdurchl\u00e4ssigkeit von B\u00f6den, die Wasserversorgung der Pflanze sowie die Quellung und Keimung von Samen beobachten.<\/p>\n\n\n\n<h2 class=\"wp-block-heading\">Wasserdichte Wanne&nbsp;<\/h2>\n\n\n\n<p>Auch bei diesem Experimentiersatz l\u00e4sst sich der ger\u00e4tegeformte Einsatz an Griffen herausnehmen, so dass der lee\u00adre Kasten als Wasserwanne verwendet werden kann.<\/p>\n\n\n\n<p><\/p>\n\n\n\n<h3 class=\"wp-block-heading\" id=\"h-handreichung\">Handreichung<\/h3>\n\n\n\n<p>Passend zum Experimentiersatz KINDERGARTEN 4 gibt es ein eigenes <a href=\"https:\/\/mekruphy.com\/de\/produkte\/kindergarten\/kindergarten-handreichungen\/\">Heft<\/a> mit detaillierten Informationen zu den einzelnen Experi\u00admenten, didaktischen Hinweisen und L\u00f6sungsvorschl\u00e4gen.<\/p>\n<\/div><\/div>\n\n\n\n<div class=\"wp-block-advgb-tab advgb-tab-body-container\"><div class=\"advgb-tab-body-header advgb-tab-class- \" id=\"advgb-tab-panel-_bf82dc-18-1\" role=\"tabpanel\" aria-labelledby=\"advgb-tab-_bf82dc-18-1\" tabindex=\"0\"><span>Lieferumfang<\/span><\/div><div class=\"advgb-tab-_bf82dc-18 advgb-tab-body\" aria-labelledby=\"advgb-tab-panel-_bf82dc-18-1\" style=\"display:none\">\n<figure class=\"wp-block-table table-product-contents\"><table><tbody><tr><td>01.01.20<\/td><td>Aufbewahrungskasten<\/td><\/tr><tr><td>64.02.00<\/td><td>Ger\u00e4tegeformter Einsatz K4<\/td><\/tr><tr><td>30.03.20<\/td><td>Stiellupen, Vergr\u00f6\u00dferung 6x (4 St\u00fcck)<\/td><\/tr><tr><td>43.03.00<\/td><td>B\u00fcrette<\/td><\/tr><tr><td>64.04.00<\/td><td>B\u00fcrettenhalter<\/td><\/tr><tr><td>64.05.00<\/td><td>Reagenzglasst\u00e4nder K4 (4 St\u00fcck)<\/td><\/tr><tr><td>43.06.00<\/td><td>Kunststoffbecher 100 ml (4 St\u00fcck)<\/td><\/tr><tr><td>64.07.00<\/td><td>Kunststoffplatte rund K4<\/td><\/tr><tr><td>01.08.00<\/td><td>Stahlzylinder M1<\/td><\/tr><tr><td>43.08.00<\/td><td>Kunststoffplatte gebogen<\/td><\/tr><tr><td>63.08.00<\/td><td>Reagenzglas Kunststoff 100 mm (8 St\u00fcck)<\/td><\/tr><tr><td>20.09.00<\/td><td>Labormesser<\/td><\/tr><tr><td>43.09.00<\/td><td>Drahtnetz gebogen<\/td><\/tr><tr><td>64.10.00<\/td><td>Stativkopf (4 St\u00fcck)<\/td><\/tr><tr><td>64.11.00<\/td><td>Stativbein (12 St\u00fcck)<\/td><\/tr><tr><td>05.13.00<\/td><td>Stift mit Gewinde<\/td><\/tr><tr><td>64.17.00<\/td><td>Stativstange K4 (8 St\u00fcck)<\/td><\/tr><tr><td>30.22.00<\/td><td>100 Filterpapierstreifen in Beh\u00e4lter B1<\/td><\/tr><\/tbody><\/table><\/figure>\n<\/div><\/div>\n\n\n\n<div class=\"wp-block-advgb-tab advgb-tab-body-container\"><div class=\"advgb-tab-body-header advgb-tab-class- header-active\" id=\"advgb-tab-panel-_bf82dc-18-2\" role=\"tabpanel\" aria-labelledby=\"advgb-tab-_bf82dc-18-2\" tabindex=\"0\"><span>Experimente<\/span><\/div><div class=\"advgb-tab-_bf82dc-18 advgb-tab-body\" aria-labelledby=\"advgb-tab-panel-_bf82dc-18-2\" style=\"display:block\">\n<figure class=\"wp-block-table table-product-experiments\"><table><tbody><tr><td>K4-1<\/td><td>Kann man Blumen h\u00f6ren?\u00a0<\/td><\/tr><tr><td>K4-2<\/td><td>Warum l\u00e4sst die Blume den Kopf h\u00e4ngen?\u00a0<\/td><\/tr><tr><td>K4-3<\/td><td>Haben Blumen eine Wasserleitung?\u00a0<\/td><\/tr><tr><td>K4-4<\/td><td>Wie sieht der St\u00e4ngel innen aus?\u00a0<\/td><\/tr><tr><td>K4-5<\/td><td>Wie kann das Wasser nach oben steigen?\u00a0<\/td><\/tr><tr><td>K4-6<\/td><td>Gibt die Pflanze auch wieder Wasser zur\u00fcck?\u00a0<\/td><\/tr><tr><td>K4-7<\/td><td>Sand oder Humus?\u00a0<\/td><\/tr><tr><td>K4-8<\/td><td>Warum f\u00e4llt die Blume nicht um?\u00a0<\/td><\/tr><tr><td>K4-9<\/td><td>Wer h\u00e4lt die Erde fest?\u00a0<\/td><\/tr><tr><td>K4-10<\/td><td>Schlafen Blumen nachts?\u00a0<\/td><\/tr><tr><td>K4-11<\/td><td>Warum bl\u00fchen manche Blumen so fr\u00fch im Jahr?\u00a0<\/td><\/tr><tr><td>K4-12<\/td><td>Wie kann ein Bohnenkern wachsen?\u00a0<\/td><\/tr><tr><td>K4-13<\/td><td>Wie sieht ein Bohnenkern innen aus?\u00a0<\/td><\/tr><tr><td>K4-14<\/td><td>Wie stark sind Bohnenkerne?\u00a0<\/td><\/tr><\/tbody><\/table><\/figure>\n<\/div><\/div>\n\n\n\n<div class=\"wp-block-advgb-tab advgb-tab-body-container\"><div class=\"advgb-tab-body-header advgb-tab-class-undefined \" id=\"advgb-tab-panel-_bf82dc-18-3\" role=\"tabpanel\" aria-labelledby=\"advgb-tab-_bf82dc-18-3\" tabindex=\"0\"><span>Bilder<\/span><\/div><div class=\"advgb-tab-_bf82dc-18 advgb-tab-body\" aria-labelledby=\"advgb-tab-panel-_bf82dc-18-3\" style=\"display:none\"><div class=\"wp-block-image\">\n<figure class=\"aligncenter size-large is-resized\"><img loading=\"lazy\" decoding=\"async\" width=\"531\" height=\"569\" src=\"https:\/\/mekruphy.com\/de\/wp-content\/uploads\/2021\/03\/K4_1.png\" alt=\"Experiment zur Papillarwirkung\" class=\"wp-image-3328\" style=\"width:510px;height:547px\" srcset=\"https:\/\/mekruphy.com\/de\/wp-content\/uploads\/2021\/03\/K4_1.png 531w, https:\/\/mekruphy.com\/de\/wp-content\/uploads\/2021\/03\/K4_1-280x300.png 280w\" sizes=\"auto, (max-width: 531px) 100vw, 531px\" \/><\/figure>\n<\/div>\n\n\n<p>&nbsp;<\/p>\n\n\n<div class=\"wp-block-image\">\n<figure class=\"aligncenter size-large is-resized\"><img loading=\"lazy\" decoding=\"async\" width=\"519\" height=\"488\" src=\"https:\/\/mekruphy.com\/de\/wp-content\/uploads\/2021\/03\/K4_2.png\" alt=\"Experiment mit Pflanzen\" class=\"wp-image-3329\" style=\"width:510px;height:479px\" srcset=\"https:\/\/mekruphy.com\/de\/wp-content\/uploads\/2021\/03\/K4_2.png 519w, https:\/\/mekruphy.com\/de\/wp-content\/uploads\/2021\/03\/K4_2-300x282.png 300w\" sizes=\"auto, (max-width: 519px) 100vw, 519px\" \/><\/figure>\n<\/div>\n\n\n<p>&nbsp;<\/p>\n\n\n<div class=\"wp-block-image\">\n<figure class=\"aligncenter size-large is-resized\"><img loading=\"lazy\" decoding=\"async\" width=\"505\" height=\"533\" src=\"https:\/\/mekruphy.com\/de\/wp-content\/uploads\/2021\/03\/K4_3.png\" alt=\"Kinder erforschen Bl\u00fctenbl\u00e4tter\" class=\"wp-image-3330\" style=\"width:510px;height:538px\" srcset=\"https:\/\/mekruphy.com\/de\/wp-content\/uploads\/2021\/03\/K4_3.png 505w, https:\/\/mekruphy.com\/de\/wp-content\/uploads\/2021\/03\/K4_3-284x300.png 284w\" sizes=\"auto, (max-width: 505px) 100vw, 505px\" \/><\/figure>\n<\/div><\/div><\/div>\n<\/div><\/div>\n<style class=\"advgb-styles-renderer\">.advgb-tabs-2c494a1b-234f-40a9-ab4d-383963d2fba8 ul.advgb-tabs-panel li.advgb-tab.advgb-tab-active {background-color:#5954d6 !important;color:#fff !important;}#advgb-tabs-2c494a1b-234f-40a9-ab4d-383963d2fba8 .advgb-tab-body-header.header-active, .advgb-tabs-2c494a1b-234f-40a9-ab4d-383963d2fba8 .advgb-tab-body-header.header-active{background-color:#5954d6 !important;color:#fff !important;}<\/style>","protected":false},"excerpt":{"rendered":"","protected":false},"author":3,"featured_media":1579,"parent":640,"menu_order":0,"comment_status":"closed","ping_status":"closed","template":"templates\/product.php","meta":{"_acf_changed":false,"_coblocks_attr":"","_coblocks_dimensions":"","_coblocks_responsive_height":"","_coblocks_accordion_ie_support":"","_eb_attr":"","advgb_blocks_editor_width":"","advgb_blocks_columns_visual_guide":"","footnotes":""},"class_list":["post-528","page","type-page","status-publish","has-post-thumbnail","hentry"],"acf":[],"yoast_head":"<!-- This site is optimized with the Yoast SEO plugin v27.3 - https:\/\/yoast.com\/product\/yoast-seo-wordpress\/ -->\n<title>Experimentiersatz KINDERGARTEN 4 (Pflanzen) - MEKRUPHY GmbH<\/title>\n<meta name=\"description\" content=\"Drei- bis F\u00fcnfj\u00e4hrige haben ein gro\u00dfes Interesse an ihrer Umwelt. Dazu geh\u00f6ren auch Pflanzen, die sie mit diesem Kasten erforschen k\u00f6nnen.\" \/>\n<meta name=\"robots\" content=\"index, follow, max-snippet:-1, max-image-preview:large, max-video-preview:-1\" \/>\n<link rel=\"canonical\" href=\"https:\/\/mekruphy.com\/de\/produkte\/kindergarten\/experimentiersatz-kindergarten-4-pflanzen\/\" \/>\n<meta property=\"og:locale\" content=\"de_DE\" \/>\n<meta property=\"og:type\" content=\"article\" \/>\n<meta property=\"og:title\" content=\"Experimentiersatz KINDERGARTEN 4 (Pflanzen) - MEKRUPHY GmbH\" \/>\n<meta property=\"og:description\" content=\"Drei- bis F\u00fcnfj\u00e4hrige haben ein gro\u00dfes Interesse an ihrer Umwelt. Dazu geh\u00f6ren auch Pflanzen, die sie mit diesem Kasten erforschen k\u00f6nnen.\" \/>\n<meta property=\"og:url\" content=\"https:\/\/mekruphy.com\/de\/produkte\/kindergarten\/experimentiersatz-kindergarten-4-pflanzen\/\" \/>\n<meta property=\"og:site_name\" content=\"MEKRUPHY GmbH\" \/>\n<meta property=\"article:modified_time\" content=\"2026-03-31T08:28:48+00:00\" \/>\n<meta property=\"og:image\" content=\"https:\/\/mekruphy.com\/de\/wp-content\/uploads\/2020\/07\/KINDERGARTEN-4.jpg\" \/>\n\t<meta property=\"og:image:width\" content=\"1800\" \/>\n\t<meta property=\"og:image:height\" content=\"1389\" \/>\n\t<meta property=\"og:image:type\" content=\"image\/jpeg\" \/>\n<meta name=\"twitter:card\" content=\"summary_large_image\" \/>\n<meta name=\"twitter:label1\" content=\"Gesch\u00e4tzte Lesezeit\" \/>\n\t<meta name=\"twitter:data1\" content=\"4\u00a0Minuten\" \/>\n<script type=\"application\/ld+json\" class=\"yoast-schema-graph\">{\"@context\":\"https:\\\/\\\/schema.org\",\"@graph\":[{\"@type\":\"WebPage\",\"@id\":\"https:\\\/\\\/mekruphy.com\\\/de\\\/produkte\\\/kindergarten\\\/experimentiersatz-kindergarten-4-pflanzen\\\/\",\"url\":\"https:\\\/\\\/mekruphy.com\\\/de\\\/produkte\\\/kindergarten\\\/experimentiersatz-kindergarten-4-pflanzen\\\/\",\"name\":\"Experimentiersatz KINDERGARTEN 4 (Pflanzen) - MEKRUPHY GmbH\",\"isPartOf\":{\"@id\":\"https:\\\/\\\/mekruphy.com\\\/de\\\/#website\"},\"primaryImageOfPage\":{\"@id\":\"https:\\\/\\\/mekruphy.com\\\/de\\\/produkte\\\/kindergarten\\\/experimentiersatz-kindergarten-4-pflanzen\\\/#primaryimage\"},\"image\":{\"@id\":\"https:\\\/\\\/mekruphy.com\\\/de\\\/produkte\\\/kindergarten\\\/experimentiersatz-kindergarten-4-pflanzen\\\/#primaryimage\"},\"thumbnailUrl\":\"https:\\\/\\\/mekruphy.com\\\/de\\\/wp-content\\\/uploads\\\/2020\\\/07\\\/KINDERGARTEN-4.jpg\",\"datePublished\":\"2020-07-15T11:01:38+00:00\",\"dateModified\":\"2026-03-31T08:28:48+00:00\",\"description\":\"Drei- bis F\u00fcnfj\u00e4hrige haben ein gro\u00dfes Interesse an ihrer Umwelt. Dazu geh\u00f6ren auch Pflanzen, die sie mit diesem Kasten erforschen k\u00f6nnen.\",\"breadcrumb\":{\"@id\":\"https:\\\/\\\/mekruphy.com\\\/de\\\/produkte\\\/kindergarten\\\/experimentiersatz-kindergarten-4-pflanzen\\\/#breadcrumb\"},\"inLanguage\":\"de\",\"potentialAction\":[{\"@type\":\"ReadAction\",\"target\":[\"https:\\\/\\\/mekruphy.com\\\/de\\\/produkte\\\/kindergarten\\\/experimentiersatz-kindergarten-4-pflanzen\\\/\"]}]},{\"@type\":\"ImageObject\",\"inLanguage\":\"de\",\"@id\":\"https:\\\/\\\/mekruphy.com\\\/de\\\/produkte\\\/kindergarten\\\/experimentiersatz-kindergarten-4-pflanzen\\\/#primaryimage\",\"url\":\"https:\\\/\\\/mekruphy.com\\\/de\\\/wp-content\\\/uploads\\\/2020\\\/07\\\/KINDERGARTEN-4.jpg\",\"contentUrl\":\"https:\\\/\\\/mekruphy.com\\\/de\\\/wp-content\\\/uploads\\\/2020\\\/07\\\/KINDERGARTEN-4.jpg\",\"width\":1800,\"height\":1389},{\"@type\":\"BreadcrumbList\",\"@id\":\"https:\\\/\\\/mekruphy.com\\\/de\\\/produkte\\\/kindergarten\\\/experimentiersatz-kindergarten-4-pflanzen\\\/#breadcrumb\",\"itemListElement\":[{\"@type\":\"ListItem\",\"position\":1,\"name\":\"Startseite\",\"item\":\"https:\\\/\\\/mekruphy.com\\\/de\\\/\"},{\"@type\":\"ListItem\",\"position\":2,\"name\":\"Produkte\",\"item\":\"https:\\\/\\\/mekruphy.com\\\/de\\\/produkte\\\/\"},{\"@type\":\"ListItem\",\"position\":3,\"name\":\"Kindergarten\",\"item\":\"https:\\\/\\\/mekruphy.com\\\/de\\\/produkte\\\/kindergarten\\\/\"},{\"@type\":\"ListItem\",\"position\":4,\"name\":\"Experimentiersatz KINDERGARTEN 4 (Pflanzen)\"}]},{\"@type\":\"WebSite\",\"@id\":\"https:\\\/\\\/mekruphy.com\\\/de\\\/#website\",\"url\":\"https:\\\/\\\/mekruphy.com\\\/de\\\/\",\"name\":\"MEKRUPHY GmbH\",\"description\":\"Sch\u00fcler-Experimentierk\u00e4sten f\u00fcr den MINT-Unterricht\",\"potentialAction\":[{\"@type\":\"SearchAction\",\"target\":{\"@type\":\"EntryPoint\",\"urlTemplate\":\"https:\\\/\\\/mekruphy.com\\\/de\\\/?s={search_term_string}\"},\"query-input\":{\"@type\":\"PropertyValueSpecification\",\"valueRequired\":true,\"valueName\":\"search_term_string\"}}],\"inLanguage\":\"de\"}]}<\/script>\n<!-- \/ Yoast SEO plugin. -->","yoast_head_json":{"title":"Experimentiersatz KINDERGARTEN 4 (Pflanzen) - MEKRUPHY GmbH","description":"Drei- bis F\u00fcnfj\u00e4hrige haben ein gro\u00dfes Interesse an ihrer Umwelt. Dazu geh\u00f6ren auch Pflanzen, die sie mit diesem Kasten erforschen k\u00f6nnen.","robots":{"index":"index","follow":"follow","max-snippet":"max-snippet:-1","max-image-preview":"max-image-preview:large","max-video-preview":"max-video-preview:-1"},"canonical":"https:\/\/mekruphy.com\/de\/produkte\/kindergarten\/experimentiersatz-kindergarten-4-pflanzen\/","og_locale":"de_DE","og_type":"article","og_title":"Experimentiersatz KINDERGARTEN 4 (Pflanzen) - MEKRUPHY GmbH","og_description":"Drei- bis F\u00fcnfj\u00e4hrige haben ein gro\u00dfes Interesse an ihrer Umwelt. Dazu geh\u00f6ren auch Pflanzen, die sie mit diesem Kasten erforschen k\u00f6nnen.","og_url":"https:\/\/mekruphy.com\/de\/produkte\/kindergarten\/experimentiersatz-kindergarten-4-pflanzen\/","og_site_name":"MEKRUPHY GmbH","article_modified_time":"2026-03-31T08:28:48+00:00","og_image":[{"width":1800,"height":1389,"url":"https:\/\/mekruphy.com\/de\/wp-content\/uploads\/2020\/07\/KINDERGARTEN-4.jpg","type":"image\/jpeg"}],"twitter_card":"summary_large_image","twitter_misc":{"Gesch\u00e4tzte Lesezeit":"4\u00a0Minuten"},"schema":{"@context":"https:\/\/schema.org","@graph":[{"@type":"WebPage","@id":"https:\/\/mekruphy.com\/de\/produkte\/kindergarten\/experimentiersatz-kindergarten-4-pflanzen\/","url":"https:\/\/mekruphy.com\/de\/produkte\/kindergarten\/experimentiersatz-kindergarten-4-pflanzen\/","name":"Experimentiersatz KINDERGARTEN 4 (Pflanzen) - MEKRUPHY GmbH","isPartOf":{"@id":"https:\/\/mekruphy.com\/de\/#website"},"primaryImageOfPage":{"@id":"https:\/\/mekruphy.com\/de\/produkte\/kindergarten\/experimentiersatz-kindergarten-4-pflanzen\/#primaryimage"},"image":{"@id":"https:\/\/mekruphy.com\/de\/produkte\/kindergarten\/experimentiersatz-kindergarten-4-pflanzen\/#primaryimage"},"thumbnailUrl":"https:\/\/mekruphy.com\/de\/wp-content\/uploads\/2020\/07\/KINDERGARTEN-4.jpg","datePublished":"2020-07-15T11:01:38+00:00","dateModified":"2026-03-31T08:28:48+00:00","description":"Drei- bis F\u00fcnfj\u00e4hrige haben ein gro\u00dfes Interesse an ihrer Umwelt. Dazu geh\u00f6ren auch Pflanzen, die sie mit diesem Kasten erforschen k\u00f6nnen.","breadcrumb":{"@id":"https:\/\/mekruphy.com\/de\/produkte\/kindergarten\/experimentiersatz-kindergarten-4-pflanzen\/#breadcrumb"},"inLanguage":"de","potentialAction":[{"@type":"ReadAction","target":["https:\/\/mekruphy.com\/de\/produkte\/kindergarten\/experimentiersatz-kindergarten-4-pflanzen\/"]}]},{"@type":"ImageObject","inLanguage":"de","@id":"https:\/\/mekruphy.com\/de\/produkte\/kindergarten\/experimentiersatz-kindergarten-4-pflanzen\/#primaryimage","url":"https:\/\/mekruphy.com\/de\/wp-content\/uploads\/2020\/07\/KINDERGARTEN-4.jpg","contentUrl":"https:\/\/mekruphy.com\/de\/wp-content\/uploads\/2020\/07\/KINDERGARTEN-4.jpg","width":1800,"height":1389},{"@type":"BreadcrumbList","@id":"https:\/\/mekruphy.com\/de\/produkte\/kindergarten\/experimentiersatz-kindergarten-4-pflanzen\/#breadcrumb","itemListElement":[{"@type":"ListItem","position":1,"name":"Startseite","item":"https:\/\/mekruphy.com\/de\/"},{"@type":"ListItem","position":2,"name":"Produkte","item":"https:\/\/mekruphy.com\/de\/produkte\/"},{"@type":"ListItem","position":3,"name":"Kindergarten","item":"https:\/\/mekruphy.com\/de\/produkte\/kindergarten\/"},{"@type":"ListItem","position":4,"name":"Experimentiersatz KINDERGARTEN 4 (Pflanzen)"}]},{"@type":"WebSite","@id":"https:\/\/mekruphy.com\/de\/#website","url":"https:\/\/mekruphy.com\/de\/","name":"MEKRUPHY GmbH","description":"Sch\u00fcler-Experimentierk\u00e4sten f\u00fcr den MINT-Unterricht","potentialAction":[{"@type":"SearchAction","target":{"@type":"EntryPoint","urlTemplate":"https:\/\/mekruphy.com\/de\/?s={search_term_string}"},"query-input":{"@type":"PropertyValueSpecification","valueRequired":true,"valueName":"search_term_string"}}],"inLanguage":"de"}]}},"coauthors":[],"author_meta":{"author_link":"https:\/\/mekruphy.com\/de\/author\/steps-sync\/","display_name":"Steps Sync"},"relative_dates":{"created":"Ver\u00f6ffentlicht 6\u00a0Jahren vor","modified":"Aktualisiert 2\u00a0Wochen vor"},"absolute_dates":{"created":"Ver\u00f6ffentlicht am 15. Juli 2020","modified":"Aktualisiert am 31. M\u00e4rz 2026"},"absolute_dates_time":{"created":"Ver\u00f6ffentlicht am 15. Juli 2020 13:01","modified":"Aktualisiert am 31. M\u00e4rz 2026 10:28"},"featured_img_caption":"","featured_img":"https:\/\/mekruphy.com\/de\/wp-content\/uploads\/2020\/07\/KINDERGARTEN-4.jpg","series_order":"","_links":{"self":[{"href":"https:\/\/mekruphy.com\/de\/wp-json\/wp\/v2\/pages\/528","targetHints":{"allow":["GET"]}}],"collection":[{"href":"https:\/\/mekruphy.com\/de\/wp-json\/wp\/v2\/pages"}],"about":[{"href":"https:\/\/mekruphy.com\/de\/wp-json\/wp\/v2\/types\/page"}],"author":[{"embeddable":true,"href":"https:\/\/mekruphy.com\/de\/wp-json\/wp\/v2\/users\/3"}],"replies":[{"embeddable":true,"href":"https:\/\/mekruphy.com\/de\/wp-json\/wp\/v2\/comments?post=528"}],"version-history":[{"count":13,"href":"https:\/\/mekruphy.com\/de\/wp-json\/wp\/v2\/pages\/528\/revisions"}],"predecessor-version":[{"id":9332,"href":"https:\/\/mekruphy.com\/de\/wp-json\/wp\/v2\/pages\/528\/revisions\/9332"}],"up":[{"embeddable":true,"href":"https:\/\/mekruphy.com\/de\/wp-json\/wp\/v2\/pages\/640"}],"wp:featuredmedia":[{"embeddable":true,"href":"https:\/\/mekruphy.com\/de\/wp-json\/wp\/v2\/media\/1579"}],"wp:attachment":[{"href":"https:\/\/mekruphy.com\/de\/wp-json\/wp\/v2\/media?parent=528"}],"curies":[{"name":"wp","href":"https:\/\/api.w.org\/{rel}","templated":true}]}}