{"id":536,"date":"2020-07-15T13:02:02","date_gmt":"2020-07-15T11:02:02","guid":{"rendered":"https:\/\/mekruphy.com\/de\/experimentiersatz-grundschule-1-sehen-und-hoeren\/"},"modified":"2026-03-31T14:59:12","modified_gmt":"2026-03-31T12:59:12","slug":"experimentiersatz-grundschule-1-sehen-und-hoeren","status":"publish","type":"page","link":"https:\/\/mekruphy.com\/de\/produkte\/grundschule\/experimentiersatz-grundschule-1-sehen-und-hoeren\/","title":{"rendered":"Experimentiersatz GRUNDSCHULE 1 (Sehen und H\u00f6ren)"},"content":{"rendered":"<div class=\"yoast-breadcrumbs breadcrumbs-indented\"><span><span><a href=\"https:\/\/mekruphy.com\/de\/\">Startseite<\/a><\/span> \u00bb <span><a href=\"https:\/\/mekruphy.com\/de\/produkte\/\">Produkte<\/a><\/span> \u00bb <span><a href=\"https:\/\/mekruphy.com\/de\/produkte\/grundschule\/\">Grundschule<\/a><\/span> \u00bb <span class=\"breadcrumb_last\" aria-current=\"page\">Experimentiersatz GRUNDSCHULE 1 (Sehen und H\u00f6ren)<\/span><\/span><\/div>\n\n\n<div class=\"wp-block-advgb-adv-tabs advgb-tabs-wrapper advgb-tab-horz-desktop advgb-tab-vert-tablet advgb-tab-stack-mobile advgb-tabs-a3cf62e8-b4bb-44c0-8c17-0e5529e171e5\" data-tab-active=\"0\"><ul class=\"advgb-tabs-panel\" role=\"tablist\"><li class=\"advgb-tab advgb-tab-active\" role=\"presentation\" style=\"background-color:#e0e0e0;border-style:solid;border-width:1px;border-radius:10px\"><button class=\"advgb-tab-button\" id=\"advgb-tab-_cf62e8-b4-0\" aria-controls=\"advgb-tab-panel-_cf62e8-b4-0\" role=\"tab\" aria-selected=\"true\" tabindex=\"0\" style=\"color:#fff;background:none;border:none;width:100%;text-align:inherit;cursor:pointer;padding:8px 16px;font:inherit\"><span>Beschreibung<\/span><\/button><\/li><li class=\"advgb-tab \" role=\"presentation\" style=\"background-color:#e0e0e0;border-style:solid;border-width:1px;border-radius:10px\"><button class=\"advgb-tab-button\" id=\"advgb-tab-_cf62e8-b4-1\" aria-controls=\"advgb-tab-panel-_cf62e8-b4-1\" role=\"tab\" aria-selected=\"false\" tabindex=\"0\" style=\"color:#fff;background:none;border:none;width:100%;text-align:inherit;cursor:pointer;padding:8px 16px;font:inherit\"><span>Lieferumfang<\/span><\/button><\/li><li class=\"advgb-tab \" role=\"presentation\" style=\"background-color:#e0e0e0;border-style:solid;border-width:1px;border-radius:10px\"><button class=\"advgb-tab-button\" id=\"advgb-tab-_cf62e8-b4-2\" aria-controls=\"advgb-tab-panel-_cf62e8-b4-2\" role=\"tab\" aria-selected=\"false\" tabindex=\"0\" style=\"color:#fff;background:none;border:none;width:100%;text-align:inherit;cursor:pointer;padding:8px 16px;font:inherit\"><span>Experimente<\/span><\/button><\/li><li class=\"advgb-tab \" role=\"presentation\" style=\"background-color:#e0e0e0;border-style:solid;border-width:1px;border-radius:10px\"><button class=\"advgb-tab-button\" id=\"advgb-tab-_cf62e8-b4-3\" aria-controls=\"advgb-tab-panel-_cf62e8-b4-3\" role=\"tab\" aria-selected=\"false\" tabindex=\"0\" style=\"color:#fff;background:none;border:none;width:100%;text-align:inherit;cursor:pointer;padding:8px 16px;font:inherit\"><span>Bilder<\/span><\/button><\/li><\/ul><div class=\"advgb-tab-body-wrapper\" style=\"border-style:solid;border-width:1px;border-radius:10px\">\n<div class=\"wp-block-advgb-tab advgb-tab-body-container\"><div class=\"advgb-tab-body-header advgb-tab-class- header-active\" id=\"advgb-tab-panel-_9ca905-c8-0\" role=\"tabpanel\" aria-labelledby=\"advgb-tab-_9ca905-c8-0\" tabindex=\"0\"><span>Beschreibung<\/span><\/div><div class=\"advgb-tab-_9ca905-c8 advgb-tab-body\" aria-labelledby=\"advgb-tab-panel-_9ca905-c8-0\" style=\"display:block\">\n<h2 class=\"wp-block-heading\" id=\"freude-am-experimentieren\">Freude am Experimentieren<\/h2>\n\n\n\n<p>Mit dem Experimentiersatz SEHEN und H\u00d6REN sind die Sch\u00fclerinnen und Sch\u00fcler von Anfang an mit Begeisterung dabei, denn sie finden selbst Antworten auf Fragen wie:<\/p>\n\n\n\n<ul class=\"wp-block-list\"><li>Wie sieht man eigentlich?<\/li><li>Welche Funktion hat die Pupille und warum braucht es zwei Augen?<\/li><li>Woher kommen die Farben im <a href=\"https:\/\/de.wikipedia.org\/wiki\/Regenbogen\" target=\"_blank\" rel=\"noreferrer noopener\">Regenbogen<\/a> und bei den Herbstbl\u00e4ttern?<\/li><li>Was kann unser Ohr und wozu brauchen wir zwei davon?<\/li><li>Wie kann man mit einer Schnur telefonieren?<\/li><\/ul>\n\n\n\n<h3 class=\"wp-block-heading\" id=\"partnerarbeit-und-klassenexperiment\">Partnerarbeit und Klassenexperiment<\/h3>\n\n\n\n<p>Die Experimente zum Themenbereich SEHEN und H\u00d6REN werden in der Regel in Zweiergruppen durchgef\u00fchrt. Allerdings sind auch Klassenexperimente vorgesehen. Dadurch wird neben dem Erleben des gemeinsamen Experimentierens vor allem das Verantwortungsbewusstsein, die R\u00fccksichtnahme und der Zusammenhalt in der Klasse gef\u00f6rdert.<\/p>\n\n\n\n<h3 class=\"wp-block-heading\" id=\"multifunktionaler-einsatz\">Multifunktionaler Einsatz&nbsp;<\/h3>\n\n\n\n<p>Vielseitig einsetzbare Ger\u00e4te sparen nicht nur Kosten, sondern sorgen auch daf\u00fcr, dass der Kasten SEHEN und H\u00d6REN \u00fcbersichtlich bleibt. Vor allem f\u00f6rdern sie die Kreativit\u00e4t der Sch\u00fclerinnen und Sch\u00fcler. So ist beispielsweise der Verl\u00e4ngerungsstab f\u00fcr den Linsenhalter sowohl Objekt f\u00fcr die Schattenbildung als auch Anschlaghammer f\u00fcr die Klangplatten.<\/p>\n\n\n\n<h3 class=\"wp-block-heading\" id=\"h-handreichung\">Handreichung<\/h3>\n\n\n\n<p>Passend zum Experimentiersatz GRUNDSCHULE 1 gibt es ein eigenes <a href=\"https:\/\/mekruphy.com\/de\/produkte\/grundschule\/grundschule-handreichungen\/\">Heft<\/a> mit detaillierten Informationen zu den einzelnen Experi\u00admenten, didaktischen Hinweisen und L\u00f6sungsvorschl\u00e4gen.<\/p>\n<\/div><\/div>\n\n\n\n<div class=\"wp-block-advgb-tab advgb-tab-body-container\"><div class=\"advgb-tab-body-header advgb-tab-class- \" id=\"advgb-tab-panel-_9ca905-c8-1\" role=\"tabpanel\" aria-labelledby=\"advgb-tab-_9ca905-c8-1\" tabindex=\"0\"><span>Lieferumfang<\/span><\/div><div class=\"advgb-tab-_9ca905-c8 advgb-tab-body\" aria-labelledby=\"advgb-tab-panel-_9ca905-c8-1\" style=\"display:none\">\n<figure class=\"wp-block-table table-product-contents\"><table><tbody><tr><td>01.01.10<\/td><td>Aufbewahrungskasten<\/td><\/tr><tr><td>41.02.50<\/td><td>Ger\u00e4tegeformter Einsatz P1<\/td><\/tr><tr><td>41.03.00<\/td><td>Stableuchte (2 St\u00fcck)<\/td><\/tr><tr><td>41.04.20<\/td><td>Stabhalter<\/td><\/tr><tr><td>41.04.50<\/td><td>Verl\u00e4ngerungsstab P1<\/td><\/tr><tr><td>16.05.10<\/td><td>Glockenspielplatte C<\/td><\/tr><tr><td>16.05.20<\/td><td>Glockenspielplatte E<\/td><\/tr><tr><td>41.06.00<\/td><td>Schnur 80 cm in Dose<\/td><\/tr><tr><td>41.07.10<\/td><td>Wei\u00dfe Platte mit Farbfeldern<\/td><\/tr><tr><td>41.07.20<\/td><td>Plattenhalter mit Gewinde<\/td><\/tr><tr><td>41.08.00<\/td><td>Kreisel<\/td><\/tr><tr><td>41.09.50<\/td><td>Kunststofftrog 2-fach<\/td><\/tr><tr><td>41.10.00<\/td><td>Kunststoffbecher 50 ml<\/td><\/tr><tr><td>05.11.50<\/td><td>Linsenhalter mit Linse +100<\/td><\/tr><tr><td>41.11.10<\/td><td>R\u00e4ndelschraube schwarz P1<\/td><\/tr><tr><td>41.12.50<\/td><td>Schnur 160 cm in Dose<\/td><\/tr><tr><td>30.13.00<\/td><td>Mikroskopierschere<\/td><\/tr><tr><td>41.15.00<\/td><td>Filterpapierstreifen in Beh\u00e4lter P1<\/td><\/tr><tr><td>41.16.00<\/td><td>Transparentschirm P1<\/td><\/tr><tr><td>41.17.00<\/td><td>Schirmhalter P1<\/td><\/tr><tr><td>41.18.00<\/td><td>Telefondose (2 St\u00fcck)<\/td><\/tr><tr><td>05.25.00<\/td><td>Hohlprisma<\/td><\/tr><\/tbody><\/table><\/figure>\n<\/div><\/div>\n\n\n\n<div class=\"wp-block-advgb-tab advgb-tab-body-container\"><div class=\"advgb-tab-body-header advgb-tab-class- \" id=\"advgb-tab-panel-_9ca905-c8-2\" role=\"tabpanel\" aria-labelledby=\"advgb-tab-_9ca905-c8-2\" tabindex=\"0\"><span>Experimente<\/span><\/div><div class=\"advgb-tab-_9ca905-c8 advgb-tab-body\" aria-labelledby=\"advgb-tab-panel-_9ca905-c8-2\" style=\"display:none\">\n<p><\/p>\n\n\n\n<figure class=\"wp-block-table table-product-experiments\"><table><tbody><tr><td>G1-1<\/td><td>Licht und Sehen<\/td><\/tr><tr><td>G1-2<\/td><td>Bildentstehung im Auge&nbsp;<\/td><\/tr><tr><td>G1-3<\/td><td>Funktion der Pupille<\/td><\/tr><tr><td>G1-4<\/td><td>R\u00e4umliches Sehen&nbsp;<\/td><\/tr><tr><td>G1-5<\/td><td>Farbensehen und Lichtst\u00e4rke&nbsp;<\/td><\/tr><tr><td>G1-6<\/td><td>Farbensehen und Tr\u00e4gheit des Auges&nbsp;<\/td><\/tr><tr><td>G1-7<\/td><td>Reflexion des Lichts&nbsp;<\/td><\/tr><tr><td>G1-8<\/td><td>Brechung des Lichts&nbsp;<\/td><\/tr><tr><td>G1-9<\/td><td>Regenbogenfarben&nbsp;<\/td><\/tr><tr><td>G1-10<\/td><td>Blattfarbstoffe&nbsp;<\/td><\/tr><tr><td>G1-11<\/td><td>Farbe des Schattens&nbsp;<\/td><\/tr><tr><td>G1-12<\/td><td>Schattenbildung&nbsp;<\/td><\/tr><tr><td>G1-13<\/td><td>Schattengr\u00f6\u00dfe&nbsp;<\/td><\/tr><tr><td>G1-14<\/td><td>Halbschatten und Kernschatten&nbsp;<\/td><\/tr><tr><td>G1-15<\/td><td>Ton, Klang, Ger\u00e4usch, Knall&nbsp;<\/td><\/tr><tr><td>G1-16<\/td><td>Orientierung durch H\u00f6ren&nbsp;<\/td><\/tr><tr><td>G1-17<\/td><td>Schall\u00fcbertragung in festen Stoffen&nbsp;<\/td><\/tr><tr><td>G1-18<\/td><td>Das Schnurtelefon&nbsp;<\/td><\/tr><\/tbody><\/table><\/figure>\n<\/div><\/div>\n\n\n\n<div class=\"wp-block-advgb-tab advgb-tab-body-container\"><div class=\"advgb-tab-body-header advgb-tab-class-undefined \" id=\"advgb-tab-panel-_9ca905-c8-3\" role=\"tabpanel\" aria-labelledby=\"advgb-tab-_9ca905-c8-3\" tabindex=\"0\"><span>Bilder<\/span><\/div><div class=\"advgb-tab-_9ca905-c8 advgb-tab-body\" aria-labelledby=\"advgb-tab-panel-_9ca905-c8-3\" style=\"display:none\"><div class=\"wp-block-image\">\n<figure class=\"aligncenter size-large is-resized\"><img loading=\"lazy\" decoding=\"async\" width=\"551\" height=\"594\" src=\"https:\/\/mekruphy.com\/de\/wp-content\/uploads\/2021\/03\/SH_1.png\" alt=\"Sch\u00fclerversuch Sehen\" class=\"wp-image-3271\" style=\"width:510px;height:550px\" srcset=\"https:\/\/mekruphy.com\/de\/wp-content\/uploads\/2021\/03\/SH_1.png 551w, https:\/\/mekruphy.com\/de\/wp-content\/uploads\/2021\/03\/SH_1-278x300.png 278w\" sizes=\"auto, (max-width: 551px) 100vw, 551px\" \/><\/figure>\n<\/div>\n\n\n<p>&nbsp;<\/p>\n\n\n<div class=\"wp-block-image\">\n<figure class=\"aligncenter size-large is-resized\"><img loading=\"lazy\" decoding=\"async\" width=\"568\" height=\"600\" src=\"https:\/\/mekruphy.com\/de\/wp-content\/uploads\/2021\/03\/SH_2.png\" alt=\"Sch\u00fclerexperiment Sehen\" class=\"wp-image-3272\" style=\"width:510px;height:539px\" srcset=\"https:\/\/mekruphy.com\/de\/wp-content\/uploads\/2021\/03\/SH_2.png 568w, https:\/\/mekruphy.com\/de\/wp-content\/uploads\/2021\/03\/SH_2-284x300.png 284w\" sizes=\"auto, (max-width: 568px) 100vw, 568px\" \/><\/figure>\n<\/div>\n\n\n<p>&nbsp;<\/p>\n\n\n<div class=\"wp-block-image\">\n<figure class=\"aligncenter size-large is-resized\"><img loading=\"lazy\" decoding=\"async\" width=\"537\" height=\"537\" src=\"https:\/\/mekruphy.com\/de\/wp-content\/uploads\/2021\/03\/G1_2-1.png\" alt=\"Sch\u00fclerexperiment h\u00f6ren\" class=\"wp-image-3291\" style=\"width:510px;height:510px\" srcset=\"https:\/\/mekruphy.com\/de\/wp-content\/uploads\/2021\/03\/G1_2-1.png 537w, https:\/\/mekruphy.com\/de\/wp-content\/uploads\/2021\/03\/G1_2-1-300x300.png 300w, https:\/\/mekruphy.com\/de\/wp-content\/uploads\/2021\/03\/G1_2-1-150x150.png 150w\" sizes=\"auto, (max-width: 537px) 100vw, 537px\" \/><\/figure>\n<\/div>\n\n\n<p>&nbsp;<\/p>\n\n\n<div class=\"wp-block-image\">\n<figure class=\"aligncenter size-large is-resized\"><img loading=\"lazy\" decoding=\"async\" width=\"324\" height=\"328\" src=\"https:\/\/mekruphy.com\/de\/wp-content\/uploads\/2021\/03\/SH_3.png\" alt=\"Sch\u00fclerversuch H\u00f6ren Akustik\" class=\"wp-image-3273\" style=\"width:510px;height:516px\" srcset=\"https:\/\/mekruphy.com\/de\/wp-content\/uploads\/2021\/03\/SH_3.png 324w, https:\/\/mekruphy.com\/de\/wp-content\/uploads\/2021\/03\/SH_3-296x300.png 296w\" sizes=\"auto, (max-width: 324px) 100vw, 324px\" \/><\/figure>\n<\/div><\/div><\/div>\n<\/div><\/div>\n<style class=\"advgb-styles-renderer\">.advgb-tabs-a3cf62e8-b4bb-44c0-8c17-0e5529e171e5 ul.advgb-tabs-panel li.advgb-tab.advgb-tab-active {background-color:#5954d6 !important;color:#fff !important;}#advgb-tabs-a3cf62e8-b4bb-44c0-8c17-0e5529e171e5 .advgb-tab-body-header.header-active, .advgb-tabs-a3cf62e8-b4bb-44c0-8c17-0e5529e171e5 .advgb-tab-body-header.header-active{background-color:#5954d6 !important;color:#fff !important;}<\/style>","protected":false},"excerpt":{"rendered":"","protected":false},"author":3,"featured_media":1727,"parent":622,"menu_order":0,"comment_status":"closed","ping_status":"closed","template":"templates\/product.php","meta":{"_acf_changed":false,"_coblocks_attr":"","_coblocks_dimensions":"","_coblocks_responsive_height":"","_coblocks_accordion_ie_support":"","_eb_attr":"","advgb_blocks_editor_width":"","advgb_blocks_columns_visual_guide":"","footnotes":""},"class_list":["post-536","page","type-page","status-publish","has-post-thumbnail","hentry"],"acf":[],"yoast_head":"<!-- This site is optimized with the Yoast SEO plugin v27.3 - https:\/\/yoast.com\/product\/yoast-seo-wordpress\/ -->\n<title>Experimentiersatz GRUNDSCHULE 1 (Sehen und H\u00f6ren) - MEKRUPHY GmbH<\/title>\n<meta name=\"description\" content=\"Die eigenen Sinne erkunden und deren Geheimnisse entr\u00e4tseln. Das gelingt mit dem Experimentierkasten Sehen und H\u00f6ren in Sch\u00fclerexperimenten.\" \/>\n<meta name=\"robots\" content=\"index, follow, max-snippet:-1, max-image-preview:large, max-video-preview:-1\" \/>\n<link rel=\"canonical\" href=\"https:\/\/mekruphy.com\/de\/produkte\/grundschule\/experimentiersatz-grundschule-1-sehen-und-hoeren\/\" \/>\n<meta property=\"og:locale\" content=\"de_DE\" \/>\n<meta property=\"og:type\" content=\"article\" \/>\n<meta property=\"og:title\" content=\"Experimentiersatz GRUNDSCHULE 1 (Sehen und H\u00f6ren) - MEKRUPHY GmbH\" \/>\n<meta property=\"og:description\" content=\"Die eigenen Sinne erkunden und deren Geheimnisse entr\u00e4tseln. Das gelingt mit dem Experimentierkasten Sehen und H\u00f6ren in Sch\u00fclerexperimenten.\" \/>\n<meta property=\"og:url\" content=\"https:\/\/mekruphy.com\/de\/produkte\/grundschule\/experimentiersatz-grundschule-1-sehen-und-hoeren\/\" \/>\n<meta property=\"og:site_name\" content=\"MEKRUPHY GmbH\" \/>\n<meta property=\"article:modified_time\" content=\"2026-03-31T12:59:12+00:00\" \/>\n<meta property=\"og:image\" content=\"https:\/\/mekruphy.com\/de\/wp-content\/uploads\/2020\/07\/Kasten-Grundschule-1-Sehen-H\u00f6ren.jpg\" \/>\n\t<meta property=\"og:image:width\" content=\"1800\" \/>\n\t<meta property=\"og:image:height\" content=\"1347\" \/>\n\t<meta property=\"og:image:type\" content=\"image\/jpeg\" \/>\n<meta name=\"twitter:card\" content=\"summary_large_image\" \/>\n<meta name=\"twitter:label1\" content=\"Gesch\u00e4tzte Lesezeit\" \/>\n\t<meta name=\"twitter:data1\" content=\"5\u00a0Minuten\" \/>\n<script type=\"application\/ld+json\" class=\"yoast-schema-graph\">{\"@context\":\"https:\\\/\\\/schema.org\",\"@graph\":[{\"@type\":\"WebPage\",\"@id\":\"https:\\\/\\\/mekruphy.com\\\/de\\\/produkte\\\/grundschule\\\/experimentiersatz-grundschule-1-sehen-und-hoeren\\\/\",\"url\":\"https:\\\/\\\/mekruphy.com\\\/de\\\/produkte\\\/grundschule\\\/experimentiersatz-grundschule-1-sehen-und-hoeren\\\/\",\"name\":\"Experimentiersatz GRUNDSCHULE 1 (Sehen und H\u00f6ren) - MEKRUPHY GmbH\",\"isPartOf\":{\"@id\":\"https:\\\/\\\/mekruphy.com\\\/de\\\/#website\"},\"primaryImageOfPage\":{\"@id\":\"https:\\\/\\\/mekruphy.com\\\/de\\\/produkte\\\/grundschule\\\/experimentiersatz-grundschule-1-sehen-und-hoeren\\\/#primaryimage\"},\"image\":{\"@id\":\"https:\\\/\\\/mekruphy.com\\\/de\\\/produkte\\\/grundschule\\\/experimentiersatz-grundschule-1-sehen-und-hoeren\\\/#primaryimage\"},\"thumbnailUrl\":\"https:\\\/\\\/mekruphy.com\\\/de\\\/wp-content\\\/uploads\\\/2020\\\/07\\\/Kasten-Grundschule-1-Sehen-H\u00f6ren.jpg\",\"datePublished\":\"2020-07-15T11:02:02+00:00\",\"dateModified\":\"2026-03-31T12:59:12+00:00\",\"description\":\"Die eigenen Sinne erkunden und deren Geheimnisse entr\u00e4tseln. Das gelingt mit dem Experimentierkasten Sehen und H\u00f6ren in Sch\u00fclerexperimenten.\",\"breadcrumb\":{\"@id\":\"https:\\\/\\\/mekruphy.com\\\/de\\\/produkte\\\/grundschule\\\/experimentiersatz-grundschule-1-sehen-und-hoeren\\\/#breadcrumb\"},\"inLanguage\":\"de\",\"potentialAction\":[{\"@type\":\"ReadAction\",\"target\":[\"https:\\\/\\\/mekruphy.com\\\/de\\\/produkte\\\/grundschule\\\/experimentiersatz-grundschule-1-sehen-und-hoeren\\\/\"]}]},{\"@type\":\"ImageObject\",\"inLanguage\":\"de\",\"@id\":\"https:\\\/\\\/mekruphy.com\\\/de\\\/produkte\\\/grundschule\\\/experimentiersatz-grundschule-1-sehen-und-hoeren\\\/#primaryimage\",\"url\":\"https:\\\/\\\/mekruphy.com\\\/de\\\/wp-content\\\/uploads\\\/2020\\\/07\\\/Kasten-Grundschule-1-Sehen-H\u00f6ren.jpg\",\"contentUrl\":\"https:\\\/\\\/mekruphy.com\\\/de\\\/wp-content\\\/uploads\\\/2020\\\/07\\\/Kasten-Grundschule-1-Sehen-H\u00f6ren.jpg\",\"width\":1800,\"height\":1347},{\"@type\":\"BreadcrumbList\",\"@id\":\"https:\\\/\\\/mekruphy.com\\\/de\\\/produkte\\\/grundschule\\\/experimentiersatz-grundschule-1-sehen-und-hoeren\\\/#breadcrumb\",\"itemListElement\":[{\"@type\":\"ListItem\",\"position\":1,\"name\":\"Startseite\",\"item\":\"https:\\\/\\\/mekruphy.com\\\/de\\\/\"},{\"@type\":\"ListItem\",\"position\":2,\"name\":\"Produkte\",\"item\":\"https:\\\/\\\/mekruphy.com\\\/de\\\/produkte\\\/\"},{\"@type\":\"ListItem\",\"position\":3,\"name\":\"Grundschule\",\"item\":\"https:\\\/\\\/mekruphy.com\\\/de\\\/produkte\\\/grundschule\\\/\"},{\"@type\":\"ListItem\",\"position\":4,\"name\":\"Experimentiersatz GRUNDSCHULE 1 (Sehen und H\u00f6ren)\"}]},{\"@type\":\"WebSite\",\"@id\":\"https:\\\/\\\/mekruphy.com\\\/de\\\/#website\",\"url\":\"https:\\\/\\\/mekruphy.com\\\/de\\\/\",\"name\":\"MEKRUPHY GmbH\",\"description\":\"Sch\u00fcler-Experimentierk\u00e4sten f\u00fcr den MINT-Unterricht\",\"potentialAction\":[{\"@type\":\"SearchAction\",\"target\":{\"@type\":\"EntryPoint\",\"urlTemplate\":\"https:\\\/\\\/mekruphy.com\\\/de\\\/?s={search_term_string}\"},\"query-input\":{\"@type\":\"PropertyValueSpecification\",\"valueRequired\":true,\"valueName\":\"search_term_string\"}}],\"inLanguage\":\"de\"}]}<\/script>\n<!-- \/ Yoast SEO plugin. -->","yoast_head_json":{"title":"Experimentiersatz GRUNDSCHULE 1 (Sehen und H\u00f6ren) - MEKRUPHY GmbH","description":"Die eigenen Sinne erkunden und deren Geheimnisse entr\u00e4tseln. Das gelingt mit dem Experimentierkasten Sehen und H\u00f6ren in Sch\u00fclerexperimenten.","robots":{"index":"index","follow":"follow","max-snippet":"max-snippet:-1","max-image-preview":"max-image-preview:large","max-video-preview":"max-video-preview:-1"},"canonical":"https:\/\/mekruphy.com\/de\/produkte\/grundschule\/experimentiersatz-grundschule-1-sehen-und-hoeren\/","og_locale":"de_DE","og_type":"article","og_title":"Experimentiersatz GRUNDSCHULE 1 (Sehen und H\u00f6ren) - MEKRUPHY GmbH","og_description":"Die eigenen Sinne erkunden und deren Geheimnisse entr\u00e4tseln. Das gelingt mit dem Experimentierkasten Sehen und H\u00f6ren in Sch\u00fclerexperimenten.","og_url":"https:\/\/mekruphy.com\/de\/produkte\/grundschule\/experimentiersatz-grundschule-1-sehen-und-hoeren\/","og_site_name":"MEKRUPHY GmbH","article_modified_time":"2026-03-31T12:59:12+00:00","og_image":[{"width":1800,"height":1347,"url":"https:\/\/mekruphy.com\/de\/wp-content\/uploads\/2020\/07\/Kasten-Grundschule-1-Sehen-H\u00f6ren.jpg","type":"image\/jpeg"}],"twitter_card":"summary_large_image","twitter_misc":{"Gesch\u00e4tzte Lesezeit":"5\u00a0Minuten"},"schema":{"@context":"https:\/\/schema.org","@graph":[{"@type":"WebPage","@id":"https:\/\/mekruphy.com\/de\/produkte\/grundschule\/experimentiersatz-grundschule-1-sehen-und-hoeren\/","url":"https:\/\/mekruphy.com\/de\/produkte\/grundschule\/experimentiersatz-grundschule-1-sehen-und-hoeren\/","name":"Experimentiersatz GRUNDSCHULE 1 (Sehen und H\u00f6ren) - MEKRUPHY GmbH","isPartOf":{"@id":"https:\/\/mekruphy.com\/de\/#website"},"primaryImageOfPage":{"@id":"https:\/\/mekruphy.com\/de\/produkte\/grundschule\/experimentiersatz-grundschule-1-sehen-und-hoeren\/#primaryimage"},"image":{"@id":"https:\/\/mekruphy.com\/de\/produkte\/grundschule\/experimentiersatz-grundschule-1-sehen-und-hoeren\/#primaryimage"},"thumbnailUrl":"https:\/\/mekruphy.com\/de\/wp-content\/uploads\/2020\/07\/Kasten-Grundschule-1-Sehen-H\u00f6ren.jpg","datePublished":"2020-07-15T11:02:02+00:00","dateModified":"2026-03-31T12:59:12+00:00","description":"Die eigenen Sinne erkunden und deren Geheimnisse entr\u00e4tseln. Das gelingt mit dem Experimentierkasten Sehen und H\u00f6ren in Sch\u00fclerexperimenten.","breadcrumb":{"@id":"https:\/\/mekruphy.com\/de\/produkte\/grundschule\/experimentiersatz-grundschule-1-sehen-und-hoeren\/#breadcrumb"},"inLanguage":"de","potentialAction":[{"@type":"ReadAction","target":["https:\/\/mekruphy.com\/de\/produkte\/grundschule\/experimentiersatz-grundschule-1-sehen-und-hoeren\/"]}]},{"@type":"ImageObject","inLanguage":"de","@id":"https:\/\/mekruphy.com\/de\/produkte\/grundschule\/experimentiersatz-grundschule-1-sehen-und-hoeren\/#primaryimage","url":"https:\/\/mekruphy.com\/de\/wp-content\/uploads\/2020\/07\/Kasten-Grundschule-1-Sehen-H\u00f6ren.jpg","contentUrl":"https:\/\/mekruphy.com\/de\/wp-content\/uploads\/2020\/07\/Kasten-Grundschule-1-Sehen-H\u00f6ren.jpg","width":1800,"height":1347},{"@type":"BreadcrumbList","@id":"https:\/\/mekruphy.com\/de\/produkte\/grundschule\/experimentiersatz-grundschule-1-sehen-und-hoeren\/#breadcrumb","itemListElement":[{"@type":"ListItem","position":1,"name":"Startseite","item":"https:\/\/mekruphy.com\/de\/"},{"@type":"ListItem","position":2,"name":"Produkte","item":"https:\/\/mekruphy.com\/de\/produkte\/"},{"@type":"ListItem","position":3,"name":"Grundschule","item":"https:\/\/mekruphy.com\/de\/produkte\/grundschule\/"},{"@type":"ListItem","position":4,"name":"Experimentiersatz GRUNDSCHULE 1 (Sehen und H\u00f6ren)"}]},{"@type":"WebSite","@id":"https:\/\/mekruphy.com\/de\/#website","url":"https:\/\/mekruphy.com\/de\/","name":"MEKRUPHY GmbH","description":"Sch\u00fcler-Experimentierk\u00e4sten f\u00fcr den MINT-Unterricht","potentialAction":[{"@type":"SearchAction","target":{"@type":"EntryPoint","urlTemplate":"https:\/\/mekruphy.com\/de\/?s={search_term_string}"},"query-input":{"@type":"PropertyValueSpecification","valueRequired":true,"valueName":"search_term_string"}}],"inLanguage":"de"}]}},"coauthors":[],"author_meta":{"author_link":"https:\/\/mekruphy.com\/de\/author\/steps-sync\/","display_name":"Steps Sync"},"relative_dates":{"created":"Ver\u00f6ffentlicht 6\u00a0Jahren vor","modified":"Aktualisiert 2\u00a0Wochen vor"},"absolute_dates":{"created":"Ver\u00f6ffentlicht am 15. Juli 2020","modified":"Aktualisiert am 31. M\u00e4rz 2026"},"absolute_dates_time":{"created":"Ver\u00f6ffentlicht am 15. Juli 2020 13:02","modified":"Aktualisiert am 31. M\u00e4rz 2026 14:59"},"featured_img_caption":"","featured_img":"https:\/\/mekruphy.com\/de\/wp-content\/uploads\/2020\/07\/Kasten-Grundschule-1-Sehen-H\u00f6ren.jpg","series_order":"","_links":{"self":[{"href":"https:\/\/mekruphy.com\/de\/wp-json\/wp\/v2\/pages\/536","targetHints":{"allow":["GET"]}}],"collection":[{"href":"https:\/\/mekruphy.com\/de\/wp-json\/wp\/v2\/pages"}],"about":[{"href":"https:\/\/mekruphy.com\/de\/wp-json\/wp\/v2\/types\/page"}],"author":[{"embeddable":true,"href":"https:\/\/mekruphy.com\/de\/wp-json\/wp\/v2\/users\/3"}],"replies":[{"embeddable":true,"href":"https:\/\/mekruphy.com\/de\/wp-json\/wp\/v2\/comments?post=536"}],"version-history":[{"count":15,"href":"https:\/\/mekruphy.com\/de\/wp-json\/wp\/v2\/pages\/536\/revisions"}],"predecessor-version":[{"id":9348,"href":"https:\/\/mekruphy.com\/de\/wp-json\/wp\/v2\/pages\/536\/revisions\/9348"}],"up":[{"embeddable":true,"href":"https:\/\/mekruphy.com\/de\/wp-json\/wp\/v2\/pages\/622"}],"wp:featuredmedia":[{"embeddable":true,"href":"https:\/\/mekruphy.com\/de\/wp-json\/wp\/v2\/media\/1727"}],"wp:attachment":[{"href":"https:\/\/mekruphy.com\/de\/wp-json\/wp\/v2\/media?parent=536"}],"curies":[{"name":"wp","href":"https:\/\/api.w.org\/{rel}","templated":true}]}}