{"id":540,"date":"2020-07-15T13:03:30","date_gmt":"2020-07-15T11:03:30","guid":{"rendered":"https:\/\/mekruphy.com\/de\/experimentiersatz-doppler-effekt\/"},"modified":"2022-02-23T16:31:41","modified_gmt":"2022-02-23T15:31:41","slug":"experimentiersatz-doppler-effekt","status":"publish","type":"page","link":"https:\/\/mekruphy.com\/de\/produkte\/physik\/akustik\/experimentiersatz-doppler-effekt\/","title":{"rendered":"Experimentiersatz DOPPLER-EFFEKT"},"content":{"rendered":"<div class=\"yoast-breadcrumbs breadcrumbs-indented\"><span><span><a href=\"https:\/\/mekruphy.com\/de\/\">Startseite<\/a><\/span> \u00bb <span><a href=\"https:\/\/mekruphy.com\/de\/produkte\/\">Produkte<\/a><\/span> \u00bb <span><a href=\"https:\/\/mekruphy.com\/de\/produkte\/physik\/\">Physik<\/a><\/span> \u00bb <span><a href=\"https:\/\/mekruphy.com\/de\/produkte\/physik\/akustik\/\">Akustik \/ Wellen<\/a><\/span> \u00bb <span class=\"breadcrumb_last\" aria-current=\"page\">Experimentiersatz DOPPLER-EFFEKT<\/span><\/span><\/div>\n\n\n<div class=\"wp-block-advgb-adv-tabs advgb-tabs-wrapper advgb-tab-horz-desktop advgb-tab-vert-tablet advgb-tab-stack-mobile advgb-tabs-21b61765-7339-4107-b83f-116d1f8f5513\" data-tab-active=\"0\"><ul class=\"advgb-tabs-panel\"><li class=\"advgb-tab\" style=\"background-color:#e0e0e0;border-style:solid;border-width:1px;border-radius:10px\"><a id=\"\" href=\"#advgb-tabs-tab0\" style=\"color:#fff\"><span>Beschreibung<\/span><\/a><\/li><li class=\"advgb-tab\" style=\"background-color:#e0e0e0;border-style:solid;border-width:1px;border-radius:10px\"><a id=\"\" href=\"#advgb-tabs-tab1\" style=\"color:#fff\"><span>Lieferumfang<\/span><\/a><\/li><li class=\"advgb-tab\" style=\"background-color:#e0e0e0;border-style:solid;border-width:1px;border-radius:10px\"><a id=\"\" href=\"#advgb-tabs-tab2\" style=\"color:#fff\"><span>Bilder<\/span><\/a><\/li><\/ul><div class=\"advgb-tab-body-wrapper\" style=\"border-style:solid;border-width:1px;border-radius:10px\">\n<div class=\"wp-block-advgb-tab advgb-tab-body-container\"><div class=\"advgb-tab-body-header advgb-tab-class-undefined\">Beschreibung<\/div><div class=\"advgb-tab-_bf82dc-18 advgb-tab-body\" aria-labelledby=\"advgb-tabs-tab0\">\n<h2 class=\"wp-block-heading\" id=\"hochste-prazision\">H\u00f6chste Pr\u00e4zision<\/h2>\n\n\n\n<p>Modernste Technik und hochempfindliche Sensoren im Experimentiersatz DOPPLER-EFFEKT machen es m\u00f6glich, dass der Dopp\u00adlereffekt nicht nur qualitativ, sondern vor allem auch quantitativ \u00e4u\u00dferst genau experimentell untersucht werden kann, und dies im Sch\u00fcler\u00adexperiment. Erreichen lineare Experimentier\u00adsysteme f\u00fcr die Geschwindigkeit des Senders gegen\u00fcber dem Empf\u00e4nger Werte von maxi\u00admal 0,5 m\/s, so werden bei diesem Kompakt\u00adger\u00e4t Geschwindigkeiten bis zu 35 m\/s er\u00adreicht. Dabei liegt der Vorteil nicht nur in der wesentlich h\u00f6heren Genauigkeit, sondern auch in der absoluten Rekonstruierbarkeit der Ausgangswerte.<\/p>\n\n\n\n<h3 class=\"wp-block-heading\" id=\"geschwindigkeit-sicherheit-und-visualisierung\">Geschwindigkeit, Sicherheit und Visualisierung<\/h3>\n\n\n\n<p>Die hohen Geschwindigkeitswerte werden durch eine Rotationsbewegung des Senders erreicht. Die Rotation erfolgt erst, wenn die Schutzhaube aus 4 mm starkem Acrylglas \u00fcber der Apparatur geschlossen ist. Dies wird durch Mikroschalter gew\u00e4hrleistet und bietet Sicherheit bei den Sch\u00fclerexperimenten.<\/p>\n\n\n\n<p>Die Messwerte k\u00f6nnen auf einem 64 x 47 mm gro\u00dfen Display mit Touchscreen direkt abge\u00adlesen und weiterverarbeitet werden.<\/p>\n\n\n\n<p>Die Stromversorgung erfolgt durch ein Ste\u00adcker-Netzger\u00e4t, das im Lieferumfang enthalten ist. Weiteres Zubeh\u00f6r ist f\u00fcr Sch\u00fclerexperimente mit dem Experimentiersatz DOPPLER-EFFEKT nicht n\u00f6tig.<\/p>\n\n\n\n<h3 class=\"wp-block-heading\" id=\"h-begleitmaterialien\">Begleitmaterialien<\/h3>\n\n\n\n<p>Passend zum Experimentiersatz DOPPLER-EFFEKT ist auch ein <a href=\"https:\/\/mekruphy.com\/de\/produkte\/physik\/physik-arbeitshefte\/\">Sch\u00fclerheft<\/a> in analoger und digitaler Form erh\u00e4ltlich.<\/p>\n<\/div><\/div>\n\n\n\n<div class=\"wp-block-advgb-tab advgb-tab-body-container\"><div class=\"advgb-tab-body-header advgb-tab-class-undefined\">Lieferumfang<\/div><div class=\"advgb-tab-_356d18-fc advgb-tab-body\" aria-labelledby=\"advgb-tabs-tab1\">\n<figure class=\"wp-block-table table-product-contents\"><table><tbody><tr><td>58.01.00<\/td><td>Doppler-Ger\u00e4t<\/td><\/tr><tr><td>57.02.00<\/td><td>Stecker-Netzger\u00e4t<\/td><\/tr><tr><td>57.03.00<\/td><td>Schutzhaube<\/td><\/tr><\/tbody><\/table><\/figure>\n\n\n\n<p><\/p>\n<\/div><\/div>\n\n\n\n<div class=\"wp-block-advgb-tab advgb-tab-body-container\"><div class=\"advgb-tab-body-header advgb-tab-class-undefined\">Bilder<\/div><div class=\"advgb-tab-_542b6b-da advgb-tab-body\" aria-labelledby=\"advgb-tabs-tab2\">\n<div class=\"wp-block-image\"><figure class=\"aligncenter size-large is-resized\"><img decoding=\"async\" src=\"https:\/\/mekruphy.com\/de\/wp-content\/uploads\/2021\/10\/DE-Experiment1-1024x683.jpg\" alt=\"Doppler-Effekt\" class=\"wp-image-3839\" width=\"750\" srcset=\"https:\/\/mekruphy.com\/de\/wp-content\/uploads\/2021\/10\/DE-Experiment1-1024x683.jpg 1024w, https:\/\/mekruphy.com\/de\/wp-content\/uploads\/2021\/10\/DE-Experiment1-300x200.jpg 300w, https:\/\/mekruphy.com\/de\/wp-content\/uploads\/2021\/10\/DE-Experiment1-768x512.jpg 768w, https:\/\/mekruphy.com\/de\/wp-content\/uploads\/2021\/10\/DE-Experiment1-1536x1024.jpg 1536w, https:\/\/mekruphy.com\/de\/wp-content\/uploads\/2021\/10\/DE-Experiment1-2048x1365.jpg 2048w, https:\/\/mekruphy.com\/de\/wp-content\/uploads\/2021\/10\/DE-Experiment1-1600x1067.jpg 1600w\" sizes=\"(max-width: 1024px) 100vw, 1024px\" \/><\/figure><\/div>\n\n\n\n<p>&nbsp;<\/p>\n\n\n\n<div class=\"wp-block-image\"><figure class=\"aligncenter size-large is-resized\"><img decoding=\"async\" src=\"https:\/\/mekruphy.com\/de\/wp-content\/uploads\/2021\/10\/DE-Experiment2-1024x683.jpg\" alt=\"DOPPLER-EFFEKT\" class=\"wp-image-3840\" width=\"750\" srcset=\"https:\/\/mekruphy.com\/de\/wp-content\/uploads\/2021\/10\/DE-Experiment2-1024x683.jpg 1024w, https:\/\/mekruphy.com\/de\/wp-content\/uploads\/2021\/10\/DE-Experiment2-300x200.jpg 300w, https:\/\/mekruphy.com\/de\/wp-content\/uploads\/2021\/10\/DE-Experiment2-768x512.jpg 768w, https:\/\/mekruphy.com\/de\/wp-content\/uploads\/2021\/10\/DE-Experiment2-1536x1024.jpg 1536w, https:\/\/mekruphy.com\/de\/wp-content\/uploads\/2021\/10\/DE-Experiment2-2048x1365.jpg 2048w, https:\/\/mekruphy.com\/de\/wp-content\/uploads\/2021\/10\/DE-Experiment2-1600x1067.jpg 1600w\" sizes=\"(max-width: 1024px) 100vw, 1024px\" \/><\/figure><\/div>\n<\/div><\/div>\n<\/div><\/div>\n\n\n\n<p><\/p>\n<style class=\"advgb-styles-renderer\">.advgb-tabs-21b61765-7339-4107-b83f-116d1f8f5513 ul.advgb-tabs-panel li.advgb-tab.advgb-tab-active {background-color:#5954d6 !important;color:#fff !important;}#advgb-tabs-21b61765-7339-4107-b83f-116d1f8f5513 .advgb-tab-body-header.header-active, .advgb-tabs-21b61765-7339-4107-b83f-116d1f8f5513 .advgb-tab-body-header.header-active{background-color:#5954d6 !important;color:#fff !important;}<\/style>","protected":false},"excerpt":{"rendered":"","protected":false},"author":3,"featured_media":3870,"parent":956,"menu_order":0,"comment_status":"closed","ping_status":"closed","template":"templates\/product.php","meta":{"_acf_changed":false,"_coblocks_attr":"","_coblocks_dimensions":"","_coblocks_responsive_height":"","_coblocks_accordion_ie_support":"","_eb_attr":"","advgb_blocks_editor_width":"","advgb_blocks_columns_visual_guide":"","footnotes":""},"class_list":["post-540","page","type-page","status-publish","has-post-thumbnail","hentry"],"acf":[],"yoast_head":"<!-- This site is optimized with the Yoast SEO plugin v27.4 - https:\/\/yoast.com\/product\/yoast-seo-wordpress\/ -->\n<title>Experimentiersatz DOPPLER-EFFEKT - MEKRUPHY GmbH<\/title>\n<meta name=\"description\" content=\"Modernste Technik und hochempfindliche Sensoren erm\u00f6glichen qualitative und quantitative Sch\u00fclerexperimente zum Dopplereffekt.\" \/>\n<meta name=\"robots\" content=\"index, follow, max-snippet:-1, max-image-preview:large, max-video-preview:-1\" \/>\n<link rel=\"canonical\" href=\"https:\/\/mekruphy.com\/de\/produkte\/physik\/akustik\/experimentiersatz-doppler-effekt\/\" \/>\n<meta property=\"og:locale\" content=\"de_DE\" \/>\n<meta property=\"og:type\" content=\"article\" \/>\n<meta property=\"og:title\" content=\"Experimentiersatz DOPPLER-EFFEKT - MEKRUPHY GmbH\" \/>\n<meta property=\"og:description\" content=\"Modernste Technik und hochempfindliche Sensoren erm\u00f6glichen qualitative und quantitative Sch\u00fclerexperimente zum Dopplereffekt.\" \/>\n<meta property=\"og:url\" content=\"https:\/\/mekruphy.com\/de\/produkte\/physik\/akustik\/experimentiersatz-doppler-effekt\/\" \/>\n<meta property=\"og:site_name\" content=\"MEKRUPHY GmbH\" \/>\n<meta property=\"article:modified_time\" content=\"2022-02-23T15:31:41+00:00\" \/>\n<meta property=\"og:image\" content=\"https:\/\/mekruphy.com\/de\/wp-content\/uploads\/2021\/10\/Doppler-Effekt_1024.png\" \/>\n\t<meta property=\"og:image:width\" content=\"1024\" \/>\n\t<meta property=\"og:image:height\" content=\"808\" \/>\n\t<meta property=\"og:image:type\" content=\"image\/png\" \/>\n<meta name=\"twitter:card\" content=\"summary_large_image\" \/>\n<meta name=\"twitter:label1\" content=\"Gesch\u00e4tzte Lesezeit\" \/>\n\t<meta name=\"twitter:data1\" content=\"1\u00a0Minute\" \/>\n<script type=\"application\/ld+json\" class=\"yoast-schema-graph\">{\"@context\":\"https:\\\/\\\/schema.org\",\"@graph\":[{\"@type\":\"WebPage\",\"@id\":\"https:\\\/\\\/mekruphy.com\\\/de\\\/produkte\\\/physik\\\/akustik\\\/experimentiersatz-doppler-effekt\\\/\",\"url\":\"https:\\\/\\\/mekruphy.com\\\/de\\\/produkte\\\/physik\\\/akustik\\\/experimentiersatz-doppler-effekt\\\/\",\"name\":\"Experimentiersatz DOPPLER-EFFEKT - MEKRUPHY GmbH\",\"isPartOf\":{\"@id\":\"https:\\\/\\\/mekruphy.com\\\/de\\\/#website\"},\"primaryImageOfPage\":{\"@id\":\"https:\\\/\\\/mekruphy.com\\\/de\\\/produkte\\\/physik\\\/akustik\\\/experimentiersatz-doppler-effekt\\\/#primaryimage\"},\"image\":{\"@id\":\"https:\\\/\\\/mekruphy.com\\\/de\\\/produkte\\\/physik\\\/akustik\\\/experimentiersatz-doppler-effekt\\\/#primaryimage\"},\"thumbnailUrl\":\"https:\\\/\\\/mekruphy.com\\\/de\\\/wp-content\\\/uploads\\\/2021\\\/10\\\/Doppler-Effekt_1024.png\",\"datePublished\":\"2020-07-15T11:03:30+00:00\",\"dateModified\":\"2022-02-23T15:31:41+00:00\",\"description\":\"Modernste Technik und hochempfindliche Sensoren erm\u00f6glichen qualitative und quantitative Sch\u00fclerexperimente zum Dopplereffekt.\",\"breadcrumb\":{\"@id\":\"https:\\\/\\\/mekruphy.com\\\/de\\\/produkte\\\/physik\\\/akustik\\\/experimentiersatz-doppler-effekt\\\/#breadcrumb\"},\"inLanguage\":\"de\",\"potentialAction\":[{\"@type\":\"ReadAction\",\"target\":[\"https:\\\/\\\/mekruphy.com\\\/de\\\/produkte\\\/physik\\\/akustik\\\/experimentiersatz-doppler-effekt\\\/\"]}]},{\"@type\":\"ImageObject\",\"inLanguage\":\"de\",\"@id\":\"https:\\\/\\\/mekruphy.com\\\/de\\\/produkte\\\/physik\\\/akustik\\\/experimentiersatz-doppler-effekt\\\/#primaryimage\",\"url\":\"https:\\\/\\\/mekruphy.com\\\/de\\\/wp-content\\\/uploads\\\/2021\\\/10\\\/Doppler-Effekt_1024.png\",\"contentUrl\":\"https:\\\/\\\/mekruphy.com\\\/de\\\/wp-content\\\/uploads\\\/2021\\\/10\\\/Doppler-Effekt_1024.png\",\"width\":1024,\"height\":808,\"caption\":\"Kasten Doppler-Effekt\"},{\"@type\":\"BreadcrumbList\",\"@id\":\"https:\\\/\\\/mekruphy.com\\\/de\\\/produkte\\\/physik\\\/akustik\\\/experimentiersatz-doppler-effekt\\\/#breadcrumb\",\"itemListElement\":[{\"@type\":\"ListItem\",\"position\":1,\"name\":\"Startseite\",\"item\":\"https:\\\/\\\/mekruphy.com\\\/de\\\/\"},{\"@type\":\"ListItem\",\"position\":2,\"name\":\"Produkte\",\"item\":\"https:\\\/\\\/mekruphy.com\\\/de\\\/produkte\\\/\"},{\"@type\":\"ListItem\",\"position\":3,\"name\":\"Physik\",\"item\":\"https:\\\/\\\/mekruphy.com\\\/de\\\/produkte\\\/physik\\\/\"},{\"@type\":\"ListItem\",\"position\":4,\"name\":\"Akustik \\\/ Wellen\",\"item\":\"https:\\\/\\\/mekruphy.com\\\/de\\\/produkte\\\/physik\\\/akustik\\\/\"},{\"@type\":\"ListItem\",\"position\":5,\"name\":\"Experimentiersatz DOPPLER-EFFEKT\"}]},{\"@type\":\"WebSite\",\"@id\":\"https:\\\/\\\/mekruphy.com\\\/de\\\/#website\",\"url\":\"https:\\\/\\\/mekruphy.com\\\/de\\\/\",\"name\":\"MEKRUPHY GmbH\",\"description\":\"Sch\u00fcler-Experimentierk\u00e4sten f\u00fcr den MINT-Unterricht\",\"potentialAction\":[{\"@type\":\"SearchAction\",\"target\":{\"@type\":\"EntryPoint\",\"urlTemplate\":\"https:\\\/\\\/mekruphy.com\\\/de\\\/?s={search_term_string}\"},\"query-input\":{\"@type\":\"PropertyValueSpecification\",\"valueRequired\":true,\"valueName\":\"search_term_string\"}}],\"inLanguage\":\"de\"}]}<\/script>\n<!-- \/ Yoast SEO plugin. -->","yoast_head_json":{"title":"Experimentiersatz DOPPLER-EFFEKT - MEKRUPHY GmbH","description":"Modernste Technik und hochempfindliche Sensoren erm\u00f6glichen qualitative und quantitative Sch\u00fclerexperimente zum Dopplereffekt.","robots":{"index":"index","follow":"follow","max-snippet":"max-snippet:-1","max-image-preview":"max-image-preview:large","max-video-preview":"max-video-preview:-1"},"canonical":"https:\/\/mekruphy.com\/de\/produkte\/physik\/akustik\/experimentiersatz-doppler-effekt\/","og_locale":"de_DE","og_type":"article","og_title":"Experimentiersatz DOPPLER-EFFEKT - MEKRUPHY GmbH","og_description":"Modernste Technik und hochempfindliche Sensoren erm\u00f6glichen qualitative und quantitative Sch\u00fclerexperimente zum Dopplereffekt.","og_url":"https:\/\/mekruphy.com\/de\/produkte\/physik\/akustik\/experimentiersatz-doppler-effekt\/","og_site_name":"MEKRUPHY GmbH","article_modified_time":"2022-02-23T15:31:41+00:00","og_image":[{"width":1024,"height":808,"url":"https:\/\/mekruphy.com\/de\/wp-content\/uploads\/2021\/10\/Doppler-Effekt_1024.png","type":"image\/png"}],"twitter_card":"summary_large_image","twitter_misc":{"Gesch\u00e4tzte Lesezeit":"1\u00a0Minute"},"schema":{"@context":"https:\/\/schema.org","@graph":[{"@type":"WebPage","@id":"https:\/\/mekruphy.com\/de\/produkte\/physik\/akustik\/experimentiersatz-doppler-effekt\/","url":"https:\/\/mekruphy.com\/de\/produkte\/physik\/akustik\/experimentiersatz-doppler-effekt\/","name":"Experimentiersatz DOPPLER-EFFEKT - MEKRUPHY GmbH","isPartOf":{"@id":"https:\/\/mekruphy.com\/de\/#website"},"primaryImageOfPage":{"@id":"https:\/\/mekruphy.com\/de\/produkte\/physik\/akustik\/experimentiersatz-doppler-effekt\/#primaryimage"},"image":{"@id":"https:\/\/mekruphy.com\/de\/produkte\/physik\/akustik\/experimentiersatz-doppler-effekt\/#primaryimage"},"thumbnailUrl":"https:\/\/mekruphy.com\/de\/wp-content\/uploads\/2021\/10\/Doppler-Effekt_1024.png","datePublished":"2020-07-15T11:03:30+00:00","dateModified":"2022-02-23T15:31:41+00:00","description":"Modernste Technik und hochempfindliche Sensoren erm\u00f6glichen qualitative und quantitative Sch\u00fclerexperimente zum Dopplereffekt.","breadcrumb":{"@id":"https:\/\/mekruphy.com\/de\/produkte\/physik\/akustik\/experimentiersatz-doppler-effekt\/#breadcrumb"},"inLanguage":"de","potentialAction":[{"@type":"ReadAction","target":["https:\/\/mekruphy.com\/de\/produkte\/physik\/akustik\/experimentiersatz-doppler-effekt\/"]}]},{"@type":"ImageObject","inLanguage":"de","@id":"https:\/\/mekruphy.com\/de\/produkte\/physik\/akustik\/experimentiersatz-doppler-effekt\/#primaryimage","url":"https:\/\/mekruphy.com\/de\/wp-content\/uploads\/2021\/10\/Doppler-Effekt_1024.png","contentUrl":"https:\/\/mekruphy.com\/de\/wp-content\/uploads\/2021\/10\/Doppler-Effekt_1024.png","width":1024,"height":808,"caption":"Kasten Doppler-Effekt"},{"@type":"BreadcrumbList","@id":"https:\/\/mekruphy.com\/de\/produkte\/physik\/akustik\/experimentiersatz-doppler-effekt\/#breadcrumb","itemListElement":[{"@type":"ListItem","position":1,"name":"Startseite","item":"https:\/\/mekruphy.com\/de\/"},{"@type":"ListItem","position":2,"name":"Produkte","item":"https:\/\/mekruphy.com\/de\/produkte\/"},{"@type":"ListItem","position":3,"name":"Physik","item":"https:\/\/mekruphy.com\/de\/produkte\/physik\/"},{"@type":"ListItem","position":4,"name":"Akustik \/ Wellen","item":"https:\/\/mekruphy.com\/de\/produkte\/physik\/akustik\/"},{"@type":"ListItem","position":5,"name":"Experimentiersatz DOPPLER-EFFEKT"}]},{"@type":"WebSite","@id":"https:\/\/mekruphy.com\/de\/#website","url":"https:\/\/mekruphy.com\/de\/","name":"MEKRUPHY GmbH","description":"Sch\u00fcler-Experimentierk\u00e4sten f\u00fcr den MINT-Unterricht","potentialAction":[{"@type":"SearchAction","target":{"@type":"EntryPoint","urlTemplate":"https:\/\/mekruphy.com\/de\/?s={search_term_string}"},"query-input":{"@type":"PropertyValueSpecification","valueRequired":true,"valueName":"search_term_string"}}],"inLanguage":"de"}]}},"coauthors":[],"author_meta":{"author_link":"https:\/\/mekruphy.com\/de\/author\/steps-sync\/","display_name":"Steps Sync"},"relative_dates":{"created":"Ver\u00f6ffentlicht 6\u00a0Jahren vor","modified":"Aktualisiert 4\u00a0Jahren vor"},"absolute_dates":{"created":"Ver\u00f6ffentlicht am 15. Juli 2020","modified":"Aktualisiert am 23. Februar 2022"},"absolute_dates_time":{"created":"Ver\u00f6ffentlicht am 15. Juli 2020 13:03","modified":"Aktualisiert am 23. Februar 2022 16:31"},"featured_img_caption":"","featured_img":"https:\/\/mekruphy.com\/de\/wp-content\/uploads\/2021\/10\/Doppler-Effekt_1024.png","series_order":"","_links":{"self":[{"href":"https:\/\/mekruphy.com\/de\/wp-json\/wp\/v2\/pages\/540","targetHints":{"allow":["GET"]}}],"collection":[{"href":"https:\/\/mekruphy.com\/de\/wp-json\/wp\/v2\/pages"}],"about":[{"href":"https:\/\/mekruphy.com\/de\/wp-json\/wp\/v2\/types\/page"}],"author":[{"embeddable":true,"href":"https:\/\/mekruphy.com\/de\/wp-json\/wp\/v2\/users\/3"}],"replies":[{"embeddable":true,"href":"https:\/\/mekruphy.com\/de\/wp-json\/wp\/v2\/comments?post=540"}],"version-history":[{"count":20,"href":"https:\/\/mekruphy.com\/de\/wp-json\/wp\/v2\/pages\/540\/revisions"}],"predecessor-version":[{"id":6310,"href":"https:\/\/mekruphy.com\/de\/wp-json\/wp\/v2\/pages\/540\/revisions\/6310"}],"up":[{"embeddable":true,"href":"https:\/\/mekruphy.com\/de\/wp-json\/wp\/v2\/pages\/956"}],"wp:featuredmedia":[{"embeddable":true,"href":"https:\/\/mekruphy.com\/de\/wp-json\/wp\/v2\/media\/3870"}],"wp:attachment":[{"href":"https:\/\/mekruphy.com\/de\/wp-json\/wp\/v2\/media?parent=540"}],"curies":[{"name":"wp","href":"https:\/\/api.w.org\/{rel}","templated":true}]}}