{"id":552,"date":"2020-07-15T13:03:47","date_gmt":"2020-07-15T11:03:47","guid":{"rendered":"https:\/\/mekruphy.com\/de\/experimentiersatz-mechanik-7\/"},"modified":"2026-03-31T17:02:27","modified_gmt":"2026-03-31T15:02:27","slug":"experimentiersatz-mechanik-7","status":"publish","type":"page","link":"https:\/\/mekruphy.com\/de\/produkte\/physik\/mechanik\/experimentiersatz-mechanik-7\/","title":{"rendered":"Experimentiersatz MECHANIK 7"},"content":{"rendered":"<div class=\"yoast-breadcrumbs breadcrumbs-indented\"><span><span><a href=\"https:\/\/mekruphy.com\/de\/\">Startseite<\/a><\/span> \u00bb <span><a href=\"https:\/\/mekruphy.com\/de\/produkte\/\">Produkte<\/a><\/span> \u00bb <span><a href=\"https:\/\/mekruphy.com\/de\/produkte\/physik\/\">Physik<\/a><\/span> \u00bb <span><a href=\"https:\/\/mekruphy.com\/de\/produkte\/physik\/mechanik\/\">Mechanik<\/a><\/span> \u00bb <span class=\"breadcrumb_last\" aria-current=\"page\">Experimentiersatz MECHANIK 7<\/span><\/span><\/div>\n\n\n<div class=\"wp-block-advgb-adv-tabs advgb-tabs-wrapper advgb-tab-horz-desktop advgb-tab-vert-tablet advgb-tab-stack-mobile advgb-tabs-a81a37a1-9ac8-4405-873f-1e1fb98a3816\" data-tab-active=\"0\"><ul class=\"advgb-tabs-panel\" role=\"tablist\"><li class=\"advgb-tab advgb-tab-active\" role=\"presentation\" style=\"background-color:#e0e0e0;border-style:solid;border-width:1px;border-radius:10px\"><button class=\"advgb-tab-button\" id=\"advgb-tab-_1a37a1-9a-0\" aria-controls=\"advgb-tab-panel-_1a37a1-9a-0\" role=\"tab\" aria-selected=\"true\" tabindex=\"0\" style=\"color:#fff;background:none;border:none;width:100%;text-align:inherit;cursor:pointer;padding:8px 16px;font:inherit\"><span>Beschreibung<\/span><\/button><\/li><li class=\"advgb-tab \" role=\"presentation\" style=\"background-color:#e0e0e0;border-style:solid;border-width:1px;border-radius:10px\"><button class=\"advgb-tab-button\" id=\"advgb-tab-_1a37a1-9a-1\" aria-controls=\"advgb-tab-panel-_1a37a1-9a-1\" role=\"tab\" aria-selected=\"false\" tabindex=\"0\" style=\"color:#fff;background:none;border:none;width:100%;text-align:inherit;cursor:pointer;padding:8px 16px;font:inherit\"><span>Lieferumfang<\/span><\/button><\/li><li class=\"advgb-tab \" role=\"presentation\" style=\"background-color:#e0e0e0;border-style:solid;border-width:1px;border-radius:10px\"><button class=\"advgb-tab-button\" id=\"advgb-tab-_1a37a1-9a-2\" aria-controls=\"advgb-tab-panel-_1a37a1-9a-2\" role=\"tab\" aria-selected=\"false\" tabindex=\"0\" style=\"color:#fff;background:none;border:none;width:100%;text-align:inherit;cursor:pointer;padding:8px 16px;font:inherit\"><span>Experimente<\/span><\/button><\/li><li class=\"advgb-tab \" role=\"presentation\" style=\"background-color:#e0e0e0;border-style:solid;border-width:1px;border-radius:10px\"><button class=\"advgb-tab-button\" id=\"advgb-tab-_1a37a1-9a-3\" aria-controls=\"advgb-tab-panel-_1a37a1-9a-3\" role=\"tab\" aria-selected=\"false\" tabindex=\"0\" style=\"color:#fff;background:none;border:none;width:100%;text-align:inherit;cursor:pointer;padding:8px 16px;font:inherit\"><span>Bilder<\/span><\/button><\/li><\/ul><div class=\"advgb-tab-body-wrapper\" style=\"border-style:solid;border-width:1px;border-radius:10px\">\n<div class=\"wp-block-advgb-tab advgb-tab-body-container\"><div class=\"advgb-tab-body-header advgb-tab-class- header-active\" id=\"advgb-tab-panel-_1a37a1-9a-0\" role=\"tabpanel\" aria-labelledby=\"advgb-tab-_1a37a1-9a-0\" tabindex=\"0\"><span>Beschreibung<\/span><\/div><div class=\"advgb-tab-_1a37a1-9a advgb-tab-body\" aria-labelledby=\"advgb-tab-panel-_1a37a1-9a-0\" style=\"display:block\">\n<h2 class=\"wp-block-heading\">Kreisbewegung im Sch\u00fclerexperiment<\/h2>\n\n\n\n<p>Bisher waren <a href=\"https:\/\/mekruphy.com\/de\/produkte\/physik\/\">Physik-Experimente<\/a> zur Zentrifugalkraft Lehrkr\u00e4ften vorbehalten. Denn durch die rotierenden Massen konnte eine Gef\u00e4hrdung der Sch\u00fclerinnen und Sch\u00fcler nicht ausgeschlossen werden. Diese Einschr\u00e4nkung f\u00e4llt bei dem neu entwickelten Experimentierkasten MECHANIK 7 nun weg, so dass erstmals gefahrlos Sch\u00fclerexperimente zur Kreisbewegung m\u00f6glich sind.<\/p>\n\n\n\n<ul class=\"wp-block-list\"><li>Die Rotation erfolgt erst, wenn die Schutzhaube aus 4 mm starkem Acrylglas \u00fcber der Apparatur geschlossen ist.<\/li><li>Dies wird durch Mikroschalter gew\u00e4hrleistet. Auf diese Weise k\u00f6nnen selbst gro\u00dfe Kreisfrequenzen zum Einsatz kommen.<\/li><\/ul>\n\n\n\n<p>Das Kompaktger\u00e4t hat zus\u00e4tzlich den Vorteil, dass es sofort einsatzbereit ist und damit langwierige Versuchsaufbauten entfallen.<\/p>\n\n\n\n<h3 class=\"wp-block-heading\">Hohe Pr\u00e4zision<\/h3>\n\n\n\n<p>Modernste Technik und hochempfindliche Sensoren erlauben Messwerte und damit Ergebnisse gr\u00f6\u00dfter Genauigkeit. W\u00e4hrend der MECHANIK 7-Experimente rotieren Paare von Kugeln gleicher Masse bei stufenlos regelbaren Winkelgeschwindigkeiten. Im Lieferumfang sind drei Kugelpaare mit einem Gewicht von 4 g bis 11g enthalten.<\/p>\n\n\n\n<p>Die gemessenen Daten werden direkt auf ein 64 x 47 mm gro\u00dfes Display mit Touchscreen \u00fcbertragen. Von dort k\u00f6nnen diese punktweise weiterverarbeitet werden. Die Stromversorgung erfolgt durch ein Stecker-Netzger\u00e4t, das im Lieferumfang enthalten ist. Weiteres Zubeh\u00f6r wird hierf\u00fcr nicht ben\u00f6tigt.<\/p>\n\n\n\n<p><\/p>\n\n\n\n<h3 class=\"wp-block-heading\" id=\"h-begleitmaterialien\">Begleitmaterialien<\/h3>\n\n\n\n<p>Passend zum Experimentiersatz MECHANIK 7 ist auch ein <a href=\"https:\/\/mekruphy.com\/de\/produkte\/physik\/physik-arbeitshefte\/\">Sch\u00fclerheft<\/a> in analoger und digitaler Form erh\u00e4ltlich.<\/p>\n<\/div><\/div>\n\n\n\n<div class=\"wp-block-advgb-tab advgb-tab-body-container\"><div class=\"advgb-tab-body-header advgb-tab-class- \" id=\"advgb-tab-panel-_1a37a1-9a-1\" role=\"tabpanel\" aria-labelledby=\"advgb-tab-_1a37a1-9a-1\" tabindex=\"0\"><span>Lieferumfang<\/span><\/div><div class=\"advgb-tab-_1a37a1-9a advgb-tab-body\" aria-labelledby=\"advgb-tab-panel-_1a37a1-9a-1\" style=\"display:none\">\n<figure class=\"wp-block-table table-product-contents\"><table><tbody><tr><td>57.01.00<\/td><td>Zentralkraft-Ger\u00e4t<\/td><\/tr><tr><td>57.02.00<\/td><td>Stecker-Netzger\u00e4t<\/td><\/tr><tr><td>57.03.00<\/td><td>Schutzhaube<\/td><\/tr><tr><td>57.04.10<\/td><td>Massest\u00fcck 4 g (2 St\u00fcck)<\/td><\/tr><tr><td>57.04.20<\/td><td>Massest\u00fcck 7,5 g (2 St\u00fcck)<\/td><\/tr><tr><td>57.04.30<\/td><td>Massest\u00fcck 11 g (2 St\u00fcck)<\/td><\/tr><\/tbody><\/table><\/figure>\n\n\n\n<h3 class=\"wp-block-heading\" id=\"h-optional\">Optional:<\/h3>\n\n\n\n<p><a href=\"https:\/\/shop.mekruphy.com\/artikeldetails\/m7-zusatz.aspx\" target=\"_blank\" rel=\"noreferrer noopener\">57.20.00 MECHANIK 7-Zusatz (Vektoreigenschaft)<\/a><\/p>\n<\/div><\/div>\n\n\n\n<div class=\"wp-block-advgb-tab advgb-tab-body-container\"><div class=\"advgb-tab-body-header advgb-tab-class- \" id=\"advgb-tab-panel-_1a37a1-9a-2\" role=\"tabpanel\" aria-labelledby=\"advgb-tab-_1a37a1-9a-2\" tabindex=\"0\"><span>Experimente<\/span><\/div><div class=\"advgb-tab-_1a37a1-9a advgb-tab-body\" aria-labelledby=\"advgb-tab-panel-_1a37a1-9a-2\" style=\"display:none\">\n<p><\/p>\n\n\n\n<figure class=\"wp-block-table table-product-experiments\"><table><tbody><tr><td>M7-1<\/td><td>Radialbeschleunigung und Masse<\/td><\/tr><tr><td>M7-2<\/td><td>Radialbeschleunigung und Kreisfrequenz<\/td><\/tr><tr><td>M7-3<\/td><td>Radialbeschleunigung und Radius<\/td><\/tr><tr><td>M7-4<\/td><td>Vektoreigenschaft *<\/td><\/tr><\/tbody><\/table><\/figure>\n\n\n\n&nbsp;\n\n\n\n<p>* <a href=\"https:\/\/shop.mekruphy.com\/artikeldetails\/m7-zusatz.aspx\" target=\"_blank\" rel=\"noreferrer noopener\">MECHANIK 7 &#8211; Zusatz<\/a> erforderlich <\/p>\n<\/div><\/div>\n\n\n\n<div class=\"wp-block-advgb-tab advgb-tab-body-container\"><div class=\"advgb-tab-body-header advgb-tab-class-undefined \" id=\"advgb-tab-panel-_1a37a1-9a-3\" role=\"tabpanel\" aria-labelledby=\"advgb-tab-_1a37a1-9a-3\" tabindex=\"0\"><span>Bilder<\/span><\/div><div class=\"advgb-tab-_1a37a1-9a advgb-tab-body\" aria-labelledby=\"advgb-tab-panel-_1a37a1-9a-3\" style=\"display:none\"><div class=\"wp-block-image\">\n<figure class=\"aligncenter size-large is-resized\"><img loading=\"lazy\" decoding=\"async\" width=\"1024\" height=\"898\" src=\"https:\/\/mekruphy.com\/de\/wp-content\/uploads\/2021\/02\/M7_1-1024x898.png\" alt=\"Grafische Auswertung\" class=\"wp-image-2937\" style=\"width:511px;height:448px\" srcset=\"https:\/\/mekruphy.com\/de\/wp-content\/uploads\/2021\/02\/M7_1-1024x898.png 1024w, https:\/\/mekruphy.com\/de\/wp-content\/uploads\/2021\/02\/M7_1-300x263.png 300w, https:\/\/mekruphy.com\/de\/wp-content\/uploads\/2021\/02\/M7_1-768x674.png 768w, https:\/\/mekruphy.com\/de\/wp-content\/uploads\/2021\/02\/M7_1.png 1179w\" sizes=\"auto, (max-width: 1024px) 100vw, 1024px\" \/><\/figure>\n<\/div>\n\n\n<p>&nbsp;<\/p>\n\n\n<div class=\"wp-block-image\">\n<figure class=\"aligncenter size-large is-resized\"><img loading=\"lazy\" decoding=\"async\" width=\"1024\" height=\"888\" src=\"https:\/\/mekruphy.com\/de\/wp-content\/uploads\/2021\/02\/M7_2-1024x888.png\" alt=\"Grafische Auswertung\" class=\"wp-image-2938\" style=\"width:510px;height:443px\" srcset=\"https:\/\/mekruphy.com\/de\/wp-content\/uploads\/2021\/02\/M7_2-1024x888.png 1024w, https:\/\/mekruphy.com\/de\/wp-content\/uploads\/2021\/02\/M7_2-300x260.png 300w, https:\/\/mekruphy.com\/de\/wp-content\/uploads\/2021\/02\/M7_2-768x666.png 768w, https:\/\/mekruphy.com\/de\/wp-content\/uploads\/2021\/02\/M7_2.png 1190w\" sizes=\"auto, (max-width: 1024px) 100vw, 1024px\" \/><\/figure>\n<\/div>\n\n\n<p>&nbsp;<\/p>\n\n\n<div class=\"wp-block-image\">\n<figure class=\"aligncenter size-large is-resized\"><img loading=\"lazy\" decoding=\"async\" width=\"1024\" height=\"683\" src=\"https:\/\/mekruphy.com\/de\/wp-content\/uploads\/2021\/09\/Mechanik-7-1024x683.jpg\" alt=\"MECHANIK 7\" class=\"wp-image-3641\" style=\"width:750px\" srcset=\"https:\/\/mekruphy.com\/de\/wp-content\/uploads\/2021\/09\/Mechanik-7-1024x683.jpg 1024w, https:\/\/mekruphy.com\/de\/wp-content\/uploads\/2021\/09\/Mechanik-7-300x200.jpg 300w, https:\/\/mekruphy.com\/de\/wp-content\/uploads\/2021\/09\/Mechanik-7-768x512.jpg 768w, https:\/\/mekruphy.com\/de\/wp-content\/uploads\/2021\/09\/Mechanik-7-1536x1024.jpg 1536w, https:\/\/mekruphy.com\/de\/wp-content\/uploads\/2021\/09\/Mechanik-7-2048x1365.jpg 2048w, https:\/\/mekruphy.com\/de\/wp-content\/uploads\/2021\/09\/Mechanik-7-1600x1067.jpg 1600w\" sizes=\"auto, (max-width: 1024px) 100vw, 1024px\" \/><\/figure>\n<\/div>\n\n\n<p>&nbsp;<\/p>\n\n\n<div class=\"wp-block-image\">\n<figure class=\"aligncenter size-large is-resized\"><img loading=\"lazy\" decoding=\"async\" width=\"1024\" height=\"1004\" src=\"https:\/\/mekruphy.com\/de\/wp-content\/uploads\/2021\/09\/Mechanik-7_2-1024x1004.jpg\" alt=\"Display von MECHANIK 7\" class=\"wp-image-3640\" style=\"width:510px;height:500px\" srcset=\"https:\/\/mekruphy.com\/de\/wp-content\/uploads\/2021\/09\/Mechanik-7_2-1024x1004.jpg 1024w, https:\/\/mekruphy.com\/de\/wp-content\/uploads\/2021\/09\/Mechanik-7_2-300x294.jpg 300w, https:\/\/mekruphy.com\/de\/wp-content\/uploads\/2021\/09\/Mechanik-7_2-768x753.jpg 768w, https:\/\/mekruphy.com\/de\/wp-content\/uploads\/2021\/09\/Mechanik-7_2-1536x1507.jpg 1536w, https:\/\/mekruphy.com\/de\/wp-content\/uploads\/2021\/09\/Mechanik-7_2-2048x2009.jpg 2048w, https:\/\/mekruphy.com\/de\/wp-content\/uploads\/2021\/09\/Mechanik-7_2-1600x1569.jpg 1600w\" sizes=\"auto, (max-width: 1024px) 100vw, 1024px\" \/><\/figure>\n<\/div>\n\n\n<p>&nbsp;<\/p>\n<\/div><\/div>\n\n\n\n<div class=\"wp-block-advgb-tab advgb-tab-body-container\"><div class=\"advgb-tab-body-header advgb-tab-class-undefined \" id=\"advgb-tab-panel-_1a37a1-9a-4\" role=\"tabpanel\" aria-labelledby=\"advgb-tab-_1a37a1-9a-4\" tabindex=\"0\"><span><\/span><\/div><div class=\"advgb-tab-_1a37a1-9a advgb-tab-body\" aria-labelledby=\"advgb-tab-panel-_1a37a1-9a-4\" style=\"display:none\">\n<p><\/p>\n<\/div><\/div>\n\n\n\n<div class=\"wp-block-advgb-tab advgb-tab-body-container\"><div class=\"advgb-tab-body-header advgb-tab-class-undefined \" id=\"advgb-tab-panel-_1a37a1-9a-5\" role=\"tabpanel\" aria-labelledby=\"advgb-tab-_1a37a1-9a-5\" tabindex=\"0\"><span><\/span><\/div><div class=\"advgb-tab-_1a37a1-9a advgb-tab-body\" aria-labelledby=\"advgb-tab-panel-_1a37a1-9a-5\" style=\"display:none\">\n<p><\/p>\n<\/div><\/div>\n<\/div><\/div>\n<style class=\"advgb-styles-renderer\">.advgb-tabs-a81a37a1-9ac8-4405-873f-1e1fb98a3816 ul.advgb-tabs-panel li.advgb-tab.advgb-tab-active {background-color:#5954d6 !important;color:#fff !important;}#advgb-tabs-a81a37a1-9ac8-4405-873f-1e1fb98a3816 .advgb-tab-body-header.header-active, .advgb-tabs-a81a37a1-9ac8-4405-873f-1e1fb98a3816 .advgb-tab-body-header.header-active{background-color:#5954d6 !important;color:#fff !important;}<\/style>","protected":false},"excerpt":{"rendered":"","protected":false},"author":3,"featured_media":3874,"parent":929,"menu_order":0,"comment_status":"closed","ping_status":"closed","template":"templates\/product.php","meta":{"_acf_changed":false,"_coblocks_attr":"","_coblocks_dimensions":"","_coblocks_responsive_height":"","_coblocks_accordion_ie_support":"","_eb_attr":"","advgb_blocks_editor_width":"","advgb_blocks_columns_visual_guide":"","footnotes":""},"class_list":["post-552","page","type-page","status-publish","has-post-thumbnail","hentry"],"acf":[],"yoast_head":"<!-- This site is optimized with the Yoast SEO plugin v27.3 - https:\/\/yoast.com\/product\/yoast-seo-wordpress\/ -->\n<title>Experimentiersatz MECHANIK 7 - MEKRUPHY GmbH<\/title>\n<meta name=\"description\" content=\"Mit dem neu entwickelten Experimentierkasten MECHANIK 7 sind jetzt auch Sch\u00fclerexperimente zur Zentrifugalkraft gefahrlos m\u00f6glich.\" \/>\n<meta name=\"robots\" content=\"index, follow, max-snippet:-1, max-image-preview:large, max-video-preview:-1\" \/>\n<link rel=\"canonical\" href=\"https:\/\/mekruphy.com\/de\/produkte\/physik\/mechanik\/experimentiersatz-mechanik-7\/\" \/>\n<meta property=\"og:locale\" content=\"de_DE\" \/>\n<meta property=\"og:type\" content=\"article\" \/>\n<meta property=\"og:title\" content=\"Experimentiersatz MECHANIK 7 - MEKRUPHY GmbH\" \/>\n<meta property=\"og:description\" content=\"Mit dem neu entwickelten Experimentierkasten MECHANIK 7 sind jetzt auch Sch\u00fclerexperimente zur Zentrifugalkraft gefahrlos m\u00f6glich.\" \/>\n<meta property=\"og:url\" content=\"https:\/\/mekruphy.com\/de\/produkte\/physik\/mechanik\/experimentiersatz-mechanik-7\/\" \/>\n<meta property=\"og:site_name\" content=\"MEKRUPHY GmbH\" \/>\n<meta property=\"article:modified_time\" content=\"2026-03-31T15:02:27+00:00\" \/>\n<meta property=\"og:image\" content=\"https:\/\/mekruphy.com\/de\/wp-content\/uploads\/2021\/10\/Mechanik_7_1024x780.png\" \/>\n\t<meta property=\"og:image:width\" content=\"1024\" \/>\n\t<meta property=\"og:image:height\" content=\"797\" \/>\n\t<meta property=\"og:image:type\" content=\"image\/png\" \/>\n<meta name=\"twitter:card\" content=\"summary_large_image\" \/>\n<meta name=\"twitter:label1\" content=\"Gesch\u00e4tzte Lesezeit\" \/>\n\t<meta name=\"twitter:data1\" content=\"4\u00a0Minuten\" \/>\n<script type=\"application\/ld+json\" class=\"yoast-schema-graph\">{\"@context\":\"https:\\\/\\\/schema.org\",\"@graph\":[{\"@type\":\"WebPage\",\"@id\":\"https:\\\/\\\/mekruphy.com\\\/de\\\/produkte\\\/physik\\\/mechanik\\\/experimentiersatz-mechanik-7\\\/\",\"url\":\"https:\\\/\\\/mekruphy.com\\\/de\\\/produkte\\\/physik\\\/mechanik\\\/experimentiersatz-mechanik-7\\\/\",\"name\":\"Experimentiersatz MECHANIK 7 - MEKRUPHY GmbH\",\"isPartOf\":{\"@id\":\"https:\\\/\\\/mekruphy.com\\\/de\\\/#website\"},\"primaryImageOfPage\":{\"@id\":\"https:\\\/\\\/mekruphy.com\\\/de\\\/produkte\\\/physik\\\/mechanik\\\/experimentiersatz-mechanik-7\\\/#primaryimage\"},\"image\":{\"@id\":\"https:\\\/\\\/mekruphy.com\\\/de\\\/produkte\\\/physik\\\/mechanik\\\/experimentiersatz-mechanik-7\\\/#primaryimage\"},\"thumbnailUrl\":\"https:\\\/\\\/mekruphy.com\\\/de\\\/wp-content\\\/uploads\\\/2021\\\/10\\\/Mechanik_7_1024x780.png\",\"datePublished\":\"2020-07-15T11:03:47+00:00\",\"dateModified\":\"2026-03-31T15:02:27+00:00\",\"description\":\"Mit dem neu entwickelten Experimentierkasten MECHANIK 7 sind jetzt auch Sch\u00fclerexperimente zur Zentrifugalkraft gefahrlos m\u00f6glich.\",\"breadcrumb\":{\"@id\":\"https:\\\/\\\/mekruphy.com\\\/de\\\/produkte\\\/physik\\\/mechanik\\\/experimentiersatz-mechanik-7\\\/#breadcrumb\"},\"inLanguage\":\"de\",\"potentialAction\":[{\"@type\":\"ReadAction\",\"target\":[\"https:\\\/\\\/mekruphy.com\\\/de\\\/produkte\\\/physik\\\/mechanik\\\/experimentiersatz-mechanik-7\\\/\"]}]},{\"@type\":\"ImageObject\",\"inLanguage\":\"de\",\"@id\":\"https:\\\/\\\/mekruphy.com\\\/de\\\/produkte\\\/physik\\\/mechanik\\\/experimentiersatz-mechanik-7\\\/#primaryimage\",\"url\":\"https:\\\/\\\/mekruphy.com\\\/de\\\/wp-content\\\/uploads\\\/2021\\\/10\\\/Mechanik_7_1024x780.png\",\"contentUrl\":\"https:\\\/\\\/mekruphy.com\\\/de\\\/wp-content\\\/uploads\\\/2021\\\/10\\\/Mechanik_7_1024x780.png\",\"width\":1024,\"height\":797,\"caption\":\"Kasten Physik MECHANIK 7\"},{\"@type\":\"BreadcrumbList\",\"@id\":\"https:\\\/\\\/mekruphy.com\\\/de\\\/produkte\\\/physik\\\/mechanik\\\/experimentiersatz-mechanik-7\\\/#breadcrumb\",\"itemListElement\":[{\"@type\":\"ListItem\",\"position\":1,\"name\":\"Startseite\",\"item\":\"https:\\\/\\\/mekruphy.com\\\/de\\\/\"},{\"@type\":\"ListItem\",\"position\":2,\"name\":\"Produkte\",\"item\":\"https:\\\/\\\/mekruphy.com\\\/de\\\/produkte\\\/\"},{\"@type\":\"ListItem\",\"position\":3,\"name\":\"Physik\",\"item\":\"https:\\\/\\\/mekruphy.com\\\/de\\\/produkte\\\/physik\\\/\"},{\"@type\":\"ListItem\",\"position\":4,\"name\":\"Mechanik\",\"item\":\"https:\\\/\\\/mekruphy.com\\\/de\\\/produkte\\\/physik\\\/mechanik\\\/\"},{\"@type\":\"ListItem\",\"position\":5,\"name\":\"Experimentiersatz MECHANIK 7\"}]},{\"@type\":\"WebSite\",\"@id\":\"https:\\\/\\\/mekruphy.com\\\/de\\\/#website\",\"url\":\"https:\\\/\\\/mekruphy.com\\\/de\\\/\",\"name\":\"MEKRUPHY GmbH\",\"description\":\"Sch\u00fcler-Experimentierk\u00e4sten f\u00fcr den MINT-Unterricht\",\"potentialAction\":[{\"@type\":\"SearchAction\",\"target\":{\"@type\":\"EntryPoint\",\"urlTemplate\":\"https:\\\/\\\/mekruphy.com\\\/de\\\/?s={search_term_string}\"},\"query-input\":{\"@type\":\"PropertyValueSpecification\",\"valueRequired\":true,\"valueName\":\"search_term_string\"}}],\"inLanguage\":\"de\"}]}<\/script>\n<!-- \/ Yoast SEO plugin. -->","yoast_head_json":{"title":"Experimentiersatz MECHANIK 7 - MEKRUPHY GmbH","description":"Mit dem neu entwickelten Experimentierkasten MECHANIK 7 sind jetzt auch Sch\u00fclerexperimente zur Zentrifugalkraft gefahrlos m\u00f6glich.","robots":{"index":"index","follow":"follow","max-snippet":"max-snippet:-1","max-image-preview":"max-image-preview:large","max-video-preview":"max-video-preview:-1"},"canonical":"https:\/\/mekruphy.com\/de\/produkte\/physik\/mechanik\/experimentiersatz-mechanik-7\/","og_locale":"de_DE","og_type":"article","og_title":"Experimentiersatz MECHANIK 7 - MEKRUPHY GmbH","og_description":"Mit dem neu entwickelten Experimentierkasten MECHANIK 7 sind jetzt auch Sch\u00fclerexperimente zur Zentrifugalkraft gefahrlos m\u00f6glich.","og_url":"https:\/\/mekruphy.com\/de\/produkte\/physik\/mechanik\/experimentiersatz-mechanik-7\/","og_site_name":"MEKRUPHY GmbH","article_modified_time":"2026-03-31T15:02:27+00:00","og_image":[{"width":1024,"height":797,"url":"https:\/\/mekruphy.com\/de\/wp-content\/uploads\/2021\/10\/Mechanik_7_1024x780.png","type":"image\/png"}],"twitter_card":"summary_large_image","twitter_misc":{"Gesch\u00e4tzte Lesezeit":"4\u00a0Minuten"},"schema":{"@context":"https:\/\/schema.org","@graph":[{"@type":"WebPage","@id":"https:\/\/mekruphy.com\/de\/produkte\/physik\/mechanik\/experimentiersatz-mechanik-7\/","url":"https:\/\/mekruphy.com\/de\/produkte\/physik\/mechanik\/experimentiersatz-mechanik-7\/","name":"Experimentiersatz MECHANIK 7 - MEKRUPHY GmbH","isPartOf":{"@id":"https:\/\/mekruphy.com\/de\/#website"},"primaryImageOfPage":{"@id":"https:\/\/mekruphy.com\/de\/produkte\/physik\/mechanik\/experimentiersatz-mechanik-7\/#primaryimage"},"image":{"@id":"https:\/\/mekruphy.com\/de\/produkte\/physik\/mechanik\/experimentiersatz-mechanik-7\/#primaryimage"},"thumbnailUrl":"https:\/\/mekruphy.com\/de\/wp-content\/uploads\/2021\/10\/Mechanik_7_1024x780.png","datePublished":"2020-07-15T11:03:47+00:00","dateModified":"2026-03-31T15:02:27+00:00","description":"Mit dem neu entwickelten Experimentierkasten MECHANIK 7 sind jetzt auch Sch\u00fclerexperimente zur Zentrifugalkraft gefahrlos m\u00f6glich.","breadcrumb":{"@id":"https:\/\/mekruphy.com\/de\/produkte\/physik\/mechanik\/experimentiersatz-mechanik-7\/#breadcrumb"},"inLanguage":"de","potentialAction":[{"@type":"ReadAction","target":["https:\/\/mekruphy.com\/de\/produkte\/physik\/mechanik\/experimentiersatz-mechanik-7\/"]}]},{"@type":"ImageObject","inLanguage":"de","@id":"https:\/\/mekruphy.com\/de\/produkte\/physik\/mechanik\/experimentiersatz-mechanik-7\/#primaryimage","url":"https:\/\/mekruphy.com\/de\/wp-content\/uploads\/2021\/10\/Mechanik_7_1024x780.png","contentUrl":"https:\/\/mekruphy.com\/de\/wp-content\/uploads\/2021\/10\/Mechanik_7_1024x780.png","width":1024,"height":797,"caption":"Kasten Physik MECHANIK 7"},{"@type":"BreadcrumbList","@id":"https:\/\/mekruphy.com\/de\/produkte\/physik\/mechanik\/experimentiersatz-mechanik-7\/#breadcrumb","itemListElement":[{"@type":"ListItem","position":1,"name":"Startseite","item":"https:\/\/mekruphy.com\/de\/"},{"@type":"ListItem","position":2,"name":"Produkte","item":"https:\/\/mekruphy.com\/de\/produkte\/"},{"@type":"ListItem","position":3,"name":"Physik","item":"https:\/\/mekruphy.com\/de\/produkte\/physik\/"},{"@type":"ListItem","position":4,"name":"Mechanik","item":"https:\/\/mekruphy.com\/de\/produkte\/physik\/mechanik\/"},{"@type":"ListItem","position":5,"name":"Experimentiersatz MECHANIK 7"}]},{"@type":"WebSite","@id":"https:\/\/mekruphy.com\/de\/#website","url":"https:\/\/mekruphy.com\/de\/","name":"MEKRUPHY GmbH","description":"Sch\u00fcler-Experimentierk\u00e4sten f\u00fcr den MINT-Unterricht","potentialAction":[{"@type":"SearchAction","target":{"@type":"EntryPoint","urlTemplate":"https:\/\/mekruphy.com\/de\/?s={search_term_string}"},"query-input":{"@type":"PropertyValueSpecification","valueRequired":true,"valueName":"search_term_string"}}],"inLanguage":"de"}]}},"coauthors":[],"author_meta":{"author_link":"https:\/\/mekruphy.com\/de\/author\/steps-sync\/","display_name":"Steps Sync"},"relative_dates":{"created":"Ver\u00f6ffentlicht 6\u00a0Jahren vor","modified":"Aktualisiert 2\u00a0Wochen vor"},"absolute_dates":{"created":"Ver\u00f6ffentlicht am 15. Juli 2020","modified":"Aktualisiert am 31. M\u00e4rz 2026"},"absolute_dates_time":{"created":"Ver\u00f6ffentlicht am 15. Juli 2020 13:03","modified":"Aktualisiert am 31. M\u00e4rz 2026 17:02"},"featured_img_caption":"","featured_img":"https:\/\/mekruphy.com\/de\/wp-content\/uploads\/2021\/10\/Mechanik_7_1024x780.png","series_order":"","_links":{"self":[{"href":"https:\/\/mekruphy.com\/de\/wp-json\/wp\/v2\/pages\/552","targetHints":{"allow":["GET"]}}],"collection":[{"href":"https:\/\/mekruphy.com\/de\/wp-json\/wp\/v2\/pages"}],"about":[{"href":"https:\/\/mekruphy.com\/de\/wp-json\/wp\/v2\/types\/page"}],"author":[{"embeddable":true,"href":"https:\/\/mekruphy.com\/de\/wp-json\/wp\/v2\/users\/3"}],"replies":[{"embeddable":true,"href":"https:\/\/mekruphy.com\/de\/wp-json\/wp\/v2\/comments?post=552"}],"version-history":[{"count":28,"href":"https:\/\/mekruphy.com\/de\/wp-json\/wp\/v2\/pages\/552\/revisions"}],"predecessor-version":[{"id":9435,"href":"https:\/\/mekruphy.com\/de\/wp-json\/wp\/v2\/pages\/552\/revisions\/9435"}],"up":[{"embeddable":true,"href":"https:\/\/mekruphy.com\/de\/wp-json\/wp\/v2\/pages\/929"}],"wp:featuredmedia":[{"embeddable":true,"href":"https:\/\/mekruphy.com\/de\/wp-json\/wp\/v2\/media\/3874"}],"wp:attachment":[{"href":"https:\/\/mekruphy.com\/de\/wp-json\/wp\/v2\/media?parent=552"}],"curies":[{"name":"wp","href":"https:\/\/api.w.org\/{rel}","templated":true}]}}