{"id":560,"date":"2020-07-15T13:05:05","date_gmt":"2020-07-15T11:05:05","guid":{"rendered":"https:\/\/mekruphy.com\/de\/experimentiersatz-geometrie-1\/"},"modified":"2026-03-30T17:15:19","modified_gmt":"2026-03-30T15:15:19","slug":"experimentiersatz-geometrie-1","status":"publish","type":"page","link":"https:\/\/mekruphy.com\/de\/produkte\/mathematik\/experimentiersatz-geometrie-1\/","title":{"rendered":"Experimentiersatz GEOMETRIE 1"},"content":{"rendered":"<div class=\"yoast-breadcrumbs breadcrumbs\"><span><span><a href=\"https:\/\/mekruphy.com\/de\/\">Startseite<\/a><\/span> \u00bb <span><a href=\"https:\/\/mekruphy.com\/de\/produkte\/\">Produkte<\/a><\/span> \u00bb <span><a href=\"https:\/\/mekruphy.com\/de\/produkte\/mathematik\/\">Mathematik<\/a><\/span> \u00bb <span class=\"breadcrumb_last\" aria-current=\"page\">Experimentiersatz GEOMETRIE 1<\/span><\/span><\/div>\n\n\n<div class=\"wp-block-advgb-adv-tabs advgb-tabs-wrapper advgb-tab-horz-desktop advgb-tab-vert-tablet advgb-tab-stack-mobile advgb-tabs-6692e15b-62fc-4673-87ad-a732249ad2a0\" data-tab-active=\"0\"><ul class=\"advgb-tabs-panel\" role=\"tablist\"><li class=\"advgb-tab advgb-tab-active\" role=\"presentation\" style=\"background-color:#e0e0e0;border-style:solid;border-width:1px;border-radius:10px\"><button class=\"advgb-tab-button\" id=\"advgb-tab-_92e15b-62-0\" aria-controls=\"advgb-tab-panel-_92e15b-62-0\" role=\"tab\" aria-selected=\"true\" tabindex=\"0\" style=\"color:#fff;background:none;border:none;width:100%;text-align:inherit;cursor:pointer;padding:8px 16px;font:inherit\"><span>Beschreibung<\/span><\/button><\/li><li class=\"advgb-tab \" role=\"presentation\" style=\"background-color:#e0e0e0;border-style:solid;border-width:1px;border-radius:10px\"><button class=\"advgb-tab-button\" id=\"advgb-tab-_92e15b-62-1\" aria-controls=\"advgb-tab-panel-_92e15b-62-1\" role=\"tab\" aria-selected=\"false\" tabindex=\"0\" style=\"color:#fff;background:none;border:none;width:100%;text-align:inherit;cursor:pointer;padding:8px 16px;font:inherit\"><span>Lieferumfang<\/span><\/button><\/li><li class=\"advgb-tab \" role=\"presentation\" style=\"background-color:#e0e0e0;border-style:solid;border-width:1px;border-radius:10px\"><button class=\"advgb-tab-button\" id=\"advgb-tab-_92e15b-62-2\" aria-controls=\"advgb-tab-panel-_92e15b-62-2\" role=\"tab\" aria-selected=\"false\" tabindex=\"0\" style=\"color:#fff;background:none;border:none;width:100%;text-align:inherit;cursor:pointer;padding:8px 16px;font:inherit\"><span>Experimente<\/span><\/button><\/li><li class=\"advgb-tab \" role=\"presentation\" style=\"background-color:#e0e0e0;border-style:solid;border-width:1px;border-radius:10px\"><button class=\"advgb-tab-button\" id=\"advgb-tab-_92e15b-62-3\" aria-controls=\"advgb-tab-panel-_92e15b-62-3\" role=\"tab\" aria-selected=\"false\" tabindex=\"0\" style=\"color:#fff;background:none;border:none;width:100%;text-align:inherit;cursor:pointer;padding:8px 16px;font:inherit\"><span>Bilder<\/span><\/button><\/li><\/ul><div class=\"advgb-tab-body-wrapper\" style=\"border-style:solid;border-width:1px;border-radius:10px\">\n<div class=\"wp-block-advgb-tab advgb-tab-body-container\"><div class=\"advgb-tab-body-header advgb-tab-class- header-active\" id=\"advgb-tab-panel-_bf82dc-18-0\" role=\"tabpanel\" aria-labelledby=\"advgb-tab-_bf82dc-18-0\" tabindex=\"0\"><span>Beschreibung<\/span><\/div><div class=\"advgb-tab-_bf82dc-18 advgb-tab-body\" aria-labelledby=\"advgb-tab-panel-_bf82dc-18-0\" style=\"display:block\">\n<h2 class=\"wp-block-heading\" id=\"jahrgangsubergreifender-einsatz\"><strong>Jahrgangs\u00fcbergreifend<\/strong>er Einsatz<\/h2>\n\n\n\n<p>Die Themen dieses Experimentiersatzes sind jahrgangs\u00fcbergreifend: Die ersten Kapitel sind f\u00fcr den Anfangsunterricht konzipiert, die nachfolgenden f\u00fcr die Mittelstufe. Dabei ist die Reihenfolge der einzelnen Kapitel f\u00fcr das Verst\u00e4ndnis nicht zwingend zu befolgen.<\/p>\n\n\n\n<h3 class=\"wp-block-heading\" id=\"winkel\"><strong>W<\/strong>inkel<\/h3>\n\n\n\n<p>Der Einstieg erfolgt \u00fcber ein ungraduiertes Winkelmodell. Anschlie\u00dfend verwenden die Sch\u00fclerinnen und Sch\u00fcler einen neu entwickelten Winkelmesser, bei dem durch die Stellung und Anordnung der Zahlenwerte keine Fehlablesung vorkommen kann. Mit geeigneten Dreiecken erkennt die Klasse sehr leicht die Eigenschaften von Neben-, Stufen- und Wechselwinkeln sowie die Winkelsumme im Dreieck<\/p>\n\n\n\n<h3 class=\"wp-block-heading\" id=\"flachen\">Fl\u00e4chen<\/h3>\n\n\n\n<p>Die Gleichungen f\u00fcr die Fl\u00e4cheninhalte spezieller Vierecke werden durch Erg\u00e4nzen oder Umlegen von Teilfl\u00e4chen entwickelt. Die Gleichungen f\u00fcr den Fl\u00e4cheninhalt des Dreiecks finden sie durch Anwendung bereits bekannter Methoden selbstst\u00e4ndig. Beim Strahlens\u00e4tzen kommen \u00e4hnliche Dreiecke zu Hilfe, ebenso den Winkelfunktionen am rechtwinkligen Dreieck.<\/p>\n\n\n\n<h3 class=\"wp-block-heading\" id=\"rechtwinkliges-dreieck\">Rechtwinkliges Dreieck<\/h3>\n\n\n\n<p>Anhand eines anschaulichen Modells entdecken die Sch\u00fclerinnen und Sch\u00fcler den Satz des Thales. Mit Dreiecken, Quadraten und Rechtecken aus hochwertigem farbigem Acrylglas beweisen sie den Satz des Pythagoras sowie die Fl\u00e4chens\u00e4tze des Euklid. Dabei lassen gleiche Farben gewisse Zusammenh\u00e4nge vermuten.<\/p>\n\n\n\n<h3 class=\"wp-block-heading\" id=\"strahlensatze-und-winkelfunktionen\">Strahlens\u00e4tze und Winkelfunktionen<\/h3>\n\n\n\n<p>Bei den Strahlens\u00e4tzen kommen \u00e4hnliche Dreiecke zu Hilfe, ebenso den Winkelfunktionen am rechtwinkligen Dreieck.<\/p>\n\n\n\n<p><\/p>\n\n\n\n<h3 class=\"wp-block-heading\" id=\"h-begleitmaterialien\">Begleitmaterialien<\/h3>\n\n\n\n<p>Passend zum Experimentiersatz GEOMETRIE 1 sind auch ein <a href=\"https:\/\/mekruphy.com\/de\/produkte\/mathematik\/mathematik-arbeitshefte\/\">Sch\u00fclerheft<\/a> und ein <a href=\"https:\/\/mekruphy.com\/de\/produkte\/mathematik\/mathematik-arbeitshefte\/\">Lehrerheft<\/a> mit didaktischen Anweisungen und L\u00f6sungen in analoger Form erh\u00e4ltlich. Das Sch\u00fclerheft ist auch in digitaler Form erwerbbar.<\/p>\n<\/div><\/div>\n\n\n\n<div class=\"wp-block-advgb-tab advgb-tab-body-container\"><div class=\"advgb-tab-body-header advgb-tab-class- \" id=\"advgb-tab-panel-_bf82dc-18-1\" role=\"tabpanel\" aria-labelledby=\"advgb-tab-_bf82dc-18-1\" tabindex=\"0\"><span>Lieferumfang<\/span><\/div><div class=\"advgb-tab-_bf82dc-18 advgb-tab-body\" aria-labelledby=\"advgb-tab-panel-_bf82dc-18-1\" style=\"display:none\">\n<figure class=\"wp-block-table table-product-contents\"><table><tbody><tr><td>25.01.10<\/td><td>Aufbewahrungskasten<\/td><\/tr><tr><td>25.01.20<\/td><td>Deckel mit Griffleiste<\/td><\/tr><tr><td>91.02.00<\/td><td>Ger\u00e4tegeformter Einsatz<\/td><\/tr><tr><td>91.03.00<\/td><td>Rechtwinkliges Dreieck gro\u00df (4 St\u00fcck)<\/td><\/tr><tr><td>91.04.00<\/td><td>Rechtwinkliges Dreieck klein (4 St\u00fcck)<\/td><\/tr><tr><td>91.05.00<\/td><td>Gleichschenklig-rechtwinkliges Dreieck (4 St\u00fcck)<\/td><\/tr><tr><td>91.06.00<\/td><td>Gleichseitiges Dreieck (2 St\u00fcck)<\/td><\/tr><tr><td>91.07.00<\/td><td>Rechteck 80\/45<\/td><\/tr><tr><td>91.08.00<\/td><td>Rechteck 125\/80<\/td><\/tr><tr><td>91.09.00<\/td><td>Rechteck 125\/45<\/td><\/tr><tr><td>91.11.00<\/td><td>Kunststoffdose mit 30 Einheitsquadraten<\/td><\/tr><tr><td>01.13.50<\/td><td>Lagerstift G1<\/td><\/tr><tr><td>91.13.00<\/td><td>Quadrat 75\/75<\/td><\/tr><tr><td>91.14.00<\/td><td>Quadrat 80\/80<\/td><\/tr><tr><td>91.15.00<\/td><td>Quadrat 100\/100<\/td><\/tr><tr><td>13.16.00<\/td><td>Kunststoffplatte RA (3 St\u00fcck)<\/td><\/tr><tr><td>91.17.50<\/td><td>Thales-Modell<\/td><\/tr><tr><td>91.18.00<\/td><td>Rechteck 60\/30 (2 St\u00fcck)<\/td><\/tr><tr><td>91.19.00<\/td><td>Rechteck 60\/45<\/td><\/tr><tr><td>91.20.00<\/td><td>Stumpfwinkliges Dreieck (2 St\u00fcck)<\/td><\/tr><tr><td>91.21.00<\/td><td>Winkelmodell<\/td><\/tr><tr><td>91.22.00<\/td><td>Senklot<\/td><\/tr><tr><td>91.23.00<\/td><td>Winkelmesser<\/td><\/tr><\/tbody><\/table><\/figure>\n\n\n\n<p><\/p>\n<\/div><\/div>\n\n\n\n<div class=\"wp-block-advgb-tab advgb-tab-body-container\"><div class=\"advgb-tab-body-header advgb-tab-class- \" id=\"advgb-tab-panel-_bf82dc-18-2\" role=\"tabpanel\" aria-labelledby=\"advgb-tab-_bf82dc-18-2\" tabindex=\"0\"><span>Experimente<\/span><\/div><div class=\"advgb-tab-_bf82dc-18 advgb-tab-body\" aria-labelledby=\"advgb-tab-panel-_bf82dc-18-2\" style=\"display:none\">\n<figure class=\"wp-block-table table-product-experiments\"><table><tbody><tr><td>G1-1:<\/td><td>Einteilung der Winkel<\/td><\/tr><tr><td>G1-2:<\/td><td>Winkelmessung<\/td><\/tr><tr><td>G1-3:<\/td><td>Ein paar griechische Buchstaben<\/td><\/tr><tr><td>G1-4:<\/td><td>Winkel an Geraden<\/td><\/tr><tr><td>G1-5:<\/td><td>Winkel an Parallelen<\/td><\/tr><tr><td>G1-6:<\/td><td>Besondere Dreiecke<\/td><\/tr><tr><td>G1-7:<\/td><td>Besondere Vierecke<\/td><\/tr><tr><td>G1-8:<\/td><td>Symmetrische Vierecke<\/td><\/tr><tr><td>G1-9:<\/td><td>Die Winkelsumme im Dreieck<\/td><\/tr><tr><td>G1-10:<\/td><td>Der Satz des Thales<\/td><\/tr><tr><td>G1-11:<\/td><td>Fl\u00e4chenmessung<\/td><\/tr><tr><td>G1-12:<\/td><td>Der Fl\u00e4cheninhalt des Drachenvierecks<\/td><\/tr><tr><td>G1-13:<\/td><td>Der F\u00e4cheninhalt des Parallelogramms<\/td><\/tr><tr><td>G1-14:<\/td><td>Das Trapez und sein Fl\u00e4cheninhalt<\/td><\/tr><tr><td>G1-15:<\/td><td>Der Fl\u00e4cheninhalt des Dreiecks<\/td><\/tr><tr><td>G1-16:<\/td><td>Der Satz des Pythagoras<\/td><\/tr><tr><td>G1-17:<\/td><td>Der H\u00f6hensatz des Euklid<\/td><\/tr><tr><td>G1-18:<\/td><td>Der Kathetensatz des Euklid<\/td><\/tr><tr><td>G1-19:<\/td><td>Die Strahlens\u00e4tze<\/td><\/tr><tr><td>G1-20:<\/td><td>Die Winkelfunktionen am rechtwinkligen Dreieck<\/td><\/tr><\/tbody><\/table><\/figure>\n<\/div><\/div>\n\n\n\n<div class=\"wp-block-advgb-tab advgb-tab-body-container\"><div class=\"advgb-tab-body-header advgb-tab-class-undefined \" id=\"advgb-tab-panel-_bf82dc-18-3\" role=\"tabpanel\" aria-labelledby=\"advgb-tab-_bf82dc-18-3\" tabindex=\"0\"><span>Bilder<\/span><\/div><div class=\"advgb-tab-_bf82dc-18 advgb-tab-body\" aria-labelledby=\"advgb-tab-panel-_bf82dc-18-3\" style=\"display:none\"><div class=\"wp-block-image\">\n<figure class=\"aligncenter size-large is-resized\"><img loading=\"lazy\" decoding=\"async\" width=\"524\" height=\"485\" src=\"https:\/\/mekruphy.com\/de\/wp-content\/uploads\/2021\/03\/G1_1.png\" alt=\"\" class=\"wp-image-3146\" style=\"width:510px;height:471px\" srcset=\"https:\/\/mekruphy.com\/de\/wp-content\/uploads\/2021\/03\/G1_1.png 524w, https:\/\/mekruphy.com\/de\/wp-content\/uploads\/2021\/03\/G1_1-300x278.png 300w\" sizes=\"auto, (max-width: 524px) 100vw, 524px\" \/><\/figure>\n<\/div>\n\n\n<p>&nbsp;<\/p>\n\n\n<div class=\"wp-block-image\">\n<figure class=\"aligncenter size-large is-resized\"><img loading=\"lazy\" decoding=\"async\" width=\"637\" height=\"637\" src=\"https:\/\/mekruphy.com\/de\/wp-content\/uploads\/2021\/03\/G1_2.png\" alt=\"\" class=\"wp-image-3147\" style=\"width:510px;height:510px\" srcset=\"https:\/\/mekruphy.com\/de\/wp-content\/uploads\/2021\/03\/G1_2.png 637w, https:\/\/mekruphy.com\/de\/wp-content\/uploads\/2021\/03\/G1_2-300x300.png 300w, https:\/\/mekruphy.com\/de\/wp-content\/uploads\/2021\/03\/G1_2-150x150.png 150w\" sizes=\"auto, (max-width: 637px) 100vw, 637px\" \/><\/figure>\n<\/div>\n\n\n<p>&nbsp;<\/p>\n\n\n<div class=\"wp-block-image\">\n<figure class=\"aligncenter size-large is-resized\"><img loading=\"lazy\" decoding=\"async\" width=\"564\" height=\"564\" src=\"https:\/\/mekruphy.com\/de\/wp-content\/uploads\/2021\/03\/G1_3.png\" alt=\"\" class=\"wp-image-3148\" style=\"width:510px;height:510px\" srcset=\"https:\/\/mekruphy.com\/de\/wp-content\/uploads\/2021\/03\/G1_3.png 564w, https:\/\/mekruphy.com\/de\/wp-content\/uploads\/2021\/03\/G1_3-300x300.png 300w, https:\/\/mekruphy.com\/de\/wp-content\/uploads\/2021\/03\/G1_3-150x150.png 150w\" sizes=\"auto, (max-width: 564px) 100vw, 564px\" \/><\/figure>\n<\/div>\n\n\n<p>&nbsp;<\/p>\n\n\n<div class=\"wp-block-image\">\n<figure class=\"aligncenter size-large is-resized\"><img loading=\"lazy\" decoding=\"async\" width=\"1024\" height=\"504\" src=\"https:\/\/mekruphy.com\/de\/wp-content\/uploads\/2021\/03\/G1_4-1024x504.jpg\" alt=\"\" class=\"wp-image-3149\" style=\"width:750px;height:369px\" srcset=\"https:\/\/mekruphy.com\/de\/wp-content\/uploads\/2021\/03\/G1_4-1024x504.jpg 1024w, https:\/\/mekruphy.com\/de\/wp-content\/uploads\/2021\/03\/G1_4-300x148.jpg 300w, https:\/\/mekruphy.com\/de\/wp-content\/uploads\/2021\/03\/G1_4-768x378.jpg 768w, https:\/\/mekruphy.com\/de\/wp-content\/uploads\/2021\/03\/G1_4-1536x757.jpg 1536w, https:\/\/mekruphy.com\/de\/wp-content\/uploads\/2021\/03\/G1_4-2048x1009.jpg 2048w, https:\/\/mekruphy.com\/de\/wp-content\/uploads\/2021\/03\/G1_4-1600x788.jpg 1600w\" sizes=\"auto, (max-width: 1024px) 100vw, 1024px\" \/><\/figure>\n<\/div><\/div><\/div>\n<\/div><\/div>\n<style class=\"advgb-styles-renderer\">.advgb-tabs-6692e15b-62fc-4673-87ad-a732249ad2a0 ul.advgb-tabs-panel li.advgb-tab.advgb-tab-active {background-color:#5954d6 !important;color:#fff !important;}#advgb-tabs-6692e15b-62fc-4673-87ad-a732249ad2a0 .advgb-tab-body-header.header-active, .advgb-tabs-6692e15b-62fc-4673-87ad-a732249ad2a0 .advgb-tab-body-header.header-active{background-color:#5954d6 !important;color:#fff !important;}<\/style>","protected":false},"excerpt":{"rendered":"","protected":false},"author":3,"featured_media":1509,"parent":630,"menu_order":0,"comment_status":"closed","ping_status":"closed","template":"templates\/product.php","meta":{"_acf_changed":false,"_coblocks_attr":"","_coblocks_dimensions":"","_coblocks_responsive_height":"","_coblocks_accordion_ie_support":"","_eb_attr":"","advgb_blocks_editor_width":"","advgb_blocks_columns_visual_guide":"","footnotes":""},"class_list":["post-560","page","type-page","status-publish","has-post-thumbnail","hentry"],"acf":[],"yoast_head":"<!-- This site is optimized with the Yoast SEO plugin v27.4 - https:\/\/yoast.com\/product\/yoast-seo-wordpress\/ -->\n<title>Experimentiersatz GEOMETRIE 1 - MEKRUPHY GmbH<\/title>\n<meta name=\"description\" content=\"Mit dem Experimentiersatz GEOMETRIE 1 k\u00f6nnen die Sch\u00fcler_innen die S\u00e4tze des Thales, des Pythagoras und des Euklid experimentell entdecken.\" \/>\n<meta name=\"robots\" content=\"index, follow, max-snippet:-1, max-image-preview:large, max-video-preview:-1\" \/>\n<link rel=\"canonical\" href=\"https:\/\/mekruphy.com\/de\/produkte\/mathematik\/experimentiersatz-geometrie-1\/\" \/>\n<meta property=\"og:locale\" content=\"de_DE\" \/>\n<meta property=\"og:type\" content=\"article\" \/>\n<meta property=\"og:title\" content=\"Experimentiersatz GEOMETRIE 1 - MEKRUPHY GmbH\" \/>\n<meta property=\"og:description\" content=\"Mit dem Experimentiersatz GEOMETRIE 1 k\u00f6nnen die Sch\u00fcler_innen die S\u00e4tze des Thales, des Pythagoras und des Euklid experimentell entdecken.\" \/>\n<meta property=\"og:url\" content=\"https:\/\/mekruphy.com\/de\/produkte\/mathematik\/experimentiersatz-geometrie-1\/\" \/>\n<meta property=\"og:site_name\" content=\"MEKRUPHY GmbH\" \/>\n<meta property=\"article:modified_time\" content=\"2026-03-30T15:15:19+00:00\" \/>\n<meta property=\"og:image\" content=\"https:\/\/mekruphy.com\/de\/wp-content\/uploads\/2020\/07\/G1_Kasten\u00fcbersicht.jpg\" \/>\n\t<meta property=\"og:image:width\" content=\"1800\" \/>\n\t<meta property=\"og:image:height\" content=\"1407\" \/>\n\t<meta property=\"og:image:type\" content=\"image\/jpeg\" \/>\n<meta name=\"twitter:card\" content=\"summary_large_image\" \/>\n<meta name=\"twitter:label1\" content=\"Gesch\u00e4tzte Lesezeit\" \/>\n\t<meta name=\"twitter:data1\" content=\"5\u00a0Minuten\" \/>\n<script type=\"application\/ld+json\" class=\"yoast-schema-graph\">{\"@context\":\"https:\\\/\\\/schema.org\",\"@graph\":[{\"@type\":\"WebPage\",\"@id\":\"https:\\\/\\\/mekruphy.com\\\/de\\\/produkte\\\/mathematik\\\/experimentiersatz-geometrie-1\\\/\",\"url\":\"https:\\\/\\\/mekruphy.com\\\/de\\\/produkte\\\/mathematik\\\/experimentiersatz-geometrie-1\\\/\",\"name\":\"Experimentiersatz GEOMETRIE 1 - MEKRUPHY GmbH\",\"isPartOf\":{\"@id\":\"https:\\\/\\\/mekruphy.com\\\/de\\\/#website\"},\"primaryImageOfPage\":{\"@id\":\"https:\\\/\\\/mekruphy.com\\\/de\\\/produkte\\\/mathematik\\\/experimentiersatz-geometrie-1\\\/#primaryimage\"},\"image\":{\"@id\":\"https:\\\/\\\/mekruphy.com\\\/de\\\/produkte\\\/mathematik\\\/experimentiersatz-geometrie-1\\\/#primaryimage\"},\"thumbnailUrl\":\"https:\\\/\\\/mekruphy.com\\\/de\\\/wp-content\\\/uploads\\\/2020\\\/07\\\/G1_Kasten\u00fcbersicht.jpg\",\"datePublished\":\"2020-07-15T11:05:05+00:00\",\"dateModified\":\"2026-03-30T15:15:19+00:00\",\"description\":\"Mit dem Experimentiersatz GEOMETRIE 1 k\u00f6nnen die Sch\u00fcler_innen die S\u00e4tze des Thales, des Pythagoras und des Euklid experimentell entdecken.\",\"breadcrumb\":{\"@id\":\"https:\\\/\\\/mekruphy.com\\\/de\\\/produkte\\\/mathematik\\\/experimentiersatz-geometrie-1\\\/#breadcrumb\"},\"inLanguage\":\"de\",\"potentialAction\":[{\"@type\":\"ReadAction\",\"target\":[\"https:\\\/\\\/mekruphy.com\\\/de\\\/produkte\\\/mathematik\\\/experimentiersatz-geometrie-1\\\/\"]}]},{\"@type\":\"ImageObject\",\"inLanguage\":\"de\",\"@id\":\"https:\\\/\\\/mekruphy.com\\\/de\\\/produkte\\\/mathematik\\\/experimentiersatz-geometrie-1\\\/#primaryimage\",\"url\":\"https:\\\/\\\/mekruphy.com\\\/de\\\/wp-content\\\/uploads\\\/2020\\\/07\\\/G1_Kasten\u00fcbersicht.jpg\",\"contentUrl\":\"https:\\\/\\\/mekruphy.com\\\/de\\\/wp-content\\\/uploads\\\/2020\\\/07\\\/G1_Kasten\u00fcbersicht.jpg\",\"width\":1800,\"height\":1407},{\"@type\":\"BreadcrumbList\",\"@id\":\"https:\\\/\\\/mekruphy.com\\\/de\\\/produkte\\\/mathematik\\\/experimentiersatz-geometrie-1\\\/#breadcrumb\",\"itemListElement\":[{\"@type\":\"ListItem\",\"position\":1,\"name\":\"Startseite\",\"item\":\"https:\\\/\\\/mekruphy.com\\\/de\\\/\"},{\"@type\":\"ListItem\",\"position\":2,\"name\":\"Produkte\",\"item\":\"https:\\\/\\\/mekruphy.com\\\/de\\\/produkte\\\/\"},{\"@type\":\"ListItem\",\"position\":3,\"name\":\"Mathematik\",\"item\":\"https:\\\/\\\/mekruphy.com\\\/de\\\/produkte\\\/mathematik\\\/\"},{\"@type\":\"ListItem\",\"position\":4,\"name\":\"Experimentiersatz GEOMETRIE 1\"}]},{\"@type\":\"WebSite\",\"@id\":\"https:\\\/\\\/mekruphy.com\\\/de\\\/#website\",\"url\":\"https:\\\/\\\/mekruphy.com\\\/de\\\/\",\"name\":\"MEKRUPHY GmbH\",\"description\":\"Sch\u00fcler-Experimentierk\u00e4sten f\u00fcr den MINT-Unterricht\",\"potentialAction\":[{\"@type\":\"SearchAction\",\"target\":{\"@type\":\"EntryPoint\",\"urlTemplate\":\"https:\\\/\\\/mekruphy.com\\\/de\\\/?s={search_term_string}\"},\"query-input\":{\"@type\":\"PropertyValueSpecification\",\"valueRequired\":true,\"valueName\":\"search_term_string\"}}],\"inLanguage\":\"de\"}]}<\/script>\n<!-- \/ Yoast SEO plugin. -->","yoast_head_json":{"title":"Experimentiersatz GEOMETRIE 1 - MEKRUPHY GmbH","description":"Mit dem Experimentiersatz GEOMETRIE 1 k\u00f6nnen die Sch\u00fcler_innen die S\u00e4tze des Thales, des Pythagoras und des Euklid experimentell entdecken.","robots":{"index":"index","follow":"follow","max-snippet":"max-snippet:-1","max-image-preview":"max-image-preview:large","max-video-preview":"max-video-preview:-1"},"canonical":"https:\/\/mekruphy.com\/de\/produkte\/mathematik\/experimentiersatz-geometrie-1\/","og_locale":"de_DE","og_type":"article","og_title":"Experimentiersatz GEOMETRIE 1 - MEKRUPHY GmbH","og_description":"Mit dem Experimentiersatz GEOMETRIE 1 k\u00f6nnen die Sch\u00fcler_innen die S\u00e4tze des Thales, des Pythagoras und des Euklid experimentell entdecken.","og_url":"https:\/\/mekruphy.com\/de\/produkte\/mathematik\/experimentiersatz-geometrie-1\/","og_site_name":"MEKRUPHY GmbH","article_modified_time":"2026-03-30T15:15:19+00:00","og_image":[{"width":1800,"height":1407,"url":"https:\/\/mekruphy.com\/de\/wp-content\/uploads\/2020\/07\/G1_Kasten\u00fcbersicht.jpg","type":"image\/jpeg"}],"twitter_card":"summary_large_image","twitter_misc":{"Gesch\u00e4tzte Lesezeit":"5\u00a0Minuten"},"schema":{"@context":"https:\/\/schema.org","@graph":[{"@type":"WebPage","@id":"https:\/\/mekruphy.com\/de\/produkte\/mathematik\/experimentiersatz-geometrie-1\/","url":"https:\/\/mekruphy.com\/de\/produkte\/mathematik\/experimentiersatz-geometrie-1\/","name":"Experimentiersatz GEOMETRIE 1 - MEKRUPHY GmbH","isPartOf":{"@id":"https:\/\/mekruphy.com\/de\/#website"},"primaryImageOfPage":{"@id":"https:\/\/mekruphy.com\/de\/produkte\/mathematik\/experimentiersatz-geometrie-1\/#primaryimage"},"image":{"@id":"https:\/\/mekruphy.com\/de\/produkte\/mathematik\/experimentiersatz-geometrie-1\/#primaryimage"},"thumbnailUrl":"https:\/\/mekruphy.com\/de\/wp-content\/uploads\/2020\/07\/G1_Kasten\u00fcbersicht.jpg","datePublished":"2020-07-15T11:05:05+00:00","dateModified":"2026-03-30T15:15:19+00:00","description":"Mit dem Experimentiersatz GEOMETRIE 1 k\u00f6nnen die Sch\u00fcler_innen die S\u00e4tze des Thales, des Pythagoras und des Euklid experimentell entdecken.","breadcrumb":{"@id":"https:\/\/mekruphy.com\/de\/produkte\/mathematik\/experimentiersatz-geometrie-1\/#breadcrumb"},"inLanguage":"de","potentialAction":[{"@type":"ReadAction","target":["https:\/\/mekruphy.com\/de\/produkte\/mathematik\/experimentiersatz-geometrie-1\/"]}]},{"@type":"ImageObject","inLanguage":"de","@id":"https:\/\/mekruphy.com\/de\/produkte\/mathematik\/experimentiersatz-geometrie-1\/#primaryimage","url":"https:\/\/mekruphy.com\/de\/wp-content\/uploads\/2020\/07\/G1_Kasten\u00fcbersicht.jpg","contentUrl":"https:\/\/mekruphy.com\/de\/wp-content\/uploads\/2020\/07\/G1_Kasten\u00fcbersicht.jpg","width":1800,"height":1407},{"@type":"BreadcrumbList","@id":"https:\/\/mekruphy.com\/de\/produkte\/mathematik\/experimentiersatz-geometrie-1\/#breadcrumb","itemListElement":[{"@type":"ListItem","position":1,"name":"Startseite","item":"https:\/\/mekruphy.com\/de\/"},{"@type":"ListItem","position":2,"name":"Produkte","item":"https:\/\/mekruphy.com\/de\/produkte\/"},{"@type":"ListItem","position":3,"name":"Mathematik","item":"https:\/\/mekruphy.com\/de\/produkte\/mathematik\/"},{"@type":"ListItem","position":4,"name":"Experimentiersatz GEOMETRIE 1"}]},{"@type":"WebSite","@id":"https:\/\/mekruphy.com\/de\/#website","url":"https:\/\/mekruphy.com\/de\/","name":"MEKRUPHY GmbH","description":"Sch\u00fcler-Experimentierk\u00e4sten f\u00fcr den MINT-Unterricht","potentialAction":[{"@type":"SearchAction","target":{"@type":"EntryPoint","urlTemplate":"https:\/\/mekruphy.com\/de\/?s={search_term_string}"},"query-input":{"@type":"PropertyValueSpecification","valueRequired":true,"valueName":"search_term_string"}}],"inLanguage":"de"}]}},"coauthors":[],"author_meta":{"author_link":"https:\/\/mekruphy.com\/de\/author\/steps-sync\/","display_name":"Steps Sync"},"relative_dates":{"created":"Ver\u00f6ffentlicht 6\u00a0Jahren vor","modified":"Aktualisiert 1\u00a0Monat vor"},"absolute_dates":{"created":"Ver\u00f6ffentlicht am 15. Juli 2020","modified":"Aktualisiert am 30. M\u00e4rz 2026"},"absolute_dates_time":{"created":"Ver\u00f6ffentlicht am 15. Juli 2020 13:05","modified":"Aktualisiert am 30. M\u00e4rz 2026 17:15"},"featured_img_caption":"","featured_img":"https:\/\/mekruphy.com\/de\/wp-content\/uploads\/2020\/07\/G1_Kasten\u00fcbersicht.jpg","series_order":"","_links":{"self":[{"href":"https:\/\/mekruphy.com\/de\/wp-json\/wp\/v2\/pages\/560","targetHints":{"allow":["GET"]}}],"collection":[{"href":"https:\/\/mekruphy.com\/de\/wp-json\/wp\/v2\/pages"}],"about":[{"href":"https:\/\/mekruphy.com\/de\/wp-json\/wp\/v2\/types\/page"}],"author":[{"embeddable":true,"href":"https:\/\/mekruphy.com\/de\/wp-json\/wp\/v2\/users\/3"}],"replies":[{"embeddable":true,"href":"https:\/\/mekruphy.com\/de\/wp-json\/wp\/v2\/comments?post=560"}],"version-history":[{"count":23,"href":"https:\/\/mekruphy.com\/de\/wp-json\/wp\/v2\/pages\/560\/revisions"}],"predecessor-version":[{"id":9314,"href":"https:\/\/mekruphy.com\/de\/wp-json\/wp\/v2\/pages\/560\/revisions\/9314"}],"up":[{"embeddable":true,"href":"https:\/\/mekruphy.com\/de\/wp-json\/wp\/v2\/pages\/630"}],"wp:featuredmedia":[{"embeddable":true,"href":"https:\/\/mekruphy.com\/de\/wp-json\/wp\/v2\/media\/1509"}],"wp:attachment":[{"href":"https:\/\/mekruphy.com\/de\/wp-json\/wp\/v2\/media?parent=560"}],"curies":[{"name":"wp","href":"https:\/\/api.w.org\/{rel}","templated":true}]}}