{"id":564,"date":"2020-07-15T13:05:15","date_gmt":"2020-07-15T11:05:15","guid":{"rendered":"https:\/\/mekruphy.com\/de\/experimentiersatz-geometrie-2\/"},"modified":"2026-03-30T17:17:40","modified_gmt":"2026-03-30T15:17:40","slug":"experimentiersatz-geometrie-2","status":"publish","type":"page","link":"https:\/\/mekruphy.com\/de\/produkte\/mathematik\/experimentiersatz-geometrie-2\/","title":{"rendered":"Experimentiersatz GEOMETRIE 2"},"content":{"rendered":"<div class=\"yoast-breadcrumbs breadcrumbs-indented\"><span><span><a href=\"https:\/\/mekruphy.com\/de\/\">Startseite<\/a><\/span> \u00bb <span><a href=\"https:\/\/mekruphy.com\/de\/produkte\/\">Produkte<\/a><\/span> \u00bb <span><a href=\"https:\/\/mekruphy.com\/de\/produkte\/mathematik\/\">Mathematik<\/a><\/span> \u00bb <span class=\"breadcrumb_last\" aria-current=\"page\">Experimentiersatz GEOMETRIE 2<\/span><\/span><\/div>\n\n\n<div class=\"wp-block-advgb-adv-tabs advgb-tabs-wrapper advgb-tab-horz-desktop advgb-tab-vert-tablet advgb-tab-stack-mobile advgb-tabs-c23840bb-758e-431b-8680-e8c0711b150f\" data-tab-active=\"0\"><ul class=\"advgb-tabs-panel\" role=\"tablist\"><li class=\"advgb-tab advgb-tab-active\" role=\"presentation\" style=\"background-color:#e0e0e0;border-style:solid;border-width:1px;border-radius:10px\"><button class=\"advgb-tab-button\" id=\"advgb-tab-_3840bb-75-0\" aria-controls=\"advgb-tab-panel-_3840bb-75-0\" role=\"tab\" aria-selected=\"true\" tabindex=\"0\" style=\"color:#fff;background:none;border:none;width:100%;text-align:inherit;cursor:pointer;padding:8px 16px;font:inherit\"><span>Beschreibung<\/span><\/button><\/li><li class=\"advgb-tab \" role=\"presentation\" style=\"background-color:#e0e0e0;border-style:solid;border-width:1px;border-radius:10px\"><button class=\"advgb-tab-button\" id=\"advgb-tab-_3840bb-75-1\" aria-controls=\"advgb-tab-panel-_3840bb-75-1\" role=\"tab\" aria-selected=\"false\" tabindex=\"0\" style=\"color:#fff;background:none;border:none;width:100%;text-align:inherit;cursor:pointer;padding:8px 16px;font:inherit\"><span>Lieferumfang<\/span><\/button><\/li><li class=\"advgb-tab \" role=\"presentation\" style=\"background-color:#e0e0e0;border-style:solid;border-width:1px;border-radius:10px\"><button class=\"advgb-tab-button\" id=\"advgb-tab-_3840bb-75-2\" aria-controls=\"advgb-tab-panel-_3840bb-75-2\" role=\"tab\" aria-selected=\"false\" tabindex=\"0\" style=\"color:#fff;background:none;border:none;width:100%;text-align:inherit;cursor:pointer;padding:8px 16px;font:inherit\"><span>Experimente<\/span><\/button><\/li><li class=\"advgb-tab \" role=\"presentation\" style=\"background-color:#e0e0e0;border-style:solid;border-width:1px;border-radius:10px\"><button class=\"advgb-tab-button\" id=\"advgb-tab-_3840bb-75-3\" aria-controls=\"advgb-tab-panel-_3840bb-75-3\" role=\"tab\" aria-selected=\"false\" tabindex=\"0\" style=\"color:#fff;background:none;border:none;width:100%;text-align:inherit;cursor:pointer;padding:8px 16px;font:inherit\"><span>Bilder<\/span><\/button><\/li><\/ul><div class=\"advgb-tab-body-wrapper\" style=\"border-style:solid;border-width:1px;border-radius:10px\">\n<div class=\"wp-block-advgb-tab advgb-tab-body-container\"><div class=\"advgb-tab-body-header advgb-tab-class- \" id=\"advgb-tab-panel-_bf82dc-18-0\" role=\"tabpanel\" aria-labelledby=\"advgb-tab-_bf82dc-18-0\" tabindex=\"0\"><span>Beschreibung<\/span><\/div><div class=\"advgb-tab-_bf82dc-18 advgb-tab-body\" aria-labelledby=\"advgb-tab-panel-_bf82dc-18-0\" style=\"display:none\">\n<h2 class=\"wp-block-heading\" id=\"von-innen-nach-aussen\"><strong>Von innen nach au\u00dfen<\/strong><\/h2>\n\n\n\n<p>Der Experimentiersatz GEOMETRIE 2 bietet einen vollkommen neuen Einstieg in die Raumgeometrie. Durch die Verwendung hochwertiger farbiger Acrylglasformen und moderner Zylindermagnete ergeben sich ungeahnte M\u00f6glichkeiten, die gegenseitige Lage von Geraden und Ebenen anschaulich darzustellen.<\/p>\n\n\n\n<p>Aber auch bei der Erarbeitung der Eigenschaften der wichtigsten geometrischen K\u00f6rper ist die Vorgehensweise neu: Die K\u00f6rper werden nicht von au\u00dfen nach innen betrachtet, sondern von innen nach au\u00dfen aufgebaut.<\/p>\n\n\n\n<h3 class=\"wp-block-heading\" id=\"erleichtert-raumliche-vorstellung\">Erleichtert r\u00e4umliche Vorstellung<\/h3>\n\n\n\n<p>Durch diese Methode l\u00e4sst sich das r\u00e4umliche Vorstellungsverm\u00f6gen leichter entwickeln und f\u00f6rdern. Weitere Beispiele daf\u00fcr:<\/p>\n\n\n\n<ul class=\"wp-block-list\"><li>Symmetrieebenen werden mit Hilfe einer realen Spiegelfl\u00e4che entdeckt<\/li><li>Raum- und Fl\u00e4chendiagonalen sowie Neigungswinkel anhand geeigneter Dreiecke miteinander verglichen<\/li><li>Aufbauten durch Verwendung spezieller Magnete stabil gehalten<\/li><li>mit zehn quadratischen Platten erarbeiten sich die Sch\u00fclerinnen und Sch\u00fcler das Prinzip von <a href=\"https:\/\/de.wikipedia.org\/wiki\/Prinzip_von_Cavalieri\" target=\"_blank\" rel=\"noreferrer noopener\">Cavalieri<\/a> und wenden es anschlie\u00dfend auf verschiedene Pyramidenformen an<\/li><\/ul>\n\n\n\n<p><\/p>\n\n\n\n<h3 class=\"wp-block-heading\" id=\"h-begleitmaterialien\">Begleitmaterialien<\/h3>\n\n\n\n<p>Passend zum Experimentiersatz GEOMETRIE 2 sind auch ein <a href=\"https:\/\/mekruphy.com\/de\/produkte\/mathematik\/mathematik-arbeitshefte\/\">Sch\u00fclerheft<\/a> und ein <a href=\"https:\/\/mekruphy.com\/de\/produkte\/mathematik\/mathematik-arbeitshefte\/\">Lehrerheft<\/a> mit didaktischen Anweisungen und L\u00f6sungen in analoger Form erh\u00e4ltlich. Das Sch\u00fclerheft ist auch in digitaler Form erwerbbar.<\/p>\n<\/div><\/div>\n\n\n\n<div class=\"wp-block-advgb-tab advgb-tab-body-container\"><div class=\"advgb-tab-body-header advgb-tab-class- header-active\" id=\"advgb-tab-panel-_bf82dc-18-1\" role=\"tabpanel\" aria-labelledby=\"advgb-tab-_bf82dc-18-1\" tabindex=\"0\"><span>Lieferumfang<\/span><\/div><div class=\"advgb-tab-_bf82dc-18 advgb-tab-body\" aria-labelledby=\"advgb-tab-panel-_bf82dc-18-1\" style=\"display:block\">\n<figure class=\"wp-block-table table-product-contents\"><table><tbody><tr><td>25.01.10<\/td><td>Aufbewahrungskasten<\/td><\/tr><tr><td>25.01.20<\/td><td>Deckel mit Griffleiste<\/td><\/tr><tr><td>92.02.00<\/td><td>Ger\u00e4tegeformter Einsatz<\/td><\/tr><tr><td>92.03.00<\/td><td>Grundplatte G2<\/td><\/tr><tr><td>92.04.00<\/td><td>Stab mit M3-Gewinde (4 St\u00fcck)<\/td><\/tr><tr><td>92.05.00<\/td><td>Stab 14,4 cm (3 St\u00fcck)<\/td><\/tr><tr><td>92.06.00<\/td><td>Stab 8,4 cm (4 St\u00fcck)<\/td><\/tr><tr><td>92.07.00<\/td><td>Stab 6,9 cm<\/td><\/tr><tr><td>92.08.00<\/td><td>Stab 6,0 cm<\/td><\/tr><tr><td>92.09.00<\/td><td>Stab 4,4 cm<\/td><\/tr><tr><td>92.10.00<\/td><td>Stab 2,0 cm (20 St\u00fcck)<\/td><\/tr><tr><td>92.11.00<\/td><td>Spiegel<\/td><\/tr><tr><td>92.12.00<\/td><td>Zylindermagnet (4 St\u00fcck)<\/td><\/tr><tr><td>92.13.00<\/td><td>Einheitsw\u00fcrfel (10 St\u00fcck)<\/td><\/tr><tr><td>92.14.00<\/td><td>Quadrat 80\/80 (4 St\u00fcck)<\/td><\/tr><tr><td>92.15.00<\/td><td>Quader 25\/25\/3 (10 St\u00fcck)<\/td><\/tr><tr><td>92.16.00<\/td><td>Rechteck 120\/80 (3 St\u00fcck)<\/td><\/tr><tr><td>92.17.00<\/td><td>Rechteck 120\/40 (2 St\u00fcck)<\/td><\/tr><tr><td>92.18.00<\/td><td>Rechteck 80\/40 (2 St\u00fcck)<\/td><\/tr><tr><td>92.19.00<\/td><td>Gleichseitiges Dreieck (4 St\u00fcck)<\/td><\/tr><tr><td>92.20.00<\/td><td>Gleichschenkliches-rechtwinkliches Dreieck<\/td><\/tr><tr><td>92.21.00<\/td><td>Rechtwinkliges Dreieck 140\/40<\/td><\/tr><tr><td>92.22.00<\/td><td>Rechtwinkliges Dreieck 120\/80<\/td><\/tr><tr><td>92.23.00<\/td><td>Rechtwinkliges Dreieck 120\/40<\/td><\/tr><tr><td>92.24.00<\/td><td>Rechtwinkliges Dreieck 109\/80<\/td><\/tr><tr><td>92.25.00<\/td><td>Rechtwinkliges Dreieck 80\/40<\/td><\/tr><tr><td>92.26.00<\/td><td>Dreieck mit Schlitz A<\/td><\/tr><tr><td>92.26.50<\/td><td>Dreieck mit Schlitz B<\/td><\/tr><tr><td>92.27.00<\/td><td>Dreieck mit Schlitz C<\/td><\/tr><tr><td>92.27.50<\/td><td>Dreieck mit Schlitz D<\/td><\/tr><tr><td>92.28.00<\/td><td>Gleichschenkl. Dreieck 70\/80\/70<\/td><\/tr><\/tbody><\/table><\/figure>\n\n\n\n<p><\/p>\n<\/div><\/div>\n\n\n\n<div class=\"wp-block-advgb-tab advgb-tab-body-container\"><div class=\"advgb-tab-body-header advgb-tab-class- \" id=\"advgb-tab-panel-_bf82dc-18-2\" role=\"tabpanel\" aria-labelledby=\"advgb-tab-_bf82dc-18-2\" tabindex=\"0\"><span>Experimente<\/span><\/div><div class=\"advgb-tab-_bf82dc-18 advgb-tab-body\" aria-labelledby=\"advgb-tab-panel-_bf82dc-18-2\" style=\"display:none\">\n<div class=\"wp-block-group\"><div class=\"wp-block-group__inner-container is-layout-flow wp-block-group-is-layout-flow\">\n<figure class=\"wp-block-table table-product-experiments\"><table><tbody><tr><td>G2-1:<\/td><td>Windschiefe Geraden<\/td><\/tr><tr><td>G2-2:<\/td><td>Fl\u00e4chen-und Raumdiagonalen eines W\u00fcrfels<\/td><\/tr><tr><td>G2-3:<\/td><td>Symmetrieebenen am W\u00fcrfel<\/td><\/tr><tr><td>G2-4:<\/td><td>Fl\u00e4chen- und Raumdiagonalen eines Quaders<\/td><\/tr><tr><td>G2-5:<\/td><td>Symmetrieebenen am Quader<\/td><\/tr><tr><td>G2-6:<\/td><td>Oberfl\u00e4che und Netz des Quaders<\/td><\/tr><tr><td>G2-7:<\/td><td>Volumen des Quaders<\/td><\/tr><tr><td>G2-8:<\/td><td>Das gerade dreiseitige Prisma<\/td><\/tr><tr><td>G2-9:<\/td><td>Das Prinzip von Cavalieri<\/td><\/tr><tr><td>G2-10:<\/td><td>Winkel zwischen Gerade und Ebene 1<\/td><\/tr><tr><td>G2-11:<\/td><td>Winkel zwischen Gerade und Ebene 2<\/td><\/tr><tr><td>G2-12:<\/td><td>Schnittwinkel zweier Ebenen<\/td><\/tr><tr><td>G2-13:<\/td><td>Netz der geraden quadratischen Pyramide<\/td><\/tr><tr><td>G2-14:<\/td><td>H\u00f6hen an der geraden quadratischen Pyramide<\/td><\/tr><tr><td>G2-15:<\/td><td>Winkel an der geraden quadratischen Pyramide<\/td><\/tr><tr><td>G2-16:<\/td><td>Das Volumen der geraden quadratischen Pyramide<\/td><\/tr><tr><td>G2-17:<\/td><td>Das regul\u00e4re Tetraeder<\/td><\/tr><tr><td>G2-18:<\/td><td>Das regul\u00e4re Oktaeder<\/td><\/tr><\/tbody><\/table><\/figure>\n<\/div><\/div>\n<\/div><\/div>\n\n\n\n<div class=\"wp-block-advgb-tab advgb-tab-body-container\"><div class=\"advgb-tab-body-header advgb-tab-class- \" id=\"advgb-tab-panel-_bf82dc-18-3\" role=\"tabpanel\" aria-labelledby=\"advgb-tab-_bf82dc-18-3\" tabindex=\"0\"><span>Bilder<\/span><\/div><div class=\"advgb-tab-_bf82dc-18 advgb-tab-body\" aria-labelledby=\"advgb-tab-panel-_bf82dc-18-3\" style=\"display:none\"><div class=\"wp-block-image\">\n<figure class=\"aligncenter size-large is-resized\"><img loading=\"lazy\" decoding=\"async\" width=\"582\" height=\"582\" src=\"https:\/\/mekruphy.com\/de\/wp-content\/uploads\/2021\/03\/G2_1.png\" alt=\"Versuchsaufbau Raumgeometrie\" class=\"wp-image-3150\" style=\"width:510px;height:510px\" srcset=\"https:\/\/mekruphy.com\/de\/wp-content\/uploads\/2021\/03\/G2_1.png 582w, https:\/\/mekruphy.com\/de\/wp-content\/uploads\/2021\/03\/G2_1-300x300.png 300w, https:\/\/mekruphy.com\/de\/wp-content\/uploads\/2021\/03\/G2_1-150x150.png 150w\" sizes=\"auto, (max-width: 582px) 100vw, 582px\" \/><\/figure>\n<\/div>\n\n\n<p>&nbsp;<\/p>\n\n\n<div class=\"wp-block-image\">\n<figure class=\"aligncenter size-large is-resized\"><img loading=\"lazy\" decoding=\"async\" width=\"599\" height=\"599\" src=\"https:\/\/mekruphy.com\/de\/wp-content\/uploads\/2021\/03\/G2_2.png\" alt=\"Versuchsaufbau Geometrie\" class=\"wp-image-3151\" style=\"width:510px;height:510px\" srcset=\"https:\/\/mekruphy.com\/de\/wp-content\/uploads\/2021\/03\/G2_2.png 599w, https:\/\/mekruphy.com\/de\/wp-content\/uploads\/2021\/03\/G2_2-300x300.png 300w, https:\/\/mekruphy.com\/de\/wp-content\/uploads\/2021\/03\/G2_2-150x150.png 150w\" sizes=\"auto, (max-width: 599px) 100vw, 599px\" \/><\/figure>\n<\/div>\n\n\n<p>&nbsp;<\/p>\n\n\n<div class=\"wp-block-image\">\n<figure class=\"aligncenter size-large is-resized\"><img loading=\"lazy\" decoding=\"async\" width=\"571\" height=\"571\" src=\"https:\/\/mekruphy.com\/de\/wp-content\/uploads\/2021\/03\/G2_3.png\" alt=\"Sch\u00fclerexperiment Pyramide\" class=\"wp-image-3152\" style=\"width:510px;height:510px\" srcset=\"https:\/\/mekruphy.com\/de\/wp-content\/uploads\/2021\/03\/G2_3.png 571w, https:\/\/mekruphy.com\/de\/wp-content\/uploads\/2021\/03\/G2_3-300x300.png 300w, https:\/\/mekruphy.com\/de\/wp-content\/uploads\/2021\/03\/G2_3-150x150.png 150w\" sizes=\"auto, (max-width: 571px) 100vw, 571px\" \/><\/figure>\n<\/div>\n\n\n<p>&nbsp;<\/p>\n\n\n<div class=\"wp-block-image\">\n<figure class=\"aligncenter size-large is-resized\"><img loading=\"lazy\" decoding=\"async\" width=\"578\" height=\"578\" src=\"https:\/\/mekruphy.com\/de\/wp-content\/uploads\/2021\/03\/G2_4.png\" alt=\"Raumgeometrie mit W\u00fcrfel und Pyramide\" class=\"wp-image-3153\" style=\"width:510px;height:510px\" srcset=\"https:\/\/mekruphy.com\/de\/wp-content\/uploads\/2021\/03\/G2_4.png 578w, https:\/\/mekruphy.com\/de\/wp-content\/uploads\/2021\/03\/G2_4-300x300.png 300w, https:\/\/mekruphy.com\/de\/wp-content\/uploads\/2021\/03\/G2_4-150x150.png 150w\" sizes=\"auto, (max-width: 578px) 100vw, 578px\" \/><\/figure>\n<\/div><\/div><\/div>\n<\/div><\/div>\n\n\n\n<p><\/p>\n<style class=\"advgb-styles-renderer\">.advgb-tabs-c23840bb-758e-431b-8680-e8c0711b150f ul.advgb-tabs-panel li.advgb-tab.advgb-tab-active {background-color:#5954d6 !important;color:#fff !important;}#advgb-tabs-c23840bb-758e-431b-8680-e8c0711b150f .advgb-tab-body-header.header-active, .advgb-tabs-c23840bb-758e-431b-8680-e8c0711b150f .advgb-tab-body-header.header-active{background-color:#5954d6 !important;color:#fff !important;}<\/style>","protected":false},"excerpt":{"rendered":"","protected":false},"author":3,"featured_media":2261,"parent":630,"menu_order":0,"comment_status":"closed","ping_status":"closed","template":"templates\/product.php","meta":{"_acf_changed":false,"_coblocks_attr":"","_coblocks_dimensions":"","_coblocks_responsive_height":"","_coblocks_accordion_ie_support":"","_eb_attr":"","advgb_blocks_editor_width":"","advgb_blocks_columns_visual_guide":"","footnotes":""},"class_list":["post-564","page","type-page","status-publish","has-post-thumbnail","hentry"],"acf":[],"yoast_head":"<!-- This site is optimized with the Yoast SEO plugin v27.3 - https:\/\/yoast.com\/product\/yoast-seo-wordpress\/ -->\n<title>Experimentiersatz GEOMETRIE 2 - MEKRUPHY GmbH<\/title>\n<meta name=\"description\" content=\"Mit dem Kasten GEOMETRIE 2 k\u00f6nnen Sch\u00fcler_innen experimentell und anschaulich die abstrakten Zusammenh\u00e4nge der Raumgeometrie erkunden.\" \/>\n<meta name=\"robots\" content=\"index, follow, max-snippet:-1, max-image-preview:large, max-video-preview:-1\" \/>\n<link rel=\"canonical\" href=\"https:\/\/mekruphy.com\/de\/produkte\/mathematik\/experimentiersatz-geometrie-2\/\" \/>\n<meta property=\"og:locale\" content=\"de_DE\" \/>\n<meta property=\"og:type\" content=\"article\" \/>\n<meta property=\"og:title\" content=\"Experimentiersatz GEOMETRIE 2 - MEKRUPHY GmbH\" \/>\n<meta property=\"og:description\" content=\"Mit dem Kasten GEOMETRIE 2 k\u00f6nnen Sch\u00fcler_innen experimentell und anschaulich die abstrakten Zusammenh\u00e4nge der Raumgeometrie erkunden.\" \/>\n<meta property=\"og:url\" content=\"https:\/\/mekruphy.com\/de\/produkte\/mathematik\/experimentiersatz-geometrie-2\/\" \/>\n<meta property=\"og:site_name\" content=\"MEKRUPHY GmbH\" \/>\n<meta property=\"article:modified_time\" content=\"2026-03-30T15:17:40+00:00\" \/>\n<meta property=\"og:image\" content=\"https:\/\/mekruphy.com\/de\/wp-content\/uploads\/2020\/08\/Kasten-Geometrie-2.jpg\" \/>\n\t<meta property=\"og:image:width\" content=\"1800\" \/>\n\t<meta property=\"og:image:height\" content=\"1399\" \/>\n\t<meta property=\"og:image:type\" content=\"image\/jpeg\" \/>\n<meta name=\"twitter:card\" content=\"summary_large_image\" \/>\n<meta name=\"twitter:label1\" content=\"Gesch\u00e4tzte Lesezeit\" \/>\n\t<meta name=\"twitter:data1\" content=\"5\u00a0Minuten\" \/>\n<script type=\"application\/ld+json\" class=\"yoast-schema-graph\">{\"@context\":\"https:\\\/\\\/schema.org\",\"@graph\":[{\"@type\":\"WebPage\",\"@id\":\"https:\\\/\\\/mekruphy.com\\\/de\\\/produkte\\\/mathematik\\\/experimentiersatz-geometrie-2\\\/\",\"url\":\"https:\\\/\\\/mekruphy.com\\\/de\\\/produkte\\\/mathematik\\\/experimentiersatz-geometrie-2\\\/\",\"name\":\"Experimentiersatz GEOMETRIE 2 - MEKRUPHY GmbH\",\"isPartOf\":{\"@id\":\"https:\\\/\\\/mekruphy.com\\\/de\\\/#website\"},\"primaryImageOfPage\":{\"@id\":\"https:\\\/\\\/mekruphy.com\\\/de\\\/produkte\\\/mathematik\\\/experimentiersatz-geometrie-2\\\/#primaryimage\"},\"image\":{\"@id\":\"https:\\\/\\\/mekruphy.com\\\/de\\\/produkte\\\/mathematik\\\/experimentiersatz-geometrie-2\\\/#primaryimage\"},\"thumbnailUrl\":\"https:\\\/\\\/mekruphy.com\\\/de\\\/wp-content\\\/uploads\\\/2020\\\/08\\\/Kasten-Geometrie-2.jpg\",\"datePublished\":\"2020-07-15T11:05:15+00:00\",\"dateModified\":\"2026-03-30T15:17:40+00:00\",\"description\":\"Mit dem Kasten GEOMETRIE 2 k\u00f6nnen Sch\u00fcler_innen experimentell und anschaulich die abstrakten Zusammenh\u00e4nge der Raumgeometrie erkunden.\",\"breadcrumb\":{\"@id\":\"https:\\\/\\\/mekruphy.com\\\/de\\\/produkte\\\/mathematik\\\/experimentiersatz-geometrie-2\\\/#breadcrumb\"},\"inLanguage\":\"de\",\"potentialAction\":[{\"@type\":\"ReadAction\",\"target\":[\"https:\\\/\\\/mekruphy.com\\\/de\\\/produkte\\\/mathematik\\\/experimentiersatz-geometrie-2\\\/\"]}]},{\"@type\":\"ImageObject\",\"inLanguage\":\"de\",\"@id\":\"https:\\\/\\\/mekruphy.com\\\/de\\\/produkte\\\/mathematik\\\/experimentiersatz-geometrie-2\\\/#primaryimage\",\"url\":\"https:\\\/\\\/mekruphy.com\\\/de\\\/wp-content\\\/uploads\\\/2020\\\/08\\\/Kasten-Geometrie-2.jpg\",\"contentUrl\":\"https:\\\/\\\/mekruphy.com\\\/de\\\/wp-content\\\/uploads\\\/2020\\\/08\\\/Kasten-Geometrie-2.jpg\",\"width\":1800,\"height\":1399},{\"@type\":\"BreadcrumbList\",\"@id\":\"https:\\\/\\\/mekruphy.com\\\/de\\\/produkte\\\/mathematik\\\/experimentiersatz-geometrie-2\\\/#breadcrumb\",\"itemListElement\":[{\"@type\":\"ListItem\",\"position\":1,\"name\":\"Startseite\",\"item\":\"https:\\\/\\\/mekruphy.com\\\/de\\\/\"},{\"@type\":\"ListItem\",\"position\":2,\"name\":\"Produkte\",\"item\":\"https:\\\/\\\/mekruphy.com\\\/de\\\/produkte\\\/\"},{\"@type\":\"ListItem\",\"position\":3,\"name\":\"Mathematik\",\"item\":\"https:\\\/\\\/mekruphy.com\\\/de\\\/produkte\\\/mathematik\\\/\"},{\"@type\":\"ListItem\",\"position\":4,\"name\":\"Experimentiersatz GEOMETRIE 2\"}]},{\"@type\":\"WebSite\",\"@id\":\"https:\\\/\\\/mekruphy.com\\\/de\\\/#website\",\"url\":\"https:\\\/\\\/mekruphy.com\\\/de\\\/\",\"name\":\"MEKRUPHY GmbH\",\"description\":\"Sch\u00fcler-Experimentierk\u00e4sten f\u00fcr den MINT-Unterricht\",\"potentialAction\":[{\"@type\":\"SearchAction\",\"target\":{\"@type\":\"EntryPoint\",\"urlTemplate\":\"https:\\\/\\\/mekruphy.com\\\/de\\\/?s={search_term_string}\"},\"query-input\":{\"@type\":\"PropertyValueSpecification\",\"valueRequired\":true,\"valueName\":\"search_term_string\"}}],\"inLanguage\":\"de\"}]}<\/script>\n<!-- \/ Yoast SEO plugin. -->","yoast_head_json":{"title":"Experimentiersatz GEOMETRIE 2 - MEKRUPHY GmbH","description":"Mit dem Kasten GEOMETRIE 2 k\u00f6nnen Sch\u00fcler_innen experimentell und anschaulich die abstrakten Zusammenh\u00e4nge der Raumgeometrie erkunden.","robots":{"index":"index","follow":"follow","max-snippet":"max-snippet:-1","max-image-preview":"max-image-preview:large","max-video-preview":"max-video-preview:-1"},"canonical":"https:\/\/mekruphy.com\/de\/produkte\/mathematik\/experimentiersatz-geometrie-2\/","og_locale":"de_DE","og_type":"article","og_title":"Experimentiersatz GEOMETRIE 2 - MEKRUPHY GmbH","og_description":"Mit dem Kasten GEOMETRIE 2 k\u00f6nnen Sch\u00fcler_innen experimentell und anschaulich die abstrakten Zusammenh\u00e4nge der Raumgeometrie erkunden.","og_url":"https:\/\/mekruphy.com\/de\/produkte\/mathematik\/experimentiersatz-geometrie-2\/","og_site_name":"MEKRUPHY GmbH","article_modified_time":"2026-03-30T15:17:40+00:00","og_image":[{"width":1800,"height":1399,"url":"https:\/\/mekruphy.com\/de\/wp-content\/uploads\/2020\/08\/Kasten-Geometrie-2.jpg","type":"image\/jpeg"}],"twitter_card":"summary_large_image","twitter_misc":{"Gesch\u00e4tzte Lesezeit":"5\u00a0Minuten"},"schema":{"@context":"https:\/\/schema.org","@graph":[{"@type":"WebPage","@id":"https:\/\/mekruphy.com\/de\/produkte\/mathematik\/experimentiersatz-geometrie-2\/","url":"https:\/\/mekruphy.com\/de\/produkte\/mathematik\/experimentiersatz-geometrie-2\/","name":"Experimentiersatz GEOMETRIE 2 - MEKRUPHY GmbH","isPartOf":{"@id":"https:\/\/mekruphy.com\/de\/#website"},"primaryImageOfPage":{"@id":"https:\/\/mekruphy.com\/de\/produkte\/mathematik\/experimentiersatz-geometrie-2\/#primaryimage"},"image":{"@id":"https:\/\/mekruphy.com\/de\/produkte\/mathematik\/experimentiersatz-geometrie-2\/#primaryimage"},"thumbnailUrl":"https:\/\/mekruphy.com\/de\/wp-content\/uploads\/2020\/08\/Kasten-Geometrie-2.jpg","datePublished":"2020-07-15T11:05:15+00:00","dateModified":"2026-03-30T15:17:40+00:00","description":"Mit dem Kasten GEOMETRIE 2 k\u00f6nnen Sch\u00fcler_innen experimentell und anschaulich die abstrakten Zusammenh\u00e4nge der Raumgeometrie erkunden.","breadcrumb":{"@id":"https:\/\/mekruphy.com\/de\/produkte\/mathematik\/experimentiersatz-geometrie-2\/#breadcrumb"},"inLanguage":"de","potentialAction":[{"@type":"ReadAction","target":["https:\/\/mekruphy.com\/de\/produkte\/mathematik\/experimentiersatz-geometrie-2\/"]}]},{"@type":"ImageObject","inLanguage":"de","@id":"https:\/\/mekruphy.com\/de\/produkte\/mathematik\/experimentiersatz-geometrie-2\/#primaryimage","url":"https:\/\/mekruphy.com\/de\/wp-content\/uploads\/2020\/08\/Kasten-Geometrie-2.jpg","contentUrl":"https:\/\/mekruphy.com\/de\/wp-content\/uploads\/2020\/08\/Kasten-Geometrie-2.jpg","width":1800,"height":1399},{"@type":"BreadcrumbList","@id":"https:\/\/mekruphy.com\/de\/produkte\/mathematik\/experimentiersatz-geometrie-2\/#breadcrumb","itemListElement":[{"@type":"ListItem","position":1,"name":"Startseite","item":"https:\/\/mekruphy.com\/de\/"},{"@type":"ListItem","position":2,"name":"Produkte","item":"https:\/\/mekruphy.com\/de\/produkte\/"},{"@type":"ListItem","position":3,"name":"Mathematik","item":"https:\/\/mekruphy.com\/de\/produkte\/mathematik\/"},{"@type":"ListItem","position":4,"name":"Experimentiersatz GEOMETRIE 2"}]},{"@type":"WebSite","@id":"https:\/\/mekruphy.com\/de\/#website","url":"https:\/\/mekruphy.com\/de\/","name":"MEKRUPHY GmbH","description":"Sch\u00fcler-Experimentierk\u00e4sten f\u00fcr den MINT-Unterricht","potentialAction":[{"@type":"SearchAction","target":{"@type":"EntryPoint","urlTemplate":"https:\/\/mekruphy.com\/de\/?s={search_term_string}"},"query-input":{"@type":"PropertyValueSpecification","valueRequired":true,"valueName":"search_term_string"}}],"inLanguage":"de"}]}},"coauthors":[],"author_meta":{"author_link":"https:\/\/mekruphy.com\/de\/author\/steps-sync\/","display_name":"Steps Sync"},"relative_dates":{"created":"Ver\u00f6ffentlicht 6\u00a0Jahren vor","modified":"Aktualisiert 2\u00a0Wochen vor"},"absolute_dates":{"created":"Ver\u00f6ffentlicht am 15. Juli 2020","modified":"Aktualisiert am 30. M\u00e4rz 2026"},"absolute_dates_time":{"created":"Ver\u00f6ffentlicht am 15. Juli 2020 13:05","modified":"Aktualisiert am 30. M\u00e4rz 2026 17:17"},"featured_img_caption":"","featured_img":"https:\/\/mekruphy.com\/de\/wp-content\/uploads\/2020\/08\/Kasten-Geometrie-2.jpg","series_order":"","_links":{"self":[{"href":"https:\/\/mekruphy.com\/de\/wp-json\/wp\/v2\/pages\/564","targetHints":{"allow":["GET"]}}],"collection":[{"href":"https:\/\/mekruphy.com\/de\/wp-json\/wp\/v2\/pages"}],"about":[{"href":"https:\/\/mekruphy.com\/de\/wp-json\/wp\/v2\/types\/page"}],"author":[{"embeddable":true,"href":"https:\/\/mekruphy.com\/de\/wp-json\/wp\/v2\/users\/3"}],"replies":[{"embeddable":true,"href":"https:\/\/mekruphy.com\/de\/wp-json\/wp\/v2\/comments?post=564"}],"version-history":[{"count":30,"href":"https:\/\/mekruphy.com\/de\/wp-json\/wp\/v2\/pages\/564\/revisions"}],"predecessor-version":[{"id":9319,"href":"https:\/\/mekruphy.com\/de\/wp-json\/wp\/v2\/pages\/564\/revisions\/9319"}],"up":[{"embeddable":true,"href":"https:\/\/mekruphy.com\/de\/wp-json\/wp\/v2\/pages\/630"}],"wp:featuredmedia":[{"embeddable":true,"href":"https:\/\/mekruphy.com\/de\/wp-json\/wp\/v2\/media\/2261"}],"wp:attachment":[{"href":"https:\/\/mekruphy.com\/de\/wp-json\/wp\/v2\/media?parent=564"}],"curies":[{"name":"wp","href":"https:\/\/api.w.org\/{rel}","templated":true}]}}