{"id":595,"date":"2020-07-16T15:07:40","date_gmt":"2020-07-16T13:07:40","guid":{"rendered":"https:\/\/mekruphy.com\/de\/?page_id=595"},"modified":"2022-11-07T14:06:33","modified_gmt":"2022-11-07T13:06:33","slug":"startseite","status":"publish","type":"page","link":"https:\/\/mekruphy.com\/de\/","title":{"rendered":"Sch\u00fcler-Experimentierk\u00e4sten f\u00fcr den MINT-Unterricht"},"content":{"rendered":"","protected":false},"excerpt":{"rendered":"","protected":false},"author":1,"featured_media":0,"parent":0,"menu_order":0,"comment_status":"closed","ping_status":"closed","template":"","meta":{"_acf_changed":false,"_coblocks_attr":"","_coblocks_dimensions":"","_coblocks_responsive_height":"","_coblocks_accordion_ie_support":"","_eb_attr":"","advgb_blocks_editor_width":"","advgb_blocks_columns_visual_guide":"","footnotes":""},"class_list":["post-595","page","type-page","status-publish","hentry"],"acf":[],"yoast_head":"<!-- This site is optimized with the Yoast SEO plugin v27.4 - https:\/\/yoast.com\/product\/yoast-seo-wordpress\/ -->\n<title>Sch\u00fcler-Experimentierk\u00e4sten f\u00fcr den MINT-Unterricht - MEKRUPHY GmbH<\/title>\n<meta name=\"description\" content=\"MEKRUPHY GmbH ist Spezialist f\u00fcr Experimentierk\u00e4sten und Sch\u00fclerexperimente f\u00fcr den MINT-Unterricht, vom Kindergarten bis zur Universit\u00e4t.\" \/>\n<meta name=\"robots\" content=\"index, follow, max-snippet:-1, max-image-preview:large, max-video-preview:-1\" \/>\n<link rel=\"canonical\" href=\"https:\/\/mekruphy.com\/de\/\" \/>\n<meta property=\"og:locale\" content=\"de_DE\" \/>\n<meta property=\"og:type\" content=\"article\" \/>\n<meta property=\"og:title\" content=\"Sch\u00fcler-Experimentierk\u00e4sten f\u00fcr den MINT-Unterricht - MEKRUPHY GmbH\" \/>\n<meta property=\"og:description\" content=\"MEKRUPHY GmbH ist Spezialist f\u00fcr Experimentierk\u00e4sten und Sch\u00fclerexperimente f\u00fcr den MINT-Unterricht, vom Kindergarten bis zur Universit\u00e4t.\" \/>\n<meta property=\"og:url\" content=\"https:\/\/mekruphy.com\/de\/\" \/>\n<meta property=\"og:site_name\" content=\"MEKRUPHY GmbH\" \/>\n<meta property=\"article:modified_time\" content=\"2022-11-07T13:06:33+00:00\" \/>\n<meta property=\"og:image\" content=\"https:\/\/mekruphy.com\/de\/wp-content\/uploads\/2021\/03\/C1_2.png\" \/>\n\t<meta property=\"og:image:width\" content=\"425\" \/>\n\t<meta property=\"og:image:height\" content=\"779\" \/>\n\t<meta property=\"og:image:type\" content=\"image\/png\" \/>\n<meta name=\"twitter:card\" content=\"summary_large_image\" \/>\n<meta name=\"twitter:image\" content=\"https:\/\/mekruphy.com\/de\/wp-content\/uploads\/2021\/03\/G4_1.png\" \/>\n<script type=\"application\/ld+json\" class=\"yoast-schema-graph\">{\"@context\":\"https:\\\/\\\/schema.org\",\"@graph\":[{\"@type\":\"WebPage\",\"@id\":\"https:\\\/\\\/mekruphy.com\\\/de\\\/\",\"url\":\"https:\\\/\\\/mekruphy.com\\\/de\\\/\",\"name\":\"Sch\u00fcler-Experimentierk\u00e4sten f\u00fcr den MINT-Unterricht - MEKRUPHY GmbH\",\"isPartOf\":{\"@id\":\"https:\\\/\\\/mekruphy.com\\\/de\\\/#website\"},\"datePublished\":\"2020-07-16T13:07:40+00:00\",\"dateModified\":\"2022-11-07T13:06:33+00:00\",\"description\":\"MEKRUPHY GmbH ist Spezialist f\u00fcr Experimentierk\u00e4sten und Sch\u00fclerexperimente f\u00fcr den MINT-Unterricht, vom Kindergarten bis zur Universit\u00e4t.\",\"breadcrumb\":{\"@id\":\"https:\\\/\\\/mekruphy.com\\\/de\\\/#breadcrumb\"},\"inLanguage\":\"de\",\"potentialAction\":[{\"@type\":\"ReadAction\",\"target\":[\"https:\\\/\\\/mekruphy.com\\\/de\\\/\"]}]},{\"@type\":\"BreadcrumbList\",\"@id\":\"https:\\\/\\\/mekruphy.com\\\/de\\\/#breadcrumb\",\"itemListElement\":[{\"@type\":\"ListItem\",\"position\":1,\"name\":\"Startseite\",\"item\":\"https:\\\/\\\/mekruphy.com\\\/de\\\/\"},{\"@type\":\"ListItem\",\"position\":2,\"name\":\"Sch\u00fcler-Experimentierk\u00e4sten f\u00fcr den MINT-Unterricht\"}]},{\"@type\":\"WebSite\",\"@id\":\"https:\\\/\\\/mekruphy.com\\\/de\\\/#website\",\"url\":\"https:\\\/\\\/mekruphy.com\\\/de\\\/\",\"name\":\"MEKRUPHY GmbH\",\"description\":\"Sch\u00fcler-Experimentierk\u00e4sten f\u00fcr den MINT-Unterricht\",\"potentialAction\":[{\"@type\":\"SearchAction\",\"target\":{\"@type\":\"EntryPoint\",\"urlTemplate\":\"https:\\\/\\\/mekruphy.com\\\/de\\\/?s={search_term_string}\"},\"query-input\":{\"@type\":\"PropertyValueSpecification\",\"valueRequired\":true,\"valueName\":\"search_term_string\"}}],\"inLanguage\":\"de\"}]}<\/script>\n<!-- \/ Yoast SEO plugin. -->","yoast_head_json":{"title":"Sch\u00fcler-Experimentierk\u00e4sten f\u00fcr den MINT-Unterricht - MEKRUPHY GmbH","description":"MEKRUPHY GmbH ist Spezialist f\u00fcr Experimentierk\u00e4sten und Sch\u00fclerexperimente f\u00fcr den MINT-Unterricht, vom Kindergarten bis zur Universit\u00e4t.","robots":{"index":"index","follow":"follow","max-snippet":"max-snippet:-1","max-image-preview":"max-image-preview:large","max-video-preview":"max-video-preview:-1"},"canonical":"https:\/\/mekruphy.com\/de\/","og_locale":"de_DE","og_type":"article","og_title":"Sch\u00fcler-Experimentierk\u00e4sten f\u00fcr den MINT-Unterricht - MEKRUPHY GmbH","og_description":"MEKRUPHY GmbH ist Spezialist f\u00fcr Experimentierk\u00e4sten und Sch\u00fclerexperimente f\u00fcr den MINT-Unterricht, vom Kindergarten bis zur Universit\u00e4t.","og_url":"https:\/\/mekruphy.com\/de\/","og_site_name":"MEKRUPHY GmbH","article_modified_time":"2022-11-07T13:06:33+00:00","og_image":[{"width":425,"height":779,"url":"https:\/\/mekruphy.com\/de\/wp-content\/uploads\/2021\/03\/C1_2.png","type":"image\/png"}],"twitter_card":"summary_large_image","twitter_image":"https:\/\/mekruphy.com\/de\/wp-content\/uploads\/2021\/03\/G4_1.png","schema":{"@context":"https:\/\/schema.org","@graph":[{"@type":"WebPage","@id":"https:\/\/mekruphy.com\/de\/","url":"https:\/\/mekruphy.com\/de\/","name":"Sch\u00fcler-Experimentierk\u00e4sten f\u00fcr den MINT-Unterricht - MEKRUPHY GmbH","isPartOf":{"@id":"https:\/\/mekruphy.com\/de\/#website"},"datePublished":"2020-07-16T13:07:40+00:00","dateModified":"2022-11-07T13:06:33+00:00","description":"MEKRUPHY GmbH ist Spezialist f\u00fcr Experimentierk\u00e4sten und Sch\u00fclerexperimente f\u00fcr den MINT-Unterricht, vom Kindergarten bis zur Universit\u00e4t.","breadcrumb":{"@id":"https:\/\/mekruphy.com\/de\/#breadcrumb"},"inLanguage":"de","potentialAction":[{"@type":"ReadAction","target":["https:\/\/mekruphy.com\/de\/"]}]},{"@type":"BreadcrumbList","@id":"https:\/\/mekruphy.com\/de\/#breadcrumb","itemListElement":[{"@type":"ListItem","position":1,"name":"Startseite","item":"https:\/\/mekruphy.com\/de\/"},{"@type":"ListItem","position":2,"name":"Sch\u00fcler-Experimentierk\u00e4sten f\u00fcr den MINT-Unterricht"}]},{"@type":"WebSite","@id":"https:\/\/mekruphy.com\/de\/#website","url":"https:\/\/mekruphy.com\/de\/","name":"MEKRUPHY GmbH","description":"Sch\u00fcler-Experimentierk\u00e4sten f\u00fcr den MINT-Unterricht","potentialAction":[{"@type":"SearchAction","target":{"@type":"EntryPoint","urlTemplate":"https:\/\/mekruphy.com\/de\/?s={search_term_string}"},"query-input":{"@type":"PropertyValueSpecification","valueRequired":true,"valueName":"search_term_string"}}],"inLanguage":"de"}]}},"coauthors":[],"author_meta":{"author_link":"https:\/\/mekruphy.com\/de\/author\/mwbsca\/","display_name":"mwbscA"},"relative_dates":{"created":"Ver\u00f6ffentlicht 6\u00a0Jahren vor","modified":"Aktualisiert 3\u00a0Jahren vor"},"absolute_dates":{"created":"Ver\u00f6ffentlicht am 16. Juli 2020","modified":"Aktualisiert am 7. November 2022"},"absolute_dates_time":{"created":"Ver\u00f6ffentlicht am 16. Juli 2020 15:07","modified":"Aktualisiert am 7. November 2022 14:06"},"featured_img_caption":"","featured_img":false,"series_order":"","_links":{"self":[{"href":"https:\/\/mekruphy.com\/de\/wp-json\/wp\/v2\/pages\/595","targetHints":{"allow":["GET"]}}],"collection":[{"href":"https:\/\/mekruphy.com\/de\/wp-json\/wp\/v2\/pages"}],"about":[{"href":"https:\/\/mekruphy.com\/de\/wp-json\/wp\/v2\/types\/page"}],"author":[{"embeddable":true,"href":"https:\/\/mekruphy.com\/de\/wp-json\/wp\/v2\/users\/1"}],"replies":[{"embeddable":true,"href":"https:\/\/mekruphy.com\/de\/wp-json\/wp\/v2\/comments?post=595"}],"version-history":[{"count":10,"href":"https:\/\/mekruphy.com\/de\/wp-json\/wp\/v2\/pages\/595\/revisions"}],"predecessor-version":[{"id":9944,"href":"https:\/\/mekruphy.com\/de\/wp-json\/wp\/v2\/pages\/595\/revisions\/9944"}],"wp:attachment":[{"href":"https:\/\/mekruphy.com\/de\/wp-json\/wp\/v2\/media?parent=595"}],"curies":[{"name":"wp","href":"https:\/\/api.w.org\/{rel}","templated":true}]}}