{"id":612,"date":"2020-07-16T15:45:16","date_gmt":"2020-07-16T13:45:16","guid":{"rendered":"https:\/\/mekruphy.com\/de\/?page_id=612"},"modified":"2026-04-02T12:46:30","modified_gmt":"2026-04-02T10:46:30","slug":"physik","status":"publish","type":"page","link":"https:\/\/mekruphy.com\/de\/produkte\/physik\/","title":{"rendered":"Physik"},"content":{"rendered":"<div class=\"wp-block-image\">\n<figure class=\"aligncenter size-large\"><img loading=\"lazy\" decoding=\"async\" width=\"949\" height=\"427\" src=\"https:\/\/mekruphy.com\/de\/wp-content\/uploads\/2021\/03\/PHYSIK_Arbeitsgruppen.png\" alt=\"Physikunterricht\" class=\"wp-image-3261\" srcset=\"https:\/\/mekruphy.com\/de\/wp-content\/uploads\/2021\/03\/PHYSIK_Arbeitsgruppen.png 949w, https:\/\/mekruphy.com\/de\/wp-content\/uploads\/2021\/03\/PHYSIK_Arbeitsgruppen-300x135.png 300w, https:\/\/mekruphy.com\/de\/wp-content\/uploads\/2021\/03\/PHYSIK_Arbeitsgruppen-768x346.png 768w\" sizes=\"auto, (max-width: 949px) 100vw, 949px\" \/><\/figure>\n<\/div>\n\n\n<h2 class=\"wp-block-heading\" id=\"h-unterrichtsorientiert\">Unterrichtsorientiert<\/h2>\n\n\n\n<p>Jeder einzelne Physik-Experimentierkasten von MEKRUPHY wird aus dem Unterricht heraus entwickelt. Sie werden \u00fcber mehrere Jahre an zahlreichen Schulen erprobt und immer wieder verbessert. Daher sind diese ausgereiften <a href=\"https:\/\/mekruphy.com\/de\/warum-der-begriff-schueler-experimentiersaetze\/\">Sch\u00fcler-Experimentiers\u00e4tze<\/a> heute weltweit anerkannte Spitzenprodukte, die Sch\u00fclerinnen und Sch\u00fcler begeistern.<\/p>\n\n\n\n<p>Mit diesen K\u00e4sten l\u00e4sst sich der Physikunterricht aufwerten, Inhalte anschaulich vermitteln und der Aufwand f\u00fcr Sch\u00fclerexperimente reduzieren. Grund daf\u00fcr ist die Effizienz unserer Systeme, die auf vier Faktoren beruht:<\/p>\n\n\n\n<ul class=\"wp-block-list\">\n<li>hohe Qualit\u00e4t der Ger\u00e4teausstattung<\/li>\n\n\n\n<li>feste Arbeitsgruppe<\/li>\n\n\n\n<li>ausgereifte Experimentierliteratur<\/li>\n\n\n\n<li>Produktion in Deutschland<\/li>\n<\/ul>\n\n\n\n<h2 class=\"wp-block-heading\" id=\"h-gerateausstattung\">Ger\u00e4teausstattung<\/h2>\n\n\n\n<p>Die MEKRUPHY-Experimentiers\u00e4tze be\u00adstehen aus leichten, aber robusten Aufbe\u00adwahrungsk\u00e4sten, die<\/p>\n\n\n\n<ul class=\"wp-block-list\">\n<li>alle Ger\u00e4te enthalten, die f\u00fcr die Physik-Experi\u00admente eines ganzen Themengebietes ben\u00f6tigt werden. Lediglich die <a href=\"https:\/\/mekruphy.com\/de\/produkte\/physik\/physik-zubehor\/#universalschiene\">Universalschiene<\/a>, <a href=\"https:\/\/mekruphy.com\/de\/produkte\/physik\/physik-spannungsversorgung\/\">Netzger\u00e4te<\/a> und <a href=\"https:\/\/mekruphy.com\/de\/produkte\/physik\/physik-vielfachmessgerat\/\">Mess\u00adger\u00e4te<\/a> sowie das <a href=\"https:\/\/mekruphy.com\/de\/produkte\/addestation\/#mga\">MGA<\/a> werden zus\u00e4tzlich ben\u00f6tigt, k\u00f6nnen daf\u00fcr aber in Kombination mit verschiedenen K\u00e4sten zum Einsatz kommen.<\/li>\n\n\n\n<li>so dimensioniert sind, dass sie in jedem Schrank und auf jedem Tisch ausrei\u00adchend Platz finden. Mehr dazu finden Sie unter <a href=\"https:\/\/mekruphy.com\/de\/produkte\/physik\/physik-aufbewahrung\/\">Aufbewahrung<\/a>.<\/li>\n<\/ul>\n\n\n\n<h2 class=\"wp-block-heading\" id=\"h-high-quality-statt-low-cost\">High Quality statt \u201eLow Cost\u201c<\/h2>\n\n\n\n<p>Das MEKRUPHY-System gibt den Sch\u00fcle\u00adrinnen und Sch\u00fclern hochwertige Experi\u00admen\u00adtierger\u00e4te in die Hand. Diese erm\u00f6glichen Ergebnisse gro\u00dfer Genauigkeit. Denn nur so f\u00fchlen sie sich als \u201eexperimentel\u00adle Mitar\u00adbeiter im Physikunterricht\u201c ernst und in Verant\u00adwortung genommen, und nur so l\u00e4sst sich der wis\u00adsenschaftliche Anspruch der Expe\u00adrimente glaubhaft vermitteln.<\/p>\n\n\n\n<h2 class=\"wp-block-heading\" id=\"h-ordnung-leicht-gemacht\">Ordnung leicht gemacht<\/h2>\n\n\n\n<p>Der Kasteneinsatz aus hochwertigem, ex\u00adtrem halt\u00adbarem und optisch ansprechen\u00addem Polyurethan gibt jedem Ger\u00e4t durch individuelle Aussparungen sei\u00adnen Platz vor. Dies erzieht die Sch\u00fclerinnen und Sch\u00fcler von Anfang an in nat\u00fcrlicher Weise zu Ord\u00adnung und erleichtert der Physiklehrkraft die Kontrolle.<\/p>\n\n\n<div class=\"wp-block-image\">\n<figure class=\"aligncenter size-large\"><img loading=\"lazy\" decoding=\"async\" width=\"905\" height=\"444\" src=\"https:\/\/mekruphy.com\/de\/wp-content\/uploads\/2021\/03\/Kasten_1.png\" alt=\"MEKRUPHY Experimentiersatz\" class=\"wp-image-3359\" srcset=\"https:\/\/mekruphy.com\/de\/wp-content\/uploads\/2021\/03\/Kasten_1.png 905w, https:\/\/mekruphy.com\/de\/wp-content\/uploads\/2021\/03\/Kasten_1-300x147.png 300w, https:\/\/mekruphy.com\/de\/wp-content\/uploads\/2021\/03\/Kasten_1-768x377.png 768w\" sizes=\"auto, (max-width: 905px) 100vw, 905px\" \/><\/figure>\n<\/div>\n\n\n<h2 class=\"wp-block-heading\" id=\"h-kein-gesondertes-stativmaterial-notwendig\">Kein gesondertes Stativmaterial notwendig<\/h2>\n\n\n\n<p>Als Stativ dient der Aufbewahrungskasten, in des\u00adsen Boden bei Bedarf die mitgelieferten Stativstan\u00adgen eingeschraubt werden k\u00f6nnen.<\/p>\n\n\n\n<figure class=\"wp-block-coblocks-gallery-masonry masonry-grid has-medium-gutter\">\n<figure class=\"wp-block-image size-large masonry-brick\"><img loading=\"lazy\" decoding=\"async\" width=\"552\" height=\"543\" src=\"https:\/\/mekruphy.com\/de\/wp-content\/uploads\/2021\/03\/Kasten_2.png\" alt=\"Image gallery image\" class=\"wp-image-3360\" srcset=\"https:\/\/mekruphy.com\/de\/wp-content\/uploads\/2021\/03\/Kasten_2.png 552w, https:\/\/mekruphy.com\/de\/wp-content\/uploads\/2021\/03\/Kasten_2-300x295.png 300w\" sizes=\"auto, (max-width: 552px) 100vw, 552px\" \/><\/figure>\n\n\n\n<figure class=\"wp-block-image size-large masonry-brick\"><img loading=\"lazy\" decoding=\"async\" width=\"1024\" height=\"1024\" src=\"https:\/\/mekruphy.com\/de\/wp-content\/uploads\/2021\/02\/M2_1-1024x1024.jpg\" alt=\"Image gallery image\" class=\"wp-image-2882\" srcset=\"https:\/\/mekruphy.com\/de\/wp-content\/uploads\/2021\/02\/M2_1-1024x1024.jpg 1024w, https:\/\/mekruphy.com\/de\/wp-content\/uploads\/2021\/02\/M2_1-300x300.jpg 300w, https:\/\/mekruphy.com\/de\/wp-content\/uploads\/2021\/02\/M2_1-150x150.jpg 150w, https:\/\/mekruphy.com\/de\/wp-content\/uploads\/2021\/02\/M2_1-768x768.jpg 768w, https:\/\/mekruphy.com\/de\/wp-content\/uploads\/2021\/02\/M2_1.jpg 1217w\" sizes=\"auto, (max-width: 1024px) 100vw, 1024px\" \/><\/figure>\n<\/figure>\n\n\n\n<h2 class=\"wp-block-heading\" id=\"h-arbeitsgruppen\">Arbeitsgruppen<\/h2>\n\n\n\n<p>Die Arbeitsgruppen bestehen in der Regel aus zwei Sch\u00fclerinnen oder Sch\u00fclern. Diese Einteilung bleibt f\u00fcr alle Physik-Experimente innerhalb eines Schuljahrs bestehen. Jede Gruppe wird unter Zuordnung einer Nummer in eine Liste eingetragen und arbeitet immer mit dem Kasten derselben Nummer. Auf diese Weise tr\u00e4gt sie f\u00fcr \u201eihren\u201c Kasten die Verantwortung und kann die Messergebnisse von vorangegangenen Experimenten nutzen.<\/p>\n\n\n\n<h2 class=\"wp-block-heading\" id=\"h-made-in-germany\">Made in Germany<\/h2>\n\n\n\n<p>\u00dcber 95 Prozent der MEKRUPHY-Ger\u00e4te werden in Deutschland hergestellt. Sie zeichnen sich durch hervorragende Materialien, hohe Pr\u00e4zision und enor\u00adme Langlebigkeit aus und erm\u00f6glichen Ergebnisse gro\u00dfer Genauigkeit.<\/p>\n\n\n\n<p>Die Herstellung in Deutschland garantiert nicht nur hohe Qualit\u00e4ts- und Umweltstandards, sondern auch den zuverl\u00e4ssigen Nachkauf von Einzelteilen.<\/p>\n","protected":false},"excerpt":{"rendered":"<p>Unterrichtsorientiert Jeder einzelne Physik-Experimentierkasten von MEKRUPHY wird aus dem Unterricht heraus entwickelt. Sie werden \u00fcber mehrere Jahre an zahlreichen Schulen erprobt und immer wieder verbessert. Daher sind diese ausgereiften Sch\u00fcler-Experimentiers\u00e4tze heute weltweit anerkannte Spitzenprodukte, die Sch\u00fclerinnen und Sch\u00fcler begeistern. Mit diesen K\u00e4sten l\u00e4sst sich der Physikunterricht aufwerten, Inhalte anschaulich vermitteln und der Aufwand f\u00fcr Sch\u00fclerexperimente [&hellip;]<\/p>\n","protected":false},"author":1,"featured_media":0,"parent":610,"menu_order":0,"comment_status":"closed","ping_status":"closed","template":"templates\/productcategory.php","meta":{"_acf_changed":false,"_coblocks_attr":"","_coblocks_dimensions":"","_coblocks_responsive_height":"","_coblocks_accordion_ie_support":"","_eb_attr":"","advgb_blocks_editor_width":"","advgb_blocks_columns_visual_guide":"","footnotes":""},"class_list":["post-612","page","type-page","status-publish","hentry"],"acf":[],"yoast_head":"<!-- This site is optimized with the Yoast SEO plugin v27.3 - https:\/\/yoast.com\/product\/yoast-seo-wordpress\/ -->\n<title>Physik - MEKRUPHY GmbH<\/title>\n<meta name=\"description\" content=\"MEKRUPHY Experimentierk\u00e4sten und Sch\u00fclerexperimente werden aus dem Physikunterricht heraus entwickelt, \u00fcber Jahre an zahlreichen Schulen erprobt und immer wieder verbessert.\" \/>\n<meta name=\"robots\" content=\"index, follow, max-snippet:-1, max-image-preview:large, max-video-preview:-1\" \/>\n<link rel=\"canonical\" href=\"https:\/\/mekruphy.com\/de\/produkte\/physik\/\" \/>\n<meta property=\"og:locale\" content=\"de_DE\" \/>\n<meta property=\"og:type\" content=\"article\" \/>\n<meta property=\"og:title\" content=\"Physik - MEKRUPHY GmbH\" \/>\n<meta property=\"og:description\" content=\"MEKRUPHY Experimentierk\u00e4sten und Sch\u00fclerexperimente werden aus dem Physikunterricht heraus entwickelt, \u00fcber Jahre an zahlreichen Schulen erprobt und immer wieder verbessert.\" \/>\n<meta property=\"og:url\" content=\"https:\/\/mekruphy.com\/de\/produkte\/physik\/\" \/>\n<meta property=\"og:site_name\" content=\"MEKRUPHY GmbH\" \/>\n<meta property=\"article:modified_time\" content=\"2026-04-02T10:46:30+00:00\" \/>\n<meta property=\"og:image\" content=\"https:\/\/mekruphy.com\/de\/wp-content\/uploads\/2021\/03\/PHYSIK_Arbeitsgruppen.png\" \/>\n\t<meta property=\"og:image:width\" content=\"949\" \/>\n\t<meta property=\"og:image:height\" content=\"427\" \/>\n\t<meta property=\"og:image:type\" content=\"image\/png\" \/>\n<meta name=\"twitter:card\" content=\"summary_large_image\" \/>\n<meta name=\"twitter:label1\" content=\"Gesch\u00e4tzte Lesezeit\" \/>\n\t<meta name=\"twitter:data1\" content=\"3\u00a0Minuten\" \/>\n<script type=\"application\/ld+json\" class=\"yoast-schema-graph\">{\"@context\":\"https:\\\/\\\/schema.org\",\"@graph\":[{\"@type\":\"WebPage\",\"@id\":\"https:\\\/\\\/mekruphy.com\\\/de\\\/produkte\\\/physik\\\/\",\"url\":\"https:\\\/\\\/mekruphy.com\\\/de\\\/produkte\\\/physik\\\/\",\"name\":\"Physik - MEKRUPHY GmbH\",\"isPartOf\":{\"@id\":\"https:\\\/\\\/mekruphy.com\\\/de\\\/#website\"},\"primaryImageOfPage\":{\"@id\":\"https:\\\/\\\/mekruphy.com\\\/de\\\/produkte\\\/physik\\\/#primaryimage\"},\"image\":{\"@id\":\"https:\\\/\\\/mekruphy.com\\\/de\\\/produkte\\\/physik\\\/#primaryimage\"},\"thumbnailUrl\":\"https:\\\/\\\/mekruphy.com\\\/de\\\/wp-content\\\/uploads\\\/2021\\\/03\\\/PHYSIK_Arbeitsgruppen.png\",\"datePublished\":\"2020-07-16T13:45:16+00:00\",\"dateModified\":\"2026-04-02T10:46:30+00:00\",\"description\":\"MEKRUPHY Experimentierk\u00e4sten und Sch\u00fclerexperimente werden aus dem Physikunterricht heraus entwickelt, \u00fcber Jahre an zahlreichen Schulen erprobt und immer wieder verbessert.\",\"breadcrumb\":{\"@id\":\"https:\\\/\\\/mekruphy.com\\\/de\\\/produkte\\\/physik\\\/#breadcrumb\"},\"inLanguage\":\"de\",\"potentialAction\":[{\"@type\":\"ReadAction\",\"target\":[\"https:\\\/\\\/mekruphy.com\\\/de\\\/produkte\\\/physik\\\/\"]}]},{\"@type\":\"ImageObject\",\"inLanguage\":\"de\",\"@id\":\"https:\\\/\\\/mekruphy.com\\\/de\\\/produkte\\\/physik\\\/#primaryimage\",\"url\":\"https:\\\/\\\/mekruphy.com\\\/de\\\/wp-content\\\/uploads\\\/2021\\\/03\\\/PHYSIK_Arbeitsgruppen.png\",\"contentUrl\":\"https:\\\/\\\/mekruphy.com\\\/de\\\/wp-content\\\/uploads\\\/2021\\\/03\\\/PHYSIK_Arbeitsgruppen.png\",\"width\":949,\"height\":427},{\"@type\":\"BreadcrumbList\",\"@id\":\"https:\\\/\\\/mekruphy.com\\\/de\\\/produkte\\\/physik\\\/#breadcrumb\",\"itemListElement\":[{\"@type\":\"ListItem\",\"position\":1,\"name\":\"Startseite\",\"item\":\"https:\\\/\\\/mekruphy.com\\\/de\\\/\"},{\"@type\":\"ListItem\",\"position\":2,\"name\":\"Produkte\",\"item\":\"https:\\\/\\\/mekruphy.com\\\/de\\\/produkte\\\/\"},{\"@type\":\"ListItem\",\"position\":3,\"name\":\"Physik\"}]},{\"@type\":\"WebSite\",\"@id\":\"https:\\\/\\\/mekruphy.com\\\/de\\\/#website\",\"url\":\"https:\\\/\\\/mekruphy.com\\\/de\\\/\",\"name\":\"MEKRUPHY GmbH\",\"description\":\"Sch\u00fcler-Experimentierk\u00e4sten f\u00fcr den MINT-Unterricht\",\"potentialAction\":[{\"@type\":\"SearchAction\",\"target\":{\"@type\":\"EntryPoint\",\"urlTemplate\":\"https:\\\/\\\/mekruphy.com\\\/de\\\/?s={search_term_string}\"},\"query-input\":{\"@type\":\"PropertyValueSpecification\",\"valueRequired\":true,\"valueName\":\"search_term_string\"}}],\"inLanguage\":\"de\"}]}<\/script>\n<!-- \/ Yoast SEO plugin. -->","yoast_head_json":{"title":"Physik - MEKRUPHY GmbH","description":"MEKRUPHY Experimentierk\u00e4sten und Sch\u00fclerexperimente werden aus dem Physikunterricht heraus entwickelt, \u00fcber Jahre an zahlreichen Schulen erprobt und immer wieder verbessert.","robots":{"index":"index","follow":"follow","max-snippet":"max-snippet:-1","max-image-preview":"max-image-preview:large","max-video-preview":"max-video-preview:-1"},"canonical":"https:\/\/mekruphy.com\/de\/produkte\/physik\/","og_locale":"de_DE","og_type":"article","og_title":"Physik - MEKRUPHY GmbH","og_description":"MEKRUPHY Experimentierk\u00e4sten und Sch\u00fclerexperimente werden aus dem Physikunterricht heraus entwickelt, \u00fcber Jahre an zahlreichen Schulen erprobt und immer wieder verbessert.","og_url":"https:\/\/mekruphy.com\/de\/produkte\/physik\/","og_site_name":"MEKRUPHY GmbH","article_modified_time":"2026-04-02T10:46:30+00:00","og_image":[{"width":949,"height":427,"url":"https:\/\/mekruphy.com\/de\/wp-content\/uploads\/2021\/03\/PHYSIK_Arbeitsgruppen.png","type":"image\/png"}],"twitter_card":"summary_large_image","twitter_misc":{"Gesch\u00e4tzte Lesezeit":"3\u00a0Minuten"},"schema":{"@context":"https:\/\/schema.org","@graph":[{"@type":"WebPage","@id":"https:\/\/mekruphy.com\/de\/produkte\/physik\/","url":"https:\/\/mekruphy.com\/de\/produkte\/physik\/","name":"Physik - MEKRUPHY GmbH","isPartOf":{"@id":"https:\/\/mekruphy.com\/de\/#website"},"primaryImageOfPage":{"@id":"https:\/\/mekruphy.com\/de\/produkte\/physik\/#primaryimage"},"image":{"@id":"https:\/\/mekruphy.com\/de\/produkte\/physik\/#primaryimage"},"thumbnailUrl":"https:\/\/mekruphy.com\/de\/wp-content\/uploads\/2021\/03\/PHYSIK_Arbeitsgruppen.png","datePublished":"2020-07-16T13:45:16+00:00","dateModified":"2026-04-02T10:46:30+00:00","description":"MEKRUPHY Experimentierk\u00e4sten und Sch\u00fclerexperimente werden aus dem Physikunterricht heraus entwickelt, \u00fcber Jahre an zahlreichen Schulen erprobt und immer wieder verbessert.","breadcrumb":{"@id":"https:\/\/mekruphy.com\/de\/produkte\/physik\/#breadcrumb"},"inLanguage":"de","potentialAction":[{"@type":"ReadAction","target":["https:\/\/mekruphy.com\/de\/produkte\/physik\/"]}]},{"@type":"ImageObject","inLanguage":"de","@id":"https:\/\/mekruphy.com\/de\/produkte\/physik\/#primaryimage","url":"https:\/\/mekruphy.com\/de\/wp-content\/uploads\/2021\/03\/PHYSIK_Arbeitsgruppen.png","contentUrl":"https:\/\/mekruphy.com\/de\/wp-content\/uploads\/2021\/03\/PHYSIK_Arbeitsgruppen.png","width":949,"height":427},{"@type":"BreadcrumbList","@id":"https:\/\/mekruphy.com\/de\/produkte\/physik\/#breadcrumb","itemListElement":[{"@type":"ListItem","position":1,"name":"Startseite","item":"https:\/\/mekruphy.com\/de\/"},{"@type":"ListItem","position":2,"name":"Produkte","item":"https:\/\/mekruphy.com\/de\/produkte\/"},{"@type":"ListItem","position":3,"name":"Physik"}]},{"@type":"WebSite","@id":"https:\/\/mekruphy.com\/de\/#website","url":"https:\/\/mekruphy.com\/de\/","name":"MEKRUPHY GmbH","description":"Sch\u00fcler-Experimentierk\u00e4sten f\u00fcr den MINT-Unterricht","potentialAction":[{"@type":"SearchAction","target":{"@type":"EntryPoint","urlTemplate":"https:\/\/mekruphy.com\/de\/?s={search_term_string}"},"query-input":{"@type":"PropertyValueSpecification","valueRequired":true,"valueName":"search_term_string"}}],"inLanguage":"de"}]}},"coauthors":[],"author_meta":{"author_link":"https:\/\/mekruphy.com\/de\/author\/mwbsca\/","display_name":"mwbscA"},"relative_dates":{"created":"Ver\u00f6ffentlicht 6\u00a0Jahren vor","modified":"Aktualisiert 2\u00a0Wochen vor"},"absolute_dates":{"created":"Ver\u00f6ffentlicht am 16. Juli 2020","modified":"Aktualisiert am 2. April 2026"},"absolute_dates_time":{"created":"Ver\u00f6ffentlicht am 16. Juli 2020 15:45","modified":"Aktualisiert am 2. April 2026 12:46"},"featured_img_caption":"","featured_img":false,"series_order":"","_links":{"self":[{"href":"https:\/\/mekruphy.com\/de\/wp-json\/wp\/v2\/pages\/612","targetHints":{"allow":["GET"]}}],"collection":[{"href":"https:\/\/mekruphy.com\/de\/wp-json\/wp\/v2\/pages"}],"about":[{"href":"https:\/\/mekruphy.com\/de\/wp-json\/wp\/v2\/types\/page"}],"author":[{"embeddable":true,"href":"https:\/\/mekruphy.com\/de\/wp-json\/wp\/v2\/users\/1"}],"replies":[{"embeddable":true,"href":"https:\/\/mekruphy.com\/de\/wp-json\/wp\/v2\/comments?post=612"}],"version-history":[{"count":64,"href":"https:\/\/mekruphy.com\/de\/wp-json\/wp\/v2\/pages\/612\/revisions"}],"predecessor-version":[{"id":9746,"href":"https:\/\/mekruphy.com\/de\/wp-json\/wp\/v2\/pages\/612\/revisions\/9746"}],"up":[{"embeddable":true,"href":"https:\/\/mekruphy.com\/de\/wp-json\/wp\/v2\/pages\/610"}],"wp:attachment":[{"href":"https:\/\/mekruphy.com\/de\/wp-json\/wp\/v2\/media?parent=612"}],"curies":[{"name":"wp","href":"https:\/\/api.w.org\/{rel}","templated":true}]}}