{"id":615,"date":"2020-07-16T15:46:58","date_gmt":"2020-07-16T13:46:58","guid":{"rendered":"https:\/\/mekruphy.com\/de\/?page_id=615"},"modified":"2026-04-01T11:36:38","modified_gmt":"2026-04-01T09:36:38","slug":"waerme-energie-radioaktivitaet","status":"publish","type":"page","link":"https:\/\/mekruphy.com\/de\/produkte\/physik\/waerme-energie-radioaktivitaet\/","title":{"rendered":"W\u00e4rme \/ Energie \/ Radioaktivit\u00e4t"},"content":{"rendered":"<div class=\"yoast-breadcrumbs breadcrumbs\"><span><span><a href=\"https:\/\/mekruphy.com\/de\/\">Startseite<\/a><\/span> \u00bb <span><a href=\"https:\/\/mekruphy.com\/de\/produkte\/\">Produkte<\/a><\/span> \u00bb <span><a href=\"https:\/\/mekruphy.com\/de\/produkte\/physik\/\">Physik<\/a><\/span> \u00bb <span class=\"breadcrumb_last\" aria-current=\"page\">W\u00e4rme \/ Energie \/ Radioaktivit\u00e4t<\/span><\/span><\/div>\n\n\n<h2 class=\"wp-block-heading\" id=\"h-warme-energie-radioaktivitat\"><strong>W\u00e4rme \/ Energie \/ Radioaktivit\u00e4t<\/strong><\/h2>\n\n\n\n<div class=\"wp-block-coblocks-row coblocks-row-011151436637\" data-columns=\"2\" data-layout=\"66-33\"><div class=\"wp-block-coblocks-row__inner has-no-padding has-no-margin is-stacked-on-mobile has-medium-gutter\">\n<div class=\"wp-block-coblocks-column coblocks-column-011151437871\" style=\"width:66%\"><div class=\"wp-block-coblocks-column__inner has-no-padding has-no-margin\">\n<p>W\u00c4RMELEHRE ist ein so umfassendes Themengebiet, dass wir es auf drei verschiedene MEKRUPHY-Experimentiers\u00e4tze verteilt haben: <\/p>\n\n\n\n<ul class=\"wp-block-list\">\n<li>Der Experimentiersatz <a href=\"https:\/\/mekruphy.com\/de\/produkte\/physik\/waerme-energie-radioaktivitaet\/experimentiersatz-waerme-1\/\">W\u00c4RME 1<\/a> behandelt in Kurzversuchen wichtige Grundlagen, bei denen das Ph\u00e4nomen im Vordergrund und mathematische Zusammenh\u00e4nge eher im Hintergrund stehen.<\/li>\n\n\n\n<li>Unser Experimentierkasten <a href=\"https:\/\/mekruphy.com\/de\/produkte\/physik\/waerme-energie-radioaktivitaet\/experimentiersatz-waerme-2\/\">W\u00c4RME 2<\/a> befasst sich mit Themen, die man mathematisch sehr genau erfassen und im Sch\u00fclerversuch veranschaulichen kann.<\/li>\n\n\n\n<li>Mit unserem Experimentiersatz <a href=\"https:\/\/mekruphy.com\/de\/produkte\/physik\/waerme-energie-radioaktivitaet\/experimentiersatz-waerme-3-addestation-mga\/\">W\u00c4RME 3<\/a> machen wir sonst schwer fassbare innere Vorg\u00e4nge mithilfe von Sensoren sichtbar.<\/li>\n<\/ul>\n\n\n\n<p> &nbsp;<\/p>\n\n\n\n<h3 class=\"wp-block-heading\">Zukunftsthema ENERGIE \u2013 klassische und regenerative Energieformen<\/h3>\n\n\n\n<p>Den Sch\u00fclerexperimentierkasten <a href=\"https:\/\/mekruphy.com\/de\/produkte\/physik\/waerme-energie-radioaktivitaet\/experimentiersatz-energie\/\">ENERGIE<\/a> haben wir gemeinsam mit dem Lehrstuhl f\u00fcr Didaktik der Physik an der <a href=\"https:\/\/www.fau.de\/\" target=\"_blank\" rel=\"noreferrer noopener\">Universit\u00e4t Erlangen<\/a> entwickelt. Er ist inzwischen ein \u201eKlassiker\u201c in unserem Programm, besonders weil die quantitativen Experimente zur Energieerhaltung und -umwandlung angesichts der <a href=\"https:\/\/www.mpg.de\/klima\" target=\"_blank\" rel=\"noreferrer noopener\">Klimaentwicklung<\/a> so aktuell sind wie nie zuvor. Um zus\u00e4tzlich den Treibhauseffekt zu behandeln, gibt es einen entsprechenden gleichnamigen Erg\u00e4nzungskasten <a href=\"https:\/\/mekruphy.com\/de\/modellversuch-zum-treibhauseffekt\/\">TREIBHAUSEFFEKT<\/a>. Ein \u201eKlassiker\u201c ist er auch deshalb, weil es vielen Schulen gelingt, daf\u00fcr Sponsoren zu gewinnen. <br>(Mehr die Ph\u00e4nomene im Blick hat unser fach\u00fcbergreifender MEKRUPHY-Experimentiersatz <a href=\"https:\/\/mekruphy.com\/de\/produkte\/natur-und-technik-5-6\/experimentiersatz-boden-nahrung-energie\/\">Boden-Nahrung-Energie<\/a> aus dem Lieferprogramm <a href=\"https:\/\/mekruphy.com\/de\/produkte\/natur-und-technik-5-6\/\">Natur &amp; Technik<\/a>.)<\/p>\n\n\n\n<p><\/p>\n\n\n\n<h3 class=\"wp-block-heading\">Faszinierende Sch\u00fcler-Experimente zur Kernphysik mit Freigrenzen-Pr\u00e4paraten<\/h3>\n\n\n\n<p>Unser MEKRUPHY-Experimentierkasten <a href=\"https:\/\/mekruphy.com\/de\/produkte\/physik\/waerme-energie-radioaktivitaet\/experimentiersatz-radioaktivitaet-1\/\">RADIOAKTIVIT\u00c4T<\/a> kommt g\u00e4nzlich ohne genehmigungspflichtige Pr\u00e4parate aus, so dass die Sch\u00fclerinnen und Sch\u00fcler alle Experimente gefahrlos selbst\u00e4ndig durchf\u00fchren k\u00f6nnen. Ein Strahlenschutz-Beauftragter an der Schule ist hierf\u00fcr nicht mehr erforderlich. F\u00fcr diesen Experimentiersatz gibt es eine finanzielle F\u00f6rderm\u00f6glichkeit.<\/p>\n\n\n\n<p><\/p>\n<\/div><\/div>\n\n\n\n<div class=\"wp-block-coblocks-column coblocks-column-011151437873\" style=\"width:33%\"><div class=\"wp-block-coblocks-column__inner has-no-padding has-no-margin\">\n<figure class=\"wp-block-image size-full\"><img loading=\"lazy\" decoding=\"async\" width=\"351\" height=\"377\" src=\"https:\/\/mekruphy.com\/de\/wp-content\/uploads\/2021\/03\/W1_2.png\" alt=\"W\u00e4rme \/ Energie \/ Radioaktivit\u00e4t\" class=\"wp-image-3002\" srcset=\"https:\/\/mekruphy.com\/de\/wp-content\/uploads\/2021\/03\/W1_2.png 351w, https:\/\/mekruphy.com\/de\/wp-content\/uploads\/2021\/03\/W1_2-279x300.png 279w\" sizes=\"auto, (max-width: 351px) 100vw, 351px\" \/><\/figure>\n<\/div><\/div>\n<\/div><\/div>\n\n\n\n<p><\/p>\n","protected":false},"excerpt":{"rendered":"<p>W\u00e4rme \/ Energie \/ Radioaktivit\u00e4t<\/p>\n","protected":false},"author":1,"featured_media":0,"parent":612,"menu_order":0,"comment_status":"closed","ping_status":"closed","template":"templates\/productcategory.php","meta":{"_acf_changed":false,"_coblocks_attr":"","_coblocks_dimensions":"","_coblocks_responsive_height":"","_coblocks_accordion_ie_support":"","_eb_attr":"","advgb_blocks_editor_width":"","advgb_blocks_columns_visual_guide":"","footnotes":""},"class_list":["post-615","page","type-page","status-publish","hentry"],"acf":[],"yoast_head":"<!-- This site is optimized with the Yoast SEO plugin v27.4 - https:\/\/yoast.com\/product\/yoast-seo-wordpress\/ -->\n<title>W\u00e4rme \/ Energie \/ Radioaktivit\u00e4t - MEKRUPHY GmbH<\/title>\n<meta name=\"description\" content=\"Mit den MEKRUPHY Experimentiers\u00e4tzen zur W\u00c4RME, ENERGIE oder RADIOAKTIVIT\u00c4T k\u00f6nnen Sch\u00fcler_innen all diese Ph\u00e4nomene selbst entdecken.\" \/>\n<meta name=\"robots\" content=\"index, follow, max-snippet:-1, max-image-preview:large, max-video-preview:-1\" \/>\n<link rel=\"canonical\" href=\"https:\/\/mekruphy.com\/de\/produkte\/physik\/waerme-energie-radioaktivitaet\/\" \/>\n<meta property=\"og:locale\" content=\"de_DE\" \/>\n<meta property=\"og:type\" content=\"article\" \/>\n<meta property=\"og:title\" content=\"W\u00e4rme \/ Energie \/ Radioaktivit\u00e4t - MEKRUPHY GmbH\" \/>\n<meta property=\"og:description\" content=\"Mit den MEKRUPHY Experimentiers\u00e4tzen zur W\u00c4RME, ENERGIE oder RADIOAKTIVIT\u00c4T k\u00f6nnen Sch\u00fcler_innen all diese Ph\u00e4nomene selbst entdecken.\" \/>\n<meta property=\"og:url\" content=\"https:\/\/mekruphy.com\/de\/produkte\/physik\/waerme-energie-radioaktivitaet\/\" \/>\n<meta property=\"og:site_name\" content=\"MEKRUPHY GmbH\" \/>\n<meta property=\"article:modified_time\" content=\"2026-04-01T09:36:38+00:00\" \/>\n<meta property=\"og:image\" content=\"https:\/\/mekruphy.com\/de\/wp-content\/uploads\/2021\/03\/W1_2.png\" \/>\n\t<meta property=\"og:image:width\" content=\"351\" \/>\n\t<meta property=\"og:image:height\" content=\"377\" \/>\n\t<meta property=\"og:image:type\" content=\"image\/png\" \/>\n<meta name=\"twitter:card\" content=\"summary_large_image\" \/>\n<meta name=\"twitter:label1\" content=\"Gesch\u00e4tzte Lesezeit\" \/>\n\t<meta name=\"twitter:data1\" content=\"2\u00a0Minuten\" \/>\n<script type=\"application\/ld+json\" class=\"yoast-schema-graph\">{\"@context\":\"https:\\\/\\\/schema.org\",\"@graph\":[{\"@type\":\"WebPage\",\"@id\":\"https:\\\/\\\/mekruphy.com\\\/de\\\/produkte\\\/physik\\\/waerme-energie-radioaktivitaet\\\/\",\"url\":\"https:\\\/\\\/mekruphy.com\\\/de\\\/produkte\\\/physik\\\/waerme-energie-radioaktivitaet\\\/\",\"name\":\"W\u00e4rme \\\/ Energie \\\/ Radioaktivit\u00e4t - MEKRUPHY GmbH\",\"isPartOf\":{\"@id\":\"https:\\\/\\\/mekruphy.com\\\/de\\\/#website\"},\"primaryImageOfPage\":{\"@id\":\"https:\\\/\\\/mekruphy.com\\\/de\\\/produkte\\\/physik\\\/waerme-energie-radioaktivitaet\\\/#primaryimage\"},\"image\":{\"@id\":\"https:\\\/\\\/mekruphy.com\\\/de\\\/produkte\\\/physik\\\/waerme-energie-radioaktivitaet\\\/#primaryimage\"},\"thumbnailUrl\":\"https:\\\/\\\/mekruphy.com\\\/de\\\/wp-content\\\/uploads\\\/2021\\\/03\\\/W1_2.png\",\"datePublished\":\"2020-07-16T13:46:58+00:00\",\"dateModified\":\"2026-04-01T09:36:38+00:00\",\"description\":\"Mit den MEKRUPHY Experimentiers\u00e4tzen zur W\u00c4RME, ENERGIE oder RADIOAKTIVIT\u00c4T k\u00f6nnen Sch\u00fcler_innen all diese Ph\u00e4nomene selbst entdecken.\",\"breadcrumb\":{\"@id\":\"https:\\\/\\\/mekruphy.com\\\/de\\\/produkte\\\/physik\\\/waerme-energie-radioaktivitaet\\\/#breadcrumb\"},\"inLanguage\":\"de\",\"potentialAction\":[{\"@type\":\"ReadAction\",\"target\":[\"https:\\\/\\\/mekruphy.com\\\/de\\\/produkte\\\/physik\\\/waerme-energie-radioaktivitaet\\\/\"]}]},{\"@type\":\"ImageObject\",\"inLanguage\":\"de\",\"@id\":\"https:\\\/\\\/mekruphy.com\\\/de\\\/produkte\\\/physik\\\/waerme-energie-radioaktivitaet\\\/#primaryimage\",\"url\":\"https:\\\/\\\/mekruphy.com\\\/de\\\/wp-content\\\/uploads\\\/2021\\\/03\\\/W1_2.png\",\"contentUrl\":\"https:\\\/\\\/mekruphy.com\\\/de\\\/wp-content\\\/uploads\\\/2021\\\/03\\\/W1_2.png\",\"width\":351,\"height\":377,\"caption\":\"W\u00e4rme\"},{\"@type\":\"BreadcrumbList\",\"@id\":\"https:\\\/\\\/mekruphy.com\\\/de\\\/produkte\\\/physik\\\/waerme-energie-radioaktivitaet\\\/#breadcrumb\",\"itemListElement\":[{\"@type\":\"ListItem\",\"position\":1,\"name\":\"Startseite\",\"item\":\"https:\\\/\\\/mekruphy.com\\\/de\\\/\"},{\"@type\":\"ListItem\",\"position\":2,\"name\":\"Produkte\",\"item\":\"https:\\\/\\\/mekruphy.com\\\/de\\\/produkte\\\/\"},{\"@type\":\"ListItem\",\"position\":3,\"name\":\"Physik\",\"item\":\"https:\\\/\\\/mekruphy.com\\\/de\\\/produkte\\\/physik\\\/\"},{\"@type\":\"ListItem\",\"position\":4,\"name\":\"W\u00e4rme \\\/ Energie \\\/ Radioaktivit\u00e4t\"}]},{\"@type\":\"WebSite\",\"@id\":\"https:\\\/\\\/mekruphy.com\\\/de\\\/#website\",\"url\":\"https:\\\/\\\/mekruphy.com\\\/de\\\/\",\"name\":\"MEKRUPHY GmbH\",\"description\":\"Sch\u00fcler-Experimentierk\u00e4sten f\u00fcr den MINT-Unterricht\",\"potentialAction\":[{\"@type\":\"SearchAction\",\"target\":{\"@type\":\"EntryPoint\",\"urlTemplate\":\"https:\\\/\\\/mekruphy.com\\\/de\\\/?s={search_term_string}\"},\"query-input\":{\"@type\":\"PropertyValueSpecification\",\"valueRequired\":true,\"valueName\":\"search_term_string\"}}],\"inLanguage\":\"de\"}]}<\/script>\n<!-- \/ Yoast SEO plugin. -->","yoast_head_json":{"title":"W\u00e4rme \/ Energie \/ Radioaktivit\u00e4t - MEKRUPHY GmbH","description":"Mit den MEKRUPHY Experimentiers\u00e4tzen zur W\u00c4RME, ENERGIE oder RADIOAKTIVIT\u00c4T k\u00f6nnen Sch\u00fcler_innen all diese Ph\u00e4nomene selbst entdecken.","robots":{"index":"index","follow":"follow","max-snippet":"max-snippet:-1","max-image-preview":"max-image-preview:large","max-video-preview":"max-video-preview:-1"},"canonical":"https:\/\/mekruphy.com\/de\/produkte\/physik\/waerme-energie-radioaktivitaet\/","og_locale":"de_DE","og_type":"article","og_title":"W\u00e4rme \/ Energie \/ Radioaktivit\u00e4t - MEKRUPHY GmbH","og_description":"Mit den MEKRUPHY Experimentiers\u00e4tzen zur W\u00c4RME, ENERGIE oder RADIOAKTIVIT\u00c4T k\u00f6nnen Sch\u00fcler_innen all diese Ph\u00e4nomene selbst entdecken.","og_url":"https:\/\/mekruphy.com\/de\/produkte\/physik\/waerme-energie-radioaktivitaet\/","og_site_name":"MEKRUPHY GmbH","article_modified_time":"2026-04-01T09:36:38+00:00","og_image":[{"width":351,"height":377,"url":"https:\/\/mekruphy.com\/de\/wp-content\/uploads\/2021\/03\/W1_2.png","type":"image\/png"}],"twitter_card":"summary_large_image","twitter_misc":{"Gesch\u00e4tzte Lesezeit":"2\u00a0Minuten"},"schema":{"@context":"https:\/\/schema.org","@graph":[{"@type":"WebPage","@id":"https:\/\/mekruphy.com\/de\/produkte\/physik\/waerme-energie-radioaktivitaet\/","url":"https:\/\/mekruphy.com\/de\/produkte\/physik\/waerme-energie-radioaktivitaet\/","name":"W\u00e4rme \/ Energie \/ Radioaktivit\u00e4t - MEKRUPHY GmbH","isPartOf":{"@id":"https:\/\/mekruphy.com\/de\/#website"},"primaryImageOfPage":{"@id":"https:\/\/mekruphy.com\/de\/produkte\/physik\/waerme-energie-radioaktivitaet\/#primaryimage"},"image":{"@id":"https:\/\/mekruphy.com\/de\/produkte\/physik\/waerme-energie-radioaktivitaet\/#primaryimage"},"thumbnailUrl":"https:\/\/mekruphy.com\/de\/wp-content\/uploads\/2021\/03\/W1_2.png","datePublished":"2020-07-16T13:46:58+00:00","dateModified":"2026-04-01T09:36:38+00:00","description":"Mit den MEKRUPHY Experimentiers\u00e4tzen zur W\u00c4RME, ENERGIE oder RADIOAKTIVIT\u00c4T k\u00f6nnen Sch\u00fcler_innen all diese Ph\u00e4nomene selbst entdecken.","breadcrumb":{"@id":"https:\/\/mekruphy.com\/de\/produkte\/physik\/waerme-energie-radioaktivitaet\/#breadcrumb"},"inLanguage":"de","potentialAction":[{"@type":"ReadAction","target":["https:\/\/mekruphy.com\/de\/produkte\/physik\/waerme-energie-radioaktivitaet\/"]}]},{"@type":"ImageObject","inLanguage":"de","@id":"https:\/\/mekruphy.com\/de\/produkte\/physik\/waerme-energie-radioaktivitaet\/#primaryimage","url":"https:\/\/mekruphy.com\/de\/wp-content\/uploads\/2021\/03\/W1_2.png","contentUrl":"https:\/\/mekruphy.com\/de\/wp-content\/uploads\/2021\/03\/W1_2.png","width":351,"height":377,"caption":"W\u00e4rme"},{"@type":"BreadcrumbList","@id":"https:\/\/mekruphy.com\/de\/produkte\/physik\/waerme-energie-radioaktivitaet\/#breadcrumb","itemListElement":[{"@type":"ListItem","position":1,"name":"Startseite","item":"https:\/\/mekruphy.com\/de\/"},{"@type":"ListItem","position":2,"name":"Produkte","item":"https:\/\/mekruphy.com\/de\/produkte\/"},{"@type":"ListItem","position":3,"name":"Physik","item":"https:\/\/mekruphy.com\/de\/produkte\/physik\/"},{"@type":"ListItem","position":4,"name":"W\u00e4rme \/ Energie \/ Radioaktivit\u00e4t"}]},{"@type":"WebSite","@id":"https:\/\/mekruphy.com\/de\/#website","url":"https:\/\/mekruphy.com\/de\/","name":"MEKRUPHY GmbH","description":"Sch\u00fcler-Experimentierk\u00e4sten f\u00fcr den MINT-Unterricht","potentialAction":[{"@type":"SearchAction","target":{"@type":"EntryPoint","urlTemplate":"https:\/\/mekruphy.com\/de\/?s={search_term_string}"},"query-input":{"@type":"PropertyValueSpecification","valueRequired":true,"valueName":"search_term_string"}}],"inLanguage":"de"}]}},"coauthors":[],"author_meta":{"author_link":"https:\/\/mekruphy.com\/de\/author\/mwbsca\/","display_name":"mwbscA"},"relative_dates":{"created":"Ver\u00f6ffentlicht 6\u00a0Jahren vor","modified":"Aktualisiert 4\u00a0Wochen vor"},"absolute_dates":{"created":"Ver\u00f6ffentlicht am 16. Juli 2020","modified":"Aktualisiert am 1. April 2026"},"absolute_dates_time":{"created":"Ver\u00f6ffentlicht am 16. Juli 2020 15:46","modified":"Aktualisiert am 1. April 2026 11:36"},"featured_img_caption":"","featured_img":false,"series_order":"","_links":{"self":[{"href":"https:\/\/mekruphy.com\/de\/wp-json\/wp\/v2\/pages\/615","targetHints":{"allow":["GET"]}}],"collection":[{"href":"https:\/\/mekruphy.com\/de\/wp-json\/wp\/v2\/pages"}],"about":[{"href":"https:\/\/mekruphy.com\/de\/wp-json\/wp\/v2\/types\/page"}],"author":[{"embeddable":true,"href":"https:\/\/mekruphy.com\/de\/wp-json\/wp\/v2\/users\/1"}],"replies":[{"embeddable":true,"href":"https:\/\/mekruphy.com\/de\/wp-json\/wp\/v2\/comments?post=615"}],"version-history":[{"count":26,"href":"https:\/\/mekruphy.com\/de\/wp-json\/wp\/v2\/pages\/615\/revisions"}],"predecessor-version":[{"id":9605,"href":"https:\/\/mekruphy.com\/de\/wp-json\/wp\/v2\/pages\/615\/revisions\/9605"}],"up":[{"embeddable":true,"href":"https:\/\/mekruphy.com\/de\/wp-json\/wp\/v2\/pages\/612"}],"wp:attachment":[{"href":"https:\/\/mekruphy.com\/de\/wp-json\/wp\/v2\/media?parent=615"}],"curies":[{"name":"wp","href":"https:\/\/api.w.org\/{rel}","templated":true}]}}