{"id":620,"date":"2020-07-16T15:48:09","date_gmt":"2020-07-16T13:48:09","guid":{"rendered":"https:\/\/mekruphy.com\/de\/?page_id=620"},"modified":"2026-03-25T09:24:17","modified_gmt":"2026-03-25T08:24:17","slug":"addestation","status":"publish","type":"page","link":"https:\/\/mekruphy.com\/de\/produkte\/addestation\/","title":{"rendered":"ADDESTATION"},"content":{"rendered":"\n<div class=\"wp-block-essential-blocks-advanced-image  root-eb-advanced-image-mbv0c advgb-dyn-09bae280\"><div class=\"eb-parent-wrapper eb-parent-eb-advanced-image-mbv0c \"><figure class=\"eb-advanced-image-wrapper eb-advanced-image-mbv0c no-effect\" data-id=\"eb-advanced-image-mbv0c\"><div class=\"eb-image-wrapper\"><div class=\"eb-image-wrapper-inner eb-img-style-square\"><img decoding=\"async\" src=\"https:\/\/mekruphy.com\/de\/wp-content\/uploads\/2021\/03\/Addestation_Klasse.png\" alt=\"\"\/><\/div><\/div><\/figure><\/div><\/div>\n\n\n\n<h2 class=\"wp-block-heading\" id=\"h-digitale-messwerterfassung\">Digitale Messwerterfassung<\/h2>\n\n\n\n<p>Sensoren bestimmen zunehmend unseren Alltag (z.B. Auto, Haushalt, Industrie), sie er\u00f6ffnen aufgrund kurzer Entwicklungszyklen stetig neue M\u00f6glichkeiten und werden dabei immer leistungsf\u00e4higer und bedienerfreundlicher \u2013 auch f\u00fcr die Nutzung im naturwissenschaftlichen Unterricht. Daher spielen sie f\u00fcr die Entwicklung der Digitalkompetenz der \u201eDigital Natives\u201c sicher eine wichtige Rolle.<\/p>\n\n\n\n<p>Besonders folgende Faktoren und Vorz\u00fcge fallen ins Auge:<\/p>\n\n\n\n<ul class=\"wp-block-list\">\n<li>Im Vergleich zu konventionellen Ger\u00e4ten viel schnellere und pr\u00e4zisere Messwertaufnahme (z.B. Schwingkreise, hochfrequente Schwingungen)<\/li>\n\n\n\n<li>gleichzeitige Erfassung von Messwerten mehrerer Gr\u00f6\u00dfen<\/li>\n\n\n\n<li>schnelle, direkte Auswertung der Messwerte&nbsp;<\/li>\n\n\n\n<li>Sensoren machen Ph\u00e4nomene sichtbar, die konventionellen Messger\u00e4ten nicht aufdecken<\/li>\n<\/ul>\n\n\n\n<h2 class=\"wp-block-heading\" id=\"mga\">Was bedeutet ADDESTATION?&nbsp;<\/h2>\n\n\n\n<p>ADDESTATION ist ein \u00fcber Jahre hinweg gemeinschaftlich mit unserem Partner Addest Technovations PET Ltd. in Singapur konzipiertes und immer weiter entwickeltes Experimentier- und Messwerterfassungssystem, das hochwertige Soft- und Hardwarekomponenten sowie erprobte Experimentiermaterialien zu einem \u00fcberzeugenden Gesamtkonzept f\u00fcr den naturwissenschaftlichen Unterricht zusammenfasst \u2013 eine inzwischen im Schulalltag bestens bew\u00e4hrte \u201eall in one solution\u201c. Es zeichnet sich durch Bedienerfreundlichkeit, Pr\u00e4zision sowie hohen Qualit\u00e4tsanspruch aus und umfasst Experimentiers\u00e4tze f\u00fcr Physik, Biologie und Chemie. 2016 gewann das MEKRUPHY ADDESTATION-System den WORLDDIDAC AWARD.<\/p>\n\n\n\n<p>Der Name ADDESTATION ist durch das Deutsche Patent- und Markenamt als Marke eingetragen. Dar\u00fcber hinaus ist die ADDESTATION Technologie durch das Europ\u00e4ische Patentamt patentrechtlich gesch\u00fctzt.<\/p>\n\n\n\n<h2 class=\"wp-block-heading\"><strong>Was bedeutet MGA?<\/strong>&nbsp;<\/h2>\n\n\n\n<p>Das MGA-Prinzip beschreibt als Akronym die wichtigsten Funktionen des ADDESTATION-wireless-Sensor-Systems: <strong>M<\/strong>essger\u00e4t, <strong>G<\/strong>raph und <strong>A<\/strong>uswertung.<\/p>\n\n\n\n<div class=\"wp-block-coblocks-row coblocks-row-025152359195\" data-columns=\"3\" data-layout=\"33-33-33\"><div class=\"wp-block-coblocks-row__inner has-no-padding has-no-margin is-stacked-on-mobile has-medium-gutter\">\n<div class=\"wp-block-coblocks-column coblocks-column-0251524313\" style=\"width:33%\"><div class=\"wp-block-coblocks-column__inner has-no-padding has-no-margin\">\n<h4 class=\"wp-block-heading has-text-align-center\">Messger\u00e4t<\/h4>\n\n\n\n<p>Dank des eingebauten OLED-Displays l\u00e4sst sich der \u00fcberwiegende Teil der Sensoren bzw. Logger wie ein autonomes Ger\u00e4t (digitales Thermometer, digitales pH-Meter, digitales Multimeter) unabh\u00e4ngig von digitalen Endger\u00e4ten zum Ablesen der numerisch angezeigten Messwerte verwenden.<\/p>\n\n\n\n<p>Bei Nutzung der Bluetooth-\u00dcbertragung \u00fcbernimmt das Display des Endger\u00e4tes die Funktion eines Multimeters, da es die Messwerte vieler verschiedener Gr\u00f6\u00dfen gleichzeitig erfassen kann wie Kraft, Entfernung, Winkel, Beschleunigung, pH-Wert, Luftfeuchtigkeit, CO<sub>2<\/sub>-Gehalt etc. Das Display des Sensors\/Loggers selbst kann in diesem Fall, d.h. wenn es nicht gebraucht wird, ausgeschaltet werden (Energiespar-Modus)..<\/p>\n<\/div><\/div>\n\n\n\n<div class=\"wp-block-coblocks-column coblocks-column-0251524315\" style=\"width:33%\"><div class=\"wp-block-coblocks-column__inner has-no-padding has-no-margin\">\n<h4 class=\"wp-block-heading has-text-align-center\">Graph<\/h4>\n\n\n\n<p>Die kostenfreie Software stellt die Messdaten des bzw. der verwendeten Sensoren wahlweise in Tabellenform, aber auch als Zeigerdiagramm(e) und vor allem als verschiedenfarbige Graph(en) im Koordinatensystem dar. Duch Setzen von Markierungen kann der Graph direkt im Koordinatensystem ausgemessen werden.<\/p>\n<\/div><\/div>\n\n\n\n<div class=\"wp-block-coblocks-column coblocks-column-0251524316\" style=\"width:33%\"><div class=\"wp-block-coblocks-column__inner has-no-padding has-no-margin\">\n<h4 class=\"wp-block-heading has-text-align-center\">Auswertung<\/h4>\n\n\n\n<p>Die kostenfreie Software erm\u00f6glicht die unmittelbare Auswertung der Messdaten und ihres zeitlichen Verlaufs beispielsweise durch Berechnung von Distanzen, Mittelwertbildung, erster und zweiter Ableitung, linearer Regression u.a.<\/p>\n<\/div><\/div>\n<\/div><\/div>\n\n\n\n<div style=\"height:40px\" aria-hidden=\"true\" class=\"wp-block-spacer\"><\/div>\n\n\n\n<div class=\"wp-block-essential-blocks-row alignfull  root-eb-row-3i88h\"><div class=\"eb-parent-wrapper eb-parent-eb-row-3i88h \"><div class=\"eb-row-root-container eb-row-3i88h\" data-id=\"eb-row-3i88h\"><div class=\"eb-row-wrapper\"><div class=\"eb-row-inner\">\n<div class=\"wp-block-essential-blocks-column  root-eb-column-819ey\"><div class=\"eb-parent-wrapper eb-parent-eb-column-819ey \"><div class=\"eb-column-wrapper eb-column-819ey\"><div class=\"eb-column-inner\">\n<p><strong>Hinweis:<\/strong> Mit MGA wurde\/wird auch der Datenlogger MGA (Handger\u00e4t) bezeichnet, der an vielen Schulen noch im Einsatz ist.<\/p>\n\n\n\n<h2 class=\"wp-block-heading\"><strong>Die wichtigsten Eigenschaften<\/strong><\/h2>\n\n\n\n<ul class=\"wp-block-list\">\n<li>sofort einsatzbereit<\/li>\n\n\n\n<li>alle Funktionen auf einen Blick<\/li>\n\n\n\n<li>\u00e4u\u00dferst einfache Bedienung<\/li>\n\n\n\n<li>automatische Erkennung der ange\u00adschlossenen Sensoren<\/li>\n\n\n\n<li>Messdauervoreinstellung von 1 Sekunde bis zu 2 Tagen<\/li>\n\n\n\n<li>Darstellung in Tabellenform, Analog-, Digital- und Koordinaten-Diagrammen<\/li>\n\n\n\n<li>gleichzeitige Erfassung, Darstellung und Speicherung des zeitlichen Verlaufs von bis zu 4 Messgr\u00f6\u00dfen<\/li>\n\n\n\n<li>Funktion als Tonfrequenzgenerator und Oszilloskop<\/li>\n<\/ul>\n<\/div><\/div><\/div><\/div>\n\n\n\n<div class=\"wp-block-essential-blocks-column  root-eb-column-u4bm9\"><div class=\"eb-parent-wrapper eb-parent-eb-column-u4bm9 \"><div class=\"eb-column-wrapper eb-column-u4bm9\"><div class=\"eb-column-inner\"><div class=\"wp-block-image\">\n<figure class=\"aligncenter size-large is-resized\"><img loading=\"lazy\" decoding=\"async\" width=\"674\" height=\"1011\" src=\"https:\/\/mekruphy.com\/de\/wp-content\/uploads\/2021\/03\/MGA.png\" alt=\"aMixer MGA Addestation\" class=\"wp-image-3127\" style=\"aspect-ratio:0.6660869565217391;object-fit:cover;width:200px\" srcset=\"https:\/\/mekruphy.com\/de\/wp-content\/uploads\/2021\/03\/MGA.png 674w, https:\/\/mekruphy.com\/de\/wp-content\/uploads\/2021\/03\/MGA-200x300.png 200w\" sizes=\"auto, (max-width: 674px) 100vw, 674px\" \/><\/figure>\n<\/div><\/div><\/div><\/div><\/div>\n<\/div><\/div><\/div><\/div><\/div>\n\n\n\n<p><\/p>\n\n\n\n<p>&nbsp;<\/p>\n\n\n\n<p>&nbsp;<\/p>\n\n\n\n<p>&nbsp;<\/p>\n","protected":false},"excerpt":{"rendered":"<p>Digitale Messwerterfassung Sensoren bestimmen zunehmend unseren Alltag (z.B. Auto, Haushalt, Industrie), sie er\u00f6ffnen aufgrund kurzer Entwicklungszyklen stetig neue M\u00f6glichkeiten und werden dabei immer leistungsf\u00e4higer und bedienerfreundlicher \u2013 auch f\u00fcr die Nutzung im naturwissenschaftlichen Unterricht. Daher spielen sie f\u00fcr die Entwicklung der Digitalkompetenz der \u201eDigital Natives\u201c sicher eine wichtige Rolle. Besonders folgende Faktoren und Vorz\u00fcge fallen [&hellip;]<\/p>\n","protected":false},"author":1,"featured_media":0,"parent":610,"menu_order":0,"comment_status":"closed","ping_status":"closed","template":"templates\/productcategory.php","meta":{"_acf_changed":false,"_coblocks_attr":"","_coblocks_dimensions":"","_coblocks_responsive_height":"","_coblocks_accordion_ie_support":"","_eb_attr":"","advgb_blocks_editor_width":"","advgb_blocks_columns_visual_guide":"","footnotes":""},"class_list":["post-620","page","type-page","status-publish","hentry"],"acf":[],"yoast_head":"<!-- This site is optimized with the Yoast SEO plugin v27.4 - https:\/\/yoast.com\/product\/yoast-seo-wordpress\/ -->\n<title>ADDESTATION - MEKRUPHY GmbH<\/title>\n<meta name=\"description\" content=\"Der MEKRUPHY Datenlogger MGA mit dem ADDeStation-Softwaresystem ist ein Messwerterfassungssystem, das keine W\u00fcnsche \u00fcbrig l\u00e4sst.\" \/>\n<meta name=\"robots\" content=\"index, follow, max-snippet:-1, max-image-preview:large, max-video-preview:-1\" \/>\n<link rel=\"canonical\" href=\"https:\/\/mekruphy.com\/de\/produkte\/addestation\/\" \/>\n<meta property=\"og:locale\" content=\"de_DE\" \/>\n<meta property=\"og:type\" content=\"article\" \/>\n<meta property=\"og:title\" content=\"ADDESTATION - MEKRUPHY GmbH\" \/>\n<meta property=\"og:description\" content=\"Der MEKRUPHY Datenlogger MGA mit dem ADDeStation-Softwaresystem ist ein Messwerterfassungssystem, das keine W\u00fcnsche \u00fcbrig l\u00e4sst.\" \/>\n<meta property=\"og:url\" content=\"https:\/\/mekruphy.com\/de\/produkte\/addestation\/\" \/>\n<meta property=\"og:site_name\" content=\"MEKRUPHY GmbH\" \/>\n<meta property=\"article:modified_time\" content=\"2026-03-25T08:24:17+00:00\" \/>\n<meta property=\"og:image\" content=\"https:\/\/mekruphy.com\/de\/wp-content\/uploads\/2021\/03\/Addestation_Klasse.png\" \/>\n<meta name=\"twitter:card\" content=\"summary_large_image\" \/>\n<meta name=\"twitter:label1\" content=\"Gesch\u00e4tzte Lesezeit\" \/>\n\t<meta name=\"twitter:data1\" content=\"3\u00a0Minuten\" \/>\n<script type=\"application\/ld+json\" class=\"yoast-schema-graph\">{\"@context\":\"https:\\\/\\\/schema.org\",\"@graph\":[{\"@type\":\"WebPage\",\"@id\":\"https:\\\/\\\/mekruphy.com\\\/de\\\/produkte\\\/addestation\\\/\",\"url\":\"https:\\\/\\\/mekruphy.com\\\/de\\\/produkte\\\/addestation\\\/\",\"name\":\"ADDESTATION - MEKRUPHY GmbH\",\"isPartOf\":{\"@id\":\"https:\\\/\\\/mekruphy.com\\\/de\\\/#website\"},\"primaryImageOfPage\":{\"@id\":\"https:\\\/\\\/mekruphy.com\\\/de\\\/produkte\\\/addestation\\\/#primaryimage\"},\"image\":{\"@id\":\"https:\\\/\\\/mekruphy.com\\\/de\\\/produkte\\\/addestation\\\/#primaryimage\"},\"thumbnailUrl\":\"https:\\\/\\\/mekruphy.com\\\/de\\\/wp-content\\\/uploads\\\/2021\\\/03\\\/Addestation_Klasse.png\",\"datePublished\":\"2020-07-16T13:48:09+00:00\",\"dateModified\":\"2026-03-25T08:24:17+00:00\",\"description\":\"Der MEKRUPHY Datenlogger MGA mit dem ADDeStation-Softwaresystem ist ein Messwerterfassungssystem, das keine W\u00fcnsche \u00fcbrig l\u00e4sst.\",\"breadcrumb\":{\"@id\":\"https:\\\/\\\/mekruphy.com\\\/de\\\/produkte\\\/addestation\\\/#breadcrumb\"},\"inLanguage\":\"de\",\"potentialAction\":[{\"@type\":\"ReadAction\",\"target\":[\"https:\\\/\\\/mekruphy.com\\\/de\\\/produkte\\\/addestation\\\/\"]}]},{\"@type\":\"ImageObject\",\"inLanguage\":\"de\",\"@id\":\"https:\\\/\\\/mekruphy.com\\\/de\\\/produkte\\\/addestation\\\/#primaryimage\",\"url\":\"https:\\\/\\\/mekruphy.com\\\/de\\\/wp-content\\\/uploads\\\/2021\\\/03\\\/Addestation_Klasse.png\",\"contentUrl\":\"https:\\\/\\\/mekruphy.com\\\/de\\\/wp-content\\\/uploads\\\/2021\\\/03\\\/Addestation_Klasse.png\",\"width\":912,\"height\":422},{\"@type\":\"BreadcrumbList\",\"@id\":\"https:\\\/\\\/mekruphy.com\\\/de\\\/produkte\\\/addestation\\\/#breadcrumb\",\"itemListElement\":[{\"@type\":\"ListItem\",\"position\":1,\"name\":\"Startseite\",\"item\":\"https:\\\/\\\/mekruphy.com\\\/de\\\/\"},{\"@type\":\"ListItem\",\"position\":2,\"name\":\"Produkte\",\"item\":\"https:\\\/\\\/mekruphy.com\\\/de\\\/produkte\\\/\"},{\"@type\":\"ListItem\",\"position\":3,\"name\":\"ADDESTATION\"}]},{\"@type\":\"WebSite\",\"@id\":\"https:\\\/\\\/mekruphy.com\\\/de\\\/#website\",\"url\":\"https:\\\/\\\/mekruphy.com\\\/de\\\/\",\"name\":\"MEKRUPHY GmbH\",\"description\":\"Sch\u00fcler-Experimentierk\u00e4sten f\u00fcr den MINT-Unterricht\",\"potentialAction\":[{\"@type\":\"SearchAction\",\"target\":{\"@type\":\"EntryPoint\",\"urlTemplate\":\"https:\\\/\\\/mekruphy.com\\\/de\\\/?s={search_term_string}\"},\"query-input\":{\"@type\":\"PropertyValueSpecification\",\"valueRequired\":true,\"valueName\":\"search_term_string\"}}],\"inLanguage\":\"de\"}]}<\/script>\n<!-- \/ Yoast SEO plugin. -->","yoast_head_json":{"title":"ADDESTATION - MEKRUPHY GmbH","description":"Der MEKRUPHY Datenlogger MGA mit dem ADDeStation-Softwaresystem ist ein Messwerterfassungssystem, das keine W\u00fcnsche \u00fcbrig l\u00e4sst.","robots":{"index":"index","follow":"follow","max-snippet":"max-snippet:-1","max-image-preview":"max-image-preview:large","max-video-preview":"max-video-preview:-1"},"canonical":"https:\/\/mekruphy.com\/de\/produkte\/addestation\/","og_locale":"de_DE","og_type":"article","og_title":"ADDESTATION - MEKRUPHY GmbH","og_description":"Der MEKRUPHY Datenlogger MGA mit dem ADDeStation-Softwaresystem ist ein Messwerterfassungssystem, das keine W\u00fcnsche \u00fcbrig l\u00e4sst.","og_url":"https:\/\/mekruphy.com\/de\/produkte\/addestation\/","og_site_name":"MEKRUPHY GmbH","article_modified_time":"2026-03-25T08:24:17+00:00","og_image":[{"url":"https:\/\/mekruphy.com\/de\/wp-content\/uploads\/2021\/03\/Addestation_Klasse.png","type":"","width":"","height":""}],"twitter_card":"summary_large_image","twitter_misc":{"Gesch\u00e4tzte Lesezeit":"3\u00a0Minuten"},"schema":{"@context":"https:\/\/schema.org","@graph":[{"@type":"WebPage","@id":"https:\/\/mekruphy.com\/de\/produkte\/addestation\/","url":"https:\/\/mekruphy.com\/de\/produkte\/addestation\/","name":"ADDESTATION - MEKRUPHY GmbH","isPartOf":{"@id":"https:\/\/mekruphy.com\/de\/#website"},"primaryImageOfPage":{"@id":"https:\/\/mekruphy.com\/de\/produkte\/addestation\/#primaryimage"},"image":{"@id":"https:\/\/mekruphy.com\/de\/produkte\/addestation\/#primaryimage"},"thumbnailUrl":"https:\/\/mekruphy.com\/de\/wp-content\/uploads\/2021\/03\/Addestation_Klasse.png","datePublished":"2020-07-16T13:48:09+00:00","dateModified":"2026-03-25T08:24:17+00:00","description":"Der MEKRUPHY Datenlogger MGA mit dem ADDeStation-Softwaresystem ist ein Messwerterfassungssystem, das keine W\u00fcnsche \u00fcbrig l\u00e4sst.","breadcrumb":{"@id":"https:\/\/mekruphy.com\/de\/produkte\/addestation\/#breadcrumb"},"inLanguage":"de","potentialAction":[{"@type":"ReadAction","target":["https:\/\/mekruphy.com\/de\/produkte\/addestation\/"]}]},{"@type":"ImageObject","inLanguage":"de","@id":"https:\/\/mekruphy.com\/de\/produkte\/addestation\/#primaryimage","url":"https:\/\/mekruphy.com\/de\/wp-content\/uploads\/2021\/03\/Addestation_Klasse.png","contentUrl":"https:\/\/mekruphy.com\/de\/wp-content\/uploads\/2021\/03\/Addestation_Klasse.png","width":912,"height":422},{"@type":"BreadcrumbList","@id":"https:\/\/mekruphy.com\/de\/produkte\/addestation\/#breadcrumb","itemListElement":[{"@type":"ListItem","position":1,"name":"Startseite","item":"https:\/\/mekruphy.com\/de\/"},{"@type":"ListItem","position":2,"name":"Produkte","item":"https:\/\/mekruphy.com\/de\/produkte\/"},{"@type":"ListItem","position":3,"name":"ADDESTATION"}]},{"@type":"WebSite","@id":"https:\/\/mekruphy.com\/de\/#website","url":"https:\/\/mekruphy.com\/de\/","name":"MEKRUPHY GmbH","description":"Sch\u00fcler-Experimentierk\u00e4sten f\u00fcr den MINT-Unterricht","potentialAction":[{"@type":"SearchAction","target":{"@type":"EntryPoint","urlTemplate":"https:\/\/mekruphy.com\/de\/?s={search_term_string}"},"query-input":{"@type":"PropertyValueSpecification","valueRequired":true,"valueName":"search_term_string"}}],"inLanguage":"de"}]}},"coauthors":[],"author_meta":{"author_link":"https:\/\/mekruphy.com\/de\/author\/mwbsca\/","display_name":"mwbscA"},"relative_dates":{"created":"Ver\u00f6ffentlicht 6\u00a0Jahren vor","modified":"Aktualisiert 1\u00a0Monat vor"},"absolute_dates":{"created":"Ver\u00f6ffentlicht am 16. Juli 2020","modified":"Aktualisiert am 25. M\u00e4rz 2026"},"absolute_dates_time":{"created":"Ver\u00f6ffentlicht am 16. Juli 2020 15:48","modified":"Aktualisiert am 25. M\u00e4rz 2026 9:24"},"featured_img_caption":"","featured_img":false,"series_order":"","_links":{"self":[{"href":"https:\/\/mekruphy.com\/de\/wp-json\/wp\/v2\/pages\/620","targetHints":{"allow":["GET"]}}],"collection":[{"href":"https:\/\/mekruphy.com\/de\/wp-json\/wp\/v2\/pages"}],"about":[{"href":"https:\/\/mekruphy.com\/de\/wp-json\/wp\/v2\/types\/page"}],"author":[{"embeddable":true,"href":"https:\/\/mekruphy.com\/de\/wp-json\/wp\/v2\/users\/1"}],"replies":[{"embeddable":true,"href":"https:\/\/mekruphy.com\/de\/wp-json\/wp\/v2\/comments?post=620"}],"version-history":[{"count":14,"href":"https:\/\/mekruphy.com\/de\/wp-json\/wp\/v2\/pages\/620\/revisions"}],"predecessor-version":[{"id":9034,"href":"https:\/\/mekruphy.com\/de\/wp-json\/wp\/v2\/pages\/620\/revisions\/9034"}],"up":[{"embeddable":true,"href":"https:\/\/mekruphy.com\/de\/wp-json\/wp\/v2\/pages\/610"}],"wp:attachment":[{"href":"https:\/\/mekruphy.com\/de\/wp-json\/wp\/v2\/media?parent=620"}],"curies":[{"name":"wp","href":"https:\/\/api.w.org\/{rel}","templated":true}]}}