{"id":625,"date":"2020-07-16T15:51:12","date_gmt":"2020-07-16T13:51:12","guid":{"rendered":"https:\/\/mekruphy.com\/de\/?page_id=625"},"modified":"2023-03-15T11:05:20","modified_gmt":"2023-03-15T10:05:20","slug":"biologie","status":"publish","type":"page","link":"https:\/\/mekruphy.com\/de\/produkte\/biologie\/","title":{"rendered":"Biologie"},"content":{"rendered":"<div class=\"wp-block-image\">\n<figure class=\"aligncenter size-large advgb-dyn-3cd3c2c9\"><img loading=\"lazy\" decoding=\"async\" width=\"1024\" height=\"362\" src=\"https:\/\/mekruphy.com\/de\/wp-content\/uploads\/2021\/03\/BIOLOGIE_KLASSE-1024x362.png\" alt=\"Sch\u00fcler experimentieren im Biologieunterricht\" class=\"wp-image-3240\" srcset=\"https:\/\/mekruphy.com\/de\/wp-content\/uploads\/2021\/03\/BIOLOGIE_KLASSE-1024x362.png 1024w, https:\/\/mekruphy.com\/de\/wp-content\/uploads\/2021\/03\/BIOLOGIE_KLASSE-300x106.png 300w, https:\/\/mekruphy.com\/de\/wp-content\/uploads\/2021\/03\/BIOLOGIE_KLASSE-768x272.png 768w, https:\/\/mekruphy.com\/de\/wp-content\/uploads\/2021\/03\/BIOLOGIE_KLASSE.png 1142w\" sizes=\"auto, (max-width: 1024px) 100vw, 1024px\" \/><\/figure>\n<\/div>\n\n\n<h2 class=\"wp-block-heading\" id=\"h-kein-mehraufwand-fur-schulerexperimente\">Kein <strong>Mehraufwand<\/strong>&nbsp;f\u00fcr Sch\u00fclerexperimente<\/h2>\n\n\n\n<p>Die Biologie lebt von der genauen Beobachtung, dem Erkennen von Zusammenh\u00e4ngen und den daraus gewonnen Schlussfolgerungen. Kein Wunder, dass sich Kinder und Jugendliche am besten f\u00fcr das Schulfach Biologie begeistern lassen, wenn sie selbst t\u00e4tig werden und in Kleingruppen gemeinsam experimentieren d\u00fcrfen. Die Herausforderung ist, dies im eng getakteten Schulalltag m\u00f6glichst ohne Mehraufwand an Arbeit und Zeit f\u00fcr die Lehrkraft umzusetzen: Das Experimentieren soll ja w\u00e4hrend der Unterrichtsstunde und idealerweise mit der ganzen Klasse stattfinden k\u00f6nnen. Die L\u00f6sung: MEKRUPHY <a href=\"https:\/\/mekruphy.com\/de\/warum-der-begriff-schueler-experimentiersaetze\/\">Sch\u00fcler-Experimentiers\u00e4tze<\/a>!<\/p>\n\n\n\n<p>Mit dem MEKRUPHY-System l\u00e4sst sich der zeitliche und organisatorische Aufwand f\u00fcr Sch\u00fclerversuche im Biologieunterricht nicht nur auf ein Minimum reduzieren, sondern an anderer Stelle sogar kompensieren: Das Ergebnis sind Zeit zum gemeinsamen Diskutieren der Versuchsergebnisse und eine h\u00f6here Motivation, sich als Lernender selbst aktiv ins Unterrichtsgeschehen einzubringen. Der Erfolg unseres Systems beruht dabei auf dem Zusammenwirken verschiedener Faktoren:<\/p>\n\n\n\n<ul class=\"wp-block-list\">\n<li>hohe Qualit\u00e4t der Ger\u00e4teaus\u00adstat\u00adtung,<\/li>\n\n\n\n<li>\u00fcbersichtliche, griffbereite Unterbringung aller Ger\u00e4te,<\/li>\n\n\n\n<li>ausgereifte Experimentierliteratur,<\/li>\n\n\n\n<li>feste Arbeitsgruppe,<\/li>\n\n\n\n<li>Produktion in Deutschland.<\/li>\n<\/ul>\n\n\n\n<h3 class=\"wp-block-heading\" id=\"h-grundausstattung-und-sieben-spezielle-biologie-themenkasten\">Grundausstattung und sieben spezielle Biologie-Themenk\u00e4sten<\/h3>\n\n\n\n<p>Die Ausstattung f\u00fcr den Biologieunterricht besteht zun\u00e4chst aus einem Basiskasten mit allen Ger\u00e4ten (<a href=\"https:\/\/mekruphy.com\/de\/produkte\/biologie\/basisausruestung-biologie\/\">B Basis<\/a>), die f\u00fcr die meisten Sch\u00fclerexperimente ben\u00f6tigt werden. Dar\u00fcber hinaus gibt es spezielle MEKRUPHY-Experimentiersets zu den Themengebieten Mikroskopie (<a href=\"https:\/\/mekruphy.com\/de\/produkte\/biologie\/experimentiersatz-biologie-1-mikroskopie\/\">B1<\/a>), Haut &amp; Haare (<a href=\"https:\/\/mekruphy.com\/de\/produkte\/biologie\/experimentiersatz-biologie-2-haut-und-haare\/\">B2<\/a>), Auge (<a href=\"https:\/\/mekruphy.com\/de\/produkte\/biologie\/experimentiersatz-biologie-3-auge\/\">B3<\/a>), Ohr (<a href=\"https:\/\/mekruphy.com\/de\/produkte\/biologie\/experimentiersatz-biologie-4-ohr\/\">B4<\/a>) und Pflanzen (<a href=\"https:\/\/mekruphy.com\/de\/produkte\/biologie\/experimentiersatz-biologie-5-pflanzen-1\/\">B5<\/a>) sowie zwei Experimentierk\u00e4sten zum computergest\u00fctzten Experimentieren (<a href=\"https:\/\/mekruphy.com\/de\/produkte\/biologie\/biologie-addestation\/experimentiersatz-biologie-6-pflanzen-2-addestation-mga\/\">B6<\/a>, <a href=\"https:\/\/mekruphy.com\/de\/produkte\/biologie\/biologie-addestation\/experimentiersatz-biologie-7-physiologie-addestation-mga\/\">B7<\/a>).<\/p>\n\n\n\n<h3 class=\"wp-block-heading\" id=\"h-grundgedanke-high-quality-statt-low-cost\">Grundgedanke: High Quality statt \u201eLow Cost<\/h3>\n\n\n\n<p>Das MEKRUPHY-System gibt den Sch\u00fclerinnen und Sch\u00fclern hochwertige Experimentierger\u00e4te in die Hand, die Ergebnisse gro\u00dfer Genauigkeit erm\u00f6glichen. Nur so f\u00fchlen sie sich als \u201eexperimentelle Mitarbeiter im Unterricht\u201c ernst und in Verantwortung genommen, und nur so l\u00e4sst sich der wissenschaftliche Anspruch der Experimente glaubhaft vermitteln.<\/p>\n\n\n\n<h3 class=\"wp-block-heading\" id=\"h-ordnung-leicht-gemacht\">Ordnung leicht gemacht<\/h3>\n\n\n\n<p>Der Kasteneinsatz aus hochwertigem, ex\u00adtrem haltbarem und optisch ansprechendem Polyurethan gibt jedem Ger\u00e4t durch in\u00addividuelle Aussparungen seinen Platz vor. Dies erzieht die Sch\u00fclerinnen und Sch\u00fcler von Anfang an auf nat\u00fcrliche Weise zur Ord\u00adnung und erleichtert der Lehrkraft die Kon\u00adtrolle. Der Kasteneinsatz ist, wo erforderlich, mit Griffen versehen, an denen er leicht her\u00adausgenommen werden kann. Der Kasten l\u00e4sst sich anschlie\u00dfend als Stativ oder als Wanne verwen\u00adden.<\/p>\n\n\n<div class=\"wp-block-image\">\n<figure class=\"aligncenter size-full advgb-dyn-5545c32b\"><img loading=\"lazy\" decoding=\"async\" width=\"995\" height=\"482\" src=\"https:\/\/mekruphy.com\/de\/wp-content\/uploads\/2021\/03\/BIOLOGIE_Kasten.png\" alt=\"Biologie Experimente mit dem MEKRUPHY-Experimentierkasten\" class=\"wp-image-3441\" srcset=\"https:\/\/mekruphy.com\/de\/wp-content\/uploads\/2021\/03\/BIOLOGIE_Kasten.png 995w, https:\/\/mekruphy.com\/de\/wp-content\/uploads\/2021\/03\/BIOLOGIE_Kasten-300x145.png 300w, https:\/\/mekruphy.com\/de\/wp-content\/uploads\/2021\/03\/BIOLOGIE_Kasten-768x372.png 768w\" sizes=\"auto, (max-width: 995px) 100vw, 995px\" \/><\/figure>\n<\/div>\n\n\n<h3 class=\"wp-block-heading\" id=\"h-das-prinzip\"><strong>Das Prinzip<\/strong>&nbsp;<\/h3>\n\n\n\n<p>Die Experimentierk\u00e4sten und die&nbsp;Experimentieranleitungen werden von der Lehrkraft ausgegeben. Die Sch\u00fclergruppen bauen die Experimente nach Beschreibung auf, f\u00fchren sie selbstst\u00e4ndig durch und protokollieren ihre Beobachtungen. Nach&nbsp;dem&nbsp;Experiment legen die Sch\u00fcler die Ger\u00e4te wieder in die K\u00e4sten und \u00fcbergeben diese der Lehrkraft, die sie nach einem Blick der Kontrolle wieder in den Schrank r\u00e4umt.<\/p>\n\n\n\n<h3 class=\"wp-block-heading\" id=\"h-die-arbeitsgruppen\">Die Arbeitsgruppen<\/h3>\n\n\n\n<p>Die Gruppen&nbsp;bestehen im Idealfall aus jeweils zwei Sch\u00fclerinnen oder Sch\u00fclern und bleiben f\u00fcr alle Experimente innerhalb eines Schuljahrs bestehen. Jede Gruppe wird unter Zuordnung einer Nummer in eine Liste eingetragen und arbeitet immer mit dem Kasten derselben Nummer.&nbsp;Damit&nbsp;tr\u00e4gt sie die Verantwortung f\u00fcr \u201eihren\u201c Kasten.&nbsp;<\/p>\n\n\n\n<h3 class=\"wp-block-heading\" id=\"h-made-in-germany\">Made in Germany<\/h3>\n\n\n\n<p>\u00dcber 95 Prozent der MEKRUPHY-Ger\u00e4te werden in Deutschland hergestellt. Sie zeichnen sich durch hervorragendes Material, hohe Pr\u00e4zision und enor\u00adme Langlebigkeit aus und erm\u00f6glichen Ergebnisse gro\u00dfer Genauigkeit.<\/p>\n\n\n\n<p>Die Herstellung in Deutschland garantiert nicht nur hohe Qualit\u00e4ts- und Umweltstandards, sondern auch den zuverl\u00e4ssigen Nachkauf von Einzelteilen.<\/p>\n","protected":false},"excerpt":{"rendered":"<p>Kein Mehraufwand&nbsp;f\u00fcr Sch\u00fclerexperimente Die Biologie lebt von der genauen Beobachtung, dem Erkennen von Zusammenh\u00e4ngen und den daraus gewonnen Schlussfolgerungen. Kein Wunder, dass sich Kinder und Jugendliche am besten f\u00fcr das Schulfach Biologie begeistern lassen, wenn sie selbst t\u00e4tig werden und in Kleingruppen gemeinsam experimentieren d\u00fcrfen. Die Herausforderung ist, dies im eng getakteten Schulalltag m\u00f6glichst ohne [&hellip;]<\/p>\n","protected":false},"author":1,"featured_media":0,"parent":610,"menu_order":0,"comment_status":"closed","ping_status":"closed","template":"templates\/productcategory.php","meta":{"_acf_changed":false,"_coblocks_attr":"","_coblocks_dimensions":"","_coblocks_responsive_height":"","_coblocks_accordion_ie_support":"","_eb_attr":"","advgb_blocks_editor_width":"","advgb_blocks_columns_visual_guide":"","footnotes":""},"class_list":["post-625","page","type-page","status-publish","hentry"],"acf":[],"yoast_head":"<!-- This site is optimized with the Yoast SEO plugin v27.3 - https:\/\/yoast.com\/product\/yoast-seo-wordpress\/ -->\n<title>Biologie - MEKRUPHY GmbH<\/title>\n<meta name=\"description\" content=\"Die Biologie lebt von Beobachtungen und Experimenten, die mit dem MEKRUPHY-System ohne gro\u00dfen Aufwand im Unterricht umsetzen lassen.\" \/>\n<meta name=\"robots\" content=\"index, follow, max-snippet:-1, max-image-preview:large, max-video-preview:-1\" \/>\n<link rel=\"canonical\" href=\"https:\/\/mekruphy.com\/de\/produkte\/biologie\/\" \/>\n<meta property=\"og:locale\" content=\"de_DE\" \/>\n<meta property=\"og:type\" content=\"article\" \/>\n<meta property=\"og:title\" content=\"Biologie - MEKRUPHY GmbH\" \/>\n<meta property=\"og:description\" content=\"Die Biologie lebt von Beobachtungen und Experimenten, die mit dem MEKRUPHY-System ohne gro\u00dfen Aufwand im Unterricht umsetzen lassen.\" \/>\n<meta property=\"og:url\" content=\"https:\/\/mekruphy.com\/de\/produkte\/biologie\/\" \/>\n<meta property=\"og:site_name\" content=\"MEKRUPHY GmbH\" \/>\n<meta property=\"article:modified_time\" content=\"2023-03-15T10:05:20+00:00\" \/>\n<meta property=\"og:image\" content=\"https:\/\/mekruphy.com\/de\/wp-content\/uploads\/2021\/03\/BIOLOGIE_KLASSE-1024x362.png\" \/>\n<meta name=\"twitter:card\" content=\"summary_large_image\" \/>\n<meta name=\"twitter:label1\" content=\"Gesch\u00e4tzte Lesezeit\" \/>\n\t<meta name=\"twitter:data1\" content=\"4\u00a0Minuten\" \/>\n<script type=\"application\/ld+json\" class=\"yoast-schema-graph\">{\"@context\":\"https:\\\/\\\/schema.org\",\"@graph\":[{\"@type\":\"WebPage\",\"@id\":\"https:\\\/\\\/mekruphy.com\\\/de\\\/produkte\\\/biologie\\\/\",\"url\":\"https:\\\/\\\/mekruphy.com\\\/de\\\/produkte\\\/biologie\\\/\",\"name\":\"Biologie - MEKRUPHY GmbH\",\"isPartOf\":{\"@id\":\"https:\\\/\\\/mekruphy.com\\\/de\\\/#website\"},\"primaryImageOfPage\":{\"@id\":\"https:\\\/\\\/mekruphy.com\\\/de\\\/produkte\\\/biologie\\\/#primaryimage\"},\"image\":{\"@id\":\"https:\\\/\\\/mekruphy.com\\\/de\\\/produkte\\\/biologie\\\/#primaryimage\"},\"thumbnailUrl\":\"https:\\\/\\\/mekruphy.com\\\/de\\\/wp-content\\\/uploads\\\/2021\\\/03\\\/BIOLOGIE_KLASSE-1024x362.png\",\"datePublished\":\"2020-07-16T13:51:12+00:00\",\"dateModified\":\"2023-03-15T10:05:20+00:00\",\"description\":\"Die Biologie lebt von Beobachtungen und Experimenten, die mit dem MEKRUPHY-System ohne gro\u00dfen Aufwand im Unterricht umsetzen lassen.\",\"breadcrumb\":{\"@id\":\"https:\\\/\\\/mekruphy.com\\\/de\\\/produkte\\\/biologie\\\/#breadcrumb\"},\"inLanguage\":\"de\",\"potentialAction\":[{\"@type\":\"ReadAction\",\"target\":[\"https:\\\/\\\/mekruphy.com\\\/de\\\/produkte\\\/biologie\\\/\"]}]},{\"@type\":\"ImageObject\",\"inLanguage\":\"de\",\"@id\":\"https:\\\/\\\/mekruphy.com\\\/de\\\/produkte\\\/biologie\\\/#primaryimage\",\"url\":\"https:\\\/\\\/mekruphy.com\\\/de\\\/wp-content\\\/uploads\\\/2021\\\/03\\\/BIOLOGIE_KLASSE.png\",\"contentUrl\":\"https:\\\/\\\/mekruphy.com\\\/de\\\/wp-content\\\/uploads\\\/2021\\\/03\\\/BIOLOGIE_KLASSE.png\",\"width\":1142,\"height\":404},{\"@type\":\"BreadcrumbList\",\"@id\":\"https:\\\/\\\/mekruphy.com\\\/de\\\/produkte\\\/biologie\\\/#breadcrumb\",\"itemListElement\":[{\"@type\":\"ListItem\",\"position\":1,\"name\":\"Startseite\",\"item\":\"https:\\\/\\\/mekruphy.com\\\/de\\\/\"},{\"@type\":\"ListItem\",\"position\":2,\"name\":\"Produkte\",\"item\":\"https:\\\/\\\/mekruphy.com\\\/de\\\/produkte\\\/\"},{\"@type\":\"ListItem\",\"position\":3,\"name\":\"Biologie\"}]},{\"@type\":\"WebSite\",\"@id\":\"https:\\\/\\\/mekruphy.com\\\/de\\\/#website\",\"url\":\"https:\\\/\\\/mekruphy.com\\\/de\\\/\",\"name\":\"MEKRUPHY GmbH\",\"description\":\"Sch\u00fcler-Experimentierk\u00e4sten f\u00fcr den MINT-Unterricht\",\"potentialAction\":[{\"@type\":\"SearchAction\",\"target\":{\"@type\":\"EntryPoint\",\"urlTemplate\":\"https:\\\/\\\/mekruphy.com\\\/de\\\/?s={search_term_string}\"},\"query-input\":{\"@type\":\"PropertyValueSpecification\",\"valueRequired\":true,\"valueName\":\"search_term_string\"}}],\"inLanguage\":\"de\"}]}<\/script>\n<!-- \/ Yoast SEO plugin. -->","yoast_head_json":{"title":"Biologie - MEKRUPHY GmbH","description":"Die Biologie lebt von Beobachtungen und Experimenten, die mit dem MEKRUPHY-System ohne gro\u00dfen Aufwand im Unterricht umsetzen lassen.","robots":{"index":"index","follow":"follow","max-snippet":"max-snippet:-1","max-image-preview":"max-image-preview:large","max-video-preview":"max-video-preview:-1"},"canonical":"https:\/\/mekruphy.com\/de\/produkte\/biologie\/","og_locale":"de_DE","og_type":"article","og_title":"Biologie - MEKRUPHY GmbH","og_description":"Die Biologie lebt von Beobachtungen und Experimenten, die mit dem MEKRUPHY-System ohne gro\u00dfen Aufwand im Unterricht umsetzen lassen.","og_url":"https:\/\/mekruphy.com\/de\/produkte\/biologie\/","og_site_name":"MEKRUPHY GmbH","article_modified_time":"2023-03-15T10:05:20+00:00","og_image":[{"url":"https:\/\/mekruphy.com\/de\/wp-content\/uploads\/2021\/03\/BIOLOGIE_KLASSE-1024x362.png","type":"","width":"","height":""}],"twitter_card":"summary_large_image","twitter_misc":{"Gesch\u00e4tzte Lesezeit":"4\u00a0Minuten"},"schema":{"@context":"https:\/\/schema.org","@graph":[{"@type":"WebPage","@id":"https:\/\/mekruphy.com\/de\/produkte\/biologie\/","url":"https:\/\/mekruphy.com\/de\/produkte\/biologie\/","name":"Biologie - MEKRUPHY GmbH","isPartOf":{"@id":"https:\/\/mekruphy.com\/de\/#website"},"primaryImageOfPage":{"@id":"https:\/\/mekruphy.com\/de\/produkte\/biologie\/#primaryimage"},"image":{"@id":"https:\/\/mekruphy.com\/de\/produkte\/biologie\/#primaryimage"},"thumbnailUrl":"https:\/\/mekruphy.com\/de\/wp-content\/uploads\/2021\/03\/BIOLOGIE_KLASSE-1024x362.png","datePublished":"2020-07-16T13:51:12+00:00","dateModified":"2023-03-15T10:05:20+00:00","description":"Die Biologie lebt von Beobachtungen und Experimenten, die mit dem MEKRUPHY-System ohne gro\u00dfen Aufwand im Unterricht umsetzen lassen.","breadcrumb":{"@id":"https:\/\/mekruphy.com\/de\/produkte\/biologie\/#breadcrumb"},"inLanguage":"de","potentialAction":[{"@type":"ReadAction","target":["https:\/\/mekruphy.com\/de\/produkte\/biologie\/"]}]},{"@type":"ImageObject","inLanguage":"de","@id":"https:\/\/mekruphy.com\/de\/produkte\/biologie\/#primaryimage","url":"https:\/\/mekruphy.com\/de\/wp-content\/uploads\/2021\/03\/BIOLOGIE_KLASSE.png","contentUrl":"https:\/\/mekruphy.com\/de\/wp-content\/uploads\/2021\/03\/BIOLOGIE_KLASSE.png","width":1142,"height":404},{"@type":"BreadcrumbList","@id":"https:\/\/mekruphy.com\/de\/produkte\/biologie\/#breadcrumb","itemListElement":[{"@type":"ListItem","position":1,"name":"Startseite","item":"https:\/\/mekruphy.com\/de\/"},{"@type":"ListItem","position":2,"name":"Produkte","item":"https:\/\/mekruphy.com\/de\/produkte\/"},{"@type":"ListItem","position":3,"name":"Biologie"}]},{"@type":"WebSite","@id":"https:\/\/mekruphy.com\/de\/#website","url":"https:\/\/mekruphy.com\/de\/","name":"MEKRUPHY GmbH","description":"Sch\u00fcler-Experimentierk\u00e4sten f\u00fcr den MINT-Unterricht","potentialAction":[{"@type":"SearchAction","target":{"@type":"EntryPoint","urlTemplate":"https:\/\/mekruphy.com\/de\/?s={search_term_string}"},"query-input":{"@type":"PropertyValueSpecification","valueRequired":true,"valueName":"search_term_string"}}],"inLanguage":"de"}]}},"coauthors":[],"author_meta":{"author_link":"https:\/\/mekruphy.com\/de\/author\/mwbsca\/","display_name":"mwbscA"},"relative_dates":{"created":"Ver\u00f6ffentlicht 6\u00a0Jahren vor","modified":"Aktualisiert 3\u00a0Jahren vor"},"absolute_dates":{"created":"Ver\u00f6ffentlicht am 16. Juli 2020","modified":"Aktualisiert am 15. M\u00e4rz 2023"},"absolute_dates_time":{"created":"Ver\u00f6ffentlicht am 16. Juli 2020 15:51","modified":"Aktualisiert am 15. M\u00e4rz 2023 11:05"},"featured_img_caption":"","featured_img":false,"series_order":"","_links":{"self":[{"href":"https:\/\/mekruphy.com\/de\/wp-json\/wp\/v2\/pages\/625","targetHints":{"allow":["GET"]}}],"collection":[{"href":"https:\/\/mekruphy.com\/de\/wp-json\/wp\/v2\/pages"}],"about":[{"href":"https:\/\/mekruphy.com\/de\/wp-json\/wp\/v2\/types\/page"}],"author":[{"embeddable":true,"href":"https:\/\/mekruphy.com\/de\/wp-json\/wp\/v2\/users\/1"}],"replies":[{"embeddable":true,"href":"https:\/\/mekruphy.com\/de\/wp-json\/wp\/v2\/comments?post=625"}],"version-history":[{"count":30,"href":"https:\/\/mekruphy.com\/de\/wp-json\/wp\/v2\/pages\/625\/revisions"}],"predecessor-version":[{"id":7296,"href":"https:\/\/mekruphy.com\/de\/wp-json\/wp\/v2\/pages\/625\/revisions\/7296"}],"up":[{"embeddable":true,"href":"https:\/\/mekruphy.com\/de\/wp-json\/wp\/v2\/pages\/610"}],"wp:attachment":[{"href":"https:\/\/mekruphy.com\/de\/wp-json\/wp\/v2\/media?parent=625"}],"curies":[{"name":"wp","href":"https:\/\/api.w.org\/{rel}","templated":true}]}}