{"id":627,"date":"2020-07-16T15:52:45","date_gmt":"2020-07-16T13:52:45","guid":{"rendered":"https:\/\/mekruphy.com\/de\/?page_id=627"},"modified":"2026-04-08T09:59:31","modified_gmt":"2026-04-08T07:59:31","slug":"chemie","status":"publish","type":"page","link":"https:\/\/mekruphy.com\/de\/produkte\/chemie\/","title":{"rendered":"Chemie"},"content":{"rendered":"<div class=\"wp-block-image\">\n<figure class=\"aligncenter size-full\"><img loading=\"lazy\" decoding=\"async\" width=\"985\" height=\"438\" src=\"https:\/\/mekruphy.com\/de\/wp-content\/uploads\/2021\/03\/CHEMIE.png\" alt=\"Sch\u00fclerexperimente Chemieunterricht Chemie MEKRUPHY\" class=\"wp-image-3388\" srcset=\"https:\/\/mekruphy.com\/de\/wp-content\/uploads\/2021\/03\/CHEMIE.png 985w, https:\/\/mekruphy.com\/de\/wp-content\/uploads\/2021\/03\/CHEMIE-300x133.png 300w, https:\/\/mekruphy.com\/de\/wp-content\/uploads\/2021\/03\/CHEMIE-768x342.png 768w\" sizes=\"auto, (max-width: 985px) 100vw, 985px\" \/><\/figure>\n<\/div>\n\n\n<h2 class=\"wp-block-heading\" id=\"h-schulerexperimente-ohne-grossen-mehraufwand\">Sch\u00fclerexperimente ohne gro\u00dfen Mehraufwand<\/h2>\n\n\n\n<p>Kinder und Jugendliche lassen sich am besten f\u00fcr das Fach Chemie begeistern, wenn sie selbst t\u00e4tig werden und gemeinsam experimentieren d\u00fcrfen. Die Herausforderung im Schulalltag ist dabei, dies mit \u00fcberschaubarem Aufwand an Arbeit und Zeit f\u00fcr die Lehrkraft m\u00f6glich zu machen. Die L\u00f6sung: MEKRUPHY <a href=\"https:\/\/mekruphy.com\/de\/warum-der-begriff-schueler-experimentiersaetze\/\">Sch\u00fcler-Experimentiers\u00e4tze<\/a>!<\/p>\n\n\n\n<p>Mit dem MEKRUPHY-System l\u00e4sst sich der Aufwand f\u00fcr Sch\u00fclerexperimente im Chemieunterricht nicht nur auf ein Minimum reduzieren, sondern an anderer Stelle sogar kompensieren: Die gewonnene Zeit steht f\u00fcr das gemeinsame Gespr\u00e4ch \u00fcber die Versuchsergebnisse zur Verf\u00fcgung. Folgende Faktoren tragen zum Erfolg und zur Effizienz unseres Systems ma\u00dfgeblich bei:<\/p>\n\n\n\n<ul class=\"wp-block-list\">\n<li>hohe Qualit\u00e4t der Ger\u00e4teausstattung\u00a0<\/li>\n\n\n\n<li>ausgereifte Experimentierliteratur\u00a0<\/li>\n\n\n\n<li>feste Arbeitsgruppe\u00a0<\/li>\n\n\n\n<li>strenge Sicherheitsbestimmungen<\/li>\n\n\n\n<li>Produktion in Deutschland\u00a0<\/li>\n<\/ul>\n\n\n\n<h2 class=\"wp-block-heading\" id=\"h-gerateausstattung-und-spezielle-chemie-themenkasten\">Ger\u00e4teausstattung und spezielle Chemie-Themenk\u00e4sten<\/h2>\n\n\n\n<p>Zwei Basisk\u00e4sten (<a href=\"https:\/\/mekruphy.com\/de\/produkte\/chemie\/chemie-basisausruestung\/basisausruestung-chemie-kasten-c1\/\">C1<\/a> und <a href=\"https:\/\/mekruphy.com\/de\/produkte\/chemie\/chemie-basisausruestung\/basisausruestung-chemie-kasten-c2\/\">C2<\/a>) enthalten \u00fcbersichtlich und griffbereit alle Ger\u00e4te f\u00fcr die meisten Sch\u00fclerexperimente. Zwei spezielle MEKRUPHY-Experimentiers\u00e4tze (<a href=\"https:\/\/mekruphy.com\/de\/produkte\/chemie\/elektrochemie\/experimentiersatz-chemie-4-elektrochemie-1\/\">C4<\/a>, <a href=\"https:\/\/mekruphy.com\/de\/produkte\/chemie\/elektrochemie\/experimentiersatz-chemie-5-elektrochemie-2\/\">C5<\/a>) behandeln das Themengebiet <a href=\"https:\/\/mekruphy.com\/de\/produkte\/chemie\/elektrochemie\/\">Elektrochemie<\/a>. Unser Experimentierkasten <a href=\"https:\/\/mekruphy.com\/de\/produkte\/chemie\/experimentiersatz-chemie-3-molekuelbau\/\">C3<\/a> (Molek\u00fclbau) veranschaulicht in einfach zu begreifender Weise verschiedene Bindungstypen.<\/p>\n\n\n\n<p>Dar\u00fcber hinaus gibt es spezielle MEKRUPHY-Experimentierk\u00e4sten zur Radioaktivit\u00e4t (<a href=\"https:\/\/mekruphy.com\/de\/produkte\/chemie\/experimentiersatz-chemie-radioaktivitaet-1\/\">C6<\/a>) sowie zum computergest\u00fctzten Experimentieren in der Chemie (<a href=\"https:\/\/mekruphy.com\/de\/produkte\/chemie\/experimentiersatz-chemie-7-addestation-mga\/\">C7<\/a>) mit verschiedenen Sensoren.<\/p>\n\n\n\n<p>Zus\u00e4tzlich bieten wir auch eine Auswahl an <a href=\"https:\/\/mekruphy.com\/de\/produkte\/chemie\/chemie-arbeitshefte\/\">Experimentierheften<\/a> zu verschiedenen chemischen Themen an, f\u00fcr die zwar eine Grundausstattung aber kein spezieller Experimentiersatz erforderlich ist.<\/p>\n\n\n\n<h2 class=\"wp-block-heading\" id=\"h-grundprinzip-high-quality-statt-low-cost\">Grundprinzip: High Quality statt \u201eLow Cost\u201c<\/h2>\n\n\n\n<p>Das MEKRUPHY-System gibt den Sch\u00fcle\u00adrinnen und Sch\u00fclern hochwertige Experi\u00admen\u00adtierger\u00e4te in die Hand, die Ergebnisse gro\u00dfer Genauigkeit er\u00adm\u00f6glichen. Auf diese Weise f\u00fchlen sie sich als \u201eexperimentel\u00adle Mitar\u00adbeiter im Unterricht\u201c ernst und in Verant\u00adwortung genommen, und nur so l\u00e4sst sich der wis\u00adsenschaftliche Anspruch der Expe\u00adrimente glaubhaft vermitteln.<\/p>\n\n\n\n<h2 class=\"wp-block-heading\" id=\"h-ordnung-leicht-gemacht-gerategeformte-pur-einsatze\">Ordnung leicht gemacht: Ger\u00e4tegeformte PUR-Eins\u00e4tze<\/h2>\n\n\n\n<p>Der Kasteneinsatz aus hochwertigem, ex\u00adtrem halt\u00adbarem und optisch ansprechen\u00addem Polyurethan gibt jedem Ger\u00e4t durch individuelle Aussparungen sei\u00adnen Platz vor. Dies erzieht die Sch\u00fclerinnen und Sch\u00fcler von Anfang an in nat\u00fcrlicher Weise zu Ord\u00adnung und erleichtert der Lehrkraft die Kontrolle.<\/p>\n\n\n\n<p> &nbsp; <\/p>\n\n\n<div class=\"wp-block-image\">\n<figure class=\"aligncenter size-full is-resized\"><img loading=\"lazy\" decoding=\"async\" width=\"822\" height=\"474\" src=\"https:\/\/mekruphy.com\/de\/wp-content\/uploads\/2021\/03\/CHEMIE-Kasten_neu.png\" alt=\"Experimentierkasten Chemie Unterricht MEKRUPHY\" class=\"wp-image-3399\" style=\"width:950px;height:546px\" srcset=\"https:\/\/mekruphy.com\/de\/wp-content\/uploads\/2021\/03\/CHEMIE-Kasten_neu.png 822w, https:\/\/mekruphy.com\/de\/wp-content\/uploads\/2021\/03\/CHEMIE-Kasten_neu-300x173.png 300w, https:\/\/mekruphy.com\/de\/wp-content\/uploads\/2021\/03\/CHEMIE-Kasten_neu-768x443.png 768w\" sizes=\"auto, (max-width: 822px) 100vw, 822px\" \/><\/figure>\n<\/div>\n\n\n<h2 class=\"wp-block-heading\" id=\"h-das-prinzip\">Das Prinzip&nbsp;<\/h2>\n\n\n\n<p>Die Experimentierk\u00e4sten und Chemikalien werden von der Lehrkraft ausgegeben. Leicht verschmutzte Glasgef\u00e4\u00dfe w\u00e4scht die Arbeitsgruppe selbst aus und gibt sie in ihren Kasten zur\u00fcck. Stark verschmutzte Gef\u00e4\u00dfe werden in den \u201eSp\u00fcldienst\u201c gegeben und durch saubere Gl\u00e4ser aus einem Reservoir ersetzt.&nbsp;Voraussetzung daf\u00fcr ist, dass&nbsp;die Glasgef\u00e4\u00dfe in doppelter oder dreifacher Anzahl zur Verf\u00fcgung stehen m\u00fcssen.&nbsp;<\/p>\n\n\n\n<h2 class=\"wp-block-heading\" id=\"h-die-arbeitsgruppen\">Die Arbeitsgruppen<\/h2>\n\n\n\n<div class=\"wp-block-columns is-layout-flex wp-container-core-columns-is-layout-9d6595d7 wp-block-columns-is-layout-flex\">\n<div class=\"wp-block-column is-vertically-aligned-bottom is-layout-flow wp-block-column-is-layout-flow\" style=\"flex-basis:100%\">\n<div class=\"wp-block-columns is-layout-flex wp-container-core-columns-is-layout-9d6595d7 wp-block-columns-is-layout-flex\">\n<div class=\"wp-block-column is-layout-flow wp-block-column-is-layout-flow\" style=\"flex-basis:100%\"><\/div>\n<\/div>\n<\/div>\n<\/div>\n\n\n\n<div class=\"wp-block-coblocks-row coblocks-row-29121041553\" data-columns=\"2\" data-layout=\"50-50\"><div class=\"wp-block-coblocks-row__inner has-no-padding has-no-margin is-stacked-on-mobile has-medium-gutter\">\n<div class=\"wp-block-coblocks-column is-vertically-aligned-top coblocks-column-29121051973\" style=\"width:62.28%\"><div class=\"wp-block-coblocks-column__inner has-no-padding has-no-margin\">\n<p>Die Arbeitsgruppen&nbsp;bestehen im Idealfall aus jeweils zwei Sch\u00fclerinnen oder Sch\u00fclern und bleiben f\u00fcr alle Experimente innerhalb eines Schuljahres bestehen. Jede Gruppe wird unter Zuordnung einer Nummer in eine Liste eingetragen und arbeitet immer mit dem Kasten derselben Nummer. Auf diese Weise tr\u00e4gt sie die ganz pers\u00f6nliche Verantwortung f\u00fcr \u201eihren\u201c Kasten.&nbsp;<\/p>\n<\/div><\/div>\n\n\n\n<div class=\"wp-block-coblocks-column coblocks-column-29121051999\" style=\"width:37.72%\"><div class=\"wp-block-coblocks-column__inner has-no-padding has-no-margin\"><div class=\"wp-block-image\">\n<figure class=\"aligncenter size-large is-resized\"><img loading=\"lazy\" decoding=\"async\" width=\"581\" height=\"643\" src=\"https:\/\/mekruphy.com\/de\/wp-content\/uploads\/2021\/03\/C2_2.png\" alt=\"Sch\u00fclerexperiment Chemie\" class=\"wp-image-3167\" style=\"width:399px;height:438px\" srcset=\"https:\/\/mekruphy.com\/de\/wp-content\/uploads\/2021\/03\/C2_2.png 581w, https:\/\/mekruphy.com\/de\/wp-content\/uploads\/2021\/03\/C2_2-271x300.png 271w\" sizes=\"auto, (max-width: 581px) 100vw, 581px\" \/><\/figure>\n<\/div><\/div><\/div>\n<\/div><\/div>\n\n\n\n<h2 class=\"wp-block-heading\" id=\"h-made-in-germany\">Made in Germany<\/h2>\n\n\n\n<p>\u00dcber 95 Prozent der MEKRUPHY-Ger\u00e4te werden in Deutschland hergestellt. Sie zeichnen sich durch hervorragendes Material, hohe Pr\u00e4zision und enor\u00adme Langlebigkeit aus und erm\u00f6glichen Ergebnisse gro\u00dfer Genauigkeit.<\/p>\n\n\n\n<p>Die Herstellung in Deutschland garantiert nicht nur hohe Qualit\u00e4ts- und Umweltstandards, sondern auch den zuverl\u00e4ssigen Nachkauf von Einzelteilen.<\/p>\n\n\n\n<h2 class=\"wp-block-heading\" id=\"h-forderung\">F\u00f6rderung<\/h2>\n\n\n\n<p>F\u00fcr alle MEKRUPHY-Experimentiers\u00e4tze zum Fach Chemie k\u00f6nnen deutsche Schulen eine F\u00f6rderung beim&nbsp;<a href=\"https:\/\/www.vci.de\/fonds\/schulpartnerschaft\/unterrichtsfoerderung\/seiten.jsp\" target=\"_blank\" rel=\"noreferrer noopener\">Fonds der chemischen Industrie<\/a>&nbsp;beantragen.&nbsp;<\/p>\n\n\n\n<p><\/p>\n","protected":false},"excerpt":{"rendered":"<p>Sch\u00fclerexperimente ohne gro\u00dfen Mehraufwand Kinder und Jugendliche lassen sich am besten f\u00fcr das Fach Chemie begeistern, wenn sie selbst t\u00e4tig werden und gemeinsam experimentieren d\u00fcrfen. Die Herausforderung im Schulalltag ist dabei, dies mit \u00fcberschaubarem Aufwand an Arbeit und Zeit f\u00fcr die Lehrkraft m\u00f6glich zu machen. Die L\u00f6sung: MEKRUPHY Sch\u00fcler-Experimentiers\u00e4tze! Mit dem MEKRUPHY-System l\u00e4sst sich der [&hellip;]<\/p>\n","protected":false},"author":1,"featured_media":0,"parent":610,"menu_order":0,"comment_status":"closed","ping_status":"closed","template":"templates\/productcategory.php","meta":{"_acf_changed":false,"_coblocks_attr":"","_coblocks_dimensions":"","_coblocks_responsive_height":"","_coblocks_accordion_ie_support":"","_eb_attr":"","advgb_blocks_editor_width":"","advgb_blocks_columns_visual_guide":"","footnotes":""},"class_list":["post-627","page","type-page","status-publish","hentry"],"acf":[],"yoast_head":"<!-- This site is optimized with the Yoast SEO plugin v27.3 - https:\/\/yoast.com\/product\/yoast-seo-wordpress\/ -->\n<title>Chemie - MEKRUPHY GmbH<\/title>\n<meta name=\"description\" content=\"MEKRUPHY-K\u00e4sten f\u00fcr Chemie sind ein einfaches Mittel, um Sch\u00fclerinnen und Sch\u00fcler mit Sch\u00fclerexperimenten f\u00fcr das Fach zu begeistern.\" \/>\n<meta name=\"robots\" content=\"index, follow, max-snippet:-1, max-image-preview:large, max-video-preview:-1\" \/>\n<link rel=\"canonical\" href=\"https:\/\/mekruphy.com\/de\/produkte\/chemie\/\" \/>\n<meta property=\"og:locale\" content=\"de_DE\" \/>\n<meta property=\"og:type\" content=\"article\" \/>\n<meta property=\"og:title\" content=\"Chemie - MEKRUPHY GmbH\" \/>\n<meta property=\"og:description\" content=\"MEKRUPHY-K\u00e4sten f\u00fcr Chemie sind ein einfaches Mittel, um Sch\u00fclerinnen und Sch\u00fcler mit Sch\u00fclerexperimenten f\u00fcr das Fach zu begeistern.\" \/>\n<meta property=\"og:url\" content=\"https:\/\/mekruphy.com\/de\/produkte\/chemie\/\" \/>\n<meta property=\"og:site_name\" content=\"MEKRUPHY GmbH\" \/>\n<meta property=\"article:modified_time\" content=\"2026-04-08T07:59:31+00:00\" \/>\n<meta property=\"og:image\" content=\"https:\/\/mekruphy.com\/de\/wp-content\/uploads\/2021\/03\/CHEMIE.png\" \/>\n\t<meta property=\"og:image:width\" content=\"985\" \/>\n\t<meta property=\"og:image:height\" content=\"438\" \/>\n\t<meta property=\"og:image:type\" content=\"image\/png\" \/>\n<meta name=\"twitter:card\" content=\"summary_large_image\" \/>\n<meta name=\"twitter:label1\" content=\"Gesch\u00e4tzte Lesezeit\" \/>\n\t<meta name=\"twitter:data1\" content=\"4\u00a0Minuten\" \/>\n<script type=\"application\/ld+json\" class=\"yoast-schema-graph\">{\"@context\":\"https:\\\/\\\/schema.org\",\"@graph\":[{\"@type\":\"WebPage\",\"@id\":\"https:\\\/\\\/mekruphy.com\\\/de\\\/produkte\\\/chemie\\\/\",\"url\":\"https:\\\/\\\/mekruphy.com\\\/de\\\/produkte\\\/chemie\\\/\",\"name\":\"Chemie - MEKRUPHY GmbH\",\"isPartOf\":{\"@id\":\"https:\\\/\\\/mekruphy.com\\\/de\\\/#website\"},\"primaryImageOfPage\":{\"@id\":\"https:\\\/\\\/mekruphy.com\\\/de\\\/produkte\\\/chemie\\\/#primaryimage\"},\"image\":{\"@id\":\"https:\\\/\\\/mekruphy.com\\\/de\\\/produkte\\\/chemie\\\/#primaryimage\"},\"thumbnailUrl\":\"https:\\\/\\\/mekruphy.com\\\/de\\\/wp-content\\\/uploads\\\/2021\\\/03\\\/CHEMIE.png\",\"datePublished\":\"2020-07-16T13:52:45+00:00\",\"dateModified\":\"2026-04-08T07:59:31+00:00\",\"description\":\"MEKRUPHY-K\u00e4sten f\u00fcr Chemie sind ein einfaches Mittel, um Sch\u00fclerinnen und Sch\u00fcler mit Sch\u00fclerexperimenten f\u00fcr das Fach zu begeistern.\",\"breadcrumb\":{\"@id\":\"https:\\\/\\\/mekruphy.com\\\/de\\\/produkte\\\/chemie\\\/#breadcrumb\"},\"inLanguage\":\"de\",\"potentialAction\":[{\"@type\":\"ReadAction\",\"target\":[\"https:\\\/\\\/mekruphy.com\\\/de\\\/produkte\\\/chemie\\\/\"]}]},{\"@type\":\"ImageObject\",\"inLanguage\":\"de\",\"@id\":\"https:\\\/\\\/mekruphy.com\\\/de\\\/produkte\\\/chemie\\\/#primaryimage\",\"url\":\"https:\\\/\\\/mekruphy.com\\\/de\\\/wp-content\\\/uploads\\\/2021\\\/03\\\/CHEMIE.png\",\"contentUrl\":\"https:\\\/\\\/mekruphy.com\\\/de\\\/wp-content\\\/uploads\\\/2021\\\/03\\\/CHEMIE.png\",\"width\":985,\"height\":438},{\"@type\":\"BreadcrumbList\",\"@id\":\"https:\\\/\\\/mekruphy.com\\\/de\\\/produkte\\\/chemie\\\/#breadcrumb\",\"itemListElement\":[{\"@type\":\"ListItem\",\"position\":1,\"name\":\"Startseite\",\"item\":\"https:\\\/\\\/mekruphy.com\\\/de\\\/\"},{\"@type\":\"ListItem\",\"position\":2,\"name\":\"Produkte\",\"item\":\"https:\\\/\\\/mekruphy.com\\\/de\\\/produkte\\\/\"},{\"@type\":\"ListItem\",\"position\":3,\"name\":\"Chemie\"}]},{\"@type\":\"WebSite\",\"@id\":\"https:\\\/\\\/mekruphy.com\\\/de\\\/#website\",\"url\":\"https:\\\/\\\/mekruphy.com\\\/de\\\/\",\"name\":\"MEKRUPHY GmbH\",\"description\":\"Sch\u00fcler-Experimentierk\u00e4sten f\u00fcr den MINT-Unterricht\",\"potentialAction\":[{\"@type\":\"SearchAction\",\"target\":{\"@type\":\"EntryPoint\",\"urlTemplate\":\"https:\\\/\\\/mekruphy.com\\\/de\\\/?s={search_term_string}\"},\"query-input\":{\"@type\":\"PropertyValueSpecification\",\"valueRequired\":true,\"valueName\":\"search_term_string\"}}],\"inLanguage\":\"de\"}]}<\/script>\n<!-- \/ Yoast SEO plugin. -->","yoast_head_json":{"title":"Chemie - MEKRUPHY GmbH","description":"MEKRUPHY-K\u00e4sten f\u00fcr Chemie sind ein einfaches Mittel, um Sch\u00fclerinnen und Sch\u00fcler mit Sch\u00fclerexperimenten f\u00fcr das Fach zu begeistern.","robots":{"index":"index","follow":"follow","max-snippet":"max-snippet:-1","max-image-preview":"max-image-preview:large","max-video-preview":"max-video-preview:-1"},"canonical":"https:\/\/mekruphy.com\/de\/produkte\/chemie\/","og_locale":"de_DE","og_type":"article","og_title":"Chemie - MEKRUPHY GmbH","og_description":"MEKRUPHY-K\u00e4sten f\u00fcr Chemie sind ein einfaches Mittel, um Sch\u00fclerinnen und Sch\u00fcler mit Sch\u00fclerexperimenten f\u00fcr das Fach zu begeistern.","og_url":"https:\/\/mekruphy.com\/de\/produkte\/chemie\/","og_site_name":"MEKRUPHY GmbH","article_modified_time":"2026-04-08T07:59:31+00:00","og_image":[{"width":985,"height":438,"url":"https:\/\/mekruphy.com\/de\/wp-content\/uploads\/2021\/03\/CHEMIE.png","type":"image\/png"}],"twitter_card":"summary_large_image","twitter_misc":{"Gesch\u00e4tzte Lesezeit":"4\u00a0Minuten"},"schema":{"@context":"https:\/\/schema.org","@graph":[{"@type":"WebPage","@id":"https:\/\/mekruphy.com\/de\/produkte\/chemie\/","url":"https:\/\/mekruphy.com\/de\/produkte\/chemie\/","name":"Chemie - MEKRUPHY GmbH","isPartOf":{"@id":"https:\/\/mekruphy.com\/de\/#website"},"primaryImageOfPage":{"@id":"https:\/\/mekruphy.com\/de\/produkte\/chemie\/#primaryimage"},"image":{"@id":"https:\/\/mekruphy.com\/de\/produkte\/chemie\/#primaryimage"},"thumbnailUrl":"https:\/\/mekruphy.com\/de\/wp-content\/uploads\/2021\/03\/CHEMIE.png","datePublished":"2020-07-16T13:52:45+00:00","dateModified":"2026-04-08T07:59:31+00:00","description":"MEKRUPHY-K\u00e4sten f\u00fcr Chemie sind ein einfaches Mittel, um Sch\u00fclerinnen und Sch\u00fcler mit Sch\u00fclerexperimenten f\u00fcr das Fach zu begeistern.","breadcrumb":{"@id":"https:\/\/mekruphy.com\/de\/produkte\/chemie\/#breadcrumb"},"inLanguage":"de","potentialAction":[{"@type":"ReadAction","target":["https:\/\/mekruphy.com\/de\/produkte\/chemie\/"]}]},{"@type":"ImageObject","inLanguage":"de","@id":"https:\/\/mekruphy.com\/de\/produkte\/chemie\/#primaryimage","url":"https:\/\/mekruphy.com\/de\/wp-content\/uploads\/2021\/03\/CHEMIE.png","contentUrl":"https:\/\/mekruphy.com\/de\/wp-content\/uploads\/2021\/03\/CHEMIE.png","width":985,"height":438},{"@type":"BreadcrumbList","@id":"https:\/\/mekruphy.com\/de\/produkte\/chemie\/#breadcrumb","itemListElement":[{"@type":"ListItem","position":1,"name":"Startseite","item":"https:\/\/mekruphy.com\/de\/"},{"@type":"ListItem","position":2,"name":"Produkte","item":"https:\/\/mekruphy.com\/de\/produkte\/"},{"@type":"ListItem","position":3,"name":"Chemie"}]},{"@type":"WebSite","@id":"https:\/\/mekruphy.com\/de\/#website","url":"https:\/\/mekruphy.com\/de\/","name":"MEKRUPHY GmbH","description":"Sch\u00fcler-Experimentierk\u00e4sten f\u00fcr den MINT-Unterricht","potentialAction":[{"@type":"SearchAction","target":{"@type":"EntryPoint","urlTemplate":"https:\/\/mekruphy.com\/de\/?s={search_term_string}"},"query-input":{"@type":"PropertyValueSpecification","valueRequired":true,"valueName":"search_term_string"}}],"inLanguage":"de"}]}},"coauthors":[],"author_meta":{"author_link":"https:\/\/mekruphy.com\/de\/author\/mwbsca\/","display_name":"mwbscA"},"relative_dates":{"created":"Ver\u00f6ffentlicht 6\u00a0Jahren vor","modified":"Aktualisiert 7\u00a0Tagen vor"},"absolute_dates":{"created":"Ver\u00f6ffentlicht am 16. Juli 2020","modified":"Aktualisiert am 8. April 2026"},"absolute_dates_time":{"created":"Ver\u00f6ffentlicht am 16. Juli 2020 15:52","modified":"Aktualisiert am 8. April 2026 9:59"},"featured_img_caption":"","featured_img":false,"series_order":"","_links":{"self":[{"href":"https:\/\/mekruphy.com\/de\/wp-json\/wp\/v2\/pages\/627","targetHints":{"allow":["GET"]}}],"collection":[{"href":"https:\/\/mekruphy.com\/de\/wp-json\/wp\/v2\/pages"}],"about":[{"href":"https:\/\/mekruphy.com\/de\/wp-json\/wp\/v2\/types\/page"}],"author":[{"embeddable":true,"href":"https:\/\/mekruphy.com\/de\/wp-json\/wp\/v2\/users\/1"}],"replies":[{"embeddable":true,"href":"https:\/\/mekruphy.com\/de\/wp-json\/wp\/v2\/comments?post=627"}],"version-history":[{"count":44,"href":"https:\/\/mekruphy.com\/de\/wp-json\/wp\/v2\/pages\/627\/revisions"}],"predecessor-version":[{"id":9757,"href":"https:\/\/mekruphy.com\/de\/wp-json\/wp\/v2\/pages\/627\/revisions\/9757"}],"up":[{"embeddable":true,"href":"https:\/\/mekruphy.com\/de\/wp-json\/wp\/v2\/pages\/610"}],"wp:attachment":[{"href":"https:\/\/mekruphy.com\/de\/wp-json\/wp\/v2\/media?parent=627"}],"curies":[{"name":"wp","href":"https:\/\/api.w.org\/{rel}","templated":true}]}}