{"id":630,"date":"2020-07-16T15:54:21","date_gmt":"2020-07-16T13:54:21","guid":{"rendered":"https:\/\/mekruphy.com\/de\/?page_id=630"},"modified":"2022-03-18T11:24:46","modified_gmt":"2022-03-18T10:24:46","slug":"mathematik","status":"publish","type":"page","link":"https:\/\/mekruphy.com\/de\/produkte\/mathematik\/","title":{"rendered":"Mathematik"},"content":{"rendered":"\n<div class=\"wp-block-cover is-light\"><span aria-hidden=\"true\" class=\"wp-block-cover__gradient-background has-background-dim\"><\/span><img loading=\"lazy\" decoding=\"async\" width=\"2560\" height=\"1261\" class=\"wp-block-cover__image-background wp-image-6088\" alt=\"Mathematik - Dreiecke und Winkel\" src=\"https:\/\/mekruphy.com\/de\/wp-content\/uploads\/2021\/03\/crop-0-0-2560-1261-0-G1_4-scaled.jpg\" data-object-fit=\"cover\" srcset=\"https:\/\/mekruphy.com\/de\/wp-content\/uploads\/2021\/03\/crop-0-0-2560-1261-0-G1_4-scaled.jpg 2560w, https:\/\/mekruphy.com\/de\/wp-content\/uploads\/2021\/03\/crop-0-0-2560-1261-0-G1_4-scaled-300x148.jpg 300w, https:\/\/mekruphy.com\/de\/wp-content\/uploads\/2021\/03\/crop-0-0-2560-1261-0-G1_4-scaled-1024x504.jpg 1024w, https:\/\/mekruphy.com\/de\/wp-content\/uploads\/2021\/03\/crop-0-0-2560-1261-0-G1_4-scaled-768x378.jpg 768w, https:\/\/mekruphy.com\/de\/wp-content\/uploads\/2021\/03\/crop-0-0-2560-1261-0-G1_4-scaled-1536x757.jpg 1536w, https:\/\/mekruphy.com\/de\/wp-content\/uploads\/2021\/03\/crop-0-0-2560-1261-0-G1_4-scaled-2048x1009.jpg 2048w, https:\/\/mekruphy.com\/de\/wp-content\/uploads\/2021\/03\/crop-0-0-2560-1261-0-G1_4-scaled-1600x788.jpg 1600w\" sizes=\"auto, (max-width: 2560px) 100vw, 2560px\" \/><div class=\"wp-block-cover__inner-container is-layout-flow wp-block-cover-is-layout-flow\">\n<p class=\"has-text-align-center has-large-font-size\"><\/p>\n<\/div><\/div>\n\n\n\n<h2 class=\"wp-block-heading\" id=\"h-neue-wege-in-der-mathematik\"><strong>Neue Wege<\/strong> in der Mathematik<\/h2>\n\n\n\n<p>Das MEKRUPHY-System geht auch in der Mathematik neue Wege, um die Sch\u00fclerinnen und Sch\u00fcler f\u00fcr das Fach zu begeistern. Es will vor allem diejenigen erreichen, die sich in <a href=\"https:\/\/mekruphy.com\/de\/produkte\/geometrie\/experimentiersatz-ganze-zahlen\/\">Arithmetik<\/a>, Algebra und Geometrie schwer tun oder \u00fcberhaupt Scheu vor jeglicher Art von Mathematik haben.<\/p>\n\n\n\n<p>Der Zugang zu den mathematischen Themen erfolgt nicht wie sonst \u00fcblich \u00fcber die Theorie, sondern \u00fcber das Entdecken, Ausprobieren und experimentelle Erleben. Unterst\u00fctzt wird dies durch \u00e4u\u00dferst sorgf\u00e4ltig ausgew\u00e4hlte Materialien in den MEKRUPHY <a href=\"https:\/\/mekruphy.com\/de\/warum-der-begriff-schueler-experimentiersaetze\/\">Sch\u00fcler-Experimentiers\u00e4tzen<\/a>.<\/p>\n\n\n\n<p>Die Anleitungen sind so gestaltet, dass die Sch\u00fclerinnen und Sch\u00fcler die entsprechenden Themen v\u00f6llig selbstst\u00e4ndig erarbeiten k\u00f6nnen. Dadurch wird die Lehrkraft nicht nur erheblich entlastet, es werden ihr auch v\u00f6llig neue Wege der Unterrichtsgestaltung er\u00f6ffnet. Auch Home Schooling ist damit m\u00f6glich.<\/p>\n\n\n\n<h3 class=\"wp-block-heading\" id=\"eigenverantwortung\">Eigenverantwortung<\/h3>\n\n\n\n<p>Die Sch\u00fclerinnen und Sch\u00fcler bearbeiten die einzelnen Themen entweder allein oder zu zweit. Ihre Namen werden unter Zuordnung einer Kastennummer in eine Liste eingetragen. Sie arbeiten dann immer mit dem Kasten derselben Nummer. Auf diese Weise tragen sie die ganz pers\u00f6nliche Verantwortung f\u00fcr \u201eihren\u201c Kasten.<\/p>\n\n\n\n<h3 class=\"wp-block-heading\" id=\"h-unterrichtsorientiert\"><strong>Unterrichtsorientiert<\/strong><\/h3>\n\n\n\n<p>Jeder einzelne Mathematik-Experimentierkasten wird aus dem Unterricht heraus entwickelt, \u00fcber Jahre an mehreren Schulen erprobt und immer wieder verbessert. Heute sind diese ausgereiften Experimentiers\u00e4tze weltweit anerkannte Spitzenprodukte.<\/p>\n\n\n\n<h3 class=\"wp-block-heading\" id=\"h-high-quality-statt-low-cost\">High Quality statt \u201eLow Cost\u201c<\/h3>\n\n\n\n<p>Das MEKRUPHY-System gibt den Sch\u00fclerinnen und Sch\u00fclern hochwertige Materialien in die Hand, die Ergebnisse gro\u00dfer Genauigkeit erm\u00f6glichen. Nur so<\/p>\n\n\n\n<ul class=\"wp-block-list\"><li>ist echte Begeisterung f\u00fcr die Mathematik m\u00f6glich,<\/li><li>f\u00fchlen sich die Sch\u00fclerinnen und Sch\u00fcler ernst und in Verantwortung genommen<\/li><li>l\u00e4sst sich ihnen der wissenschaftliche Anspruch der Thematik glaubhaft vermitteln<\/li><\/ul>\n\n\n\n<p><\/p>\n","protected":false},"excerpt":{"rendered":"<p>Neue Wege in der Mathematik Das MEKRUPHY-System geht auch in der Mathematik neue Wege, um die Sch\u00fclerinnen und Sch\u00fcler f\u00fcr das Fach zu begeistern. Es will vor allem diejenigen erreichen, die sich in Arithmetik, Algebra und Geometrie schwer tun oder \u00fcberhaupt Scheu vor jeglicher Art von Mathematik haben. Der Zugang zu den mathematischen Themen erfolgt [&hellip;]<\/p>\n","protected":false},"author":1,"featured_media":0,"parent":610,"menu_order":0,"comment_status":"closed","ping_status":"closed","template":"templates\/productcategory.php","meta":{"_acf_changed":false,"_coblocks_attr":"","_coblocks_dimensions":"","_coblocks_responsive_height":"","_coblocks_accordion_ie_support":"","_eb_attr":"","advgb_blocks_editor_width":"","advgb_blocks_columns_visual_guide":"","footnotes":""},"class_list":["post-630","page","type-page","status-publish","hentry"],"acf":[],"yoast_head":"<!-- This site is optimized with the Yoast SEO plugin v27.3 - https:\/\/yoast.com\/product\/yoast-seo-wordpress\/ -->\n<title>Mathematik - MEKRUPHY GmbH<\/title>\n<meta name=\"description\" content=\"Das MEKRUPHY-System geht auch in der Mathematik neue Wege, um die Sch\u00fclerinnen und Sch\u00fcler f\u00fcr das Fach zu begeistern.\" \/>\n<meta name=\"robots\" content=\"index, follow, max-snippet:-1, max-image-preview:large, max-video-preview:-1\" \/>\n<link rel=\"canonical\" href=\"https:\/\/mekruphy.com\/de\/produkte\/mathematik\/\" \/>\n<meta property=\"og:locale\" content=\"de_DE\" \/>\n<meta property=\"og:type\" content=\"article\" \/>\n<meta property=\"og:title\" content=\"Mathematik - MEKRUPHY GmbH\" \/>\n<meta property=\"og:description\" content=\"Das MEKRUPHY-System geht auch in der Mathematik neue Wege, um die Sch\u00fclerinnen und Sch\u00fcler f\u00fcr das Fach zu begeistern.\" \/>\n<meta property=\"og:url\" content=\"https:\/\/mekruphy.com\/de\/produkte\/mathematik\/\" \/>\n<meta property=\"og:site_name\" content=\"MEKRUPHY GmbH\" \/>\n<meta property=\"article:modified_time\" content=\"2022-03-18T10:24:46+00:00\" \/>\n<meta property=\"og:image\" content=\"https:\/\/mekruphy.com\/de\/wp-content\/uploads\/2021\/03\/crop-0-0-2560-1261-0-G1_4-scaled.jpg\" \/>\n<meta name=\"twitter:card\" content=\"summary_large_image\" \/>\n<meta name=\"twitter:label1\" content=\"Gesch\u00e4tzte Lesezeit\" \/>\n\t<meta name=\"twitter:data1\" content=\"2\u00a0Minuten\" \/>\n<script type=\"application\/ld+json\" class=\"yoast-schema-graph\">{\"@context\":\"https:\\\/\\\/schema.org\",\"@graph\":[{\"@type\":\"WebPage\",\"@id\":\"https:\\\/\\\/mekruphy.com\\\/de\\\/produkte\\\/mathematik\\\/\",\"url\":\"https:\\\/\\\/mekruphy.com\\\/de\\\/produkte\\\/mathematik\\\/\",\"name\":\"Mathematik - MEKRUPHY GmbH\",\"isPartOf\":{\"@id\":\"https:\\\/\\\/mekruphy.com\\\/de\\\/#website\"},\"primaryImageOfPage\":{\"@id\":\"https:\\\/\\\/mekruphy.com\\\/de\\\/produkte\\\/mathematik\\\/#primaryimage\"},\"image\":{\"@id\":\"https:\\\/\\\/mekruphy.com\\\/de\\\/produkte\\\/mathematik\\\/#primaryimage\"},\"thumbnailUrl\":\"https:\\\/\\\/mekruphy.com\\\/de\\\/wp-content\\\/uploads\\\/2021\\\/03\\\/crop-0-0-2560-1261-0-G1_4-scaled.jpg\",\"datePublished\":\"2020-07-16T13:54:21+00:00\",\"dateModified\":\"2022-03-18T10:24:46+00:00\",\"description\":\"Das MEKRUPHY-System geht auch in der Mathematik neue Wege, um die Sch\u00fclerinnen und Sch\u00fcler f\u00fcr das Fach zu begeistern.\",\"breadcrumb\":{\"@id\":\"https:\\\/\\\/mekruphy.com\\\/de\\\/produkte\\\/mathematik\\\/#breadcrumb\"},\"inLanguage\":\"de\",\"potentialAction\":[{\"@type\":\"ReadAction\",\"target\":[\"https:\\\/\\\/mekruphy.com\\\/de\\\/produkte\\\/mathematik\\\/\"]}]},{\"@type\":\"ImageObject\",\"inLanguage\":\"de\",\"@id\":\"https:\\\/\\\/mekruphy.com\\\/de\\\/produkte\\\/mathematik\\\/#primaryimage\",\"url\":\"https:\\\/\\\/mekruphy.com\\\/de\\\/wp-content\\\/uploads\\\/2021\\\/03\\\/crop-0-0-2560-1261-0-G1_4-scaled.jpg\",\"contentUrl\":\"https:\\\/\\\/mekruphy.com\\\/de\\\/wp-content\\\/uploads\\\/2021\\\/03\\\/crop-0-0-2560-1261-0-G1_4-scaled.jpg\",\"width\":2560,\"height\":1261},{\"@type\":\"BreadcrumbList\",\"@id\":\"https:\\\/\\\/mekruphy.com\\\/de\\\/produkte\\\/mathematik\\\/#breadcrumb\",\"itemListElement\":[{\"@type\":\"ListItem\",\"position\":1,\"name\":\"Startseite\",\"item\":\"https:\\\/\\\/mekruphy.com\\\/de\\\/\"},{\"@type\":\"ListItem\",\"position\":2,\"name\":\"Produkte\",\"item\":\"https:\\\/\\\/mekruphy.com\\\/de\\\/produkte\\\/\"},{\"@type\":\"ListItem\",\"position\":3,\"name\":\"Mathematik\"}]},{\"@type\":\"WebSite\",\"@id\":\"https:\\\/\\\/mekruphy.com\\\/de\\\/#website\",\"url\":\"https:\\\/\\\/mekruphy.com\\\/de\\\/\",\"name\":\"MEKRUPHY GmbH\",\"description\":\"Sch\u00fcler-Experimentierk\u00e4sten f\u00fcr den MINT-Unterricht\",\"potentialAction\":[{\"@type\":\"SearchAction\",\"target\":{\"@type\":\"EntryPoint\",\"urlTemplate\":\"https:\\\/\\\/mekruphy.com\\\/de\\\/?s={search_term_string}\"},\"query-input\":{\"@type\":\"PropertyValueSpecification\",\"valueRequired\":true,\"valueName\":\"search_term_string\"}}],\"inLanguage\":\"de\"}]}<\/script>\n<!-- \/ Yoast SEO plugin. -->","yoast_head_json":{"title":"Mathematik - MEKRUPHY GmbH","description":"Das MEKRUPHY-System geht auch in der Mathematik neue Wege, um die Sch\u00fclerinnen und Sch\u00fcler f\u00fcr das Fach zu begeistern.","robots":{"index":"index","follow":"follow","max-snippet":"max-snippet:-1","max-image-preview":"max-image-preview:large","max-video-preview":"max-video-preview:-1"},"canonical":"https:\/\/mekruphy.com\/de\/produkte\/mathematik\/","og_locale":"de_DE","og_type":"article","og_title":"Mathematik - MEKRUPHY GmbH","og_description":"Das MEKRUPHY-System geht auch in der Mathematik neue Wege, um die Sch\u00fclerinnen und Sch\u00fcler f\u00fcr das Fach zu begeistern.","og_url":"https:\/\/mekruphy.com\/de\/produkte\/mathematik\/","og_site_name":"MEKRUPHY GmbH","article_modified_time":"2022-03-18T10:24:46+00:00","og_image":[{"url":"https:\/\/mekruphy.com\/de\/wp-content\/uploads\/2021\/03\/crop-0-0-2560-1261-0-G1_4-scaled.jpg","type":"","width":"","height":""}],"twitter_card":"summary_large_image","twitter_misc":{"Gesch\u00e4tzte Lesezeit":"2\u00a0Minuten"},"schema":{"@context":"https:\/\/schema.org","@graph":[{"@type":"WebPage","@id":"https:\/\/mekruphy.com\/de\/produkte\/mathematik\/","url":"https:\/\/mekruphy.com\/de\/produkte\/mathematik\/","name":"Mathematik - MEKRUPHY GmbH","isPartOf":{"@id":"https:\/\/mekruphy.com\/de\/#website"},"primaryImageOfPage":{"@id":"https:\/\/mekruphy.com\/de\/produkte\/mathematik\/#primaryimage"},"image":{"@id":"https:\/\/mekruphy.com\/de\/produkte\/mathematik\/#primaryimage"},"thumbnailUrl":"https:\/\/mekruphy.com\/de\/wp-content\/uploads\/2021\/03\/crop-0-0-2560-1261-0-G1_4-scaled.jpg","datePublished":"2020-07-16T13:54:21+00:00","dateModified":"2022-03-18T10:24:46+00:00","description":"Das MEKRUPHY-System geht auch in der Mathematik neue Wege, um die Sch\u00fclerinnen und Sch\u00fcler f\u00fcr das Fach zu begeistern.","breadcrumb":{"@id":"https:\/\/mekruphy.com\/de\/produkte\/mathematik\/#breadcrumb"},"inLanguage":"de","potentialAction":[{"@type":"ReadAction","target":["https:\/\/mekruphy.com\/de\/produkte\/mathematik\/"]}]},{"@type":"ImageObject","inLanguage":"de","@id":"https:\/\/mekruphy.com\/de\/produkte\/mathematik\/#primaryimage","url":"https:\/\/mekruphy.com\/de\/wp-content\/uploads\/2021\/03\/crop-0-0-2560-1261-0-G1_4-scaled.jpg","contentUrl":"https:\/\/mekruphy.com\/de\/wp-content\/uploads\/2021\/03\/crop-0-0-2560-1261-0-G1_4-scaled.jpg","width":2560,"height":1261},{"@type":"BreadcrumbList","@id":"https:\/\/mekruphy.com\/de\/produkte\/mathematik\/#breadcrumb","itemListElement":[{"@type":"ListItem","position":1,"name":"Startseite","item":"https:\/\/mekruphy.com\/de\/"},{"@type":"ListItem","position":2,"name":"Produkte","item":"https:\/\/mekruphy.com\/de\/produkte\/"},{"@type":"ListItem","position":3,"name":"Mathematik"}]},{"@type":"WebSite","@id":"https:\/\/mekruphy.com\/de\/#website","url":"https:\/\/mekruphy.com\/de\/","name":"MEKRUPHY GmbH","description":"Sch\u00fcler-Experimentierk\u00e4sten f\u00fcr den MINT-Unterricht","potentialAction":[{"@type":"SearchAction","target":{"@type":"EntryPoint","urlTemplate":"https:\/\/mekruphy.com\/de\/?s={search_term_string}"},"query-input":{"@type":"PropertyValueSpecification","valueRequired":true,"valueName":"search_term_string"}}],"inLanguage":"de"}]}},"coauthors":[],"author_meta":{"author_link":"https:\/\/mekruphy.com\/de\/author\/mwbsca\/","display_name":"mwbscA"},"relative_dates":{"created":"Ver\u00f6ffentlicht 6\u00a0Jahren vor","modified":"Aktualisiert 4\u00a0Jahren vor"},"absolute_dates":{"created":"Ver\u00f6ffentlicht am 16. Juli 2020","modified":"Aktualisiert am 18. M\u00e4rz 2022"},"absolute_dates_time":{"created":"Ver\u00f6ffentlicht am 16. Juli 2020 15:54","modified":"Aktualisiert am 18. M\u00e4rz 2022 11:24"},"featured_img_caption":"","featured_img":false,"series_order":"","_links":{"self":[{"href":"https:\/\/mekruphy.com\/de\/wp-json\/wp\/v2\/pages\/630","targetHints":{"allow":["GET"]}}],"collection":[{"href":"https:\/\/mekruphy.com\/de\/wp-json\/wp\/v2\/pages"}],"about":[{"href":"https:\/\/mekruphy.com\/de\/wp-json\/wp\/v2\/types\/page"}],"author":[{"embeddable":true,"href":"https:\/\/mekruphy.com\/de\/wp-json\/wp\/v2\/users\/1"}],"replies":[{"embeddable":true,"href":"https:\/\/mekruphy.com\/de\/wp-json\/wp\/v2\/comments?post=630"}],"version-history":[{"count":20,"href":"https:\/\/mekruphy.com\/de\/wp-json\/wp\/v2\/pages\/630\/revisions"}],"predecessor-version":[{"id":6442,"href":"https:\/\/mekruphy.com\/de\/wp-json\/wp\/v2\/pages\/630\/revisions\/6442"}],"up":[{"embeddable":true,"href":"https:\/\/mekruphy.com\/de\/wp-json\/wp\/v2\/pages\/610"}],"wp:attachment":[{"href":"https:\/\/mekruphy.com\/de\/wp-json\/wp\/v2\/media?parent=630"}],"curies":[{"name":"wp","href":"https:\/\/api.w.org\/{rel}","templated":true}]}}