{"id":640,"date":"2020-07-16T15:57:01","date_gmt":"2020-07-16T13:57:01","guid":{"rendered":"https:\/\/mekruphy.com\/de\/?page_id=640"},"modified":"2022-03-18T11:40:28","modified_gmt":"2022-03-18T10:40:28","slug":"kindergarten","status":"publish","type":"page","link":"https:\/\/mekruphy.com\/de\/produkte\/kindergarten\/","title":{"rendered":"Kindergarten"},"content":{"rendered":"\n<div class=\"wp-block-image\"><figure class=\"aligncenter size-large is-resized\"><img loading=\"lazy\" decoding=\"async\" src=\"https:\/\/mekruphy.com\/de\/wp-content\/uploads\/2021\/03\/KINDERGARTEN2.png\" alt=\"\" class=\"wp-image-3332\" width=\"936\" height=\"490\" srcset=\"https:\/\/mekruphy.com\/de\/wp-content\/uploads\/2021\/03\/KINDERGARTEN2.png 851w, https:\/\/mekruphy.com\/de\/wp-content\/uploads\/2021\/03\/KINDERGARTEN2-300x157.png 300w, https:\/\/mekruphy.com\/de\/wp-content\/uploads\/2021\/03\/KINDERGARTEN2-768x402.png 768w\" sizes=\"auto, (max-width: 936px) 100vw, 936px\" \/><\/figure><\/div>\n\n\n\n<h2 class=\"wp-block-heading\" id=\"h-der-naturliche-forscherdrang\">Der nat\u00fcrliche Forscherdrang<\/h2>\n\n\n\n<p>\u201eWarum ist \u2026\u201c und \u201eWie funktioniert \u2026\u201c begin\u00adnen viele Fragen, die Kinder im Vorschulalter den Erwachsenen stellen.<\/p>\n\n\n\n<p>Jedes Kind tr\u00e4gt in sich den Drang zu ent\u00addecken und zu forschen. Dieser kindliche For\u00adscherdrang verk\u00fcmmert jedoch, wenn er nicht zum richtigen Zeitpunkt durch Erwachsene ent\u00adfaltet wird. Daher ist ein \u201egef\u00fchrtes\u201c Forschen und Ent\u00addecken der beste Weg, den Kindern die Faszi\u00adnation der Natur zu erschlie\u00dfen. Diesem An\u00adspruch wird das MEKRUPHY-System mit seinen <a href=\"https:\/\/mekruphy.com\/de\/warum-der-begriff-schueler-experimentiersaetze\/\">Experimentiers\u00e4tzen<\/a> im Kin\u00addergarten gerecht.<\/p>\n\n\n\n<h2 class=\"wp-block-heading\" id=\"h-gemeinsames-experimentieren\">Gemeinsames Experimentieren<\/h2>\n\n\n\n<p>Aktuelle Studien zeigen, dass naturwissen\u00adschaftliches Experimentieren im Vorschulalter ma\u00dfgeblichen Einfluss auf die Sprachentwick\u00adlung der Kinder hat. Ge\u00admeinsames Expe\u00adrimentieren schafft auf nat\u00fcrliche Weise Anreize zum Verbalisieren von Abl\u00e4ufen, Beobach\u00adtungen und Vermutungen. Au\u00dferdem f\u00f6rdert es die Sozialkompetenz in nicht unerheblichem Ma\u00df.<\/p>\n\n\n\n<p>Durch das eigene Experimentieren werden zu\u00ads\u00e4tzlich die Grob- und Feinmotorik entwickelt sowie die Konzentration, die Ausdauer, die Be\u00adobachtungsf\u00e4higkeit und das Selbstbewusst\u00adsein erheblich gesteigert.<\/p>\n\n\n\n<h2 class=\"wp-block-heading\" id=\"h-die-ideale-kleingruppe\">Die ideale Kleingruppe<\/h2>\n\n\n\n<p>Die Erfahrung zeigt, dass Kinder im Vorschulalter Experimente lieber allein oder zusammen mit der erwachsenen Bezugsperson durchf\u00fchren wollen.<\/p>\n\n\n\n<p>Dies gelingt am besten in einer Kleingruppe, die im Idealfall vier Kinder umfasst.<\/p>\n\n\n\n<p>Das MEKRUPHY-System sieht deshalb Klein\u00adgruppen von vier Kindern vor. Daher stehen alle Ger\u00e4te oder Ger\u00e4teteile, mit denen die Kinder arbeiten, in vierfacher, bei den Magneten, Stativ\u00adstangen und Reagenzgl\u00e4sern in acht\u00adfacher Aus\u00adf\u00fchrung zur Verf\u00fcgung. Lediglich die Teile, mit denen allein die Erziehe\u00adrin oder der Erzieher ar\u00adbeitet, sind nur ein\u00adfach im Expe\u00adrimentierkasten vorhanden.<\/p>\n\n\n\n<h2 class=\"wp-block-heading\" id=\"h-high-quality-statt-low-cost\">High Quality statt \u201eLow Cost\u201c<\/h2>\n\n\n\n<p>Das MEKRUPHY-System gibt den Drei- bis F\u00fcnf\u00adj\u00e4hrigen grunds\u00e4tzlich kein Spielzeug in die Hand, sondern alters\u00adgem\u00e4\u00dfe, robuste Experi\u00admen\u00adtierger\u00e4te aus hochwertigen Materia\u00adlien. Nur so f\u00fchlen sich die Kinder in ihren Frage\u00adstellungen ernst genommen, und nur so l\u00e4sst sich ihr Anspruch auf das Verste\u00adhen naturwis\u00adsenschaftlicher und tech\u00adnischer Ph\u00e4nomene verantwortungsvoll erf\u00fcllen.<\/p>\n\n\n\n<h2 class=\"wp-block-heading\" id=\"h-robust-kompakt-und-leicht\">Robust, kompakt und leicht<\/h2>\n\n\n\n<p>Die Aufbewahrungsk\u00e4sten bestehen aus hochwertigem und schlagfestem Polystyrol. Mit ihren Au\u00dfenma\u00dfen von 35 x 27 x 11 cm lassen sie auf jedem Tisch noch viel Platz zum Experimentieren. Sie wiegen mit Inhalt zwischen 2 und 3 kg.<\/p>\n\n\n\n<h2 class=\"wp-block-heading\" id=\"h-ordnung-leicht-gemacht\">Ordnung leicht gemacht<\/h2>\n\n\n\n<p>Der Kasteneinsatz aus hochwertigem, extrem haltbarem und optisch ansprechendem Polystyrol gibt jedem Ger\u00e4t durch individuelle Aussparungen seinen Platz vor. Dies erzieht die Kinder von Anfang an in nat\u00fcrlicher Weise zu Ordnung und erleichtert den Erwachsenen die Kontrolle. Bei den Experimentiers\u00e4tzen WASSER und PFLANZEN l\u00e4sst sich der Kasteneinsatz an Griffen herausnehmen und der Kasten selbst als wasserdichte Wanne verwenden.<\/p>\n\n\n\n<div class=\"wp-block-image\"><figure class=\"aligncenter size-large is-resized\"><img loading=\"lazy\" decoding=\"async\" src=\"https:\/\/mekruphy.com\/de\/wp-content\/uploads\/2021\/03\/KINDERGARTEN3.png\" alt=\"\" class=\"wp-image-3333\" width=\"510\" height=\"468\" srcset=\"https:\/\/mekruphy.com\/de\/wp-content\/uploads\/2021\/03\/KINDERGARTEN3.png 549w, https:\/\/mekruphy.com\/de\/wp-content\/uploads\/2021\/03\/KINDERGARTEN3-300x275.png 300w\" sizes=\"auto, (max-width: 510px) 100vw, 510px\" \/><\/figure><\/div>\n\n\n\n<h2 class=\"wp-block-heading\" id=\"h-multifunktional\">Multifunktional<\/h2>\n\n\n\n<p>Die vielseitig einsetzbaren Ger\u00e4te sparen nicht nur Geld und Platz, sondern f\u00f6rdern auch die Kreativit\u00e4t der Kinder.<\/p>\n\n\n\n<h2 class=\"wp-block-heading\" id=\"h-alle-kasten-gleichberechtigt\">Alle K\u00e4sten gleichberechtigt<\/h2>\n\n\n\n<p>Die Nummerierung der K\u00e4sten von 1 bis 4 ist rein verwaltungstechnisch begr\u00fcndet und hat keine Bedeutung f\u00fcr den Einsatz in der Praxis.<\/p>\n","protected":false},"excerpt":{"rendered":"<p>Der nat\u00fcrliche Forscherdrang \u201eWarum ist \u2026\u201c und \u201eWie funktioniert \u2026\u201c begin\u00adnen viele Fragen, die Kinder im Vorschulalter den Erwachsenen stellen. Jedes Kind tr\u00e4gt in sich den Drang zu ent\u00addecken und zu forschen. Dieser kindliche For\u00adscherdrang verk\u00fcmmert jedoch, wenn er nicht zum richtigen Zeitpunkt durch Erwachsene ent\u00adfaltet wird. Daher ist ein \u201egef\u00fchrtes\u201c Forschen und Ent\u00addecken der [&hellip;]<\/p>\n","protected":false},"author":1,"featured_media":0,"parent":610,"menu_order":0,"comment_status":"closed","ping_status":"closed","template":"templates\/productcategory.php","meta":{"_acf_changed":false,"_coblocks_attr":"","_coblocks_dimensions":"","_coblocks_responsive_height":"","_coblocks_accordion_ie_support":"","_eb_attr":"","advgb_blocks_editor_width":"","advgb_blocks_columns_visual_guide":"","footnotes":""},"class_list":["post-640","page","type-page","status-publish","hentry"],"acf":[],"yoast_head":"<!-- This site is optimized with the Yoast SEO plugin v27.3 - https:\/\/yoast.com\/product\/yoast-seo-wordpress\/ -->\n<title>Kindergarten - MEKRUPHY GmbH<\/title>\n<meta name=\"robots\" content=\"index, follow, max-snippet:-1, max-image-preview:large, max-video-preview:-1\" \/>\n<link rel=\"canonical\" href=\"https:\/\/mekruphy.com\/de\/produkte\/kindergarten\/\" \/>\n<meta property=\"og:locale\" content=\"de_DE\" \/>\n<meta property=\"og:type\" content=\"article\" \/>\n<meta property=\"og:title\" content=\"Kindergarten - MEKRUPHY GmbH\" \/>\n<meta property=\"og:description\" content=\"Der nat\u00fcrliche Forscherdrang \u201eWarum ist \u2026\u201c und \u201eWie funktioniert \u2026\u201c begin\u00adnen viele Fragen, die Kinder im Vorschulalter den Erwachsenen stellen. Jedes Kind tr\u00e4gt in sich den Drang zu ent\u00addecken und zu forschen. Dieser kindliche For\u00adscherdrang verk\u00fcmmert jedoch, wenn er nicht zum richtigen Zeitpunkt durch Erwachsene ent\u00adfaltet wird. Daher ist ein \u201egef\u00fchrtes\u201c Forschen und Ent\u00addecken der [&hellip;]\" \/>\n<meta property=\"og:url\" content=\"https:\/\/mekruphy.com\/de\/produkte\/kindergarten\/\" \/>\n<meta property=\"og:site_name\" content=\"MEKRUPHY GmbH\" \/>\n<meta property=\"article:modified_time\" content=\"2022-03-18T10:40:28+00:00\" \/>\n<meta property=\"og:image\" content=\"https:\/\/mekruphy.com\/de\/wp-content\/uploads\/2021\/03\/KINDERGARTEN2.png\" \/>\n<meta name=\"twitter:card\" content=\"summary_large_image\" \/>\n<meta name=\"twitter:label1\" content=\"Gesch\u00e4tzte Lesezeit\" \/>\n\t<meta name=\"twitter:data1\" content=\"3\u00a0Minuten\" \/>\n<script type=\"application\/ld+json\" class=\"yoast-schema-graph\">{\"@context\":\"https:\\\/\\\/schema.org\",\"@graph\":[{\"@type\":\"WebPage\",\"@id\":\"https:\\\/\\\/mekruphy.com\\\/de\\\/produkte\\\/kindergarten\\\/\",\"url\":\"https:\\\/\\\/mekruphy.com\\\/de\\\/produkte\\\/kindergarten\\\/\",\"name\":\"Kindergarten - MEKRUPHY GmbH\",\"isPartOf\":{\"@id\":\"https:\\\/\\\/mekruphy.com\\\/de\\\/#website\"},\"primaryImageOfPage\":{\"@id\":\"https:\\\/\\\/mekruphy.com\\\/de\\\/produkte\\\/kindergarten\\\/#primaryimage\"},\"image\":{\"@id\":\"https:\\\/\\\/mekruphy.com\\\/de\\\/produkte\\\/kindergarten\\\/#primaryimage\"},\"thumbnailUrl\":\"https:\\\/\\\/mekruphy.com\\\/de\\\/wp-content\\\/uploads\\\/2021\\\/03\\\/KINDERGARTEN2.png\",\"datePublished\":\"2020-07-16T13:57:01+00:00\",\"dateModified\":\"2022-03-18T10:40:28+00:00\",\"breadcrumb\":{\"@id\":\"https:\\\/\\\/mekruphy.com\\\/de\\\/produkte\\\/kindergarten\\\/#breadcrumb\"},\"inLanguage\":\"de\",\"potentialAction\":[{\"@type\":\"ReadAction\",\"target\":[\"https:\\\/\\\/mekruphy.com\\\/de\\\/produkte\\\/kindergarten\\\/\"]}]},{\"@type\":\"ImageObject\",\"inLanguage\":\"de\",\"@id\":\"https:\\\/\\\/mekruphy.com\\\/de\\\/produkte\\\/kindergarten\\\/#primaryimage\",\"url\":\"https:\\\/\\\/mekruphy.com\\\/de\\\/wp-content\\\/uploads\\\/2021\\\/03\\\/KINDERGARTEN2.png\",\"contentUrl\":\"https:\\\/\\\/mekruphy.com\\\/de\\\/wp-content\\\/uploads\\\/2021\\\/03\\\/KINDERGARTEN2.png\",\"width\":851,\"height\":445},{\"@type\":\"BreadcrumbList\",\"@id\":\"https:\\\/\\\/mekruphy.com\\\/de\\\/produkte\\\/kindergarten\\\/#breadcrumb\",\"itemListElement\":[{\"@type\":\"ListItem\",\"position\":1,\"name\":\"Startseite\",\"item\":\"https:\\\/\\\/mekruphy.com\\\/de\\\/\"},{\"@type\":\"ListItem\",\"position\":2,\"name\":\"Produkte\",\"item\":\"https:\\\/\\\/mekruphy.com\\\/de\\\/produkte\\\/\"},{\"@type\":\"ListItem\",\"position\":3,\"name\":\"Kindergarten\"}]},{\"@type\":\"WebSite\",\"@id\":\"https:\\\/\\\/mekruphy.com\\\/de\\\/#website\",\"url\":\"https:\\\/\\\/mekruphy.com\\\/de\\\/\",\"name\":\"MEKRUPHY GmbH\",\"description\":\"Sch\u00fcler-Experimentierk\u00e4sten f\u00fcr den MINT-Unterricht\",\"potentialAction\":[{\"@type\":\"SearchAction\",\"target\":{\"@type\":\"EntryPoint\",\"urlTemplate\":\"https:\\\/\\\/mekruphy.com\\\/de\\\/?s={search_term_string}\"},\"query-input\":{\"@type\":\"PropertyValueSpecification\",\"valueRequired\":true,\"valueName\":\"search_term_string\"}}],\"inLanguage\":\"de\"}]}<\/script>\n<!-- \/ Yoast SEO plugin. -->","yoast_head_json":{"title":"Kindergarten - MEKRUPHY GmbH","robots":{"index":"index","follow":"follow","max-snippet":"max-snippet:-1","max-image-preview":"max-image-preview:large","max-video-preview":"max-video-preview:-1"},"canonical":"https:\/\/mekruphy.com\/de\/produkte\/kindergarten\/","og_locale":"de_DE","og_type":"article","og_title":"Kindergarten - MEKRUPHY GmbH","og_description":"Der nat\u00fcrliche Forscherdrang \u201eWarum ist \u2026\u201c und \u201eWie funktioniert \u2026\u201c begin\u00adnen viele Fragen, die Kinder im Vorschulalter den Erwachsenen stellen. Jedes Kind tr\u00e4gt in sich den Drang zu ent\u00addecken und zu forschen. Dieser kindliche For\u00adscherdrang verk\u00fcmmert jedoch, wenn er nicht zum richtigen Zeitpunkt durch Erwachsene ent\u00adfaltet wird. Daher ist ein \u201egef\u00fchrtes\u201c Forschen und Ent\u00addecken der [&hellip;]","og_url":"https:\/\/mekruphy.com\/de\/produkte\/kindergarten\/","og_site_name":"MEKRUPHY GmbH","article_modified_time":"2022-03-18T10:40:28+00:00","og_image":[{"url":"https:\/\/mekruphy.com\/de\/wp-content\/uploads\/2021\/03\/KINDERGARTEN2.png","type":"","width":"","height":""}],"twitter_card":"summary_large_image","twitter_misc":{"Gesch\u00e4tzte Lesezeit":"3\u00a0Minuten"},"schema":{"@context":"https:\/\/schema.org","@graph":[{"@type":"WebPage","@id":"https:\/\/mekruphy.com\/de\/produkte\/kindergarten\/","url":"https:\/\/mekruphy.com\/de\/produkte\/kindergarten\/","name":"Kindergarten - MEKRUPHY GmbH","isPartOf":{"@id":"https:\/\/mekruphy.com\/de\/#website"},"primaryImageOfPage":{"@id":"https:\/\/mekruphy.com\/de\/produkte\/kindergarten\/#primaryimage"},"image":{"@id":"https:\/\/mekruphy.com\/de\/produkte\/kindergarten\/#primaryimage"},"thumbnailUrl":"https:\/\/mekruphy.com\/de\/wp-content\/uploads\/2021\/03\/KINDERGARTEN2.png","datePublished":"2020-07-16T13:57:01+00:00","dateModified":"2022-03-18T10:40:28+00:00","breadcrumb":{"@id":"https:\/\/mekruphy.com\/de\/produkte\/kindergarten\/#breadcrumb"},"inLanguage":"de","potentialAction":[{"@type":"ReadAction","target":["https:\/\/mekruphy.com\/de\/produkte\/kindergarten\/"]}]},{"@type":"ImageObject","inLanguage":"de","@id":"https:\/\/mekruphy.com\/de\/produkte\/kindergarten\/#primaryimage","url":"https:\/\/mekruphy.com\/de\/wp-content\/uploads\/2021\/03\/KINDERGARTEN2.png","contentUrl":"https:\/\/mekruphy.com\/de\/wp-content\/uploads\/2021\/03\/KINDERGARTEN2.png","width":851,"height":445},{"@type":"BreadcrumbList","@id":"https:\/\/mekruphy.com\/de\/produkte\/kindergarten\/#breadcrumb","itemListElement":[{"@type":"ListItem","position":1,"name":"Startseite","item":"https:\/\/mekruphy.com\/de\/"},{"@type":"ListItem","position":2,"name":"Produkte","item":"https:\/\/mekruphy.com\/de\/produkte\/"},{"@type":"ListItem","position":3,"name":"Kindergarten"}]},{"@type":"WebSite","@id":"https:\/\/mekruphy.com\/de\/#website","url":"https:\/\/mekruphy.com\/de\/","name":"MEKRUPHY GmbH","description":"Sch\u00fcler-Experimentierk\u00e4sten f\u00fcr den MINT-Unterricht","potentialAction":[{"@type":"SearchAction","target":{"@type":"EntryPoint","urlTemplate":"https:\/\/mekruphy.com\/de\/?s={search_term_string}"},"query-input":{"@type":"PropertyValueSpecification","valueRequired":true,"valueName":"search_term_string"}}],"inLanguage":"de"}]}},"coauthors":[],"author_meta":{"author_link":"https:\/\/mekruphy.com\/de\/author\/mwbsca\/","display_name":"mwbscA"},"relative_dates":{"created":"Ver\u00f6ffentlicht 6\u00a0Jahren vor","modified":"Aktualisiert 4\u00a0Jahren vor"},"absolute_dates":{"created":"Ver\u00f6ffentlicht am 16. Juli 2020","modified":"Aktualisiert am 18. M\u00e4rz 2022"},"absolute_dates_time":{"created":"Ver\u00f6ffentlicht am 16. Juli 2020 15:57","modified":"Aktualisiert am 18. M\u00e4rz 2022 11:40"},"featured_img_caption":"","featured_img":false,"series_order":"","_links":{"self":[{"href":"https:\/\/mekruphy.com\/de\/wp-json\/wp\/v2\/pages\/640","targetHints":{"allow":["GET"]}}],"collection":[{"href":"https:\/\/mekruphy.com\/de\/wp-json\/wp\/v2\/pages"}],"about":[{"href":"https:\/\/mekruphy.com\/de\/wp-json\/wp\/v2\/types\/page"}],"author":[{"embeddable":true,"href":"https:\/\/mekruphy.com\/de\/wp-json\/wp\/v2\/users\/1"}],"replies":[{"embeddable":true,"href":"https:\/\/mekruphy.com\/de\/wp-json\/wp\/v2\/comments?post=640"}],"version-history":[{"count":13,"href":"https:\/\/mekruphy.com\/de\/wp-json\/wp\/v2\/pages\/640\/revisions"}],"predecessor-version":[{"id":6447,"href":"https:\/\/mekruphy.com\/de\/wp-json\/wp\/v2\/pages\/640\/revisions\/6447"}],"up":[{"embeddable":true,"href":"https:\/\/mekruphy.com\/de\/wp-json\/wp\/v2\/pages\/610"}],"wp:attachment":[{"href":"https:\/\/mekruphy.com\/de\/wp-json\/wp\/v2\/media?parent=640"}],"curies":[{"name":"wp","href":"https:\/\/api.w.org\/{rel}","templated":true}]}}