{"id":6450,"date":"2022-04-20T09:13:00","date_gmt":"2022-04-20T07:13:00","guid":{"rendered":"https:\/\/mekruphy.com\/de\/?page_id=6450"},"modified":"2024-03-15T21:21:16","modified_gmt":"2024-03-15T20:21:16","slug":"kataloge","status":"publish","type":"page","link":"https:\/\/mekruphy.com\/de\/service\/kataloge\/","title":{"rendered":"Kataloge"},"content":{"rendered":"\n<p>Wir haben uns 2022 zum Ziel gesetzt, nachhaltiger und digitaler zu werden. Daher finden Sie unsere Kataloge nun auch online.<\/p>\n\n\n\n<p>W\u00e4hlen Sie den gew\u00fcnschten Katalog aus und bl\u00e4ttern Sie durch die Katalogseiten oder springen Sie zu Ihrer favorisierten Seite &#8211; ganz wie Sie m\u00f6chten.<\/p>\n\n\n\n<div style=\"height:60px\" aria-hidden=\"true\" class=\"wp-block-spacer\"><\/div>\n\n\n\n<h2 class=\"wp-block-heading\" id=\"h-kindergarten-und-grundschule\">Kindergarten und Grundschule<\/h2>\n\n\n\n<div class=\"wp-block-coblocks-row coblocks-row-32091825777\" data-columns=\"2\" data-layout=\"50-50\"><div class=\"wp-block-coblocks-row__inner has-no-padding has-no-margin is-stacked-on-mobile has-medium-gutter\">\n<div class=\"wp-block-coblocks-column coblocks-column-32091831828\" style=\"width:50%\"><div class=\"wp-block-coblocks-column__inner has-no-padding has-no-margin\"><div class=\"wp-block-image\">\n<figure class=\"aligncenter size-full is-resized\"><a href=\"https:\/\/mekruphy.com\/de\/kataloge\/kindergarten\/\" target=\"_blank\" rel=\"noopener\"><img loading=\"lazy\" decoding=\"async\" width=\"768\" height=\"543\" src=\"https:\/\/mekruphy.com\/de\/wp-content\/uploads\/2024\/03\/Katalog_Kindergarten_2024.png\" alt=\"\" class=\"wp-image-8037\" style=\"width:768px\" srcset=\"https:\/\/mekruphy.com\/de\/wp-content\/uploads\/2024\/03\/Katalog_Kindergarten_2024.png 768w, https:\/\/mekruphy.com\/de\/wp-content\/uploads\/2024\/03\/Katalog_Kindergarten_2024-300x212.png 300w\" sizes=\"auto, (max-width: 768px) 100vw, 768px\" \/><\/a><\/figure>\n<\/div><\/div><\/div>\n\n\n\n<div class=\"wp-block-coblocks-column coblocks-column-32091831829\" style=\"width:50%\"><div class=\"wp-block-coblocks-column__inner has-no-padding has-no-margin\"><div class=\"wp-block-image\">\n<figure class=\"aligncenter size-full is-resized\"><a href=\"https:\/\/mekruphy.com\/de\/kataloge\/grundschule\/\" target=\"_blank\" rel=\"noopener\"><img loading=\"lazy\" decoding=\"async\" width=\"768\" height=\"543\" src=\"https:\/\/mekruphy.com\/de\/wp-content\/uploads\/2024\/03\/Katalog_GS_2024.png\" alt=\"\" class=\"wp-image-8035\" style=\"width:768px\" srcset=\"https:\/\/mekruphy.com\/de\/wp-content\/uploads\/2024\/03\/Katalog_GS_2024.png 768w, https:\/\/mekruphy.com\/de\/wp-content\/uploads\/2024\/03\/Katalog_GS_2024-300x212.png 300w\" sizes=\"auto, (max-width: 768px) 100vw, 768px\" \/><\/a><\/figure>\n<\/div><\/div><\/div>\n<\/div><\/div>\n\n\n\n<div style=\"height:40px\" aria-hidden=\"true\" class=\"wp-block-spacer\"><\/div>\n\n\n\n<h2 class=\"wp-block-heading\" id=\"h-sekundarstufe-i-und-ii\">Sekundarstufe I und II<\/h2>\n\n\n\n<div class=\"wp-block-coblocks-row coblocks-row-32091825777\" data-columns=\"2\" data-layout=\"50-50\"><div class=\"wp-block-coblocks-row__inner has-no-padding has-no-margin is-stacked-on-mobile has-medium-gutter\">\n<div class=\"wp-block-coblocks-column coblocks-column-32091831828\" style=\"width:50%\"><div class=\"wp-block-coblocks-column__inner has-no-padding has-no-margin\"><div class=\"wp-block-image\">\n<figure class=\"aligncenter size-full is-resized\"><a href=\"https:\/\/mekruphy.com\/de\/kataloge\/physik\/\" target=\"_blank\" rel=\"noopener\"><img loading=\"lazy\" decoding=\"async\" width=\"1002\" height=\"708\" src=\"https:\/\/mekruphy.com\/de\/wp-content\/uploads\/2022\/04\/Katalog_PHY_2022.png\" alt=\"Physik-Katalog\" class=\"wp-image-6503\" style=\"width:768px\" srcset=\"https:\/\/mekruphy.com\/de\/wp-content\/uploads\/2022\/04\/Katalog_PHY_2022.png 1002w, https:\/\/mekruphy.com\/de\/wp-content\/uploads\/2022\/04\/Katalog_PHY_2022-300x212.png 300w, https:\/\/mekruphy.com\/de\/wp-content\/uploads\/2022\/04\/Katalog_PHY_2022-768x543.png 768w\" sizes=\"auto, (max-width: 1002px) 100vw, 1002px\" \/><\/a><\/figure>\n<\/div><\/div><\/div>\n\n\n\n<div class=\"wp-block-coblocks-column coblocks-column-32091831829\" style=\"width:50%\"><div class=\"wp-block-coblocks-column__inner has-no-padding has-no-margin\"><div class=\"wp-block-image\">\n<figure class=\"aligncenter size-full is-resized\"><a href=\"https:\/\/mekruphy.com\/de\/kataloge\/chemie\/\" target=\"_blank\" rel=\"noopener\"><img loading=\"lazy\" decoding=\"async\" width=\"1002\" height=\"708\" src=\"https:\/\/mekruphy.com\/de\/wp-content\/uploads\/2022\/04\/Katalog_CHEMIE_2022.png\" alt=\"Chemiekatalog\" class=\"wp-image-6478\" style=\"width:768px\" srcset=\"https:\/\/mekruphy.com\/de\/wp-content\/uploads\/2022\/04\/Katalog_CHEMIE_2022.png 1002w, https:\/\/mekruphy.com\/de\/wp-content\/uploads\/2022\/04\/Katalog_CHEMIE_2022-300x212.png 300w, https:\/\/mekruphy.com\/de\/wp-content\/uploads\/2022\/04\/Katalog_CHEMIE_2022-768x543.png 768w\" sizes=\"auto, (max-width: 1002px) 100vw, 1002px\" \/><\/a><\/figure>\n<\/div><\/div><\/div>\n<\/div><\/div>\n\n\n\n<div style=\"height:40px\" aria-hidden=\"true\" class=\"wp-block-spacer\"><\/div>\n\n\n\n<div class=\"wp-block-coblocks-row coblocks-row-42482534150\" data-columns=\"2\" data-layout=\"50-50\"><div class=\"wp-block-coblocks-row__inner has-no-padding has-no-margin is-stacked-on-mobile has-medium-gutter\">\n<div class=\"wp-block-coblocks-column coblocks-column-42482541370\" style=\"width:50%\"><div class=\"wp-block-coblocks-column__inner has-no-padding has-no-margin\"><div class=\"wp-block-image is-resized\">\n<figure class=\"aligncenter size-large\"><a href=\"https:\/\/mekruphy.com\/de\/kataloge\/mathematik\" target=\"_blank\" rel=\"noopener\"><img loading=\"lazy\" decoding=\"async\" width=\"1024\" height=\"724\" src=\"https:\/\/mekruphy.com\/de\/wp-content\/uploads\/2022\/05\/Mathe-Katalog21-1024x724.png\" alt=\"Mathematik-Katalog\" class=\"wp-image-6565\" style=\"width:768px\" srcset=\"https:\/\/mekruphy.com\/de\/wp-content\/uploads\/2022\/05\/Mathe-Katalog21-1024x724.png 1024w, https:\/\/mekruphy.com\/de\/wp-content\/uploads\/2022\/05\/Mathe-Katalog21-300x212.png 300w, https:\/\/mekruphy.com\/de\/wp-content\/uploads\/2022\/05\/Mathe-Katalog21-768x543.png 768w, https:\/\/mekruphy.com\/de\/wp-content\/uploads\/2022\/05\/Mathe-Katalog21.png 1123w\" sizes=\"auto, (max-width: 1024px) 100vw, 1024px\" \/><\/a><\/figure>\n<\/div><\/div><\/div>\n\n\n\n<div class=\"wp-block-coblocks-column coblocks-column-42482541374\" style=\"width:50%\"><div class=\"wp-block-coblocks-column__inner has-no-padding has-no-margin\"><div class=\"wp-block-image\">\n<figure class=\"aligncenter size-full is-resized\"><a href=\"https:\/\/mekruphy.com\/de\/kataloge\/biologie\" target=\"_blank\" rel=\"noreferrer noopener\"><img loading=\"lazy\" decoding=\"async\" width=\"768\" height=\"543\" src=\"https:\/\/mekruphy.com\/de\/wp-content\/uploads\/2024\/03\/Katalog_Biologie_2024.png\" alt=\"Biologiekatalog\" class=\"wp-image-8026\" style=\"width:768px\" srcset=\"https:\/\/mekruphy.com\/de\/wp-content\/uploads\/2024\/03\/Katalog_Biologie_2024.png 768w, https:\/\/mekruphy.com\/de\/wp-content\/uploads\/2024\/03\/Katalog_Biologie_2024-300x212.png 300w\" sizes=\"auto, (max-width: 768px) 100vw, 768px\" \/><\/a><\/figure>\n<\/div><\/div><\/div>\n<\/div><\/div>\n\n\n\n<div style=\"height:40px\" aria-hidden=\"true\" class=\"wp-block-spacer\"><\/div>\n\n\n\n<div class=\"wp-block-coblocks-row coblocks-row-42482534150\" data-columns=\"2\" data-layout=\"50-50\"><div class=\"wp-block-coblocks-row__inner has-no-padding has-no-margin is-stacked-on-mobile has-medium-gutter\">\n<div class=\"wp-block-coblocks-column coblocks-column-42482541370\" style=\"width:50%\"><div class=\"wp-block-coblocks-column__inner has-no-padding has-no-margin\"><div class=\"wp-block-image is-resized\">\n<figure class=\"aligncenter size-full\"><a href=\"https:\/\/mekruphy.com\/de\/kataloge\/informatik\/\" target=\"_blank\" rel=\"noopener\"><img loading=\"lazy\" decoding=\"async\" width=\"768\" height=\"543\" src=\"https:\/\/mekruphy.com\/de\/wp-content\/uploads\/2024\/03\/Katalog_Inf_2024.png\" alt=\"\" class=\"wp-image-8027\" style=\"width:768px\" srcset=\"https:\/\/mekruphy.com\/de\/wp-content\/uploads\/2024\/03\/Katalog_Inf_2024.png 768w, https:\/\/mekruphy.com\/de\/wp-content\/uploads\/2024\/03\/Katalog_Inf_2024-300x212.png 300w\" sizes=\"auto, (max-width: 768px) 100vw, 768px\" \/><\/a><\/figure>\n<\/div><\/div><\/div>\n\n\n\n<div class=\"wp-block-coblocks-column coblocks-column-42482541374\" style=\"width:50%\"><div class=\"wp-block-coblocks-column__inner has-no-padding has-no-margin\"><\/div><\/div>\n<\/div><\/div>\n\n\n\n<p>&nbsp; <\/p>\n\n\n\n<div style=\"height:40px\" aria-hidden=\"true\" class=\"wp-block-spacer\"><\/div>\n\n\n\n<p>Sollten Sie dennoch einen gedruckten Fachkatalog ben\u00f6tigen oder Fragen haben, nehmen Sie bitte einfach Kontakt mit uns auf.<\/p>\n\n\n\n<div class=\"wp-block-coblocks-row coblocks-row-11018027433\" data-columns=\"4\" data-layout=\"25-25-25-25\"><div class=\"wp-block-coblocks-row__inner has-no-padding has-margin has-medium-margin is-stacked-on-mobile has-medium-gutter\">\n<div class=\"wp-block-coblocks-column coblocks-column-11018037267\" style=\"width:25%\"><div class=\"wp-block-coblocks-column__inner has-no-padding has-no-margin\">\n<div class=\"wp-block-advgb-button alignright\"><a class=\"wp-block-advgb-button_link advgbbtn-e9621b22-cc88-465c-866f-da313e32e5f4\" href=\"tel:+498441504200\" target=\"_blank\" rel=\"noopener noreferrer\"><span>Rufen Sie uns an!<\/span><\/a><\/div>\n<\/div><\/div>\n\n\n\n<div class=\"wp-block-coblocks-column coblocks-column-11018037269\" style=\"width:25%\"><div class=\"wp-block-coblocks-column__inner has-margin has-no-padding\">\n<div class=\"wp-block-advgb-button align is-style-default\"><a class=\"wp-block-advgb-button_link advgbbtn-6616b87c-8f2e-4b8f-8b9d-236ddb363887\" href=\"https:\/\/mekruphy.com\/de\/#katalog\" target=\"_blank\" rel=\"noopener noreferrer\"><span>Schreiben Sie uns!<\/span><\/a><\/div>\n<\/div><\/div>\n\n\n\n<div class=\"wp-block-coblocks-column coblocks-column-11018037270\" style=\"width:25%\"><div class=\"wp-block-coblocks-column__inner has-no-padding has-no-margin\"><\/div><\/div>\n\n\n\n<div class=\"wp-block-coblocks-column coblocks-column-11018037271\" style=\"width:25%\"><div class=\"wp-block-coblocks-column__inner has-no-padding has-no-margin\"><\/div><\/div>\n<\/div><\/div>\n\n\n\n<p><\/p>\n<style class=\"advgb-styles-renderer\">.advgbbtn-e9621b22-cc88-465c-866f-da313e32e5f4{font-size:16px;color:#fff !important;background-color:#0f9bdd !important;margin:0px 0px 0px 0px !important;padding:8px 30px 8px 30px;border-width:1px !important;border-style:none;border-radius:15px !important;}.advgbbtn-e9621b22-cc88-465c-866f-da313e32e5f4:hover{box-shadow:1px 1px 12px 0px #ccc;opacity:1;transition:all 0.2s ease;}.advgbbtn-e9621b22-cc88-465c-866f-da313e32e5f4 > i {display: none !important;}.advgbbtn-e9621b22-cc88-465c-866f-da313e32e5f4{font-size:16px;color:#fff !important;background-color:#0f9bdd !important;margin:0px 0px 0px 0px !important;padding:8px 30px 8px 30px;border-width:1px !important;border-style:none;border-radius:15px !important;}.advgbbtn-e9621b22-cc88-465c-866f-da313e32e5f4:hover{box-shadow:1px 1px 12px 0px #ccc;opacity:1;transition:all 0.2s ease;}.advgbbtn-e9621b22-cc88-465c-866f-da313e32e5f4 > i {display: none !important;}.advgbbtn-6616b87c-8f2e-4b8f-8b9d-236ddb363887{font-size:16px;color:#fff !important;background-color:#0f9bdd !important;margin:0px 0px 0px 0px !important;padding:8px 30px 8px 30px;border-width:1px !important;border-style:none;border-radius:15px !important;}.advgbbtn-6616b87c-8f2e-4b8f-8b9d-236ddb363887:hover{box-shadow:1px 1px 12px 0px #ccc;opacity:1;transition:all 0.2s ease;}.advgbbtn-6616b87c-8f2e-4b8f-8b9d-236ddb363887 > i {display: none !important;}.advgbbtn-6616b87c-8f2e-4b8f-8b9d-236ddb363887{font-size:16px;color:#fff !important;background-color:#0f9bdd !important;margin:0px 0px 0px 0px !important;padding:8px 30px 8px 30px;border-width:1px !important;border-style:none;border-radius:15px !important;}.advgbbtn-6616b87c-8f2e-4b8f-8b9d-236ddb363887:hover{box-shadow:1px 1px 12px 0px #ccc;opacity:1;transition:all 0.2s ease;}.advgbbtn-6616b87c-8f2e-4b8f-8b9d-236ddb363887 > i {display: none !important;}.advgbbtn-e9621b22-cc88-465c-866f-da313e32e5f4{font-size:16px;color:#fff !important;background-color:#0f9bdd !important;margin:0px 0px 0px 0px !important;padding:8px 30px 8px 30px;border-width:1px !important;border-style:none;border-radius:15px !important;}.advgbbtn-e9621b22-cc88-465c-866f-da313e32e5f4:hover{box-shadow:1px 1px 12px 0px #ccc;opacity:1;transition:all 0.2s ease;}.advgbbtn-e9621b22-cc88-465c-866f-da313e32e5f4 > i {display: none !important;}.advgbbtn-6616b87c-8f2e-4b8f-8b9d-236ddb363887{font-size:16px;color:#fff !important;background-color:#0f9bdd !important;margin:0px 0px 0px 0px !important;padding:8px 30px 8px 30px;border-width:1px !important;border-style:none;border-radius:15px !important;}.advgbbtn-6616b87c-8f2e-4b8f-8b9d-236ddb363887:hover{box-shadow:1px 1px 12px 0px #ccc;opacity:1;transition:all 0.2s ease;}.advgbbtn-6616b87c-8f2e-4b8f-8b9d-236ddb363887 > i {display: none !important;}<\/style>","protected":false},"excerpt":{"rendered":"<p>Wir haben uns 2022 zum Ziel gesetzt, nachhaltiger und digitaler zu werden. Daher finden Sie unsere Kataloge nun auch online. W\u00e4hlen Sie den gew\u00fcnschten Katalog aus und bl\u00e4ttern Sie durch die Katalogseiten oder springen Sie zu Ihrer favorisierten Seite &#8211; ganz wie Sie m\u00f6chten. Kindergarten und Grundschule Sekundarstufe I und II &nbsp; Sollten Sie dennoch [&hellip;]<\/p>\n","protected":false},"author":6,"featured_media":0,"parent":785,"menu_order":1,"comment_status":"closed","ping_status":"closed","template":"","meta":{"_acf_changed":false,"_coblocks_attr":"","_coblocks_dimensions":"","_coblocks_responsive_height":"","_coblocks_accordion_ie_support":"","_eb_attr":"","advgb_blocks_editor_width":"","advgb_blocks_columns_visual_guide":"","footnotes":""},"class_list":["post-6450","page","type-page","status-publish","hentry"],"acf":[],"yoast_head":"<!-- This site is optimized with the Yoast SEO plugin v27.4 - https:\/\/yoast.com\/product\/yoast-seo-wordpress\/ -->\n<title>Kataloge - MEKRUPHY GmbH<\/title>\n<meta name=\"description\" content=\"Hier finden Sie unsere neuen digitalen Kataloge und k\u00f6nnen diese online durchbl\u00e4ttern. Wann und wo immer Sie wollen.\" \/>\n<meta name=\"robots\" content=\"index, follow, max-snippet:-1, max-image-preview:large, max-video-preview:-1\" \/>\n<link rel=\"canonical\" href=\"https:\/\/mekruphy.com\/de\/service\/kataloge\/\" \/>\n<meta property=\"og:locale\" content=\"de_DE\" \/>\n<meta property=\"og:type\" content=\"article\" \/>\n<meta property=\"og:title\" content=\"Kataloge - MEKRUPHY GmbH\" \/>\n<meta property=\"og:description\" content=\"Hier finden Sie unsere neuen digitalen Kataloge und k\u00f6nnen diese online durchbl\u00e4ttern. Wann und wo immer Sie wollen.\" \/>\n<meta property=\"og:url\" content=\"https:\/\/mekruphy.com\/de\/service\/kataloge\/\" \/>\n<meta property=\"og:site_name\" content=\"MEKRUPHY GmbH\" \/>\n<meta property=\"article:modified_time\" content=\"2024-03-15T20:21:16+00:00\" \/>\n<meta property=\"og:image\" content=\"https:\/\/mekruphy.com\/de\/wp-content\/uploads\/2024\/03\/Katalog_Kindergarten_2024.png\" \/>\n<meta name=\"twitter:card\" content=\"summary_large_image\" \/>\n<meta name=\"twitter:label1\" content=\"Gesch\u00e4tzte Lesezeit\" \/>\n\t<meta name=\"twitter:data1\" content=\"2\u00a0Minuten\" \/>\n<script type=\"application\/ld+json\" class=\"yoast-schema-graph\">{\"@context\":\"https:\\\/\\\/schema.org\",\"@graph\":[{\"@type\":\"WebPage\",\"@id\":\"https:\\\/\\\/mekruphy.com\\\/de\\\/service\\\/kataloge\\\/\",\"url\":\"https:\\\/\\\/mekruphy.com\\\/de\\\/service\\\/kataloge\\\/\",\"name\":\"Kataloge - MEKRUPHY GmbH\",\"isPartOf\":{\"@id\":\"https:\\\/\\\/mekruphy.com\\\/de\\\/#website\"},\"primaryImageOfPage\":{\"@id\":\"https:\\\/\\\/mekruphy.com\\\/de\\\/service\\\/kataloge\\\/#primaryimage\"},\"image\":{\"@id\":\"https:\\\/\\\/mekruphy.com\\\/de\\\/service\\\/kataloge\\\/#primaryimage\"},\"thumbnailUrl\":\"https:\\\/\\\/mekruphy.com\\\/de\\\/wp-content\\\/uploads\\\/2024\\\/03\\\/Katalog_Kindergarten_2024.png\",\"datePublished\":\"2022-04-20T07:13:00+00:00\",\"dateModified\":\"2024-03-15T20:21:16+00:00\",\"description\":\"Hier finden Sie unsere neuen digitalen Kataloge und k\u00f6nnen diese online durchbl\u00e4ttern. Wann und wo immer Sie wollen.\",\"breadcrumb\":{\"@id\":\"https:\\\/\\\/mekruphy.com\\\/de\\\/service\\\/kataloge\\\/#breadcrumb\"},\"inLanguage\":\"de\",\"potentialAction\":[{\"@type\":\"ReadAction\",\"target\":[\"https:\\\/\\\/mekruphy.com\\\/de\\\/service\\\/kataloge\\\/\"]}]},{\"@type\":\"ImageObject\",\"inLanguage\":\"de\",\"@id\":\"https:\\\/\\\/mekruphy.com\\\/de\\\/service\\\/kataloge\\\/#primaryimage\",\"url\":\"https:\\\/\\\/mekruphy.com\\\/de\\\/wp-content\\\/uploads\\\/2024\\\/03\\\/Katalog_Kindergarten_2024.png\",\"contentUrl\":\"https:\\\/\\\/mekruphy.com\\\/de\\\/wp-content\\\/uploads\\\/2024\\\/03\\\/Katalog_Kindergarten_2024.png\",\"width\":768,\"height\":543,\"caption\":\"Kindergarten-Katalog\"},{\"@type\":\"BreadcrumbList\",\"@id\":\"https:\\\/\\\/mekruphy.com\\\/de\\\/service\\\/kataloge\\\/#breadcrumb\",\"itemListElement\":[{\"@type\":\"ListItem\",\"position\":1,\"name\":\"Startseite\",\"item\":\"https:\\\/\\\/mekruphy.com\\\/de\\\/\"},{\"@type\":\"ListItem\",\"position\":2,\"name\":\"Service\",\"item\":\"https:\\\/\\\/mekruphy.com\\\/de\\\/service\\\/\"},{\"@type\":\"ListItem\",\"position\":3,\"name\":\"Kataloge\"}]},{\"@type\":\"WebSite\",\"@id\":\"https:\\\/\\\/mekruphy.com\\\/de\\\/#website\",\"url\":\"https:\\\/\\\/mekruphy.com\\\/de\\\/\",\"name\":\"MEKRUPHY GmbH\",\"description\":\"Sch\u00fcler-Experimentierk\u00e4sten f\u00fcr den MINT-Unterricht\",\"potentialAction\":[{\"@type\":\"SearchAction\",\"target\":{\"@type\":\"EntryPoint\",\"urlTemplate\":\"https:\\\/\\\/mekruphy.com\\\/de\\\/?s={search_term_string}\"},\"query-input\":{\"@type\":\"PropertyValueSpecification\",\"valueRequired\":true,\"valueName\":\"search_term_string\"}}],\"inLanguage\":\"de\"}]}<\/script>\n<!-- \/ Yoast SEO plugin. -->","yoast_head_json":{"title":"Kataloge - MEKRUPHY GmbH","description":"Hier finden Sie unsere neuen digitalen Kataloge und k\u00f6nnen diese online durchbl\u00e4ttern. Wann und wo immer Sie wollen.","robots":{"index":"index","follow":"follow","max-snippet":"max-snippet:-1","max-image-preview":"max-image-preview:large","max-video-preview":"max-video-preview:-1"},"canonical":"https:\/\/mekruphy.com\/de\/service\/kataloge\/","og_locale":"de_DE","og_type":"article","og_title":"Kataloge - MEKRUPHY GmbH","og_description":"Hier finden Sie unsere neuen digitalen Kataloge und k\u00f6nnen diese online durchbl\u00e4ttern. Wann und wo immer Sie wollen.","og_url":"https:\/\/mekruphy.com\/de\/service\/kataloge\/","og_site_name":"MEKRUPHY GmbH","article_modified_time":"2024-03-15T20:21:16+00:00","og_image":[{"url":"https:\/\/mekruphy.com\/de\/wp-content\/uploads\/2024\/03\/Katalog_Kindergarten_2024.png","type":"","width":"","height":""}],"twitter_card":"summary_large_image","twitter_misc":{"Gesch\u00e4tzte Lesezeit":"2\u00a0Minuten"},"schema":{"@context":"https:\/\/schema.org","@graph":[{"@type":"WebPage","@id":"https:\/\/mekruphy.com\/de\/service\/kataloge\/","url":"https:\/\/mekruphy.com\/de\/service\/kataloge\/","name":"Kataloge - MEKRUPHY GmbH","isPartOf":{"@id":"https:\/\/mekruphy.com\/de\/#website"},"primaryImageOfPage":{"@id":"https:\/\/mekruphy.com\/de\/service\/kataloge\/#primaryimage"},"image":{"@id":"https:\/\/mekruphy.com\/de\/service\/kataloge\/#primaryimage"},"thumbnailUrl":"https:\/\/mekruphy.com\/de\/wp-content\/uploads\/2024\/03\/Katalog_Kindergarten_2024.png","datePublished":"2022-04-20T07:13:00+00:00","dateModified":"2024-03-15T20:21:16+00:00","description":"Hier finden Sie unsere neuen digitalen Kataloge und k\u00f6nnen diese online durchbl\u00e4ttern. Wann und wo immer Sie wollen.","breadcrumb":{"@id":"https:\/\/mekruphy.com\/de\/service\/kataloge\/#breadcrumb"},"inLanguage":"de","potentialAction":[{"@type":"ReadAction","target":["https:\/\/mekruphy.com\/de\/service\/kataloge\/"]}]},{"@type":"ImageObject","inLanguage":"de","@id":"https:\/\/mekruphy.com\/de\/service\/kataloge\/#primaryimage","url":"https:\/\/mekruphy.com\/de\/wp-content\/uploads\/2024\/03\/Katalog_Kindergarten_2024.png","contentUrl":"https:\/\/mekruphy.com\/de\/wp-content\/uploads\/2024\/03\/Katalog_Kindergarten_2024.png","width":768,"height":543,"caption":"Kindergarten-Katalog"},{"@type":"BreadcrumbList","@id":"https:\/\/mekruphy.com\/de\/service\/kataloge\/#breadcrumb","itemListElement":[{"@type":"ListItem","position":1,"name":"Startseite","item":"https:\/\/mekruphy.com\/de\/"},{"@type":"ListItem","position":2,"name":"Service","item":"https:\/\/mekruphy.com\/de\/service\/"},{"@type":"ListItem","position":3,"name":"Kataloge"}]},{"@type":"WebSite","@id":"https:\/\/mekruphy.com\/de\/#website","url":"https:\/\/mekruphy.com\/de\/","name":"MEKRUPHY GmbH","description":"Sch\u00fcler-Experimentierk\u00e4sten f\u00fcr den MINT-Unterricht","potentialAction":[{"@type":"SearchAction","target":{"@type":"EntryPoint","urlTemplate":"https:\/\/mekruphy.com\/de\/?s={search_term_string}"},"query-input":{"@type":"PropertyValueSpecification","valueRequired":true,"valueName":"search_term_string"}}],"inLanguage":"de"}]}},"coauthors":[],"author_meta":{"author_link":"https:\/\/mekruphy.com\/de\/author\/sabine-kasparek\/","display_name":"Sabine Kasparek"},"relative_dates":{"created":"Ver\u00f6ffentlicht 4\u00a0Jahren vor","modified":"Aktualisiert 2\u00a0Jahren vor"},"absolute_dates":{"created":"Ver\u00f6ffentlicht am 20. April 2022","modified":"Aktualisiert am 15. M\u00e4rz 2024"},"absolute_dates_time":{"created":"Ver\u00f6ffentlicht am 20. April 2022 9:13","modified":"Aktualisiert am 15. M\u00e4rz 2024 21:21"},"featured_img_caption":"","featured_img":false,"series_order":"","_links":{"self":[{"href":"https:\/\/mekruphy.com\/de\/wp-json\/wp\/v2\/pages\/6450","targetHints":{"allow":["GET"]}}],"collection":[{"href":"https:\/\/mekruphy.com\/de\/wp-json\/wp\/v2\/pages"}],"about":[{"href":"https:\/\/mekruphy.com\/de\/wp-json\/wp\/v2\/types\/page"}],"author":[{"embeddable":true,"href":"https:\/\/mekruphy.com\/de\/wp-json\/wp\/v2\/users\/6"}],"replies":[{"embeddable":true,"href":"https:\/\/mekruphy.com\/de\/wp-json\/wp\/v2\/comments?post=6450"}],"version-history":[{"count":42,"href":"https:\/\/mekruphy.com\/de\/wp-json\/wp\/v2\/pages\/6450\/revisions"}],"predecessor-version":[{"id":8066,"href":"https:\/\/mekruphy.com\/de\/wp-json\/wp\/v2\/pages\/6450\/revisions\/8066"}],"up":[{"embeddable":true,"href":"https:\/\/mekruphy.com\/de\/wp-json\/wp\/v2\/pages\/785"}],"wp:attachment":[{"href":"https:\/\/mekruphy.com\/de\/wp-json\/wp\/v2\/media?parent=6450"}],"curies":[{"name":"wp","href":"https:\/\/api.w.org\/{rel}","templated":true}]}}