{"id":665,"date":"2020-07-20T17:28:56","date_gmt":"2020-07-20T15:28:56","guid":{"rendered":"https:\/\/mekruphy.com\/de\/?page_id=665"},"modified":"2020-09-16T10:10:40","modified_gmt":"2020-09-16T08:10:40","slug":"auszeichnungen","status":"publish","type":"page","link":"https:\/\/mekruphy.com\/de\/unternehmen\/auszeichnungen\/","title":{"rendered":"Auszeichnungen"},"content":{"rendered":"\n<h2 class=\"wp-block-heading\">Awards: <\/h2>\n\n\n\n<h3 class=\"wp-block-heading\">Worldidac Award<\/h3>\n\n\n\n<div class=\"wp-block-columns is-layout-flex wp-container-core-columns-is-layout-9d6595d7 wp-block-columns-is-layout-flex\">\n<div class=\"wp-block-column is-layout-flow wp-block-column-is-layout-flow\">\n<figure class=\"wp-block-image size-large\"><img loading=\"lazy\" decoding=\"async\" width=\"1024\" height=\"181\" src=\"https:\/\/mekruphy.com\/de\/wp-content\/uploads\/2020\/07\/logo_wd_award_2014-1024x181.jpg\" alt=\"\" class=\"wp-image-921\" srcset=\"https:\/\/mekruphy.com\/de\/wp-content\/uploads\/2020\/07\/logo_wd_award_2014-1024x181.jpg 1024w, https:\/\/mekruphy.com\/de\/wp-content\/uploads\/2020\/07\/logo_wd_award_2014-300x53.jpg 300w, https:\/\/mekruphy.com\/de\/wp-content\/uploads\/2020\/07\/logo_wd_award_2014-768x136.jpg 768w, https:\/\/mekruphy.com\/de\/wp-content\/uploads\/2020\/07\/logo_wd_award_2014.jpg 1212w\" sizes=\"auto, (max-width: 1024px) 100vw, 1024px\" \/><\/figure>\n<\/div>\n\n\n\n<div class=\"wp-block-column is-layout-flow wp-block-column-is-layout-flow\">\n<p><\/p>\n\n\n\n<p><a href=\"https:\/\/mekruphy.com\/de\/unternehmen\/\">Mekruphy<\/a> gewann in den Jahren 2014 (Sch\u00fclerexperimentiersystem Biologie), 2016 (Sch\u00fclerexperimentiersystem zur Messerfassung \u201eMEKRUPHY ADDESTATION\u201c) und 2018 (Sch\u00fclerexperimentiersystem CHEMIE) jeweils den begehrten internationalen <a aria-label=\"undefined (opens in a new tab)\" href=\"https:\/\/worlddidacaward.org\/\" target=\"_blank\" rel=\"noreferrer noopener\">Worlddidac Award<\/a> f\u00fcr die umfassenden Experimentierk\u00e4sten.<\/p>\n\n\n\n<p>Der Worlddidac Award wird alle zwei Jahre durch die Worlddidac Foundation und die Wordidac Association in Bern (Schweiz) f\u00fcr herausragend innovative, qualitativ hochwertige sowie praxisorientierte Lehrmittel ausgeschrieben und von einer internationalen Experten-Jury vergeben. Weitere Wettbewerbskriterien sind Design, Nachhaltigkeit und didaktischer Wert der Produkte.<\/p>\n<\/div>\n<\/div>\n\n\n\n<h2 class=\"wp-block-heading\">Qualit\u00e4tszertifikate<\/h2>\n\n\n\n<h3 class=\"wp-block-heading\">Worlddidac Quality Charter (WQC)<\/h3>\n\n\n\n<div class=\"wp-block-columns is-layout-flex wp-container-core-columns-is-layout-9d6595d7 wp-block-columns-is-layout-flex\">\n<div class=\"wp-block-column is-layout-flow wp-block-column-is-layout-flow\">\n<figure class=\"wp-block-image size-large\"><img loading=\"lazy\" decoding=\"async\" width=\"822\" height=\"822\" src=\"https:\/\/mekruphy.com\/de\/wp-content\/uploads\/2020\/07\/WQC_Logo.png\" alt=\"\" class=\"wp-image-884\" srcset=\"https:\/\/mekruphy.com\/de\/wp-content\/uploads\/2020\/07\/WQC_Logo.png 822w, https:\/\/mekruphy.com\/de\/wp-content\/uploads\/2020\/07\/WQC_Logo-300x300.png 300w, https:\/\/mekruphy.com\/de\/wp-content\/uploads\/2020\/07\/WQC_Logo-150x150.png 150w, https:\/\/mekruphy.com\/de\/wp-content\/uploads\/2020\/07\/WQC_Logo-768x768.png 768w\" sizes=\"auto, (max-width: 822px) 100vw, 822px\" \/><\/figure>\n<\/div>\n\n\n\n<div class=\"wp-block-column is-layout-flow wp-block-column-is-layout-flow\">\n<p><\/p>\n\n\n\n<p><\/p>\n\n\n\n<p>Im Oktober 2006 erhielt Mekruphy erstmals den <a href=\"https:\/\/worlddidac.org\/\">Worlddidac Quality Charter<\/a>. Das Zertifikat wird vom Worlddidac-Verband in enger Zusammenarbeit mit der UNESCO und der Weltbank vergeben und unterliegt strengen Kriterien.<\/p>\n\n\n\n<p>WQC-zertifizierte Unternehmen m\u00fcssen \u00fcber ein hervorragendes Management verf\u00fcgen, qualitativ und p\u00e4dagogisch hochwertige Produkte herstellen und eine exzellente Kundenbetreuung gew\u00e4hrleisten. <\/p>\n<\/div>\n<\/div>\n\n\n\n<h3 class=\"wp-block-heading\">Seal of Quality<\/h3>\n\n\n\n<div class=\"wp-block-columns is-layout-flex wp-container-core-columns-is-layout-9d6595d7 wp-block-columns-is-layout-flex\">\n<div class=\"wp-block-column is-layout-flow wp-block-column-is-layout-flow\">\n<figure class=\"wp-block-image size-large\"><img loading=\"lazy\" decoding=\"async\" width=\"723\" height=\"1024\" src=\"https:\/\/mekruphy.com\/de\/wp-content\/uploads\/2020\/07\/WDFSealOfQuality-723x1024.png\" alt=\"\" class=\"wp-image-883\" srcset=\"https:\/\/mekruphy.com\/de\/wp-content\/uploads\/2020\/07\/WDFSealOfQuality-723x1024.png 723w, https:\/\/mekruphy.com\/de\/wp-content\/uploads\/2020\/07\/WDFSealOfQuality-212x300.png 212w, https:\/\/mekruphy.com\/de\/wp-content\/uploads\/2020\/07\/WDFSealOfQuality-768x1087.png 768w, https:\/\/mekruphy.com\/de\/wp-content\/uploads\/2020\/07\/WDFSealOfQuality.png 876w\" sizes=\"auto, (max-width: 723px) 100vw, 723px\" \/><\/figure>\n<\/div>\n\n\n\n<div class=\"wp-block-column is-layout-flow wp-block-column-is-layout-flow\">\n<p><\/p>\n\n\n\n<p><\/p>\n\n\n\n<p>F\u00fcr herausragende p\u00e4dagogische Leistung und exzellente Qualit\u00e4t der Materialien wurde der Experimentiersatz Grundschule im Juni 2008 mit dem Qualit\u00e4tssiegel \u201eSeal of Quality\u201c des internationalen Worlddidac-Verbandes ausgezeichnet. Insbesondere werden hiermit Sicherheit, Umweltvertr\u00e4glichkeit, Service und Kundenbetreuung sowie der Bildungsmehrwert gew\u00fcrdigt.<\/p>\n<\/div>\n<\/div>\n\n\n\n<hr class=\"wp-block-separator has-text-color has-background has-white-background-color has-white-color\"\/>\n\n\n\n<div class=\"wp-block-group has-medium-padding\"><div class=\"wp-block-group__inner-container is-layout-flow wp-block-group-is-layout-flow\"><\/div><\/div>\n","protected":false},"excerpt":{"rendered":"<p>Awards: Worldidac Award Mekruphy gewann in den Jahren 2014 (Sch\u00fclerexperimentiersystem Biologie), 2016 (Sch\u00fclerexperimentiersystem zur Messerfassung \u201eMEKRUPHY ADDESTATION\u201c) und 2018 (Sch\u00fclerexperimentiersystem CHEMIE) jeweils den begehrten internationalen Worlddidac Award f\u00fcr die umfassenden Experimentierk\u00e4sten. Der Worlddidac Award wird alle zwei Jahre durch die Worlddidac Foundation und die Wordidac Association in Bern (Schweiz) f\u00fcr herausragend innovative, qualitativ hochwertige sowie [&hellip;]<\/p>\n","protected":false},"author":1,"featured_media":2159,"parent":81,"menu_order":0,"comment_status":"closed","ping_status":"closed","template":"templates\/50-50-background.php","meta":{"_acf_changed":false,"_coblocks_attr":"","_coblocks_dimensions":"","_coblocks_responsive_height":"","_coblocks_accordion_ie_support":"","_eb_attr":"","advgb_blocks_editor_width":"","advgb_blocks_columns_visual_guide":"","footnotes":""},"class_list":["post-665","page","type-page","status-publish","has-post-thumbnail","hentry"],"acf":[],"yoast_head":"<!-- This site is optimized with the Yoast SEO plugin v27.4 - https:\/\/yoast.com\/product\/yoast-seo-wordpress\/ -->\n<title>Auszeichnungen - MEKRUPHY GmbH<\/title>\n<meta name=\"robots\" content=\"index, follow, max-snippet:-1, max-image-preview:large, max-video-preview:-1\" \/>\n<link rel=\"canonical\" href=\"https:\/\/mekruphy.com\/de\/unternehmen\/auszeichnungen\/\" \/>\n<meta property=\"og:locale\" content=\"de_DE\" \/>\n<meta property=\"og:type\" content=\"article\" \/>\n<meta property=\"og:title\" content=\"Auszeichnungen - MEKRUPHY GmbH\" \/>\n<meta property=\"og:description\" content=\"Awards: Worldidac Award Mekruphy gewann in den Jahren 2014 (Sch\u00fclerexperimentiersystem Biologie), 2016 (Sch\u00fclerexperimentiersystem zur Messerfassung \u201eMEKRUPHY ADDESTATION\u201c) und 2018 (Sch\u00fclerexperimentiersystem CHEMIE) jeweils den begehrten internationalen Worlddidac Award f\u00fcr die umfassenden Experimentierk\u00e4sten. Der Worlddidac Award wird alle zwei Jahre durch die Worlddidac Foundation und die Wordidac Association in Bern (Schweiz) f\u00fcr herausragend innovative, qualitativ hochwertige sowie [&hellip;]\" \/>\n<meta property=\"og:url\" content=\"https:\/\/mekruphy.com\/de\/unternehmen\/auszeichnungen\/\" \/>\n<meta property=\"og:site_name\" content=\"MEKRUPHY GmbH\" \/>\n<meta property=\"article:modified_time\" content=\"2020-09-16T08:10:40+00:00\" \/>\n<meta property=\"og:image\" content=\"https:\/\/mekruphy.com\/de\/wp-content\/uploads\/2020\/07\/Awards_klein.jpg\" \/>\n\t<meta property=\"og:image:width\" content=\"2303\" \/>\n\t<meta property=\"og:image:height\" content=\"1535\" \/>\n\t<meta property=\"og:image:type\" content=\"image\/jpeg\" \/>\n<meta name=\"twitter:card\" content=\"summary_large_image\" \/>\n<meta name=\"twitter:label1\" content=\"Gesch\u00e4tzte Lesezeit\" \/>\n\t<meta name=\"twitter:data1\" content=\"1\u00a0Minute\" \/>\n<script type=\"application\/ld+json\" class=\"yoast-schema-graph\">{\"@context\":\"https:\\\/\\\/schema.org\",\"@graph\":[{\"@type\":\"WebPage\",\"@id\":\"https:\\\/\\\/mekruphy.com\\\/de\\\/unternehmen\\\/auszeichnungen\\\/\",\"url\":\"https:\\\/\\\/mekruphy.com\\\/de\\\/unternehmen\\\/auszeichnungen\\\/\",\"name\":\"Auszeichnungen - MEKRUPHY GmbH\",\"isPartOf\":{\"@id\":\"https:\\\/\\\/mekruphy.com\\\/de\\\/#website\"},\"primaryImageOfPage\":{\"@id\":\"https:\\\/\\\/mekruphy.com\\\/de\\\/unternehmen\\\/auszeichnungen\\\/#primaryimage\"},\"image\":{\"@id\":\"https:\\\/\\\/mekruphy.com\\\/de\\\/unternehmen\\\/auszeichnungen\\\/#primaryimage\"},\"thumbnailUrl\":\"https:\\\/\\\/mekruphy.com\\\/de\\\/wp-content\\\/uploads\\\/2020\\\/07\\\/Awards_klein.jpg\",\"datePublished\":\"2020-07-20T15:28:56+00:00\",\"dateModified\":\"2020-09-16T08:10:40+00:00\",\"breadcrumb\":{\"@id\":\"https:\\\/\\\/mekruphy.com\\\/de\\\/unternehmen\\\/auszeichnungen\\\/#breadcrumb\"},\"inLanguage\":\"de\",\"potentialAction\":[{\"@type\":\"ReadAction\",\"target\":[\"https:\\\/\\\/mekruphy.com\\\/de\\\/unternehmen\\\/auszeichnungen\\\/\"]}]},{\"@type\":\"ImageObject\",\"inLanguage\":\"de\",\"@id\":\"https:\\\/\\\/mekruphy.com\\\/de\\\/unternehmen\\\/auszeichnungen\\\/#primaryimage\",\"url\":\"https:\\\/\\\/mekruphy.com\\\/de\\\/wp-content\\\/uploads\\\/2020\\\/07\\\/Awards_klein.jpg\",\"contentUrl\":\"https:\\\/\\\/mekruphy.com\\\/de\\\/wp-content\\\/uploads\\\/2020\\\/07\\\/Awards_klein.jpg\",\"width\":2303,\"height\":1535},{\"@type\":\"BreadcrumbList\",\"@id\":\"https:\\\/\\\/mekruphy.com\\\/de\\\/unternehmen\\\/auszeichnungen\\\/#breadcrumb\",\"itemListElement\":[{\"@type\":\"ListItem\",\"position\":1,\"name\":\"Startseite\",\"item\":\"https:\\\/\\\/mekruphy.com\\\/de\\\/\"},{\"@type\":\"ListItem\",\"position\":2,\"name\":\"Unternehmen\",\"item\":\"https:\\\/\\\/mekruphy.com\\\/de\\\/unternehmen\\\/\"},{\"@type\":\"ListItem\",\"position\":3,\"name\":\"Auszeichnungen\"}]},{\"@type\":\"WebSite\",\"@id\":\"https:\\\/\\\/mekruphy.com\\\/de\\\/#website\",\"url\":\"https:\\\/\\\/mekruphy.com\\\/de\\\/\",\"name\":\"MEKRUPHY GmbH\",\"description\":\"Sch\u00fcler-Experimentierk\u00e4sten f\u00fcr den MINT-Unterricht\",\"potentialAction\":[{\"@type\":\"SearchAction\",\"target\":{\"@type\":\"EntryPoint\",\"urlTemplate\":\"https:\\\/\\\/mekruphy.com\\\/de\\\/?s={search_term_string}\"},\"query-input\":{\"@type\":\"PropertyValueSpecification\",\"valueRequired\":true,\"valueName\":\"search_term_string\"}}],\"inLanguage\":\"de\"}]}<\/script>\n<!-- \/ Yoast SEO plugin. -->","yoast_head_json":{"title":"Auszeichnungen - MEKRUPHY GmbH","robots":{"index":"index","follow":"follow","max-snippet":"max-snippet:-1","max-image-preview":"max-image-preview:large","max-video-preview":"max-video-preview:-1"},"canonical":"https:\/\/mekruphy.com\/de\/unternehmen\/auszeichnungen\/","og_locale":"de_DE","og_type":"article","og_title":"Auszeichnungen - MEKRUPHY GmbH","og_description":"Awards: Worldidac Award Mekruphy gewann in den Jahren 2014 (Sch\u00fclerexperimentiersystem Biologie), 2016 (Sch\u00fclerexperimentiersystem zur Messerfassung \u201eMEKRUPHY ADDESTATION\u201c) und 2018 (Sch\u00fclerexperimentiersystem CHEMIE) jeweils den begehrten internationalen Worlddidac Award f\u00fcr die umfassenden Experimentierk\u00e4sten. Der Worlddidac Award wird alle zwei Jahre durch die Worlddidac Foundation und die Wordidac Association in Bern (Schweiz) f\u00fcr herausragend innovative, qualitativ hochwertige sowie [&hellip;]","og_url":"https:\/\/mekruphy.com\/de\/unternehmen\/auszeichnungen\/","og_site_name":"MEKRUPHY GmbH","article_modified_time":"2020-09-16T08:10:40+00:00","og_image":[{"width":2303,"height":1535,"url":"https:\/\/mekruphy.com\/de\/wp-content\/uploads\/2020\/07\/Awards_klein.jpg","type":"image\/jpeg"}],"twitter_card":"summary_large_image","twitter_misc":{"Gesch\u00e4tzte Lesezeit":"1\u00a0Minute"},"schema":{"@context":"https:\/\/schema.org","@graph":[{"@type":"WebPage","@id":"https:\/\/mekruphy.com\/de\/unternehmen\/auszeichnungen\/","url":"https:\/\/mekruphy.com\/de\/unternehmen\/auszeichnungen\/","name":"Auszeichnungen - MEKRUPHY GmbH","isPartOf":{"@id":"https:\/\/mekruphy.com\/de\/#website"},"primaryImageOfPage":{"@id":"https:\/\/mekruphy.com\/de\/unternehmen\/auszeichnungen\/#primaryimage"},"image":{"@id":"https:\/\/mekruphy.com\/de\/unternehmen\/auszeichnungen\/#primaryimage"},"thumbnailUrl":"https:\/\/mekruphy.com\/de\/wp-content\/uploads\/2020\/07\/Awards_klein.jpg","datePublished":"2020-07-20T15:28:56+00:00","dateModified":"2020-09-16T08:10:40+00:00","breadcrumb":{"@id":"https:\/\/mekruphy.com\/de\/unternehmen\/auszeichnungen\/#breadcrumb"},"inLanguage":"de","potentialAction":[{"@type":"ReadAction","target":["https:\/\/mekruphy.com\/de\/unternehmen\/auszeichnungen\/"]}]},{"@type":"ImageObject","inLanguage":"de","@id":"https:\/\/mekruphy.com\/de\/unternehmen\/auszeichnungen\/#primaryimage","url":"https:\/\/mekruphy.com\/de\/wp-content\/uploads\/2020\/07\/Awards_klein.jpg","contentUrl":"https:\/\/mekruphy.com\/de\/wp-content\/uploads\/2020\/07\/Awards_klein.jpg","width":2303,"height":1535},{"@type":"BreadcrumbList","@id":"https:\/\/mekruphy.com\/de\/unternehmen\/auszeichnungen\/#breadcrumb","itemListElement":[{"@type":"ListItem","position":1,"name":"Startseite","item":"https:\/\/mekruphy.com\/de\/"},{"@type":"ListItem","position":2,"name":"Unternehmen","item":"https:\/\/mekruphy.com\/de\/unternehmen\/"},{"@type":"ListItem","position":3,"name":"Auszeichnungen"}]},{"@type":"WebSite","@id":"https:\/\/mekruphy.com\/de\/#website","url":"https:\/\/mekruphy.com\/de\/","name":"MEKRUPHY GmbH","description":"Sch\u00fcler-Experimentierk\u00e4sten f\u00fcr den MINT-Unterricht","potentialAction":[{"@type":"SearchAction","target":{"@type":"EntryPoint","urlTemplate":"https:\/\/mekruphy.com\/de\/?s={search_term_string}"},"query-input":{"@type":"PropertyValueSpecification","valueRequired":true,"valueName":"search_term_string"}}],"inLanguage":"de"}]}},"coauthors":[],"author_meta":{"author_link":"https:\/\/mekruphy.com\/de\/author\/mwbsca\/","display_name":"mwbscA"},"relative_dates":{"created":"Ver\u00f6ffentlicht 6\u00a0Jahren vor","modified":"Aktualisiert 6\u00a0Jahren vor"},"absolute_dates":{"created":"Ver\u00f6ffentlicht am 20. Juli 2020","modified":"Aktualisiert am 16. September 2020"},"absolute_dates_time":{"created":"Ver\u00f6ffentlicht am 20. Juli 2020 17:28","modified":"Aktualisiert am 16. September 2020 10:10"},"featured_img_caption":"","featured_img":"https:\/\/mekruphy.com\/de\/wp-content\/uploads\/2020\/07\/Awards_klein.jpg","series_order":"","_links":{"self":[{"href":"https:\/\/mekruphy.com\/de\/wp-json\/wp\/v2\/pages\/665","targetHints":{"allow":["GET"]}}],"collection":[{"href":"https:\/\/mekruphy.com\/de\/wp-json\/wp\/v2\/pages"}],"about":[{"href":"https:\/\/mekruphy.com\/de\/wp-json\/wp\/v2\/types\/page"}],"author":[{"embeddable":true,"href":"https:\/\/mekruphy.com\/de\/wp-json\/wp\/v2\/users\/1"}],"replies":[{"embeddable":true,"href":"https:\/\/mekruphy.com\/de\/wp-json\/wp\/v2\/comments?post=665"}],"version-history":[{"count":17,"href":"https:\/\/mekruphy.com\/de\/wp-json\/wp\/v2\/pages\/665\/revisions"}],"predecessor-version":[{"id":2630,"href":"https:\/\/mekruphy.com\/de\/wp-json\/wp\/v2\/pages\/665\/revisions\/2630"}],"up":[{"embeddable":true,"href":"https:\/\/mekruphy.com\/de\/wp-json\/wp\/v2\/pages\/81"}],"wp:featuredmedia":[{"embeddable":true,"href":"https:\/\/mekruphy.com\/de\/wp-json\/wp\/v2\/media\/2159"}],"wp:attachment":[{"href":"https:\/\/mekruphy.com\/de\/wp-json\/wp\/v2\/media?parent=665"}],"curies":[{"name":"wp","href":"https:\/\/api.w.org\/{rel}","templated":true}]}}