{"id":7053,"date":"2023-03-02T10:59:00","date_gmt":"2023-03-02T09:59:00","guid":{"rendered":"https:\/\/mekruphy.com\/de\/?page_id=7053"},"modified":"2023-03-02T17:21:41","modified_gmt":"2023-03-02T16:21:41","slug":"millikan-thomson","status":"publish","type":"page","link":"https:\/\/mekruphy.com\/de\/produkte\/physik\/millikan-thomson\/","title":{"rendered":"Millikan-Experiment \/ Thomson-Experiment"},"content":{"rendered":"<div class=\"yoast-breadcrumbs breadcrumbs\"><span><span><a href=\"https:\/\/mekruphy.com\/de\/\">Startseite<\/a><\/span> \u00bb <span><a href=\"https:\/\/mekruphy.com\/de\/produkte\/\">Produkte<\/a><\/span> \u00bb <span><a href=\"https:\/\/mekruphy.com\/de\/produkte\/physik\/\">Physik<\/a><\/span> \u00bb <span class=\"breadcrumb_last\" aria-current=\"page\">Millikan-Experiment \/ Thomson-Experiment<\/span><\/span><\/div>\n\n\n<h2 class=\"wp-block-heading\" id=\"h-physik-des-elektrons\">Physik des Elektrons<\/h2>\n\n\n\n<h3 class=\"wp-block-heading\">Millikan-Experiment und Thomson-Experiment als Kompaktger\u00e4te<\/h3>\n\n\n\n<p>Folgende beiden historische Experimente trugen wesentlich zum grundlegenden Verst\u00e4ndnis der Physik des Elektrons bei:<\/p>\n\n\n\n<ul class=\"wp-block-list\">\n<li>die Bestimmung der Elementarladung <em>e<\/em> und <\/li>\n\n\n\n<li>das Verh\u00e4ltnis von Ladung zur Masse des Elektrons <em>e\/m<\/em>, d.h. die spezifische Elementarladung.<\/li>\n<\/ul>\n\n\n\n<p class=\"mb-1\">Daher geh\u00f6ren diese beiden Versuche auch heute noch zu den \u201eKlassikern\u201c der Oberstufen-Physik.<\/p>\n\n\n\n<p class=\"mb-1\">Doch was fr\u00fcher mehrere getrennte Apparaturen und aufw\u00e4ndige Aufbauten erforderte, ist dank intelligent konzipierter Kompaktger\u00e4te nun auch im Sch\u00fclerexperiment m\u00fchelos praktikabel. Moderne Sensortechnik, von der <a href=\"https:\/\/www.nobelprize.org\/prizes\/physics\/1923\/millikan\/facts\/\" target=\"_blank\" rel=\"noreferrer noopener\">Robert A. Millikan<\/a> und <a href=\"https:\/\/www.nobelprize.org\/prizes\/physics\/1906\/thomson\/facts\/\" target=\"_blank\" rel=\"noreferrer noopener\">Joseph J. Thomson<\/a> zur Zeit ihrer wegweisenden Entdeckungen nur tr\u00e4umen konnten, erm\u00f6glicht die Bestimmung wichtiger Parameter m\u00fchelos im Hintergrund.<\/p>\n\n\n\n<p class=\"mb-1\">Unsere sch\u00fclergerechten, unkompliziert zu bedienenden Ger\u00e4te erlauben sehr pr\u00e4zise Messungen. Damit werden das <a href=\"https:\/\/mekruphy.com\/de\/produkte\/physik\/millikan-thomson\/experimentiersatz-millikan\/\">MILLIKAN-Experiment<\/a> und das <a href=\"https:\/\/mekruphy.com\/de\/produkte\/physik\/millikan-thomson\/thomson-experiment\/\">THOMSON-Experiment<\/a>, die bisher dem Demonstrationsunterricht vorbehalten waren, jetzt endlich auch f\u00fcr die Sch\u00fclerhand verf\u00fcgbar und erschwinglich.<\/p>\n\n\n\n<p class=\"mb-1\">In dieses Themengebiet geh\u00f6rt auch der Photoelektrische Effekt (Planck&#8217;sches Wirkungsquantum) \u2192 <a href=\"https:\/\/mekruphy.com\/de\/produkte\/physik\/optik\/experimentiersatz-h-bestimmung\/\">Experimentiersatz h-BESTIMMUNG<\/a>.<\/p>\n\n\n\n<p> <\/p>\n","protected":false},"excerpt":{"rendered":"<p>Physik des Elektrons Millikan-Experiment und Thomson-Experiment als Kompaktger\u00e4te Folgende beiden historische Experimente trugen wesentlich zum grundlegenden Verst\u00e4ndnis der Physik des Elektrons bei: Daher geh\u00f6ren diese beiden Versuche auch heute noch zu den \u201eKlassikern\u201c der Oberstufen-Physik. Doch was fr\u00fcher mehrere getrennte Apparaturen und aufw\u00e4ndige Aufbauten erforderte, ist dank intelligent konzipierter Kompaktger\u00e4te nun auch im Sch\u00fclerexperiment m\u00fchelos [&hellip;]<\/p>\n","protected":false},"author":6,"featured_media":0,"parent":612,"menu_order":0,"comment_status":"closed","ping_status":"closed","template":"templates\/productcategory.php","meta":{"_acf_changed":false,"_coblocks_attr":"","_coblocks_dimensions":"","_coblocks_responsive_height":"","_coblocks_accordion_ie_support":"","_eb_attr":"","advgb_blocks_editor_width":"","advgb_blocks_columns_visual_guide":"","footnotes":""},"class_list":["post-7053","page","type-page","status-publish","hentry"],"acf":[],"yoast_head":"<!-- This site is optimized with the Yoast SEO plugin v27.5 - https:\/\/yoast.com\/product\/yoast-seo-wordpress\/ -->\n<title>Millikan-Experiment \/ Thomson-Experiment - MEKRUPHY GmbH<\/title>\n<meta name=\"description\" content=\"Mit den beiden MEKRUPHY Experimentiers\u00e4tzen k\u00f6nnen die Sch\u00fcler:innen in der Oberstufe, die Experimente von Millikan und Thomson selbst entdecken.\" \/>\n<meta name=\"robots\" content=\"index, follow, max-snippet:-1, max-image-preview:large, max-video-preview:-1\" \/>\n<link rel=\"canonical\" href=\"https:\/\/mekruphy.com\/de\/produkte\/physik\/millikan-thomson\/\" \/>\n<meta property=\"og:locale\" content=\"de_DE\" \/>\n<meta property=\"og:type\" content=\"article\" \/>\n<meta property=\"og:title\" content=\"Millikan-Experiment \/ Thomson-Experiment - MEKRUPHY GmbH\" \/>\n<meta property=\"og:description\" content=\"Mit den beiden MEKRUPHY Experimentiers\u00e4tzen k\u00f6nnen die Sch\u00fcler:innen in der Oberstufe, die Experimente von Millikan und Thomson selbst entdecken.\" \/>\n<meta property=\"og:url\" content=\"https:\/\/mekruphy.com\/de\/produkte\/physik\/millikan-thomson\/\" \/>\n<meta property=\"og:site_name\" content=\"MEKRUPHY GmbH\" \/>\n<meta property=\"article:modified_time\" content=\"2023-03-02T16:21:41+00:00\" \/>\n<meta name=\"twitter:card\" content=\"summary_large_image\" \/>\n<meta name=\"twitter:label1\" content=\"Gesch\u00e4tzte Lesezeit\" \/>\n\t<meta name=\"twitter:data1\" content=\"1\u00a0Minute\" \/>\n<script type=\"application\/ld+json\" class=\"yoast-schema-graph\">{\"@context\":\"https:\\\/\\\/schema.org\",\"@graph\":[{\"@type\":\"WebPage\",\"@id\":\"https:\\\/\\\/mekruphy.com\\\/de\\\/produkte\\\/physik\\\/millikan-thomson\\\/\",\"url\":\"https:\\\/\\\/mekruphy.com\\\/de\\\/produkte\\\/physik\\\/millikan-thomson\\\/\",\"name\":\"Millikan-Experiment \\\/ Thomson-Experiment - MEKRUPHY GmbH\",\"isPartOf\":{\"@id\":\"https:\\\/\\\/mekruphy.com\\\/de\\\/#website\"},\"datePublished\":\"2023-03-02T09:59:00+00:00\",\"dateModified\":\"2023-03-02T16:21:41+00:00\",\"description\":\"Mit den beiden MEKRUPHY Experimentiers\u00e4tzen k\u00f6nnen die Sch\u00fcler:innen in der Oberstufe, die Experimente von Millikan und Thomson selbst entdecken.\",\"breadcrumb\":{\"@id\":\"https:\\\/\\\/mekruphy.com\\\/de\\\/produkte\\\/physik\\\/millikan-thomson\\\/#breadcrumb\"},\"inLanguage\":\"de\",\"potentialAction\":[{\"@type\":\"ReadAction\",\"target\":[\"https:\\\/\\\/mekruphy.com\\\/de\\\/produkte\\\/physik\\\/millikan-thomson\\\/\"]}]},{\"@type\":\"BreadcrumbList\",\"@id\":\"https:\\\/\\\/mekruphy.com\\\/de\\\/produkte\\\/physik\\\/millikan-thomson\\\/#breadcrumb\",\"itemListElement\":[{\"@type\":\"ListItem\",\"position\":1,\"name\":\"Startseite\",\"item\":\"https:\\\/\\\/mekruphy.com\\\/de\\\/\"},{\"@type\":\"ListItem\",\"position\":2,\"name\":\"Produkte\",\"item\":\"https:\\\/\\\/mekruphy.com\\\/de\\\/produkte\\\/\"},{\"@type\":\"ListItem\",\"position\":3,\"name\":\"Physik\",\"item\":\"https:\\\/\\\/mekruphy.com\\\/de\\\/produkte\\\/physik\\\/\"},{\"@type\":\"ListItem\",\"position\":4,\"name\":\"Millikan-Experiment \\\/ Thomson-Experiment\"}]},{\"@type\":\"WebSite\",\"@id\":\"https:\\\/\\\/mekruphy.com\\\/de\\\/#website\",\"url\":\"https:\\\/\\\/mekruphy.com\\\/de\\\/\",\"name\":\"MEKRUPHY GmbH\",\"description\":\"Sch\u00fcler-Experimentierk\u00e4sten f\u00fcr den MINT-Unterricht\",\"potentialAction\":[{\"@type\":\"SearchAction\",\"target\":{\"@type\":\"EntryPoint\",\"urlTemplate\":\"https:\\\/\\\/mekruphy.com\\\/de\\\/?s={search_term_string}\"},\"query-input\":{\"@type\":\"PropertyValueSpecification\",\"valueRequired\":true,\"valueName\":\"search_term_string\"}}],\"inLanguage\":\"de\"}]}<\/script>\n<!-- \/ Yoast SEO plugin. -->","yoast_head_json":{"title":"Millikan-Experiment \/ Thomson-Experiment - MEKRUPHY GmbH","description":"Mit den beiden MEKRUPHY Experimentiers\u00e4tzen k\u00f6nnen die Sch\u00fcler:innen in der Oberstufe, die Experimente von Millikan und Thomson selbst entdecken.","robots":{"index":"index","follow":"follow","max-snippet":"max-snippet:-1","max-image-preview":"max-image-preview:large","max-video-preview":"max-video-preview:-1"},"canonical":"https:\/\/mekruphy.com\/de\/produkte\/physik\/millikan-thomson\/","og_locale":"de_DE","og_type":"article","og_title":"Millikan-Experiment \/ Thomson-Experiment - MEKRUPHY GmbH","og_description":"Mit den beiden MEKRUPHY Experimentiers\u00e4tzen k\u00f6nnen die Sch\u00fcler:innen in der Oberstufe, die Experimente von Millikan und Thomson selbst entdecken.","og_url":"https:\/\/mekruphy.com\/de\/produkte\/physik\/millikan-thomson\/","og_site_name":"MEKRUPHY GmbH","article_modified_time":"2023-03-02T16:21:41+00:00","twitter_card":"summary_large_image","twitter_misc":{"Gesch\u00e4tzte Lesezeit":"1\u00a0Minute"},"schema":{"@context":"https:\/\/schema.org","@graph":[{"@type":"WebPage","@id":"https:\/\/mekruphy.com\/de\/produkte\/physik\/millikan-thomson\/","url":"https:\/\/mekruphy.com\/de\/produkte\/physik\/millikan-thomson\/","name":"Millikan-Experiment \/ Thomson-Experiment - MEKRUPHY GmbH","isPartOf":{"@id":"https:\/\/mekruphy.com\/de\/#website"},"datePublished":"2023-03-02T09:59:00+00:00","dateModified":"2023-03-02T16:21:41+00:00","description":"Mit den beiden MEKRUPHY Experimentiers\u00e4tzen k\u00f6nnen die Sch\u00fcler:innen in der Oberstufe, die Experimente von Millikan und Thomson selbst entdecken.","breadcrumb":{"@id":"https:\/\/mekruphy.com\/de\/produkte\/physik\/millikan-thomson\/#breadcrumb"},"inLanguage":"de","potentialAction":[{"@type":"ReadAction","target":["https:\/\/mekruphy.com\/de\/produkte\/physik\/millikan-thomson\/"]}]},{"@type":"BreadcrumbList","@id":"https:\/\/mekruphy.com\/de\/produkte\/physik\/millikan-thomson\/#breadcrumb","itemListElement":[{"@type":"ListItem","position":1,"name":"Startseite","item":"https:\/\/mekruphy.com\/de\/"},{"@type":"ListItem","position":2,"name":"Produkte","item":"https:\/\/mekruphy.com\/de\/produkte\/"},{"@type":"ListItem","position":3,"name":"Physik","item":"https:\/\/mekruphy.com\/de\/produkte\/physik\/"},{"@type":"ListItem","position":4,"name":"Millikan-Experiment \/ Thomson-Experiment"}]},{"@type":"WebSite","@id":"https:\/\/mekruphy.com\/de\/#website","url":"https:\/\/mekruphy.com\/de\/","name":"MEKRUPHY GmbH","description":"Sch\u00fcler-Experimentierk\u00e4sten f\u00fcr den MINT-Unterricht","potentialAction":[{"@type":"SearchAction","target":{"@type":"EntryPoint","urlTemplate":"https:\/\/mekruphy.com\/de\/?s={search_term_string}"},"query-input":{"@type":"PropertyValueSpecification","valueRequired":true,"valueName":"search_term_string"}}],"inLanguage":"de"}]}},"coauthors":[],"author_meta":{"author_link":"https:\/\/mekruphy.com\/de\/author\/sabine-kasparek\/","display_name":"Sabine Kasparek"},"relative_dates":{"created":"Ver\u00f6ffentlicht 3\u00a0Jahren vor","modified":"Aktualisiert 3\u00a0Jahren vor"},"absolute_dates":{"created":"Ver\u00f6ffentlicht am 2. M\u00e4rz 2023","modified":"Aktualisiert am 2. M\u00e4rz 2023"},"absolute_dates_time":{"created":"Ver\u00f6ffentlicht am 2. M\u00e4rz 2023 10:59","modified":"Aktualisiert am 2. M\u00e4rz 2023 17:21"},"featured_img_caption":"","featured_img":false,"series_order":"","_links":{"self":[{"href":"https:\/\/mekruphy.com\/de\/wp-json\/wp\/v2\/pages\/7053","targetHints":{"allow":["GET"]}}],"collection":[{"href":"https:\/\/mekruphy.com\/de\/wp-json\/wp\/v2\/pages"}],"about":[{"href":"https:\/\/mekruphy.com\/de\/wp-json\/wp\/v2\/types\/page"}],"author":[{"embeddable":true,"href":"https:\/\/mekruphy.com\/de\/wp-json\/wp\/v2\/users\/6"}],"replies":[{"embeddable":true,"href":"https:\/\/mekruphy.com\/de\/wp-json\/wp\/v2\/comments?post=7053"}],"version-history":[{"count":12,"href":"https:\/\/mekruphy.com\/de\/wp-json\/wp\/v2\/pages\/7053\/revisions"}],"predecessor-version":[{"id":7132,"href":"https:\/\/mekruphy.com\/de\/wp-json\/wp\/v2\/pages\/7053\/revisions\/7132"}],"up":[{"embeddable":true,"href":"https:\/\/mekruphy.com\/de\/wp-json\/wp\/v2\/pages\/612"}],"wp:attachment":[{"href":"https:\/\/mekruphy.com\/de\/wp-json\/wp\/v2\/media?parent=7053"}],"curies":[{"name":"wp","href":"https:\/\/api.w.org\/{rel}","templated":true}]}}