{"id":7057,"date":"2023-03-02T11:28:29","date_gmt":"2023-03-02T10:28:29","guid":{"rendered":"https:\/\/mekruphy.com\/de\/?page_id=7057"},"modified":"2026-04-01T11:42:52","modified_gmt":"2026-04-01T09:42:52","slug":"experimentiersatz-millikan","status":"publish","type":"page","link":"https:\/\/mekruphy.com\/de\/produkte\/physik\/millikan-thomson\/experimentiersatz-millikan\/","title":{"rendered":"Experimentiersatz MILLIKAN-Experiment"},"content":{"rendered":"<div class=\"yoast-breadcrumbs breadcrumbs-indented\"><span><span><a href=\"https:\/\/mekruphy.com\/de\/\">Startseite<\/a><\/span> \u00bb <span><a href=\"https:\/\/mekruphy.com\/de\/produkte\/\">Produkte<\/a><\/span> \u00bb <span><a href=\"https:\/\/mekruphy.com\/de\/produkte\/physik\/\">Physik<\/a><\/span> \u00bb <span><a href=\"https:\/\/mekruphy.com\/de\/produkte\/physik\/millikan-thomson\/\">Millikan-Experiment \/ Thomson-Experiment<\/a><\/span> \u00bb <span class=\"breadcrumb_last\" aria-current=\"page\">Experimentiersatz MILLIKAN-Experiment<\/span><\/span><\/div>\n\n\n<div class=\"wp-block-advgb-adv-tabs advgb-tabs-wrapper advgb-tab-horz-desktop advgb-tab-vert-tablet advgb-tab-stack-mobile advgb-tabs-610718ee-b558-468b-8ef7-be6afe428cf7\" data-tab-active=\"0\"><ul class=\"advgb-tabs-panel\" role=\"tablist\"><li class=\"advgb-tab advgb-tab-active\" role=\"presentation\" style=\"background-color:#e0e0e0;border-style:solid;border-width:1px;border-radius:10px\"><button class=\"advgb-tab-button\" id=\"advgb-tab-_bf82dc-18-0\" aria-controls=\"advgb-tab-panel-_bf82dc-18-0\" role=\"tab\" aria-selected=\"true\" tabindex=\"0\" style=\"color:#fff;background:none;border:none;width:100%;text-align:inherit;cursor:pointer;padding:8px 16px;font:inherit\"><span>Beschreibung<\/span><\/button><\/li><li class=\"advgb-tab \" role=\"presentation\" style=\"background-color:#e0e0e0;border-style:solid;border-width:1px;border-radius:10px\"><button class=\"advgb-tab-button\" id=\"advgb-tab-_bf82dc-18-1\" aria-controls=\"advgb-tab-panel-_bf82dc-18-1\" role=\"tab\" aria-selected=\"false\" tabindex=\"0\" style=\"color:#fff;background:none;border:none;width:100%;text-align:inherit;cursor:pointer;padding:8px 16px;font:inherit\"><span>Lieferumfang<\/span><\/button><\/li><li class=\"advgb-tab \" role=\"presentation\" style=\"background-color:#e0e0e0;border-style:solid;border-width:1px;border-radius:10px\"><button class=\"advgb-tab-button\" id=\"advgb-tab-_bf82dc-18-2\" aria-controls=\"advgb-tab-panel-_bf82dc-18-2\" role=\"tab\" aria-selected=\"false\" tabindex=\"0\" style=\"color:#fff;background:none;border:none;width:100%;text-align:inherit;cursor:pointer;padding:8px 16px;font:inherit\"><span>Experimente<\/span><\/button><\/li><li class=\"advgb-tab \" role=\"presentation\" style=\"background-color:#e0e0e0;border-style:solid;border-width:1px;border-radius:10px\"><button class=\"advgb-tab-button\" id=\"advgb-tab-_bf82dc-18-3\" aria-controls=\"advgb-tab-panel-_bf82dc-18-3\" role=\"tab\" aria-selected=\"false\" tabindex=\"0\" style=\"color:#fff;background:none;border:none;width:100%;text-align:inherit;cursor:pointer;padding:8px 16px;font:inherit\"><span>Bilder<\/span><\/button><\/li><\/ul><div class=\"advgb-tab-body-wrapper\" style=\"border-style:solid;border-width:1px;border-radius:10px\">\n<div class=\"wp-block-advgb-tab advgb-tab-body-container\"><div class=\"advgb-tab-body-header advgb-tab-class- header-active\" id=\"advgb-tab-panel-_bf82dc-18-0\" role=\"tabpanel\" aria-labelledby=\"advgb-tab-_bf82dc-18-0\" tabindex=\"0\"><span>Beschreibung<\/span><\/div><div class=\"advgb-tab-_bf82dc-18 advgb-tab-body\" aria-labelledby=\"advgb-tab-panel-_bf82dc-18-0\" style=\"display:block\">\n<h2 class=\"wp-block-heading\" id=\"h-bestimmung-der-elementarladung-e\">Bestimmung der Elementarladung <em>e<\/em><\/h2>\n\n\n\n<p>Der kompakte Versuchsaufbau des Experimentiersatzes MILLIKAN-Experiment umfasst Experimentierkammer (Plattenkondensator, lichtstarke, homogene LED-Beleuchtung, kontinuierliche Druck- und Temperaturmessung \u00fcber Sensoren) mit Haube und \u00d6lzerst\u00e4uber, Messmikroskop, Funktionsschalter und Touch-Display. So lassen sich Steig- und Fallzeit eines geladenen \u00d6ltr\u00f6pfchens bei regelbarer Spannung im Sch\u00fclerexperiment pr\u00e4zise bestimmen. Temperatur, Viskosit\u00e4t und Druck werden dabei auf dem Touchscreen automatisch angezeigt. Die Spannungsversorgung erfolgt \u00fcber das mitgelieferte 12 VAC-Stecker-Netzger\u00e4t oder \u00fcber ein Sch\u00fcler-Kleinspannungsnetzger\u00e4t.<\/p>\n\n\n\n<h3 class=\"wp-block-heading\" id=\"h-geratecharakteristika\">Ger\u00e4techarakteristika<\/h3>\n\n\n\n<ul class=\"wp-block-list\">\n<li>Kompaktger\u00e4t mit integrierter Messeinheit, lichtstarker Beleuchtung und automatischer Anzeige<\/li>\n\n\n\n<li>Einfache Bedienbarkeit \u00fcber Touchscreen und Funktionsschalter<\/li>\n\n\n\n<li>Gro\u00dfes Gesichtsfeld und homogene Ausleuchtung durch indirekte Bestrahlung mit zwei LEDs<\/li>\n\n\n\n<li>Integrierte Sensoren zur automatischen Bestimmung der relevanten Parameter Temperatur, Viskosit\u00e4t und Druck<\/li>\n<\/ul>\n<\/div><\/div>\n\n\n\n<div class=\"wp-block-advgb-tab advgb-tab-body-container\"><div class=\"advgb-tab-body-header advgb-tab-class- \" id=\"advgb-tab-panel-_bf82dc-18-1\" role=\"tabpanel\" aria-labelledby=\"advgb-tab-_bf82dc-18-1\" tabindex=\"0\"><span>Lieferumfang<\/span><\/div><div class=\"advgb-tab-_bf82dc-18 advgb-tab-body\" aria-labelledby=\"advgb-tab-panel-_bf82dc-18-1\" style=\"display:none\">\n<figure class=\"wp-block-table table-product-contents\"><table><tbody><tr><td>72.01.00<\/td><td>Grundger\u00e4t inklusive Haube<\/td><\/tr><tr><td>72.02.00<\/td><td>Messmikroskop mit Schraubhalterung<\/td><\/tr><tr><td>72.03.00<\/td><td>\u00d6lzerst\u00e4uber mit Schlauch<\/td><\/tr><tr><td>72.04.00<\/td><td>Spezial\u00f6l in Fl\u00e4schchen<\/td><\/tr><tr><td>57.02.00<\/td><td>Steckernetzteil 12 VAC<\/td><\/tr><\/tbody><\/table><\/figure>\n<\/div><\/div>\n\n\n\n<div class=\"wp-block-advgb-tab advgb-tab-body-container\"><div class=\"advgb-tab-body-header advgb-tab-class- \" id=\"advgb-tab-panel-_bf82dc-18-2\" role=\"tabpanel\" aria-labelledby=\"advgb-tab-_bf82dc-18-2\" tabindex=\"0\"><span>Experimente<\/span><\/div><div class=\"advgb-tab-_bf82dc-18 advgb-tab-body\" aria-labelledby=\"advgb-tab-panel-_bf82dc-18-2\" style=\"display:none\">\n<h3 class=\"wp-block-heading\">Themengebiete (f\u00fcr Schule und Hochschule)<\/h3>\n\n\n\n<ul class=\"wp-block-list\">\n<li>Millikan-Experiment<\/li>\n\n\n\n<li>Ladungstr\u00e4ger im homogenen elektrischen Feld<\/li>\n\n\n\n<li>Bestimmung der Elementarladung<\/li>\n\n\n\n<li>Stoke\u2019sche Reibung, Gewicht und Auftrieb<\/li>\n\n\n\n<li>Schwebespannung<\/li>\n\n\n\n<li>Sink- und Steiggeschwindigkeit<\/li>\n<\/ul>\n<\/div><\/div>\n\n\n\n<div class=\"wp-block-advgb-tab advgb-tab-body-container\"><div class=\"advgb-tab-body-header advgb-tab-class- \" id=\"advgb-tab-panel-_bf82dc-18-3\" role=\"tabpanel\" aria-labelledby=\"advgb-tab-_bf82dc-18-3\" tabindex=\"0\"><span>Bilde<\/span><\/div><div class=\"advgb-tab-_bf82dc-18 advgb-tab-body\" aria-labelledby=\"advgb-tab-panel-_bf82dc-18-3\" style=\"display:none\"><div class=\"wp-block-image\">\n<figure class=\"aligncenter size-large\"><img loading=\"lazy\" decoding=\"async\" width=\"1024\" height=\"675\" src=\"https:\/\/mekruphy.com\/de\/wp-content\/uploads\/2023\/03\/Millikan-Experiment-1024x675.jpg\" alt=\"Millikan-Experiment\" class=\"wp-image-7083\" srcset=\"https:\/\/mekruphy.com\/de\/wp-content\/uploads\/2023\/03\/Millikan-Experiment-1024x675.jpg 1024w, https:\/\/mekruphy.com\/de\/wp-content\/uploads\/2023\/03\/Millikan-Experiment-300x198.jpg 300w, https:\/\/mekruphy.com\/de\/wp-content\/uploads\/2023\/03\/Millikan-Experiment-768x506.jpg 768w, https:\/\/mekruphy.com\/de\/wp-content\/uploads\/2023\/03\/Millikan-Experiment.jpg 1198w\" sizes=\"auto, (max-width: 1024px) 100vw, 1024px\" \/><\/figure>\n<\/div><\/div><\/div>\n<\/div><\/div>\n\n\n\n<p><\/p>\n<style class=\"advgb-styles-renderer\">.advgb-tabs-610718ee-b558-468b-8ef7-be6afe428cf7 ul.advgb-tabs-panel li.advgb-tab.advgb-tab-active {background-color:#5954d6 !important;color:#fff !important;}#advgb-tabs-610718ee-b558-468b-8ef7-be6afe428cf7 .advgb-tab-body-header.header-active, .advgb-tabs-610718ee-b558-468b-8ef7-be6afe428cf7 .advgb-tab-body-header.header-active{background-color:#5954d6 !important;color:#fff !important;}<\/style>","protected":false},"excerpt":{"rendered":"","protected":false},"author":6,"featured_media":7849,"parent":7053,"menu_order":0,"comment_status":"closed","ping_status":"closed","template":"templates\/product.php","meta":{"_acf_changed":false,"_coblocks_attr":"","_coblocks_dimensions":"","_coblocks_responsive_height":"","_coblocks_accordion_ie_support":"","_eb_attr":"","advgb_blocks_editor_width":"","advgb_blocks_columns_visual_guide":"","footnotes":""},"class_list":["post-7057","page","type-page","status-publish","has-post-thumbnail","hentry"],"acf":[],"yoast_head":"<!-- This site is optimized with the Yoast SEO plugin v27.4 - https:\/\/yoast.com\/product\/yoast-seo-wordpress\/ -->\n<title>Experimentiersatz MILLIKAN-Experiment - MEKRUPHY GmbH<\/title>\n<meta name=\"description\" content=\"Der MEKRUPHY Experimentierkasten MILLIKAN erm\u00f6glicht es Sch\u00fcler:innen in der Oberstufe die Experimente von Millikan selbst durchzuf\u00fchren.\" \/>\n<meta name=\"robots\" content=\"index, follow, max-snippet:-1, max-image-preview:large, max-video-preview:-1\" \/>\n<link rel=\"canonical\" href=\"https:\/\/mekruphy.com\/de\/produkte\/physik\/millikan-thomson\/experimentiersatz-millikan\/\" \/>\n<meta property=\"og:locale\" content=\"de_DE\" \/>\n<meta property=\"og:type\" content=\"article\" \/>\n<meta property=\"og:title\" content=\"Experimentiersatz MILLIKAN-Experiment - MEKRUPHY GmbH\" \/>\n<meta property=\"og:description\" content=\"Der MEKRUPHY Experimentierkasten MILLIKAN erm\u00f6glicht es Sch\u00fcler:innen in der Oberstufe die Experimente von Millikan selbst durchzuf\u00fchren.\" \/>\n<meta property=\"og:url\" content=\"https:\/\/mekruphy.com\/de\/produkte\/physik\/millikan-thomson\/experimentiersatz-millikan\/\" \/>\n<meta property=\"og:site_name\" content=\"MEKRUPHY GmbH\" \/>\n<meta property=\"article:modified_time\" content=\"2026-04-01T09:42:52+00:00\" \/>\n<meta property=\"og:image\" content=\"https:\/\/mekruphy.com\/de\/wp-content\/uploads\/2023\/12\/Millikan.webp\" \/>\n\t<meta property=\"og:image:width\" content=\"1024\" \/>\n\t<meta property=\"og:image:height\" content=\"926\" \/>\n\t<meta property=\"og:image:type\" content=\"image\/webp\" \/>\n<meta name=\"twitter:card\" content=\"summary_large_image\" \/>\n<meta name=\"twitter:label1\" content=\"Gesch\u00e4tzte Lesezeit\" \/>\n\t<meta name=\"twitter:data1\" content=\"2\u00a0Minuten\" \/>\n<script type=\"application\/ld+json\" class=\"yoast-schema-graph\">{\"@context\":\"https:\\\/\\\/schema.org\",\"@graph\":[{\"@type\":\"WebPage\",\"@id\":\"https:\\\/\\\/mekruphy.com\\\/de\\\/produkte\\\/physik\\\/millikan-thomson\\\/experimentiersatz-millikan\\\/\",\"url\":\"https:\\\/\\\/mekruphy.com\\\/de\\\/produkte\\\/physik\\\/millikan-thomson\\\/experimentiersatz-millikan\\\/\",\"name\":\"Experimentiersatz MILLIKAN-Experiment - MEKRUPHY GmbH\",\"isPartOf\":{\"@id\":\"https:\\\/\\\/mekruphy.com\\\/de\\\/#website\"},\"primaryImageOfPage\":{\"@id\":\"https:\\\/\\\/mekruphy.com\\\/de\\\/produkte\\\/physik\\\/millikan-thomson\\\/experimentiersatz-millikan\\\/#primaryimage\"},\"image\":{\"@id\":\"https:\\\/\\\/mekruphy.com\\\/de\\\/produkte\\\/physik\\\/millikan-thomson\\\/experimentiersatz-millikan\\\/#primaryimage\"},\"thumbnailUrl\":\"https:\\\/\\\/mekruphy.com\\\/de\\\/wp-content\\\/uploads\\\/2023\\\/12\\\/Millikan.webp\",\"datePublished\":\"2023-03-02T10:28:29+00:00\",\"dateModified\":\"2026-04-01T09:42:52+00:00\",\"description\":\"Der MEKRUPHY Experimentierkasten MILLIKAN erm\u00f6glicht es Sch\u00fcler:innen in der Oberstufe die Experimente von Millikan selbst durchzuf\u00fchren.\",\"breadcrumb\":{\"@id\":\"https:\\\/\\\/mekruphy.com\\\/de\\\/produkte\\\/physik\\\/millikan-thomson\\\/experimentiersatz-millikan\\\/#breadcrumb\"},\"inLanguage\":\"de\",\"potentialAction\":[{\"@type\":\"ReadAction\",\"target\":[\"https:\\\/\\\/mekruphy.com\\\/de\\\/produkte\\\/physik\\\/millikan-thomson\\\/experimentiersatz-millikan\\\/\"]}]},{\"@type\":\"ImageObject\",\"inLanguage\":\"de\",\"@id\":\"https:\\\/\\\/mekruphy.com\\\/de\\\/produkte\\\/physik\\\/millikan-thomson\\\/experimentiersatz-millikan\\\/#primaryimage\",\"url\":\"https:\\\/\\\/mekruphy.com\\\/de\\\/wp-content\\\/uploads\\\/2023\\\/12\\\/Millikan.webp\",\"contentUrl\":\"https:\\\/\\\/mekruphy.com\\\/de\\\/wp-content\\\/uploads\\\/2023\\\/12\\\/Millikan.webp\",\"width\":1024,\"height\":926},{\"@type\":\"BreadcrumbList\",\"@id\":\"https:\\\/\\\/mekruphy.com\\\/de\\\/produkte\\\/physik\\\/millikan-thomson\\\/experimentiersatz-millikan\\\/#breadcrumb\",\"itemListElement\":[{\"@type\":\"ListItem\",\"position\":1,\"name\":\"Startseite\",\"item\":\"https:\\\/\\\/mekruphy.com\\\/de\\\/\"},{\"@type\":\"ListItem\",\"position\":2,\"name\":\"Produkte\",\"item\":\"https:\\\/\\\/mekruphy.com\\\/de\\\/produkte\\\/\"},{\"@type\":\"ListItem\",\"position\":3,\"name\":\"Physik\",\"item\":\"https:\\\/\\\/mekruphy.com\\\/de\\\/produkte\\\/physik\\\/\"},{\"@type\":\"ListItem\",\"position\":4,\"name\":\"Millikan-Experiment \\\/ Thomson-Experiment\",\"item\":\"https:\\\/\\\/mekruphy.com\\\/de\\\/produkte\\\/physik\\\/millikan-thomson\\\/\"},{\"@type\":\"ListItem\",\"position\":5,\"name\":\"Experimentiersatz MILLIKAN-Experiment\"}]},{\"@type\":\"WebSite\",\"@id\":\"https:\\\/\\\/mekruphy.com\\\/de\\\/#website\",\"url\":\"https:\\\/\\\/mekruphy.com\\\/de\\\/\",\"name\":\"MEKRUPHY GmbH\",\"description\":\"Sch\u00fcler-Experimentierk\u00e4sten f\u00fcr den MINT-Unterricht\",\"potentialAction\":[{\"@type\":\"SearchAction\",\"target\":{\"@type\":\"EntryPoint\",\"urlTemplate\":\"https:\\\/\\\/mekruphy.com\\\/de\\\/?s={search_term_string}\"},\"query-input\":{\"@type\":\"PropertyValueSpecification\",\"valueRequired\":true,\"valueName\":\"search_term_string\"}}],\"inLanguage\":\"de\"}]}<\/script>\n<!-- \/ Yoast SEO plugin. -->","yoast_head_json":{"title":"Experimentiersatz MILLIKAN-Experiment - MEKRUPHY GmbH","description":"Der MEKRUPHY Experimentierkasten MILLIKAN erm\u00f6glicht es Sch\u00fcler:innen in der Oberstufe die Experimente von Millikan selbst durchzuf\u00fchren.","robots":{"index":"index","follow":"follow","max-snippet":"max-snippet:-1","max-image-preview":"max-image-preview:large","max-video-preview":"max-video-preview:-1"},"canonical":"https:\/\/mekruphy.com\/de\/produkte\/physik\/millikan-thomson\/experimentiersatz-millikan\/","og_locale":"de_DE","og_type":"article","og_title":"Experimentiersatz MILLIKAN-Experiment - MEKRUPHY GmbH","og_description":"Der MEKRUPHY Experimentierkasten MILLIKAN erm\u00f6glicht es Sch\u00fcler:innen in der Oberstufe die Experimente von Millikan selbst durchzuf\u00fchren.","og_url":"https:\/\/mekruphy.com\/de\/produkte\/physik\/millikan-thomson\/experimentiersatz-millikan\/","og_site_name":"MEKRUPHY GmbH","article_modified_time":"2026-04-01T09:42:52+00:00","og_image":[{"width":1024,"height":926,"url":"https:\/\/mekruphy.com\/de\/wp-content\/uploads\/2023\/12\/Millikan.webp","type":"image\/webp"}],"twitter_card":"summary_large_image","twitter_misc":{"Gesch\u00e4tzte Lesezeit":"2\u00a0Minuten"},"schema":{"@context":"https:\/\/schema.org","@graph":[{"@type":"WebPage","@id":"https:\/\/mekruphy.com\/de\/produkte\/physik\/millikan-thomson\/experimentiersatz-millikan\/","url":"https:\/\/mekruphy.com\/de\/produkte\/physik\/millikan-thomson\/experimentiersatz-millikan\/","name":"Experimentiersatz MILLIKAN-Experiment - MEKRUPHY GmbH","isPartOf":{"@id":"https:\/\/mekruphy.com\/de\/#website"},"primaryImageOfPage":{"@id":"https:\/\/mekruphy.com\/de\/produkte\/physik\/millikan-thomson\/experimentiersatz-millikan\/#primaryimage"},"image":{"@id":"https:\/\/mekruphy.com\/de\/produkte\/physik\/millikan-thomson\/experimentiersatz-millikan\/#primaryimage"},"thumbnailUrl":"https:\/\/mekruphy.com\/de\/wp-content\/uploads\/2023\/12\/Millikan.webp","datePublished":"2023-03-02T10:28:29+00:00","dateModified":"2026-04-01T09:42:52+00:00","description":"Der MEKRUPHY Experimentierkasten MILLIKAN erm\u00f6glicht es Sch\u00fcler:innen in der Oberstufe die Experimente von Millikan selbst durchzuf\u00fchren.","breadcrumb":{"@id":"https:\/\/mekruphy.com\/de\/produkte\/physik\/millikan-thomson\/experimentiersatz-millikan\/#breadcrumb"},"inLanguage":"de","potentialAction":[{"@type":"ReadAction","target":["https:\/\/mekruphy.com\/de\/produkte\/physik\/millikan-thomson\/experimentiersatz-millikan\/"]}]},{"@type":"ImageObject","inLanguage":"de","@id":"https:\/\/mekruphy.com\/de\/produkte\/physik\/millikan-thomson\/experimentiersatz-millikan\/#primaryimage","url":"https:\/\/mekruphy.com\/de\/wp-content\/uploads\/2023\/12\/Millikan.webp","contentUrl":"https:\/\/mekruphy.com\/de\/wp-content\/uploads\/2023\/12\/Millikan.webp","width":1024,"height":926},{"@type":"BreadcrumbList","@id":"https:\/\/mekruphy.com\/de\/produkte\/physik\/millikan-thomson\/experimentiersatz-millikan\/#breadcrumb","itemListElement":[{"@type":"ListItem","position":1,"name":"Startseite","item":"https:\/\/mekruphy.com\/de\/"},{"@type":"ListItem","position":2,"name":"Produkte","item":"https:\/\/mekruphy.com\/de\/produkte\/"},{"@type":"ListItem","position":3,"name":"Physik","item":"https:\/\/mekruphy.com\/de\/produkte\/physik\/"},{"@type":"ListItem","position":4,"name":"Millikan-Experiment \/ Thomson-Experiment","item":"https:\/\/mekruphy.com\/de\/produkte\/physik\/millikan-thomson\/"},{"@type":"ListItem","position":5,"name":"Experimentiersatz MILLIKAN-Experiment"}]},{"@type":"WebSite","@id":"https:\/\/mekruphy.com\/de\/#website","url":"https:\/\/mekruphy.com\/de\/","name":"MEKRUPHY GmbH","description":"Sch\u00fcler-Experimentierk\u00e4sten f\u00fcr den MINT-Unterricht","potentialAction":[{"@type":"SearchAction","target":{"@type":"EntryPoint","urlTemplate":"https:\/\/mekruphy.com\/de\/?s={search_term_string}"},"query-input":{"@type":"PropertyValueSpecification","valueRequired":true,"valueName":"search_term_string"}}],"inLanguage":"de"}]}},"coauthors":[],"author_meta":{"author_link":"https:\/\/mekruphy.com\/de\/author\/sabine-kasparek\/","display_name":"Sabine Kasparek"},"relative_dates":{"created":"Ver\u00f6ffentlicht 3\u00a0Jahren vor","modified":"Aktualisiert 3\u00a0Wochen vor"},"absolute_dates":{"created":"Ver\u00f6ffentlicht am 2. M\u00e4rz 2023","modified":"Aktualisiert am 1. April 2026"},"absolute_dates_time":{"created":"Ver\u00f6ffentlicht am 2. M\u00e4rz 2023 11:28","modified":"Aktualisiert am 1. April 2026 11:42"},"featured_img_caption":"","featured_img":"https:\/\/mekruphy.com\/de\/wp-content\/uploads\/2023\/12\/Millikan.webp","series_order":"","_links":{"self":[{"href":"https:\/\/mekruphy.com\/de\/wp-json\/wp\/v2\/pages\/7057","targetHints":{"allow":["GET"]}}],"collection":[{"href":"https:\/\/mekruphy.com\/de\/wp-json\/wp\/v2\/pages"}],"about":[{"href":"https:\/\/mekruphy.com\/de\/wp-json\/wp\/v2\/types\/page"}],"author":[{"embeddable":true,"href":"https:\/\/mekruphy.com\/de\/wp-json\/wp\/v2\/users\/6"}],"replies":[{"embeddable":true,"href":"https:\/\/mekruphy.com\/de\/wp-json\/wp\/v2\/comments?post=7057"}],"version-history":[{"count":30,"href":"https:\/\/mekruphy.com\/de\/wp-json\/wp\/v2\/pages\/7057\/revisions"}],"predecessor-version":[{"id":9615,"href":"https:\/\/mekruphy.com\/de\/wp-json\/wp\/v2\/pages\/7057\/revisions\/9615"}],"up":[{"embeddable":true,"href":"https:\/\/mekruphy.com\/de\/wp-json\/wp\/v2\/pages\/7053"}],"wp:featuredmedia":[{"embeddable":true,"href":"https:\/\/mekruphy.com\/de\/wp-json\/wp\/v2\/media\/7849"}],"wp:attachment":[{"href":"https:\/\/mekruphy.com\/de\/wp-json\/wp\/v2\/media?parent=7057"}],"curies":[{"name":"wp","href":"https:\/\/api.w.org\/{rel}","templated":true}]}}