{"id":7089,"date":"2023-03-02T15:23:33","date_gmt":"2023-03-02T14:23:33","guid":{"rendered":"https:\/\/mekruphy.com\/de\/?page_id=7089"},"modified":"2026-04-01T11:41:43","modified_gmt":"2026-04-01T09:41:43","slug":"thomson-experiment","status":"publish","type":"page","link":"https:\/\/mekruphy.com\/de\/produkte\/physik\/millikan-thomson\/thomson-experiment\/","title":{"rendered":"Experimentiersatz THOMSON-Experiment"},"content":{"rendered":"<div class=\"yoast-breadcrumbs breadcrumbs-indented\"><span><span><a href=\"https:\/\/mekruphy.com\/de\/\">Startseite<\/a><\/span> \u00bb <span><a href=\"https:\/\/mekruphy.com\/de\/produkte\/\">Produkte<\/a><\/span> \u00bb <span><a href=\"https:\/\/mekruphy.com\/de\/produkte\/physik\/\">Physik<\/a><\/span> \u00bb <span><a href=\"https:\/\/mekruphy.com\/de\/produkte\/physik\/millikan-thomson\/\">Millikan-Experiment \/ Thomson-Experiment<\/a><\/span> \u00bb <span class=\"breadcrumb_last\" aria-current=\"page\">Experimentiersatz THOMSON-Experiment<\/span><\/span><\/div>\n\n\n<div class=\"wp-block-advgb-adv-tabs advgb-tabs-wrapper advgb-tab-horz-desktop advgb-tab-vert-tablet advgb-tab-stack-mobile advgb-tabs-b1d15baa-fa16-472e-a171-55422c6916a3\" data-tab-active=\"0\"><ul class=\"advgb-tabs-panel\" role=\"tablist\"><li class=\"advgb-tab advgb-tab-active\" role=\"presentation\" style=\"background-color:#e0e0e0;border-style:solid;border-width:1px;border-radius:10px\"><button class=\"advgb-tab-button\" id=\"advgb-tab-_f74e38-5b-0\" aria-controls=\"advgb-tab-panel-_f74e38-5b-0\" role=\"tab\" aria-selected=\"true\" tabindex=\"0\" style=\"color:#fff;background:none;border:none;width:100%;text-align:inherit;cursor:pointer;padding:8px 16px;font:inherit\"><span>Beschreibung<\/span><\/button><\/li><li class=\"advgb-tab \" role=\"presentation\" style=\"background-color:#e0e0e0;border-style:solid;border-width:1px;border-radius:10px\"><button class=\"advgb-tab-button\" id=\"advgb-tab-_f74e38-5b-1\" aria-controls=\"advgb-tab-panel-_f74e38-5b-1\" role=\"tab\" aria-selected=\"false\" tabindex=\"0\" style=\"color:#fff;background:none;border:none;width:100%;text-align:inherit;cursor:pointer;padding:8px 16px;font:inherit\"><span>Lieferumfang<\/span><\/button><\/li><li class=\"advgb-tab \" role=\"presentation\" style=\"background-color:#e0e0e0;border-style:solid;border-width:1px;border-radius:10px\"><button class=\"advgb-tab-button\" id=\"advgb-tab-_f74e38-5b-2\" aria-controls=\"advgb-tab-panel-_f74e38-5b-2\" role=\"tab\" aria-selected=\"false\" tabindex=\"0\" style=\"color:#fff;background:none;border:none;width:100%;text-align:inherit;cursor:pointer;padding:8px 16px;font:inherit\"><span>Experimente<\/span><\/button><\/li><li class=\"advgb-tab \" role=\"presentation\" style=\"background-color:#e0e0e0;border-style:solid;border-width:1px;border-radius:10px\"><button class=\"advgb-tab-button\" id=\"advgb-tab-_f74e38-5b-3\" aria-controls=\"advgb-tab-panel-_f74e38-5b-3\" role=\"tab\" aria-selected=\"false\" tabindex=\"0\" style=\"color:#fff;background:none;border:none;width:100%;text-align:inherit;cursor:pointer;padding:8px 16px;font:inherit\"><span>Bilder<\/span><\/button><\/li><\/ul><div class=\"advgb-tab-body-wrapper\" style=\"border-style:solid;border-width:1px;border-radius:10px\">\n<div class=\"wp-block-advgb-tab advgb-tab-body-container\"><div class=\"advgb-tab-body-header advgb-tab-class- \" id=\"advgb-tab-panel-_f74e38-5b-0\" role=\"tabpanel\" aria-labelledby=\"advgb-tab-_f74e38-5b-0\" tabindex=\"0\"><span>Beschreibung<\/span><\/div><div class=\"advgb-tab-_f74e38-5b advgb-tab-body\" aria-labelledby=\"advgb-tab-panel-_f74e38-5b-0\" style=\"display:none\">\n<h2 class=\"wp-block-heading\" id=\"h-verhaltnis-von-ladung-zu-masse-des-elektrons-e-m\">Verh\u00e4ltnis von Ladung zu Masse des Elektrons <em>e\/m<\/em><\/h2>\n\n\n\n<p>Der kompakte Aufbau des Experimentiersatzes THOMSON-Experiment umfasst die heizbare Gl\u00fchwendel, die Plattenkondensatoren, Spule und R\u00f6hre. So werden das Ausl\u00f6sen von Elektronen aus dem erhitzten Wolframdraht sowie das Grundprinzip der Elektronenstrahlr\u00f6hre verst\u00e4ndlich und das Verhalten des Elektronenstrahls im elektrischen und magnetischen Feld nachvollziehbar. Diese, hier nur leicht abgewandelte Anordnung erm\u00f6glichte 1897 dem sp\u00e4teren Nobelpreistr\u00e4ger <a href=\"https:\/\/www.leifiphysik.de\/elektrizitaetslehre\/bewegte-ladungen-feldern\/geschichte\/joseph-john-thomson-1856-1940\" target=\"_blank\" rel=\"noreferrer noopener\">Joseph John Thomson<\/a> die Bestimmung des Verh\u00e4ltnisses von Ladung und Masse des Elektrons. Die Spannungsversorgung kann \u00fcber das mitgelieferte 12 VAC-Stecker-Netzger\u00e4t oder ein Sch\u00fcler-Kleinspannungsnetzger\u00e4t erfolgen.<\/p>\n\n\n\n<h3 class=\"wp-block-heading\" id=\"h-geratecharakteristika\">Ger\u00e4techarakteristika<\/h3>\n\n\n\n<ul class=\"wp-block-list\">\n<li>Kompaktger\u00e4t mit einsehbarer Heizwendel, Braunscher R\u00f6hre und Touchscreen-Display<\/li>\n\n\n\n<li>Anschauliche Darstellung im Real-Experiment und sehr pr\u00e4zise Messungen<\/li>\n\n\n\n<li>\u00dcbersichtliches Bedienfeld mit Drehschaltern zum Variieren der einzelnen Parameter<\/li>\n\n\n\n<li>Ber\u00fchrungssichere Abschirmung der R\u00f6hre und elektronische Sicherung der Hochspannung<\/li>\n<\/ul>\n<\/div><\/div>\n\n\n\n<div class=\"wp-block-advgb-tab advgb-tab-body-container\"><div class=\"advgb-tab-body-header advgb-tab-class- \" id=\"advgb-tab-panel-_f74e38-5b-1\" role=\"tabpanel\" aria-labelledby=\"advgb-tab-_f74e38-5b-1\" tabindex=\"0\"><span>Lieferumfang<\/span><\/div><div class=\"advgb-tab-_f74e38-5b advgb-tab-body\" aria-labelledby=\"advgb-tab-panel-_f74e38-5b-1\" style=\"display:none\">\n<figure class=\"wp-block-table table-product-contents\"><table><tbody><tr><td>73.01.00<\/td><td>Grundger\u00e4t inklusive Kabeln<\/td><\/tr><tr><td>57.02.00<\/td><td>Steckernetzteil 12 VAC<\/td><\/tr><\/tbody><\/table><\/figure>\n<\/div><\/div>\n\n\n\n<div class=\"wp-block-advgb-tab advgb-tab-body-container\"><div class=\"advgb-tab-body-header advgb-tab-class- header-active\" id=\"advgb-tab-panel-_f74e38-5b-2\" role=\"tabpanel\" aria-labelledby=\"advgb-tab-_f74e38-5b-2\" tabindex=\"0\"><span>Experimente<\/span><\/div><div class=\"advgb-tab-_f74e38-5b advgb-tab-body\" aria-labelledby=\"advgb-tab-panel-_f74e38-5b-2\" style=\"display:block\">\n<h3 class=\"wp-block-heading\">Themengebiete (f\u00fcr Schule und Hochschule)<\/h3>\n\n\n\n<figure class=\"wp-block-table table-product-experiments\"><table><tbody><tr><td>TH-1<\/td><td>Bewegte Ladungen im homogenen elektrischen L\u00e4ngsfeld<\/td><\/tr><tr><td>TH-2<\/td><td>Bewegte Ladungen im homogenen elektrischen Querfeld<\/td><\/tr><tr><td>TH-3<\/td><td>Bewegte Ladungen im homogenen magnetischen Feld<\/td><\/tr><tr><td>TH-4<\/td><td>Experiment von Thomson &#8211; spezifische Ladung des Elektrons<\/td><\/tr><\/tbody><\/table><\/figure>\n<\/div><\/div>\n\n\n\n<div class=\"wp-block-advgb-tab advgb-tab-body-container\"><div class=\"advgb-tab-body-header advgb-tab-class- \" id=\"advgb-tab-panel-_f74e38-5b-3\" role=\"tabpanel\" aria-labelledby=\"advgb-tab-_f74e38-5b-3\" tabindex=\"0\"><span>Bilder<\/span><\/div><div class=\"advgb-tab-_f74e38-5b advgb-tab-body\" aria-labelledby=\"advgb-tab-panel-_f74e38-5b-3\" style=\"display:none\">\n<figure class=\"wp-block-coblocks-gallery-masonry masonry-grid has-medium-gutter\">\n<figure class=\"wp-block-image size-large masonry-brick\"><img loading=\"lazy\" decoding=\"async\" width=\"1024\" height=\"730\" src=\"https:\/\/mekruphy.com\/de\/wp-content\/uploads\/2024\/02\/Thomson_Seitenansicht_01-1-1024x730.webp\" alt=\"Image gallery image\" class=\"wp-image-7893\" srcset=\"https:\/\/mekruphy.com\/de\/wp-content\/uploads\/2024\/02\/Thomson_Seitenansicht_01-1-1024x730.webp 1024w, https:\/\/mekruphy.com\/de\/wp-content\/uploads\/2024\/02\/Thomson_Seitenansicht_01-1-300x214.webp 300w, https:\/\/mekruphy.com\/de\/wp-content\/uploads\/2024\/02\/Thomson_Seitenansicht_01-1-768x548.webp 768w, https:\/\/mekruphy.com\/de\/wp-content\/uploads\/2024\/02\/Thomson_Seitenansicht_01-1.webp 1280w\" sizes=\"auto, (max-width: 1024px) 100vw, 1024px\" \/><\/figure>\n\n\n\n<figure class=\"wp-block-image size-large masonry-brick\"><img loading=\"lazy\" decoding=\"async\" width=\"946\" height=\"1024\" src=\"https:\/\/mekruphy.com\/de\/wp-content\/uploads\/2024\/02\/Thomson_Nahaufnahme-946x1024.webp\" alt=\"Image gallery image\" class=\"wp-image-7889\" srcset=\"https:\/\/mekruphy.com\/de\/wp-content\/uploads\/2024\/02\/Thomson_Nahaufnahme-946x1024.webp 946w, https:\/\/mekruphy.com\/de\/wp-content\/uploads\/2024\/02\/Thomson_Nahaufnahme-277x300.webp 277w, https:\/\/mekruphy.com\/de\/wp-content\/uploads\/2024\/02\/Thomson_Nahaufnahme-768x832.webp 768w, https:\/\/mekruphy.com\/de\/wp-content\/uploads\/2024\/02\/Thomson_Nahaufnahme.webp 1024w\" sizes=\"auto, (max-width: 946px) 100vw, 946px\" \/><\/figure>\n\n\n\n<figure class=\"wp-block-image size-medium masonry-brick\"><img loading=\"lazy\" decoding=\"async\" width=\"300\" height=\"209\" src=\"https:\/\/mekruphy.com\/de\/wp-content\/uploads\/2023\/12\/Thomson-Kasten-1-300x209.webp\" alt=\"Image gallery image\" class=\"wp-image-7838\" srcset=\"https:\/\/mekruphy.com\/de\/wp-content\/uploads\/2023\/12\/Thomson-Kasten-1-300x209.webp 300w, https:\/\/mekruphy.com\/de\/wp-content\/uploads\/2023\/12\/Thomson-Kasten-1-768x534.webp 768w, https:\/\/mekruphy.com\/de\/wp-content\/uploads\/2023\/12\/Thomson-Kasten-1.webp 1024w\" sizes=\"auto, (max-width: 300px) 100vw, 300px\" \/><\/figure>\n<\/figure>\n<\/div><\/div>\n<\/div><\/div>\n\n\n\n<p><\/p>\n<style class=\"advgb-styles-renderer\">.advgb-tabs-b1d15baa-fa16-472e-a171-55422c6916a3 ul.advgb-tabs-panel li.advgb-tab.advgb-tab-active {background-color:#5954d6 !important;color:#fff !important;}#advgb-tabs-b1d15baa-fa16-472e-a171-55422c6916a3 .advgb-tab-body-header.header-active, .advgb-tabs-b1d15baa-fa16-472e-a171-55422c6916a3 .advgb-tab-body-header.header-active{background-color:#5954d6 !important;color:#fff !important;}<\/style>","protected":false},"excerpt":{"rendered":"","protected":false},"author":6,"featured_media":7884,"parent":7053,"menu_order":1,"comment_status":"closed","ping_status":"closed","template":"templates\/product.php","meta":{"_acf_changed":false,"_coblocks_attr":"","_coblocks_dimensions":"","_coblocks_responsive_height":"","_coblocks_accordion_ie_support":"","_eb_attr":"","advgb_blocks_editor_width":"","advgb_blocks_columns_visual_guide":"","footnotes":""},"class_list":["post-7089","page","type-page","status-publish","has-post-thumbnail","hentry"],"acf":[],"yoast_head":"<!-- This site is optimized with the Yoast SEO plugin v27.4 - https:\/\/yoast.com\/product\/yoast-seo-wordpress\/ -->\n<title>Experimentiersatz THOMSON-Experiment - MEKRUPHY GmbH<\/title>\n<meta name=\"description\" content=\"Der MEKRUPHY Experimentierkasten THOMSON erm\u00f6glicht es Sch\u00fcler:innen in der Oberstufe die Experimente von Thomson selbst durchzuf\u00fchren.\" \/>\n<meta name=\"robots\" content=\"index, follow, max-snippet:-1, max-image-preview:large, max-video-preview:-1\" \/>\n<link rel=\"canonical\" href=\"https:\/\/mekruphy.com\/de\/produkte\/physik\/millikan-thomson\/thomson-experiment\/\" \/>\n<meta property=\"og:locale\" content=\"de_DE\" \/>\n<meta property=\"og:type\" content=\"article\" \/>\n<meta property=\"og:title\" content=\"Experimentiersatz THOMSON-Experiment - MEKRUPHY GmbH\" \/>\n<meta property=\"og:description\" content=\"Der MEKRUPHY Experimentierkasten THOMSON erm\u00f6glicht es Sch\u00fcler:innen in der Oberstufe die Experimente von Thomson selbst durchzuf\u00fchren.\" \/>\n<meta property=\"og:url\" content=\"https:\/\/mekruphy.com\/de\/produkte\/physik\/millikan-thomson\/thomson-experiment\/\" \/>\n<meta property=\"og:site_name\" content=\"MEKRUPHY GmbH\" \/>\n<meta property=\"article:modified_time\" content=\"2026-04-01T09:41:43+00:00\" \/>\n<meta property=\"og:image\" content=\"https:\/\/mekruphy.com\/de\/wp-content\/uploads\/2024\/02\/Thomson-bearbeitet.webp\" \/>\n\t<meta property=\"og:image:width\" content=\"1024\" \/>\n\t<meta property=\"og:image:height\" content=\"873\" \/>\n\t<meta property=\"og:image:type\" content=\"image\/webp\" \/>\n<meta name=\"twitter:card\" content=\"summary_large_image\" \/>\n<meta name=\"twitter:label1\" content=\"Gesch\u00e4tzte Lesezeit\" \/>\n\t<meta name=\"twitter:data1\" content=\"2\u00a0Minuten\" \/>\n<script type=\"application\/ld+json\" class=\"yoast-schema-graph\">{\"@context\":\"https:\\\/\\\/schema.org\",\"@graph\":[{\"@type\":\"WebPage\",\"@id\":\"https:\\\/\\\/mekruphy.com\\\/de\\\/produkte\\\/physik\\\/millikan-thomson\\\/thomson-experiment\\\/\",\"url\":\"https:\\\/\\\/mekruphy.com\\\/de\\\/produkte\\\/physik\\\/millikan-thomson\\\/thomson-experiment\\\/\",\"name\":\"Experimentiersatz THOMSON-Experiment - MEKRUPHY GmbH\",\"isPartOf\":{\"@id\":\"https:\\\/\\\/mekruphy.com\\\/de\\\/#website\"},\"primaryImageOfPage\":{\"@id\":\"https:\\\/\\\/mekruphy.com\\\/de\\\/produkte\\\/physik\\\/millikan-thomson\\\/thomson-experiment\\\/#primaryimage\"},\"image\":{\"@id\":\"https:\\\/\\\/mekruphy.com\\\/de\\\/produkte\\\/physik\\\/millikan-thomson\\\/thomson-experiment\\\/#primaryimage\"},\"thumbnailUrl\":\"https:\\\/\\\/mekruphy.com\\\/de\\\/wp-content\\\/uploads\\\/2024\\\/02\\\/Thomson-bearbeitet.webp\",\"datePublished\":\"2023-03-02T14:23:33+00:00\",\"dateModified\":\"2026-04-01T09:41:43+00:00\",\"description\":\"Der MEKRUPHY Experimentierkasten THOMSON erm\u00f6glicht es Sch\u00fcler:innen in der Oberstufe die Experimente von Thomson selbst durchzuf\u00fchren.\",\"breadcrumb\":{\"@id\":\"https:\\\/\\\/mekruphy.com\\\/de\\\/produkte\\\/physik\\\/millikan-thomson\\\/thomson-experiment\\\/#breadcrumb\"},\"inLanguage\":\"de\",\"potentialAction\":[{\"@type\":\"ReadAction\",\"target\":[\"https:\\\/\\\/mekruphy.com\\\/de\\\/produkte\\\/physik\\\/millikan-thomson\\\/thomson-experiment\\\/\"]}]},{\"@type\":\"ImageObject\",\"inLanguage\":\"de\",\"@id\":\"https:\\\/\\\/mekruphy.com\\\/de\\\/produkte\\\/physik\\\/millikan-thomson\\\/thomson-experiment\\\/#primaryimage\",\"url\":\"https:\\\/\\\/mekruphy.com\\\/de\\\/wp-content\\\/uploads\\\/2024\\\/02\\\/Thomson-bearbeitet.webp\",\"contentUrl\":\"https:\\\/\\\/mekruphy.com\\\/de\\\/wp-content\\\/uploads\\\/2024\\\/02\\\/Thomson-bearbeitet.webp\",\"width\":1024,\"height\":873},{\"@type\":\"BreadcrumbList\",\"@id\":\"https:\\\/\\\/mekruphy.com\\\/de\\\/produkte\\\/physik\\\/millikan-thomson\\\/thomson-experiment\\\/#breadcrumb\",\"itemListElement\":[{\"@type\":\"ListItem\",\"position\":1,\"name\":\"Startseite\",\"item\":\"https:\\\/\\\/mekruphy.com\\\/de\\\/\"},{\"@type\":\"ListItem\",\"position\":2,\"name\":\"Produkte\",\"item\":\"https:\\\/\\\/mekruphy.com\\\/de\\\/produkte\\\/\"},{\"@type\":\"ListItem\",\"position\":3,\"name\":\"Physik\",\"item\":\"https:\\\/\\\/mekruphy.com\\\/de\\\/produkte\\\/physik\\\/\"},{\"@type\":\"ListItem\",\"position\":4,\"name\":\"Millikan-Experiment \\\/ Thomson-Experiment\",\"item\":\"https:\\\/\\\/mekruphy.com\\\/de\\\/produkte\\\/physik\\\/millikan-thomson\\\/\"},{\"@type\":\"ListItem\",\"position\":5,\"name\":\"Experimentiersatz THOMSON-Experiment\"}]},{\"@type\":\"WebSite\",\"@id\":\"https:\\\/\\\/mekruphy.com\\\/de\\\/#website\",\"url\":\"https:\\\/\\\/mekruphy.com\\\/de\\\/\",\"name\":\"MEKRUPHY GmbH\",\"description\":\"Sch\u00fcler-Experimentierk\u00e4sten f\u00fcr den MINT-Unterricht\",\"potentialAction\":[{\"@type\":\"SearchAction\",\"target\":{\"@type\":\"EntryPoint\",\"urlTemplate\":\"https:\\\/\\\/mekruphy.com\\\/de\\\/?s={search_term_string}\"},\"query-input\":{\"@type\":\"PropertyValueSpecification\",\"valueRequired\":true,\"valueName\":\"search_term_string\"}}],\"inLanguage\":\"de\"}]}<\/script>\n<!-- \/ Yoast SEO plugin. -->","yoast_head_json":{"title":"Experimentiersatz THOMSON-Experiment - MEKRUPHY GmbH","description":"Der MEKRUPHY Experimentierkasten THOMSON erm\u00f6glicht es Sch\u00fcler:innen in der Oberstufe die Experimente von Thomson selbst durchzuf\u00fchren.","robots":{"index":"index","follow":"follow","max-snippet":"max-snippet:-1","max-image-preview":"max-image-preview:large","max-video-preview":"max-video-preview:-1"},"canonical":"https:\/\/mekruphy.com\/de\/produkte\/physik\/millikan-thomson\/thomson-experiment\/","og_locale":"de_DE","og_type":"article","og_title":"Experimentiersatz THOMSON-Experiment - MEKRUPHY GmbH","og_description":"Der MEKRUPHY Experimentierkasten THOMSON erm\u00f6glicht es Sch\u00fcler:innen in der Oberstufe die Experimente von Thomson selbst durchzuf\u00fchren.","og_url":"https:\/\/mekruphy.com\/de\/produkte\/physik\/millikan-thomson\/thomson-experiment\/","og_site_name":"MEKRUPHY GmbH","article_modified_time":"2026-04-01T09:41:43+00:00","og_image":[{"width":1024,"height":873,"url":"https:\/\/mekruphy.com\/de\/wp-content\/uploads\/2024\/02\/Thomson-bearbeitet.webp","type":"image\/webp"}],"twitter_card":"summary_large_image","twitter_misc":{"Gesch\u00e4tzte Lesezeit":"2\u00a0Minuten"},"schema":{"@context":"https:\/\/schema.org","@graph":[{"@type":"WebPage","@id":"https:\/\/mekruphy.com\/de\/produkte\/physik\/millikan-thomson\/thomson-experiment\/","url":"https:\/\/mekruphy.com\/de\/produkte\/physik\/millikan-thomson\/thomson-experiment\/","name":"Experimentiersatz THOMSON-Experiment - MEKRUPHY GmbH","isPartOf":{"@id":"https:\/\/mekruphy.com\/de\/#website"},"primaryImageOfPage":{"@id":"https:\/\/mekruphy.com\/de\/produkte\/physik\/millikan-thomson\/thomson-experiment\/#primaryimage"},"image":{"@id":"https:\/\/mekruphy.com\/de\/produkte\/physik\/millikan-thomson\/thomson-experiment\/#primaryimage"},"thumbnailUrl":"https:\/\/mekruphy.com\/de\/wp-content\/uploads\/2024\/02\/Thomson-bearbeitet.webp","datePublished":"2023-03-02T14:23:33+00:00","dateModified":"2026-04-01T09:41:43+00:00","description":"Der MEKRUPHY Experimentierkasten THOMSON erm\u00f6glicht es Sch\u00fcler:innen in der Oberstufe die Experimente von Thomson selbst durchzuf\u00fchren.","breadcrumb":{"@id":"https:\/\/mekruphy.com\/de\/produkte\/physik\/millikan-thomson\/thomson-experiment\/#breadcrumb"},"inLanguage":"de","potentialAction":[{"@type":"ReadAction","target":["https:\/\/mekruphy.com\/de\/produkte\/physik\/millikan-thomson\/thomson-experiment\/"]}]},{"@type":"ImageObject","inLanguage":"de","@id":"https:\/\/mekruphy.com\/de\/produkte\/physik\/millikan-thomson\/thomson-experiment\/#primaryimage","url":"https:\/\/mekruphy.com\/de\/wp-content\/uploads\/2024\/02\/Thomson-bearbeitet.webp","contentUrl":"https:\/\/mekruphy.com\/de\/wp-content\/uploads\/2024\/02\/Thomson-bearbeitet.webp","width":1024,"height":873},{"@type":"BreadcrumbList","@id":"https:\/\/mekruphy.com\/de\/produkte\/physik\/millikan-thomson\/thomson-experiment\/#breadcrumb","itemListElement":[{"@type":"ListItem","position":1,"name":"Startseite","item":"https:\/\/mekruphy.com\/de\/"},{"@type":"ListItem","position":2,"name":"Produkte","item":"https:\/\/mekruphy.com\/de\/produkte\/"},{"@type":"ListItem","position":3,"name":"Physik","item":"https:\/\/mekruphy.com\/de\/produkte\/physik\/"},{"@type":"ListItem","position":4,"name":"Millikan-Experiment \/ Thomson-Experiment","item":"https:\/\/mekruphy.com\/de\/produkte\/physik\/millikan-thomson\/"},{"@type":"ListItem","position":5,"name":"Experimentiersatz THOMSON-Experiment"}]},{"@type":"WebSite","@id":"https:\/\/mekruphy.com\/de\/#website","url":"https:\/\/mekruphy.com\/de\/","name":"MEKRUPHY GmbH","description":"Sch\u00fcler-Experimentierk\u00e4sten f\u00fcr den MINT-Unterricht","potentialAction":[{"@type":"SearchAction","target":{"@type":"EntryPoint","urlTemplate":"https:\/\/mekruphy.com\/de\/?s={search_term_string}"},"query-input":{"@type":"PropertyValueSpecification","valueRequired":true,"valueName":"search_term_string"}}],"inLanguage":"de"}]}},"coauthors":[],"author_meta":{"author_link":"https:\/\/mekruphy.com\/de\/author\/sabine-kasparek\/","display_name":"Sabine Kasparek"},"relative_dates":{"created":"Ver\u00f6ffentlicht 3\u00a0Jahren vor","modified":"Aktualisiert 3\u00a0Wochen vor"},"absolute_dates":{"created":"Ver\u00f6ffentlicht am 2. M\u00e4rz 2023","modified":"Aktualisiert am 1. April 2026"},"absolute_dates_time":{"created":"Ver\u00f6ffentlicht am 2. M\u00e4rz 2023 15:23","modified":"Aktualisiert am 1. April 2026 11:41"},"featured_img_caption":"","featured_img":"https:\/\/mekruphy.com\/de\/wp-content\/uploads\/2024\/02\/Thomson-bearbeitet.webp","series_order":"","_links":{"self":[{"href":"https:\/\/mekruphy.com\/de\/wp-json\/wp\/v2\/pages\/7089","targetHints":{"allow":["GET"]}}],"collection":[{"href":"https:\/\/mekruphy.com\/de\/wp-json\/wp\/v2\/pages"}],"about":[{"href":"https:\/\/mekruphy.com\/de\/wp-json\/wp\/v2\/types\/page"}],"author":[{"embeddable":true,"href":"https:\/\/mekruphy.com\/de\/wp-json\/wp\/v2\/users\/6"}],"replies":[{"embeddable":true,"href":"https:\/\/mekruphy.com\/de\/wp-json\/wp\/v2\/comments?post=7089"}],"version-history":[{"count":40,"href":"https:\/\/mekruphy.com\/de\/wp-json\/wp\/v2\/pages\/7089\/revisions"}],"predecessor-version":[{"id":9613,"href":"https:\/\/mekruphy.com\/de\/wp-json\/wp\/v2\/pages\/7089\/revisions\/9613"}],"up":[{"embeddable":true,"href":"https:\/\/mekruphy.com\/de\/wp-json\/wp\/v2\/pages\/7053"}],"wp:featuredmedia":[{"embeddable":true,"href":"https:\/\/mekruphy.com\/de\/wp-json\/wp\/v2\/media\/7884"}],"wp:attachment":[{"href":"https:\/\/mekruphy.com\/de\/wp-json\/wp\/v2\/media?parent=7089"}],"curies":[{"name":"wp","href":"https:\/\/api.w.org\/{rel}","templated":true}]}}