{"id":7467,"date":"2023-07-03T16:45:26","date_gmt":"2023-07-03T14:45:26","guid":{"rendered":"https:\/\/mekruphy.com\/de\/?page_id=7467"},"modified":"2023-12-06T11:02:47","modified_gmt":"2023-12-06T10:02:47","slug":"informatik","status":"publish","type":"page","link":"https:\/\/mekruphy.com\/de\/produkte\/informatik\/","title":{"rendered":"Informatik"},"content":{"rendered":"\n<h2 class=\"wp-block-heading\" id=\"h-experimentiersatze-zur-informatik\">Experimentiers\u00e4tze zur Informatik<\/h2>\n\n\n\n<p>Deutschland braucht mehr Informatik- und IT-Fachkr\u00e4fte \u2013 das ist unbestritten und spiegelt sich in Forderungen aus Politik und Wirtschaft wieder, den Informatikunterricht an allen Schulen als Pflichtfach zu etablieren und weiter zu st\u00e4rken. <\/p>\n\n\n\n<p>Mit unserem ersten MEKRUPHY Informatik-Experimentierkasten, der in Kooperation mit der <a href=\"https:\/\/www.informatik.uni-wuerzburg.de\/didaktik\/aktivitaeten\/ki-experimentiersatz\/\" target=\"_blank\" rel=\"noreferrer noopener\">Professur f\u00fcr Didaktik der Informatik<\/a> der <a href=\"https:\/\/www.uni-wuerzburg.de\/aktuelles\/einblick\/single\/news\/ki-experimentiersatz\/\" target=\"_blank\" rel=\"noreferrer noopener\">Universit\u00e4t W\u00fcrzburg<\/a> entstand, m\u00f6chten wir dem Rechnung tragen und sowohl Informatiklernende als auch -lehrende mit unseren ausgefeilten, haptischen Lernmaterialien unterst\u00fctzen. Ein analoger, an Alltagserfahrungen ankn\u00fcpfender Zugang tr\u00e4gt dazu bei, Ber\u00fchrungs\u00e4ngste zu \u00fcberwinden und das Interesse der Sch\u00fclerinnen und Sch\u00fcler zu wecken. Der visuelle und haptische Aspekt des Lernens sowie spielerische Elemente leisten dabei eine wichtige Hilfestellung und motivieren, die gewonnenen Erkenntnisse auch mathematisch zu beschreiben. Denn wer einmal seine Begeisterung f\u00fcr das Fach entdeckt hat, wird dieses Interesse sp\u00e4ter auch eher in seine Berufswahl einbeziehen.<br>Da das Themengebiet <em>K\u00fcnstliche Intelligenz<\/em> (KI) aufgrund rasanter Entwicklungen in den letzten Jahren in den Fokus der \u00d6ffentlichkeit katapultiert wurde und mittlerweile als Thema in immer mehr Informatik-Lehrpl\u00e4nen auftaucht, haben wir uns zun\u00e4chst diesem Gebiet zugewandt.<\/p>\n\n\n\n<h3 class=\"wp-block-heading\">Das Sch\u00fclerexperimentiersystem<\/h3>\n\n\n\n<p>Unser MEKRUPHY-Experimentiersystem setzt seit 40 Jahren erfolgreich auf Qualit\u00e4t, Praxisn\u00e4he und handlungsorientierten Unterricht. Grundlegende Prinzipien dabei sind:<\/p>\n\n\n\n<ul class=\"wp-block-list\">\n<li>hochwertige, in Deutschland gefertigte Ger\u00e4te<\/li>\n\n\n\n<li>Transparenz \u2013 bei der didaktischen Aufarbeitung wie bei den Materialen<\/li>\n\n\n\n<li>\u00fcbersichtliche, kompakte Unterbringung in handlichen Experimentierk\u00e4sten<\/li>\n\n\n\n<li>sorgf\u00e4ltig erprobte Begleitmaterialien f\u00fcr die Sch\u00fclerhand und f\u00fcr die Lehrkr\u00e4fte<\/li>\n\n\n\n<li>enger Kontakt zu Schulen und Hochschulen<\/li>\n<\/ul>\n\n\n\n<h3 class=\"wp-block-heading\">Experimentieren in Kleingruppen<\/h3>\n\n\n\n<p>Die MEKRUPHY-Experimente sind so ausgelegt, dass sie in einer Schulstunde durchgef\u00fchrt werden k\u00f6nnen \u2013 ohne Vorbereitungszeit f\u00fcr die Lehrkraft und bei Bedarf spontan aus der Unterrichtssituation heraus oder in einer Vertretungsstunde. Gruppen von im Idealfall zwei Sch\u00fclerinnen und Sch\u00fclern erschlie\u00dfen sich anhand des nummerierten, ihnen fest zugeordneten Kastens ein Themengebiet im Team und bringen ihre dabei selbstst\u00e4ndig gewonnenen Erkenntnisse anschlie\u00dfend kompetent in die gemeinsame Diskussion mit ein. Die Vollst\u00e4ndigkeitskontrolle bei der Ausgabe und R\u00fccknahme der Experimentiers\u00e4tze kann dank ger\u00e4tegeformter Aussparungen im Kasteneinsatz durch einen raschen Blick erfolgen.<\/p>\n\n\n\n<h3 class=\"wp-block-heading\">Made in Germany<\/h3>\n\n\n\n<p>Die Fertigung in Deutschland sichert hohe Sicherheits-, Umwelt- und Sozialstandards, aber auch die langfristige Verf\u00fcgbarkeit von Ersatzteilen. Wo m\u00f6glich, wird direkt im Haus gefertigt, was Qualit\u00e4t sichert, unn\u00f6tige Transportwege einspart und ein gro\u00dfes Ma\u00df an Flexibilit\u00e4t gew\u00e4hrleistet. So lassen sich kurze Lieferzeiten erreichen.<\/p>\n\n\n\n<p><\/p>\n","protected":false},"excerpt":{"rendered":"","protected":false},"author":6,"featured_media":0,"parent":610,"menu_order":0,"comment_status":"closed","ping_status":"closed","template":"templates\/productcategory.php","meta":{"_acf_changed":false,"_coblocks_attr":"","_coblocks_dimensions":"","_coblocks_responsive_height":"","_coblocks_accordion_ie_support":"","_eb_attr":"","advgb_blocks_editor_width":"","advgb_blocks_columns_visual_guide":"","footnotes":""},"class_list":["post-7467","page","type-page","status-publish","hentry"],"acf":[],"yoast_head":"<!-- This site is optimized with the Yoast SEO plugin v27.4 - https:\/\/yoast.com\/product\/yoast-seo-wordpress\/ -->\n<title>Informatik - MEKRUPHY GmbH<\/title>\n<meta name=\"description\" content=\"Unser Experimentierkasten K\u00dcNSTLICHE INTELLIGENZ erm\u00f6glicht erstmals einen analogen und haptischen Zugang zur Informatik im Schulunterricht.\" \/>\n<meta name=\"robots\" content=\"index, follow, max-snippet:-1, max-image-preview:large, max-video-preview:-1\" \/>\n<link rel=\"canonical\" href=\"https:\/\/mekruphy.com\/de\/produkte\/informatik\/\" \/>\n<meta property=\"og:locale\" content=\"de_DE\" \/>\n<meta property=\"og:type\" content=\"article\" \/>\n<meta property=\"og:title\" content=\"Informatik - MEKRUPHY GmbH\" \/>\n<meta property=\"og:description\" content=\"Unser Experimentierkasten K\u00dcNSTLICHE INTELLIGENZ erm\u00f6glicht erstmals einen analogen und haptischen Zugang zur Informatik im Schulunterricht.\" \/>\n<meta property=\"og:url\" content=\"https:\/\/mekruphy.com\/de\/produkte\/informatik\/\" \/>\n<meta property=\"og:site_name\" content=\"MEKRUPHY GmbH\" \/>\n<meta property=\"article:modified_time\" content=\"2023-12-06T10:02:47+00:00\" \/>\n<meta name=\"twitter:card\" content=\"summary_large_image\" \/>\n<script type=\"application\/ld+json\" class=\"yoast-schema-graph\">{\"@context\":\"https:\\\/\\\/schema.org\",\"@graph\":[{\"@type\":\"WebPage\",\"@id\":\"https:\\\/\\\/mekruphy.com\\\/de\\\/produkte\\\/informatik\\\/\",\"url\":\"https:\\\/\\\/mekruphy.com\\\/de\\\/produkte\\\/informatik\\\/\",\"name\":\"Informatik - MEKRUPHY GmbH\",\"isPartOf\":{\"@id\":\"https:\\\/\\\/mekruphy.com\\\/de\\\/#website\"},\"datePublished\":\"2023-07-03T14:45:26+00:00\",\"dateModified\":\"2023-12-06T10:02:47+00:00\",\"description\":\"Unser Experimentierkasten K\u00dcNSTLICHE INTELLIGENZ erm\u00f6glicht erstmals einen analogen und haptischen Zugang zur Informatik im Schulunterricht.\",\"breadcrumb\":{\"@id\":\"https:\\\/\\\/mekruphy.com\\\/de\\\/produkte\\\/informatik\\\/#breadcrumb\"},\"inLanguage\":\"de\",\"potentialAction\":[{\"@type\":\"ReadAction\",\"target\":[\"https:\\\/\\\/mekruphy.com\\\/de\\\/produkte\\\/informatik\\\/\"]}]},{\"@type\":\"BreadcrumbList\",\"@id\":\"https:\\\/\\\/mekruphy.com\\\/de\\\/produkte\\\/informatik\\\/#breadcrumb\",\"itemListElement\":[{\"@type\":\"ListItem\",\"position\":1,\"name\":\"Startseite\",\"item\":\"https:\\\/\\\/mekruphy.com\\\/de\\\/\"},{\"@type\":\"ListItem\",\"position\":2,\"name\":\"Produkte\",\"item\":\"https:\\\/\\\/mekruphy.com\\\/de\\\/produkte\\\/\"},{\"@type\":\"ListItem\",\"position\":3,\"name\":\"Informatik\"}]},{\"@type\":\"WebSite\",\"@id\":\"https:\\\/\\\/mekruphy.com\\\/de\\\/#website\",\"url\":\"https:\\\/\\\/mekruphy.com\\\/de\\\/\",\"name\":\"MEKRUPHY GmbH\",\"description\":\"Sch\u00fcler-Experimentierk\u00e4sten f\u00fcr den MINT-Unterricht\",\"potentialAction\":[{\"@type\":\"SearchAction\",\"target\":{\"@type\":\"EntryPoint\",\"urlTemplate\":\"https:\\\/\\\/mekruphy.com\\\/de\\\/?s={search_term_string}\"},\"query-input\":{\"@type\":\"PropertyValueSpecification\",\"valueRequired\":true,\"valueName\":\"search_term_string\"}}],\"inLanguage\":\"de\"}]}<\/script>\n<!-- \/ Yoast SEO plugin. -->","yoast_head_json":{"title":"Informatik - MEKRUPHY GmbH","description":"Unser Experimentierkasten K\u00dcNSTLICHE INTELLIGENZ erm\u00f6glicht erstmals einen analogen und haptischen Zugang zur Informatik im Schulunterricht.","robots":{"index":"index","follow":"follow","max-snippet":"max-snippet:-1","max-image-preview":"max-image-preview:large","max-video-preview":"max-video-preview:-1"},"canonical":"https:\/\/mekruphy.com\/de\/produkte\/informatik\/","og_locale":"de_DE","og_type":"article","og_title":"Informatik - MEKRUPHY GmbH","og_description":"Unser Experimentierkasten K\u00dcNSTLICHE INTELLIGENZ erm\u00f6glicht erstmals einen analogen und haptischen Zugang zur Informatik im Schulunterricht.","og_url":"https:\/\/mekruphy.com\/de\/produkte\/informatik\/","og_site_name":"MEKRUPHY GmbH","article_modified_time":"2023-12-06T10:02:47+00:00","twitter_card":"summary_large_image","schema":{"@context":"https:\/\/schema.org","@graph":[{"@type":"WebPage","@id":"https:\/\/mekruphy.com\/de\/produkte\/informatik\/","url":"https:\/\/mekruphy.com\/de\/produkte\/informatik\/","name":"Informatik - MEKRUPHY GmbH","isPartOf":{"@id":"https:\/\/mekruphy.com\/de\/#website"},"datePublished":"2023-07-03T14:45:26+00:00","dateModified":"2023-12-06T10:02:47+00:00","description":"Unser Experimentierkasten K\u00dcNSTLICHE INTELLIGENZ erm\u00f6glicht erstmals einen analogen und haptischen Zugang zur Informatik im Schulunterricht.","breadcrumb":{"@id":"https:\/\/mekruphy.com\/de\/produkte\/informatik\/#breadcrumb"},"inLanguage":"de","potentialAction":[{"@type":"ReadAction","target":["https:\/\/mekruphy.com\/de\/produkte\/informatik\/"]}]},{"@type":"BreadcrumbList","@id":"https:\/\/mekruphy.com\/de\/produkte\/informatik\/#breadcrumb","itemListElement":[{"@type":"ListItem","position":1,"name":"Startseite","item":"https:\/\/mekruphy.com\/de\/"},{"@type":"ListItem","position":2,"name":"Produkte","item":"https:\/\/mekruphy.com\/de\/produkte\/"},{"@type":"ListItem","position":3,"name":"Informatik"}]},{"@type":"WebSite","@id":"https:\/\/mekruphy.com\/de\/#website","url":"https:\/\/mekruphy.com\/de\/","name":"MEKRUPHY GmbH","description":"Sch\u00fcler-Experimentierk\u00e4sten f\u00fcr den MINT-Unterricht","potentialAction":[{"@type":"SearchAction","target":{"@type":"EntryPoint","urlTemplate":"https:\/\/mekruphy.com\/de\/?s={search_term_string}"},"query-input":{"@type":"PropertyValueSpecification","valueRequired":true,"valueName":"search_term_string"}}],"inLanguage":"de"}]}},"coauthors":[],"author_meta":{"author_link":"https:\/\/mekruphy.com\/de\/author\/sabine-kasparek\/","display_name":"Sabine Kasparek"},"relative_dates":{"created":"Ver\u00f6ffentlicht 3\u00a0Jahren vor","modified":"Aktualisiert 2\u00a0Jahren vor"},"absolute_dates":{"created":"Ver\u00f6ffentlicht am 3. Juli 2023","modified":"Aktualisiert am 6. Dezember 2023"},"absolute_dates_time":{"created":"Ver\u00f6ffentlicht am 3. Juli 2023 16:45","modified":"Aktualisiert am 6. Dezember 2023 11:02"},"featured_img_caption":"","featured_img":false,"series_order":"","_links":{"self":[{"href":"https:\/\/mekruphy.com\/de\/wp-json\/wp\/v2\/pages\/7467","targetHints":{"allow":["GET"]}}],"collection":[{"href":"https:\/\/mekruphy.com\/de\/wp-json\/wp\/v2\/pages"}],"about":[{"href":"https:\/\/mekruphy.com\/de\/wp-json\/wp\/v2\/types\/page"}],"author":[{"embeddable":true,"href":"https:\/\/mekruphy.com\/de\/wp-json\/wp\/v2\/users\/6"}],"replies":[{"embeddable":true,"href":"https:\/\/mekruphy.com\/de\/wp-json\/wp\/v2\/comments?post=7467"}],"version-history":[{"count":7,"href":"https:\/\/mekruphy.com\/de\/wp-json\/wp\/v2\/pages\/7467\/revisions"}],"predecessor-version":[{"id":7662,"href":"https:\/\/mekruphy.com\/de\/wp-json\/wp\/v2\/pages\/7467\/revisions\/7662"}],"up":[{"embeddable":true,"href":"https:\/\/mekruphy.com\/de\/wp-json\/wp\/v2\/pages\/610"}],"wp:attachment":[{"href":"https:\/\/mekruphy.com\/de\/wp-json\/wp\/v2\/media?parent=7467"}],"curies":[{"name":"wp","href":"https:\/\/api.w.org\/{rel}","templated":true}]}}