{"id":7471,"date":"2023-07-06T12:56:58","date_gmt":"2023-07-06T10:56:58","guid":{"rendered":"https:\/\/mekruphy.com\/de\/?page_id=7471"},"modified":"2026-04-01T12:16:47","modified_gmt":"2026-04-01T10:16:47","slug":"experimentiersatz-kuenstliche-intelligenz","status":"publish","type":"page","link":"https:\/\/mekruphy.com\/de\/produkte\/informatik\/experimentiersatz-kuenstliche-intelligenz\/","title":{"rendered":"Experimentiersatz K\u00dcNSTLICHE INTELLIGENZ"},"content":{"rendered":"<div class=\"yoast-breadcrumbs\"><span><span><a href=\"https:\/\/mekruphy.com\/de\/\">Startseite<\/a><\/span> \u00bb <span><a href=\"https:\/\/mekruphy.com\/de\/produkte\/\">Produkte<\/a><\/span> \u00bb <span><a href=\"https:\/\/mekruphy.com\/de\/produkte\/informatik\/\">Informatik<\/a><\/span> \u00bb <span class=\"breadcrumb_last\" aria-current=\"page\">Experimentiersatz K\u00dcNSTLICHE INTELLIGENZ<\/span><\/span><\/div>\n\n\n<div class=\"wp-block-advgb-adv-tabs advgb-tabs-wrapper advgb-tab-horz-desktop advgb-tab-vert-tablet advgb-tab-stack-mobile advgb-tabs-58ce113e-0ad4-409d-bbcf-41c4f6e830d1\" data-tab-active=\"0\"><ul class=\"advgb-tabs-panel\" role=\"tablist\"><li class=\"advgb-tab advgb-tab-active\" role=\"presentation\" style=\"background-color:#e0e0e0;border-style:solid;border-width:1px;border-radius:10px\"><button class=\"advgb-tab-button\" id=\"advgb-tab-_870f30-04-0\" aria-controls=\"advgb-tab-panel-_870f30-04-0\" role=\"tab\" aria-selected=\"true\" tabindex=\"0\" style=\"color:#fff;background:none;border:none;width:100%;text-align:inherit;cursor:pointer;padding:8px 16px;font:inherit\"><span>Beschreibung<\/span><\/button><\/li><li class=\"advgb-tab \" role=\"presentation\" style=\"background-color:#e0e0e0;border-style:solid;border-width:1px;border-radius:10px\"><button class=\"advgb-tab-button\" id=\"advgb-tab-_870f30-04-1\" aria-controls=\"advgb-tab-panel-_870f30-04-1\" role=\"tab\" aria-selected=\"false\" tabindex=\"0\" style=\"color:#fff;background:none;border:none;width:100%;text-align:inherit;cursor:pointer;padding:8px 16px;font:inherit\"><span>Lieferumfang<\/span><\/button><\/li><li class=\"advgb-tab \" role=\"presentation\" style=\"background-color:#e0e0e0;border-style:solid;border-width:1px;border-radius:10px\"><button class=\"advgb-tab-button\" id=\"advgb-tab-_870f30-04-2\" aria-controls=\"advgb-tab-panel-_870f30-04-2\" role=\"tab\" aria-selected=\"false\" tabindex=\"0\" style=\"color:#fff;background:none;border:none;width:100%;text-align:inherit;cursor:pointer;padding:8px 16px;font:inherit\"><span>Experimente<\/span><\/button><\/li><li class=\"advgb-tab \" role=\"presentation\" style=\"background-color:#e0e0e0;border-style:solid;border-width:1px;border-radius:10px\"><button class=\"advgb-tab-button\" id=\"advgb-tab-_870f30-04-3\" aria-controls=\"advgb-tab-panel-_870f30-04-3\" role=\"tab\" aria-selected=\"false\" tabindex=\"0\" style=\"color:#fff;background:none;border:none;width:100%;text-align:inherit;cursor:pointer;padding:8px 16px;font:inherit\"><span>Bilder<\/span><\/button><\/li><\/ul><div class=\"advgb-tab-body-wrapper\" style=\"border-style:solid;border-width:1px;border-radius:10px\">\n<div class=\"wp-block-advgb-tab advgb-tab-body-container\"><div class=\"advgb-tab-body-header advgb-tab-class- header-active\" id=\"advgb-tab-panel-_870f30-04-0\" role=\"tabpanel\" aria-labelledby=\"advgb-tab-_870f30-04-0\" tabindex=\"0\"><span>Beschreibung<\/span><\/div><div class=\"advgb-tab-_870f30-04 advgb-tab-body\" aria-labelledby=\"advgb-tab-panel-_870f30-04-0\" style=\"display:block\">\n<h2 class=\"wp-block-heading\" id=\"h-experimentiersatz-kunstliche-intelligenz-ki\">Experimentiersatz K\u00fcnstliche Intelligenz (KI)<\/h2>\n\n\n\n<p>Die Verf\u00fcgbarkeit gro\u00dfer Datenmengen in Verbindung mit immer leistungsf\u00e4higeren Rechnern haben in j\u00fcngster Zeit den Aufschwung der <em>K\u00fcnstlichen Intelligenz<\/em> (KI) befl\u00fcgelt und bislang ungeahnte Entwicklungen erm\u00f6glicht \u2013 mit allen damit verbundenen Chancen und Risiken. Dies schl\u00e4gt sich auch in den Lehrpl\u00e4nen vieler Bundesl\u00e4nder f\u00fcr das Fach Informatik nieder, in die das Thema bereits Eingang gefunden hat. F\u00fcr die Lehrkr\u00e4fte ist daher ein akuter Bedarf entstanden, dem wir mit unserem Experimentiersatz begegnen m\u00f6chten.<\/p>\n\n\n\n<h3 class=\"wp-block-heading\">Schulpraxis gepaart mit neuesten wissenschaftlichen Erkenntnissen<\/h3>\n\n\n\n<p>Dazu konnten wir die Universit\u00e4t W\u00fcrzburg als Kooperationspartner gewinnen: In Zusammenarbeit mit Dr. Silvia Joachim (<a href=\"https:\/\/www.informatik.uni-wuerzburg.de\/didaktik\/startseite\/\" target=\"_blank\" rel=\"noreferrer noopener\">Didaktik der Informatik<\/a>, Universit\u00e4t W\u00fcrzburg), die \u00fcber langj\u00e4hrige Erfahrungen aus der Schulpraxis verf\u00fcgt, ist ein Experimentiersatz entstanden, der je nach Lehrplan und Schultyp in mehreren Jahrgangsstufen eingesetzt werden kann und einen <a href=\"https:\/\/www.informatik.uni-wuerzburg.de\/didaktik\/aktivitaeten\/ki-experimentiersatz\/\" target=\"_blank\" rel=\"noreferrer noopener\">praxisnahen Zugang<\/a> zum neuen Lehrplan-Thema erschlie\u00dft.<\/p>\n\n\n\n<h3 class=\"wp-block-heading\">Breites Spektrum an Experimenten f\u00fcr verschiedene Altersgruppen<\/h3>\n\n\n\n<p>Das \u201eKI-gewinnt\u201c-Spiel bietet als Eingangsexperiment nicht nur einen spielerischen Einstieg, sondern die faszinierende Gelegenheit, dem \u201eKI-System\u201c gewisserma\u00dfen Runde f\u00fcr Runde beim Lernen zuzusehen. Fernab von Bildschirm und Computer wird deutlich, dass kein verborgenes Programm im Hintergrund wirkt, sondern rein systematisches Vorgehen zum Ergebnis f\u00fchrt! Das tr\u00e4gt nicht nur zum Verst\u00e4ndnis, sondern auch zur \u201eEntzauberung\u201c von K\u00fcnstlichen Intelligenz bei und legt die Grundlage f\u00fcr einen auf eigener Erfahrung und Fakten beruhenden, sachlichen Umgang mit dem Thema.<\/p>\n\n\n\n<p>Anhand der Holzpilze, die verschiedene sicht- und f\u00fchlbare \u2013 bin\u00e4re wie numerische \u2013 Merkmale tragen, lernen die Sch\u00fclerinnen und Sch\u00fcler die Grundprinzipien verschiedener Algorithmen kennen: Sie erstellen selbst einen Entscheidungsbaum mit einem Algorithmus und \u00fcberpr\u00fcfen diesen mathematisch anhand der Pilze, die so zur Br\u00fccke zwischen empirischem Ausprobieren und exaktem Berechnen werden.<\/p>\n\n\n\n<p>Die Einteilung in Trainings-, Validierungs-, Test- und Bestimmungspilze erm\u00f6glicht die Optimierung und Pr\u00fcfung verschiedener Modelle. Dabei wurde die Zahl der Pilze so gew\u00e4hlt, dass sie einerseits noch enaktives Ausprobieren, andererseits aber auch die Optimierung der Hyperparametern zul\u00e4sst. Die Koordinaten der Fundorte der Pilze vermitteln anschaulich den <a href=\"https:\/\/www.ibm.com\/de-de\/topics\/knn\" target=\"_blank\" rel=\"noreferrer noopener nofollow\"><em>k-n\u00e4chsten-Nachbar<\/em>-Algorithmus<\/a> und das <a href=\"https:\/\/neuromant.de\/2018\/11\/25\/Tutorial_Das-Perzeptron\/\" target=\"_blank\" rel=\"noreferrer noopener nofollow\">Perzeptron<\/a>. Differenzierungsm\u00f6glichkeiten erweitern das Spektrum der Experimente hin zu anspruchsvollen Oberstufenversuchen.<\/p>\n\n\n\n<h3 class=\"wp-block-heading\">Informatik trifft auf Ethik<\/h3>\n\n\n\n<p>Der Alltagsbezug der teils essbaren und teils giftigen Pilze macht zudem die ethische Dimension deutlich: Wie weit kann\/darf\/soll man einem Algorithmus (z. B. einer Pilz-Erkennungs-App) vertrauen und welche Verantwortung \u00fcbernimmt man dabei f\u00fcr sich und andere? Wie gef\u00e4hrlich ist K\u00fcnstliche Intelligenz? Wer haftet f\u00fcr Fehler?<\/p>\n\n\n\n<h3 class=\"wp-block-heading\">Begleitmaterialien<\/h3>\n\n\n\n<p>Sorgf\u00e4ltig erstellte und in der Praxis erprobte Experimentierhefte und Handreichungen f\u00fcr die Lehrkraft sorgen f\u00fcr entspanntes Arbeiten und Experimentieren ohne gro\u00dfe Vorbereitungszeit \u2013 selbst spontan in einer Vertretungsstunde. Je nach Altersstufe, Schultyp und Lehrplan k\u00f6nnen aufeinander aufbauende Lernspiele und Experimente durchgef\u00fchrt oder aber bestimmte Aufgaben ausgew\u00e4hlt und anhand der Differenzierungsoptionen bei Bedarf angepasst werden.<\/p>\n\n\n\n<h3 class=\"wp-block-heading\">Auch f\u00fcr Sch\u00fclerinnen und Sch\u00fcler mit beeintr\u00e4chtigtem Sehverm\u00f6gen<\/h3>\n\n\n\n<p>F\u00fchl- und tastbare Merkmale an den Spielsteinen und Holzpilzen, vertiefte Felder im Entscheidungsbaum-Modul sowie rutschfeste, taststabile Grundplatten erm\u00f6glichen Lernenden mit Sehbeeintr\u00e4chtigung einen \u201efassbaren\u201c Zugang zum Thema, auch im inklusiven Unterricht. Kontrastreiche, angenehm taktile Oberfl\u00e4chen sorgen im Sinne einer \u201etaktilen \u00c4sthetik\u201c durch ihren \u201eAufforderungscharakter\u201c ebenso wie die optisch ansprechende Gestaltung f\u00fcr eine stimulierende Lernatmosph\u00e4re und f\u00f6rdern den Lerneffekt auch f\u00fcr die \u201eSehenden\u201c.<\/p>\n\n\n\n<div style=\"height:40px\" aria-hidden=\"true\" class=\"wp-block-spacer\"><\/div>\n\n\n\n<h3 class=\"wp-block-heading\" id=\"h-presseberichte\">Presseberichte<\/h3>\n\n\n\n<p>30.11.2023  <a href=\"https:\/\/www.radiogong.com\/aktuelles\/news\/lokales\/wuerzburg-uni-entwickelt-ki-experimentierkasten-fuer-schulen\" target=\"_blank\" rel=\"noreferrer noopener\">W\u00fcrzburg: Uni entwickelt KI-Experimentierkasten f\u00fcr Schulen (Radio Gong)<\/a><\/p>\n\n\n\n<p>30.11.2023  <a href=\"https:\/\/www.meincharivari.de\/aktuelles\/news\/lokales\/wuerzburg-uni-entwickelt-ki-experimentierkasten-fuer-schulen\" target=\"_blank\" rel=\"noreferrer noopener\">W\u00fcrzburg: Uni entwickelt KI-Experimentierkasten f\u00fcr Schulen (Radio Charivari)<\/a><\/p>\n\n\n\n<p>05.12.2023  <a href=\"https:\/\/www.uni-wuerzburg.de\/aktuelles\/einblick\/single\/news\/ki-experimentiersatz\/\" target=\"_blank\" rel=\"noreferrer noopener\">Didaktik der Informatik entwickelt Experimentiersatz f\u00fcr Schulen (Julius-Maximilians-Universit\u00e4t W\u00fcrzburg)<\/a><\/p>\n<\/div><\/div>\n\n\n\n<div class=\"wp-block-advgb-tab advgb-tab-body-container\"><div class=\"advgb-tab-body-header advgb-tab-class- \" id=\"advgb-tab-panel-_870f30-04-1\" role=\"tabpanel\" aria-labelledby=\"advgb-tab-_870f30-04-1\" tabindex=\"0\"><span>Lieferumfang<\/span><\/div><div class=\"advgb-tab-_870f30-04 advgb-tab-body\" aria-labelledby=\"advgb-tab-panel-_870f30-04-1\" style=\"display:none\">\n<figure class=\"wp-block-table table-product-contents\"><table><tbody><tr><td>25.01.10<\/td><td>Aufbewahrungskasten flach<\/td><\/tr><tr><td>25.01.30 &nbsp; <\/td><td>Deckel mit Griffleiste und Koordinatensystem (Trainingsdaten)<\/td><\/tr><tr><td>74.01.00<\/td><td>Grundplatte KI-1-A \u201eKI gewinnt\u201c<\/td><\/tr><tr><td>74.02.00 <\/td><td>Satz runde Spielsteine (42-teilig)<\/td><\/tr><tr><td>74.03.00<\/td><td>Grundplatte KI-1-B \u201eEntscheidungsbaum\u201c (zweiteilig)<\/td><\/tr><tr><td>74.04.00<\/td><td>Satz Pilze (16-teilig)<\/td><\/tr><tr><td>74.05.00 <\/td><td>2x Satz Schilder gro\u00df f\u00fcr Entscheidungsbaum (jeweils 5-teilig)<\/td><\/tr><tr><td>74.06.00 &nbsp; <\/td><td>2x Satz Schilder klein f\u00fcr Entscheidungsbaum (jeweils 10-teilig)<\/td><\/tr><tr><td>74.07.00 <\/td><td>Grundplatte KI-1-C \u201e5 x 5\u201c mit Lineal<\/td><\/tr><tr><td><\/td><td><\/td><\/tr><\/tbody><\/table><\/figure>\n\n\n\n<div style=\"height:50px\" aria-hidden=\"true\" class=\"wp-block-spacer\"><\/div>\n\n\n\n<p>Jeder Bestellung liegen ein Experimentierheft und eine Handreichung bei.<\/p>\n<\/div><\/div>\n\n\n\n<div class=\"wp-block-advgb-tab advgb-tab-body-container\"><div class=\"advgb-tab-body-header advgb-tab-class- \" id=\"advgb-tab-panel-_870f30-04-2\" role=\"tabpanel\" aria-labelledby=\"advgb-tab-_870f30-04-2\" tabindex=\"0\"><span>Experimente<\/span><\/div><div class=\"advgb-tab-_870f30-04 advgb-tab-body\" aria-labelledby=\"advgb-tab-panel-_870f30-04-2\" style=\"display:none\">\n<p><\/p>\n\n\n\n<figure class=\"wp-block-table table-product-experiments-xl\"><table><tbody><tr><td>KI 1 &#8211; 4<br> <br><\/td><td>KI gewinnt &#8211; ein Lernspiel<br>(<em>Reinforcement Learning<\/em>)<\/td><\/tr><tr><td>KI 5 &#8211; 12<br> <br> <br> <br><\/td><td>Der Entscheidungsbaum-Algorithmus <br><em>(Klassifizierung, Erstellung eines Entscheidungsbaums,<br>Optimierung der Baumtiefe, Evaluierung mit Testdaten,<br>Ermittlung der Genauigkeit der Trainingsdaten in Abh\u00e4ngigkeit von der Baumtiefe)<\/em><\/td><\/tr><tr><td>KI 13 &#8211; 15<br> <br><\/td><td>Der k-n\u00e4chste-Nachbar-Algorithmus<br><em>(Optimierung von k)<\/em><\/td><\/tr><tr><td>KI 16 &#8211; 17<br> <br><\/td><td>Das Perzeptron &#8211; K\u00fcnstliches Neuron<br><em>(Perzeptron und Delta-Lernregel, Trennlinie)<\/em><\/td><\/tr><tr><td>KI 18 &#8211; 19<br> <br><\/td><td>Zusatzexperimente Grundlagen<br><em>(Greedy-Algorithmus, 5&#215;5-Codierung)<\/em><\/td><\/tr><\/tbody><\/table><\/figure>\n<\/div><\/div>\n\n\n\n<div class=\"wp-block-advgb-tab advgb-tab-body-container\"><div class=\"advgb-tab-body-header advgb-tab-class- \" id=\"advgb-tab-panel-_870f30-04-3\" role=\"tabpanel\" aria-labelledby=\"advgb-tab-_870f30-04-3\" tabindex=\"0\"><span>Bilder<\/span><\/div><div class=\"advgb-tab-_870f30-04 advgb-tab-body\" aria-labelledby=\"advgb-tab-panel-_870f30-04-3\" style=\"display:none\">\n<div class=\"wp-block-essential-blocks-image-gallery  root-eb-image-gallery-xwx4s\"><div class=\"eb-parent-wrapper eb-parent-eb-image-gallery-xwx4s \"><div class=\"eb-gallery-img-wrapper eb-image-gallery-xwx4s default v2 grid null no-isotope   overlay-bottom caption-style-0 caption-on-hover \" data-id=\"eb-image-gallery-xwx4s\" data-default-filter=\"*\" data-searchfilter=\"false\"><a href=\"javascript:void(0)\" rel=\"noopener\" class=\"eb-gallery-img-content  eb-filter-img-\"><span class=\"eb-gallery-link-wrapper\"><img decoding=\"async\" class=\"eb-gallery-img\" src=\"https:\/\/mekruphy.com\/de\/wp-content\/uploads\/2023\/07\/KI-Experimente-2023-4.webp\" image-index=\"0\" alt=\"Mensch gegen KI\"\/><span class=\"eb-img-gallery-content center bottom\"><\/span><\/span><\/a><a href=\"javascript:void(0)\" rel=\"noopener\" class=\"eb-gallery-img-content  eb-filter-img-\"><span class=\"eb-gallery-link-wrapper\"><img decoding=\"async\" class=\"eb-gallery-img\" src=\"https:\/\/mekruphy.com\/de\/wp-content\/uploads\/2023\/07\/Info-Head.webp\" image-index=\"1\" alt=\"\"\/><span class=\"eb-img-gallery-content center bottom\"><\/span><\/span><\/a><a href=\"javascript:void(0)\" rel=\"noopener\" class=\"eb-gallery-img-content  eb-filter-img-\"><span class=\"eb-gallery-link-wrapper\"><img decoding=\"async\" class=\"eb-gallery-img\" src=\"https:\/\/mekruphy.com\/de\/wp-content\/uploads\/2023\/07\/KI-Experimente-2023-3.webp\" image-index=\"2\" alt=\"Experimentiersatz K\u00fcnstliche Intelligenz\"\/><span class=\"eb-img-gallery-content center bottom\"><\/span><\/span><\/a><\/div><\/div><\/div>\n<\/div><\/div>\n<\/div><\/div>\n\n\n\n<p><\/p>\n<style class=\"advgb-styles-renderer\">.advgb-tabs-58ce113e-0ad4-409d-bbcf-41c4f6e830d1 ul.advgb-tabs-panel li.advgb-tab.advgb-tab-active {background-color:#5954d6 !important;color:#fff !important;}#advgb-tabs-58ce113e-0ad4-409d-bbcf-41c4f6e830d1 .advgb-tab-body-header.header-active, .advgb-tabs-58ce113e-0ad4-409d-bbcf-41c4f6e830d1 .advgb-tab-body-header.header-active{background-color:#5954d6 !important;color:#fff !important;}<\/style>","protected":false},"excerpt":{"rendered":"","protected":false},"author":6,"featured_media":7781,"parent":7467,"menu_order":0,"comment_status":"closed","ping_status":"closed","template":"templates\/product.php","meta":{"_acf_changed":false,"_coblocks_attr":"","_coblocks_dimensions":"","_coblocks_responsive_height":"","_coblocks_accordion_ie_support":"","_eb_attr":"","advgb_blocks_editor_width":"","advgb_blocks_columns_visual_guide":"","footnotes":""},"class_list":["post-7471","page","type-page","status-publish","has-post-thumbnail","hentry"],"acf":[],"yoast_head":"<!-- This site is optimized with the Yoast SEO plugin v27.3 - https:\/\/yoast.com\/product\/yoast-seo-wordpress\/ -->\n<title>Experimentiersatz K\u00dcNSTLICHE INTELLIGENZ - MEKRUPHY GmbH<\/title>\n<meta name=\"description\" content=\"Das brandaktuelle Thema KI l\u00e4sst sich mit dem MEKRUPHY-Kasten von den Sch\u00fcler:innen haptisch entdecken. Auch f\u00fcr Sehbeeintr\u00e4chtigte geeignet!\" \/>\n<meta name=\"robots\" content=\"index, follow, max-snippet:-1, max-image-preview:large, max-video-preview:-1\" \/>\n<link rel=\"canonical\" href=\"https:\/\/mekruphy.com\/de\/produkte\/informatik\/experimentiersatz-kuenstliche-intelligenz\/\" \/>\n<meta property=\"og:locale\" content=\"de_DE\" \/>\n<meta property=\"og:type\" content=\"article\" \/>\n<meta property=\"og:title\" content=\"Experimentiersatz K\u00dcNSTLICHE INTELLIGENZ - MEKRUPHY GmbH\" \/>\n<meta property=\"og:description\" content=\"Das brandaktuelle Thema KI l\u00e4sst sich mit dem MEKRUPHY-Kasten von den Sch\u00fcler:innen haptisch entdecken. Auch f\u00fcr Sehbeeintr\u00e4chtigte geeignet!\" \/>\n<meta property=\"og:url\" content=\"https:\/\/mekruphy.com\/de\/produkte\/informatik\/experimentiersatz-kuenstliche-intelligenz\/\" \/>\n<meta property=\"og:site_name\" content=\"MEKRUPHY GmbH\" \/>\n<meta property=\"article:modified_time\" content=\"2026-04-01T10:16:47+00:00\" \/>\n<meta property=\"og:image\" content=\"https:\/\/mekruphy.com\/de\/wp-content\/uploads\/2023\/10\/KI-Kasten-1024x804-1.jpg\" \/>\n\t<meta property=\"og:image:width\" content=\"1024\" \/>\n\t<meta property=\"og:image:height\" content=\"804\" \/>\n\t<meta property=\"og:image:type\" content=\"image\/jpeg\" \/>\n<meta name=\"twitter:card\" content=\"summary_large_image\" \/>\n<meta name=\"twitter:label1\" content=\"Gesch\u00e4tzte Lesezeit\" \/>\n\t<meta name=\"twitter:data1\" content=\"3\u00a0Minuten\" \/>\n<script type=\"application\/ld+json\" class=\"yoast-schema-graph\">{\"@context\":\"https:\\\/\\\/schema.org\",\"@graph\":[{\"@type\":\"WebPage\",\"@id\":\"https:\\\/\\\/mekruphy.com\\\/de\\\/produkte\\\/informatik\\\/experimentiersatz-kuenstliche-intelligenz\\\/\",\"url\":\"https:\\\/\\\/mekruphy.com\\\/de\\\/produkte\\\/informatik\\\/experimentiersatz-kuenstliche-intelligenz\\\/\",\"name\":\"Experimentiersatz K\u00dcNSTLICHE INTELLIGENZ - MEKRUPHY GmbH\",\"isPartOf\":{\"@id\":\"https:\\\/\\\/mekruphy.com\\\/de\\\/#website\"},\"primaryImageOfPage\":{\"@id\":\"https:\\\/\\\/mekruphy.com\\\/de\\\/produkte\\\/informatik\\\/experimentiersatz-kuenstliche-intelligenz\\\/#primaryimage\"},\"image\":{\"@id\":\"https:\\\/\\\/mekruphy.com\\\/de\\\/produkte\\\/informatik\\\/experimentiersatz-kuenstliche-intelligenz\\\/#primaryimage\"},\"thumbnailUrl\":\"https:\\\/\\\/mekruphy.com\\\/de\\\/wp-content\\\/uploads\\\/2023\\\/10\\\/KI-Kasten-1024x804-1.jpg\",\"datePublished\":\"2023-07-06T10:56:58+00:00\",\"dateModified\":\"2026-04-01T10:16:47+00:00\",\"description\":\"Das brandaktuelle Thema KI l\u00e4sst sich mit dem MEKRUPHY-Kasten von den Sch\u00fcler:innen haptisch entdecken. Auch f\u00fcr Sehbeeintr\u00e4chtigte geeignet!\",\"breadcrumb\":{\"@id\":\"https:\\\/\\\/mekruphy.com\\\/de\\\/produkte\\\/informatik\\\/experimentiersatz-kuenstliche-intelligenz\\\/#breadcrumb\"},\"inLanguage\":\"de\",\"potentialAction\":[{\"@type\":\"ReadAction\",\"target\":[\"https:\\\/\\\/mekruphy.com\\\/de\\\/produkte\\\/informatik\\\/experimentiersatz-kuenstliche-intelligenz\\\/\"]}]},{\"@type\":\"ImageObject\",\"inLanguage\":\"de\",\"@id\":\"https:\\\/\\\/mekruphy.com\\\/de\\\/produkte\\\/informatik\\\/experimentiersatz-kuenstliche-intelligenz\\\/#primaryimage\",\"url\":\"https:\\\/\\\/mekruphy.com\\\/de\\\/wp-content\\\/uploads\\\/2023\\\/10\\\/KI-Kasten-1024x804-1.jpg\",\"contentUrl\":\"https:\\\/\\\/mekruphy.com\\\/de\\\/wp-content\\\/uploads\\\/2023\\\/10\\\/KI-Kasten-1024x804-1.jpg\",\"width\":1024,\"height\":804},{\"@type\":\"BreadcrumbList\",\"@id\":\"https:\\\/\\\/mekruphy.com\\\/de\\\/produkte\\\/informatik\\\/experimentiersatz-kuenstliche-intelligenz\\\/#breadcrumb\",\"itemListElement\":[{\"@type\":\"ListItem\",\"position\":1,\"name\":\"Startseite\",\"item\":\"https:\\\/\\\/mekruphy.com\\\/de\\\/\"},{\"@type\":\"ListItem\",\"position\":2,\"name\":\"Produkte\",\"item\":\"https:\\\/\\\/mekruphy.com\\\/de\\\/produkte\\\/\"},{\"@type\":\"ListItem\",\"position\":3,\"name\":\"Informatik\",\"item\":\"https:\\\/\\\/mekruphy.com\\\/de\\\/produkte\\\/informatik\\\/\"},{\"@type\":\"ListItem\",\"position\":4,\"name\":\"Experimentiersatz K\u00dcNSTLICHE INTELLIGENZ\"}]},{\"@type\":\"WebSite\",\"@id\":\"https:\\\/\\\/mekruphy.com\\\/de\\\/#website\",\"url\":\"https:\\\/\\\/mekruphy.com\\\/de\\\/\",\"name\":\"MEKRUPHY GmbH\",\"description\":\"Sch\u00fcler-Experimentierk\u00e4sten f\u00fcr den MINT-Unterricht\",\"potentialAction\":[{\"@type\":\"SearchAction\",\"target\":{\"@type\":\"EntryPoint\",\"urlTemplate\":\"https:\\\/\\\/mekruphy.com\\\/de\\\/?s={search_term_string}\"},\"query-input\":{\"@type\":\"PropertyValueSpecification\",\"valueRequired\":true,\"valueName\":\"search_term_string\"}}],\"inLanguage\":\"de\"}]}<\/script>\n<!-- \/ Yoast SEO plugin. -->","yoast_head_json":{"title":"Experimentiersatz K\u00dcNSTLICHE INTELLIGENZ - MEKRUPHY GmbH","description":"Das brandaktuelle Thema KI l\u00e4sst sich mit dem MEKRUPHY-Kasten von den Sch\u00fcler:innen haptisch entdecken. Auch f\u00fcr Sehbeeintr\u00e4chtigte geeignet!","robots":{"index":"index","follow":"follow","max-snippet":"max-snippet:-1","max-image-preview":"max-image-preview:large","max-video-preview":"max-video-preview:-1"},"canonical":"https:\/\/mekruphy.com\/de\/produkte\/informatik\/experimentiersatz-kuenstliche-intelligenz\/","og_locale":"de_DE","og_type":"article","og_title":"Experimentiersatz K\u00dcNSTLICHE INTELLIGENZ - MEKRUPHY GmbH","og_description":"Das brandaktuelle Thema KI l\u00e4sst sich mit dem MEKRUPHY-Kasten von den Sch\u00fcler:innen haptisch entdecken. Auch f\u00fcr Sehbeeintr\u00e4chtigte geeignet!","og_url":"https:\/\/mekruphy.com\/de\/produkte\/informatik\/experimentiersatz-kuenstliche-intelligenz\/","og_site_name":"MEKRUPHY GmbH","article_modified_time":"2026-04-01T10:16:47+00:00","og_image":[{"width":1024,"height":804,"url":"https:\/\/mekruphy.com\/de\/wp-content\/uploads\/2023\/10\/KI-Kasten-1024x804-1.jpg","type":"image\/jpeg"}],"twitter_card":"summary_large_image","twitter_misc":{"Gesch\u00e4tzte Lesezeit":"3\u00a0Minuten"},"schema":{"@context":"https:\/\/schema.org","@graph":[{"@type":"WebPage","@id":"https:\/\/mekruphy.com\/de\/produkte\/informatik\/experimentiersatz-kuenstliche-intelligenz\/","url":"https:\/\/mekruphy.com\/de\/produkte\/informatik\/experimentiersatz-kuenstliche-intelligenz\/","name":"Experimentiersatz K\u00dcNSTLICHE INTELLIGENZ - MEKRUPHY GmbH","isPartOf":{"@id":"https:\/\/mekruphy.com\/de\/#website"},"primaryImageOfPage":{"@id":"https:\/\/mekruphy.com\/de\/produkte\/informatik\/experimentiersatz-kuenstliche-intelligenz\/#primaryimage"},"image":{"@id":"https:\/\/mekruphy.com\/de\/produkte\/informatik\/experimentiersatz-kuenstliche-intelligenz\/#primaryimage"},"thumbnailUrl":"https:\/\/mekruphy.com\/de\/wp-content\/uploads\/2023\/10\/KI-Kasten-1024x804-1.jpg","datePublished":"2023-07-06T10:56:58+00:00","dateModified":"2026-04-01T10:16:47+00:00","description":"Das brandaktuelle Thema KI l\u00e4sst sich mit dem MEKRUPHY-Kasten von den Sch\u00fcler:innen haptisch entdecken. Auch f\u00fcr Sehbeeintr\u00e4chtigte geeignet!","breadcrumb":{"@id":"https:\/\/mekruphy.com\/de\/produkte\/informatik\/experimentiersatz-kuenstliche-intelligenz\/#breadcrumb"},"inLanguage":"de","potentialAction":[{"@type":"ReadAction","target":["https:\/\/mekruphy.com\/de\/produkte\/informatik\/experimentiersatz-kuenstliche-intelligenz\/"]}]},{"@type":"ImageObject","inLanguage":"de","@id":"https:\/\/mekruphy.com\/de\/produkte\/informatik\/experimentiersatz-kuenstliche-intelligenz\/#primaryimage","url":"https:\/\/mekruphy.com\/de\/wp-content\/uploads\/2023\/10\/KI-Kasten-1024x804-1.jpg","contentUrl":"https:\/\/mekruphy.com\/de\/wp-content\/uploads\/2023\/10\/KI-Kasten-1024x804-1.jpg","width":1024,"height":804},{"@type":"BreadcrumbList","@id":"https:\/\/mekruphy.com\/de\/produkte\/informatik\/experimentiersatz-kuenstliche-intelligenz\/#breadcrumb","itemListElement":[{"@type":"ListItem","position":1,"name":"Startseite","item":"https:\/\/mekruphy.com\/de\/"},{"@type":"ListItem","position":2,"name":"Produkte","item":"https:\/\/mekruphy.com\/de\/produkte\/"},{"@type":"ListItem","position":3,"name":"Informatik","item":"https:\/\/mekruphy.com\/de\/produkte\/informatik\/"},{"@type":"ListItem","position":4,"name":"Experimentiersatz K\u00dcNSTLICHE INTELLIGENZ"}]},{"@type":"WebSite","@id":"https:\/\/mekruphy.com\/de\/#website","url":"https:\/\/mekruphy.com\/de\/","name":"MEKRUPHY GmbH","description":"Sch\u00fcler-Experimentierk\u00e4sten f\u00fcr den MINT-Unterricht","potentialAction":[{"@type":"SearchAction","target":{"@type":"EntryPoint","urlTemplate":"https:\/\/mekruphy.com\/de\/?s={search_term_string}"},"query-input":{"@type":"PropertyValueSpecification","valueRequired":true,"valueName":"search_term_string"}}],"inLanguage":"de"}]}},"coauthors":[],"author_meta":{"author_link":"https:\/\/mekruphy.com\/de\/author\/sabine-kasparek\/","display_name":"Sabine Kasparek"},"relative_dates":{"created":"Ver\u00f6ffentlicht 3\u00a0Jahren vor","modified":"Aktualisiert 2\u00a0Wochen vor"},"absolute_dates":{"created":"Ver\u00f6ffentlicht am 6. Juli 2023","modified":"Aktualisiert am 1. April 2026"},"absolute_dates_time":{"created":"Ver\u00f6ffentlicht am 6. Juli 2023 12:56","modified":"Aktualisiert am 1. April 2026 12:16"},"featured_img_caption":"","featured_img":"https:\/\/mekruphy.com\/de\/wp-content\/uploads\/2023\/10\/KI-Kasten-1024x804-1.jpg","series_order":"","_links":{"self":[{"href":"https:\/\/mekruphy.com\/de\/wp-json\/wp\/v2\/pages\/7471","targetHints":{"allow":["GET"]}}],"collection":[{"href":"https:\/\/mekruphy.com\/de\/wp-json\/wp\/v2\/pages"}],"about":[{"href":"https:\/\/mekruphy.com\/de\/wp-json\/wp\/v2\/types\/page"}],"author":[{"embeddable":true,"href":"https:\/\/mekruphy.com\/de\/wp-json\/wp\/v2\/users\/6"}],"replies":[{"embeddable":true,"href":"https:\/\/mekruphy.com\/de\/wp-json\/wp\/v2\/comments?post=7471"}],"version-history":[{"count":66,"href":"https:\/\/mekruphy.com\/de\/wp-json\/wp\/v2\/pages\/7471\/revisions"}],"predecessor-version":[{"id":9651,"href":"https:\/\/mekruphy.com\/de\/wp-json\/wp\/v2\/pages\/7471\/revisions\/9651"}],"up":[{"embeddable":true,"href":"https:\/\/mekruphy.com\/de\/wp-json\/wp\/v2\/pages\/7467"}],"wp:featuredmedia":[{"embeddable":true,"href":"https:\/\/mekruphy.com\/de\/wp-json\/wp\/v2\/media\/7781"}],"wp:attachment":[{"href":"https:\/\/mekruphy.com\/de\/wp-json\/wp\/v2\/media?parent=7471"}],"curies":[{"name":"wp","href":"https:\/\/api.w.org\/{rel}","templated":true}]}}