{"id":7491,"date":"2023-07-06T14:16:56","date_gmt":"2023-07-06T12:16:56","guid":{"rendered":"https:\/\/mekruphy.com\/de\/?page_id=7491"},"modified":"2023-10-31T08:53:58","modified_gmt":"2023-10-31T07:53:58","slug":"informatik-experimentierhefte-handreichungen","status":"publish","type":"page","link":"https:\/\/mekruphy.com\/de\/produkte\/informatik\/informatik-experimentierhefte-handreichungen\/","title":{"rendered":"INFORMATIK Experimentierhefte\/Handreichungen"},"content":{"rendered":"<div class=\"yoast-breadcrumbs\"><span><span><a href=\"https:\/\/mekruphy.com\/de\/\">Startseite<\/a><\/span> \u00bb <span><a href=\"https:\/\/mekruphy.com\/de\/produkte\/\">Produkte<\/a><\/span> \u00bb <span><a href=\"https:\/\/mekruphy.com\/de\/produkte\/informatik\/\">Informatik<\/a><\/span> \u00bb <span class=\"breadcrumb_last\" aria-current=\"page\">INFORMATIK Experimentierhefte\/Handreichungen<\/span><\/span><\/div>\n\n\n<h2 class=\"wp-block-heading advgb-dyn-822d0674\" id=\"h-lehr-und-lernmaterialien\">Lehr- und Lernmaterialien<\/h2>\n\n\n\n<p>Die MEKRUPHY Experimentierhefte und Handreichungen f\u00fcr die Lehrkraft wurden von erfahrenen Informatiklehrkr\u00e4ften verfasst. Au\u00dferdem werden sie \u00fcber viele Jahre an mehreren Schulen erprobt und immer wieder verbessert. Mit diesen Anleitungen k\u00f6nnen die Sch\u00fclerinnen und Sch\u00fcler im Informatikunterricht v\u00f6llig selbstst\u00e4ndig arbeiten und folglich die Lehrkraft effektiv entlasten. <\/p>\n\n\n\n<div style=\"height:16px\" aria-hidden=\"true\" class=\"wp-block-spacer\"><\/div>\n\n\n\n<p>F\u00fcr den bilingualen Unterricht gibt es die Experimentierhefte und Handreichungen f\u00fcr die Lehrkraft auch in Englisch. Dar\u00fcber hinaus sind alle Experimentierhefte auch als Downloadlizenz erh\u00e4ltlich. Falls die Bestellung durch die Verwaltung oder Schulleitung aufgegeben wird, muss unbedingt die Dienst-E-Mail-Adresse der Fachlehrkraft angegeben werden, die auf den Download zugreifen soll.<\/p>\n\n\n\n<div style=\"height:16px\" aria-hidden=\"true\" class=\"wp-block-spacer\"><\/div>\n\n\n\n<p>Alle Hefte k\u00f6nnen Sie direkt \u00fcber unseren <a href=\"https:\/\/shop.mekruphy.com\/artikeluebersicht\/inf-manuals.aspx\" target=\"_blank\" rel=\"noreferrer noopener\">Webshop<\/a> bestellen.<\/p>\n\n\n\n<h3 class=\"wp-block-heading\">Experimentierhefte<\/h3>\n\n\n\n<p>Die Themen sind im Experimentierheft so angeordnet, dass die Sch\u00fclerinnen und Sch\u00fcler mit zunehmendem Lernfortschritt immer mehr Eigeninitiative und Kreativit\u00e4t zeigen.<\/p>\n\n\n\n<div style=\"height:16px\" aria-hidden=\"true\" class=\"wp-block-spacer\"><\/div>\n\n\n\n<p>Die Texte der Experimentierhefte sind<\/p>\n\n\n\n<ul class=\"wp-block-list\">\n<li>leicht verst\u00e4ndlich<\/li>\n\n\n\n<li>klar gegliedert<\/li>\n\n\n\n<li>\u00fcbersichtlich dargestellt und<\/li>\n\n\n\n<li>methodisch geschickt aufgebaut<\/li>\n<\/ul>\n\n\n\n<p>Jeder Bestellung von <a href=\"https:\/\/shop.mekruphy.com\/artikeluebersicht\/informatik.aspx\" target=\"_blank\" rel=\"noreferrer noopener\">Informatik-Experimentierk\u00e4sten<\/a> liegt unabh\u00e4ngig von der Anzahl ein passendes, gedrucktes Freiexemplar bei.<\/p>\n\n\n\n<h3 class=\"wp-block-heading advgb-dyn-ec7e254f\" id=\"h-handreichungen-fur-die-lehrkraft\">Handreichungen f\u00fcr die Lehrkraft<\/h3>\n\n\n\n<p>Passend zu den Experimentierheften f\u00fcr die Sch\u00fclerinnen und Sch\u00fcler gibt es begleitende Handreichungen f\u00fcr die Lehrkraft in Printform. Sie enthalten zu jedem einzelnen Kapitel Hintergrundinformationen und didaktische Hinweise zum Bearbeiten der Aufgaben. Au\u00dferdem finden sich darin nat\u00fcrlich Antworten und L\u00f6sungen f\u00fcr die im Experimentierheft gestellten Fragen bzw. Aufgaben.<\/p>\n\n\n\n<p><\/p>\n","protected":false},"excerpt":{"rendered":"<p>Lehr- und Lernmaterialien Die MEKRUPHY Experimentierhefte und Handreichungen f\u00fcr die Lehrkraft wurden von erfahrenen Informatiklehrkr\u00e4ften verfasst. Au\u00dferdem werden sie \u00fcber viele Jahre an mehreren Schulen erprobt und immer wieder verbessert. Mit diesen Anleitungen k\u00f6nnen die Sch\u00fclerinnen und Sch\u00fcler im Informatikunterricht v\u00f6llig selbstst\u00e4ndig arbeiten und folglich die Lehrkraft effektiv entlasten. F\u00fcr den bilingualen Unterricht gibt es [&hellip;]<\/p>\n","protected":false},"author":6,"featured_media":0,"parent":7467,"menu_order":1,"comment_status":"closed","ping_status":"closed","template":"templates\/productcategory.php","meta":{"_acf_changed":false,"_coblocks_attr":"","_coblocks_dimensions":"","_coblocks_responsive_height":"","_coblocks_accordion_ie_support":"","_eb_attr":"","advgb_blocks_editor_width":"","advgb_blocks_columns_visual_guide":"","footnotes":""},"class_list":["post-7491","page","type-page","status-publish","hentry"],"acf":[],"yoast_head":"<!-- This site is optimized with the Yoast SEO plugin v27.3 - https:\/\/yoast.com\/product\/yoast-seo-wordpress\/ -->\n<title>INFORMATIK Experimentierhefte\/Handreichungen - MEKRUPHY GmbH<\/title>\n<meta name=\"description\" content=\"Unsere Sch\u00fcler- und Lehrerhefte wurden von erfahrenen Lehrkr\u00e4ften verfasst, \u00fcber viele Jahre an Schulen erprobt und immer wieder verbessert.\" \/>\n<meta name=\"robots\" content=\"index, follow, max-snippet:-1, max-image-preview:large, max-video-preview:-1\" \/>\n<link rel=\"canonical\" href=\"https:\/\/mekruphy.com\/de\/produkte\/informatik\/informatik-experimentierhefte-handreichungen\/\" \/>\n<meta property=\"og:locale\" content=\"de_DE\" \/>\n<meta property=\"og:type\" content=\"article\" \/>\n<meta property=\"og:title\" content=\"INFORMATIK Experimentierhefte\/Handreichungen - MEKRUPHY GmbH\" \/>\n<meta property=\"og:description\" content=\"Unsere Sch\u00fcler- und Lehrerhefte wurden von erfahrenen Lehrkr\u00e4ften verfasst, \u00fcber viele Jahre an Schulen erprobt und immer wieder verbessert.\" \/>\n<meta property=\"og:url\" content=\"https:\/\/mekruphy.com\/de\/produkte\/informatik\/informatik-experimentierhefte-handreichungen\/\" \/>\n<meta property=\"og:site_name\" content=\"MEKRUPHY GmbH\" \/>\n<meta property=\"article:modified_time\" content=\"2023-10-31T07:53:58+00:00\" \/>\n<meta name=\"twitter:card\" content=\"summary_large_image\" \/>\n<meta name=\"twitter:label1\" content=\"Gesch\u00e4tzte Lesezeit\" \/>\n\t<meta name=\"twitter:data1\" content=\"2\u00a0Minuten\" \/>\n<script type=\"application\/ld+json\" class=\"yoast-schema-graph\">{\"@context\":\"https:\\\/\\\/schema.org\",\"@graph\":[{\"@type\":\"WebPage\",\"@id\":\"https:\\\/\\\/mekruphy.com\\\/de\\\/produkte\\\/informatik\\\/informatik-experimentierhefte-handreichungen\\\/\",\"url\":\"https:\\\/\\\/mekruphy.com\\\/de\\\/produkte\\\/informatik\\\/informatik-experimentierhefte-handreichungen\\\/\",\"name\":\"INFORMATIK Experimentierhefte\\\/Handreichungen - MEKRUPHY GmbH\",\"isPartOf\":{\"@id\":\"https:\\\/\\\/mekruphy.com\\\/de\\\/#website\"},\"datePublished\":\"2023-07-06T12:16:56+00:00\",\"dateModified\":\"2023-10-31T07:53:58+00:00\",\"description\":\"Unsere Sch\u00fcler- und Lehrerhefte wurden von erfahrenen Lehrkr\u00e4ften verfasst, \u00fcber viele Jahre an Schulen erprobt und immer wieder verbessert.\",\"breadcrumb\":{\"@id\":\"https:\\\/\\\/mekruphy.com\\\/de\\\/produkte\\\/informatik\\\/informatik-experimentierhefte-handreichungen\\\/#breadcrumb\"},\"inLanguage\":\"de\",\"potentialAction\":[{\"@type\":\"ReadAction\",\"target\":[\"https:\\\/\\\/mekruphy.com\\\/de\\\/produkte\\\/informatik\\\/informatik-experimentierhefte-handreichungen\\\/\"]}]},{\"@type\":\"BreadcrumbList\",\"@id\":\"https:\\\/\\\/mekruphy.com\\\/de\\\/produkte\\\/informatik\\\/informatik-experimentierhefte-handreichungen\\\/#breadcrumb\",\"itemListElement\":[{\"@type\":\"ListItem\",\"position\":1,\"name\":\"Startseite\",\"item\":\"https:\\\/\\\/mekruphy.com\\\/de\\\/\"},{\"@type\":\"ListItem\",\"position\":2,\"name\":\"Produkte\",\"item\":\"https:\\\/\\\/mekruphy.com\\\/de\\\/produkte\\\/\"},{\"@type\":\"ListItem\",\"position\":3,\"name\":\"Informatik\",\"item\":\"https:\\\/\\\/mekruphy.com\\\/de\\\/produkte\\\/informatik\\\/\"},{\"@type\":\"ListItem\",\"position\":4,\"name\":\"INFORMATIK Experimentierhefte\\\/Handreichungen\"}]},{\"@type\":\"WebSite\",\"@id\":\"https:\\\/\\\/mekruphy.com\\\/de\\\/#website\",\"url\":\"https:\\\/\\\/mekruphy.com\\\/de\\\/\",\"name\":\"MEKRUPHY GmbH\",\"description\":\"Sch\u00fcler-Experimentierk\u00e4sten f\u00fcr den MINT-Unterricht\",\"potentialAction\":[{\"@type\":\"SearchAction\",\"target\":{\"@type\":\"EntryPoint\",\"urlTemplate\":\"https:\\\/\\\/mekruphy.com\\\/de\\\/?s={search_term_string}\"},\"query-input\":{\"@type\":\"PropertyValueSpecification\",\"valueRequired\":true,\"valueName\":\"search_term_string\"}}],\"inLanguage\":\"de\"}]}<\/script>\n<!-- \/ Yoast SEO plugin. -->","yoast_head_json":{"title":"INFORMATIK Experimentierhefte\/Handreichungen - MEKRUPHY GmbH","description":"Unsere Sch\u00fcler- und Lehrerhefte wurden von erfahrenen Lehrkr\u00e4ften verfasst, \u00fcber viele Jahre an Schulen erprobt und immer wieder verbessert.","robots":{"index":"index","follow":"follow","max-snippet":"max-snippet:-1","max-image-preview":"max-image-preview:large","max-video-preview":"max-video-preview:-1"},"canonical":"https:\/\/mekruphy.com\/de\/produkte\/informatik\/informatik-experimentierhefte-handreichungen\/","og_locale":"de_DE","og_type":"article","og_title":"INFORMATIK Experimentierhefte\/Handreichungen - MEKRUPHY GmbH","og_description":"Unsere Sch\u00fcler- und Lehrerhefte wurden von erfahrenen Lehrkr\u00e4ften verfasst, \u00fcber viele Jahre an Schulen erprobt und immer wieder verbessert.","og_url":"https:\/\/mekruphy.com\/de\/produkte\/informatik\/informatik-experimentierhefte-handreichungen\/","og_site_name":"MEKRUPHY GmbH","article_modified_time":"2023-10-31T07:53:58+00:00","twitter_card":"summary_large_image","twitter_misc":{"Gesch\u00e4tzte Lesezeit":"2\u00a0Minuten"},"schema":{"@context":"https:\/\/schema.org","@graph":[{"@type":"WebPage","@id":"https:\/\/mekruphy.com\/de\/produkte\/informatik\/informatik-experimentierhefte-handreichungen\/","url":"https:\/\/mekruphy.com\/de\/produkte\/informatik\/informatik-experimentierhefte-handreichungen\/","name":"INFORMATIK Experimentierhefte\/Handreichungen - MEKRUPHY GmbH","isPartOf":{"@id":"https:\/\/mekruphy.com\/de\/#website"},"datePublished":"2023-07-06T12:16:56+00:00","dateModified":"2023-10-31T07:53:58+00:00","description":"Unsere Sch\u00fcler- und Lehrerhefte wurden von erfahrenen Lehrkr\u00e4ften verfasst, \u00fcber viele Jahre an Schulen erprobt und immer wieder verbessert.","breadcrumb":{"@id":"https:\/\/mekruphy.com\/de\/produkte\/informatik\/informatik-experimentierhefte-handreichungen\/#breadcrumb"},"inLanguage":"de","potentialAction":[{"@type":"ReadAction","target":["https:\/\/mekruphy.com\/de\/produkte\/informatik\/informatik-experimentierhefte-handreichungen\/"]}]},{"@type":"BreadcrumbList","@id":"https:\/\/mekruphy.com\/de\/produkte\/informatik\/informatik-experimentierhefte-handreichungen\/#breadcrumb","itemListElement":[{"@type":"ListItem","position":1,"name":"Startseite","item":"https:\/\/mekruphy.com\/de\/"},{"@type":"ListItem","position":2,"name":"Produkte","item":"https:\/\/mekruphy.com\/de\/produkte\/"},{"@type":"ListItem","position":3,"name":"Informatik","item":"https:\/\/mekruphy.com\/de\/produkte\/informatik\/"},{"@type":"ListItem","position":4,"name":"INFORMATIK Experimentierhefte\/Handreichungen"}]},{"@type":"WebSite","@id":"https:\/\/mekruphy.com\/de\/#website","url":"https:\/\/mekruphy.com\/de\/","name":"MEKRUPHY GmbH","description":"Sch\u00fcler-Experimentierk\u00e4sten f\u00fcr den MINT-Unterricht","potentialAction":[{"@type":"SearchAction","target":{"@type":"EntryPoint","urlTemplate":"https:\/\/mekruphy.com\/de\/?s={search_term_string}"},"query-input":{"@type":"PropertyValueSpecification","valueRequired":true,"valueName":"search_term_string"}}],"inLanguage":"de"}]}},"coauthors":[],"author_meta":{"author_link":"https:\/\/mekruphy.com\/de\/author\/sabine-kasparek\/","display_name":"Sabine Kasparek"},"relative_dates":{"created":"Ver\u00f6ffentlicht 3\u00a0Jahren vor","modified":"Aktualisiert 2\u00a0Jahren vor"},"absolute_dates":{"created":"Ver\u00f6ffentlicht am 6. Juli 2023","modified":"Aktualisiert am 31. Oktober 2023"},"absolute_dates_time":{"created":"Ver\u00f6ffentlicht am 6. Juli 2023 14:16","modified":"Aktualisiert am 31. Oktober 2023 8:53"},"featured_img_caption":"","featured_img":false,"series_order":"","_links":{"self":[{"href":"https:\/\/mekruphy.com\/de\/wp-json\/wp\/v2\/pages\/7491","targetHints":{"allow":["GET"]}}],"collection":[{"href":"https:\/\/mekruphy.com\/de\/wp-json\/wp\/v2\/pages"}],"about":[{"href":"https:\/\/mekruphy.com\/de\/wp-json\/wp\/v2\/types\/page"}],"author":[{"embeddable":true,"href":"https:\/\/mekruphy.com\/de\/wp-json\/wp\/v2\/users\/6"}],"replies":[{"embeddable":true,"href":"https:\/\/mekruphy.com\/de\/wp-json\/wp\/v2\/comments?post=7491"}],"version-history":[{"count":9,"href":"https:\/\/mekruphy.com\/de\/wp-json\/wp\/v2\/pages\/7491\/revisions"}],"predecessor-version":[{"id":7778,"href":"https:\/\/mekruphy.com\/de\/wp-json\/wp\/v2\/pages\/7491\/revisions\/7778"}],"up":[{"embeddable":true,"href":"https:\/\/mekruphy.com\/de\/wp-json\/wp\/v2\/pages\/7467"}],"wp:attachment":[{"href":"https:\/\/mekruphy.com\/de\/wp-json\/wp\/v2\/media?parent=7491"}],"curies":[{"name":"wp","href":"https:\/\/api.w.org\/{rel}","templated":true}]}}