{"id":7710,"date":"2023-10-09T11:27:27","date_gmt":"2023-10-09T09:27:27","guid":{"rendered":"https:\/\/mekruphy.com\/de\/?page_id=7710"},"modified":"2023-12-15T09:45:51","modified_gmt":"2023-12-15T08:45:51","slug":"information-fuer-unsere-schweizer-kunden","status":"publish","type":"page","link":"https:\/\/mekruphy.com\/de\/service\/information-fuer-unsere-schweizer-kunden\/","title":{"rendered":"Information f\u00fcr unsere Schweizer Kunden"},"content":{"rendered":"\n<div style=\"height:40px\" aria-hidden=\"true\" class=\"wp-block-spacer\"><\/div>\n\n\n\n<div class=\"wp-block-essential-blocks-advanced-image\"><div class=\"eb-parent-wrapper eb-parent-eb-advanced-image-bsh2jyv \"><figure class=\"eb-advanced-image-wrapper eb-advanced-image-bsh2jyv img-style-rounded caption-style-1 caption-horizontal-center caption-vertical-bottom bottom no-effect\" data-id=\"eb-advanced-image-bsh2jyv\"><div class=\"image-wrapper\"><img decoding=\"async\" src=\"https:\/\/mekruphy.com\/de\/wp-content\/uploads\/2023\/10\/cabinets-5231008_1280.png\" alt=\"\"\/><\/div><\/figure><\/div><\/div>\n\n\n\n<div style=\"height:40px\" aria-hidden=\"true\" class=\"wp-block-spacer\"><\/div>\n\n\n\n<p class=\"has-text-align-left\" style=\"font-size:22px\">Unsere Experimentiers\u00e4tze sind aufgrund ihrer Warentarifnummern <strong>vom Einfuhrzoll befreit<\/strong> \u2013 es fallen jedoch Zollabwicklungsgeb\u00fchren (Dienstleistung) an, die Ihnen direkt durch den Paketdienstleister bzw. die Spedition in Rechnung gestellt werden. Die Ware unterliegt nat\u00fcrlich auch der Schweizer Umsatzsteuer.<\/p>\n","protected":false},"excerpt":{"rendered":"<p>Unsere Experimentiers\u00e4tze sind aufgrund ihrer Warentarifnummern vom Einfuhrzoll befreit \u2013 es fallen jedoch Zollabwicklungsgeb\u00fchren (Dienstleistung) an, die Ihnen direkt durch den Paketdienstleister bzw. die Spedition in Rechnung gestellt werden. Die Ware unterliegt nat\u00fcrlich auch der Schweizer Umsatzsteuer.<\/p>\n","protected":false},"author":6,"featured_media":7739,"parent":785,"menu_order":0,"comment_status":"closed","ping_status":"closed","template":"","meta":{"_acf_changed":false,"_coblocks_attr":"","_coblocks_dimensions":"","_coblocks_responsive_height":"","_coblocks_accordion_ie_support":"","_eb_attr":"","advgb_blocks_editor_width":"","advgb_blocks_columns_visual_guide":"","footnotes":""},"class_list":["post-7710","page","type-page","status-publish","has-post-thumbnail","hentry"],"acf":[],"yoast_head":"<!-- This site is optimized with the Yoast SEO plugin v27.4 - https:\/\/yoast.com\/product\/yoast-seo-wordpress\/ -->\n<title>Information f\u00fcr unsere Schweizer Kunden - MEKRUPHY GmbH<\/title>\n<meta name=\"robots\" content=\"index, follow, max-snippet:-1, max-image-preview:large, max-video-preview:-1\" \/>\n<link rel=\"canonical\" href=\"https:\/\/mekruphy.com\/de\/service\/information-fuer-unsere-schweizer-kunden\/\" \/>\n<meta property=\"og:locale\" content=\"de_DE\" \/>\n<meta property=\"og:type\" content=\"article\" \/>\n<meta property=\"og:title\" content=\"Information f\u00fcr unsere Schweizer Kunden - MEKRUPHY GmbH\" \/>\n<meta property=\"og:description\" content=\"Unsere Experimentiers\u00e4tze sind aufgrund ihrer Warentarifnummern vom Einfuhrzoll befreit \u2013 es fallen jedoch Zollabwicklungsgeb\u00fchren (Dienstleistung) an, die Ihnen direkt durch den Paketdienstleister bzw. die Spedition in Rechnung gestellt werden. Die Ware unterliegt nat\u00fcrlich auch der Schweizer Umsatzsteuer.\" \/>\n<meta property=\"og:url\" content=\"https:\/\/mekruphy.com\/de\/service\/information-fuer-unsere-schweizer-kunden\/\" \/>\n<meta property=\"og:site_name\" content=\"MEKRUPHY GmbH\" \/>\n<meta property=\"article:modified_time\" content=\"2023-12-15T08:45:51+00:00\" \/>\n<meta property=\"og:image\" content=\"https:\/\/mekruphy.com\/de\/wp-content\/uploads\/2023\/10\/Civil_Ensign_of_Switzerland.svg.png\" \/>\n\t<meta property=\"og:image:width\" content=\"2560\" \/>\n\t<meta property=\"og:image:height\" content=\"1707\" \/>\n\t<meta property=\"og:image:type\" content=\"image\/png\" \/>\n<meta name=\"twitter:card\" content=\"summary_large_image\" \/>\n<meta name=\"twitter:label1\" content=\"Gesch\u00e4tzte Lesezeit\" \/>\n\t<meta name=\"twitter:data1\" content=\"1\u00a0Minute\" \/>\n<script type=\"application\/ld+json\" class=\"yoast-schema-graph\">{\"@context\":\"https:\\\/\\\/schema.org\",\"@graph\":[{\"@type\":\"WebPage\",\"@id\":\"https:\\\/\\\/mekruphy.com\\\/de\\\/service\\\/information-fuer-unsere-schweizer-kunden\\\/\",\"url\":\"https:\\\/\\\/mekruphy.com\\\/de\\\/service\\\/information-fuer-unsere-schweizer-kunden\\\/\",\"name\":\"Information f\u00fcr unsere Schweizer Kunden - MEKRUPHY GmbH\",\"isPartOf\":{\"@id\":\"https:\\\/\\\/mekruphy.com\\\/de\\\/#website\"},\"primaryImageOfPage\":{\"@id\":\"https:\\\/\\\/mekruphy.com\\\/de\\\/service\\\/information-fuer-unsere-schweizer-kunden\\\/#primaryimage\"},\"image\":{\"@id\":\"https:\\\/\\\/mekruphy.com\\\/de\\\/service\\\/information-fuer-unsere-schweizer-kunden\\\/#primaryimage\"},\"thumbnailUrl\":\"https:\\\/\\\/mekruphy.com\\\/de\\\/wp-content\\\/uploads\\\/2023\\\/10\\\/Civil_Ensign_of_Switzerland.svg.png\",\"datePublished\":\"2023-10-09T09:27:27+00:00\",\"dateModified\":\"2023-12-15T08:45:51+00:00\",\"breadcrumb\":{\"@id\":\"https:\\\/\\\/mekruphy.com\\\/de\\\/service\\\/information-fuer-unsere-schweizer-kunden\\\/#breadcrumb\"},\"inLanguage\":\"de\",\"potentialAction\":[{\"@type\":\"ReadAction\",\"target\":[\"https:\\\/\\\/mekruphy.com\\\/de\\\/service\\\/information-fuer-unsere-schweizer-kunden\\\/\"]}]},{\"@type\":\"ImageObject\",\"inLanguage\":\"de\",\"@id\":\"https:\\\/\\\/mekruphy.com\\\/de\\\/service\\\/information-fuer-unsere-schweizer-kunden\\\/#primaryimage\",\"url\":\"https:\\\/\\\/mekruphy.com\\\/de\\\/wp-content\\\/uploads\\\/2023\\\/10\\\/Civil_Ensign_of_Switzerland.svg.png\",\"contentUrl\":\"https:\\\/\\\/mekruphy.com\\\/de\\\/wp-content\\\/uploads\\\/2023\\\/10\\\/Civil_Ensign_of_Switzerland.svg.png\",\"width\":2560,\"height\":1707},{\"@type\":\"BreadcrumbList\",\"@id\":\"https:\\\/\\\/mekruphy.com\\\/de\\\/service\\\/information-fuer-unsere-schweizer-kunden\\\/#breadcrumb\",\"itemListElement\":[{\"@type\":\"ListItem\",\"position\":1,\"name\":\"Startseite\",\"item\":\"https:\\\/\\\/mekruphy.com\\\/de\\\/\"},{\"@type\":\"ListItem\",\"position\":2,\"name\":\"Service\",\"item\":\"https:\\\/\\\/mekruphy.com\\\/de\\\/service\\\/\"},{\"@type\":\"ListItem\",\"position\":3,\"name\":\"Information f\u00fcr unsere Schweizer Kunden\"}]},{\"@type\":\"WebSite\",\"@id\":\"https:\\\/\\\/mekruphy.com\\\/de\\\/#website\",\"url\":\"https:\\\/\\\/mekruphy.com\\\/de\\\/\",\"name\":\"MEKRUPHY GmbH\",\"description\":\"Sch\u00fcler-Experimentierk\u00e4sten f\u00fcr den MINT-Unterricht\",\"potentialAction\":[{\"@type\":\"SearchAction\",\"target\":{\"@type\":\"EntryPoint\",\"urlTemplate\":\"https:\\\/\\\/mekruphy.com\\\/de\\\/?s={search_term_string}\"},\"query-input\":{\"@type\":\"PropertyValueSpecification\",\"valueRequired\":true,\"valueName\":\"search_term_string\"}}],\"inLanguage\":\"de\"}]}<\/script>\n<!-- \/ Yoast SEO plugin. -->","yoast_head_json":{"title":"Information f\u00fcr unsere Schweizer Kunden - MEKRUPHY GmbH","robots":{"index":"index","follow":"follow","max-snippet":"max-snippet:-1","max-image-preview":"max-image-preview:large","max-video-preview":"max-video-preview:-1"},"canonical":"https:\/\/mekruphy.com\/de\/service\/information-fuer-unsere-schweizer-kunden\/","og_locale":"de_DE","og_type":"article","og_title":"Information f\u00fcr unsere Schweizer Kunden - MEKRUPHY GmbH","og_description":"Unsere Experimentiers\u00e4tze sind aufgrund ihrer Warentarifnummern vom Einfuhrzoll befreit \u2013 es fallen jedoch Zollabwicklungsgeb\u00fchren (Dienstleistung) an, die Ihnen direkt durch den Paketdienstleister bzw. die Spedition in Rechnung gestellt werden. Die Ware unterliegt nat\u00fcrlich auch der Schweizer Umsatzsteuer.","og_url":"https:\/\/mekruphy.com\/de\/service\/information-fuer-unsere-schweizer-kunden\/","og_site_name":"MEKRUPHY GmbH","article_modified_time":"2023-12-15T08:45:51+00:00","og_image":[{"width":2560,"height":1707,"url":"https:\/\/mekruphy.com\/de\/wp-content\/uploads\/2023\/10\/Civil_Ensign_of_Switzerland.svg.png","type":"image\/png"}],"twitter_card":"summary_large_image","twitter_misc":{"Gesch\u00e4tzte Lesezeit":"1\u00a0Minute"},"schema":{"@context":"https:\/\/schema.org","@graph":[{"@type":"WebPage","@id":"https:\/\/mekruphy.com\/de\/service\/information-fuer-unsere-schweizer-kunden\/","url":"https:\/\/mekruphy.com\/de\/service\/information-fuer-unsere-schweizer-kunden\/","name":"Information f\u00fcr unsere Schweizer Kunden - MEKRUPHY GmbH","isPartOf":{"@id":"https:\/\/mekruphy.com\/de\/#website"},"primaryImageOfPage":{"@id":"https:\/\/mekruphy.com\/de\/service\/information-fuer-unsere-schweizer-kunden\/#primaryimage"},"image":{"@id":"https:\/\/mekruphy.com\/de\/service\/information-fuer-unsere-schweizer-kunden\/#primaryimage"},"thumbnailUrl":"https:\/\/mekruphy.com\/de\/wp-content\/uploads\/2023\/10\/Civil_Ensign_of_Switzerland.svg.png","datePublished":"2023-10-09T09:27:27+00:00","dateModified":"2023-12-15T08:45:51+00:00","breadcrumb":{"@id":"https:\/\/mekruphy.com\/de\/service\/information-fuer-unsere-schweizer-kunden\/#breadcrumb"},"inLanguage":"de","potentialAction":[{"@type":"ReadAction","target":["https:\/\/mekruphy.com\/de\/service\/information-fuer-unsere-schweizer-kunden\/"]}]},{"@type":"ImageObject","inLanguage":"de","@id":"https:\/\/mekruphy.com\/de\/service\/information-fuer-unsere-schweizer-kunden\/#primaryimage","url":"https:\/\/mekruphy.com\/de\/wp-content\/uploads\/2023\/10\/Civil_Ensign_of_Switzerland.svg.png","contentUrl":"https:\/\/mekruphy.com\/de\/wp-content\/uploads\/2023\/10\/Civil_Ensign_of_Switzerland.svg.png","width":2560,"height":1707},{"@type":"BreadcrumbList","@id":"https:\/\/mekruphy.com\/de\/service\/information-fuer-unsere-schweizer-kunden\/#breadcrumb","itemListElement":[{"@type":"ListItem","position":1,"name":"Startseite","item":"https:\/\/mekruphy.com\/de\/"},{"@type":"ListItem","position":2,"name":"Service","item":"https:\/\/mekruphy.com\/de\/service\/"},{"@type":"ListItem","position":3,"name":"Information f\u00fcr unsere Schweizer Kunden"}]},{"@type":"WebSite","@id":"https:\/\/mekruphy.com\/de\/#website","url":"https:\/\/mekruphy.com\/de\/","name":"MEKRUPHY GmbH","description":"Sch\u00fcler-Experimentierk\u00e4sten f\u00fcr den MINT-Unterricht","potentialAction":[{"@type":"SearchAction","target":{"@type":"EntryPoint","urlTemplate":"https:\/\/mekruphy.com\/de\/?s={search_term_string}"},"query-input":{"@type":"PropertyValueSpecification","valueRequired":true,"valueName":"search_term_string"}}],"inLanguage":"de"}]}},"coauthors":[],"author_meta":{"author_link":"https:\/\/mekruphy.com\/de\/author\/sabine-kasparek\/","display_name":"Sabine Kasparek"},"relative_dates":{"created":"Ver\u00f6ffentlicht 3\u00a0Jahren vor","modified":"Aktualisiert 2\u00a0Jahren vor"},"absolute_dates":{"created":"Ver\u00f6ffentlicht am 9. Oktober 2023","modified":"Aktualisiert am 15. Dezember 2023"},"absolute_dates_time":{"created":"Ver\u00f6ffentlicht am 9. Oktober 2023 11:27","modified":"Aktualisiert am 15. Dezember 2023 9:45"},"featured_img_caption":"","featured_img":"https:\/\/mekruphy.com\/de\/wp-content\/uploads\/2023\/10\/Civil_Ensign_of_Switzerland.svg.png","series_order":"","_links":{"self":[{"href":"https:\/\/mekruphy.com\/de\/wp-json\/wp\/v2\/pages\/7710","targetHints":{"allow":["GET"]}}],"collection":[{"href":"https:\/\/mekruphy.com\/de\/wp-json\/wp\/v2\/pages"}],"about":[{"href":"https:\/\/mekruphy.com\/de\/wp-json\/wp\/v2\/types\/page"}],"author":[{"embeddable":true,"href":"https:\/\/mekruphy.com\/de\/wp-json\/wp\/v2\/users\/6"}],"replies":[{"embeddable":true,"href":"https:\/\/mekruphy.com\/de\/wp-json\/wp\/v2\/comments?post=7710"}],"version-history":[{"count":43,"href":"https:\/\/mekruphy.com\/de\/wp-json\/wp\/v2\/pages\/7710\/revisions"}],"predecessor-version":[{"id":7848,"href":"https:\/\/mekruphy.com\/de\/wp-json\/wp\/v2\/pages\/7710\/revisions\/7848"}],"up":[{"embeddable":true,"href":"https:\/\/mekruphy.com\/de\/wp-json\/wp\/v2\/pages\/785"}],"wp:featuredmedia":[{"embeddable":true,"href":"https:\/\/mekruphy.com\/de\/wp-json\/wp\/v2\/media\/7739"}],"wp:attachment":[{"href":"https:\/\/mekruphy.com\/de\/wp-json\/wp\/v2\/media?parent=7710"}],"curies":[{"name":"wp","href":"https:\/\/api.w.org\/{rel}","templated":true}]}}