{"id":7816,"date":"2023-12-01T10:29:50","date_gmt":"2023-12-01T09:29:50","guid":{"rendered":"https:\/\/mekruphy.com\/de\/?page_id=7816"},"modified":"2024-12-17T11:44:16","modified_gmt":"2024-12-17T10:44:16","slug":"ki","status":"publish","type":"page","link":"https:\/\/mekruphy.com\/de\/ki\/","title":{"rendered":"K\u00dcNSTLICHE INTELLIGENZ"},"content":{"rendered":"\n<p>Das Themengebiet\u00a0K\u00fcnstliche Intelligenz\u00a0(KI) wurde durch die rasanten Entwicklungen in den letzten Jahren in den Fokus der \u00d6ffentlichkeit katapultiert und hat mittlerweile Einzug in die Lehrpl\u00e4ne der F\u00e4cher Informatik und Informationstechnologie gefunden.<\/p>\n\n\n\n<div style=\"height:20px\" aria-hidden=\"true\" class=\"wp-block-spacer\"><\/div>\n\n\n\n<p>Mit unserem ersten MEKRUPHY Informatik-Experimentierkasten, der in Kooperation mit der\u00a0<a href=\"https:\/\/www.informatik.uni-wuerzburg.de\/didaktik\/aktivitaeten\/ki-experimentiersatz\/\" target=\"_blank\" rel=\"noreferrer noopener\">Professur f\u00fcr Didaktik der Informatik<\/a>\u00a0der\u00a0<a href=\"https:\/\/www.uni-wuerzburg.de\/aktuelles\/einblick\/single\/news\/ki-experimentiersatz\/\" target=\"_blank\" rel=\"noreferrer noopener\">Universit\u00e4t W\u00fcrzburg<\/a>\u00a0entstand, m\u00f6chten wir dem Rechnung tragen und sowohl Informatiklernende als auch -lehrende mit unseren ausgefeilten, haptischen Lernmaterialien unterst\u00fctzen. Ein analoger, an Alltagserfahrungen ankn\u00fcpfender Zugang tr\u00e4gt dazu bei, Ber\u00fchrungs\u00e4ngste zu \u00fcberwinden und das Interesse der Sch\u00fclerinnen und Sch\u00fcler zu wecken. Der visuelle und haptische Aspekt des Lernens sowie spielerische Elemente leisten dabei eine wichtige Hilfestellung und motivieren, die gewonnenen Erkenntnisse auch mathematisch zu beschreiben.<\/p>\n\n\n\n<div style=\"height:20px\" aria-hidden=\"true\" class=\"wp-block-spacer\"><\/div>\n\n\n<div class=\"root-eb-post-grid-3apmu wp-block-essential-blocks-post-grid\">\n    <div class=\"eb-parent-wrapper eb-parent-eb-post-grid-3apmu \">\n        <div class=\"eb-post-grid-3apmu style-5  eb-post-grid-wrapper\"\n            data-id=\"eb-post-grid-3apmu\"\n            data-querydata=\"{&quot;source&quot;:&quot;post&quot;,&quot;sourceIndex&quot;:0,&quot;rest_base&quot;:&quot;posts&quot;,&quot;rest_namespace&quot;:&quot;wp\\\/v2&quot;,&quot;author&quot;:&quot;&quot;,&quot;taxonomies&quot;:{&quot;category&quot;:{&quot;name&quot;:&quot;Kategorien&quot;,&quot;rest_base&quot;:&quot;categories&quot;,&quot;rest_namespace&quot;:&quot;wp\\\/v2&quot;,&quot;slug&quot;:&quot;category&quot;,&quot;value&quot;:&quot;[{\\&quot;value\\&quot;:93,\\&quot;label\\&quot;:\\&quot;Aktuelles\\&quot;}]&quot;},&quot;post_tag&quot;:{&quot;name&quot;:&quot;Schlagw\\u00f6rter&quot;,&quot;rest_base&quot;:&quot;tags&quot;,&quot;rest_namespace&quot;:&quot;wp\\\/v2&quot;,&quot;slug&quot;:&quot;post_tag&quot;,&quot;value&quot;:&quot;[{\\&quot;value\\&quot;:1119,\\&quot;label\\&quot;:\\&quot;Informatik\\&quot;}]&quot;}},&quot;per_page&quot;:&quot;6&quot;,&quot;offset&quot;:&quot;0&quot;,&quot;orderby&quot;:&quot;date&quot;,&quot;order&quot;:&quot;desc&quot;,&quot;include&quot;:&quot;&quot;,&quot;exclude&quot;:&quot;&quot;,&quot;exclude_current&quot;:false}\"\n            data-attributes=\"{&quot;thumbnailSize&quot;:&quot;&quot;,&quot;loadMoreOptions&quot;:{&quot;enableMorePosts&quot;:false,&quot;loadMoreType&quot;:&quot;1&quot;,&quot;loadMoreButtonTxt&quot;:&quot;Load More&quot;,&quot;alignment&quot;:&quot;center&quot;,&quot;prevTxt&quot;:&quot;&lt;&quot;,&quot;nextTxt&quot;:&quot;&gt;&quot;,&quot;totalPosts&quot;:3},&quot;showSearch&quot;:false,&quot;showTaxonomyFilter&quot;:false,&quot;enableAjaxSearch&quot;:false,&quot;addIcon&quot;:false,&quot;iconPosition&quot;:&quot;left&quot;,&quot;icon&quot;:&quot;fas fa-chevron-right&quot;,&quot;preset&quot;:&quot;style-5&quot;,&quot;defaultFilter&quot;:&quot;all&quot;,&quot;version&quot;:&quot;v2&quot;,&quot;showBlockContent&quot;:true,&quot;showFallbackImg&quot;:false,&quot;fallbackImgUrl&quot;:&quot;&quot;,&quot;showThumbnail&quot;:true,&quot;showTitle&quot;:true,&quot;titleLength&quot;:&quot;&quot;,&quot;titleTag&quot;:&quot;h2&quot;,&quot;showContent&quot;:false,&quot;contentLength&quot;:20,&quot;expansionIndicator&quot;:&quot;...&quot;,&quot;showReadMore&quot;:false,&quot;readmoreText&quot;:&quot;Read More&quot;,&quot;showMeta&quot;:true,&quot;headerMeta&quot;:&quot;[{\\&quot;value\\&quot;:\\&quot;date\\&quot;,\\&quot;label\\&quot;:\\&quot;Published Date\\&quot;}]&quot;,&quot;footerMeta&quot;:&quot;[]&quot;,&quot;authorPrefix&quot;:&quot;&quot;,&quot;datePrefix&quot;:&quot;&quot;,&quot;showFeaturedPost&quot;:false,&quot;featuredPostId&quot;:&quot;&quot;,&quot;showFeaturedPostTitle&quot;:true,&quot;showFeaturedPostContent&quot;:false,&quot;showFeaturedPostMeta&quot;:true,&quot;showFeaturedHeaderMeta&quot;:true,&quot;showFeaturedFooterMeta&quot;:true,&quot;featuredMetaItems&quot;:&quot;{}&quot;,&quot;featuredExcerptLength&quot;:10}\">\n\n            \n\n            <div class=\"eb-post-grid-posts-wrapper\"><article class=\"ebpg-grid-post ebpg-post-grid-column\" data-id=\"8364\"><div class=\"ebpg-grid-post-holder\"><a class=\"ebpg-post-link-wrapper eb-sr-only\" href=\"https:\/\/mekruphy.com\/de\/neu-digitalpaket-ki-verstehen\/\">NEU: Digitalpaket KI verstehen<\/a><div class=\"ebpg-entry-media\">\n                <div class=\"ebpg-entry-thumbnail\">\n                    \n                    <img loading=\"lazy\" decoding=\"async\" width=\"1024\" height=\"780\" src=\"https:\/\/mekruphy.com\/de\/wp-content\/uploads\/2024\/12\/Digitalpaket-KI-verstehen-1024x780-1.jpg\" class=\"attachment-full size-full\" alt=\"\" \/>\n                <\/div>\n            <\/div><div class=\"ebpg-entry-wrapper\"><header class=\"ebpg-entry-header\">\n            <h2 class=\"ebpg-entry-title\">\n                <a class=\"ebpg-grid-post-link\" href=\"https:\/\/mekruphy.com\/de\/neu-digitalpaket-ki-verstehen\/\" title=\"neu:digitalpaketkiverstehen\">NEU: Digitalpaket KI verstehen<\/a>\n            <\/h2>\n        <\/header><div class=\"ebpg-entry-meta ebpg-header-meta\"><div class=\"ebpg-entry-meta-items\"><span class=\"ebpg-posted-on\">\n             <time dateTime=\"2024-12-06T13:49:26+01:00\">6. Dezember 2024<\/time>\n        <\/span><\/div><\/div><div class=\"ebpg-entry-meta ebpg-footer-meta\"><div class=\"ebpg-entry-meta-items\"><\/div><\/div><\/div><\/div><\/article><article class=\"ebpg-grid-post ebpg-post-grid-column\" data-id=\"8042\"><div class=\"ebpg-grid-post-holder\"><a class=\"ebpg-post-link-wrapper eb-sr-only\" href=\"https:\/\/mekruphy.com\/de\/neu-online-kataloge-2-0\/\">NEU: Online-Kataloge 2.0<\/a><div class=\"ebpg-entry-media\">\n                <div class=\"ebpg-entry-thumbnail\">\n                    \n                    <img loading=\"lazy\" decoding=\"async\" width=\"800\" height=\"600\" src=\"https:\/\/mekruphy.com\/de\/wp-content\/uploads\/2024\/03\/Neue-Online-Kataloge.png\" class=\"attachment-full size-full\" alt=\"\" \/>\n                <\/div>\n            <\/div><div class=\"ebpg-entry-wrapper\"><header class=\"ebpg-entry-header\">\n            <h2 class=\"ebpg-entry-title\">\n                <a class=\"ebpg-grid-post-link\" href=\"https:\/\/mekruphy.com\/de\/neu-online-kataloge-2-0\/\" title=\"neu:online-kataloge20\">NEU: Online-Kataloge 2.0<\/a>\n            <\/h2>\n        <\/header><div class=\"ebpg-entry-meta ebpg-header-meta\"><div class=\"ebpg-entry-meta-items\"><span class=\"ebpg-posted-on\">\n             <time dateTime=\"2024-03-15T11:52:07+01:00\">15. M\u00e4rz 2024<\/time>\n        <\/span><\/div><\/div><div class=\"ebpg-entry-meta ebpg-footer-meta\"><div class=\"ebpg-entry-meta-items\"><\/div><\/div><\/div><\/div><\/article><article class=\"ebpg-grid-post ebpg-post-grid-column\" data-id=\"7560\"><div class=\"ebpg-grid-post-holder\"><a class=\"ebpg-post-link-wrapper eb-sr-only\" href=\"https:\/\/mekruphy.com\/de\/neu-experimentiersatz-kuenstliche-intelligenz\/\">NEU: Experimentiersatz K\u00dcNSTLICHE INTELLIGENZ<\/a><div class=\"ebpg-entry-media\">\n                <div class=\"ebpg-entry-thumbnail\">\n                    \n                    <img loading=\"lazy\" decoding=\"async\" width=\"720\" height=\"480\" src=\"https:\/\/mekruphy.com\/de\/wp-content\/uploads\/2023\/07\/KI-Experimente-2023-3.webp\" class=\"attachment-full size-full\" alt=\"Experimentiersatz K\u00fcnstliche Intelligenz\" \/>\n                <\/div>\n            <\/div><div class=\"ebpg-entry-wrapper\"><header class=\"ebpg-entry-header\">\n            <h2 class=\"ebpg-entry-title\">\n                <a class=\"ebpg-grid-post-link\" href=\"https:\/\/mekruphy.com\/de\/neu-experimentiersatz-kuenstliche-intelligenz\/\" title=\"neu:experimentiersatzknstlicheintelligenz\">NEU: Experimentiersatz K\u00dcNSTLICHE INTELLIGENZ<\/a>\n            <\/h2>\n        <\/header><div class=\"ebpg-entry-meta ebpg-header-meta\"><div class=\"ebpg-entry-meta-items\"><span class=\"ebpg-posted-on\">\n             <time dateTime=\"2023-07-06T16:53:58+02:00\">6. Juli 2023<\/time>\n        <\/span><\/div><\/div><div class=\"ebpg-entry-meta ebpg-footer-meta\"><div class=\"ebpg-entry-meta-items\"><\/div><\/div><\/div><\/div><\/article><\/div>        <\/div>\n    <\/div>\n<\/div>\n\n\n\n<div style=\"height:20px\" aria-hidden=\"true\" class=\"wp-block-spacer\"><\/div>\n\n\n\n<div class=\"wp-block-essential-blocks-row alignfull  root-eb-row-bob62\"><div class=\"eb-parent-wrapper eb-parent-eb-row-bob62 \"><div class=\"eb-row-root-container eb-row-bob62\" data-id=\"eb-row-bob62\"><div class=\"eb-row-wrapper\"><div class=\"eb-row-inner\">\n<div class=\"wp-block-essential-blocks-column  root-eb-column-xf99t\"><div class=\"eb-parent-wrapper eb-parent-eb-column-xf99t \"><div class=\"eb-column-wrapper eb-column-xf99t\"><div class=\"eb-column-inner\">\n<h3 class=\"wp-block-heading\" id=\"h-das-schuler-experimentiersystem\">Das Sch\u00fcler-Experimentiersystem<\/h3>\n\n\n\n<p>Unser MEKRUPHY-Experimentiersystem setzt seit 40 Jahren erfolgreich auf Qualit\u00e4t, Praxisn\u00e4he und handlungsorientierten Unterricht. Grundlegende Prinzipien dabei sind:<\/p>\n\n\n\n<ul class=\"wp-block-list\">\n<li>hochwertige, in Deutschland gefertigte Ger\u00e4te<\/li>\n\n\n\n<li>Transparenz \u2013 bei der didaktischen Aufarbeitung wie bei den Materialen<\/li>\n\n\n\n<li>\u00fcbersichtliche, kompakte Unterbringung in handlichen Experimentierk\u00e4sten<\/li>\n\n\n\n<li>sorgf\u00e4ltig erprobte Begleitmaterialien f\u00fcr die Sch\u00fclerhand und f\u00fcr die Lehrkr\u00e4fte<\/li>\n\n\n\n<li>enger Kontakt zu Schulen und Hochschulen<\/li>\n<\/ul>\n<\/div><\/div><\/div><\/div>\n\n\n\n<div class=\"wp-block-essential-blocks-column  root-eb-column-y1rgu\"><div class=\"eb-parent-wrapper eb-parent-eb-column-y1rgu \"><div class=\"eb-column-wrapper eb-column-y1rgu\"><div class=\"eb-column-inner\">\n<div class=\"wp-block-essential-blocks-advanced-image  root-eb-advanced-image-7dvax\"><div class=\"eb-parent-wrapper eb-parent-eb-advanced-image-7dvax \"><figure class=\"eb-advanced-image-wrapper eb-advanced-image-7dvax img-style-rounded caption-style-1 caption-horizontal-center caption-vertical-bottom bottom no-effect\" data-id=\"eb-advanced-image-7dvax\"><div class=\"image-wrapper\"><img decoding=\"async\" src=\"https:\/\/mekruphy.com\/de\/wp-content\/uploads\/2023\/07\/KI-Experimente-2023-3.webp\" alt=\"Experimentiersatz K\u00fcnstliche Intelligenz\"\/><\/div><\/figure><\/div><\/div>\n<\/div><\/div><\/div><\/div>\n<\/div><\/div><\/div><\/div><\/div>\n\n\n\n<div style=\"height:20px\" aria-hidden=\"true\" class=\"wp-block-spacer\"><\/div>\n\n\n\n<div class=\"wp-block-essential-blocks-row alignfull  root-eb-row-w6408\"><div class=\"eb-parent-wrapper eb-parent-eb-row-w6408 \"><div class=\"eb-row-root-container eb-row-w6408\" data-id=\"eb-row-w6408\"><div class=\"eb-row-wrapper\"><div class=\"eb-row-inner\">\n<div class=\"wp-block-essential-blocks-column  root-eb-column-a7dtq\"><div class=\"eb-parent-wrapper eb-parent-eb-column-a7dtq \"><div class=\"eb-column-wrapper eb-column-a7dtq\"><div class=\"eb-column-inner\">\n<div class=\"wp-block-essential-blocks-button  root-eb-button-0vbdo\"><div class=\"eb-parent-wrapper eb-parent-eb-button-0vbdo \"><div class=\"eb-button-wrapper eb-button-alignment eb-button-0vbdo\"><div class=\"eb-button\"><div class=\"eb-button-inner-wrapper \"><a class=\"eb-button-anchor \" href=\"https:\/\/mekruphy.com\/de\/produkte\/informatik\/experimentiersatz-kuenstliche-intelligenz\/\" rel=\"noopener\"><i icon=\"fas fa-inbox\" class=\"fas fa-inbox eb-button-icon eb-button-icon-left hvr-icon\"><\/i>Experimentiersatz KI<\/a><\/div><\/div><\/div><\/div><\/div>\n<\/div><\/div><\/div><\/div>\n\n\n\n<div class=\"wp-block-essential-blocks-column  root-eb-column-r0vt6\"><div class=\"eb-parent-wrapper eb-parent-eb-column-r0vt6 \"><div class=\"eb-column-wrapper eb-column-r0vt6\"><div class=\"eb-column-inner\">\n<div class=\"wp-block-essential-blocks-button  root-eb-button-wjki2\"><div class=\"eb-parent-wrapper eb-parent-eb-button-wjki2 \"><div class=\"eb-button-wrapper eb-button-alignment eb-button-wjki2\"><div class=\"eb-button\"><div class=\"eb-button-inner-wrapper \"><a class=\"eb-button-anchor \" href=\"https:\/\/mekruphy.com\/de\/produkte\/informatik\/digitalpaket-ki-verstehen\/\" rel=\"noopener\"><i icon=\"fas fa-box\" class=\"fas fa-box eb-button-icon eb-button-icon-left hvr-icon\"><\/i>Digitalpaket KI verstehen<\/a><\/div><\/div><\/div><\/div><\/div>\n<\/div><\/div><\/div><\/div>\n<\/div><\/div><\/div><\/div><\/div>\n\n\n\n<h3 class=\"wp-block-heading\" id=\"h-experimentieren-in-kleingruppen\">Experimentieren in Kleingruppen<\/h3>\n\n\n\n<p>Die MEKRUPHY-Experimente sind so ausgelegt, dass sie in einer Schulstunde durchgef\u00fchrt werden k\u00f6nnen \u2013 ohne Vorbereitungszeit f\u00fcr die Lehrkraft und bei Bedarf spontan aus der Unterrichtssituation heraus oder in einer Vertretungsstunde. Lerngruppen, die im Idealfall aus zwei Lernenden bestehen, erschlie\u00dfen sich anhand des nummerierten, ihnen fest zugeordneten Kastens ein Themengebiet im Team und bringen ihre dabei selbstst\u00e4ndig gewonnenen Erkenntnisse anschlie\u00dfend kompetent in die gemeinsame Diskussion mit ein.<\/p>\n\n\n\n<h3 class=\"wp-block-heading\" id=\"h-made-in-germany\">Made in Germany<\/h3>\n\n\n\n<p>Die Fertigung in Deutschland sichert hohe Sicherheits-, Umwelt- und Sozialstandards, aber auch die langfristige Verf\u00fcgbarkeit von Ersatzteilen. Wo m\u00f6glich, wird direkt im Haus gefertigt, was Qualit\u00e4t sichert, unn\u00f6tige Transportwege einspart und ein gro\u00dfes Ma\u00df an Flexibilit\u00e4t gew\u00e4hrleistet. So lassen sich kurze Lieferzeiten erreichen.<\/p>\n\n\n\n<p><\/p>\n","protected":false},"excerpt":{"rendered":"<p>Das Themengebiet\u00a0K\u00fcnstliche Intelligenz\u00a0(KI) wurde durch die rasanten Entwicklungen in den letzten Jahren in den Fokus der \u00d6ffentlichkeit katapultiert und hat mittlerweile Einzug in die Lehrpl\u00e4ne der F\u00e4cher Informatik und Informationstechnologie gefunden. Mit unserem ersten MEKRUPHY Informatik-Experimentierkasten, der in Kooperation mit der\u00a0Professur f\u00fcr Didaktik der Informatik\u00a0der\u00a0Universit\u00e4t W\u00fcrzburg\u00a0entstand, m\u00f6chten wir dem Rechnung tragen und sowohl Informatiklernende als [&hellip;]<\/p>\n","protected":false},"author":6,"featured_media":0,"parent":0,"menu_order":1,"comment_status":"closed","ping_status":"closed","template":"","meta":{"_acf_changed":false,"_coblocks_attr":"","_coblocks_dimensions":"","_coblocks_responsive_height":"","_coblocks_accordion_ie_support":"","_eb_attr":"","advgb_blocks_editor_width":"","advgb_blocks_columns_visual_guide":"","footnotes":""},"class_list":["post-7816","page","type-page","status-publish","hentry"],"acf":[],"yoast_head":"<!-- This site is optimized with the Yoast SEO plugin v27.4 - https:\/\/yoast.com\/product\/yoast-seo-wordpress\/ -->\n<title>K\u00dcNSTLICHE INTELLIGENZ - MEKRUPHY GmbH<\/title>\n<meta name=\"description\" content=\"Das brandaktuelle Thema KI l\u00e4sst sich mit dem MEKRUPHY-Kasten von den Sch\u00fcler:innen haptisch entdecken. Auch f\u00fcr Sehbeeintr\u00e4chtigte geeignet!\" \/>\n<meta name=\"robots\" content=\"index, follow, max-snippet:-1, max-image-preview:large, max-video-preview:-1\" \/>\n<link rel=\"canonical\" href=\"https:\/\/mekruphy.com\/de\/ki\/\" \/>\n<meta property=\"og:locale\" content=\"de_DE\" \/>\n<meta property=\"og:type\" content=\"article\" \/>\n<meta property=\"og:title\" content=\"K\u00dcNSTLICHE INTELLIGENZ - MEKRUPHY GmbH\" \/>\n<meta property=\"og:description\" content=\"Das brandaktuelle Thema KI l\u00e4sst sich mit dem MEKRUPHY-Kasten von den Sch\u00fcler:innen haptisch entdecken. Auch f\u00fcr Sehbeeintr\u00e4chtigte geeignet!\" \/>\n<meta property=\"og:url\" content=\"https:\/\/mekruphy.com\/de\/ki\/\" \/>\n<meta property=\"og:site_name\" content=\"MEKRUPHY GmbH\" \/>\n<meta property=\"article:modified_time\" content=\"2024-12-17T10:44:16+00:00\" \/>\n<meta property=\"og:image\" content=\"https:\/\/mekruphy.com\/de\/wp-content\/uploads\/2023\/07\/KI-Experimente-2023-3.webp\" \/>\n<meta name=\"twitter:card\" content=\"summary_large_image\" \/>\n<meta name=\"twitter:label1\" content=\"Gesch\u00e4tzte Lesezeit\" \/>\n\t<meta name=\"twitter:data1\" content=\"3\u00a0Minuten\" \/>\n<script type=\"application\/ld+json\" class=\"yoast-schema-graph\">{\"@context\":\"https:\\\/\\\/schema.org\",\"@graph\":[{\"@type\":\"WebPage\",\"@id\":\"https:\\\/\\\/mekruphy.com\\\/de\\\/ki\\\/\",\"url\":\"https:\\\/\\\/mekruphy.com\\\/de\\\/ki\\\/\",\"name\":\"K\u00dcNSTLICHE INTELLIGENZ - MEKRUPHY GmbH\",\"isPartOf\":{\"@id\":\"https:\\\/\\\/mekruphy.com\\\/de\\\/#website\"},\"primaryImageOfPage\":{\"@id\":\"https:\\\/\\\/mekruphy.com\\\/de\\\/ki\\\/#primaryimage\"},\"image\":{\"@id\":\"https:\\\/\\\/mekruphy.com\\\/de\\\/ki\\\/#primaryimage\"},\"thumbnailUrl\":\"https:\\\/\\\/mekruphy.com\\\/de\\\/wp-content\\\/uploads\\\/2023\\\/07\\\/KI-Experimente-2023-3.webp\",\"datePublished\":\"2023-12-01T09:29:50+00:00\",\"dateModified\":\"2024-12-17T10:44:16+00:00\",\"description\":\"Das brandaktuelle Thema KI l\u00e4sst sich mit dem MEKRUPHY-Kasten von den Sch\u00fcler:innen haptisch entdecken. Auch f\u00fcr Sehbeeintr\u00e4chtigte geeignet!\",\"breadcrumb\":{\"@id\":\"https:\\\/\\\/mekruphy.com\\\/de\\\/ki\\\/#breadcrumb\"},\"inLanguage\":\"de\",\"potentialAction\":[{\"@type\":\"ReadAction\",\"target\":[\"https:\\\/\\\/mekruphy.com\\\/de\\\/ki\\\/\"]}]},{\"@type\":\"ImageObject\",\"inLanguage\":\"de\",\"@id\":\"https:\\\/\\\/mekruphy.com\\\/de\\\/ki\\\/#primaryimage\",\"url\":\"https:\\\/\\\/mekruphy.com\\\/de\\\/wp-content\\\/uploads\\\/2023\\\/07\\\/KI-Experimente-2023-3.webp\",\"contentUrl\":\"https:\\\/\\\/mekruphy.com\\\/de\\\/wp-content\\\/uploads\\\/2023\\\/07\\\/KI-Experimente-2023-3.webp\"},{\"@type\":\"BreadcrumbList\",\"@id\":\"https:\\\/\\\/mekruphy.com\\\/de\\\/ki\\\/#breadcrumb\",\"itemListElement\":[{\"@type\":\"ListItem\",\"position\":1,\"name\":\"Startseite\",\"item\":\"https:\\\/\\\/mekruphy.com\\\/de\\\/\"},{\"@type\":\"ListItem\",\"position\":2,\"name\":\"K\u00dcNSTLICHE INTELLIGENZ\"}]},{\"@type\":\"WebSite\",\"@id\":\"https:\\\/\\\/mekruphy.com\\\/de\\\/#website\",\"url\":\"https:\\\/\\\/mekruphy.com\\\/de\\\/\",\"name\":\"MEKRUPHY GmbH\",\"description\":\"Sch\u00fcler-Experimentierk\u00e4sten f\u00fcr den MINT-Unterricht\",\"potentialAction\":[{\"@type\":\"SearchAction\",\"target\":{\"@type\":\"EntryPoint\",\"urlTemplate\":\"https:\\\/\\\/mekruphy.com\\\/de\\\/?s={search_term_string}\"},\"query-input\":{\"@type\":\"PropertyValueSpecification\",\"valueRequired\":true,\"valueName\":\"search_term_string\"}}],\"inLanguage\":\"de\"}]}<\/script>\n<!-- \/ Yoast SEO plugin. -->","yoast_head_json":{"title":"K\u00dcNSTLICHE INTELLIGENZ - MEKRUPHY GmbH","description":"Das brandaktuelle Thema KI l\u00e4sst sich mit dem MEKRUPHY-Kasten von den Sch\u00fcler:innen haptisch entdecken. Auch f\u00fcr Sehbeeintr\u00e4chtigte geeignet!","robots":{"index":"index","follow":"follow","max-snippet":"max-snippet:-1","max-image-preview":"max-image-preview:large","max-video-preview":"max-video-preview:-1"},"canonical":"https:\/\/mekruphy.com\/de\/ki\/","og_locale":"de_DE","og_type":"article","og_title":"K\u00dcNSTLICHE INTELLIGENZ - MEKRUPHY GmbH","og_description":"Das brandaktuelle Thema KI l\u00e4sst sich mit dem MEKRUPHY-Kasten von den Sch\u00fcler:innen haptisch entdecken. Auch f\u00fcr Sehbeeintr\u00e4chtigte geeignet!","og_url":"https:\/\/mekruphy.com\/de\/ki\/","og_site_name":"MEKRUPHY GmbH","article_modified_time":"2024-12-17T10:44:16+00:00","og_image":[{"url":"https:\/\/mekruphy.com\/de\/wp-content\/uploads\/2023\/07\/KI-Experimente-2023-3.webp","type":"","width":"","height":""}],"twitter_card":"summary_large_image","twitter_misc":{"Gesch\u00e4tzte Lesezeit":"3\u00a0Minuten"},"schema":{"@context":"https:\/\/schema.org","@graph":[{"@type":"WebPage","@id":"https:\/\/mekruphy.com\/de\/ki\/","url":"https:\/\/mekruphy.com\/de\/ki\/","name":"K\u00dcNSTLICHE INTELLIGENZ - MEKRUPHY GmbH","isPartOf":{"@id":"https:\/\/mekruphy.com\/de\/#website"},"primaryImageOfPage":{"@id":"https:\/\/mekruphy.com\/de\/ki\/#primaryimage"},"image":{"@id":"https:\/\/mekruphy.com\/de\/ki\/#primaryimage"},"thumbnailUrl":"https:\/\/mekruphy.com\/de\/wp-content\/uploads\/2023\/07\/KI-Experimente-2023-3.webp","datePublished":"2023-12-01T09:29:50+00:00","dateModified":"2024-12-17T10:44:16+00:00","description":"Das brandaktuelle Thema KI l\u00e4sst sich mit dem MEKRUPHY-Kasten von den Sch\u00fcler:innen haptisch entdecken. Auch f\u00fcr Sehbeeintr\u00e4chtigte geeignet!","breadcrumb":{"@id":"https:\/\/mekruphy.com\/de\/ki\/#breadcrumb"},"inLanguage":"de","potentialAction":[{"@type":"ReadAction","target":["https:\/\/mekruphy.com\/de\/ki\/"]}]},{"@type":"ImageObject","inLanguage":"de","@id":"https:\/\/mekruphy.com\/de\/ki\/#primaryimage","url":"https:\/\/mekruphy.com\/de\/wp-content\/uploads\/2023\/07\/KI-Experimente-2023-3.webp","contentUrl":"https:\/\/mekruphy.com\/de\/wp-content\/uploads\/2023\/07\/KI-Experimente-2023-3.webp"},{"@type":"BreadcrumbList","@id":"https:\/\/mekruphy.com\/de\/ki\/#breadcrumb","itemListElement":[{"@type":"ListItem","position":1,"name":"Startseite","item":"https:\/\/mekruphy.com\/de\/"},{"@type":"ListItem","position":2,"name":"K\u00dcNSTLICHE INTELLIGENZ"}]},{"@type":"WebSite","@id":"https:\/\/mekruphy.com\/de\/#website","url":"https:\/\/mekruphy.com\/de\/","name":"MEKRUPHY GmbH","description":"Sch\u00fcler-Experimentierk\u00e4sten f\u00fcr den MINT-Unterricht","potentialAction":[{"@type":"SearchAction","target":{"@type":"EntryPoint","urlTemplate":"https:\/\/mekruphy.com\/de\/?s={search_term_string}"},"query-input":{"@type":"PropertyValueSpecification","valueRequired":true,"valueName":"search_term_string"}}],"inLanguage":"de"}]}},"coauthors":[],"author_meta":{"author_link":"https:\/\/mekruphy.com\/de\/author\/sabine-kasparek\/","display_name":"Sabine Kasparek"},"relative_dates":{"created":"Ver\u00f6ffentlicht 2\u00a0Jahren vor","modified":"Aktualisiert 1\u00a0Jahr vor"},"absolute_dates":{"created":"Ver\u00f6ffentlicht am 1. Dezember 2023","modified":"Aktualisiert am 17. Dezember 2024"},"absolute_dates_time":{"created":"Ver\u00f6ffentlicht am 1. Dezember 2023 10:29","modified":"Aktualisiert am 17. Dezember 2024 11:44"},"featured_img_caption":"","featured_img":false,"series_order":"","_links":{"self":[{"href":"https:\/\/mekruphy.com\/de\/wp-json\/wp\/v2\/pages\/7816","targetHints":{"allow":["GET"]}}],"collection":[{"href":"https:\/\/mekruphy.com\/de\/wp-json\/wp\/v2\/pages"}],"about":[{"href":"https:\/\/mekruphy.com\/de\/wp-json\/wp\/v2\/types\/page"}],"author":[{"embeddable":true,"href":"https:\/\/mekruphy.com\/de\/wp-json\/wp\/v2\/users\/6"}],"replies":[{"embeddable":true,"href":"https:\/\/mekruphy.com\/de\/wp-json\/wp\/v2\/comments?post=7816"}],"version-history":[{"count":26,"href":"https:\/\/mekruphy.com\/de\/wp-json\/wp\/v2\/pages\/7816\/revisions"}],"predecessor-version":[{"id":8448,"href":"https:\/\/mekruphy.com\/de\/wp-json\/wp\/v2\/pages\/7816\/revisions\/8448"}],"wp:attachment":[{"href":"https:\/\/mekruphy.com\/de\/wp-json\/wp\/v2\/media?parent=7816"}],"curies":[{"name":"wp","href":"https:\/\/api.w.org\/{rel}","templated":true}]}}