{"id":799,"date":"2020-07-21T16:39:31","date_gmt":"2020-07-21T14:39:31","guid":{"rendered":"https:\/\/mekruphy.com\/de\/?page_id=799"},"modified":"2022-03-17T12:20:47","modified_gmt":"2022-03-17T11:20:47","slug":"faq","status":"publish","type":"page","link":"https:\/\/mekruphy.com\/de\/service\/faq\/","title":{"rendered":"FAQ"},"content":{"rendered":"\n<h2 class=\"wp-block-heading\" id=\"h-hier-finden-sie-antworten-auf-die-meist-gestellten-fragen\">Hier finden Sie Antworten auf die&nbsp;meist&nbsp;gestellten&nbsp;Fragen<\/h2>\n\n\n\n<div class=\"wp-block-advgb-accordions advgb-accordion-wrapper\">\n<div class=\"wp-block-advgb-accordion-item advgb-accordion-item\" style=\"margin-bottom:30px\"><div class=\"advgb-accordion-header\" style=\"background-color:#0f9bdd;color:#eee;border-style:solid;border-width:0px\"><span class=\"advgb-accordion-header-icon\"><svg fill=\"#fff\" xmlns=\"http:\/\/www.w3.org\/2000\/svg\" width=\"24\" height=\"24\" viewbox=\"0 0 24 24\"><path opacity=\"0.87\" fill=\"none\" d=\"M24,24H0L0,0l24,0V24z\"><\/path><path d=\"M16.59,8.59L12,13.17L7.41,8.59L6,10l6,6l6-6L16.59,8.59z\"><\/path><\/svg><\/span><h4 class=\"advgb-accordion-header-title\" style=\"color:inherit\">Kann\u00a0uns\u00a0MEKRUPHY\u00a0die Experimentiers\u00e4tze vorf\u00fchren?<\/h4><\/div><div class=\"advgb-accordion-body\" style=\"background-color:#eeeeee;border-style:solid !important;border-width:0px !important;border-color:undefined !important;border-top:none !important\">\n<p>Ja,&nbsp;wir stellen Ihnen gerne direkt in&nbsp;Ihrer Schule oder bei uns im Schulungsraum des Firmengeb\u00e4udes in Pfaffenhofen&nbsp;die Lehrmittel&nbsp;vor.&nbsp;Termine daf\u00fcr k\u00f6nnen Sie telefonisch oder per Mail vereinbaren.&nbsp;&nbsp;&nbsp;&nbsp;<\/p>\n<\/div><\/div>\n\n\n\n<div class=\"wp-block-advgb-accordion-item advgb-accordion-item\" style=\"margin-bottom:30px\"><div class=\"advgb-accordion-header\" style=\"background-color:#0f9bdd;color:#eee;border-style:solid;border-width:0px\"><span class=\"advgb-accordion-header-icon\"><svg fill=\"#fff\" xmlns=\"http:\/\/www.w3.org\/2000\/svg\" width=\"24\" height=\"24\" viewbox=\"0 0 24 24\"><path opacity=\"0.87\" fill=\"none\" d=\"M24,24H0L0,0l24,0V24z\"><\/path><path d=\"M16.59,8.59L12,13.17L7.41,8.59L6,10l6,6l6-6L16.59,8.59z\"><\/path><\/svg><\/span><h4 class=\"advgb-accordion-header-title\" style=\"color:inherit\">Wie lange\u00a0dauert es, bis die K\u00e4sten geliefert werden?\u00a0<\/h4><\/div><div class=\"advgb-accordion-body\" style=\"background-color:#eeeeee;border-style:solid !important;border-width:0px !important;border-color:undefined !important;border-top:none !important\">\n<p>Das h\u00e4ngt vom&nbsp;Produkt&nbsp;und der Anzahl der K\u00e4sten ab.&nbsp;Sobald&nbsp;Sie uns Ihren&nbsp;Auftrag&nbsp;senden, pr\u00fcfen wir diesen und&nbsp;geben Ihnen in der Auftragsbest\u00e4tigung&nbsp;das voraussichtliche Lieferdatum bekannt.&nbsp;<\/p>\n<\/div><\/div>\n\n\n\n<div class=\"wp-block-advgb-accordion-item advgb-accordion-item\" style=\"margin-bottom:30px\"><div class=\"advgb-accordion-header\" style=\"background-color:#0f9bdd;color:#eee;border-style:solid;border-width:0px\"><span class=\"advgb-accordion-header-icon\"><svg fill=\"#fff\" xmlns=\"http:\/\/www.w3.org\/2000\/svg\" width=\"24\" height=\"24\" viewbox=\"0 0 24 24\"><path opacity=\"0.87\" fill=\"none\" d=\"M24,24H0L0,0l24,0V24z\"><\/path><path d=\"M16.59,8.59L12,13.17L7.41,8.59L6,10l6,6l6-6L16.59,8.59z\"><\/path><\/svg><\/span><h4 class=\"advgb-accordion-header-title\" style=\"color:inherit\">Wie viele Sch\u00fcler sollten mit einem Kasten arbeiten?<\/h4><\/div><div class=\"advgb-accordion-body\" style=\"background-color:#eeeeee;border-style:solid !important;border-width:0px !important;border-color:undefined !important;border-top:none !important\">\n<p>Unsere Erfahrung zeigt, dass&nbsp;Zweiergruppen&nbsp;optimal&nbsp;mit den&nbsp;Experimentierk\u00e4sten&nbsp;arbeiten k\u00f6nnen.&nbsp;&nbsp;<\/p>\n<\/div><\/div>\n\n\n\n<div class=\"wp-block-advgb-accordion-item advgb-accordion-item\" style=\"margin-bottom:30px\"><div class=\"advgb-accordion-header\" style=\"background-color:#0f9bdd;color:#eee;border-style:solid;border-width:0px\"><span class=\"advgb-accordion-header-icon\"><svg fill=\"#fff\" xmlns=\"http:\/\/www.w3.org\/2000\/svg\" width=\"24\" height=\"24\" viewbox=\"0 0 24 24\"><path opacity=\"0.87\" fill=\"none\" d=\"M24,24H0L0,0l24,0V24z\"><\/path><path d=\"M16.59,8.59L12,13.17L7.41,8.59L6,10l6,6l6-6L16.59,8.59z\"><\/path><\/svg><\/span><h4 class=\"advgb-accordion-header-title\" style=\"color:inherit\">Kann\u00a0ich Ersatzteile einzeln nachbestellen?\u00a0<\/h4><\/div><div class=\"advgb-accordion-body\" style=\"background-color:#eeeeee;border-style:solid !important;border-width:0px !important;border-color:undefined !important;border-top:none !important\">\n<p>Ja, wir bieten Ihnen schnell und unkompliziert die Nachbestellung einzelner Teile an. Nutzen Sie daf\u00fcr einfach&nbsp;unser Formular&nbsp;oder rufen Sie uns an.&nbsp;<\/p>\n<\/div><\/div>\n\n\n\n<div class=\"wp-block-advgb-accordion-item advgb-accordion-item\" style=\"margin-bottom:30px\"><div class=\"advgb-accordion-header\" style=\"background-color:#0f9bdd;color:#eee;border-style:solid;border-width:0px\"><span class=\"advgb-accordion-header-icon\"><svg fill=\"#fff\" xmlns=\"http:\/\/www.w3.org\/2000\/svg\" width=\"24\" height=\"24\" viewbox=\"0 0 24 24\"><path opacity=\"0.87\" fill=\"none\" d=\"M24,24H0L0,0l24,0V24z\"><\/path><path d=\"M16.59,8.59L12,13.17L7.41,8.59L6,10l6,6l6-6L16.59,8.59z\"><\/path><\/svg><\/span><h4 class=\"advgb-accordion-header-title\" style=\"color:inherit\">Woher bekomme ich die Preisliste f\u00fcr Einzelteile?\u00a0\u00a0<\/h4><\/div><div class=\"advgb-accordion-body\" style=\"background-color:#eeeeee;border-style:solid !important;border-width:0px !important;border-color:undefined !important;border-top:none !important\">\n<p>Diese k\u00f6nnen Sie bei uns telefonisch, per Mail oder \u00fcber das&nbsp;Kontaktformular&nbsp;anfragen.&nbsp;<\/p>\n\n\n\n\n<div class=\"wpcf7 no-js\" id=\"wpcf7-f5-o1\" lang=\"de-DE\" dir=\"ltr\" data-wpcf7-id=\"5\">\n<div class=\"screen-reader-response\"><p role=\"status\" aria-live=\"polite\" aria-atomic=\"true\"><\/p> <ul><\/ul><\/div>\n<form action=\"\/de\/wp-json\/wp\/v2\/pages\/799#wpcf7-f5-o1\" method=\"post\" class=\"wpcf7-form init\" aria-label=\"Kontaktformular\" novalidate=\"novalidate\" data-status=\"init\">\n<fieldset class=\"hidden-fields-container\"><input type=\"hidden\" name=\"_wpcf7\" value=\"5\" \/><input type=\"hidden\" name=\"_wpcf7_version\" value=\"6.1.5\" \/><input type=\"hidden\" name=\"_wpcf7_locale\" value=\"de_DE\" \/><input type=\"hidden\" name=\"_wpcf7_unit_tag\" value=\"wpcf7-f5-o1\" \/><input type=\"hidden\" name=\"_wpcf7_container_post\" value=\"0\" \/><input type=\"hidden\" name=\"_wpcf7_posted_data_hash\" value=\"\" \/>\n<\/fieldset>\n<div class=\"wpcf7-required\">\n\t<p style=\"text-align:right;\">* Pflichtfelder\n\t<\/p>\n<\/div>\n<p><label> Ihr Name <span class=\"wpcf7-asterisk\">*<\/span><\/label><br \/>\n<span class=\"wpcf7-form-control-wrap\" data-name=\"your-name\"><input size=\"40\" maxlength=\"400\" class=\"wpcf7-form-control wpcf7-text wpcf7-validates-as-required\" aria-required=\"true\" aria-invalid=\"false\" value=\"\" type=\"text\" name=\"your-name\" \/><\/span>\n<\/p>\n<p><label> Ihre E-Mail-Adresse <span class=\"wpcf7-asterisk\">*<\/span><\/label><br \/>\n<span class=\"wpcf7-form-control-wrap\" data-name=\"your-email\"><input size=\"40\" maxlength=\"400\" class=\"wpcf7-form-control wpcf7-email wpcf7-validates-as-required wpcf7-text wpcf7-validates-as-email\" aria-required=\"true\" aria-invalid=\"false\" value=\"\" type=\"email\" name=\"your-email\" \/><\/span>\n<\/p>\n<p><label> Ihre Schule (Name, Adresse, Kontaktdaten) <span class=\"wpcf7-asterisk\">*<\/span><\/label><br \/>\n<span class=\"wpcf7-form-control-wrap\" data-name=\"your-school\"><textarea cols=\"40\" rows=\"10\" maxlength=\"2000\" class=\"wpcf7-form-control wpcf7-textarea wpcf7-validates-as-required\" aria-required=\"true\" aria-invalid=\"false\" name=\"your-school\"><\/textarea><\/span>\n<\/p>\n<p><label> Betreff <span class=\"wpcf7-asterisk\">*<\/span><\/label><br \/>\n<span class=\"wpcf7-form-control-wrap\" data-name=\"your-subject\"><input size=\"40\" maxlength=\"400\" class=\"wpcf7-form-control wpcf7-text wpcf7-validates-as-required\" aria-required=\"true\" aria-invalid=\"false\" value=\"\" type=\"text\" name=\"your-subject\" \/><\/span>\n<\/p>\n<p><label> Ihre Nachricht <span class=\"wpcf7-asterisk\">*<\/span><\/label><br \/>\n<span class=\"wpcf7-form-control-wrap\" data-name=\"your-message\"><textarea cols=\"40\" rows=\"10\" maxlength=\"2000\" class=\"wpcf7-form-control wpcf7-textarea wpcf7-validates-as-required\" aria-required=\"true\" aria-invalid=\"false\" name=\"your-message\"><\/textarea><\/span>\n<\/p>\n<p><label> Informationen zum Datenschutz best\u00e4tigen <span class=\"wpcf7-asterisk\">*<\/span><\/label><br \/>\n<span class=\"wpcf7-form-control-wrap\" data-name=\"checkbox-gdpr\"><span class=\"wpcf7-form-control wpcf7-checkbox wpcf7-validates-as-required\"><span class=\"wpcf7-list-item first last\"><input type=\"checkbox\" name=\"checkbox-gdpr[]\" value=\"Ich stimme der Speicherung und Verarbeitung meiner personenbezogenen Daten zu!\" \/><span class=\"wpcf7-list-item-label\">Ich stimme der Speicherung und Verarbeitung meiner personenbezogenen Daten zu!<\/span><\/span><\/span><\/span><br \/>\nWeitere Informationen finden Sie hier: <a href=\"https:\/\/mekruphy.com\/de\/datenschutz\">Datenschutzinformation<\/a>\n<\/p>\n<div class=\"flex-right\">\n\t<p><input class=\"wpcf7-form-control wpcf7-submit has-spinner\" type=\"submit\" value=\"Nachricht senden\" \/>\n\t<\/p>\n<\/div><div class=\"wpcf7-response-output\" aria-hidden=\"true\"><\/div>\n<\/form>\n<\/div>\n\n<\/div><\/div>\n<\/div>\n","protected":false},"excerpt":{"rendered":"<p>Hier finden Sie Antworten auf die&nbsp;meist&nbsp;gestellten&nbsp;Fragen<\/p>\n","protected":false},"author":1,"featured_media":0,"parent":785,"menu_order":0,"comment_status":"closed","ping_status":"closed","template":"","meta":{"_acf_changed":false,"_coblocks_attr":"","_coblocks_dimensions":"","_coblocks_responsive_height":"","_coblocks_accordion_ie_support":"","_eb_attr":"","advgb_blocks_editor_width":"","advgb_blocks_columns_visual_guide":"","footnotes":""},"class_list":["post-799","page","type-page","status-publish","hentry"],"acf":[],"yoast_head":"<!-- This site is optimized with the Yoast SEO plugin v27.3 - https:\/\/yoast.com\/product\/yoast-seo-wordpress\/ -->\n<title>FAQ - MEKRUPHY GmbH<\/title>\n<meta name=\"description\" content=\"Frequently Asked Questions - Hier finden Sie eine Sammlung an Antworten auf die meist gestellten Fragen bei MEKRUPHY.\" \/>\n<meta name=\"robots\" content=\"index, follow, max-snippet:-1, max-image-preview:large, max-video-preview:-1\" \/>\n<link rel=\"canonical\" href=\"https:\/\/mekruphy.com\/de\/service\/faq\/\" \/>\n<meta property=\"og:locale\" content=\"de_DE\" \/>\n<meta property=\"og:type\" content=\"article\" \/>\n<meta property=\"og:title\" content=\"FAQ - MEKRUPHY GmbH\" \/>\n<meta property=\"og:description\" content=\"Frequently Asked Questions - Hier finden Sie eine Sammlung an Antworten auf die meist gestellten Fragen bei MEKRUPHY.\" \/>\n<meta property=\"og:url\" content=\"https:\/\/mekruphy.com\/de\/service\/faq\/\" \/>\n<meta property=\"og:site_name\" content=\"MEKRUPHY GmbH\" \/>\n<meta property=\"article:modified_time\" content=\"2022-03-17T11:20:47+00:00\" \/>\n<meta name=\"twitter:card\" content=\"summary_large_image\" \/>\n<meta name=\"twitter:label1\" content=\"Gesch\u00e4tzte Lesezeit\" \/>\n\t<meta name=\"twitter:data1\" content=\"1\u00a0Minute\" \/>\n<script type=\"application\/ld+json\" class=\"yoast-schema-graph\">{\"@context\":\"https:\\\/\\\/schema.org\",\"@graph\":[{\"@type\":\"WebPage\",\"@id\":\"https:\\\/\\\/mekruphy.com\\\/de\\\/service\\\/faq\\\/\",\"url\":\"https:\\\/\\\/mekruphy.com\\\/de\\\/service\\\/faq\\\/\",\"name\":\"FAQ - MEKRUPHY GmbH\",\"isPartOf\":{\"@id\":\"https:\\\/\\\/mekruphy.com\\\/de\\\/#website\"},\"datePublished\":\"2020-07-21T14:39:31+00:00\",\"dateModified\":\"2022-03-17T11:20:47+00:00\",\"description\":\"Frequently Asked Questions - Hier finden Sie eine Sammlung an Antworten auf die meist gestellten Fragen bei MEKRUPHY.\",\"breadcrumb\":{\"@id\":\"https:\\\/\\\/mekruphy.com\\\/de\\\/service\\\/faq\\\/#breadcrumb\"},\"inLanguage\":\"de\",\"potentialAction\":[{\"@type\":\"ReadAction\",\"target\":[\"https:\\\/\\\/mekruphy.com\\\/de\\\/service\\\/faq\\\/\"]}]},{\"@type\":\"BreadcrumbList\",\"@id\":\"https:\\\/\\\/mekruphy.com\\\/de\\\/service\\\/faq\\\/#breadcrumb\",\"itemListElement\":[{\"@type\":\"ListItem\",\"position\":1,\"name\":\"Startseite\",\"item\":\"https:\\\/\\\/mekruphy.com\\\/de\\\/\"},{\"@type\":\"ListItem\",\"position\":2,\"name\":\"Service\",\"item\":\"https:\\\/\\\/mekruphy.com\\\/de\\\/service\\\/\"},{\"@type\":\"ListItem\",\"position\":3,\"name\":\"FAQ\"}]},{\"@type\":\"WebSite\",\"@id\":\"https:\\\/\\\/mekruphy.com\\\/de\\\/#website\",\"url\":\"https:\\\/\\\/mekruphy.com\\\/de\\\/\",\"name\":\"MEKRUPHY GmbH\",\"description\":\"Sch\u00fcler-Experimentierk\u00e4sten f\u00fcr den MINT-Unterricht\",\"potentialAction\":[{\"@type\":\"SearchAction\",\"target\":{\"@type\":\"EntryPoint\",\"urlTemplate\":\"https:\\\/\\\/mekruphy.com\\\/de\\\/?s={search_term_string}\"},\"query-input\":{\"@type\":\"PropertyValueSpecification\",\"valueRequired\":true,\"valueName\":\"search_term_string\"}}],\"inLanguage\":\"de\"}]}<\/script>\n<!-- \/ Yoast SEO plugin. -->","yoast_head_json":{"title":"FAQ - MEKRUPHY GmbH","description":"Frequently Asked Questions - Hier finden Sie eine Sammlung an Antworten auf die meist gestellten Fragen bei MEKRUPHY.","robots":{"index":"index","follow":"follow","max-snippet":"max-snippet:-1","max-image-preview":"max-image-preview:large","max-video-preview":"max-video-preview:-1"},"canonical":"https:\/\/mekruphy.com\/de\/service\/faq\/","og_locale":"de_DE","og_type":"article","og_title":"FAQ - MEKRUPHY GmbH","og_description":"Frequently Asked Questions - Hier finden Sie eine Sammlung an Antworten auf die meist gestellten Fragen bei MEKRUPHY.","og_url":"https:\/\/mekruphy.com\/de\/service\/faq\/","og_site_name":"MEKRUPHY GmbH","article_modified_time":"2022-03-17T11:20:47+00:00","twitter_card":"summary_large_image","twitter_misc":{"Gesch\u00e4tzte Lesezeit":"1\u00a0Minute"},"schema":{"@context":"https:\/\/schema.org","@graph":[{"@type":"WebPage","@id":"https:\/\/mekruphy.com\/de\/service\/faq\/","url":"https:\/\/mekruphy.com\/de\/service\/faq\/","name":"FAQ - MEKRUPHY GmbH","isPartOf":{"@id":"https:\/\/mekruphy.com\/de\/#website"},"datePublished":"2020-07-21T14:39:31+00:00","dateModified":"2022-03-17T11:20:47+00:00","description":"Frequently Asked Questions - Hier finden Sie eine Sammlung an Antworten auf die meist gestellten Fragen bei MEKRUPHY.","breadcrumb":{"@id":"https:\/\/mekruphy.com\/de\/service\/faq\/#breadcrumb"},"inLanguage":"de","potentialAction":[{"@type":"ReadAction","target":["https:\/\/mekruphy.com\/de\/service\/faq\/"]}]},{"@type":"BreadcrumbList","@id":"https:\/\/mekruphy.com\/de\/service\/faq\/#breadcrumb","itemListElement":[{"@type":"ListItem","position":1,"name":"Startseite","item":"https:\/\/mekruphy.com\/de\/"},{"@type":"ListItem","position":2,"name":"Service","item":"https:\/\/mekruphy.com\/de\/service\/"},{"@type":"ListItem","position":3,"name":"FAQ"}]},{"@type":"WebSite","@id":"https:\/\/mekruphy.com\/de\/#website","url":"https:\/\/mekruphy.com\/de\/","name":"MEKRUPHY GmbH","description":"Sch\u00fcler-Experimentierk\u00e4sten f\u00fcr den MINT-Unterricht","potentialAction":[{"@type":"SearchAction","target":{"@type":"EntryPoint","urlTemplate":"https:\/\/mekruphy.com\/de\/?s={search_term_string}"},"query-input":{"@type":"PropertyValueSpecification","valueRequired":true,"valueName":"search_term_string"}}],"inLanguage":"de"}]}},"coauthors":[],"author_meta":{"author_link":"https:\/\/mekruphy.com\/de\/author\/mwbsca\/","display_name":"mwbscA"},"relative_dates":{"created":"Ver\u00f6ffentlicht 6\u00a0Jahren vor","modified":"Aktualisiert 4\u00a0Jahren vor"},"absolute_dates":{"created":"Ver\u00f6ffentlicht am 21. Juli 2020","modified":"Aktualisiert am 17. M\u00e4rz 2022"},"absolute_dates_time":{"created":"Ver\u00f6ffentlicht am 21. Juli 2020 16:39","modified":"Aktualisiert am 17. M\u00e4rz 2022 12:20"},"featured_img_caption":"","featured_img":false,"series_order":"","_links":{"self":[{"href":"https:\/\/mekruphy.com\/de\/wp-json\/wp\/v2\/pages\/799","targetHints":{"allow":["GET"]}}],"collection":[{"href":"https:\/\/mekruphy.com\/de\/wp-json\/wp\/v2\/pages"}],"about":[{"href":"https:\/\/mekruphy.com\/de\/wp-json\/wp\/v2\/types\/page"}],"author":[{"embeddable":true,"href":"https:\/\/mekruphy.com\/de\/wp-json\/wp\/v2\/users\/1"}],"replies":[{"embeddable":true,"href":"https:\/\/mekruphy.com\/de\/wp-json\/wp\/v2\/comments?post=799"}],"version-history":[{"count":8,"href":"https:\/\/mekruphy.com\/de\/wp-json\/wp\/v2\/pages\/799\/revisions"}],"predecessor-version":[{"id":6430,"href":"https:\/\/mekruphy.com\/de\/wp-json\/wp\/v2\/pages\/799\/revisions\/6430"}],"up":[{"embeddable":true,"href":"https:\/\/mekruphy.com\/de\/wp-json\/wp\/v2\/pages\/785"}],"wp:attachment":[{"href":"https:\/\/mekruphy.com\/de\/wp-json\/wp\/v2\/media?parent=799"}],"curies":[{"name":"wp","href":"https:\/\/api.w.org\/{rel}","templated":true}]}}