{"id":81,"date":"2020-07-14T17:47:59","date_gmt":"2020-07-14T15:47:59","guid":{"rendered":"https:\/\/mekruphy.com\/de\/?page_id=81"},"modified":"2022-03-17T11:19:27","modified_gmt":"2022-03-17T10:19:27","slug":"unternehmen","status":"publish","type":"page","link":"https:\/\/mekruphy.com\/de\/unternehmen\/","title":{"rendered":"Unternehmen"},"content":{"rendered":"\n<p>Die MEKRUPHY GmbH hat sich als einziges Unternehmen in Deutschland auf die Herstellung und den Vertrieb qualitativ und didaktisch hochwertiger Sch\u00fclerexperimentierger\u00e4te f\u00fcr den naturwissenschaftlichen Unterricht spezialisiert. F\u00fcr sein Experimentiersystem wurde das inhabergef\u00fchrte Familienunternehmen mit Sitz im oberbayerischen Pfaffenhofen (Ilm) mehrfach international ausgezeichnet.<\/p>\n\n\n\n<h2 class=\"wp-block-heading\" id=\"h-grundung\">Gr\u00fcndung<\/h2>\n\n\n\n<p>Der offiziellen Unternehmensgr\u00fcndung 1988 ging eine mehr als zehnj\u00e4hrige Entwicklungsphase voraus. Ab 1976 entwickelte der Physik- und Mathematiklehrer M. Peter Mettenleiter zusammen mit dem Schullaboranten, dem Feinmechaniker Klaus Kruse ein bedarfs- und praxisgerechtes Sch\u00fcler-Experimentiersystem \u2013 urspr\u00fcnglich f\u00fcr den eigenen Physikunterricht am Schyrengymnasium Pfaffenhofen (Ilm). Der Name des Unternehmens ist ein Akronym und besteht aus den Elementen<\/p>\n\n\n\n<ul class=\"wp-block-list\"><li>ME \u2013 Mettenleiter<\/li><li>KRU \u2013 Kruse<\/li><li>PHY \u2013 Physik<\/li><\/ul>\n\n\n\n<h2 class=\"wp-block-heading\" id=\"h-unternehmensfuhrung-und-mitarbeiter\">Unternehmensf\u00fchrung und Mitarbeiter<\/h2>\n\n\n\n<p>Bis heute koordiniert der Firmengr\u00fcnder, M. Peter Mettenleiter, den Bereich Produktentwicklung und strategische Unternehmensplanung. Von den beiden Gesch\u00e4ftsf\u00fchrern ist Dr. Andreas Mettenleiter haupts\u00e4chlich f\u00fcr Kundenbetreuung, Marketing und Vertrieb und Herr Thomas Gigl f\u00fcr Einkauf, Personal und Finanzen zust\u00e4ndig. MEKRUPHY besch\u00e4ftigt derzeit 22 Mitarbeiter am Hauptsitz Pfaffenhofen (Ilm) und an der <a href=\"https:\/\/spritzguss.mekruphy.com\/\" target=\"_blank\" rel=\"noreferrer noopener\">Au\u00dfenstelle in Puchheim<\/a>.<\/p>\n\n\n\n<p> &nbsp; <\/p>\n\n\n\n<figure class=\"wp-block-image size-large is-resized\"><img loading=\"lazy\" decoding=\"async\" src=\"https:\/\/mekruphy.com\/de\/wp-content\/uploads\/2020\/07\/MEKRUPHY-09_klein-1024x683.jpg\" alt=\"Belegschaft MEKRUPHY Pfaffenhofen\" class=\"wp-image-2162\" width=\"1024\" height=\"683\" srcset=\"https:\/\/mekruphy.com\/de\/wp-content\/uploads\/2020\/07\/MEKRUPHY-09_klein-1024x683.jpg 1024w, https:\/\/mekruphy.com\/de\/wp-content\/uploads\/2020\/07\/MEKRUPHY-09_klein-300x200.jpg 300w, https:\/\/mekruphy.com\/de\/wp-content\/uploads\/2020\/07\/MEKRUPHY-09_klein-768x512.jpg 768w, https:\/\/mekruphy.com\/de\/wp-content\/uploads\/2020\/07\/MEKRUPHY-09_klein.jpg 1375w\" sizes=\"auto, (max-width: 1024px) 100vw, 1024px\" \/><figcaption>MEKRUPHY Mitarbeiter im Hauptsitz Pfaffenhofen (Ilm)<\/figcaption><\/figure>\n\n\n\n<h2 class=\"wp-block-heading\" id=\"h-chronik\">Chronik<\/h2>\n\n\n\n<p id=\"block-edde2115-a7f0-4a8c-861b-6e6cfb8820b7\">Die Geschichte von MEKRUPHY kurz zusammengefasst:<\/p>\n\n\n\n<ul class=\"wp-block-list\" id=\"block-9f80c651-50ca-417d-8bb0-f9e0c29b9f47\"><li>1976: Der erste <a href=\"https:\/\/mekruphy.com\/de\/produkte\/physik\/\">Physik-Experimentiersatz<\/a> wird am Schyrengymnasium in Pfaffenhofen entwickelt, in mehreren Klassen erprobt und auf Lehrerfortbildungen vorgestellt<\/li><li>1977: M. Peter Mettenleiter und Klaus Kruse gr\u00fcnden die Firma MEKRUPHY (seit 1988 GmbH), um auch andere Schulen mit den Experimentiers\u00e4tzen beliefern zu k\u00f6nnen<\/li><li>1989: Zur Bildungsmesse Didacta in Stuttgart gibt es bereits acht verschiedene Physik-Experimentiers\u00e4tze mit den charakteristischen schwarzen <a href=\"https:\/\/de.wikipedia.org\/wiki\/Polyurethane\">PUR<\/a>-Eins\u00e4tzen<\/li><li>1994: Die erste deutsche Auslandsschule in S\u00fcdamerika erh\u00e4lt eine MEKRUPHY-Ausstattung<\/li><li>1995: Mit dem <a href=\"https:\/\/www.physikdidaktik.nat.fau.de\/\">Lehrstuhl f\u00fcr Physikdidaktik<\/a> der Uni Erlangen (Prof. Werner Schneider) wird der Experimentiersatz Energie entwickelt<\/li><li>1997: Der <a href=\"https:\/\/mekruphy.com\/de\/produkte\/physik\/waerme-energie-radioaktivitaet\/\">Experimentiersatz Radioaktivit\u00e4t<\/a>&nbsp;erm\u00f6glicht gefahrlose Sch\u00fclerexperimente mit Freigrenzenpr\u00e4paraten. Zwei Jahre sp\u00e4ter werden in Zusammenarbeit mit Chemielehrern die Experimentiers\u00e4tze Chemie entwickelt<\/li><li>2000: Klaus Kruse verl\u00e4sst das Unternehmen aus gesundheitlichen Gr\u00fcnden; Dr. Andreas Mettenleiter wird neuer Gesch\u00e4ftsf\u00fchrer<\/li><li>2004: In Kooperation mit <a href=\"http:\/\/www.addest.com\/\" target=\"_blank\" rel=\"noreferrer noopener\">Addest<\/a> entsteht der erste computergest\u00fctzte Experimentiersatz<\/li><li>2007: Der Firmenneubau im Gewerbegebiet Kuglhof wird bezogen<\/li><li>2008: Der neue <a href=\"https:\/\/mekruphy.com\/de\/produkte\/grundschule\/\">Experimentiersatz Grundschule<\/a> 1 erh\u00e4lt das Seal of Quality. MEKRUPHY wird in den Umweltpakt Bayern aufgenommen<\/li><li>2010: Zum Jahr der Energie wird mit dem MNU-Verband ein MNU-Energiekoffer vorgestellt<\/li><li>2013: Das Experimentiersystem f\u00fcr den Kindergarten wird eingef\u00fchrt<\/li><li>2014: Worlddidac Award f\u00fcr das <a href=\"https:\/\/mekruphy.com\/de\/produkte\/biologie\/\">Experimentiersystem Biologie<\/a>&nbsp;<\/li><li>2016: Worlddidac Award f\u00fcr das Experimentiersystem <a href=\"https:\/\/mekruphy.com\/de\/produkte\/addestation\/\">Addestation<\/a>&nbsp;MGA<\/li><li>2018: Worlddidac Award f\u00fcr das Experimentiersystem <a href=\"https:\/\/mekruphy.com\/de\/produkte\/chemie\/\">Chemie<\/a><\/li><li>2019: Thomas Gigl wird weiterer Gesch\u00e4ftsf\u00fchrer. Der Erweiterungsbau f\u00fcr Produktion und Lager am Kuglhof wird bezogen<\/li><li>2020: Die <a href=\"https:\/\/spritzguss.mekruphy.com\/\">Kunststoffproduktion am Standort Puchheim\/Oberbayern<\/a> wird \u00fcbernommen. Die ersten vier Experimentiers\u00e4tze zur <a href=\"https:\/\/mekruphy.com\/de\/produkte\/geometrie\/\">Mathematik<\/a>&nbsp;erweitern das Programm auf insgesamt 64 verschiedene Experimentiers\u00e4tze vom Kindergarten bis zum Abitur.<\/li><\/ul>\n\n\n\n<h2 class=\"wp-block-heading\" id=\"h-erfahren-sie-mehr-uber-mekruphy\">Erfahren Sie mehr \u00fcber MEKRUPHY:<\/h2>\n\n\n\n<div class=\"wp-block-advgb-adv-tabs advgb-tabs-wrapper advgb-tab-horz-desktop advgb-tab-vert-tablet advgb-tab-stack-mobile advgb-tabs-c5f1cb51-21f7-4c77-add0-de7ad52372e5\" data-tab-active=\"0\"><ul class=\"advgb-tabs-panel\"><li class=\"advgb-tab\" style=\"background-color:#e0e0e0;border-style:solid;border-width:1px;border-radius:10px\"><a id=\"\" href=\"#advgb-tabs-tab0\" style=\"color:#fff\"><span>Philosophie<\/span><\/a><\/li><li class=\"advgb-tab\" style=\"background-color:#e0e0e0;border-style:solid;border-width:1px;border-radius:10px\"><a id=\"\" href=\"#advgb-tabs-tab1\" style=\"color:#fff\"><span>Auszeichnungen<\/span><\/a><\/li><li class=\"advgb-tab\" style=\"background-color:#e0e0e0;border-style:solid;border-width:1px;border-radius:10px\"><a id=\"\" href=\"#advgb-tabs-tab2\" style=\"color:#fff\"><span>Referenzen<\/span><\/a><\/li><\/ul><div class=\"advgb-tab-body-wrapper\" style=\"border-style:solid;border-width:1px;border-radius:10px\">\n<div class=\"wp-block-advgb-tab advgb-tab-body-container\"><div class=\"advgb-tab-body-header advgb-tab-class-\">Philosophie<\/div><div class=\"advgb-tab-_ed03c3-ce advgb-tab-body\" aria-labelledby=\"advgb-tabs-tab0\">\n<p><a href=\"https:\/\/mekruphy.com\/de\/unternehmen\/\">MEKRUPHY<\/a> hat sich zum Ziel gesetzt, Kinder und Jugendliche f\u00fcr die Naturwissenschaften zu begeistern, ihren nat\u00fcrlichen Forscherdrang zu wecken und zu entfalten. Damit will sie den Stellenwert der Naturwissenschaften in der Gesellschaft st\u00e4rken und dem Mangel an Fachkr\u00e4ften in Lehre, Forschung und Wirtschaft schon fr\u00fch wirksam begegnen.<\/p>\n\n\n\n<p>Durch eigenes Experimentieren sollen die jungen Menschen naturwissenschaftliche Erscheinungen und Gesetzm\u00e4\u00dfigkeiten selbst entdecken und mit ihren vorhandenen Kenntnissen auch selbst erkl\u00e4ren k\u00f6nnen. Hierzu geben wir die bestm\u00f6glichen altersgem\u00e4\u00dfen Experimentierger\u00e4te in die H\u00e4nde, wobei neben der Funktionalit\u00e4t auch Design, Material und Farbe eine Rolle spielen.<\/p>\n\n\n\n<p>Unser Leitsatz lautet:<\/p>\n\n\n\n<blockquote class=\"wp-block-quote is-layout-flow wp-block-quote-is-layout-flow\"><p>\u201eF\u00fcr unsere Sch\u00fclerinnen und Sch\u00fcler nur das Beste und f\u00fcr die Lehrkr\u00e4fte mehr Freiraum und Entlastung\u201c<\/p><\/blockquote>\n\n\n\n<p><strong>Kompetenz und Praxisn\u00e4he<\/strong><\/p>\n\n\n\n<p>Von Anfang an bindet die MEKRUPHY GMBH namhafte P\u00e4dagogen und Fachdidaktiker in den Entwicklungsprozess und die gr\u00fcndliche Erprobung der Experimentiers\u00e4tze und der Begleitliteratur ein. Durch diesen engen Kontakt zu Kindertagesst\u00e4tte, Grundschule, weiterf\u00fchrende Schule und Hochschule hat sich das Unternehmen umfassenden Kompetenz auf dem gesamten Gebiet der naturwissenschaftlichen Sch\u00fclerexperimente erworben und stellt sich erfolgreich den Herausforderungen des modernen Unterrichts.<\/p>\n\n\n\n<p>&nbsp;<\/p>\n\n\n\n<p><strong>High Quality statt &#8222;Low Cost&#8220;<\/strong><\/p>\n\n\n\n<p>Das MEKRUPHY-System gibt den Sch\u00fclerinnen und Sch\u00fclern hochwertige Experimentierger\u00e4te in die Hand, die Ergebnisse gro\u00dfer Genauigkeit erm\u00f6glichen. Nur so f\u00fchlen sie sich als &#8222;experimentelle Mitarbeiter im Unterricht&#8220; ernst und in Verantwortung genommen, und nur so l\u00e4sst sich der wissenschaftliche Anspruch der Experimente glaubhaft vermitteln.<\/p>\n<\/div><\/div>\n\n\n\n<div class=\"wp-block-advgb-tab advgb-tab-body-container\"><div class=\"advgb-tab-body-header advgb-tab-class-\">Auszeichnungen<\/div><div class=\"advgb-tab-_d95942-d3 advgb-tab-body\" aria-labelledby=\"advgb-tabs-tab1\">\n<p><\/p>\n\n\n\n<div class=\"wp-block-coblocks-media-card alignwide is-style-left is-stacked-on-mobile coblocks-media-card-622135929707\"><div class=\"wp-block-coblocks-media-card__inner has-no-padding\"><div class=\"wp-block-coblocks-media-card__wrapper\"><figure class=\"wp-block-coblocks-media-card__media\"><img loading=\"lazy\" decoding=\"async\" width=\"1024\" height=\"181\" src=\"https:\/\/mekruphy.com\/de\/wp-content\/uploads\/2020\/07\/logo_wd_award_2014-1024x181.jpg\" alt=\"\" class=\"wp-image-921\" srcset=\"https:\/\/mekruphy.com\/de\/wp-content\/uploads\/2020\/07\/logo_wd_award_2014-1024x181.jpg 1024w, https:\/\/mekruphy.com\/de\/wp-content\/uploads\/2020\/07\/logo_wd_award_2014-300x53.jpg 300w, https:\/\/mekruphy.com\/de\/wp-content\/uploads\/2020\/07\/logo_wd_award_2014-768x136.jpg 768w, https:\/\/mekruphy.com\/de\/wp-content\/uploads\/2020\/07\/logo_wd_award_2014.jpg 1212w\" sizes=\"auto, (max-width: 1024px) 100vw, 1024px\" \/><\/figure><div class=\"wp-block-coblocks-media-card__content\">\n<div class=\"wp-block-coblocks-row coblocks-row-622135929775\" data-columns=\"1\" data-layout=\"100\"><div class=\"wp-block-coblocks-row__inner has-background has-padding has-huge-padding has-no-margin is-stacked-on-mobile has-medium-gutter\" style=\"background-color:#FFFFFF\">\n<div class=\"wp-block-coblocks-column coblocks-column-622135929780\" style=\"width:100%\"><div class=\"wp-block-coblocks-column__inner has-no-padding has-no-margin\">\n<h3 class=\"wp-block-heading\" id=\"h-awards-auszeichnungen\">Awards &amp; Auszeichnungen<\/h3>\n\n\n\n<p>MEKRUPHY gewann in den Jahren 2014, 2016 und 2018 jeweils den begehrten internationalen Worlddidac Award f\u00fcr die umfassenden Experimentierk\u00e4sten.<\/p>\n<\/div><\/div>\n<\/div><\/div>\n<\/div><\/div><\/div><\/div>\n\n\n\n<hr class=\"wp-block-separator has-text-color has-background\" style=\"background-color:#ffffff;color:#ffffff\"\/>\n\n\n\n<div class=\"wp-block-buttons is-layout-flex wp-block-buttons-is-layout-flex\">\n<div class=\"wp-block-button\"><a class=\"wp-block-button__link has-background no-border-radius\" href=\"https:\/\/mekruphy.com\/de\/unternehmen\/auszeichnungen\/\" style=\"background-color:#0f9bdd\">Mehr \u00fcber Auszeichnungen erfahren &#8230;<\/a><\/div>\n<\/div>\n\n\n\n<p><\/p>\n<\/div><\/div>\n\n\n\n<div class=\"wp-block-advgb-tab advgb-tab-body-container\"><div class=\"advgb-tab-body-header advgb-tab-class-\">Referenzen<\/div><div class=\"advgb-tab-_4f6e73-2c advgb-tab-body\" aria-labelledby=\"advgb-tabs-tab2\">\n<p>\u201e\u2026 Besonders gut gefallen hat mir die umfangreiche Erkl\u00e4rung rund um den Hintergrund des jeweiligen Experi\u00adments. So f\u00fchlt man sich gut vorbereitet und kann allen Fragen der Kinder ge\u00adrecht werden. Um den Ordnungssinn der Kinder zu f\u00f6rdern, w\u00e4re ein Bild des Instrumentes am zugeh\u00f6rigen Platz empfehlenswert. So k\u00f6nnen die Kin\u00adder ihre Experimentierinstrumente selbstst\u00e4ndig wieder aufr\u00e4umen.* Zuerst habe ich mit den Vorschulkin\u00addern den Experimentierkoffer \u201eMagne\u00adtismus\u201c getestet. Von Anfang an waren alle Kinder schnell f\u00fcr das Experiment zu begeistern und zeigten gro\u00dfes Inte\u00adresse am Magnetismus. Sie stellten vie\u00adle Fragen und h\u00e4tten sehr gerne noch weitere Experimente an diesem Tag durchgef\u00fchrt. Zusammenfassend kann ich den Experimentierkoffer \u201eMagnetis\u00admus\u201c also weiterempfehlen, da er eine gro\u00dfe Vielfalt an Experimenten bietet und man so den Forscherdrang sowie die Neugierde der Kinder gezielt f\u00f6rdern und unterst\u00fctzen kann. Von dem Experimentierkoffer \u201ePflanzen\u201c bin ich voll und ganz begeistert, weil dieser mit unserem Naturkonzept im Einklang steht und bei den Kindern auf spielerische Art und Weise Interesse f\u00fcr diesen wichtigen Bereich \u201eNatur\u201c weckt. Mit dem Beiheft Kindergarten 4 ist es m\u00f6glich, den Kindern einen langsamen Einstieg zu erm\u00f6glichen, in dem die Schwierigkeitsstufen von Experiment zu Experiment angepasst werden. Die Al\u00adtersgruppe bei diesem Experimentierkas\u00adten ist vielf\u00e4ltig, sodass dieser auch mit den j\u00fcngeren Kindern sinnvoll genutzt werden kann. Besonders die Lupen wa\u00adren definitiv ein Highlight f\u00fcr unsere Kin\u00adder, da es f\u00fcr sie nicht nur \u00fcberaus faszi\u00adnierend war, eine Welt zu erkunden, die ihren Augen normalerweise verborgen bleibt, sondern sie auch sehr stolz waren, mit diesen sch\u00f6nen Instrumenten zu ar\u00adbeiten. Insgesamt l\u00e4sst sich sagen, dass dieser Koffer sich definitiv lohnt und Kin\u00adderaugen strahlen l\u00e4sst.\u201c&nbsp;&nbsp;Eva Maria Pitsch, Hipp Naturkinderhaus, 85276 Pfaffenhofen<\/p>\n\n\n\n<hr class=\"wp-block-separator has-text-color has-background\" style=\"background-color:#ffffff;color:#ffffff\"\/>\n\n\n\n<div class=\"wp-block-buttons is-layout-flex wp-block-buttons-is-layout-flex\">\n<div class=\"wp-block-button\"><a class=\"wp-block-button__link has-background no-border-radius\" href=\"https:\/\/mekruphy.com\/de\/unternehmen\/referenzen\/\" style=\"background-color:#0f9bdd\">Weitere Referenzen lesen Sie hier &#8230;<\/a><\/div>\n<\/div>\n\n\n\n<p><\/p>\n<\/div><\/div>\n<\/div><\/div>\n<style class=\"advgb-styles-renderer\">.advgb-tabs-c5f1cb51-21f7-4c77-add0-de7ad52372e5 ul.advgb-tabs-panel li.advgb-tab.advgb-tab-active {background-color:#5954d6 !important;color:#fff !important;}#advgb-tabs-c5f1cb51-21f7-4c77-add0-de7ad52372e5 .advgb-tab-body-header.header-active, .advgb-tabs-c5f1cb51-21f7-4c77-add0-de7ad52372e5 .advgb-tab-body-header.header-active{background-color:#5954d6 !important;color:#fff !important;}<\/style>","protected":false},"excerpt":{"rendered":"<p>Die MEKRUPHY GmbH hat sich als einziges Unternehmen in Deutschland auf die Herstellung und den Vertrieb qualitativ und didaktisch hochwertiger Sch\u00fclerexperimentierger\u00e4te f\u00fcr den naturwissenschaftlichen Unterricht spezialisiert. F\u00fcr sein Experimentiersystem wurde das inhabergef\u00fchrte Familienunternehmen mit Sitz im oberbayerischen Pfaffenhofen (Ilm) mehrfach international ausgezeichnet. Gr\u00fcndung Der offiziellen Unternehmensgr\u00fcndung 1988 ging eine mehr als zehnj\u00e4hrige Entwicklungsphase voraus. Ab [&hellip;]<\/p>\n","protected":false},"author":1,"featured_media":2161,"parent":0,"menu_order":0,"comment_status":"closed","ping_status":"closed","template":"templates\/50-50-background.php","meta":{"_acf_changed":false,"_coblocks_attr":"","_coblocks_dimensions":"","_coblocks_responsive_height":"","_coblocks_accordion_ie_support":"","_eb_attr":"","advgb_blocks_editor_width":"","advgb_blocks_columns_visual_guide":"","footnotes":""},"class_list":["post-81","page","type-page","status-publish","has-post-thumbnail","hentry"],"acf":[],"yoast_head":"<!-- This site is optimized with the Yoast SEO plugin v27.4 - https:\/\/yoast.com\/product\/yoast-seo-wordpress\/ -->\n<title>Unternehmen - MEKRUPHY GmbH<\/title>\n<meta name=\"description\" content=\"MEKRUPHY GmbH ist ein Familienunternehmen, das sich auf didaktisch und qualitativ hochwertige Sch\u00fclerexperimentierger\u00e4te spezialisiert hat.\" \/>\n<meta name=\"robots\" content=\"index, follow, max-snippet:-1, max-image-preview:large, max-video-preview:-1\" \/>\n<link rel=\"canonical\" href=\"https:\/\/mekruphy.com\/de\/unternehmen\/\" \/>\n<meta property=\"og:locale\" content=\"de_DE\" \/>\n<meta property=\"og:type\" content=\"article\" \/>\n<meta property=\"og:title\" content=\"Unternehmen - MEKRUPHY GmbH\" \/>\n<meta property=\"og:description\" content=\"MEKRUPHY GmbH ist ein Familienunternehmen, das sich auf didaktisch und qualitativ hochwertige Sch\u00fclerexperimentierger\u00e4te spezialisiert hat.\" \/>\n<meta property=\"og:url\" content=\"https:\/\/mekruphy.com\/de\/unternehmen\/\" \/>\n<meta property=\"og:site_name\" content=\"MEKRUPHY GmbH\" \/>\n<meta property=\"article:modified_time\" content=\"2022-03-17T10:19:27+00:00\" \/>\n<meta property=\"og:image\" content=\"https:\/\/mekruphy.com\/de\/wp-content\/uploads\/2020\/07\/MEKRUPHY-12_klein.jpg\" \/>\n\t<meta property=\"og:image:width\" content=\"1672\" \/>\n\t<meta property=\"og:image:height\" content=\"857\" \/>\n\t<meta property=\"og:image:type\" content=\"image\/jpeg\" \/>\n<meta name=\"twitter:card\" content=\"summary_large_image\" \/>\n<meta name=\"twitter:label1\" content=\"Gesch\u00e4tzte Lesezeit\" \/>\n\t<meta name=\"twitter:data1\" content=\"6\u00a0Minuten\" \/>\n<script type=\"application\/ld+json\" class=\"yoast-schema-graph\">{\"@context\":\"https:\\\/\\\/schema.org\",\"@graph\":[{\"@type\":\"WebPage\",\"@id\":\"https:\\\/\\\/mekruphy.com\\\/de\\\/unternehmen\\\/\",\"url\":\"https:\\\/\\\/mekruphy.com\\\/de\\\/unternehmen\\\/\",\"name\":\"Unternehmen - MEKRUPHY GmbH\",\"isPartOf\":{\"@id\":\"https:\\\/\\\/mekruphy.com\\\/de\\\/#website\"},\"primaryImageOfPage\":{\"@id\":\"https:\\\/\\\/mekruphy.com\\\/de\\\/unternehmen\\\/#primaryimage\"},\"image\":{\"@id\":\"https:\\\/\\\/mekruphy.com\\\/de\\\/unternehmen\\\/#primaryimage\"},\"thumbnailUrl\":\"https:\\\/\\\/mekruphy.com\\\/de\\\/wp-content\\\/uploads\\\/2020\\\/07\\\/MEKRUPHY-12_klein.jpg\",\"datePublished\":\"2020-07-14T15:47:59+00:00\",\"dateModified\":\"2022-03-17T10:19:27+00:00\",\"description\":\"MEKRUPHY GmbH ist ein Familienunternehmen, das sich auf didaktisch und qualitativ hochwertige Sch\u00fclerexperimentierger\u00e4te spezialisiert hat.\",\"breadcrumb\":{\"@id\":\"https:\\\/\\\/mekruphy.com\\\/de\\\/unternehmen\\\/#breadcrumb\"},\"inLanguage\":\"de\",\"potentialAction\":[{\"@type\":\"ReadAction\",\"target\":[\"https:\\\/\\\/mekruphy.com\\\/de\\\/unternehmen\\\/\"]}]},{\"@type\":\"ImageObject\",\"inLanguage\":\"de\",\"@id\":\"https:\\\/\\\/mekruphy.com\\\/de\\\/unternehmen\\\/#primaryimage\",\"url\":\"https:\\\/\\\/mekruphy.com\\\/de\\\/wp-content\\\/uploads\\\/2020\\\/07\\\/MEKRUPHY-12_klein.jpg\",\"contentUrl\":\"https:\\\/\\\/mekruphy.com\\\/de\\\/wp-content\\\/uploads\\\/2020\\\/07\\\/MEKRUPHY-12_klein.jpg\",\"width\":1672,\"height\":857},{\"@type\":\"BreadcrumbList\",\"@id\":\"https:\\\/\\\/mekruphy.com\\\/de\\\/unternehmen\\\/#breadcrumb\",\"itemListElement\":[{\"@type\":\"ListItem\",\"position\":1,\"name\":\"Startseite\",\"item\":\"https:\\\/\\\/mekruphy.com\\\/de\\\/\"},{\"@type\":\"ListItem\",\"position\":2,\"name\":\"Unternehmen\"}]},{\"@type\":\"WebSite\",\"@id\":\"https:\\\/\\\/mekruphy.com\\\/de\\\/#website\",\"url\":\"https:\\\/\\\/mekruphy.com\\\/de\\\/\",\"name\":\"MEKRUPHY GmbH\",\"description\":\"Sch\u00fcler-Experimentierk\u00e4sten f\u00fcr den MINT-Unterricht\",\"potentialAction\":[{\"@type\":\"SearchAction\",\"target\":{\"@type\":\"EntryPoint\",\"urlTemplate\":\"https:\\\/\\\/mekruphy.com\\\/de\\\/?s={search_term_string}\"},\"query-input\":{\"@type\":\"PropertyValueSpecification\",\"valueRequired\":true,\"valueName\":\"search_term_string\"}}],\"inLanguage\":\"de\"}]}<\/script>\n<!-- \/ Yoast SEO plugin. -->","yoast_head_json":{"title":"Unternehmen - MEKRUPHY GmbH","description":"MEKRUPHY GmbH ist ein Familienunternehmen, das sich auf didaktisch und qualitativ hochwertige Sch\u00fclerexperimentierger\u00e4te spezialisiert hat.","robots":{"index":"index","follow":"follow","max-snippet":"max-snippet:-1","max-image-preview":"max-image-preview:large","max-video-preview":"max-video-preview:-1"},"canonical":"https:\/\/mekruphy.com\/de\/unternehmen\/","og_locale":"de_DE","og_type":"article","og_title":"Unternehmen - MEKRUPHY GmbH","og_description":"MEKRUPHY GmbH ist ein Familienunternehmen, das sich auf didaktisch und qualitativ hochwertige Sch\u00fclerexperimentierger\u00e4te spezialisiert hat.","og_url":"https:\/\/mekruphy.com\/de\/unternehmen\/","og_site_name":"MEKRUPHY GmbH","article_modified_time":"2022-03-17T10:19:27+00:00","og_image":[{"width":1672,"height":857,"url":"https:\/\/mekruphy.com\/de\/wp-content\/uploads\/2020\/07\/MEKRUPHY-12_klein.jpg","type":"image\/jpeg"}],"twitter_card":"summary_large_image","twitter_misc":{"Gesch\u00e4tzte Lesezeit":"6\u00a0Minuten"},"schema":{"@context":"https:\/\/schema.org","@graph":[{"@type":"WebPage","@id":"https:\/\/mekruphy.com\/de\/unternehmen\/","url":"https:\/\/mekruphy.com\/de\/unternehmen\/","name":"Unternehmen - MEKRUPHY GmbH","isPartOf":{"@id":"https:\/\/mekruphy.com\/de\/#website"},"primaryImageOfPage":{"@id":"https:\/\/mekruphy.com\/de\/unternehmen\/#primaryimage"},"image":{"@id":"https:\/\/mekruphy.com\/de\/unternehmen\/#primaryimage"},"thumbnailUrl":"https:\/\/mekruphy.com\/de\/wp-content\/uploads\/2020\/07\/MEKRUPHY-12_klein.jpg","datePublished":"2020-07-14T15:47:59+00:00","dateModified":"2022-03-17T10:19:27+00:00","description":"MEKRUPHY GmbH ist ein Familienunternehmen, das sich auf didaktisch und qualitativ hochwertige Sch\u00fclerexperimentierger\u00e4te spezialisiert hat.","breadcrumb":{"@id":"https:\/\/mekruphy.com\/de\/unternehmen\/#breadcrumb"},"inLanguage":"de","potentialAction":[{"@type":"ReadAction","target":["https:\/\/mekruphy.com\/de\/unternehmen\/"]}]},{"@type":"ImageObject","inLanguage":"de","@id":"https:\/\/mekruphy.com\/de\/unternehmen\/#primaryimage","url":"https:\/\/mekruphy.com\/de\/wp-content\/uploads\/2020\/07\/MEKRUPHY-12_klein.jpg","contentUrl":"https:\/\/mekruphy.com\/de\/wp-content\/uploads\/2020\/07\/MEKRUPHY-12_klein.jpg","width":1672,"height":857},{"@type":"BreadcrumbList","@id":"https:\/\/mekruphy.com\/de\/unternehmen\/#breadcrumb","itemListElement":[{"@type":"ListItem","position":1,"name":"Startseite","item":"https:\/\/mekruphy.com\/de\/"},{"@type":"ListItem","position":2,"name":"Unternehmen"}]},{"@type":"WebSite","@id":"https:\/\/mekruphy.com\/de\/#website","url":"https:\/\/mekruphy.com\/de\/","name":"MEKRUPHY GmbH","description":"Sch\u00fcler-Experimentierk\u00e4sten f\u00fcr den MINT-Unterricht","potentialAction":[{"@type":"SearchAction","target":{"@type":"EntryPoint","urlTemplate":"https:\/\/mekruphy.com\/de\/?s={search_term_string}"},"query-input":{"@type":"PropertyValueSpecification","valueRequired":true,"valueName":"search_term_string"}}],"inLanguage":"de"}]}},"coauthors":[],"author_meta":{"author_link":"https:\/\/mekruphy.com\/de\/author\/mwbsca\/","display_name":"mwbscA"},"relative_dates":{"created":"Ver\u00f6ffentlicht 6\u00a0Jahren vor","modified":"Aktualisiert 4\u00a0Jahren vor"},"absolute_dates":{"created":"Ver\u00f6ffentlicht am 14. Juli 2020","modified":"Aktualisiert am 17. M\u00e4rz 2022"},"absolute_dates_time":{"created":"Ver\u00f6ffentlicht am 14. Juli 2020 17:47","modified":"Aktualisiert am 17. M\u00e4rz 2022 11:19"},"featured_img_caption":"","featured_img":"https:\/\/mekruphy.com\/de\/wp-content\/uploads\/2020\/07\/MEKRUPHY-12_klein.jpg","series_order":"","_links":{"self":[{"href":"https:\/\/mekruphy.com\/de\/wp-json\/wp\/v2\/pages\/81","targetHints":{"allow":["GET"]}}],"collection":[{"href":"https:\/\/mekruphy.com\/de\/wp-json\/wp\/v2\/pages"}],"about":[{"href":"https:\/\/mekruphy.com\/de\/wp-json\/wp\/v2\/types\/page"}],"author":[{"embeddable":true,"href":"https:\/\/mekruphy.com\/de\/wp-json\/wp\/v2\/users\/1"}],"replies":[{"embeddable":true,"href":"https:\/\/mekruphy.com\/de\/wp-json\/wp\/v2\/comments?post=81"}],"version-history":[{"count":36,"href":"https:\/\/mekruphy.com\/de\/wp-json\/wp\/v2\/pages\/81\/revisions"}],"predecessor-version":[{"id":6425,"href":"https:\/\/mekruphy.com\/de\/wp-json\/wp\/v2\/pages\/81\/revisions\/6425"}],"wp:featuredmedia":[{"embeddable":true,"href":"https:\/\/mekruphy.com\/de\/wp-json\/wp\/v2\/media\/2161"}],"wp:attachment":[{"href":"https:\/\/mekruphy.com\/de\/wp-json\/wp\/v2\/media?parent=81"}],"curies":[{"name":"wp","href":"https:\/\/api.w.org\/{rel}","templated":true}]}}