{"id":8837,"date":"2026-03-02T17:54:30","date_gmt":"2026-03-02T16:54:30","guid":{"rendered":"https:\/\/mekruphy.com\/de\/?page_id=8837"},"modified":"2026-03-03T15:55:50","modified_gmt":"2026-03-03T14:55:50","slug":"software","status":"publish","type":"page","link":"https:\/\/mekruphy.com\/de\/service\/software\/","title":{"rendered":"Software"},"content":{"rendered":"\n<h2 class=\"wp-block-heading\">Software zur digitalen Messwerterfassung mit wireless Sensoren<\/h2>\n\n\n\n<div class=\"wp-block-essential-blocks-row alignfull  root-eb-row-ehbu5\"><div class=\"eb-parent-wrapper eb-parent-eb-row-ehbu5 \"><div class=\"eb-row-root-container eb-row-ehbu5\" data-id=\"eb-row-ehbu5\"><div class=\"eb-row-wrapper\"><div class=\"eb-row-inner\">\n<div class=\"wp-block-essential-blocks-column  root-eb-column-ooduh\"><div class=\"eb-parent-wrapper eb-parent-eb-column-ooduh \"><div class=\"eb-column-wrapper eb-column-ooduh\"><div class=\"eb-column-inner\">\n<p>Unser Messwerterfassungssystem ADDESTATION <em>wireless<\/em> arbeitet mit Bluetooth-Sensoren und Datenloggern. Um sich mit unseren Bluetooth-Ger\u00e4ten zu verbinden und die Messwerte aufzeichnen und auswerten zu k\u00f6nnen, ben\u00f6tigten Sie die kostenfreie MGA-App von Addest.<\/p>\n<\/div><\/div><\/div><\/div>\n\n\n\n<div class=\"wp-block-essential-blocks-column  root-eb-column-b2v23\"><div class=\"eb-parent-wrapper eb-parent-eb-column-b2v23 \"><div class=\"eb-column-wrapper eb-column-b2v23\"><div class=\"eb-column-inner\">\n<div class=\"wp-block-essential-blocks-advanced-image  root-eb-advanced-image-z8pys\"><div class=\"eb-parent-wrapper eb-parent-eb-advanced-image-z8pys \"><figure class=\"eb-advanced-image-wrapper eb-advanced-image-z8pys no-effect\" data-id=\"eb-advanced-image-z8pys\"><div class=\"eb-image-wrapper\"><div class=\"eb-image-wrapper-inner eb-img-style-square\"><img decoding=\"async\" src=\"https:\/\/mekruphy.com\/de\/wp-content\/uploads\/2026\/02\/Experiment-mit-Messwerterfassung_nachbelichtet-1.webp\" alt=\"\"\/><\/div><\/div><\/figure><\/div><\/div>\n<\/div><\/div><\/div><\/div>\n<\/div><\/div><\/div><\/div><\/div>\n\n\n\n<div style=\"height:40px\" aria-hidden=\"true\" class=\"wp-block-spacer\"><\/div>\n\n\n\n<p>Die MGA-App k\u00f6nnen Sie \u00fcber die offiziellen Plattformen herunterladen und auf Ihrem Tablet installieren.<\/p>\n\n\n\n<div style=\"height:20px\" aria-hidden=\"true\" class=\"wp-block-spacer\"><\/div>\n\n\n\n<div class=\"wp-block-columns is-layout-flex wp-container-core-columns-is-layout-9d6595d7 wp-block-columns-is-layout-flex\">\n<div class=\"wp-block-column is-layout-flow wp-block-column-is-layout-flow\">\n<div class=\"wp-block-essential-blocks-advanced-image  root-eb-advanced-image-w3waw\"><div class=\"eb-parent-wrapper eb-parent-eb-advanced-image-w3waw \"><figure class=\"eb-advanced-image-wrapper eb-advanced-image-w3waw no-effect\" data-id=\"eb-advanced-image-w3waw\"><div class=\"eb-image-wrapper\"><div class=\"eb-image-wrapper-inner eb-img-style-square\"><img decoding=\"async\" src=\"https:\/\/mekruphy.com\/de\/wp-content\/uploads\/2026\/02\/app-store-black.png\" alt=\"\"\/><\/div><a class=\"eb-image-link\" href=\"https:\/\/apple.co\/4qWXs5l\" target=\"_blank\" rel=\"noopener\"><\/a><\/div><\/figure><\/div><\/div>\n\n\n\n<div style=\"height:10px\" aria-hidden=\"true\" class=\"wp-block-spacer\"><\/div>\n\n\n\n<div class=\"wp-block-essential-blocks-advanced-image  root-eb-advanced-image-2dbhr\"><div class=\"eb-parent-wrapper eb-parent-eb-advanced-image-2dbhr \"><figure class=\"eb-advanced-image-wrapper eb-advanced-image-2dbhr no-effect\" data-id=\"eb-advanced-image-2dbhr\"><div class=\"eb-image-wrapper\"><div class=\"eb-image-wrapper-inner eb-img-style-rounded\"><img decoding=\"async\" src=\"https:\/\/mekruphy.com\/de\/wp-content\/uploads\/2026\/02\/qr-code-app-store.jpg\" alt=\"\"\/><\/div><\/div><\/figure><\/div><\/div>\n\n\n\n<p><\/p>\n<\/div>\n\n\n\n<div class=\"wp-block-column is-layout-flow wp-block-column-is-layout-flow\">\n<div class=\"wp-block-essential-blocks-advanced-image  root-eb-advanced-image-kpp3n\"><div class=\"eb-parent-wrapper eb-parent-eb-advanced-image-kpp3n \"><figure class=\"eb-advanced-image-wrapper eb-advanced-image-kpp3n no-effect\" data-id=\"eb-advanced-image-kpp3n\"><div class=\"eb-image-wrapper\"><div class=\"eb-image-wrapper-inner eb-img-style-square\"><img decoding=\"async\" src=\"https:\/\/mekruphy.com\/de\/wp-content\/uploads\/2026\/02\/GetItOnGooglePlay_Badge_Web_color_German.png\" alt=\"\"\/><\/div><a class=\"eb-image-link\" href=\"https:\/\/play.google.com\/store\/apps\/details?id=com.addest.apmga\" target=\"_blank\" rel=\"noopener\"><\/a><\/div><\/figure><\/div><\/div>\n\n\n\n<div style=\"height:10px\" aria-hidden=\"true\" class=\"wp-block-spacer\"><\/div>\n\n\n\n<div class=\"wp-block-essential-blocks-advanced-image  root-eb-advanced-image-zs9go\"><div class=\"eb-parent-wrapper eb-parent-eb-advanced-image-zs9go \"><figure class=\"eb-advanced-image-wrapper eb-advanced-image-zs9go no-effect\" data-id=\"eb-advanced-image-zs9go\"><div class=\"eb-image-wrapper\"><div class=\"eb-image-wrapper-inner eb-img-style-rounded\"><img decoding=\"async\" src=\"https:\/\/mekruphy.com\/de\/wp-content\/uploads\/2026\/02\/qr-code-play-store.png\" alt=\"\"\/><\/div><\/div><\/figure><\/div><\/div>\n<\/div>\n<\/div>\n\n\n\n<div style=\"height:60px\" aria-hidden=\"true\" class=\"wp-block-spacer\"><\/div>\n\n\n\n<h2 class=\"wp-block-heading\">Software zur digitalen Strahlenmessung mit GSM-R1 (RAYSID) und Edu-App<\/h2>\n\n\n\n<p>Das GSM-R1 ist ein handliches, intuitiv bedienbares und dabei hochempfindliches Gammaspektrometer mit Caesium-Iodid-Kristall f\u00fcr Sch\u00fclerexperimente. Um sich via Bluetooth mit dem GSM-R1 zu verbinden und die Messwerte aufzeichnen und auswerten zu k\u00f6nnen, ben\u00f6tigen Sie die kostenfreie Raysid Edu-App.<\/p>\n\n\n\n<div class=\"wp-block-essential-blocks-advanced-image  root-eb-advanced-image-8rb4c\"><div class=\"eb-parent-wrapper eb-parent-eb-advanced-image-8rb4c \"><figure class=\"eb-advanced-image-wrapper eb-advanced-image-8rb4c no-effect\" data-id=\"eb-advanced-image-8rb4c\"><div class=\"eb-image-wrapper\"><div class=\"eb-image-wrapper-inner eb-img-style-rounded\"><img decoding=\"async\" src=\"https:\/\/mekruphy.com\/de\/wp-content\/uploads\/2026\/03\/Raysid-Gammaspectrometer.png\" alt=\"\"\/><\/div><\/div><\/figure><\/div><\/div>\n\n\n\n<div style=\"height:40px\" aria-hidden=\"true\" class=\"wp-block-spacer\"><\/div>\n\n\n\n<p>Die Raysid Edu-App k\u00f6nnen Sie \u00fcber die offizielle Plattform herunterladen und auf Ihrem Tablet installieren.<\/p>\n\n\n\n<div style=\"height:20px\" aria-hidden=\"true\" class=\"wp-block-spacer\"><\/div>\n\n\n\n<div class=\"wp-block-essential-blocks-row alignfull  root-eb-row-ps92m\"><div class=\"eb-parent-wrapper eb-parent-eb-row-ps92m \"><div class=\"eb-row-root-container eb-row-ps92m\" data-id=\"eb-row-ps92m\"><div class=\"eb-row-wrapper\"><div class=\"eb-row-inner\">\n<div class=\"wp-block-essential-blocks-column  root-eb-column-de3tu\"><div class=\"eb-parent-wrapper eb-parent-eb-column-de3tu \"><div class=\"eb-column-wrapper eb-column-de3tu\"><div class=\"eb-column-inner\">\n<div class=\"wp-block-essential-blocks-advanced-image  root-eb-advanced-image-338gs\"><div class=\"eb-parent-wrapper eb-parent-eb-advanced-image-338gs \"><figure class=\"eb-advanced-image-wrapper eb-advanced-image-338gs no-effect\" data-id=\"eb-advanced-image-338gs\"><div class=\"eb-image-wrapper\"><div class=\"eb-image-wrapper-inner eb-img-style-square\"><img decoding=\"async\" src=\"https:\/\/mekruphy.com\/de\/wp-content\/uploads\/2026\/02\/GetItOnGooglePlay_Badge_Web_color_German.png\" alt=\"\"\/><\/div><a class=\"eb-image-link\" href=\"https:\/\/play.google.com\/store\/apps\/details?id=pl.in_new.raysid_edu\" target=\"_blank\" rel=\"noopener\"><\/a><\/div><\/figure><\/div><\/div>\n\n\n\n<div style=\"height:10px\" aria-hidden=\"true\" class=\"wp-block-spacer\"><\/div>\n\n\n\n<div class=\"wp-block-essential-blocks-advanced-image  root-eb-advanced-image-t5ik0\"><div class=\"eb-parent-wrapper eb-parent-eb-advanced-image-t5ik0 \"><figure class=\"eb-advanced-image-wrapper eb-advanced-image-t5ik0 no-effect\" data-id=\"eb-advanced-image-t5ik0\"><div class=\"eb-image-wrapper\"><div class=\"eb-image-wrapper-inner eb-img-style-rounded\"><img decoding=\"async\" src=\"https:\/\/mekruphy.com\/de\/wp-content\/uploads\/2026\/03\/QR-Code-Raysid-Edu-App.png\" alt=\"\"\/><\/div><\/div><\/figure><\/div><\/div>\n<\/div><\/div><\/div><\/div>\n\n\n\n<div class=\"wp-block-essential-blocks-column  root-eb-column-5tlly\"><div class=\"eb-parent-wrapper eb-parent-eb-column-5tlly \"><div class=\"eb-column-wrapper eb-column-5tlly\"><div class=\"eb-column-inner\"><\/div><\/div><\/div><\/div>\n<\/div><\/div><\/div><\/div><\/div>\n\n\n\n<p><\/p>\n","protected":false},"excerpt":{"rendered":"<p>Software zur digitalen Strahlenmessung mit GSM-R1 (RAYSID) und Edu-App Das GSM-R1 ist ein handliches, intuitiv bedienbares und dabei hochempfindliches Gammaspektrometer mit Caesium-Iodid-Kristall f\u00fcr Sch\u00fclerexperimente. Um sich via Bluetooth mit dem GSM-R1 zu verbinden und die Messwerte aufzeichnen und auswerten zu k\u00f6nnen, ben\u00f6tigen Sie die kostenfreie Raysid Edu-App. Die Raysid Edu-App k\u00f6nnen Sie \u00fcber die offizielle [&hellip;]<\/p>\n","protected":false},"author":6,"featured_media":0,"parent":785,"menu_order":1,"comment_status":"closed","ping_status":"closed","template":"","meta":{"_acf_changed":false,"_coblocks_attr":"","_coblocks_dimensions":"","_coblocks_responsive_height":"","_coblocks_accordion_ie_support":"","_eb_attr":"","advgb_blocks_editor_width":"","advgb_blocks_columns_visual_guide":"enable","footnotes":""},"class_list":["post-8837","page","type-page","status-publish","hentry"],"acf":[],"yoast_head":"<!-- This site is optimized with the Yoast SEO plugin v27.4 - https:\/\/yoast.com\/product\/yoast-seo-wordpress\/ -->\n<title>Software - MEKRUPHY GmbH<\/title>\n<meta name=\"description\" content=\"Hier finden Sie die ben\u00f6tigten Apps, um die Messwerte unserer Bluetooth Sensoren aufzuzeichnen und auszuwerten.\" \/>\n<meta name=\"robots\" content=\"index, follow, max-snippet:-1, max-image-preview:large, max-video-preview:-1\" \/>\n<link rel=\"canonical\" href=\"https:\/\/mekruphy.com\/de\/service\/software\/\" \/>\n<meta property=\"og:locale\" content=\"de_DE\" \/>\n<meta property=\"og:type\" content=\"article\" \/>\n<meta property=\"og:title\" content=\"Software - MEKRUPHY GmbH\" \/>\n<meta property=\"og:description\" content=\"Hier finden Sie die ben\u00f6tigten Apps, um die Messwerte unserer Bluetooth Sensoren aufzuzeichnen und auszuwerten.\" \/>\n<meta property=\"og:url\" content=\"https:\/\/mekruphy.com\/de\/service\/software\/\" \/>\n<meta property=\"og:site_name\" content=\"MEKRUPHY GmbH\" \/>\n<meta property=\"article:modified_time\" content=\"2026-03-03T14:55:50+00:00\" \/>\n<meta property=\"og:image\" content=\"https:\/\/mekruphy.com\/de\/wp-content\/uploads\/2026\/03\/Raysid-Gammaspectrometer.png\" \/>\n<meta name=\"twitter:card\" content=\"summary_large_image\" \/>\n<meta name=\"twitter:label1\" content=\"Gesch\u00e4tzte Lesezeit\" \/>\n\t<meta name=\"twitter:data1\" content=\"3\u00a0Minuten\" \/>\n<script type=\"application\/ld+json\" class=\"yoast-schema-graph\">{\"@context\":\"https:\\\/\\\/schema.org\",\"@graph\":[{\"@type\":\"WebPage\",\"@id\":\"https:\\\/\\\/mekruphy.com\\\/de\\\/service\\\/software\\\/\",\"url\":\"https:\\\/\\\/mekruphy.com\\\/de\\\/service\\\/software\\\/\",\"name\":\"Software - MEKRUPHY GmbH\",\"isPartOf\":{\"@id\":\"https:\\\/\\\/mekruphy.com\\\/de\\\/#website\"},\"primaryImageOfPage\":{\"@id\":\"https:\\\/\\\/mekruphy.com\\\/de\\\/service\\\/software\\\/#primaryimage\"},\"image\":{\"@id\":\"https:\\\/\\\/mekruphy.com\\\/de\\\/service\\\/software\\\/#primaryimage\"},\"thumbnailUrl\":\"https:\\\/\\\/mekruphy.com\\\/de\\\/wp-content\\\/uploads\\\/2026\\\/03\\\/Raysid-Gammaspectrometer.png\",\"datePublished\":\"2026-03-02T16:54:30+00:00\",\"dateModified\":\"2026-03-03T14:55:50+00:00\",\"description\":\"Hier finden Sie die ben\u00f6tigten Apps, um die Messwerte unserer Bluetooth Sensoren aufzuzeichnen und auszuwerten.\",\"breadcrumb\":{\"@id\":\"https:\\\/\\\/mekruphy.com\\\/de\\\/service\\\/software\\\/#breadcrumb\"},\"inLanguage\":\"de\",\"potentialAction\":[{\"@type\":\"ReadAction\",\"target\":[\"https:\\\/\\\/mekruphy.com\\\/de\\\/service\\\/software\\\/\"]}]},{\"@type\":\"ImageObject\",\"inLanguage\":\"de\",\"@id\":\"https:\\\/\\\/mekruphy.com\\\/de\\\/service\\\/software\\\/#primaryimage\",\"url\":\"https:\\\/\\\/mekruphy.com\\\/de\\\/wp-content\\\/uploads\\\/2026\\\/03\\\/Raysid-Gammaspectrometer.png\",\"contentUrl\":\"https:\\\/\\\/mekruphy.com\\\/de\\\/wp-content\\\/uploads\\\/2026\\\/03\\\/Raysid-Gammaspectrometer.png\",\"width\":519,\"height\":425},{\"@type\":\"BreadcrumbList\",\"@id\":\"https:\\\/\\\/mekruphy.com\\\/de\\\/service\\\/software\\\/#breadcrumb\",\"itemListElement\":[{\"@type\":\"ListItem\",\"position\":1,\"name\":\"Startseite\",\"item\":\"https:\\\/\\\/mekruphy.com\\\/de\\\/\"},{\"@type\":\"ListItem\",\"position\":2,\"name\":\"Service\",\"item\":\"https:\\\/\\\/mekruphy.com\\\/de\\\/service\\\/\"},{\"@type\":\"ListItem\",\"position\":3,\"name\":\"Software\"}]},{\"@type\":\"WebSite\",\"@id\":\"https:\\\/\\\/mekruphy.com\\\/de\\\/#website\",\"url\":\"https:\\\/\\\/mekruphy.com\\\/de\\\/\",\"name\":\"MEKRUPHY GmbH\",\"description\":\"Sch\u00fcler-Experimentierk\u00e4sten f\u00fcr den MINT-Unterricht\",\"potentialAction\":[{\"@type\":\"SearchAction\",\"target\":{\"@type\":\"EntryPoint\",\"urlTemplate\":\"https:\\\/\\\/mekruphy.com\\\/de\\\/?s={search_term_string}\"},\"query-input\":{\"@type\":\"PropertyValueSpecification\",\"valueRequired\":true,\"valueName\":\"search_term_string\"}}],\"inLanguage\":\"de\"}]}<\/script>\n<!-- \/ Yoast SEO plugin. -->","yoast_head_json":{"title":"Software - MEKRUPHY GmbH","description":"Hier finden Sie die ben\u00f6tigten Apps, um die Messwerte unserer Bluetooth Sensoren aufzuzeichnen und auszuwerten.","robots":{"index":"index","follow":"follow","max-snippet":"max-snippet:-1","max-image-preview":"max-image-preview:large","max-video-preview":"max-video-preview:-1"},"canonical":"https:\/\/mekruphy.com\/de\/service\/software\/","og_locale":"de_DE","og_type":"article","og_title":"Software - MEKRUPHY GmbH","og_description":"Hier finden Sie die ben\u00f6tigten Apps, um die Messwerte unserer Bluetooth Sensoren aufzuzeichnen und auszuwerten.","og_url":"https:\/\/mekruphy.com\/de\/service\/software\/","og_site_name":"MEKRUPHY GmbH","article_modified_time":"2026-03-03T14:55:50+00:00","og_image":[{"url":"https:\/\/mekruphy.com\/de\/wp-content\/uploads\/2026\/03\/Raysid-Gammaspectrometer.png","type":"","width":"","height":""}],"twitter_card":"summary_large_image","twitter_misc":{"Gesch\u00e4tzte Lesezeit":"3\u00a0Minuten"},"schema":{"@context":"https:\/\/schema.org","@graph":[{"@type":"WebPage","@id":"https:\/\/mekruphy.com\/de\/service\/software\/","url":"https:\/\/mekruphy.com\/de\/service\/software\/","name":"Software - MEKRUPHY GmbH","isPartOf":{"@id":"https:\/\/mekruphy.com\/de\/#website"},"primaryImageOfPage":{"@id":"https:\/\/mekruphy.com\/de\/service\/software\/#primaryimage"},"image":{"@id":"https:\/\/mekruphy.com\/de\/service\/software\/#primaryimage"},"thumbnailUrl":"https:\/\/mekruphy.com\/de\/wp-content\/uploads\/2026\/03\/Raysid-Gammaspectrometer.png","datePublished":"2026-03-02T16:54:30+00:00","dateModified":"2026-03-03T14:55:50+00:00","description":"Hier finden Sie die ben\u00f6tigten Apps, um die Messwerte unserer Bluetooth Sensoren aufzuzeichnen und auszuwerten.","breadcrumb":{"@id":"https:\/\/mekruphy.com\/de\/service\/software\/#breadcrumb"},"inLanguage":"de","potentialAction":[{"@type":"ReadAction","target":["https:\/\/mekruphy.com\/de\/service\/software\/"]}]},{"@type":"ImageObject","inLanguage":"de","@id":"https:\/\/mekruphy.com\/de\/service\/software\/#primaryimage","url":"https:\/\/mekruphy.com\/de\/wp-content\/uploads\/2026\/03\/Raysid-Gammaspectrometer.png","contentUrl":"https:\/\/mekruphy.com\/de\/wp-content\/uploads\/2026\/03\/Raysid-Gammaspectrometer.png","width":519,"height":425},{"@type":"BreadcrumbList","@id":"https:\/\/mekruphy.com\/de\/service\/software\/#breadcrumb","itemListElement":[{"@type":"ListItem","position":1,"name":"Startseite","item":"https:\/\/mekruphy.com\/de\/"},{"@type":"ListItem","position":2,"name":"Service","item":"https:\/\/mekruphy.com\/de\/service\/"},{"@type":"ListItem","position":3,"name":"Software"}]},{"@type":"WebSite","@id":"https:\/\/mekruphy.com\/de\/#website","url":"https:\/\/mekruphy.com\/de\/","name":"MEKRUPHY GmbH","description":"Sch\u00fcler-Experimentierk\u00e4sten f\u00fcr den MINT-Unterricht","potentialAction":[{"@type":"SearchAction","target":{"@type":"EntryPoint","urlTemplate":"https:\/\/mekruphy.com\/de\/?s={search_term_string}"},"query-input":{"@type":"PropertyValueSpecification","valueRequired":true,"valueName":"search_term_string"}}],"inLanguage":"de"}]}},"coauthors":[],"author_meta":{"author_link":"https:\/\/mekruphy.com\/de\/author\/sabine-kasparek\/","display_name":"Sabine Kasparek"},"relative_dates":{"created":"Ver\u00f6ffentlicht 2\u00a0Monaten vor","modified":"Aktualisiert 1\u00a0Monat vor"},"absolute_dates":{"created":"Ver\u00f6ffentlicht am 2. M\u00e4rz 2026","modified":"Aktualisiert am 3. M\u00e4rz 2026"},"absolute_dates_time":{"created":"Ver\u00f6ffentlicht am 2. M\u00e4rz 2026 17:54","modified":"Aktualisiert am 3. M\u00e4rz 2026 15:55"},"featured_img_caption":"","featured_img":false,"series_order":"","_links":{"self":[{"href":"https:\/\/mekruphy.com\/de\/wp-json\/wp\/v2\/pages\/8837","targetHints":{"allow":["GET"]}}],"collection":[{"href":"https:\/\/mekruphy.com\/de\/wp-json\/wp\/v2\/pages"}],"about":[{"href":"https:\/\/mekruphy.com\/de\/wp-json\/wp\/v2\/types\/page"}],"author":[{"embeddable":true,"href":"https:\/\/mekruphy.com\/de\/wp-json\/wp\/v2\/users\/6"}],"replies":[{"embeddable":true,"href":"https:\/\/mekruphy.com\/de\/wp-json\/wp\/v2\/comments?post=8837"}],"version-history":[{"count":7,"href":"https:\/\/mekruphy.com\/de\/wp-json\/wp\/v2\/pages\/8837\/revisions"}],"predecessor-version":[{"id":8853,"href":"https:\/\/mekruphy.com\/de\/wp-json\/wp\/v2\/pages\/8837\/revisions\/8853"}],"up":[{"embeddable":true,"href":"https:\/\/mekruphy.com\/de\/wp-json\/wp\/v2\/pages\/785"}],"wp:attachment":[{"href":"https:\/\/mekruphy.com\/de\/wp-json\/wp\/v2\/media?parent=8837"}],"curies":[{"name":"wp","href":"https:\/\/api.w.org\/{rel}","templated":true}]}}