{"id":900,"date":"2020-07-22T13:42:07","date_gmt":"2020-07-22T11:42:07","guid":{"rendered":"https:\/\/mekruphy.com\/de\/?page_id=900"},"modified":"2022-02-09T11:30:05","modified_gmt":"2022-02-09T10:30:05","slug":"basisausruestung-biologie","status":"publish","type":"page","link":"https:\/\/mekruphy.com\/de\/produkte\/biologie\/basisausruestung-biologie\/","title":{"rendered":"Basisausr\u00fcstung BIOLOGIE"},"content":{"rendered":"<div class=\"yoast-breadcrumbs breadcrumbs-indented\"><span><span><a href=\"https:\/\/mekruphy.com\/de\/\">Startseite<\/a><\/span> \u00bb <span><a href=\"https:\/\/mekruphy.com\/de\/produkte\/\">Produkte<\/a><\/span> \u00bb <span><a href=\"https:\/\/mekruphy.com\/de\/produkte\/biologie\/\">Biologie<\/a><\/span> \u00bb <span class=\"breadcrumb_last\" aria-current=\"page\">Basisausr\u00fcstung BIOLOGIE<\/span><\/span><\/div>\n\n\n<div class=\"wp-block-advgb-adv-tabs advgb-tabs-wrapper advgb-tab-horz-desktop advgb-tab-vert-tablet advgb-tab-stack-mobile advgb-tabs-47021eeb-a05a-49bb-af4e-88b3619c46e2\" data-tab-active=\"0\"><ul class=\"advgb-tabs-panel\"><li class=\"advgb-tab\" style=\"background-color:#e0e0e0;border-style:solid;border-width:1px;border-radius:10px\"><a href=\"#advgb-tabs-tab0\" style=\"color:#fff\"><span>Beschreibung<\/span><\/a><\/li><li class=\"advgb-tab\" style=\"background-color:#e0e0e0;border-style:solid;border-width:1px;border-radius:10px\"><a href=\"#advgb-tabs-tab1\" style=\"color:#fff\"><span>Lieferumfang<\/span><\/a><\/li><li class=\"advgb-tab\" style=\"background-color:#e0e0e0;border-style:solid;border-width:1px;border-radius:10px\"><a href=\"#advgb-tabs-tab2\" style=\"color:#fff\"><span>Bilder<\/span><\/a><\/li><\/ul><div class=\"advgb-tab-body-wrapper\" style=\"border-style:solid;border-width:1px;border-radius:10px\">\n<div class=\"wp-block-advgb-tab advgb-tab-body-container\"><div class=\"advgb-tab-body-header\">Beschreibung<\/div><div class=\"advgb-tab-_873a0d-68 advgb-tab-body\" aria-labelledby=\"advgb-tabs-tab0\">\n<h2 class=\"wp-block-heading\" id=\"basisausrustung-fur-biologie-experimente\">Basisausr\u00fcstung f\u00fcr Biologie-Experimente<\/h2>\n\n\n\n<p>Die Basisausr\u00fcstung BIOLOGIE enth\u00e4lt alle Grund\u00adger\u00e4te, die f\u00fcr viele Experimente im Biologieunterricht ben\u00f6\u00adtigt werden. Durch die Kombination aus Basiskasten und Themenk\u00e4sten wer\u00adden Mehrfachanschaffungen vermieden. Dieser Kasten l\u00e4sst sich w\u00e4hrend des Experi\u00admentierens auf alle Themenk\u00e4sten sta\u00adpeln, so dass auf dem Tisch gen\u00fcgend Platz zum Experimentieren und Schrei\u00adben bleibt. Die Ger\u00e4te sind \u00fcbersichtlich angeordnet und sofort einsatzbereit.<\/p>\n\n\n\n<h3 class=\"wp-block-heading\" id=\"grundgerate-1\">Grundger\u00e4te<\/h3>\n\n\n\n<p>Das Digitalthermometer mit seinem 12 cm langen Messf\u00fchler hat einen Mess\u00adbereich von \u2013 50 \u00b0C bis + 300 \u00b0C, misst im Sekundentakt und auf Zehntel Grad ge\u00adnau.<\/p>\n\n\n\n<p>Der Schwerpunkt des speziell entwickel\u00adten Re\u00adagenzglasst\u00e4nders aus eloxiertem Aluminium liegt so tief, dass ein Umkip\u00adpen praktisch unm\u00f6glich ist. Au\u00dferdem ist der St\u00e4nder, der f\u00fcnf normale, ein gro\u00dfes und zwei kleine Reagenzgl\u00e4ser aufnehmen kann, extrem hitzebest\u00e4ndig und gut zu reinigen.<\/p>\n\n\n\n<p>Die Basisausr\u00fcstung wird u.a. f\u00fcr ein\u00adzelne Experimente zu den Themen <a href=\"https:\/\/mekruphy.com\/de\/produkte\/biologie\/experimentiersatz-biologie-5-pflanzen-1\/\">PFLANZEN 1<\/a> und <a href=\"https:\/\/mekruphy.com\/de\/produkte\/biologie\/biologie-addestation\/experimentiersatz-biologie-7-physiologie-addestation-mga\/\">PHYSIOLOGIE<\/a> ben\u00f6tigt.<\/p>\n\n\n\n<h3 class=\"wp-block-heading\" id=\"h-begleitmaterialien\">Begleitmaterialien<\/h3>\n\n\n\n<p>Passend zum Experimentierkasten Basisausr\u00fcstung BIOLOGIE sind auch ein <a href=\"https:\/\/mekruphy.com\/de\/produkte\/biologie\/biologie-arbeitshefte\/\">Sch\u00fclerheft<\/a> und ein <a href=\"https:\/\/mekruphy.com\/de\/produkte\/biologie\/biologie-arbeitshefte\/\">Lehrerheft<\/a> mit didaktischen Anweisungen und L\u00f6sungen in analoger Form erh\u00e4ltlich. Das Sch\u00fclerheft ist auch in digitaler Form erwerbbar.<\/p>\n<\/div><\/div>\n\n\n\n<div class=\"wp-block-advgb-tab advgb-tab-body-container\"><div class=\"advgb-tab-body-header\">Lieferumfang<\/div><div class=\"advgb-tab-_5bff2e-60 advgb-tab-body\" aria-labelledby=\"advgb-tabs-tab1\">\n<figure class=\"wp-block-table table-product-contents\"><table><tbody><tr><td>31.02.00<\/td><td>Ger\u00e4tegeformter Einsatz BB<\/td><\/tr><tr><td>24.03.00<\/td><td>Becherglas 25 ml BORO<\/td><\/tr><tr><td>20.04.00<\/td><td>Universalklemme (2 St\u00fcck)<\/td><\/tr><tr><td>21.04.00<\/td><td>Becherglas 250 ml BORO (2 St\u00fcck)<\/td><\/tr><tr><td>31.05.00<\/td><td>Becherglas 100 ml BORO<\/td><\/tr><tr><td>21.07.00<\/td><td>Glastrichter<\/td><\/tr><tr><td>20.08.00<\/td><td>Pinzette gerade stumpf<\/td><\/tr><tr><td>21.08.10<\/td><td>Reagenzglas 12 x 100 mm BORO (2 St\u00fcck)<\/td><\/tr><tr><td>21.08.20<\/td><td>Reagenzglas 16 x 160 mm BORO (4 St\u00fcck)<\/td><\/tr><tr><td>20.09.00<\/td><td>Labormesser<\/td><\/tr><tr><td>20.10.00<\/td><td>Reagenzglashalter Holz<\/td><\/tr><tr><td>31.11.00<\/td><td>Chemikalienl\u00f6ffel<\/td><\/tr><tr><td>20.13.00<\/td><td>Digitalthermometer C (-50\u00b0\/+300\u00b0C)<\/td><\/tr><tr><td>30.13.00<\/td><td>Mikroskopierschere<\/td><\/tr><tr><td>01.14.00<\/td><td>Messzylinder 50 ml<\/td><\/tr><tr><td>20.15.30<\/td><td>Gummistopfen 14\/18 (2 St\u00fcck)<\/td><\/tr><tr><td>21.16.00<\/td><td>Reagenzglasst\u00e4nder Aluminium<\/td><\/tr><tr><td>20.18.00<\/td><td>Pipette mit H\u00fctchen (2 St\u00fcck)<\/td><\/tr><tr><td>01.19.00<\/td><td>Ma\u00dfband 2 m<\/td><\/tr><\/tbody><\/table><\/figure>\n<\/div><\/div>\n\n\n\n<div class=\"wp-block-advgb-tab advgb-tab-body-container\"><div class=\"advgb-tab-body-header\">Bilder<\/div><div class=\"advgb-tab-_cb1915-f8 advgb-tab-body\" aria-labelledby=\"advgb-tabs-tab2\">\n<div class=\"wp-block-image\"><figure class=\"aligncenter size-large is-resized\"><img loading=\"lazy\" decoding=\"async\" src=\"https:\/\/mekruphy.com\/de\/wp-content\/uploads\/2021\/03\/BB_1.png\" alt=\"Glaskolben der Basisausr\u00fcstung Biologie\" class=\"wp-image-3237\" width=\"510\" height=\"461\" srcset=\"https:\/\/mekruphy.com\/de\/wp-content\/uploads\/2021\/03\/BB_1.png 645w, https:\/\/mekruphy.com\/de\/wp-content\/uploads\/2021\/03\/BB_1-300x271.png 300w\" sizes=\"auto, (max-width: 510px) 100vw, 510px\" \/><\/figure><\/div>\n\n\n\n<p>&nbsp;<\/p>\n\n\n\n<div class=\"wp-block-image\"><figure class=\"aligncenter size-large is-resized\"><img loading=\"lazy\" decoding=\"async\" src=\"https:\/\/mekruphy.com\/de\/wp-content\/uploads\/2021\/03\/C2_4.png\" alt=\"Reagenzgl\u00e4ser der Basisausr\u00fcstung Biologie\" class=\"wp-image-3200\" width=\"510\" height=\"521\" srcset=\"https:\/\/mekruphy.com\/de\/wp-content\/uploads\/2021\/03\/C2_4.png 631w, https:\/\/mekruphy.com\/de\/wp-content\/uploads\/2021\/03\/C2_4-294x300.png 294w\" sizes=\"auto, (max-width: 510px) 100vw, 510px\" \/><\/figure><\/div>\n\n\n\n<p>&nbsp;<\/p>\n\n\n\n<div class=\"wp-block-image\"><figure class=\"aligncenter size-large is-resized\"><img loading=\"lazy\" decoding=\"async\" src=\"https:\/\/mekruphy.com\/de\/wp-content\/uploads\/2021\/03\/C1_4.png\" alt=\"Digitalthermometer der Basisausr\u00fcstung Biologie\" class=\"wp-image-3198\" width=\"380\" height=\"751\" srcset=\"https:\/\/mekruphy.com\/de\/wp-content\/uploads\/2021\/03\/C1_4.png 421w, https:\/\/mekruphy.com\/de\/wp-content\/uploads\/2021\/03\/C1_4-152x300.png 152w\" sizes=\"auto, (max-width: 380px) 100vw, 380px\" \/><\/figure><\/div>\n<\/div><\/div>\n<\/div><\/div>\n<style class=\"advgb-styles-renderer\">.advgb-tabs-47021eeb-a05a-49bb-af4e-88b3619c46e2 ul.advgb-tabs-panel li.advgb-tab.advgb-tab-active {background-color:#5954d6 !important;color:#fff !important;}#advgb-tabs-47021eeb-a05a-49bb-af4e-88b3619c46e2 .advgb-tab-body-header.header-active, .advgb-tabs-47021eeb-a05a-49bb-af4e-88b3619c46e2 .advgb-tab-body-header.header-active{background-color:#5954d6 !important;color:#fff !important;}<\/style>","protected":false},"excerpt":{"rendered":"","protected":false},"author":1,"featured_media":1603,"parent":625,"menu_order":0,"comment_status":"closed","ping_status":"closed","template":"templates\/product.php","meta":{"_acf_changed":false,"_coblocks_attr":"","_coblocks_dimensions":"","_coblocks_responsive_height":"","_coblocks_accordion_ie_support":"","_eb_attr":"","advgb_blocks_editor_width":"","advgb_blocks_columns_visual_guide":"","footnotes":""},"class_list":["post-900","page","type-page","status-publish","has-post-thumbnail","hentry"],"acf":[],"yoast_head":"<!-- This site is optimized with the Yoast SEO plugin v27.3 - https:\/\/yoast.com\/product\/yoast-seo-wordpress\/ -->\n<title>Basisausr\u00fcstung BIOLOGIE - MEKRUPHY GmbH<\/title>\n<meta name=\"description\" content=\"Die MEKRUPHY Basisausr\u00fcstung BIOLOGIE enth\u00e4lt alle Ger\u00e4te, die f\u00fcr viele Sch\u00fclerexperimente ben\u00f6tigt werden.\" \/>\n<meta name=\"robots\" content=\"index, follow, max-snippet:-1, max-image-preview:large, max-video-preview:-1\" \/>\n<link rel=\"canonical\" href=\"https:\/\/mekruphy.com\/de\/produkte\/biologie\/basisausruestung-biologie\/\" \/>\n<meta property=\"og:locale\" content=\"de_DE\" \/>\n<meta property=\"og:type\" content=\"article\" \/>\n<meta property=\"og:title\" content=\"Basisausr\u00fcstung BIOLOGIE - MEKRUPHY GmbH\" \/>\n<meta property=\"og:description\" content=\"Die MEKRUPHY Basisausr\u00fcstung BIOLOGIE enth\u00e4lt alle Ger\u00e4te, die f\u00fcr viele Sch\u00fclerexperimente ben\u00f6tigt werden.\" \/>\n<meta property=\"og:url\" content=\"https:\/\/mekruphy.com\/de\/produkte\/biologie\/basisausruestung-biologie\/\" \/>\n<meta property=\"og:site_name\" content=\"MEKRUPHY GmbH\" \/>\n<meta property=\"article:modified_time\" content=\"2022-02-09T10:30:05+00:00\" \/>\n<meta property=\"og:image\" content=\"https:\/\/mekruphy.com\/de\/wp-content\/uploads\/2020\/07\/BIOLOGIE-BASISAUSRUESTUNG.jpg\" \/>\n\t<meta property=\"og:image:width\" content=\"1800\" \/>\n\t<meta property=\"og:image:height\" content=\"1386\" \/>\n\t<meta property=\"og:image:type\" content=\"image\/jpeg\" \/>\n<meta name=\"twitter:card\" content=\"summary_large_image\" \/>\n<meta name=\"twitter:label1\" content=\"Gesch\u00e4tzte Lesezeit\" \/>\n\t<meta name=\"twitter:data1\" content=\"1\u00a0Minute\" \/>\n<script type=\"application\/ld+json\" class=\"yoast-schema-graph\">{\"@context\":\"https:\\\/\\\/schema.org\",\"@graph\":[{\"@type\":\"WebPage\",\"@id\":\"https:\\\/\\\/mekruphy.com\\\/de\\\/produkte\\\/biologie\\\/basisausruestung-biologie\\\/\",\"url\":\"https:\\\/\\\/mekruphy.com\\\/de\\\/produkte\\\/biologie\\\/basisausruestung-biologie\\\/\",\"name\":\"Basisausr\u00fcstung BIOLOGIE - MEKRUPHY GmbH\",\"isPartOf\":{\"@id\":\"https:\\\/\\\/mekruphy.com\\\/de\\\/#website\"},\"primaryImageOfPage\":{\"@id\":\"https:\\\/\\\/mekruphy.com\\\/de\\\/produkte\\\/biologie\\\/basisausruestung-biologie\\\/#primaryimage\"},\"image\":{\"@id\":\"https:\\\/\\\/mekruphy.com\\\/de\\\/produkte\\\/biologie\\\/basisausruestung-biologie\\\/#primaryimage\"},\"thumbnailUrl\":\"https:\\\/\\\/mekruphy.com\\\/de\\\/wp-content\\\/uploads\\\/2020\\\/07\\\/BIOLOGIE-BASISAUSRUESTUNG.jpg\",\"datePublished\":\"2020-07-22T11:42:07+00:00\",\"dateModified\":\"2022-02-09T10:30:05+00:00\",\"description\":\"Die MEKRUPHY Basisausr\u00fcstung BIOLOGIE enth\u00e4lt alle Ger\u00e4te, die f\u00fcr viele Sch\u00fclerexperimente ben\u00f6tigt werden.\",\"breadcrumb\":{\"@id\":\"https:\\\/\\\/mekruphy.com\\\/de\\\/produkte\\\/biologie\\\/basisausruestung-biologie\\\/#breadcrumb\"},\"inLanguage\":\"de\",\"potentialAction\":[{\"@type\":\"ReadAction\",\"target\":[\"https:\\\/\\\/mekruphy.com\\\/de\\\/produkte\\\/biologie\\\/basisausruestung-biologie\\\/\"]}]},{\"@type\":\"ImageObject\",\"inLanguage\":\"de\",\"@id\":\"https:\\\/\\\/mekruphy.com\\\/de\\\/produkte\\\/biologie\\\/basisausruestung-biologie\\\/#primaryimage\",\"url\":\"https:\\\/\\\/mekruphy.com\\\/de\\\/wp-content\\\/uploads\\\/2020\\\/07\\\/BIOLOGIE-BASISAUSRUESTUNG.jpg\",\"contentUrl\":\"https:\\\/\\\/mekruphy.com\\\/de\\\/wp-content\\\/uploads\\\/2020\\\/07\\\/BIOLOGIE-BASISAUSRUESTUNG.jpg\",\"width\":1800,\"height\":1386},{\"@type\":\"BreadcrumbList\",\"@id\":\"https:\\\/\\\/mekruphy.com\\\/de\\\/produkte\\\/biologie\\\/basisausruestung-biologie\\\/#breadcrumb\",\"itemListElement\":[{\"@type\":\"ListItem\",\"position\":1,\"name\":\"Startseite\",\"item\":\"https:\\\/\\\/mekruphy.com\\\/de\\\/\"},{\"@type\":\"ListItem\",\"position\":2,\"name\":\"Produkte\",\"item\":\"https:\\\/\\\/mekruphy.com\\\/de\\\/produkte\\\/\"},{\"@type\":\"ListItem\",\"position\":3,\"name\":\"Biologie\",\"item\":\"https:\\\/\\\/mekruphy.com\\\/de\\\/produkte\\\/biologie\\\/\"},{\"@type\":\"ListItem\",\"position\":4,\"name\":\"Basisausr\u00fcstung BIOLOGIE\"}]},{\"@type\":\"WebSite\",\"@id\":\"https:\\\/\\\/mekruphy.com\\\/de\\\/#website\",\"url\":\"https:\\\/\\\/mekruphy.com\\\/de\\\/\",\"name\":\"MEKRUPHY GmbH\",\"description\":\"Sch\u00fcler-Experimentierk\u00e4sten f\u00fcr den MINT-Unterricht\",\"potentialAction\":[{\"@type\":\"SearchAction\",\"target\":{\"@type\":\"EntryPoint\",\"urlTemplate\":\"https:\\\/\\\/mekruphy.com\\\/de\\\/?s={search_term_string}\"},\"query-input\":{\"@type\":\"PropertyValueSpecification\",\"valueRequired\":true,\"valueName\":\"search_term_string\"}}],\"inLanguage\":\"de\"}]}<\/script>\n<!-- \/ Yoast SEO plugin. -->","yoast_head_json":{"title":"Basisausr\u00fcstung BIOLOGIE - MEKRUPHY GmbH","description":"Die MEKRUPHY Basisausr\u00fcstung BIOLOGIE enth\u00e4lt alle Ger\u00e4te, die f\u00fcr viele Sch\u00fclerexperimente ben\u00f6tigt werden.","robots":{"index":"index","follow":"follow","max-snippet":"max-snippet:-1","max-image-preview":"max-image-preview:large","max-video-preview":"max-video-preview:-1"},"canonical":"https:\/\/mekruphy.com\/de\/produkte\/biologie\/basisausruestung-biologie\/","og_locale":"de_DE","og_type":"article","og_title":"Basisausr\u00fcstung BIOLOGIE - MEKRUPHY GmbH","og_description":"Die MEKRUPHY Basisausr\u00fcstung BIOLOGIE enth\u00e4lt alle Ger\u00e4te, die f\u00fcr viele Sch\u00fclerexperimente ben\u00f6tigt werden.","og_url":"https:\/\/mekruphy.com\/de\/produkte\/biologie\/basisausruestung-biologie\/","og_site_name":"MEKRUPHY GmbH","article_modified_time":"2022-02-09T10:30:05+00:00","og_image":[{"width":1800,"height":1386,"url":"https:\/\/mekruphy.com\/de\/wp-content\/uploads\/2020\/07\/BIOLOGIE-BASISAUSRUESTUNG.jpg","type":"image\/jpeg"}],"twitter_card":"summary_large_image","twitter_misc":{"Gesch\u00e4tzte Lesezeit":"1\u00a0Minute"},"schema":{"@context":"https:\/\/schema.org","@graph":[{"@type":"WebPage","@id":"https:\/\/mekruphy.com\/de\/produkte\/biologie\/basisausruestung-biologie\/","url":"https:\/\/mekruphy.com\/de\/produkte\/biologie\/basisausruestung-biologie\/","name":"Basisausr\u00fcstung BIOLOGIE - MEKRUPHY GmbH","isPartOf":{"@id":"https:\/\/mekruphy.com\/de\/#website"},"primaryImageOfPage":{"@id":"https:\/\/mekruphy.com\/de\/produkte\/biologie\/basisausruestung-biologie\/#primaryimage"},"image":{"@id":"https:\/\/mekruphy.com\/de\/produkte\/biologie\/basisausruestung-biologie\/#primaryimage"},"thumbnailUrl":"https:\/\/mekruphy.com\/de\/wp-content\/uploads\/2020\/07\/BIOLOGIE-BASISAUSRUESTUNG.jpg","datePublished":"2020-07-22T11:42:07+00:00","dateModified":"2022-02-09T10:30:05+00:00","description":"Die MEKRUPHY Basisausr\u00fcstung BIOLOGIE enth\u00e4lt alle Ger\u00e4te, die f\u00fcr viele Sch\u00fclerexperimente ben\u00f6tigt werden.","breadcrumb":{"@id":"https:\/\/mekruphy.com\/de\/produkte\/biologie\/basisausruestung-biologie\/#breadcrumb"},"inLanguage":"de","potentialAction":[{"@type":"ReadAction","target":["https:\/\/mekruphy.com\/de\/produkte\/biologie\/basisausruestung-biologie\/"]}]},{"@type":"ImageObject","inLanguage":"de","@id":"https:\/\/mekruphy.com\/de\/produkte\/biologie\/basisausruestung-biologie\/#primaryimage","url":"https:\/\/mekruphy.com\/de\/wp-content\/uploads\/2020\/07\/BIOLOGIE-BASISAUSRUESTUNG.jpg","contentUrl":"https:\/\/mekruphy.com\/de\/wp-content\/uploads\/2020\/07\/BIOLOGIE-BASISAUSRUESTUNG.jpg","width":1800,"height":1386},{"@type":"BreadcrumbList","@id":"https:\/\/mekruphy.com\/de\/produkte\/biologie\/basisausruestung-biologie\/#breadcrumb","itemListElement":[{"@type":"ListItem","position":1,"name":"Startseite","item":"https:\/\/mekruphy.com\/de\/"},{"@type":"ListItem","position":2,"name":"Produkte","item":"https:\/\/mekruphy.com\/de\/produkte\/"},{"@type":"ListItem","position":3,"name":"Biologie","item":"https:\/\/mekruphy.com\/de\/produkte\/biologie\/"},{"@type":"ListItem","position":4,"name":"Basisausr\u00fcstung BIOLOGIE"}]},{"@type":"WebSite","@id":"https:\/\/mekruphy.com\/de\/#website","url":"https:\/\/mekruphy.com\/de\/","name":"MEKRUPHY GmbH","description":"Sch\u00fcler-Experimentierk\u00e4sten f\u00fcr den MINT-Unterricht","potentialAction":[{"@type":"SearchAction","target":{"@type":"EntryPoint","urlTemplate":"https:\/\/mekruphy.com\/de\/?s={search_term_string}"},"query-input":{"@type":"PropertyValueSpecification","valueRequired":true,"valueName":"search_term_string"}}],"inLanguage":"de"}]}},"coauthors":[],"author_meta":{"author_link":"https:\/\/mekruphy.com\/de\/author\/mwbsca\/","display_name":"mwbscA"},"relative_dates":{"created":"Ver\u00f6ffentlicht 6\u00a0Jahren vor","modified":"Aktualisiert 4\u00a0Jahren vor"},"absolute_dates":{"created":"Ver\u00f6ffentlicht am 22. Juli 2020","modified":"Aktualisiert am 9. Februar 2022"},"absolute_dates_time":{"created":"Ver\u00f6ffentlicht am 22. Juli 2020 13:42","modified":"Aktualisiert am 9. Februar 2022 11:30"},"featured_img_caption":"","featured_img":"https:\/\/mekruphy.com\/de\/wp-content\/uploads\/2020\/07\/BIOLOGIE-BASISAUSRUESTUNG.jpg","series_order":"","_links":{"self":[{"href":"https:\/\/mekruphy.com\/de\/wp-json\/wp\/v2\/pages\/900","targetHints":{"allow":["GET"]}}],"collection":[{"href":"https:\/\/mekruphy.com\/de\/wp-json\/wp\/v2\/pages"}],"about":[{"href":"https:\/\/mekruphy.com\/de\/wp-json\/wp\/v2\/types\/page"}],"author":[{"embeddable":true,"href":"https:\/\/mekruphy.com\/de\/wp-json\/wp\/v2\/users\/1"}],"replies":[{"embeddable":true,"href":"https:\/\/mekruphy.com\/de\/wp-json\/wp\/v2\/comments?post=900"}],"version-history":[{"count":14,"href":"https:\/\/mekruphy.com\/de\/wp-json\/wp\/v2\/pages\/900\/revisions"}],"predecessor-version":[{"id":5899,"href":"https:\/\/mekruphy.com\/de\/wp-json\/wp\/v2\/pages\/900\/revisions\/5899"}],"up":[{"embeddable":true,"href":"https:\/\/mekruphy.com\/de\/wp-json\/wp\/v2\/pages\/625"}],"wp:featuredmedia":[{"embeddable":true,"href":"https:\/\/mekruphy.com\/de\/wp-json\/wp\/v2\/media\/1603"}],"wp:attachment":[{"href":"https:\/\/mekruphy.com\/de\/wp-json\/wp\/v2\/media?parent=900"}],"curies":[{"name":"wp","href":"https:\/\/api.w.org\/{rel}","templated":true}]}}