{"id":9028,"date":"2026-03-25T08:56:20","date_gmt":"2026-03-25T07:56:20","guid":{"rendered":"https:\/\/mekruphy.com\/de\/?page_id=9028"},"modified":"2026-04-14T12:01:50","modified_gmt":"2026-04-14T10:01:50","slug":"experimentiersatz-elektrik-5-plus-addestation-wireless","status":"publish","type":"page","link":"https:\/\/mekruphy.com\/de\/produkte\/addestation\/experimentiersatz-elektrik-5-plus-addestation-wireless\/","title":{"rendered":"Experimentiersatz ELEKTRIK 5 plus ADDESTATION wireless"},"content":{"rendered":"<div class=\"yoast-breadcrumbs\"><span><span><a href=\"https:\/\/mekruphy.com\/de\/\">Startseite<\/a><\/span> \u00bb <span><a href=\"https:\/\/mekruphy.com\/de\/produkte\/\">Produkte<\/a><\/span> \u00bb <span><a href=\"https:\/\/mekruphy.com\/de\/produkte\/addestation\/\">ADDESTATION<\/a><\/span> \u00bb <span class=\"breadcrumb_last\" aria-current=\"page\">Experimentiersatz ELEKTRIK 5 plus ADDESTATION wireless<\/span><\/span><\/div>\n\n\n<div class=\"wp-block-advgb-adv-tabs advgb-tabs-wrapper advgb-tab-horz-desktop advgb-tab-vert-tablet advgb-tab-stack-mobile advgb-tabs-c6db1670-1e3b-4d96-ab92-9c2f1fd13e39\" data-tab-active=\"0\"><ul class=\"advgb-tabs-panel\" role=\"tablist\"><li class=\"advgb-tab advgb-tab-active\" role=\"presentation\" style=\"background-color:#e0e0e0;border-style:solid;border-width:1px;border-radius:10px\"><button class=\"advgb-tab-button\" id=\"advgb-tab-_15bc9f-0c-0\" aria-controls=\"advgb-tab-panel-_15bc9f-0c-0\" role=\"tab\" aria-selected=\"true\" tabindex=\"0\" style=\"color:#fff;background:none;border:none;width:100%;text-align:inherit;cursor:pointer;padding:8px 16px;font:inherit\"><span>Beschreibung<\/span><\/button><\/li><li class=\"advgb-tab \" role=\"presentation\" style=\"background-color:#e0e0e0;border-style:solid;border-width:1px;border-radius:10px\"><button class=\"advgb-tab-button\" id=\"advgb-tab-_15bc9f-0c-1\" aria-controls=\"advgb-tab-panel-_15bc9f-0c-1\" role=\"tab\" aria-selected=\"false\" tabindex=\"0\" style=\"color:#fff;background:none;border:none;width:100%;text-align:inherit;cursor:pointer;padding:8px 16px;font:inherit\"><span>Lieferumfang<\/span><\/button><\/li><li class=\"advgb-tab \" role=\"presentation\" style=\"background-color:#e0e0e0;border-style:solid;border-width:1px;border-radius:10px\"><button class=\"advgb-tab-button\" id=\"advgb-tab-_15bc9f-0c-2\" aria-controls=\"advgb-tab-panel-_15bc9f-0c-2\" role=\"tab\" aria-selected=\"false\" tabindex=\"0\" style=\"color:#fff;background:none;border:none;width:100%;text-align:inherit;cursor:pointer;padding:8px 16px;font:inherit\"><span>Experimente<\/span><\/button><\/li><li class=\"advgb-tab \" role=\"presentation\" style=\"background-color:#e0e0e0;border-style:solid;border-width:1px;border-radius:10px\"><button class=\"advgb-tab-button\" id=\"advgb-tab-_15bc9f-0c-3\" aria-controls=\"advgb-tab-panel-_15bc9f-0c-3\" role=\"tab\" aria-selected=\"false\" tabindex=\"0\" style=\"color:#fff;background:none;border:none;width:100%;text-align:inherit;cursor:pointer;padding:8px 16px;font:inherit\"><span>Bilder<\/span><\/button><\/li><\/ul><div class=\"advgb-tab-body-wrapper\" style=\"border-style:solid;border-width:1px;border-radius:10px\">\n<div class=\"wp-block-advgb-tab advgb-tab-body-container\"><div class=\"advgb-tab-body-header advgb-tab-class- \" id=\"advgb-tab-panel-_15bc9f-0c-0\" role=\"tabpanel\" aria-labelledby=\"advgb-tab-_15bc9f-0c-0\" tabindex=\"0\"><span>Beschreibung<\/span><\/div><div class=\"advgb-tab-_15bc9f-0c advgb-tab-body\" aria-labelledby=\"advgb-tab-panel-_15bc9f-0c-0\" style=\"display:none\">\n<h2 class=\"wp-block-heading\" id=\"datenlogger-und-sensoren\">Bildschirm statt Oszilloskop<\/h2>\n\n\n\n<p>Zur anschaulichen Untersuchung<\/p>\n\n\n\n<ul class=\"wp-block-list\">\n<li>der elektromagnetischen Induktion<\/li>\n\n\n\n<li>der Vorg\u00e4nge am Transformator<\/li>\n\n\n\n<li>der Gleichrichtung von Wechselspannungen sowie<\/li>\n\n\n\n<li>des Einschaltvorgangs an einer Spule<\/li>\n<\/ul>\n\n\n\n<p>war fr\u00fcher ein Zweistrahl-Oszilloskop n\u00f6tig. Nur so l\u00e4sst sich beispielsweise die Gegenphasigkeit von Prim\u00e4r- und induzierter Spannung \u00fcberzeugend darstellen<\/p>\n\n\n\n<h3 class=\"wp-block-heading\" id=\"visualisierung-der-messwerte\">Vier Parameter gleichzeitig auf dem Schirm<\/h3>\n\n\n\n<p>Die Darstellung von bis zu vier verschiedenen Parametern ist vor allem bei der Einweg- und Zweiweg-Gleichrichtung, aber auch beim Transformator sehr vorteilhaft: Denn so lassen sich anschaulich und farblich getrennt die Graphen und Phasenverschiebungen untersuchen.<\/p>\n\n\n\n<h3 class=\"wp-block-heading\">Magnetfeld-Sensor<\/h3>\n\n\n\n<p>Der Experimentiersatz enth\u00e4lt zus\u00e4tzlich zum Inhalt des Experimentiersatzes <a href=\"https:\/\/mekruphy.com\/de\/produkte\/physik\/elektrik-elektronik\/experimentiersatz-elektrik-5-addestation\/\">ELEKTRIK 5<\/a> einen hochempfindlichen Magnetfeldsensor. Mit diesem l\u00e4sst sich das Feld eines Permanent-Magneten sowie einer stromdurchflossenen Spule dreidimensional nachvollziehen und ausmessen.<\/p>\n\n\n\n<h3 class=\"wp-block-heading\">Enthaltene Sensoren<\/h3>\n\n\n\n<ul class=\"wp-block-list\">\n<li>kombinierter Spannung-\/Stromst\u00e4rke-Sensor (2x)<\/li>\n\n\n\n<li>Magnetfeld-Sensor<\/li>\n<\/ul>\n\n\n\n<h3 class=\"wp-block-heading\" id=\"weiteres-zubehor-erforderlich\">Weiteres Zubeh\u00f6r erforderlich<\/h3>\n\n\n\n<ul class=\"wp-block-list\">\n<li>Netzger\u00e4t<\/li>\n\n\n\n<li>Experimentiersatz <a href=\"https:\/\/mekruphy.com\/de\/produkte\/physik\/elektrik-elektronik\/experimentiersatz-elektrik-2\/\">ELEKTRIK 2<\/a><\/li>\n<\/ul>\n\n\n\n<h3 class=\"wp-block-heading\">Augmented Reality-Applikation PUMA der Universit\u00e4t W\u00fcrzburg<\/h3>\n\n\n\n<p>Die kombinierten U-\/I-Sensoren k\u00f6nnen auch f\u00fcr die Experimentiers\u00e4tze <a href=\"https:\/\/mekruphy.com\/de\/produkte\/physik\/elektrik-elektronik\/experimentiersatz-elektrik-1\/\">ELEKTRIK 1<\/a>, <a href=\"https:\/\/mekruphy.com\/de\/produkte\/physik\/elektrik-elektronik\/experimentiersatz-elektrik-2\/\">ELEKTRIK 2<\/a>, <a href=\"https:\/\/mekruphy.com\/de\/produkte\/physik\/elektrik-elektronik\/experimentiersatz-elektrik-7\/\">ELEKTRIK 7<\/a> und <a href=\"https:\/\/mekruphy.com\/de\/produkte\/physik\/elektrik-elektronik\/experimentiersatz-elektrik-8\/\">ELEKTRIK 8<\/a> sinnvoll eingesetzt werden.<\/p>\n\n\n\n<p>F\u00fcr die Experimentiers\u00e4tze ELEKTRIK <a href=\"https:\/\/mekruphy.com\/de\/produkte\/physik\/elektrik-elektronik\/experimentiersatz-elektrik-1\/\">1<\/a> und <a href=\"https:\/\/mekruphy.com\/de\/produkte\/physik\/elektrik-elektronik\/experimentiersatz-elektrik-2\/\">2<\/a> hat die Physikdidaktik der Universit\u00e4t W\u00fcrzburg eine preisgekr\u00f6nte <strong>AR-Applikation<\/strong> entwickelt, die auf der Universit\u00e4ts-Homepage <strong><a href=\"https:\/\/www.physik.uni-wuerzburg.de\/pid\/physik-didaktik\/augmented-reality\/\" target=\"_blank\" rel=\"noreferrer noopener\">kostenlos zum Download<\/a><\/strong> bereitsteht.<\/p>\n\n\n\n<div class=\"wp-block-essential-blocks-advanced-image  root-eb-advanced-image-puepw\"><div class=\"eb-parent-wrapper eb-parent-eb-advanced-image-puepw \"><figure class=\"eb-advanced-image-wrapper eb-advanced-image-puepw no-effect\" data-id=\"eb-advanced-image-puepw\"><div class=\"eb-image-wrapper\"><div class=\"eb-image-wrapper-inner eb-img-style-rounded\"><img decoding=\"async\" src=\"https:\/\/mekruphy.com\/de\/wp-content\/uploads\/2026\/03\/AR_ELEKTRIK_SpannungsLabor.png\" alt=\"\"\/><\/div><\/div><\/figure><\/div><\/div>\n\n\n\n<h3 class=\"wp-block-heading\" id=\"h-begleitmaterialien\">Begleitmaterialien<\/h3>\n\n\n\n<p>Passend zum Experimentiersatz ELEKTRIK 5 ADDESTATION sind auch ein <a href=\"https:\/\/mekruphy.com\/de\/produkte\/addestation\/addestation-arbeitshefte\/\">Sch\u00fclerheft<\/a> und ein <a href=\"https:\/\/mekruphy.com\/de\/produkte\/addestation\/addestation-arbeitshefte\/\">Lehrerheft<\/a> mit didaktischen Anweisungen und L\u00f6sungen in analoger Form erh\u00e4ltlich. Das Sch\u00fclerheft ist auch in digitaler Form erwerbbar.<\/p>\n<\/div><\/div>\n\n\n\n<div class=\"wp-block-advgb-tab advgb-tab-body-container\"><div class=\"advgb-tab-body-header advgb-tab-class- \" id=\"advgb-tab-panel-_15bc9f-0c-1\" role=\"tabpanel\" aria-labelledby=\"advgb-tab-_15bc9f-0c-1\" tabindex=\"0\"><span>Lieferumfang<\/span><\/div><div class=\"advgb-tab-_15bc9f-0c advgb-tab-body\" aria-labelledby=\"advgb-tab-panel-_15bc9f-0c-1\" style=\"display:none\">\n<figure class=\"wp-block-table table-product-contents\"><table><tbody><tr><td>01.01.10<\/td><td>Aufbewahrungskasten<\/td><\/tr><tr><td>14.02.50<\/td><td>Ger\u00e4tegeformter Einsatz E5<\/td><\/tr><tr><td>14.03.50<\/td><td>Grundplatte E5<\/td><\/tr><tr><td>08.05.00<\/td><td>Kupplung E7 (2 St\u00fcck)<\/td><\/tr><tr><td>14.05.50<\/td><td>Element Umschalter<\/td><\/tr><tr><td>14.06.50<\/td><td>Element Gl\u00fchlampe E5<\/td><\/tr><tr><td>23.08.70<\/td><td>Kombinierter Spannungs-\/Stromst\u00e4rke-Sensor wireless mit Display (2 St\u00fcck)<\/td><\/tr><tr><td>08.07.50<\/td><td>Element Schalter<\/td><\/tr><tr><td>08.08.50<\/td><td>Element Potentiometer<\/td><\/tr><tr><td>14.08.00<\/td><td>Abschlusseisen E5 (2 St\u00fcck)<\/td><\/tr><tr><td>16.08.00<\/td><td>Acrylglasrohr mit Skala A1<\/td><\/tr><tr><td>06.09.00<\/td><td>Rundstabmagnet AlNiCo (2 St\u00fcck)<\/td><\/tr><tr><td>14.09.50<\/td><td>Element Transistor E5<\/td><\/tr><tr><td>03.10.01<\/td><td>Schraubenfeder 10 N\/m<\/td><\/tr><tr><td>14.10.00<\/td><td>R\u00f6hrchen mit Haken<\/td><\/tr><tr><td>14.11.50<\/td><td>Element Widerstand R1<\/td><\/tr><tr><td>14.12.50<\/td><td>Element Widerstand R2<\/td><\/tr><tr><td>14.13.50<\/td><td>Element Widerstand R3<\/td><\/tr><tr><td>14.14.50<\/td><td>Element Widerstand R4<\/td><\/tr><tr><td>71.15.50<\/td><td>Magnetfeld-Sensor wireless<\/td><\/tr><tr><td>08.16.30<\/td><td>Element Si-Diode<\/td><\/tr><tr><td>14.16.30<\/td><td>Element Kondensator 4,7 \u03bcF<\/td><\/tr><tr><td>14.16.50<\/td><td>Element Kondensator 10 \u03bcF<\/td><\/tr><tr><td>14.16.70<\/td><td>Element Kondensator 47 \u03bcF<\/td><\/tr><tr><td>07.17.00<\/td><td>Spule mit 300\/600 Windungen<\/td><\/tr><tr><td>08.18.00<\/td><td>Experimentierkabel 8,5 cm (2 St\u00fcck)<\/td><\/tr><tr><td>08.19.00<\/td><td>Experimentierkabel 17 cm (2 St\u00fcck)<\/td><\/tr><tr><td>08.20.00<\/td><td>Experimentierkabel 34 cm blau (2 St\u00fcck)<\/td><\/tr><tr><td>14.22.00<\/td><td>Stellplatte<\/td><\/tr><tr><td>14.23.50<\/td><td>Element Graetz-Schaltung<\/td><\/tr><tr><td>06.24.20<\/td><td>Experimentierkabel 25 cm blau (3 St\u00fcck)<\/td><\/tr><tr><td>08.24.50<\/td><td>Element Widerstand 1 k\u03a9<\/td><\/tr><tr><td>08.26.50<\/td><td>Element Widerstand 10 k\u03a9<\/td><\/tr><tr><td>14.24.50<\/td><td>Element Widerstand 22 k\u03a9<\/td><\/tr><tr><td>08.27.00<\/td><td>Kurzschlussb\u00fcgel (4 St\u00fcck)<\/td><\/tr><\/tbody><\/table><\/figure>\n\n\n\n<h3 class=\"wp-block-heading\" id=\"zusatzlich-erforderlich\">Zus\u00e4tzlich erforderlich:<\/h3>\n\n\n\n<figure class=\"wp-block-table table-product-contents\"><table><tbody><tr><td>00.05.10<\/td><td><a href=\"https:\/\/mekruphy.com\/de\/produkte\/physik\/physik-spannungsversorgung\/\">Kleinspannungsnetzger\u00e4t MKS 2.4<\/a><\/td><\/tr><\/tbody><\/table><\/figure>\n\n\n\n<p> &nbsp;<\/p>\n\n\n\n<p>F\u00fcr die Experimente E5-7, E5-8 und E5-16: <\/p>\n\n\n\n<figure class=\"wp-block-table table-product-contents\"><table><tbody><tr><td>07.00.00<\/td><td><a href=\"https:\/\/mekruphy.com\/de\/produkte\/physik\/elektrik-elektronik\/experimentiersatz-elektrik-2\/\">Experimentiersatz Elektrik 2<\/a><\/td><\/tr><\/tbody><\/table><\/figure>\n\n\n\n<p><\/p>\n\n\n\n<p><\/p>\n\n\n\n<p><\/p>\n<\/div><\/div>\n\n\n\n<div class=\"wp-block-advgb-tab advgb-tab-body-container\"><div class=\"advgb-tab-body-header advgb-tab-class- \" id=\"advgb-tab-panel-_15bc9f-0c-2\" role=\"tabpanel\" aria-labelledby=\"advgb-tab-_15bc9f-0c-2\" tabindex=\"0\"><span>Experimente<\/span><\/div><div class=\"advgb-tab-_15bc9f-0c advgb-tab-body\" aria-labelledby=\"advgb-tab-panel-_15bc9f-0c-2\" style=\"display:none\">\n<p><\/p>\n\n\n\n<figure class=\"wp-block-table table-product-experiments\"><table class=\"has-fixed-layout\"><tbody><tr><td>E5-1<\/td><td>U-I-Kennlinie einer Gl\u00fchlampe<\/td><\/tr><tr><td>E5-2<\/td><td>Das Ohm\u2018sche Gesetz<\/td><\/tr><tr><td>E5-3<\/td><td>Bestimmung von Widerstandswerten<\/td><\/tr><tr><td>E5-4<\/td><td>Der Innenwiderstand einer Batterie<\/td><\/tr><tr><td>E5-5<\/td><td>Elektromagnetische Induktion<\/td><\/tr><tr><td>E5-6<\/td><td>Das Induktionspendel<\/td><\/tr><tr><td>E5-7<\/td><td>Der Wechselstromgenerator<\/td><\/tr><tr><td>E5-8<\/td><td>Der Transformator<\/td><\/tr><tr><td>E5-9<\/td><td>Ein-Weg-Gleichrichtung<\/td><\/tr><tr><td>E5-10<\/td><td>Zwei-Weg-Gleichrichtung<\/td><\/tr><tr><td>E5-11<\/td><td>Laden und Entladen eines Kondensators<\/td><\/tr><tr><td>E5-12<\/td><td>Gl\u00e4ttung<\/td><\/tr><tr><td>E5-13<\/td><td>Der kapazitive Widerstand<\/td><\/tr><tr><td>E5-14<\/td><td>Der induktive Widerstand<\/td><\/tr><tr><td>E5-15<\/td><td>Schwingkreis 1<\/td><\/tr><tr><td>E5-16<\/td><td>Schwingkreis 2<\/td><\/tr><tr><td>E5-17<\/td><td>Untersuchung des Magnetfeldes einer Spule mit einem Magnetfeld-Sensor<\/td><\/tr><\/tbody><\/table><\/figure>\n<\/div><\/div>\n\n\n\n<div class=\"wp-block-advgb-tab advgb-tab-body-container\"><div class=\"advgb-tab-body-header advgb-tab-class-undefined header-active\" id=\"advgb-tab-panel-_15bc9f-0c-3\" role=\"tabpanel\" aria-labelledby=\"advgb-tab-_15bc9f-0c-3\" tabindex=\"0\"><span>Bilder<\/span><\/div><div class=\"advgb-tab-_15bc9f-0c advgb-tab-body\" aria-labelledby=\"advgb-tab-panel-_15bc9f-0c-3\" style=\"display:block\">\n<div class=\"wp-block-essential-blocks-advanced-image  root-eb-advanced-image-zv2oq\"><div class=\"eb-parent-wrapper eb-parent-eb-advanced-image-zv2oq \"><figure class=\"eb-advanced-image-wrapper eb-advanced-image-zv2oq no-effect\" data-id=\"eb-advanced-image-zv2oq\"><div class=\"eb-image-wrapper\"><div class=\"eb-image-wrapper-inner eb-img-style-rounded\"><img decoding=\"async\" src=\"https:\/\/mekruphy.com\/de\/wp-content\/uploads\/2026\/04\/Elektrik_5_plus_wireless_1055x812.webp\" alt=\"\"\/><\/div><\/div><\/figure><\/div><\/div>\n\n\n\n<p>&nbsp;<\/p>\n\n\n\n<p>&nbsp;<\/p>\n<\/div><\/div>\n<\/div><\/div>\n\n\n\n<p><\/p>\n<style class=\"advgb-styles-renderer\">.advgb-tabs-c6db1670-1e3b-4d96-ab92-9c2f1fd13e39 ul.advgb-tabs-panel li.advgb-tab.advgb-tab-active {background-color:#5954d6 !important;color:#fff !important;}#advgb-tabs-c6db1670-1e3b-4d96-ab92-9c2f1fd13e39 .advgb-tab-body-header.header-active, .advgb-tabs-c6db1670-1e3b-4d96-ab92-9c2f1fd13e39 .advgb-tab-body-header.header-active{background-color:#5954d6 !important;color:#fff !important;}<\/style>","protected":false},"excerpt":{"rendered":"","protected":false},"author":6,"featured_media":9853,"parent":620,"menu_order":1,"comment_status":"closed","ping_status":"closed","template":"templates\/product.php","meta":{"_acf_changed":false,"_coblocks_attr":"","_coblocks_dimensions":"","_coblocks_responsive_height":"","_coblocks_accordion_ie_support":"","_eb_attr":"","advgb_blocks_editor_width":"","advgb_blocks_columns_visual_guide":"","footnotes":""},"class_list":["post-9028","page","type-page","status-publish","has-post-thumbnail","hentry"],"acf":[],"yoast_head":"<!-- This site is optimized with the Yoast SEO plugin v27.3 - https:\/\/yoast.com\/product\/yoast-seo-wordpress\/ -->\n<title>Experimentiersatz ELEKTRIK 5 plus ADDESTATION wireless - MEKRUPHY GmbH<\/title>\n<meta name=\"description\" content=\"Digitale Messwerterfassung mit und ohne Tablet wird m\u00f6glich mit dem Experimentiersatz ELEKTRIK 5 plus wireless.\" \/>\n<meta name=\"robots\" content=\"index, follow, max-snippet:-1, max-image-preview:large, max-video-preview:-1\" \/>\n<link rel=\"canonical\" href=\"https:\/\/mekruphy.com\/de\/produkte\/addestation\/experimentiersatz-elektrik-5-plus-addestation-wireless\/\" \/>\n<meta property=\"og:locale\" content=\"de_DE\" \/>\n<meta property=\"og:type\" content=\"article\" \/>\n<meta property=\"og:title\" content=\"Experimentiersatz ELEKTRIK 5 plus ADDESTATION wireless - MEKRUPHY GmbH\" \/>\n<meta property=\"og:description\" content=\"Digitale Messwerterfassung mit und ohne Tablet wird m\u00f6glich mit dem Experimentiersatz ELEKTRIK 5 plus wireless.\" \/>\n<meta property=\"og:url\" content=\"https:\/\/mekruphy.com\/de\/produkte\/addestation\/experimentiersatz-elektrik-5-plus-addestation-wireless\/\" \/>\n<meta property=\"og:site_name\" content=\"MEKRUPHY GmbH\" \/>\n<meta property=\"article:modified_time\" content=\"2026-04-14T10:01:50+00:00\" \/>\n<meta property=\"og:image\" content=\"https:\/\/mekruphy.com\/de\/wp-content\/uploads\/2026\/04\/Elektrik_5_plus_wireless_1055x812.webp\" \/>\n\t<meta property=\"og:image:width\" content=\"1053\" \/>\n\t<meta property=\"og:image:height\" content=\"811\" \/>\n\t<meta property=\"og:image:type\" content=\"image\/webp\" \/>\n<meta name=\"twitter:card\" content=\"summary_large_image\" \/>\n<meta name=\"twitter:label1\" content=\"Gesch\u00e4tzte Lesezeit\" \/>\n\t<meta name=\"twitter:data1\" content=\"2\u00a0Minuten\" \/>\n<script type=\"application\/ld+json\" class=\"yoast-schema-graph\">{\"@context\":\"https:\\\/\\\/schema.org\",\"@graph\":[{\"@type\":\"WebPage\",\"@id\":\"https:\\\/\\\/mekruphy.com\\\/de\\\/produkte\\\/addestation\\\/experimentiersatz-elektrik-5-plus-addestation-wireless\\\/\",\"url\":\"https:\\\/\\\/mekruphy.com\\\/de\\\/produkte\\\/addestation\\\/experimentiersatz-elektrik-5-plus-addestation-wireless\\\/\",\"name\":\"Experimentiersatz ELEKTRIK 5 plus ADDESTATION wireless - MEKRUPHY GmbH\",\"isPartOf\":{\"@id\":\"https:\\\/\\\/mekruphy.com\\\/de\\\/#website\"},\"primaryImageOfPage\":{\"@id\":\"https:\\\/\\\/mekruphy.com\\\/de\\\/produkte\\\/addestation\\\/experimentiersatz-elektrik-5-plus-addestation-wireless\\\/#primaryimage\"},\"image\":{\"@id\":\"https:\\\/\\\/mekruphy.com\\\/de\\\/produkte\\\/addestation\\\/experimentiersatz-elektrik-5-plus-addestation-wireless\\\/#primaryimage\"},\"thumbnailUrl\":\"https:\\\/\\\/mekruphy.com\\\/de\\\/wp-content\\\/uploads\\\/2026\\\/04\\\/Elektrik_5_plus_wireless_1055x812.webp\",\"datePublished\":\"2026-03-25T07:56:20+00:00\",\"dateModified\":\"2026-04-14T10:01:50+00:00\",\"description\":\"Digitale Messwerterfassung mit und ohne Tablet wird m\u00f6glich mit dem Experimentiersatz ELEKTRIK 5 plus wireless.\",\"breadcrumb\":{\"@id\":\"https:\\\/\\\/mekruphy.com\\\/de\\\/produkte\\\/addestation\\\/experimentiersatz-elektrik-5-plus-addestation-wireless\\\/#breadcrumb\"},\"inLanguage\":\"de\",\"potentialAction\":[{\"@type\":\"ReadAction\",\"target\":[\"https:\\\/\\\/mekruphy.com\\\/de\\\/produkte\\\/addestation\\\/experimentiersatz-elektrik-5-plus-addestation-wireless\\\/\"]}]},{\"@type\":\"ImageObject\",\"inLanguage\":\"de\",\"@id\":\"https:\\\/\\\/mekruphy.com\\\/de\\\/produkte\\\/addestation\\\/experimentiersatz-elektrik-5-plus-addestation-wireless\\\/#primaryimage\",\"url\":\"https:\\\/\\\/mekruphy.com\\\/de\\\/wp-content\\\/uploads\\\/2026\\\/04\\\/Elektrik_5_plus_wireless_1055x812.webp\",\"contentUrl\":\"https:\\\/\\\/mekruphy.com\\\/de\\\/wp-content\\\/uploads\\\/2026\\\/04\\\/Elektrik_5_plus_wireless_1055x812.webp\",\"width\":1053,\"height\":811},{\"@type\":\"BreadcrumbList\",\"@id\":\"https:\\\/\\\/mekruphy.com\\\/de\\\/produkte\\\/addestation\\\/experimentiersatz-elektrik-5-plus-addestation-wireless\\\/#breadcrumb\",\"itemListElement\":[{\"@type\":\"ListItem\",\"position\":1,\"name\":\"Startseite\",\"item\":\"https:\\\/\\\/mekruphy.com\\\/de\\\/\"},{\"@type\":\"ListItem\",\"position\":2,\"name\":\"Produkte\",\"item\":\"https:\\\/\\\/mekruphy.com\\\/de\\\/produkte\\\/\"},{\"@type\":\"ListItem\",\"position\":3,\"name\":\"ADDESTATION\",\"item\":\"https:\\\/\\\/mekruphy.com\\\/de\\\/produkte\\\/addestation\\\/\"},{\"@type\":\"ListItem\",\"position\":4,\"name\":\"Experimentiersatz ELEKTRIK 5 plus ADDESTATION wireless\"}]},{\"@type\":\"WebSite\",\"@id\":\"https:\\\/\\\/mekruphy.com\\\/de\\\/#website\",\"url\":\"https:\\\/\\\/mekruphy.com\\\/de\\\/\",\"name\":\"MEKRUPHY GmbH\",\"description\":\"Sch\u00fcler-Experimentierk\u00e4sten f\u00fcr den MINT-Unterricht\",\"potentialAction\":[{\"@type\":\"SearchAction\",\"target\":{\"@type\":\"EntryPoint\",\"urlTemplate\":\"https:\\\/\\\/mekruphy.com\\\/de\\\/?s={search_term_string}\"},\"query-input\":{\"@type\":\"PropertyValueSpecification\",\"valueRequired\":true,\"valueName\":\"search_term_string\"}}],\"inLanguage\":\"de\"}]}<\/script>\n<!-- \/ Yoast SEO plugin. -->","yoast_head_json":{"title":"Experimentiersatz ELEKTRIK 5 plus ADDESTATION wireless - MEKRUPHY GmbH","description":"Digitale Messwerterfassung mit und ohne Tablet wird m\u00f6glich mit dem Experimentiersatz ELEKTRIK 5 plus wireless.","robots":{"index":"index","follow":"follow","max-snippet":"max-snippet:-1","max-image-preview":"max-image-preview:large","max-video-preview":"max-video-preview:-1"},"canonical":"https:\/\/mekruphy.com\/de\/produkte\/addestation\/experimentiersatz-elektrik-5-plus-addestation-wireless\/","og_locale":"de_DE","og_type":"article","og_title":"Experimentiersatz ELEKTRIK 5 plus ADDESTATION wireless - MEKRUPHY GmbH","og_description":"Digitale Messwerterfassung mit und ohne Tablet wird m\u00f6glich mit dem Experimentiersatz ELEKTRIK 5 plus wireless.","og_url":"https:\/\/mekruphy.com\/de\/produkte\/addestation\/experimentiersatz-elektrik-5-plus-addestation-wireless\/","og_site_name":"MEKRUPHY GmbH","article_modified_time":"2026-04-14T10:01:50+00:00","og_image":[{"width":1053,"height":811,"url":"https:\/\/mekruphy.com\/de\/wp-content\/uploads\/2026\/04\/Elektrik_5_plus_wireless_1055x812.webp","type":"image\/webp"}],"twitter_card":"summary_large_image","twitter_misc":{"Gesch\u00e4tzte Lesezeit":"2\u00a0Minuten"},"schema":{"@context":"https:\/\/schema.org","@graph":[{"@type":"WebPage","@id":"https:\/\/mekruphy.com\/de\/produkte\/addestation\/experimentiersatz-elektrik-5-plus-addestation-wireless\/","url":"https:\/\/mekruphy.com\/de\/produkte\/addestation\/experimentiersatz-elektrik-5-plus-addestation-wireless\/","name":"Experimentiersatz ELEKTRIK 5 plus ADDESTATION wireless - MEKRUPHY GmbH","isPartOf":{"@id":"https:\/\/mekruphy.com\/de\/#website"},"primaryImageOfPage":{"@id":"https:\/\/mekruphy.com\/de\/produkte\/addestation\/experimentiersatz-elektrik-5-plus-addestation-wireless\/#primaryimage"},"image":{"@id":"https:\/\/mekruphy.com\/de\/produkte\/addestation\/experimentiersatz-elektrik-5-plus-addestation-wireless\/#primaryimage"},"thumbnailUrl":"https:\/\/mekruphy.com\/de\/wp-content\/uploads\/2026\/04\/Elektrik_5_plus_wireless_1055x812.webp","datePublished":"2026-03-25T07:56:20+00:00","dateModified":"2026-04-14T10:01:50+00:00","description":"Digitale Messwerterfassung mit und ohne Tablet wird m\u00f6glich mit dem Experimentiersatz ELEKTRIK 5 plus wireless.","breadcrumb":{"@id":"https:\/\/mekruphy.com\/de\/produkte\/addestation\/experimentiersatz-elektrik-5-plus-addestation-wireless\/#breadcrumb"},"inLanguage":"de","potentialAction":[{"@type":"ReadAction","target":["https:\/\/mekruphy.com\/de\/produkte\/addestation\/experimentiersatz-elektrik-5-plus-addestation-wireless\/"]}]},{"@type":"ImageObject","inLanguage":"de","@id":"https:\/\/mekruphy.com\/de\/produkte\/addestation\/experimentiersatz-elektrik-5-plus-addestation-wireless\/#primaryimage","url":"https:\/\/mekruphy.com\/de\/wp-content\/uploads\/2026\/04\/Elektrik_5_plus_wireless_1055x812.webp","contentUrl":"https:\/\/mekruphy.com\/de\/wp-content\/uploads\/2026\/04\/Elektrik_5_plus_wireless_1055x812.webp","width":1053,"height":811},{"@type":"BreadcrumbList","@id":"https:\/\/mekruphy.com\/de\/produkte\/addestation\/experimentiersatz-elektrik-5-plus-addestation-wireless\/#breadcrumb","itemListElement":[{"@type":"ListItem","position":1,"name":"Startseite","item":"https:\/\/mekruphy.com\/de\/"},{"@type":"ListItem","position":2,"name":"Produkte","item":"https:\/\/mekruphy.com\/de\/produkte\/"},{"@type":"ListItem","position":3,"name":"ADDESTATION","item":"https:\/\/mekruphy.com\/de\/produkte\/addestation\/"},{"@type":"ListItem","position":4,"name":"Experimentiersatz ELEKTRIK 5 plus ADDESTATION wireless"}]},{"@type":"WebSite","@id":"https:\/\/mekruphy.com\/de\/#website","url":"https:\/\/mekruphy.com\/de\/","name":"MEKRUPHY GmbH","description":"Sch\u00fcler-Experimentierk\u00e4sten f\u00fcr den MINT-Unterricht","potentialAction":[{"@type":"SearchAction","target":{"@type":"EntryPoint","urlTemplate":"https:\/\/mekruphy.com\/de\/?s={search_term_string}"},"query-input":{"@type":"PropertyValueSpecification","valueRequired":true,"valueName":"search_term_string"}}],"inLanguage":"de"}]}},"coauthors":[],"author_meta":{"author_link":"https:\/\/mekruphy.com\/de\/author\/sabine-kasparek\/","display_name":"Sabine Kasparek"},"relative_dates":{"created":"Ver\u00f6ffentlicht 3\u00a0Wochen vor","modified":"Aktualisiert 14\u00a0Stunden vor"},"absolute_dates":{"created":"Ver\u00f6ffentlicht am 25. M\u00e4rz 2026","modified":"Aktualisiert am 14. April 2026"},"absolute_dates_time":{"created":"Ver\u00f6ffentlicht am 25. M\u00e4rz 2026 8:56","modified":"Aktualisiert am 14. April 2026 12:01"},"featured_img_caption":"","featured_img":"https:\/\/mekruphy.com\/de\/wp-content\/uploads\/2026\/04\/Elektrik_5_plus_wireless_1055x812.webp","series_order":"","_links":{"self":[{"href":"https:\/\/mekruphy.com\/de\/wp-json\/wp\/v2\/pages\/9028","targetHints":{"allow":["GET"]}}],"collection":[{"href":"https:\/\/mekruphy.com\/de\/wp-json\/wp\/v2\/pages"}],"about":[{"href":"https:\/\/mekruphy.com\/de\/wp-json\/wp\/v2\/types\/page"}],"author":[{"embeddable":true,"href":"https:\/\/mekruphy.com\/de\/wp-json\/wp\/v2\/users\/6"}],"replies":[{"embeddable":true,"href":"https:\/\/mekruphy.com\/de\/wp-json\/wp\/v2\/comments?post=9028"}],"version-history":[{"count":4,"href":"https:\/\/mekruphy.com\/de\/wp-json\/wp\/v2\/pages\/9028\/revisions"}],"predecessor-version":[{"id":9873,"href":"https:\/\/mekruphy.com\/de\/wp-json\/wp\/v2\/pages\/9028\/revisions\/9873"}],"up":[{"embeddable":true,"href":"https:\/\/mekruphy.com\/de\/wp-json\/wp\/v2\/pages\/620"}],"wp:featuredmedia":[{"embeddable":true,"href":"https:\/\/mekruphy.com\/de\/wp-json\/wp\/v2\/media\/9853"}],"wp:attachment":[{"href":"https:\/\/mekruphy.com\/de\/wp-json\/wp\/v2\/media?parent=9028"}],"curies":[{"name":"wp","href":"https:\/\/api.w.org\/{rel}","templated":true}]}}