{"id":929,"date":"2020-07-22T14:15:10","date_gmt":"2020-07-22T12:15:10","guid":{"rendered":"https:\/\/mekruphy.com\/de\/?page_id=929"},"modified":"2025-11-13T16:09:25","modified_gmt":"2025-11-13T15:09:25","slug":"mechanik","status":"publish","type":"page","link":"https:\/\/mekruphy.com\/de\/produkte\/physik\/mechanik\/","title":{"rendered":"Mechanik"},"content":{"rendered":"<div class=\"yoast-breadcrumbs breadcrumbs\"><span><span><a href=\"https:\/\/mekruphy.com\/de\/\">Startseite<\/a><\/span> \u00bb <span><a href=\"https:\/\/mekruphy.com\/de\/produkte\/\">Produkte<\/a><\/span> \u00bb <span><a href=\"https:\/\/mekruphy.com\/de\/produkte\/physik\/\">Physik<\/a><\/span> \u00bb <span class=\"breadcrumb_last\" aria-current=\"page\">Mechanik<\/span><\/span><\/div>\n\n\n<h2 class=\"wp-block-heading\" id=\"h-mechanik\"><strong>Mechanik<\/strong><\/h2>\n\n\n\n<div class=\"wp-block-coblocks-row coblocks-row-011172757283\" data-columns=\"2\" data-layout=\"66-33\"><div class=\"wp-block-coblocks-row__inner has-no-padding has-no-margin is-stacked-on-mobile has-medium-gutter\">\n<div class=\"wp-block-coblocks-column coblocks-column-01117275927\" style=\"width:66%\"><div class=\"wp-block-coblocks-column__inner has-no-padding has-no-margin\">\n<p>Mit insgesamt sieben verschiedenen Experimentiers\u00e4tzen deckt das MEKRUPHY-System alle relevanten Teilgebiete der Mechanik vom Anfangsunterricht bis zum Abitur ab. Lediglich das Thema \u201e<a href=\"https:\/\/www.leifiphysik.de\/mechanik\/waagerechter-und-schraeger-wurf\/grundwissen\/schraeger-wurf\">Schiefer Wurf<\/a>\u201c l\u00e4sst sich bisher nicht im Sch\u00fclerexperiment erarbeiten.<\/p>\n\n\n\n<p> &nbsp;<\/p>\n\n\n\n<p>Der Experimentiersatz <a href=\"https:\/\/mekruphy.com\/de\/produkte\/physik\/mechanik\/experimentiersatz-mechanik-2\/\">MECHANIK 2<\/a> dient als Basiskasten f\u00fcr die Experimentiers\u00e4tze <a href=\"https:\/\/mekruphy.com\/de\/produkte\/physik\/mechanik\/experimentiersatz-mechanik-3\/\">M3<\/a> bzw. <a href=\"https:\/\/mekruphy.com\/de\/produkte\/physik\/mechanik\/experimentiersatz-mechanik-3-plus\/\">M3+<\/a> sowie <a href=\"https:\/\/mekruphy.com\/de\/produkte\/physik\/mechanik\/experimentiersatz-mechanik-5-addestation-mga\/\">M5<\/a>. Alle anderen Experimentiers\u00e4tze sind unabh\u00e4ngig voneinander einsatzbar. Das modulare MEKRUPHY-System spart somit Ablagefl\u00e4che im Fachraum und Anschaffungskosten. Am Arbeitsplatz k\u00f6nnen die Sch\u00fclerinnen und Sch\u00fcler beide K\u00e4sten platzsparend aufeinander stapeln und haben folglich ausreichend Platz auf dem Tisch f\u00fcr ihre Sch\u00fclerexperimente.<\/p>\n\n\n\n<p><\/p>\n\n\n\n<p>Der Experimentiersatz <a href=\"https:\/\/mekruphy.com\/de\/produkte\/physik\/mechanik\/experimentiersatz-mechanik-5-addestation-mga\/\">MECHANIK 5<\/a> enth\u00e4lt Kraft- und Bewegungssensoren f\u00fcr unsere digitale Messwerterfassung.<\/p>\n\n\n\n<p><\/p>\n\n\n\n<p>Der Experimentiersatz <a href=\"https:\/\/mekruphy.com\/de\/produkte\/physik\/mechanik\/experimentiersatz-mechanik-7\/\">MECHANIK 7<\/a> ist ein unabh\u00e4ngiges Kompaktger\u00e4t f\u00fcr Pr\u00e4zisionsmessungen zur Kreisbewegung.<\/p>\n\n\n\n<p> &nbsp;<\/p>\n\n\n\n<p>Die <a href=\"https:\/\/mekruphy.com\/de\/produkte\/physik\/physik-zubehor\/#universalschiene\">Universalschiene<\/a> wird je nach Experiment als schiefe Ebene, reibungsarme Fahrbahn oder als stabiles Stativ eingesetzt. Sie ist nicht in den Experimentiers\u00e4tzen enthalten, sondern muss einmalig als universelles Zubeh\u00f6r erworben werden. Anschlie\u00dfend kann sie in Kombination mit verschiedenen K\u00e4sten verwendet werden. Zur platzsparenden Aufbewahrung der Universalschienen im Fachraum empfehlen wir <a href=\"https:\/\/mekruphy.com\/de\/produkte\/physik\/physik-zubehor\/#universalschiene\">Wandtr\u00e4ger<\/a>.<\/p>\n<\/div><\/div>\n\n\n\n<div class=\"wp-block-coblocks-column coblocks-column-01117275930\" style=\"width:33%\"><div class=\"wp-block-coblocks-column__inner has-no-padding has-no-margin\">\n<figure class=\"wp-block-image size-full\"><img loading=\"lazy\" decoding=\"async\" width=\"787\" height=\"787\" src=\"https:\/\/mekruphy.com\/de\/wp-content\/uploads\/2021\/02\/M2_3-e1614249297201.jpg\" alt=\"Mechanik Versuch\" class=\"wp-image-2903\" srcset=\"https:\/\/mekruphy.com\/de\/wp-content\/uploads\/2021\/02\/M2_3-e1614249297201.jpg 787w, https:\/\/mekruphy.com\/de\/wp-content\/uploads\/2021\/02\/M2_3-e1614249297201-300x300.jpg 300w, https:\/\/mekruphy.com\/de\/wp-content\/uploads\/2021\/02\/M2_3-e1614249297201-150x150.jpg 150w, https:\/\/mekruphy.com\/de\/wp-content\/uploads\/2021\/02\/M2_3-e1614249297201-768x768.jpg 768w\" sizes=\"auto, (max-width: 787px) 100vw, 787px\" \/><\/figure>\n<\/div><\/div>\n<\/div><\/div>\n\n\n\n<p><\/p>\n","protected":false},"excerpt":{"rendered":"<p>Mechanik<\/p>\n","protected":false},"author":1,"featured_media":0,"parent":612,"menu_order":0,"comment_status":"closed","ping_status":"closed","template":"templates\/productcategory.php","meta":{"_acf_changed":false,"_coblocks_attr":"","_coblocks_dimensions":"","_coblocks_responsive_height":"","_coblocks_accordion_ie_support":"","_eb_attr":"","advgb_blocks_editor_width":"full","advgb_blocks_columns_visual_guide":"","footnotes":""},"class_list":["post-929","page","type-page","status-publish","hentry"],"acf":[],"yoast_head":"<!-- This site is optimized with the Yoast SEO plugin v27.3 - https:\/\/yoast.com\/product\/yoast-seo-wordpress\/ -->\n<title>Mechanik - MEKRUPHY GmbH<\/title>\n<meta name=\"description\" content=\"Unsere sieben Physik-Experimentiers\u00e4tze decken alle relevanten Teilgebiete der Mechanik ab - vom Anfangsunterricht bis zum Abitur.\" \/>\n<meta name=\"robots\" content=\"index, follow, max-snippet:-1, max-image-preview:large, max-video-preview:-1\" \/>\n<link rel=\"canonical\" href=\"https:\/\/mekruphy.com\/de\/produkte\/physik\/mechanik\/\" \/>\n<meta property=\"og:locale\" content=\"de_DE\" \/>\n<meta property=\"og:type\" content=\"article\" \/>\n<meta property=\"og:title\" content=\"Mechanik - MEKRUPHY GmbH\" \/>\n<meta property=\"og:description\" content=\"Unsere sieben Physik-Experimentiers\u00e4tze decken alle relevanten Teilgebiete der Mechanik ab - vom Anfangsunterricht bis zum Abitur.\" \/>\n<meta property=\"og:url\" content=\"https:\/\/mekruphy.com\/de\/produkte\/physik\/mechanik\/\" \/>\n<meta property=\"og:site_name\" content=\"MEKRUPHY GmbH\" \/>\n<meta property=\"article:modified_time\" content=\"2025-11-13T15:09:25+00:00\" \/>\n<meta property=\"og:image\" content=\"https:\/\/mekruphy.com\/de\/wp-content\/uploads\/2021\/02\/M2_3-e1614249297201.jpg\" \/>\n\t<meta property=\"og:image:width\" content=\"787\" \/>\n\t<meta property=\"og:image:height\" content=\"787\" \/>\n\t<meta property=\"og:image:type\" content=\"image\/jpeg\" \/>\n<meta name=\"twitter:card\" content=\"summary_large_image\" \/>\n<meta name=\"twitter:label1\" content=\"Gesch\u00e4tzte Lesezeit\" \/>\n\t<meta name=\"twitter:data1\" content=\"2\u00a0Minuten\" \/>\n<script type=\"application\/ld+json\" class=\"yoast-schema-graph\">{\"@context\":\"https:\\\/\\\/schema.org\",\"@graph\":[{\"@type\":\"WebPage\",\"@id\":\"https:\\\/\\\/mekruphy.com\\\/de\\\/produkte\\\/physik\\\/mechanik\\\/\",\"url\":\"https:\\\/\\\/mekruphy.com\\\/de\\\/produkte\\\/physik\\\/mechanik\\\/\",\"name\":\"Mechanik - MEKRUPHY GmbH\",\"isPartOf\":{\"@id\":\"https:\\\/\\\/mekruphy.com\\\/de\\\/#website\"},\"primaryImageOfPage\":{\"@id\":\"https:\\\/\\\/mekruphy.com\\\/de\\\/produkte\\\/physik\\\/mechanik\\\/#primaryimage\"},\"image\":{\"@id\":\"https:\\\/\\\/mekruphy.com\\\/de\\\/produkte\\\/physik\\\/mechanik\\\/#primaryimage\"},\"thumbnailUrl\":\"https:\\\/\\\/mekruphy.com\\\/de\\\/wp-content\\\/uploads\\\/2021\\\/02\\\/M2_3-e1614249297201.jpg\",\"datePublished\":\"2020-07-22T12:15:10+00:00\",\"dateModified\":\"2025-11-13T15:09:25+00:00\",\"description\":\"Unsere sieben Physik-Experimentiers\u00e4tze decken alle relevanten Teilgebiete der Mechanik ab - vom Anfangsunterricht bis zum Abitur.\",\"breadcrumb\":{\"@id\":\"https:\\\/\\\/mekruphy.com\\\/de\\\/produkte\\\/physik\\\/mechanik\\\/#breadcrumb\"},\"inLanguage\":\"de\",\"potentialAction\":[{\"@type\":\"ReadAction\",\"target\":[\"https:\\\/\\\/mekruphy.com\\\/de\\\/produkte\\\/physik\\\/mechanik\\\/\"]}]},{\"@type\":\"ImageObject\",\"inLanguage\":\"de\",\"@id\":\"https:\\\/\\\/mekruphy.com\\\/de\\\/produkte\\\/physik\\\/mechanik\\\/#primaryimage\",\"url\":\"https:\\\/\\\/mekruphy.com\\\/de\\\/wp-content\\\/uploads\\\/2021\\\/02\\\/M2_3-e1614249297201.jpg\",\"contentUrl\":\"https:\\\/\\\/mekruphy.com\\\/de\\\/wp-content\\\/uploads\\\/2021\\\/02\\\/M2_3-e1614249297201.jpg\",\"width\":787,\"height\":787,\"caption\":\"Mechanik\"},{\"@type\":\"BreadcrumbList\",\"@id\":\"https:\\\/\\\/mekruphy.com\\\/de\\\/produkte\\\/physik\\\/mechanik\\\/#breadcrumb\",\"itemListElement\":[{\"@type\":\"ListItem\",\"position\":1,\"name\":\"Startseite\",\"item\":\"https:\\\/\\\/mekruphy.com\\\/de\\\/\"},{\"@type\":\"ListItem\",\"position\":2,\"name\":\"Produkte\",\"item\":\"https:\\\/\\\/mekruphy.com\\\/de\\\/produkte\\\/\"},{\"@type\":\"ListItem\",\"position\":3,\"name\":\"Physik\",\"item\":\"https:\\\/\\\/mekruphy.com\\\/de\\\/produkte\\\/physik\\\/\"},{\"@type\":\"ListItem\",\"position\":4,\"name\":\"Mechanik\"}]},{\"@type\":\"WebSite\",\"@id\":\"https:\\\/\\\/mekruphy.com\\\/de\\\/#website\",\"url\":\"https:\\\/\\\/mekruphy.com\\\/de\\\/\",\"name\":\"MEKRUPHY GmbH\",\"description\":\"Sch\u00fcler-Experimentierk\u00e4sten f\u00fcr den MINT-Unterricht\",\"potentialAction\":[{\"@type\":\"SearchAction\",\"target\":{\"@type\":\"EntryPoint\",\"urlTemplate\":\"https:\\\/\\\/mekruphy.com\\\/de\\\/?s={search_term_string}\"},\"query-input\":{\"@type\":\"PropertyValueSpecification\",\"valueRequired\":true,\"valueName\":\"search_term_string\"}}],\"inLanguage\":\"de\"}]}<\/script>\n<!-- \/ Yoast SEO plugin. -->","yoast_head_json":{"title":"Mechanik - MEKRUPHY GmbH","description":"Unsere sieben Physik-Experimentiers\u00e4tze decken alle relevanten Teilgebiete der Mechanik ab - vom Anfangsunterricht bis zum Abitur.","robots":{"index":"index","follow":"follow","max-snippet":"max-snippet:-1","max-image-preview":"max-image-preview:large","max-video-preview":"max-video-preview:-1"},"canonical":"https:\/\/mekruphy.com\/de\/produkte\/physik\/mechanik\/","og_locale":"de_DE","og_type":"article","og_title":"Mechanik - MEKRUPHY GmbH","og_description":"Unsere sieben Physik-Experimentiers\u00e4tze decken alle relevanten Teilgebiete der Mechanik ab - vom Anfangsunterricht bis zum Abitur.","og_url":"https:\/\/mekruphy.com\/de\/produkte\/physik\/mechanik\/","og_site_name":"MEKRUPHY GmbH","article_modified_time":"2025-11-13T15:09:25+00:00","og_image":[{"width":787,"height":787,"url":"https:\/\/mekruphy.com\/de\/wp-content\/uploads\/2021\/02\/M2_3-e1614249297201.jpg","type":"image\/jpeg"}],"twitter_card":"summary_large_image","twitter_misc":{"Gesch\u00e4tzte Lesezeit":"2\u00a0Minuten"},"schema":{"@context":"https:\/\/schema.org","@graph":[{"@type":"WebPage","@id":"https:\/\/mekruphy.com\/de\/produkte\/physik\/mechanik\/","url":"https:\/\/mekruphy.com\/de\/produkte\/physik\/mechanik\/","name":"Mechanik - MEKRUPHY GmbH","isPartOf":{"@id":"https:\/\/mekruphy.com\/de\/#website"},"primaryImageOfPage":{"@id":"https:\/\/mekruphy.com\/de\/produkte\/physik\/mechanik\/#primaryimage"},"image":{"@id":"https:\/\/mekruphy.com\/de\/produkte\/physik\/mechanik\/#primaryimage"},"thumbnailUrl":"https:\/\/mekruphy.com\/de\/wp-content\/uploads\/2021\/02\/M2_3-e1614249297201.jpg","datePublished":"2020-07-22T12:15:10+00:00","dateModified":"2025-11-13T15:09:25+00:00","description":"Unsere sieben Physik-Experimentiers\u00e4tze decken alle relevanten Teilgebiete der Mechanik ab - vom Anfangsunterricht bis zum Abitur.","breadcrumb":{"@id":"https:\/\/mekruphy.com\/de\/produkte\/physik\/mechanik\/#breadcrumb"},"inLanguage":"de","potentialAction":[{"@type":"ReadAction","target":["https:\/\/mekruphy.com\/de\/produkte\/physik\/mechanik\/"]}]},{"@type":"ImageObject","inLanguage":"de","@id":"https:\/\/mekruphy.com\/de\/produkte\/physik\/mechanik\/#primaryimage","url":"https:\/\/mekruphy.com\/de\/wp-content\/uploads\/2021\/02\/M2_3-e1614249297201.jpg","contentUrl":"https:\/\/mekruphy.com\/de\/wp-content\/uploads\/2021\/02\/M2_3-e1614249297201.jpg","width":787,"height":787,"caption":"Mechanik"},{"@type":"BreadcrumbList","@id":"https:\/\/mekruphy.com\/de\/produkte\/physik\/mechanik\/#breadcrumb","itemListElement":[{"@type":"ListItem","position":1,"name":"Startseite","item":"https:\/\/mekruphy.com\/de\/"},{"@type":"ListItem","position":2,"name":"Produkte","item":"https:\/\/mekruphy.com\/de\/produkte\/"},{"@type":"ListItem","position":3,"name":"Physik","item":"https:\/\/mekruphy.com\/de\/produkte\/physik\/"},{"@type":"ListItem","position":4,"name":"Mechanik"}]},{"@type":"WebSite","@id":"https:\/\/mekruphy.com\/de\/#website","url":"https:\/\/mekruphy.com\/de\/","name":"MEKRUPHY GmbH","description":"Sch\u00fcler-Experimentierk\u00e4sten f\u00fcr den MINT-Unterricht","potentialAction":[{"@type":"SearchAction","target":{"@type":"EntryPoint","urlTemplate":"https:\/\/mekruphy.com\/de\/?s={search_term_string}"},"query-input":{"@type":"PropertyValueSpecification","valueRequired":true,"valueName":"search_term_string"}}],"inLanguage":"de"}]}},"coauthors":[],"author_meta":{"author_link":"https:\/\/mekruphy.com\/de\/author\/mwbsca\/","display_name":"mwbscA"},"relative_dates":{"created":"Ver\u00f6ffentlicht 6\u00a0Jahren vor","modified":"Aktualisiert 5\u00a0Monaten vor"},"absolute_dates":{"created":"Ver\u00f6ffentlicht am 22. Juli 2020","modified":"Aktualisiert am 13. November 2025"},"absolute_dates_time":{"created":"Ver\u00f6ffentlicht am 22. Juli 2020 14:15","modified":"Aktualisiert am 13. November 2025 16:09"},"featured_img_caption":"","featured_img":false,"series_order":"","_links":{"self":[{"href":"https:\/\/mekruphy.com\/de\/wp-json\/wp\/v2\/pages\/929","targetHints":{"allow":["GET"]}}],"collection":[{"href":"https:\/\/mekruphy.com\/de\/wp-json\/wp\/v2\/pages"}],"about":[{"href":"https:\/\/mekruphy.com\/de\/wp-json\/wp\/v2\/types\/page"}],"author":[{"embeddable":true,"href":"https:\/\/mekruphy.com\/de\/wp-json\/wp\/v2\/users\/1"}],"replies":[{"embeddable":true,"href":"https:\/\/mekruphy.com\/de\/wp-json\/wp\/v2\/comments?post=929"}],"version-history":[{"count":40,"href":"https:\/\/mekruphy.com\/de\/wp-json\/wp\/v2\/pages\/929\/revisions"}],"predecessor-version":[{"id":8683,"href":"https:\/\/mekruphy.com\/de\/wp-json\/wp\/v2\/pages\/929\/revisions\/8683"}],"up":[{"embeddable":true,"href":"https:\/\/mekruphy.com\/de\/wp-json\/wp\/v2\/pages\/612"}],"wp:attachment":[{"href":"https:\/\/mekruphy.com\/de\/wp-json\/wp\/v2\/media?parent=929"}],"curies":[{"name":"wp","href":"https:\/\/api.w.org\/{rel}","templated":true}]}}