{"id":956,"date":"2020-07-22T15:10:53","date_gmt":"2020-07-22T13:10:53","guid":{"rendered":"https:\/\/mekruphy.com\/de\/?page_id=956"},"modified":"2022-03-07T15:56:19","modified_gmt":"2022-03-07T14:56:19","slug":"akustik","status":"publish","type":"page","link":"https:\/\/mekruphy.com\/de\/produkte\/physik\/akustik\/","title":{"rendered":"Akustik \/ Wellen"},"content":{"rendered":"<div class=\"yoast-breadcrumbs breadcrumbs\"><span><span><a href=\"https:\/\/mekruphy.com\/de\/\">Startseite<\/a><\/span> \u00bb <span><a href=\"https:\/\/mekruphy.com\/de\/produkte\/\">Produkte<\/a><\/span> \u00bb <span><a href=\"https:\/\/mekruphy.com\/de\/produkte\/physik\/\">Physik<\/a><\/span> \u00bb <span class=\"breadcrumb_last\" aria-current=\"page\">Akustik \/ Wellen<\/span><\/span><\/div>\n\n\n<h2 class=\"wp-block-heading\" id=\"h-schall-und-ultraschall\"><strong>Schall und Ultraschall<\/strong><\/h2>\n\n\n\n<div class=\"wp-block-coblocks-row coblocks-row-011134340520\" data-columns=\"2\" data-layout=\"66-33\"><div class=\"wp-block-coblocks-row__inner has-no-padding has-no-margin is-stacked-on-mobile has-medium-gutter\">\n<div class=\"wp-block-coblocks-column coblocks-column-011134343904\" style=\"width:66%\"><div class=\"wp-block-coblocks-column__inner has-no-padding has-no-margin\">\n<p>Mit unseren vier AKUSTIK-Experimentiers\u00e4tzen k\u00f6nnen sich die Sch\u00fclerinnen und Sch\u00fcler im Physikunterricht alle wesentlichen Gesetzm\u00e4\u00dfigkeiten der Wellenerscheinungen im h\u00f6rbaren und nicht-h\u00f6rbaren Bereich erarbeiten.<\/p>\n\n\n\n<p><\/p>\n\n\n\n<p><\/p>\n\n\n\n<h3 class=\"wp-block-heading\" id=\"h-schallwellen-im-horbereich-zwei-experimentiersatze-zur-akustik\">Schallwellen im H\u00f6rbereich: Zwei Experimentiers\u00e4tze zur Akustik<\/h3>\n\n\n\n<p>W\u00e4hrend der MEKRUPHY-Experimentierkasten <a href=\"https:\/\/mekruphy.com\/de\/produkte\/physik\/akustik\/experimentiersatz-akustik-1\/\">AKUSTIK 1<\/a> in einfachen, aber eindrucksvollen Sch\u00fclerversuchen grundlegende Schallph\u00e4nomene erkundet, erm\u00f6glichen Schallsensor und Tonfrequenzgenerator in <a href=\"https:\/\/mekruphy.com\/de\/produkte\/physik\/akustik\/experimentiersatz-akustik-2-addestation-mga\/\">AKUSTIK 2<\/a> zusammen mit dem Datalogger MGA die Durchf\u00fchrung physikalischer und physiologischer Experimente sowie die Visualisierung von Wellen ohne externes Oszilloskop.<\/p>\n\n\n\n<p><\/p>\n\n\n\n<h3 class=\"wp-block-heading\" id=\"h-ultraschallwellen-wellenphanomene-im-nicht-horbaren-bereich\">Ultraschallwellen: Wellenph\u00e4nomene im nicht-h\u00f6rbaren Bereich<\/h3>\n\n\n\n<p>Der Experimentiersatz <a href=\"https:\/\/mekruphy.com\/de\/produkte\/physik\/akustik\/experimentiersatz-wellen\/\">WELLEN<\/a> untersucht in rasch montierten Aufbauten die charakteristischen Welleneigenschaften an Ultraschallwellen mittels eines batteriebetriebenen Zentralger\u00e4ts mit Sendern und Empf\u00e4nger. (Ein \u00e4hnlicher Aufbau findet \u00fcbrigens auch im Experimentierset <a href=\"https:\/\/mekruphy.com\/de\/produkte\/physik\/optik\/experimentiersatz-interferometer\/\">INTERFEROMETER<\/a> Verwendung).<\/p>\n\n\n\n<p>Lediglich die Beugung am Gitter und die <a href=\"https:\/\/www.leifiphysik.de\/optik\/polarisation\/grundwissen\/polarisation-von-licht-einfuehrung\" target=\"_blank\" rel=\"noreferrer noopener\">Polarisation<\/a> sind hier naturgem\u00e4\u00df ausgeschlossen. Diese Ph\u00e4nomene lassen sich jedoch mit unserem Experimentiersatz <a href=\"https:\/\/mekruphy.com\/de\/produkte\/physik\/optik\/experimentiersatz-optik-3-plus\/\">OPTIK 3 plus<\/a> an Lichtwellen hinreichend qualitativ und quantitativ untersuchen.<\/p>\n\n\n\n<h3 class=\"wp-block-heading\">Doppler-Effekt auch im Sch\u00fclerversuch<\/h3>\n\n\n\n<p>Der MEKRUPHY-Experimentiersatz <a href=\"https:\/\/mekruphy.com\/de\/produkte\/physik\/akustik\/experimentiersatz-doppler-effekt\/\">DOPPLER-EFFEKT<\/a>(Kompaktger\u00e4t) erm\u00f6glicht \u00fcber eine Rotationsbewegung Spitzengeschwindigkeiten bis 35 m\/s und damit \u2013 dank Acrylglas-Schutzhaube \u2013 auch im Sch\u00fclerversuch pr\u00e4zise, gefahrlose Messungen.<\/p>\n<\/div><\/div>\n\n\n\n<div class=\"wp-block-coblocks-column coblocks-column-011134343907\" style=\"width:33%\"><div class=\"wp-block-coblocks-column__inner has-no-padding has-no-margin\">\n<figure class=\"wp-block-image size-full\"><img loading=\"lazy\" decoding=\"async\" width=\"467\" height=\"960\" src=\"https:\/\/mekruphy.com\/de\/wp-content\/uploads\/2022\/03\/schallwellen-akustik.png\" alt=\"\" class=\"wp-image-6358\" srcset=\"https:\/\/mekruphy.com\/de\/wp-content\/uploads\/2022\/03\/schallwellen-akustik.png 467w, https:\/\/mekruphy.com\/de\/wp-content\/uploads\/2022\/03\/schallwellen-akustik-146x300.png 146w\" sizes=\"auto, (max-width: 467px) 100vw, 467px\" \/><\/figure>\n<\/div><\/div>\n<\/div><\/div>\n\n\n\n<p><\/p>\n","protected":false},"excerpt":{"rendered":"<p>Schall und Ultraschall<\/p>\n","protected":false},"author":1,"featured_media":0,"parent":612,"menu_order":0,"comment_status":"closed","ping_status":"closed","template":"templates\/productcategory.php","meta":{"_acf_changed":false,"_coblocks_attr":"","_coblocks_dimensions":"","_coblocks_responsive_height":"","_coblocks_accordion_ie_support":"","_eb_attr":"","advgb_blocks_editor_width":"","advgb_blocks_columns_visual_guide":"","footnotes":""},"class_list":["post-956","page","type-page","status-publish","hentry"],"acf":[],"yoast_head":"<!-- This site is optimized with the Yoast SEO plugin v27.4 - https:\/\/yoast.com\/product\/yoast-seo-wordpress\/ -->\n<title>Akustik \/ Wellen - MEKRUPHY GmbH<\/title>\n<meta name=\"description\" content=\"Unsere Akustik-Experimentierk\u00e4sten decken alle Gesetzm\u00e4\u00dfigkeiten der Wellenerscheinungen im h\u00f6rbaren und nicht-h\u00f6rbaren Bereich ab.\" \/>\n<meta name=\"robots\" content=\"index, follow, max-snippet:-1, max-image-preview:large, max-video-preview:-1\" \/>\n<link rel=\"canonical\" href=\"https:\/\/mekruphy.com\/de\/produkte\/physik\/akustik\/\" \/>\n<meta property=\"og:locale\" content=\"de_DE\" \/>\n<meta property=\"og:type\" content=\"article\" \/>\n<meta property=\"og:title\" content=\"Akustik \/ Wellen - MEKRUPHY GmbH\" \/>\n<meta property=\"og:description\" content=\"Unsere Akustik-Experimentierk\u00e4sten decken alle Gesetzm\u00e4\u00dfigkeiten der Wellenerscheinungen im h\u00f6rbaren und nicht-h\u00f6rbaren Bereich ab.\" \/>\n<meta property=\"og:url\" content=\"https:\/\/mekruphy.com\/de\/produkte\/physik\/akustik\/\" \/>\n<meta property=\"og:site_name\" content=\"MEKRUPHY GmbH\" \/>\n<meta property=\"article:modified_time\" content=\"2022-03-07T14:56:19+00:00\" \/>\n<meta property=\"og:image\" content=\"https:\/\/mekruphy.com\/de\/wp-content\/uploads\/2022\/03\/schallwellen-akustik.png\" \/>\n<meta name=\"twitter:card\" content=\"summary_large_image\" \/>\n<meta name=\"twitter:label1\" content=\"Gesch\u00e4tzte Lesezeit\" \/>\n\t<meta name=\"twitter:data1\" content=\"2\u00a0Minuten\" \/>\n<script type=\"application\/ld+json\" class=\"yoast-schema-graph\">{\"@context\":\"https:\\\/\\\/schema.org\",\"@graph\":[{\"@type\":\"WebPage\",\"@id\":\"https:\\\/\\\/mekruphy.com\\\/de\\\/produkte\\\/physik\\\/akustik\\\/\",\"url\":\"https:\\\/\\\/mekruphy.com\\\/de\\\/produkte\\\/physik\\\/akustik\\\/\",\"name\":\"Akustik \\\/ Wellen - MEKRUPHY GmbH\",\"isPartOf\":{\"@id\":\"https:\\\/\\\/mekruphy.com\\\/de\\\/#website\"},\"primaryImageOfPage\":{\"@id\":\"https:\\\/\\\/mekruphy.com\\\/de\\\/produkte\\\/physik\\\/akustik\\\/#primaryimage\"},\"image\":{\"@id\":\"https:\\\/\\\/mekruphy.com\\\/de\\\/produkte\\\/physik\\\/akustik\\\/#primaryimage\"},\"thumbnailUrl\":\"https:\\\/\\\/mekruphy.com\\\/de\\\/wp-content\\\/uploads\\\/2022\\\/03\\\/schallwellen-akustik.png\",\"datePublished\":\"2020-07-22T13:10:53+00:00\",\"dateModified\":\"2022-03-07T14:56:19+00:00\",\"description\":\"Unsere Akustik-Experimentierk\u00e4sten decken alle Gesetzm\u00e4\u00dfigkeiten der Wellenerscheinungen im h\u00f6rbaren und nicht-h\u00f6rbaren Bereich ab.\",\"breadcrumb\":{\"@id\":\"https:\\\/\\\/mekruphy.com\\\/de\\\/produkte\\\/physik\\\/akustik\\\/#breadcrumb\"},\"inLanguage\":\"de\",\"potentialAction\":[{\"@type\":\"ReadAction\",\"target\":[\"https:\\\/\\\/mekruphy.com\\\/de\\\/produkte\\\/physik\\\/akustik\\\/\"]}]},{\"@type\":\"ImageObject\",\"inLanguage\":\"de\",\"@id\":\"https:\\\/\\\/mekruphy.com\\\/de\\\/produkte\\\/physik\\\/akustik\\\/#primaryimage\",\"url\":\"https:\\\/\\\/mekruphy.com\\\/de\\\/wp-content\\\/uploads\\\/2022\\\/03\\\/schallwellen-akustik.png\",\"contentUrl\":\"https:\\\/\\\/mekruphy.com\\\/de\\\/wp-content\\\/uploads\\\/2022\\\/03\\\/schallwellen-akustik.png\",\"width\":467,\"height\":960},{\"@type\":\"BreadcrumbList\",\"@id\":\"https:\\\/\\\/mekruphy.com\\\/de\\\/produkte\\\/physik\\\/akustik\\\/#breadcrumb\",\"itemListElement\":[{\"@type\":\"ListItem\",\"position\":1,\"name\":\"Startseite\",\"item\":\"https:\\\/\\\/mekruphy.com\\\/de\\\/\"},{\"@type\":\"ListItem\",\"position\":2,\"name\":\"Produkte\",\"item\":\"https:\\\/\\\/mekruphy.com\\\/de\\\/produkte\\\/\"},{\"@type\":\"ListItem\",\"position\":3,\"name\":\"Physik\",\"item\":\"https:\\\/\\\/mekruphy.com\\\/de\\\/produkte\\\/physik\\\/\"},{\"@type\":\"ListItem\",\"position\":4,\"name\":\"Akustik \\\/ Wellen\"}]},{\"@type\":\"WebSite\",\"@id\":\"https:\\\/\\\/mekruphy.com\\\/de\\\/#website\",\"url\":\"https:\\\/\\\/mekruphy.com\\\/de\\\/\",\"name\":\"MEKRUPHY GmbH\",\"description\":\"Sch\u00fcler-Experimentierk\u00e4sten f\u00fcr den MINT-Unterricht\",\"potentialAction\":[{\"@type\":\"SearchAction\",\"target\":{\"@type\":\"EntryPoint\",\"urlTemplate\":\"https:\\\/\\\/mekruphy.com\\\/de\\\/?s={search_term_string}\"},\"query-input\":{\"@type\":\"PropertyValueSpecification\",\"valueRequired\":true,\"valueName\":\"search_term_string\"}}],\"inLanguage\":\"de\"}]}<\/script>\n<!-- \/ Yoast SEO plugin. -->","yoast_head_json":{"title":"Akustik \/ Wellen - MEKRUPHY GmbH","description":"Unsere Akustik-Experimentierk\u00e4sten decken alle Gesetzm\u00e4\u00dfigkeiten der Wellenerscheinungen im h\u00f6rbaren und nicht-h\u00f6rbaren Bereich ab.","robots":{"index":"index","follow":"follow","max-snippet":"max-snippet:-1","max-image-preview":"max-image-preview:large","max-video-preview":"max-video-preview:-1"},"canonical":"https:\/\/mekruphy.com\/de\/produkte\/physik\/akustik\/","og_locale":"de_DE","og_type":"article","og_title":"Akustik \/ Wellen - MEKRUPHY GmbH","og_description":"Unsere Akustik-Experimentierk\u00e4sten decken alle Gesetzm\u00e4\u00dfigkeiten der Wellenerscheinungen im h\u00f6rbaren und nicht-h\u00f6rbaren Bereich ab.","og_url":"https:\/\/mekruphy.com\/de\/produkte\/physik\/akustik\/","og_site_name":"MEKRUPHY GmbH","article_modified_time":"2022-03-07T14:56:19+00:00","og_image":[{"url":"https:\/\/mekruphy.com\/de\/wp-content\/uploads\/2022\/03\/schallwellen-akustik.png","type":"","width":"","height":""}],"twitter_card":"summary_large_image","twitter_misc":{"Gesch\u00e4tzte Lesezeit":"2\u00a0Minuten"},"schema":{"@context":"https:\/\/schema.org","@graph":[{"@type":"WebPage","@id":"https:\/\/mekruphy.com\/de\/produkte\/physik\/akustik\/","url":"https:\/\/mekruphy.com\/de\/produkte\/physik\/akustik\/","name":"Akustik \/ Wellen - MEKRUPHY GmbH","isPartOf":{"@id":"https:\/\/mekruphy.com\/de\/#website"},"primaryImageOfPage":{"@id":"https:\/\/mekruphy.com\/de\/produkte\/physik\/akustik\/#primaryimage"},"image":{"@id":"https:\/\/mekruphy.com\/de\/produkte\/physik\/akustik\/#primaryimage"},"thumbnailUrl":"https:\/\/mekruphy.com\/de\/wp-content\/uploads\/2022\/03\/schallwellen-akustik.png","datePublished":"2020-07-22T13:10:53+00:00","dateModified":"2022-03-07T14:56:19+00:00","description":"Unsere Akustik-Experimentierk\u00e4sten decken alle Gesetzm\u00e4\u00dfigkeiten der Wellenerscheinungen im h\u00f6rbaren und nicht-h\u00f6rbaren Bereich ab.","breadcrumb":{"@id":"https:\/\/mekruphy.com\/de\/produkte\/physik\/akustik\/#breadcrumb"},"inLanguage":"de","potentialAction":[{"@type":"ReadAction","target":["https:\/\/mekruphy.com\/de\/produkte\/physik\/akustik\/"]}]},{"@type":"ImageObject","inLanguage":"de","@id":"https:\/\/mekruphy.com\/de\/produkte\/physik\/akustik\/#primaryimage","url":"https:\/\/mekruphy.com\/de\/wp-content\/uploads\/2022\/03\/schallwellen-akustik.png","contentUrl":"https:\/\/mekruphy.com\/de\/wp-content\/uploads\/2022\/03\/schallwellen-akustik.png","width":467,"height":960},{"@type":"BreadcrumbList","@id":"https:\/\/mekruphy.com\/de\/produkte\/physik\/akustik\/#breadcrumb","itemListElement":[{"@type":"ListItem","position":1,"name":"Startseite","item":"https:\/\/mekruphy.com\/de\/"},{"@type":"ListItem","position":2,"name":"Produkte","item":"https:\/\/mekruphy.com\/de\/produkte\/"},{"@type":"ListItem","position":3,"name":"Physik","item":"https:\/\/mekruphy.com\/de\/produkte\/physik\/"},{"@type":"ListItem","position":4,"name":"Akustik \/ Wellen"}]},{"@type":"WebSite","@id":"https:\/\/mekruphy.com\/de\/#website","url":"https:\/\/mekruphy.com\/de\/","name":"MEKRUPHY GmbH","description":"Sch\u00fcler-Experimentierk\u00e4sten f\u00fcr den MINT-Unterricht","potentialAction":[{"@type":"SearchAction","target":{"@type":"EntryPoint","urlTemplate":"https:\/\/mekruphy.com\/de\/?s={search_term_string}"},"query-input":{"@type":"PropertyValueSpecification","valueRequired":true,"valueName":"search_term_string"}}],"inLanguage":"de"}]}},"coauthors":[],"author_meta":{"author_link":"https:\/\/mekruphy.com\/de\/author\/mwbsca\/","display_name":"mwbscA"},"relative_dates":{"created":"Ver\u00f6ffentlicht 6\u00a0Jahren vor","modified":"Aktualisiert 4\u00a0Jahren vor"},"absolute_dates":{"created":"Ver\u00f6ffentlicht am 22. Juli 2020","modified":"Aktualisiert am 7. M\u00e4rz 2022"},"absolute_dates_time":{"created":"Ver\u00f6ffentlicht am 22. Juli 2020 15:10","modified":"Aktualisiert am 7. M\u00e4rz 2022 15:56"},"featured_img_caption":"","featured_img":false,"series_order":"","_links":{"self":[{"href":"https:\/\/mekruphy.com\/de\/wp-json\/wp\/v2\/pages\/956","targetHints":{"allow":["GET"]}}],"collection":[{"href":"https:\/\/mekruphy.com\/de\/wp-json\/wp\/v2\/pages"}],"about":[{"href":"https:\/\/mekruphy.com\/de\/wp-json\/wp\/v2\/types\/page"}],"author":[{"embeddable":true,"href":"https:\/\/mekruphy.com\/de\/wp-json\/wp\/v2\/users\/1"}],"replies":[{"embeddable":true,"href":"https:\/\/mekruphy.com\/de\/wp-json\/wp\/v2\/comments?post=956"}],"version-history":[{"count":20,"href":"https:\/\/mekruphy.com\/de\/wp-json\/wp\/v2\/pages\/956\/revisions"}],"predecessor-version":[{"id":6359,"href":"https:\/\/mekruphy.com\/de\/wp-json\/wp\/v2\/pages\/956\/revisions\/6359"}],"up":[{"embeddable":true,"href":"https:\/\/mekruphy.com\/de\/wp-json\/wp\/v2\/pages\/612"}],"wp:attachment":[{"href":"https:\/\/mekruphy.com\/de\/wp-json\/wp\/v2\/media?parent=956"}],"curies":[{"name":"wp","href":"https:\/\/api.w.org\/{rel}","templated":true}]}}