{"id":961,"date":"2020-07-22T15:14:11","date_gmt":"2020-07-22T13:14:11","guid":{"rendered":"https:\/\/mekruphy.com\/de\/?page_id=961"},"modified":"2024-03-12T12:50:03","modified_gmt":"2024-03-12T11:50:03","slug":"optik","status":"publish","type":"page","link":"https:\/\/mekruphy.com\/de\/produkte\/physik\/optik\/","title":{"rendered":"Optik"},"content":{"rendered":"<div class=\"yoast-breadcrumbs breadcrumbs\"><span><span><a href=\"https:\/\/mekruphy.com\/de\/\">Startseite<\/a><\/span> \u00bb <span><a href=\"https:\/\/mekruphy.com\/de\/produkte\/\">Produkte<\/a><\/span> \u00bb <span><a href=\"https:\/\/mekruphy.com\/de\/produkte\/physik\/\">Physik<\/a><\/span> \u00bb <span class=\"breadcrumb_last\" aria-current=\"page\">Optik<\/span><\/span><\/div>\n\n\n<h2 class=\"wp-block-heading\" id=\"h-schulerversuche-b-ei-tageslicht-in-zwei-experimentiersatzen\">Sch\u00fclerversuche b<strong>ei Tageslicht<\/strong> &#8211; in zwei Experimentiers\u00e4tzen<\/h2>\n\n\n\n<div class=\"wp-block-coblocks-row coblocks-row-01114757277\" data-columns=\"2\" data-layout=\"66-33\"><div class=\"wp-block-coblocks-row__inner has-no-padding has-no-margin is-stacked-on-mobile has-medium-gutter\">\n<div class=\"wp-block-coblocks-column coblocks-column-01114759689\" style=\"width:66%\"><div class=\"wp-block-coblocks-column__inner has-no-padding has-no-margin\">\n<p>Dank der lichtstarken Halogengl\u00fchlampe k\u00f6nnen die Sch\u00fclerinnen und Sch\u00fcler fast alle Experimente zur geometrischen Optik, Abbildungs- und Beugungsoptik ohne Verdunklung durchf\u00fchren. Dies ist ein nicht zu untersch\u00e4tzender Vorteil im Unterricht. Zum Experimentiersatz <a href=\"https:\/\/mekruphy.com\/de\/produkte\/physik\/optik\/experimentiersatz-optik-1\/\">Optik 1<\/a> l\u00e4sst sich wahlweise <a href=\"https:\/\/mekruphy.com\/de\/produkte\/physik\/optik\/experimentiersatz-optik-2\/\">Optik 2<\/a>, <a href=\"https:\/\/mekruphy.com\/de\/produkte\/physik\/optik\/experimentiersatz-optik-3\/\">Optik 3<\/a> oder <a href=\"https:\/\/mekruphy.com\/de\/produkte\/physik\/optik\/experimentiersatz-optik-3-plus\/\">Optik 3+<\/a> kombinieren.<\/p>\n\n\n\n<h3 class=\"wp-block-heading\">Leistungsstarke Optikleuchte aus OPTIK 1<\/h3>\n\n\n\n<p>Die in diesem Kasten enthaltene Experimentierleuchte aus schwarz eloxiertem Aluminium erzeugt beim Einschalten sofort <a href=\"https:\/\/www.cosmos-indirekt.de\/Physik-Schule\/Kollimator\" target=\"_blank\" rel=\"noreferrer noopener\">paralleles Licht<\/a> f\u00fcr die geometrische Optik auf dem Tisch. F\u00fcr s\u00e4mtliche Experimentieranordnungen der Abbildungs- und Beugungsoptik ist mit dem Einrasten der Leuchte auf der vorgesehenen Stativstange der optischen Bank keine H\u00f6henjustierung mehr erforderlich.<\/p>\n\n\n\n<p><\/p>\n\n\n\n<h3 class=\"wp-block-heading\">Drei unterschiedliche Ausstattungsoptionen f\u00fcr Abbildungs- und Wellenoptik<\/h3>\n\n\n\n<p>Die Experimentiers\u00e4tze <a href=\"https:\/\/mekruphy.com\/de\/produkte\/physik\/optik\/experimentiersatz-optik-2\/\">O2<\/a>, <a href=\"https:\/\/mekruphy.com\/de\/produkte\/physik\/optik\/experimentiersatz-optik-3\/\">O3<\/a> und <a href=\"https:\/\/mekruphy.com\/de\/produkte\/physik\/optik\/experimentiersatz-optik-3-plus\/\">O3+<\/a> sind lediglich Varianten desselben Aufbausatzes, von denen der Experimentiersatz <a href=\"https:\/\/mekruphy.com\/de\/produkte\/physik\/optik\/experimentiersatz-optik-3-plus\/\">O3+<\/a> zus\u00e4tzlich die Wellenoptik enth\u00e4lt. Dar\u00fcber hinaus ben\u00f6tigt wird die Experimentierleuchte aus <a href=\"https:\/\/mekruphy.com\/de\/produkte\/physik\/optik\/experimentiersatz-optik-1\/\">O1<\/a> als Grundausstattung. Die <a href=\"https:\/\/mekruphy.com\/de\/produkte\/physik\/physik-zubehor#universalschiene\">Universalschiene<\/a> dient dabei als optische Bank.<\/p>\n\n\n<div class=\"wp-block-image\">\n<figure class=\"aligncenter size-full is-resized\"><img loading=\"lazy\" decoding=\"async\" width=\"674\" height=\"913\" src=\"https:\/\/mekruphy.com\/de\/wp-content\/uploads\/2024\/03\/O2-O3-O3plus-Alternativen_neu.png\" alt=\"\" class=\"wp-image-8010\" style=\"width:435px;height:auto\" srcset=\"https:\/\/mekruphy.com\/de\/wp-content\/uploads\/2024\/03\/O2-O3-O3plus-Alternativen_neu.png 674w, https:\/\/mekruphy.com\/de\/wp-content\/uploads\/2024\/03\/O2-O3-O3plus-Alternativen_neu-221x300.png 221w\" sizes=\"auto, (max-width: 674px) 100vw, 674px\" \/><\/figure>\n<\/div>\n\n\n<h3 class=\"wp-block-heading\">h-Bestimmung \u2013 einfach zu bedienendes Kompaktger\u00e4t mit hoher Pr\u00e4zision<\/h3>\n\n\n\n<p>Der Experimentierkasten zur <a href=\"https:\/\/mekruphy.com\/de\/produkte\/physik\/optik\/experimentiersatz-h-bestimmung\/\">h-BESTIMMUNG<\/a> ist ein kompakter, raffiniert konzipierter Aufbau zur fehlerfreien Ermittlung der Planck\u2018schen Konstante nach der Gegenfeldmethode.<\/p>\n\n\n\n<h3 class=\"wp-block-heading\">Interferometer \u2013 mit Ultraschall statt mit Laserwellen<\/h3>\n\n\n\n<p>Der MEKRUPHY-Experimentiersatz <a href=\"https:\/\/mekruphy.com\/de\/produkte\/physik\/optik\/experimentiersatz-interferometer\/\">INTERFEROMETER<\/a> arbeitet \u2013 analog zum Experimentierset <a href=\"https:\/\/mekruphy.com\/de\/produkte\/physik\/akustik\/experimentiersatz-wellen\/\">WELLEN<\/a> \u2013 mit einem batteriebetriebenen Zentralger\u00e4t, Sender und Empf\u00e4nger und erm\u00f6glicht die Untersuchung der Interferenzph\u00e4nomene mit Ultraschall statt des klassischen Michelson-Aufbaues mit Laser.<\/p>\n<\/div><\/div>\n\n\n\n<div class=\"wp-block-coblocks-column coblocks-column-01114759690\" style=\"width:33%\"><div class=\"wp-block-coblocks-column__inner has-no-padding has-no-margin\">\n<figure class=\"wp-block-image size-full\"><img loading=\"lazy\" decoding=\"async\" width=\"540\" height=\"443\" src=\"https:\/\/mekruphy.com\/de\/wp-content\/uploads\/2021\/03\/O1_1.png\" alt=\"Optik\" class=\"wp-image-3043\" srcset=\"https:\/\/mekruphy.com\/de\/wp-content\/uploads\/2021\/03\/O1_1.png 540w, https:\/\/mekruphy.com\/de\/wp-content\/uploads\/2021\/03\/O1_1-300x246.png 300w\" sizes=\"auto, (max-width: 540px) 100vw, 540px\" \/><\/figure>\n<\/div><\/div>\n<\/div><\/div>\n\n\n\n<p><\/p>\n","protected":false},"excerpt":{"rendered":"<p>Sch\u00fclerversuche bei Tageslicht &#8211; in zwei Experimentiers\u00e4tzen<\/p>\n","protected":false},"author":1,"featured_media":0,"parent":612,"menu_order":0,"comment_status":"closed","ping_status":"closed","template":"templates\/productcategory.php","meta":{"_acf_changed":false,"_coblocks_attr":"","_coblocks_dimensions":"","_coblocks_responsive_height":"","_coblocks_accordion_ie_support":"","_eb_attr":"","advgb_blocks_editor_width":"","advgb_blocks_columns_visual_guide":"","footnotes":""},"class_list":["post-961","page","type-page","status-publish","hentry"],"acf":[],"yoast_head":"<!-- This site is optimized with the Yoast SEO plugin v27.4 - https:\/\/yoast.com\/product\/yoast-seo-wordpress\/ -->\n<title>Optik - MEKRUPHY GmbH<\/title>\n<meta name=\"description\" content=\"Mit nur einer Ausnahme k\u00f6nnen all unsere OPTIK-Experimente bei Tageslicht von den Sch\u00fclerinnen und Sch\u00fclern durchgef\u00fchrt werden.\" \/>\n<meta name=\"robots\" content=\"index, follow, max-snippet:-1, max-image-preview:large, max-video-preview:-1\" \/>\n<link rel=\"canonical\" href=\"https:\/\/mekruphy.com\/de\/produkte\/physik\/optik\/\" \/>\n<meta property=\"og:locale\" content=\"de_DE\" \/>\n<meta property=\"og:type\" content=\"article\" \/>\n<meta property=\"og:title\" content=\"Optik - MEKRUPHY GmbH\" \/>\n<meta property=\"og:description\" content=\"Mit nur einer Ausnahme k\u00f6nnen all unsere OPTIK-Experimente bei Tageslicht von den Sch\u00fclerinnen und Sch\u00fclern durchgef\u00fchrt werden.\" \/>\n<meta property=\"og:url\" content=\"https:\/\/mekruphy.com\/de\/produkte\/physik\/optik\/\" \/>\n<meta property=\"og:site_name\" content=\"MEKRUPHY GmbH\" \/>\n<meta property=\"article:modified_time\" content=\"2024-03-12T11:50:03+00:00\" \/>\n<meta property=\"og:image\" content=\"https:\/\/mekruphy.com\/de\/wp-content\/uploads\/2024\/03\/O2-O3-O3plus-Alternativen_neu.png\" \/>\n<meta name=\"twitter:card\" content=\"summary_large_image\" \/>\n<meta name=\"twitter:label1\" content=\"Gesch\u00e4tzte Lesezeit\" \/>\n\t<meta name=\"twitter:data1\" content=\"2\u00a0Minuten\" \/>\n<script type=\"application\/ld+json\" class=\"yoast-schema-graph\">{\"@context\":\"https:\\\/\\\/schema.org\",\"@graph\":[{\"@type\":\"WebPage\",\"@id\":\"https:\\\/\\\/mekruphy.com\\\/de\\\/produkte\\\/physik\\\/optik\\\/\",\"url\":\"https:\\\/\\\/mekruphy.com\\\/de\\\/produkte\\\/physik\\\/optik\\\/\",\"name\":\"Optik - MEKRUPHY GmbH\",\"isPartOf\":{\"@id\":\"https:\\\/\\\/mekruphy.com\\\/de\\\/#website\"},\"primaryImageOfPage\":{\"@id\":\"https:\\\/\\\/mekruphy.com\\\/de\\\/produkte\\\/physik\\\/optik\\\/#primaryimage\"},\"image\":{\"@id\":\"https:\\\/\\\/mekruphy.com\\\/de\\\/produkte\\\/physik\\\/optik\\\/#primaryimage\"},\"thumbnailUrl\":\"https:\\\/\\\/mekruphy.com\\\/de\\\/wp-content\\\/uploads\\\/2024\\\/03\\\/O2-O3-O3plus-Alternativen_neu.png\",\"datePublished\":\"2020-07-22T13:14:11+00:00\",\"dateModified\":\"2024-03-12T11:50:03+00:00\",\"description\":\"Mit nur einer Ausnahme k\u00f6nnen all unsere OPTIK-Experimente bei Tageslicht von den Sch\u00fclerinnen und Sch\u00fclern durchgef\u00fchrt werden.\",\"breadcrumb\":{\"@id\":\"https:\\\/\\\/mekruphy.com\\\/de\\\/produkte\\\/physik\\\/optik\\\/#breadcrumb\"},\"inLanguage\":\"de\",\"potentialAction\":[{\"@type\":\"ReadAction\",\"target\":[\"https:\\\/\\\/mekruphy.com\\\/de\\\/produkte\\\/physik\\\/optik\\\/\"]}]},{\"@type\":\"ImageObject\",\"inLanguage\":\"de\",\"@id\":\"https:\\\/\\\/mekruphy.com\\\/de\\\/produkte\\\/physik\\\/optik\\\/#primaryimage\",\"url\":\"https:\\\/\\\/mekruphy.com\\\/de\\\/wp-content\\\/uploads\\\/2024\\\/03\\\/O2-O3-O3plus-Alternativen_neu.png\",\"contentUrl\":\"https:\\\/\\\/mekruphy.com\\\/de\\\/wp-content\\\/uploads\\\/2024\\\/03\\\/O2-O3-O3plus-Alternativen_neu.png\",\"width\":674,\"height\":913},{\"@type\":\"BreadcrumbList\",\"@id\":\"https:\\\/\\\/mekruphy.com\\\/de\\\/produkte\\\/physik\\\/optik\\\/#breadcrumb\",\"itemListElement\":[{\"@type\":\"ListItem\",\"position\":1,\"name\":\"Startseite\",\"item\":\"https:\\\/\\\/mekruphy.com\\\/de\\\/\"},{\"@type\":\"ListItem\",\"position\":2,\"name\":\"Produkte\",\"item\":\"https:\\\/\\\/mekruphy.com\\\/de\\\/produkte\\\/\"},{\"@type\":\"ListItem\",\"position\":3,\"name\":\"Physik\",\"item\":\"https:\\\/\\\/mekruphy.com\\\/de\\\/produkte\\\/physik\\\/\"},{\"@type\":\"ListItem\",\"position\":4,\"name\":\"Optik\"}]},{\"@type\":\"WebSite\",\"@id\":\"https:\\\/\\\/mekruphy.com\\\/de\\\/#website\",\"url\":\"https:\\\/\\\/mekruphy.com\\\/de\\\/\",\"name\":\"MEKRUPHY GmbH\",\"description\":\"Sch\u00fcler-Experimentierk\u00e4sten f\u00fcr den MINT-Unterricht\",\"potentialAction\":[{\"@type\":\"SearchAction\",\"target\":{\"@type\":\"EntryPoint\",\"urlTemplate\":\"https:\\\/\\\/mekruphy.com\\\/de\\\/?s={search_term_string}\"},\"query-input\":{\"@type\":\"PropertyValueSpecification\",\"valueRequired\":true,\"valueName\":\"search_term_string\"}}],\"inLanguage\":\"de\"}]}<\/script>\n<!-- \/ Yoast SEO plugin. -->","yoast_head_json":{"title":"Optik - MEKRUPHY GmbH","description":"Mit nur einer Ausnahme k\u00f6nnen all unsere OPTIK-Experimente bei Tageslicht von den Sch\u00fclerinnen und Sch\u00fclern durchgef\u00fchrt werden.","robots":{"index":"index","follow":"follow","max-snippet":"max-snippet:-1","max-image-preview":"max-image-preview:large","max-video-preview":"max-video-preview:-1"},"canonical":"https:\/\/mekruphy.com\/de\/produkte\/physik\/optik\/","og_locale":"de_DE","og_type":"article","og_title":"Optik - MEKRUPHY GmbH","og_description":"Mit nur einer Ausnahme k\u00f6nnen all unsere OPTIK-Experimente bei Tageslicht von den Sch\u00fclerinnen und Sch\u00fclern durchgef\u00fchrt werden.","og_url":"https:\/\/mekruphy.com\/de\/produkte\/physik\/optik\/","og_site_name":"MEKRUPHY GmbH","article_modified_time":"2024-03-12T11:50:03+00:00","og_image":[{"url":"https:\/\/mekruphy.com\/de\/wp-content\/uploads\/2024\/03\/O2-O3-O3plus-Alternativen_neu.png","type":"","width":"","height":""}],"twitter_card":"summary_large_image","twitter_misc":{"Gesch\u00e4tzte Lesezeit":"2\u00a0Minuten"},"schema":{"@context":"https:\/\/schema.org","@graph":[{"@type":"WebPage","@id":"https:\/\/mekruphy.com\/de\/produkte\/physik\/optik\/","url":"https:\/\/mekruphy.com\/de\/produkte\/physik\/optik\/","name":"Optik - MEKRUPHY GmbH","isPartOf":{"@id":"https:\/\/mekruphy.com\/de\/#website"},"primaryImageOfPage":{"@id":"https:\/\/mekruphy.com\/de\/produkte\/physik\/optik\/#primaryimage"},"image":{"@id":"https:\/\/mekruphy.com\/de\/produkte\/physik\/optik\/#primaryimage"},"thumbnailUrl":"https:\/\/mekruphy.com\/de\/wp-content\/uploads\/2024\/03\/O2-O3-O3plus-Alternativen_neu.png","datePublished":"2020-07-22T13:14:11+00:00","dateModified":"2024-03-12T11:50:03+00:00","description":"Mit nur einer Ausnahme k\u00f6nnen all unsere OPTIK-Experimente bei Tageslicht von den Sch\u00fclerinnen und Sch\u00fclern durchgef\u00fchrt werden.","breadcrumb":{"@id":"https:\/\/mekruphy.com\/de\/produkte\/physik\/optik\/#breadcrumb"},"inLanguage":"de","potentialAction":[{"@type":"ReadAction","target":["https:\/\/mekruphy.com\/de\/produkte\/physik\/optik\/"]}]},{"@type":"ImageObject","inLanguage":"de","@id":"https:\/\/mekruphy.com\/de\/produkte\/physik\/optik\/#primaryimage","url":"https:\/\/mekruphy.com\/de\/wp-content\/uploads\/2024\/03\/O2-O3-O3plus-Alternativen_neu.png","contentUrl":"https:\/\/mekruphy.com\/de\/wp-content\/uploads\/2024\/03\/O2-O3-O3plus-Alternativen_neu.png","width":674,"height":913},{"@type":"BreadcrumbList","@id":"https:\/\/mekruphy.com\/de\/produkte\/physik\/optik\/#breadcrumb","itemListElement":[{"@type":"ListItem","position":1,"name":"Startseite","item":"https:\/\/mekruphy.com\/de\/"},{"@type":"ListItem","position":2,"name":"Produkte","item":"https:\/\/mekruphy.com\/de\/produkte\/"},{"@type":"ListItem","position":3,"name":"Physik","item":"https:\/\/mekruphy.com\/de\/produkte\/physik\/"},{"@type":"ListItem","position":4,"name":"Optik"}]},{"@type":"WebSite","@id":"https:\/\/mekruphy.com\/de\/#website","url":"https:\/\/mekruphy.com\/de\/","name":"MEKRUPHY GmbH","description":"Sch\u00fcler-Experimentierk\u00e4sten f\u00fcr den MINT-Unterricht","potentialAction":[{"@type":"SearchAction","target":{"@type":"EntryPoint","urlTemplate":"https:\/\/mekruphy.com\/de\/?s={search_term_string}"},"query-input":{"@type":"PropertyValueSpecification","valueRequired":true,"valueName":"search_term_string"}}],"inLanguage":"de"}]}},"coauthors":[],"author_meta":{"author_link":"https:\/\/mekruphy.com\/de\/author\/mwbsca\/","display_name":"mwbscA"},"relative_dates":{"created":"Ver\u00f6ffentlicht 6\u00a0Jahren vor","modified":"Aktualisiert 2\u00a0Jahren vor"},"absolute_dates":{"created":"Ver\u00f6ffentlicht am 22. Juli 2020","modified":"Aktualisiert am 12. M\u00e4rz 2024"},"absolute_dates_time":{"created":"Ver\u00f6ffentlicht am 22. Juli 2020 15:14","modified":"Aktualisiert am 12. M\u00e4rz 2024 12:50"},"featured_img_caption":"","featured_img":false,"series_order":"","_links":{"self":[{"href":"https:\/\/mekruphy.com\/de\/wp-json\/wp\/v2\/pages\/961","targetHints":{"allow":["GET"]}}],"collection":[{"href":"https:\/\/mekruphy.com\/de\/wp-json\/wp\/v2\/pages"}],"about":[{"href":"https:\/\/mekruphy.com\/de\/wp-json\/wp\/v2\/types\/page"}],"author":[{"embeddable":true,"href":"https:\/\/mekruphy.com\/de\/wp-json\/wp\/v2\/users\/1"}],"replies":[{"embeddable":true,"href":"https:\/\/mekruphy.com\/de\/wp-json\/wp\/v2\/comments?post=961"}],"version-history":[{"count":36,"href":"https:\/\/mekruphy.com\/de\/wp-json\/wp\/v2\/pages\/961\/revisions"}],"predecessor-version":[{"id":8020,"href":"https:\/\/mekruphy.com\/de\/wp-json\/wp\/v2\/pages\/961\/revisions\/8020"}],"up":[{"embeddable":true,"href":"https:\/\/mekruphy.com\/de\/wp-json\/wp\/v2\/pages\/612"}],"wp:attachment":[{"href":"https:\/\/mekruphy.com\/de\/wp-json\/wp\/v2\/media?parent=961"}],"curies":[{"name":"wp","href":"https:\/\/api.w.org\/{rel}","templated":true}]}}