{"id":982,"date":"2020-07-23T07:39:00","date_gmt":"2020-07-23T05:39:00","guid":{"rendered":"https:\/\/mekruphy.com\/de\/?page_id=982"},"modified":"2022-05-31T16:45:42","modified_gmt":"2022-05-31T14:45:42","slug":"basisausruestung-chemie-kasten-c1","status":"publish","type":"page","link":"https:\/\/mekruphy.com\/de\/produkte\/chemie\/chemie-basisausruestung\/basisausruestung-chemie-kasten-c1\/","title":{"rendered":"Basisausr\u00fcstung CHEMIE Kasten C1"},"content":{"rendered":"<div class=\"yoast-breadcrumbs breadcrumbs-indented\"><span><span><a href=\"https:\/\/mekruphy.com\/de\/\">Startseite<\/a><\/span> \u00bb <span><a href=\"https:\/\/mekruphy.com\/de\/produkte\/\">Produkte<\/a><\/span> \u00bb <span><a href=\"https:\/\/mekruphy.com\/de\/produkte\/chemie\/\">Chemie<\/a><\/span> \u00bb <span><a href=\"https:\/\/mekruphy.com\/de\/produkte\/chemie\/chemie-basisausruestung\/\">Chemie Basisausr\u00fcstung<\/a><\/span> \u00bb <span class=\"breadcrumb_last\" aria-current=\"page\">Basisausr\u00fcstung CHEMIE Kasten C1<\/span><\/span><\/div>\n\n\n<div class=\"wp-block-advgb-adv-tabs advgb-tabs-wrapper advgb-tab-horz-desktop advgb-tab-vert-tablet advgb-tab-stack-mobile advgb-tabs-64813e8f-711b-4ddd-b5af-d5f9551d2402\" data-tab-active=\"0\"><ul class=\"advgb-tabs-panel\"><li class=\"advgb-tab\" style=\"background-color:#e0e0e0;border-style:solid;border-width:1px;border-radius:10px\"><a id=\"\" href=\"#advgb-tabs-tab0\" style=\"color:#fff\"><span>Beschreibung<\/span><\/a><\/li><li class=\"advgb-tab\" style=\"background-color:#e0e0e0;border-style:solid;border-width:1px;border-radius:10px\"><a id=\"\" href=\"#advgb-tabs-tab1\" style=\"color:#fff\"><span>Lieferumfang<\/span><\/a><\/li><li class=\"advgb-tab\" style=\"background-color:#e0e0e0;border-style:solid;border-width:1px;border-radius:10px\"><a id=\"\" href=\"#advgb-tabs-tab2\" style=\"color:#fff\"><span>Bilder<\/span><\/a><\/li><\/ul><div class=\"advgb-tab-body-wrapper\" style=\"border-style:solid;border-width:1px;border-radius:10px\">\n<div class=\"wp-block-advgb-tab advgb-tab-body-container\"><div class=\"advgb-tab-body-header advgb-tab-class-undefined\">Beschreibung<\/div><div class=\"advgb-tab-_b29113-d8 advgb-tab-body\" aria-labelledby=\"advgb-tabs-tab0\">\n<h2 class=\"wp-block-heading\" id=\"umfangreich-und-trotzdem-platzsparend\">Umfangreich und trotzdem platzsparend&nbsp;<\/h2>\n\n\n\n<p>Die MEKRUPHY Basisausr\u00fcstung CHEMIE enth\u00e4lt in zwei stabilen Aufbewahrungsk\u00e4sten alle wichtigen Ger\u00e4te, die f\u00fcr die grundlegenden Sch\u00fclerexperimente im Chemieunterricht bis hin zur Oberstufe ben\u00f6tigt werden.\u00a0In der\u00a0Basisausr\u00fcstung CHEMIE Kasten\u00a0C1 finden sich haupts\u00e4chlich die Arbeitsger\u00e4te\u00a0aus Metall, dagegen enth\u00e4lt die Basisausr\u00fcstung\u00a0<a href=\"https:\/\/mekruphy.com\/de\/produkte\/chemie\/chemie-basisausruestung\/basisausruestung-chemie-kasten-c2\/\">Kasten C2<\/a> \u00fcberwiegend Glasteile.\u00a0<\/p>\n\n\n\n<p>W\u00e4hrend des Experimentierens l\u00e4sst sich der Kasten C2 auf den Kasten C1 stapeln, so dass auf dem Tisch gen\u00fcgend Platz zum Experimentieren und Schreiben bleibt.&nbsp;Die Basisausr\u00fcstung wird auch f\u00fcr einzelne Experimente zur&nbsp;Elektrochemie&nbsp;und zum computergest\u00fctzten Experimentieren ben\u00f6tigt.&nbsp;&nbsp;<\/p>\n\n\n\n<h3 class=\"wp-block-heading\" id=\"digitalthermometer-und-spezielle-becherglaszange\">Digitalthermometer und spezielle Becherglaszange&nbsp;<\/h3>\n\n\n\n<ul class=\"wp-block-list\"><li>das Digitalthermometer mit seinem 12 cm langen Messf\u00fchler hat einen Messbereich von&nbsp;-50\u00b0C bis + 300\u00b0C, misst im Sekundentakt und auf Zehntel Grad genau&nbsp;<\/li><li>die handliche Becherglaszange wurde speziell f\u00fcr&nbsp;Sch\u00fclerexperimente entwickelt&nbsp;<\/li><\/ul>\n\n\n\n<h3 class=\"wp-block-heading\" id=\"h-begleitmaterialien\">Begleitmaterialien<\/h3>\n\n\n\n<p>Passend zur Basisausstattung (CHEMIE 1 und CHEMIE 2) gibt es eine Reihe von <a href=\"https:\/\/mekruphy.com\/de\/produkte\/chemie\/chemie-arbeitshefte\/\">Sch\u00fclerheften<\/a> zu verschiedenen Themen aus der Chemie.<\/p>\n<\/div><\/div>\n\n\n\n<div class=\"wp-block-advgb-tab advgb-tab-body-container\"><div class=\"advgb-tab-body-header advgb-tab-class-undefined\">Lieferumfang<\/div><div class=\"advgb-tab-_8009c6-55 advgb-tab-body\" aria-labelledby=\"advgb-tabs-tab1\">\n<figure class=\"wp-block-table table-product-contents\"><table><tbody><tr><td>01.01.10<\/td><td>Aufbewahrungskasten<\/td><\/tr><tr><td>20.02.00<\/td><td>Ger\u00e4tegeformter Einsatz C1<\/td><\/tr><tr><td>20.03.00<\/td><td>Becherglaszange<\/td><\/tr><tr><td>20.04.00<\/td><td>Universalklemme (2 St\u00fcck)<\/td><\/tr><tr><td>20.05.50<\/td><td>Stabanz\u00fcnder<\/td><\/tr><tr><td>20.06.00<\/td><td>Verbrennungsl\u00f6ffel<\/td><\/tr><tr><td>20.07.00<\/td><td>Spatel<\/td><\/tr><tr><td>20.08.00<\/td><td>Pinzette gerade stumpf<\/td><\/tr><tr><td>20.09.00<\/td><td>Labormesser<\/td><\/tr><tr><td>20.10.00<\/td><td>Reagenzglashalter Holz<\/td><\/tr><tr><td>20.11.00<\/td><td>Tiegelzange<\/td><\/tr><tr><td>20.12.00<\/td><td>Glimmstab (10 St\u00fcck)<\/td><\/tr><tr><td>20.13.00<\/td><td>Digitalthermometer C (-50\u00b0\/+300\u00b0C)<\/td><\/tr><tr><td>01.14.00<\/td><td>Messzylinder 50 ml<\/td><\/tr><tr><td>20.15.10<\/td><td>Gummistopfen 5\/9<\/td><\/tr><tr><td>20.15.20<\/td><td>Gummistopfen 10\/14 (2 St\u00fcck)<\/td><\/tr><tr><td>20.15.30<\/td><td>Gummistopfen 14\/18 (4 St\u00fcck)<\/td><\/tr><tr><td>20.15.40<\/td><td>Gummistopfen 14\/18, 1 Bohrung<\/td><\/tr><tr><td>20.15.50<\/td><td>Gummistopfen 16\/21<\/td><\/tr><tr><td>20.15.60<\/td><td>Gummistopfen 16\/21, 1 Bohrung<\/td><\/tr><tr><td>20.15.70<\/td><td>Gummistopfen 31\/38<\/td><\/tr><tr><td>20.15.80<\/td><td>Gummistopfen 31\/38, 1 Bohrung<\/td><\/tr><tr><td>20.15.90<\/td><td>Gummistopfen 31\/38, 2 Bohrungen<\/td><\/tr><tr><td>20.16.10<\/td><td>Glasstab lang<\/td><\/tr><tr><td>20.16.20<\/td><td>Glasstab kurz (2 St\u00fcck)<\/td><\/tr><tr><td>20.17.00<\/td><td>Abdampfschale \u00d8 63 mm<\/td><\/tr><tr><td>20.18.00<\/td><td>Pipette mit H\u00fctchen (2 St\u00fcck)<\/td><\/tr><tr><td>20.19.00<\/td><td>Uhrglas \u00d8 60 mm (4 St\u00fcck)<\/td><\/tr><tr><td>20.20.00<\/td><td>Kobaltglas 50 x 50 mm (2 St\u00fcck)<\/td><\/tr><tr><td>20.21.10<\/td><td>\u00dcberleitungsrohr kurz<\/td><\/tr><tr><td>20.21.20<\/td><td>\u00dcberleitungsrohr lang<\/td><\/tr><tr><td>20.22.00<\/td><td>4 Silikonschlauchst\u00fccke in Dose<\/td><\/tr><tr><td>20.23.00<\/td><td>Schlauchklemme (2 St\u00fcck)<\/td><\/tr><\/tbody><\/table><\/figure>\n<\/div><\/div>\n\n\n\n<div class=\"wp-block-advgb-tab advgb-tab-body-container\"><div class=\"advgb-tab-body-header advgb-tab-class-undefined\">Bilder<\/div><div class=\"advgb-tab-_630f6c-d9 advgb-tab-body\" aria-labelledby=\"advgb-tabs-tab2\">\n<div class=\"wp-block-image\"><figure class=\"aligncenter size-large is-resized\"><img loading=\"lazy\" decoding=\"async\" src=\"https:\/\/mekruphy.com\/de\/wp-content\/uploads\/2021\/03\/C1_3.png\" alt=\"Basisausr\u00fcstung Chemie von MEKRUPHY\" class=\"wp-image-3202\" width=\"752\" height=\"425\" srcset=\"https:\/\/mekruphy.com\/de\/wp-content\/uploads\/2021\/03\/C1_3.png 715w, https:\/\/mekruphy.com\/de\/wp-content\/uploads\/2021\/03\/C1_3-300x169.png 300w\" sizes=\"auto, (max-width: 752px) 100vw, 752px\" \/><\/figure><\/div>\n\n\n\n<p>&nbsp;<\/p>\n\n\n\n<div class=\"wp-block-image\"><figure class=\"aligncenter size-large is-resized\"><img loading=\"lazy\" decoding=\"async\" src=\"https:\/\/mekruphy.com\/de\/wp-content\/uploads\/2021\/03\/C1_4.png\" alt=\"Digitales Thermometer\" class=\"wp-image-3198\" width=\"510\" height=\"1008\" srcset=\"https:\/\/mekruphy.com\/de\/wp-content\/uploads\/2021\/03\/C1_4.png 421w, https:\/\/mekruphy.com\/de\/wp-content\/uploads\/2021\/03\/C1_4-152x300.png 152w\" sizes=\"auto, (max-width: 510px) 100vw, 510px\" \/><\/figure><\/div>\n\n\n\n<p>&nbsp;<\/p>\n\n\n\n<div class=\"wp-block-image\"><figure class=\"aligncenter size-large is-resized\"><img loading=\"lazy\" decoding=\"async\" src=\"https:\/\/mekruphy.com\/de\/wp-content\/uploads\/2021\/03\/C2_2.png\" alt=\"Sch\u00fclerexperiment Chemie 1 Kasten\" class=\"wp-image-3167\" width=\"510\" height=\"564\" srcset=\"https:\/\/mekruphy.com\/de\/wp-content\/uploads\/2021\/03\/C2_2.png 581w, https:\/\/mekruphy.com\/de\/wp-content\/uploads\/2021\/03\/C2_2-271x300.png 271w\" sizes=\"auto, (max-width: 510px) 100vw, 510px\" \/><\/figure><\/div>\n<\/div><\/div>\n<\/div><\/div>\n<style class=\"advgb-styles-renderer\">.advgb-tabs-64813e8f-711b-4ddd-b5af-d5f9551d2402 ul.advgb-tabs-panel li.advgb-tab.advgb-tab-active {background-color:#5954d6 !important;color:#fff !important;}#advgb-tabs-64813e8f-711b-4ddd-b5af-d5f9551d2402 .advgb-tab-body-header.header-active, .advgb-tabs-64813e8f-711b-4ddd-b5af-d5f9551d2402 .advgb-tab-body-header.header-active{background-color:#5954d6 !important;color:#fff !important;}<\/style>","protected":false},"excerpt":{"rendered":"","protected":false},"author":1,"featured_media":1680,"parent":1243,"menu_order":0,"comment_status":"closed","ping_status":"closed","template":"templates\/product.php","meta":{"_acf_changed":false,"_coblocks_attr":"","_coblocks_dimensions":"","_coblocks_responsive_height":"","_coblocks_accordion_ie_support":"","_eb_attr":"","advgb_blocks_editor_width":"","advgb_blocks_columns_visual_guide":"","footnotes":""},"class_list":["post-982","page","type-page","status-publish","has-post-thumbnail","hentry"],"acf":[],"yoast_head":"<!-- This site is optimized with the Yoast SEO plugin v27.3 - https:\/\/yoast.com\/product\/yoast-seo-wordpress\/ -->\n<title>Basisausr\u00fcstung CHEMIE Kasten C1 - MEKRUPHY GmbH<\/title>\n<meta name=\"description\" content=\"Die Basisausr\u00fcstung CHEMIE enth\u00e4lt alle wichtigen Ger\u00e4te, die f\u00fcr die grundlegenden Sch\u00fclerexperimente im Chemieunterricht ben\u00f6tigt werden.\" \/>\n<meta name=\"robots\" content=\"index, follow, max-snippet:-1, max-image-preview:large, max-video-preview:-1\" \/>\n<link rel=\"canonical\" href=\"https:\/\/mekruphy.com\/de\/produkte\/chemie\/chemie-basisausruestung\/basisausruestung-chemie-kasten-c1\/\" \/>\n<meta property=\"og:locale\" content=\"de_DE\" \/>\n<meta property=\"og:type\" content=\"article\" \/>\n<meta property=\"og:title\" content=\"Basisausr\u00fcstung CHEMIE Kasten C1 - MEKRUPHY GmbH\" \/>\n<meta property=\"og:description\" content=\"Die Basisausr\u00fcstung CHEMIE enth\u00e4lt alle wichtigen Ger\u00e4te, die f\u00fcr die grundlegenden Sch\u00fclerexperimente im Chemieunterricht ben\u00f6tigt werden.\" \/>\n<meta property=\"og:url\" content=\"https:\/\/mekruphy.com\/de\/produkte\/chemie\/chemie-basisausruestung\/basisausruestung-chemie-kasten-c1\/\" \/>\n<meta property=\"og:site_name\" content=\"MEKRUPHY GmbH\" \/>\n<meta property=\"article:modified_time\" content=\"2022-05-31T14:45:42+00:00\" \/>\n<meta property=\"og:image\" content=\"https:\/\/mekruphy.com\/de\/wp-content\/uploads\/2020\/07\/CHEMIE-1.jpg\" \/>\n\t<meta property=\"og:image:width\" content=\"1800\" \/>\n\t<meta property=\"og:image:height\" content=\"1384\" \/>\n\t<meta property=\"og:image:type\" content=\"image\/jpeg\" \/>\n<meta name=\"twitter:card\" content=\"summary_large_image\" \/>\n<meta name=\"twitter:label1\" content=\"Gesch\u00e4tzte Lesezeit\" \/>\n\t<meta name=\"twitter:data1\" content=\"1\u00a0Minute\" \/>\n<script type=\"application\/ld+json\" class=\"yoast-schema-graph\">{\"@context\":\"https:\\\/\\\/schema.org\",\"@graph\":[{\"@type\":\"WebPage\",\"@id\":\"https:\\\/\\\/mekruphy.com\\\/de\\\/produkte\\\/chemie\\\/chemie-basisausruestung\\\/basisausruestung-chemie-kasten-c1\\\/\",\"url\":\"https:\\\/\\\/mekruphy.com\\\/de\\\/produkte\\\/chemie\\\/chemie-basisausruestung\\\/basisausruestung-chemie-kasten-c1\\\/\",\"name\":\"Basisausr\u00fcstung CHEMIE Kasten C1 - MEKRUPHY GmbH\",\"isPartOf\":{\"@id\":\"https:\\\/\\\/mekruphy.com\\\/de\\\/#website\"},\"primaryImageOfPage\":{\"@id\":\"https:\\\/\\\/mekruphy.com\\\/de\\\/produkte\\\/chemie\\\/chemie-basisausruestung\\\/basisausruestung-chemie-kasten-c1\\\/#primaryimage\"},\"image\":{\"@id\":\"https:\\\/\\\/mekruphy.com\\\/de\\\/produkte\\\/chemie\\\/chemie-basisausruestung\\\/basisausruestung-chemie-kasten-c1\\\/#primaryimage\"},\"thumbnailUrl\":\"https:\\\/\\\/mekruphy.com\\\/de\\\/wp-content\\\/uploads\\\/2020\\\/07\\\/CHEMIE-1.jpg\",\"datePublished\":\"2020-07-23T05:39:00+00:00\",\"dateModified\":\"2022-05-31T14:45:42+00:00\",\"description\":\"Die Basisausr\u00fcstung CHEMIE enth\u00e4lt alle wichtigen Ger\u00e4te, die f\u00fcr die grundlegenden Sch\u00fclerexperimente im Chemieunterricht ben\u00f6tigt werden.\",\"breadcrumb\":{\"@id\":\"https:\\\/\\\/mekruphy.com\\\/de\\\/produkte\\\/chemie\\\/chemie-basisausruestung\\\/basisausruestung-chemie-kasten-c1\\\/#breadcrumb\"},\"inLanguage\":\"de\",\"potentialAction\":[{\"@type\":\"ReadAction\",\"target\":[\"https:\\\/\\\/mekruphy.com\\\/de\\\/produkte\\\/chemie\\\/chemie-basisausruestung\\\/basisausruestung-chemie-kasten-c1\\\/\"]}]},{\"@type\":\"ImageObject\",\"inLanguage\":\"de\",\"@id\":\"https:\\\/\\\/mekruphy.com\\\/de\\\/produkte\\\/chemie\\\/chemie-basisausruestung\\\/basisausruestung-chemie-kasten-c1\\\/#primaryimage\",\"url\":\"https:\\\/\\\/mekruphy.com\\\/de\\\/wp-content\\\/uploads\\\/2020\\\/07\\\/CHEMIE-1.jpg\",\"contentUrl\":\"https:\\\/\\\/mekruphy.com\\\/de\\\/wp-content\\\/uploads\\\/2020\\\/07\\\/CHEMIE-1.jpg\",\"width\":1800,\"height\":1384,\"caption\":\"Kasten Chemie C1\"},{\"@type\":\"BreadcrumbList\",\"@id\":\"https:\\\/\\\/mekruphy.com\\\/de\\\/produkte\\\/chemie\\\/chemie-basisausruestung\\\/basisausruestung-chemie-kasten-c1\\\/#breadcrumb\",\"itemListElement\":[{\"@type\":\"ListItem\",\"position\":1,\"name\":\"Startseite\",\"item\":\"https:\\\/\\\/mekruphy.com\\\/de\\\/\"},{\"@type\":\"ListItem\",\"position\":2,\"name\":\"Produkte\",\"item\":\"https:\\\/\\\/mekruphy.com\\\/de\\\/produkte\\\/\"},{\"@type\":\"ListItem\",\"position\":3,\"name\":\"Chemie\",\"item\":\"https:\\\/\\\/mekruphy.com\\\/de\\\/produkte\\\/chemie\\\/\"},{\"@type\":\"ListItem\",\"position\":4,\"name\":\"Chemie Basisausr\u00fcstung\",\"item\":\"https:\\\/\\\/mekruphy.com\\\/de\\\/produkte\\\/chemie\\\/chemie-basisausruestung\\\/\"},{\"@type\":\"ListItem\",\"position\":5,\"name\":\"Basisausr\u00fcstung CHEMIE Kasten C1\"}]},{\"@type\":\"WebSite\",\"@id\":\"https:\\\/\\\/mekruphy.com\\\/de\\\/#website\",\"url\":\"https:\\\/\\\/mekruphy.com\\\/de\\\/\",\"name\":\"MEKRUPHY GmbH\",\"description\":\"Sch\u00fcler-Experimentierk\u00e4sten f\u00fcr den MINT-Unterricht\",\"potentialAction\":[{\"@type\":\"SearchAction\",\"target\":{\"@type\":\"EntryPoint\",\"urlTemplate\":\"https:\\\/\\\/mekruphy.com\\\/de\\\/?s={search_term_string}\"},\"query-input\":{\"@type\":\"PropertyValueSpecification\",\"valueRequired\":true,\"valueName\":\"search_term_string\"}}],\"inLanguage\":\"de\"}]}<\/script>\n<!-- \/ Yoast SEO plugin. -->","yoast_head_json":{"title":"Basisausr\u00fcstung CHEMIE Kasten C1 - MEKRUPHY GmbH","description":"Die Basisausr\u00fcstung CHEMIE enth\u00e4lt alle wichtigen Ger\u00e4te, die f\u00fcr die grundlegenden Sch\u00fclerexperimente im Chemieunterricht ben\u00f6tigt werden.","robots":{"index":"index","follow":"follow","max-snippet":"max-snippet:-1","max-image-preview":"max-image-preview:large","max-video-preview":"max-video-preview:-1"},"canonical":"https:\/\/mekruphy.com\/de\/produkte\/chemie\/chemie-basisausruestung\/basisausruestung-chemie-kasten-c1\/","og_locale":"de_DE","og_type":"article","og_title":"Basisausr\u00fcstung CHEMIE Kasten C1 - MEKRUPHY GmbH","og_description":"Die Basisausr\u00fcstung CHEMIE enth\u00e4lt alle wichtigen Ger\u00e4te, die f\u00fcr die grundlegenden Sch\u00fclerexperimente im Chemieunterricht ben\u00f6tigt werden.","og_url":"https:\/\/mekruphy.com\/de\/produkte\/chemie\/chemie-basisausruestung\/basisausruestung-chemie-kasten-c1\/","og_site_name":"MEKRUPHY GmbH","article_modified_time":"2022-05-31T14:45:42+00:00","og_image":[{"width":1800,"height":1384,"url":"https:\/\/mekruphy.com\/de\/wp-content\/uploads\/2020\/07\/CHEMIE-1.jpg","type":"image\/jpeg"}],"twitter_card":"summary_large_image","twitter_misc":{"Gesch\u00e4tzte Lesezeit":"1\u00a0Minute"},"schema":{"@context":"https:\/\/schema.org","@graph":[{"@type":"WebPage","@id":"https:\/\/mekruphy.com\/de\/produkte\/chemie\/chemie-basisausruestung\/basisausruestung-chemie-kasten-c1\/","url":"https:\/\/mekruphy.com\/de\/produkte\/chemie\/chemie-basisausruestung\/basisausruestung-chemie-kasten-c1\/","name":"Basisausr\u00fcstung CHEMIE Kasten C1 - MEKRUPHY GmbH","isPartOf":{"@id":"https:\/\/mekruphy.com\/de\/#website"},"primaryImageOfPage":{"@id":"https:\/\/mekruphy.com\/de\/produkte\/chemie\/chemie-basisausruestung\/basisausruestung-chemie-kasten-c1\/#primaryimage"},"image":{"@id":"https:\/\/mekruphy.com\/de\/produkte\/chemie\/chemie-basisausruestung\/basisausruestung-chemie-kasten-c1\/#primaryimage"},"thumbnailUrl":"https:\/\/mekruphy.com\/de\/wp-content\/uploads\/2020\/07\/CHEMIE-1.jpg","datePublished":"2020-07-23T05:39:00+00:00","dateModified":"2022-05-31T14:45:42+00:00","description":"Die Basisausr\u00fcstung CHEMIE enth\u00e4lt alle wichtigen Ger\u00e4te, die f\u00fcr die grundlegenden Sch\u00fclerexperimente im Chemieunterricht ben\u00f6tigt werden.","breadcrumb":{"@id":"https:\/\/mekruphy.com\/de\/produkte\/chemie\/chemie-basisausruestung\/basisausruestung-chemie-kasten-c1\/#breadcrumb"},"inLanguage":"de","potentialAction":[{"@type":"ReadAction","target":["https:\/\/mekruphy.com\/de\/produkte\/chemie\/chemie-basisausruestung\/basisausruestung-chemie-kasten-c1\/"]}]},{"@type":"ImageObject","inLanguage":"de","@id":"https:\/\/mekruphy.com\/de\/produkte\/chemie\/chemie-basisausruestung\/basisausruestung-chemie-kasten-c1\/#primaryimage","url":"https:\/\/mekruphy.com\/de\/wp-content\/uploads\/2020\/07\/CHEMIE-1.jpg","contentUrl":"https:\/\/mekruphy.com\/de\/wp-content\/uploads\/2020\/07\/CHEMIE-1.jpg","width":1800,"height":1384,"caption":"Kasten Chemie C1"},{"@type":"BreadcrumbList","@id":"https:\/\/mekruphy.com\/de\/produkte\/chemie\/chemie-basisausruestung\/basisausruestung-chemie-kasten-c1\/#breadcrumb","itemListElement":[{"@type":"ListItem","position":1,"name":"Startseite","item":"https:\/\/mekruphy.com\/de\/"},{"@type":"ListItem","position":2,"name":"Produkte","item":"https:\/\/mekruphy.com\/de\/produkte\/"},{"@type":"ListItem","position":3,"name":"Chemie","item":"https:\/\/mekruphy.com\/de\/produkte\/chemie\/"},{"@type":"ListItem","position":4,"name":"Chemie Basisausr\u00fcstung","item":"https:\/\/mekruphy.com\/de\/produkte\/chemie\/chemie-basisausruestung\/"},{"@type":"ListItem","position":5,"name":"Basisausr\u00fcstung CHEMIE Kasten C1"}]},{"@type":"WebSite","@id":"https:\/\/mekruphy.com\/de\/#website","url":"https:\/\/mekruphy.com\/de\/","name":"MEKRUPHY GmbH","description":"Sch\u00fcler-Experimentierk\u00e4sten f\u00fcr den MINT-Unterricht","potentialAction":[{"@type":"SearchAction","target":{"@type":"EntryPoint","urlTemplate":"https:\/\/mekruphy.com\/de\/?s={search_term_string}"},"query-input":{"@type":"PropertyValueSpecification","valueRequired":true,"valueName":"search_term_string"}}],"inLanguage":"de"}]}},"coauthors":[],"author_meta":{"author_link":"https:\/\/mekruphy.com\/de\/author\/mwbsca\/","display_name":"mwbscA"},"relative_dates":{"created":"Ver\u00f6ffentlicht 6\u00a0Jahren vor","modified":"Aktualisiert 4\u00a0Jahren vor"},"absolute_dates":{"created":"Ver\u00f6ffentlicht am 23. Juli 2020","modified":"Aktualisiert am 31. Mai 2022"},"absolute_dates_time":{"created":"Ver\u00f6ffentlicht am 23. Juli 2020 7:39","modified":"Aktualisiert am 31. Mai 2022 16:45"},"featured_img_caption":"","featured_img":"https:\/\/mekruphy.com\/de\/wp-content\/uploads\/2020\/07\/CHEMIE-1.jpg","series_order":"","_links":{"self":[{"href":"https:\/\/mekruphy.com\/de\/wp-json\/wp\/v2\/pages\/982","targetHints":{"allow":["GET"]}}],"collection":[{"href":"https:\/\/mekruphy.com\/de\/wp-json\/wp\/v2\/pages"}],"about":[{"href":"https:\/\/mekruphy.com\/de\/wp-json\/wp\/v2\/types\/page"}],"author":[{"embeddable":true,"href":"https:\/\/mekruphy.com\/de\/wp-json\/wp\/v2\/users\/1"}],"replies":[{"embeddable":true,"href":"https:\/\/mekruphy.com\/de\/wp-json\/wp\/v2\/comments?post=982"}],"version-history":[{"count":17,"href":"https:\/\/mekruphy.com\/de\/wp-json\/wp\/v2\/pages\/982\/revisions"}],"predecessor-version":[{"id":6583,"href":"https:\/\/mekruphy.com\/de\/wp-json\/wp\/v2\/pages\/982\/revisions\/6583"}],"up":[{"embeddable":true,"href":"https:\/\/mekruphy.com\/de\/wp-json\/wp\/v2\/pages\/1243"}],"wp:featuredmedia":[{"embeddable":true,"href":"https:\/\/mekruphy.com\/de\/wp-json\/wp\/v2\/media\/1680"}],"wp:attachment":[{"href":"https:\/\/mekruphy.com\/de\/wp-json\/wp\/v2\/media?parent=982"}],"curies":[{"name":"wp","href":"https:\/\/api.w.org\/{rel}","templated":true}]}}