{"id":986,"date":"2020-07-23T07:41:52","date_gmt":"2020-07-23T05:41:52","guid":{"rendered":"https:\/\/mekruphy.com\/de\/?page_id=986"},"modified":"2022-05-31T16:47:42","modified_gmt":"2022-05-31T14:47:42","slug":"basisausruestung-chemie-kasten-c2","status":"publish","type":"page","link":"https:\/\/mekruphy.com\/de\/produkte\/chemie\/chemie-basisausruestung\/basisausruestung-chemie-kasten-c2\/","title":{"rendered":"Basisausr\u00fcstung CHEMIE Kasten C2"},"content":{"rendered":"<div class=\"yoast-breadcrumbs breadcrumbs-indented\"><span><span><a href=\"https:\/\/mekruphy.com\/de\/\">Startseite<\/a><\/span> \u00bb <span><a href=\"https:\/\/mekruphy.com\/de\/produkte\/\">Produkte<\/a><\/span> \u00bb <span><a href=\"https:\/\/mekruphy.com\/de\/produkte\/chemie\/\">Chemie<\/a><\/span> \u00bb <span><a href=\"https:\/\/mekruphy.com\/de\/produkte\/chemie\/chemie-basisausruestung\/\">Chemie Basisausr\u00fcstung<\/a><\/span> \u00bb <span class=\"breadcrumb_last\" aria-current=\"page\">Basisausr\u00fcstung CHEMIE Kasten C2<\/span><\/span><\/div>\n\n\n<div class=\"wp-block-advgb-adv-tabs advgb-tabs-wrapper advgb-tab-horz-desktop advgb-tab-vert-tablet advgb-tab-stack-mobile advgb-tabs-2fd21cdf-bf84-4a24-b0a3-8511f500d1b1\" data-tab-active=\"0\"><ul class=\"advgb-tabs-panel\"><li class=\"advgb-tab\" style=\"background-color:#e0e0e0;border-style:solid;border-width:1px;border-radius:10px\"><a id=\"\" href=\"#advgb-tabs-tab0\" style=\"color:#fff\"><span>Beschreibung<\/span><\/a><\/li><li class=\"advgb-tab\" style=\"background-color:#e0e0e0;border-style:solid;border-width:1px;border-radius:10px\"><a id=\"\" href=\"#advgb-tabs-tab1\" style=\"color:#fff\"><span>Lieferumfang<\/span><\/a><\/li><li class=\"advgb-tab\" style=\"background-color:#e0e0e0;border-style:solid;border-width:1px;border-radius:10px\"><a id=\"\" href=\"#advgb-tabs-tab2\" style=\"color:#fff\"><span>Bilder<\/span><\/a><\/li><\/ul><div class=\"advgb-tab-body-wrapper\" style=\"border-style:solid;border-width:1px;border-radius:10px\">\n<div class=\"wp-block-advgb-tab advgb-tab-body-container\"><div class=\"advgb-tab-body-header advgb-tab-class-undefined\">Beschreibung<\/div><div class=\"advgb-tab-_8e0be8-8f advgb-tab-body\" aria-labelledby=\"advgb-tabs-tab0\">\n<h2 class=\"wp-block-heading\" id=\"vielfaltige-glasgerate\">Vielf\u00e4ltige Glasger\u00e4te&nbsp;<\/h2>\n\n\n\n<p>Der Basiskasten CHEMIE C2 h\u00e4lt f\u00fcr die Sch\u00fclerinnen und Sch\u00fcler eine Vielfalt an Glasger\u00e4ten bereit:\u00a0<\/p>\n\n\n\n<ul class=\"wp-block-list\"><li>Petrischalen&nbsp;&nbsp;<\/li><li>Erlenmeyerkolben und Glastrichter&nbsp;<\/li><li>Bechergl\u00e4sern in drei unterschiedlichen Gr\u00f6\u00dfen sowie&nbsp;&nbsp;<\/li><li>vier verschiedene Arten von Reagenzgl\u00e4sern&nbsp;<\/li><\/ul>\n\n\n\n<p>Zudem ist der Kasten als Erg\u00e4nzung zur <a href=\"https:\/\/mekruphy.com\/de\/produkte\/chemie\/chemie-basisausruestung\/basisausruestung-chemie-kasten-c1\/\">Basisausr\u00fcstung CHEMIE Kasten C1<\/a> zu verstehen, in dem bereits Uhrgl\u00e4ser, Kobaltgl\u00e4ser, Pipetten und Messzylinder zu finden sind.\u00a0W\u00e4hrend des Experimentierens\u00a0kann der Kasten C2 auf den Kasten C1 oder einen der Spezialk\u00e4sten gestapelt werden. So bleibt auf dem Tisch\u00a0ausreichend\u00a0Platz zum Experimentieren und Schreiben.\u00a0<\/p>\n\n\n\n<h3 class=\"wp-block-heading\" id=\"speziell-entwickelter-reagenzglasstander\">Speziell entwickelter Reagenzglasst\u00e4nder&nbsp;<\/h3>\n\n\n\n<p>Neben Standardger\u00e4ten enth\u00e4lt der Experimentierkasten C2\u00a0auch spezielle\u00a0MEKRUPHY-Entwicklungen wie den Reagenzglasst\u00e4nder aus pulverbeschichtetem Aluminium.\u00a0Seine\u00a0Vorteile:\u00a0<\/p>\n\n\n\n<ul class=\"wp-block-list\"><li>der&nbsp;Schwerpunkt liegt so tief, dass ein Umkippen&nbsp;nahezu&nbsp;unm\u00f6glich ist&nbsp;<\/li><li>der&nbsp;St\u00e4nder&nbsp;kann&nbsp;f\u00fcnf normale, ein gro\u00dfes und zwei kleine Reagenzgl\u00e4ser aufnehmen&nbsp;<\/li><li>er ist&nbsp;extrem hitzebest\u00e4ndig und gut zu reinigen&nbsp;<\/li><\/ul>\n\n\n\n<h3 class=\"wp-block-heading\" id=\"h-begleitmaterialien\">Begleitmaterialien<\/h3>\n\n\n\n<p>Passend zur Basisausstattung (CHEMIE 1 und CHEMIE 2) gibt es eine Reihe von <a href=\"https:\/\/mekruphy.com\/de\/produkte\/chemie\/chemie-arbeitshefte\/\">Sch\u00fclerheften<\/a> zu verschiedenen Themen aus der Chemie.<\/p>\n<\/div><\/div>\n\n\n\n<div class=\"wp-block-advgb-tab advgb-tab-body-container\"><div class=\"advgb-tab-body-header advgb-tab-class-undefined\">Lieferumfang<\/div><div class=\"advgb-tab-_119fb8-43 advgb-tab-body\" aria-labelledby=\"advgb-tabs-tab1\">\n<figure class=\"wp-block-table table-product-contents\"><table><tbody><tr><td>01.01.10<\/td><td>Aufbewahrungskasten<\/td><\/tr><tr><td>21.02.00<\/td><td>Ger\u00e4tegeformter Einsatz C2<\/td><\/tr><tr><td>24.03.00<\/td><td>Becherglas 25 ml BORO<\/td><\/tr><tr><td>21.04.00<\/td><td>Becherglas 250 ml BORO<\/td><\/tr><tr><td>21.05.00<\/td><td>Becherglas 150 ml BORO<\/td><\/tr><tr><td>21.06.00<\/td><td>Erlenmeyerkolben C2<\/td><\/tr><tr><td>21.07.00<\/td><td>Glastrichter<\/td><\/tr><tr><td>21.08.10<\/td><td>Reagenzglas 12 x 100 mm BORO (2 St\u00fcck)<\/td><\/tr><tr><td>21.08.20<\/td><td>Reagenzglas 16 x 160 mm BORO (5 St\u00fcck)<\/td><\/tr><tr><td>21.08.30<\/td><td>Reagenzglas schwer schmelzbar<\/td><\/tr><tr><td>21.09.00<\/td><td>Reagenzglas mit Stutzen<\/td><\/tr><tr><td>11.10.00<\/td><td>Glasplatte EN (2 St\u00fcck)<\/td><\/tr><tr><td>21.11.00<\/td><td>M\u00f6rser \u00d8 80 mm<\/td><\/tr><tr><td>21.12.00<\/td><td>Pistill<\/td><\/tr><tr><td>21.13.00<\/td><td>Schutzbrille Vollsicht (2 St\u00fcck)<\/td><\/tr><tr><td>21.14.00<\/td><td>100er Pack Rundfilter \u00d8 150 mm<\/td><\/tr><tr><td>21.15.00<\/td><td>Universalindikatorpapier<\/td><\/tr><tr><td>21.16.00<\/td><td>Reagenzglasst\u00e4nder Aluminium<\/td><\/tr><tr><td>21.17.00<\/td><td>Glycerin in Tropfflasche<\/td><\/tr><tr><td>21.18.00<\/td><td>Glasrohr gerade 80 mm<\/td><\/tr><tr><td>21.19.00<\/td><td>Spritzflasche<\/td><\/tr><tr><td>21.20.00<\/td><td>Petrischale \u00d8 80 mm mit Deckel<\/td><\/tr><\/tbody><\/table><\/figure>\n<\/div><\/div>\n\n\n\n<div class=\"wp-block-advgb-tab advgb-tab-body-container\"><div class=\"advgb-tab-body-header advgb-tab-class-undefined\">Bilder<\/div><div class=\"advgb-tab-_6ec6a1-e6 advgb-tab-body\" aria-labelledby=\"advgb-tabs-tab2\">\n<div class=\"wp-block-image\"><figure class=\"aligncenter size-large is-resized\"><img loading=\"lazy\" decoding=\"async\" src=\"https:\/\/mekruphy.com\/de\/wp-content\/uploads\/2021\/03\/C2_1.png\" alt=\"Glaskolben Chemie - MEKRUPHY\" class=\"wp-image-3166\" width=\"510\" height=\"400\" srcset=\"https:\/\/mekruphy.com\/de\/wp-content\/uploads\/2021\/03\/C2_1.png 691w, https:\/\/mekruphy.com\/de\/wp-content\/uploads\/2021\/03\/C2_1-300x236.png 300w\" sizes=\"auto, (max-width: 510px) 100vw, 510px\" \/><\/figure><\/div>\n\n\n\n<p>&nbsp;<\/p>\n\n\n\n<div class=\"wp-block-image\"><figure class=\"aligncenter size-large is-resized\"><img loading=\"lazy\" decoding=\"async\" src=\"https:\/\/mekruphy.com\/de\/wp-content\/uploads\/2021\/03\/C2_3.png\" alt=\"Rundfilter Chemie 2\" class=\"wp-image-3203\" width=\"750\" height=\"403\" srcset=\"https:\/\/mekruphy.com\/de\/wp-content\/uploads\/2021\/03\/C2_3.png 851w, https:\/\/mekruphy.com\/de\/wp-content\/uploads\/2021\/03\/C2_3-300x161.png 300w, https:\/\/mekruphy.com\/de\/wp-content\/uploads\/2021\/03\/C2_3-768x412.png 768w\" sizes=\"auto, (max-width: 750px) 100vw, 750px\" \/><\/figure><\/div>\n\n\n\n<p>&nbsp;<\/p>\n\n\n\n<div class=\"wp-block-image\"><figure class=\"aligncenter size-large is-resized\"><img loading=\"lazy\" decoding=\"async\" src=\"https:\/\/mekruphy.com\/de\/wp-content\/uploads\/2021\/03\/C2_4.png\" alt=\"Reagenzgl\u00e4ser C2 - MEKRUPHY\" class=\"wp-image-3200\" width=\"510\" height=\"521\" srcset=\"https:\/\/mekruphy.com\/de\/wp-content\/uploads\/2021\/03\/C2_4.png 631w, https:\/\/mekruphy.com\/de\/wp-content\/uploads\/2021\/03\/C2_4-294x300.png 294w\" sizes=\"auto, (max-width: 510px) 100vw, 510px\" \/><\/figure><\/div>\n\n\n\n<p>&nbsp;<\/p>\n\n\n\n<div class=\"wp-block-image\"><figure class=\"aligncenter size-large is-resized\"><img loading=\"lazy\" decoding=\"async\" src=\"https:\/\/mekruphy.com\/de\/wp-content\/uploads\/2021\/03\/C1_1.png\" alt=\"Sch\u00fclerexperiment Chemie C2 \" class=\"wp-image-3164\" width=\"510\" height=\"519\" srcset=\"https:\/\/mekruphy.com\/de\/wp-content\/uploads\/2021\/03\/C1_1.png 657w, https:\/\/mekruphy.com\/de\/wp-content\/uploads\/2021\/03\/C1_1-295x300.png 295w\" sizes=\"auto, (max-width: 510px) 100vw, 510px\" \/><\/figure><\/div>\n\n\n\n<p>&nbsp;<\/p>\n\n\n\n<div class=\"wp-block-image\"><figure class=\"aligncenter size-large is-resized\"><img loading=\"lazy\" decoding=\"async\" src=\"https:\/\/mekruphy.com\/de\/wp-content\/uploads\/2021\/03\/C1_2.png\" alt=\"Sch\u00fclerversuch Chemie C2\" class=\"wp-image-3165\" width=\"510\" height=\"934\" srcset=\"https:\/\/mekruphy.com\/de\/wp-content\/uploads\/2021\/03\/C1_2.png 425w, https:\/\/mekruphy.com\/de\/wp-content\/uploads\/2021\/03\/C1_2-164x300.png 164w\" sizes=\"auto, (max-width: 510px) 100vw, 510px\" \/><\/figure><\/div>\n<\/div><\/div>\n<\/div><\/div>\n\n\n\n<p><\/p>\n<style class=\"advgb-styles-renderer\">.advgb-tabs-2fd21cdf-bf84-4a24-b0a3-8511f500d1b1 ul.advgb-tabs-panel li.advgb-tab.advgb-tab-active {background-color:#5954d6 !important;color:#fff !important;}#advgb-tabs-2fd21cdf-bf84-4a24-b0a3-8511f500d1b1 .advgb-tab-body-header.header-active, .advgb-tabs-2fd21cdf-bf84-4a24-b0a3-8511f500d1b1 .advgb-tab-body-header.header-active{background-color:#5954d6 !important;color:#fff !important;}<\/style>","protected":false},"excerpt":{"rendered":"","protected":false},"author":1,"featured_media":2259,"parent":1243,"menu_order":0,"comment_status":"closed","ping_status":"closed","template":"templates\/product.php","meta":{"_acf_changed":false,"_coblocks_attr":"","_coblocks_dimensions":"","_coblocks_responsive_height":"","_coblocks_accordion_ie_support":"","_eb_attr":"","advgb_blocks_editor_width":"","advgb_blocks_columns_visual_guide":"","footnotes":""},"class_list":["post-986","page","type-page","status-publish","has-post-thumbnail","hentry"],"acf":[],"yoast_head":"<!-- This site is optimized with the Yoast SEO plugin v27.3 - https:\/\/yoast.com\/product\/yoast-seo-wordpress\/ -->\n<title>Basisausr\u00fcstung CHEMIE Kasten C2 - MEKRUPHY GmbH<\/title>\n<meta name=\"description\" content=\"Der Basiskasten C2 h\u00e4lt f\u00fcr die Sch\u00fclerinnen und Sch\u00fcler eine Vielfalt an Glasger\u00e4ten bereit und versteht sich als Erg\u00e4nzung zum Kasten C1.\" \/>\n<meta name=\"robots\" content=\"index, follow, max-snippet:-1, max-image-preview:large, max-video-preview:-1\" \/>\n<link rel=\"canonical\" href=\"https:\/\/mekruphy.com\/de\/produkte\/chemie\/chemie-basisausruestung\/basisausruestung-chemie-kasten-c2\/\" \/>\n<meta property=\"og:locale\" content=\"de_DE\" \/>\n<meta property=\"og:type\" content=\"article\" \/>\n<meta property=\"og:title\" content=\"Basisausr\u00fcstung CHEMIE Kasten C2 - MEKRUPHY GmbH\" \/>\n<meta property=\"og:description\" content=\"Der Basiskasten C2 h\u00e4lt f\u00fcr die Sch\u00fclerinnen und Sch\u00fcler eine Vielfalt an Glasger\u00e4ten bereit und versteht sich als Erg\u00e4nzung zum Kasten C1.\" \/>\n<meta property=\"og:url\" content=\"https:\/\/mekruphy.com\/de\/produkte\/chemie\/chemie-basisausruestung\/basisausruestung-chemie-kasten-c2\/\" \/>\n<meta property=\"og:site_name\" content=\"MEKRUPHY GmbH\" \/>\n<meta property=\"article:modified_time\" content=\"2022-05-31T14:47:42+00:00\" \/>\n<meta property=\"og:image\" content=\"https:\/\/mekruphy.com\/de\/wp-content\/uploads\/2020\/08\/Kasten-Chemie-C2.jpg\" \/>\n\t<meta property=\"og:image:width\" content=\"1800\" \/>\n\t<meta property=\"og:image:height\" content=\"1412\" \/>\n\t<meta property=\"og:image:type\" content=\"image\/jpeg\" \/>\n<meta name=\"twitter:card\" content=\"summary_large_image\" \/>\n<meta name=\"twitter:label1\" content=\"Gesch\u00e4tzte Lesezeit\" \/>\n\t<meta name=\"twitter:data1\" content=\"2\u00a0Minuten\" \/>\n<script type=\"application\/ld+json\" class=\"yoast-schema-graph\">{\"@context\":\"https:\\\/\\\/schema.org\",\"@graph\":[{\"@type\":\"WebPage\",\"@id\":\"https:\\\/\\\/mekruphy.com\\\/de\\\/produkte\\\/chemie\\\/chemie-basisausruestung\\\/basisausruestung-chemie-kasten-c2\\\/\",\"url\":\"https:\\\/\\\/mekruphy.com\\\/de\\\/produkte\\\/chemie\\\/chemie-basisausruestung\\\/basisausruestung-chemie-kasten-c2\\\/\",\"name\":\"Basisausr\u00fcstung CHEMIE Kasten C2 - MEKRUPHY GmbH\",\"isPartOf\":{\"@id\":\"https:\\\/\\\/mekruphy.com\\\/de\\\/#website\"},\"primaryImageOfPage\":{\"@id\":\"https:\\\/\\\/mekruphy.com\\\/de\\\/produkte\\\/chemie\\\/chemie-basisausruestung\\\/basisausruestung-chemie-kasten-c2\\\/#primaryimage\"},\"image\":{\"@id\":\"https:\\\/\\\/mekruphy.com\\\/de\\\/produkte\\\/chemie\\\/chemie-basisausruestung\\\/basisausruestung-chemie-kasten-c2\\\/#primaryimage\"},\"thumbnailUrl\":\"https:\\\/\\\/mekruphy.com\\\/de\\\/wp-content\\\/uploads\\\/2020\\\/08\\\/Kasten-Chemie-C2.jpg\",\"datePublished\":\"2020-07-23T05:41:52+00:00\",\"dateModified\":\"2022-05-31T14:47:42+00:00\",\"description\":\"Der Basiskasten C2 h\u00e4lt f\u00fcr die Sch\u00fclerinnen und Sch\u00fcler eine Vielfalt an Glasger\u00e4ten bereit und versteht sich als Erg\u00e4nzung zum Kasten C1.\",\"breadcrumb\":{\"@id\":\"https:\\\/\\\/mekruphy.com\\\/de\\\/produkte\\\/chemie\\\/chemie-basisausruestung\\\/basisausruestung-chemie-kasten-c2\\\/#breadcrumb\"},\"inLanguage\":\"de\",\"potentialAction\":[{\"@type\":\"ReadAction\",\"target\":[\"https:\\\/\\\/mekruphy.com\\\/de\\\/produkte\\\/chemie\\\/chemie-basisausruestung\\\/basisausruestung-chemie-kasten-c2\\\/\"]}]},{\"@type\":\"ImageObject\",\"inLanguage\":\"de\",\"@id\":\"https:\\\/\\\/mekruphy.com\\\/de\\\/produkte\\\/chemie\\\/chemie-basisausruestung\\\/basisausruestung-chemie-kasten-c2\\\/#primaryimage\",\"url\":\"https:\\\/\\\/mekruphy.com\\\/de\\\/wp-content\\\/uploads\\\/2020\\\/08\\\/Kasten-Chemie-C2.jpg\",\"contentUrl\":\"https:\\\/\\\/mekruphy.com\\\/de\\\/wp-content\\\/uploads\\\/2020\\\/08\\\/Kasten-Chemie-C2.jpg\",\"width\":1800,\"height\":1412},{\"@type\":\"BreadcrumbList\",\"@id\":\"https:\\\/\\\/mekruphy.com\\\/de\\\/produkte\\\/chemie\\\/chemie-basisausruestung\\\/basisausruestung-chemie-kasten-c2\\\/#breadcrumb\",\"itemListElement\":[{\"@type\":\"ListItem\",\"position\":1,\"name\":\"Startseite\",\"item\":\"https:\\\/\\\/mekruphy.com\\\/de\\\/\"},{\"@type\":\"ListItem\",\"position\":2,\"name\":\"Produkte\",\"item\":\"https:\\\/\\\/mekruphy.com\\\/de\\\/produkte\\\/\"},{\"@type\":\"ListItem\",\"position\":3,\"name\":\"Chemie\",\"item\":\"https:\\\/\\\/mekruphy.com\\\/de\\\/produkte\\\/chemie\\\/\"},{\"@type\":\"ListItem\",\"position\":4,\"name\":\"Chemie Basisausr\u00fcstung\",\"item\":\"https:\\\/\\\/mekruphy.com\\\/de\\\/produkte\\\/chemie\\\/chemie-basisausruestung\\\/\"},{\"@type\":\"ListItem\",\"position\":5,\"name\":\"Basisausr\u00fcstung CHEMIE Kasten C2\"}]},{\"@type\":\"WebSite\",\"@id\":\"https:\\\/\\\/mekruphy.com\\\/de\\\/#website\",\"url\":\"https:\\\/\\\/mekruphy.com\\\/de\\\/\",\"name\":\"MEKRUPHY GmbH\",\"description\":\"Sch\u00fcler-Experimentierk\u00e4sten f\u00fcr den MINT-Unterricht\",\"potentialAction\":[{\"@type\":\"SearchAction\",\"target\":{\"@type\":\"EntryPoint\",\"urlTemplate\":\"https:\\\/\\\/mekruphy.com\\\/de\\\/?s={search_term_string}\"},\"query-input\":{\"@type\":\"PropertyValueSpecification\",\"valueRequired\":true,\"valueName\":\"search_term_string\"}}],\"inLanguage\":\"de\"}]}<\/script>\n<!-- \/ Yoast SEO plugin. -->","yoast_head_json":{"title":"Basisausr\u00fcstung CHEMIE Kasten C2 - MEKRUPHY GmbH","description":"Der Basiskasten C2 h\u00e4lt f\u00fcr die Sch\u00fclerinnen und Sch\u00fcler eine Vielfalt an Glasger\u00e4ten bereit und versteht sich als Erg\u00e4nzung zum Kasten C1.","robots":{"index":"index","follow":"follow","max-snippet":"max-snippet:-1","max-image-preview":"max-image-preview:large","max-video-preview":"max-video-preview:-1"},"canonical":"https:\/\/mekruphy.com\/de\/produkte\/chemie\/chemie-basisausruestung\/basisausruestung-chemie-kasten-c2\/","og_locale":"de_DE","og_type":"article","og_title":"Basisausr\u00fcstung CHEMIE Kasten C2 - MEKRUPHY GmbH","og_description":"Der Basiskasten C2 h\u00e4lt f\u00fcr die Sch\u00fclerinnen und Sch\u00fcler eine Vielfalt an Glasger\u00e4ten bereit und versteht sich als Erg\u00e4nzung zum Kasten C1.","og_url":"https:\/\/mekruphy.com\/de\/produkte\/chemie\/chemie-basisausruestung\/basisausruestung-chemie-kasten-c2\/","og_site_name":"MEKRUPHY GmbH","article_modified_time":"2022-05-31T14:47:42+00:00","og_image":[{"width":1800,"height":1412,"url":"https:\/\/mekruphy.com\/de\/wp-content\/uploads\/2020\/08\/Kasten-Chemie-C2.jpg","type":"image\/jpeg"}],"twitter_card":"summary_large_image","twitter_misc":{"Gesch\u00e4tzte Lesezeit":"2\u00a0Minuten"},"schema":{"@context":"https:\/\/schema.org","@graph":[{"@type":"WebPage","@id":"https:\/\/mekruphy.com\/de\/produkte\/chemie\/chemie-basisausruestung\/basisausruestung-chemie-kasten-c2\/","url":"https:\/\/mekruphy.com\/de\/produkte\/chemie\/chemie-basisausruestung\/basisausruestung-chemie-kasten-c2\/","name":"Basisausr\u00fcstung CHEMIE Kasten C2 - MEKRUPHY GmbH","isPartOf":{"@id":"https:\/\/mekruphy.com\/de\/#website"},"primaryImageOfPage":{"@id":"https:\/\/mekruphy.com\/de\/produkte\/chemie\/chemie-basisausruestung\/basisausruestung-chemie-kasten-c2\/#primaryimage"},"image":{"@id":"https:\/\/mekruphy.com\/de\/produkte\/chemie\/chemie-basisausruestung\/basisausruestung-chemie-kasten-c2\/#primaryimage"},"thumbnailUrl":"https:\/\/mekruphy.com\/de\/wp-content\/uploads\/2020\/08\/Kasten-Chemie-C2.jpg","datePublished":"2020-07-23T05:41:52+00:00","dateModified":"2022-05-31T14:47:42+00:00","description":"Der Basiskasten C2 h\u00e4lt f\u00fcr die Sch\u00fclerinnen und Sch\u00fcler eine Vielfalt an Glasger\u00e4ten bereit und versteht sich als Erg\u00e4nzung zum Kasten C1.","breadcrumb":{"@id":"https:\/\/mekruphy.com\/de\/produkte\/chemie\/chemie-basisausruestung\/basisausruestung-chemie-kasten-c2\/#breadcrumb"},"inLanguage":"de","potentialAction":[{"@type":"ReadAction","target":["https:\/\/mekruphy.com\/de\/produkte\/chemie\/chemie-basisausruestung\/basisausruestung-chemie-kasten-c2\/"]}]},{"@type":"ImageObject","inLanguage":"de","@id":"https:\/\/mekruphy.com\/de\/produkte\/chemie\/chemie-basisausruestung\/basisausruestung-chemie-kasten-c2\/#primaryimage","url":"https:\/\/mekruphy.com\/de\/wp-content\/uploads\/2020\/08\/Kasten-Chemie-C2.jpg","contentUrl":"https:\/\/mekruphy.com\/de\/wp-content\/uploads\/2020\/08\/Kasten-Chemie-C2.jpg","width":1800,"height":1412},{"@type":"BreadcrumbList","@id":"https:\/\/mekruphy.com\/de\/produkte\/chemie\/chemie-basisausruestung\/basisausruestung-chemie-kasten-c2\/#breadcrumb","itemListElement":[{"@type":"ListItem","position":1,"name":"Startseite","item":"https:\/\/mekruphy.com\/de\/"},{"@type":"ListItem","position":2,"name":"Produkte","item":"https:\/\/mekruphy.com\/de\/produkte\/"},{"@type":"ListItem","position":3,"name":"Chemie","item":"https:\/\/mekruphy.com\/de\/produkte\/chemie\/"},{"@type":"ListItem","position":4,"name":"Chemie Basisausr\u00fcstung","item":"https:\/\/mekruphy.com\/de\/produkte\/chemie\/chemie-basisausruestung\/"},{"@type":"ListItem","position":5,"name":"Basisausr\u00fcstung CHEMIE Kasten C2"}]},{"@type":"WebSite","@id":"https:\/\/mekruphy.com\/de\/#website","url":"https:\/\/mekruphy.com\/de\/","name":"MEKRUPHY GmbH","description":"Sch\u00fcler-Experimentierk\u00e4sten f\u00fcr den MINT-Unterricht","potentialAction":[{"@type":"SearchAction","target":{"@type":"EntryPoint","urlTemplate":"https:\/\/mekruphy.com\/de\/?s={search_term_string}"},"query-input":{"@type":"PropertyValueSpecification","valueRequired":true,"valueName":"search_term_string"}}],"inLanguage":"de"}]}},"coauthors":[],"author_meta":{"author_link":"https:\/\/mekruphy.com\/de\/author\/mwbsca\/","display_name":"mwbscA"},"relative_dates":{"created":"Ver\u00f6ffentlicht 6\u00a0Jahren vor","modified":"Aktualisiert 4\u00a0Jahren vor"},"absolute_dates":{"created":"Ver\u00f6ffentlicht am 23. Juli 2020","modified":"Aktualisiert am 31. Mai 2022"},"absolute_dates_time":{"created":"Ver\u00f6ffentlicht am 23. Juli 2020 7:41","modified":"Aktualisiert am 31. Mai 2022 16:47"},"featured_img_caption":"","featured_img":"https:\/\/mekruphy.com\/de\/wp-content\/uploads\/2020\/08\/Kasten-Chemie-C2.jpg","series_order":"","_links":{"self":[{"href":"https:\/\/mekruphy.com\/de\/wp-json\/wp\/v2\/pages\/986","targetHints":{"allow":["GET"]}}],"collection":[{"href":"https:\/\/mekruphy.com\/de\/wp-json\/wp\/v2\/pages"}],"about":[{"href":"https:\/\/mekruphy.com\/de\/wp-json\/wp\/v2\/types\/page"}],"author":[{"embeddable":true,"href":"https:\/\/mekruphy.com\/de\/wp-json\/wp\/v2\/users\/1"}],"replies":[{"embeddable":true,"href":"https:\/\/mekruphy.com\/de\/wp-json\/wp\/v2\/comments?post=986"}],"version-history":[{"count":17,"href":"https:\/\/mekruphy.com\/de\/wp-json\/wp\/v2\/pages\/986\/revisions"}],"predecessor-version":[{"id":6584,"href":"https:\/\/mekruphy.com\/de\/wp-json\/wp\/v2\/pages\/986\/revisions\/6584"}],"up":[{"embeddable":true,"href":"https:\/\/mekruphy.com\/de\/wp-json\/wp\/v2\/pages\/1243"}],"wp:featuredmedia":[{"embeddable":true,"href":"https:\/\/mekruphy.com\/de\/wp-json\/wp\/v2\/media\/2259"}],"wp:attachment":[{"href":"https:\/\/mekruphy.com\/de\/wp-json\/wp\/v2\/media?parent=986"}],"curies":[{"name":"wp","href":"https:\/\/api.w.org\/{rel}","templated":true}]}}